{"id":24606,"date":"2024-06-24T08:28:00","date_gmt":"2024-06-24T08:28:00","guid":{"rendered":"https:\/\/lightsteelblue-zebra-299715.hostingersite.com\/?post_type=product&#038;p=24606"},"modified":"2024-06-24T08:28:00","modified_gmt":"2024-06-24T08:28:00","slug":"bird-drinker","status":"publish","type":"product","link":"https:\/\/zoo-land.az\/az\/shop\/birdss\/birds-accesories\/bird-drinker\/","title":{"rendered":"Qu\u015f i\u00e7\u0259n"},"content":{"rendered":"<ul class=\"a-unordered-list a-vertical a-spacing-mini\">\n<li class=\"a-spacing-mini\"><span class=\"a-list-item\">Automatic Drinker: Bird drinkers are designed to be automatic, ensuring a continuous supply of food or water without worrying about your bird friends being thirsty.<\/span><\/li>\n<li class=\"a-spacing-mini\"><span class=\"a-list-item\">No Odor: Compared to traditional water bottles and bowls, our bird water dispensers produce no odor, providing your pet with a more comfortable and hygienic drinking experience.<\/span><\/li>\n<li class=\"a-spacing-mini\"><span class=\"a-list-item\">Appropriate Size: The size of the bird drinker is about 11.5 x 4 x 4 c \/ 4.52 x 1.57 x 1.57 in. Simply fill the bottle with water or food, put the lid on, and after a quick flip, place it in or out of the cage.<\/span><\/li>\n<li class=\"a-spacing-mini\"><span class=\"a-list-item\">Stable Drinker: The drinking fountain can be fixed with the birdcage or suspended in the birdcage. Automatic feeders can be used to hold food or water to prevent birds from accidentally dumping food or water bowls.<\/span><\/li>\n<li class=\"a-spacing-mini\"><span class=\"a-list-item\">Widely Applicable: The bird drinker is suitable for cages with 1-1.5c cage wire spacing, and the capacity is about 200ml. Bird drinkers are designed for a wide variety of birds and are easy to eat or drink.<\/span><\/li>\n<\/ul>","protected":false},"excerpt":{"rendered":"<p><span class=\"a-list-item\">The bird drinker is suitable for cages with 1-1.5c cage wire spacing, and the capacity is about 200ml. Bird drinkers are designed for a wide variety of birds and are easy to eat or drink.<\/span><\/p>","protected":false},"featured_media":24611,"template":"","meta":{"inline_featured_image":false,"_joinchat":[]},"product_cat":[240,234],"product_tag":[],"class_list":{"0":"post-24606","1":"product","2":"type-product","3":"status-publish","4":"has-post-thumbnail","6":"product_brand-brand-1","7":"product_cat-birds-accesories","8":"product_cat-birdss","10":"first","11":"instock","12":"shipping-taxable","13":"purchasable","14":"product-type-simple"},"yoast_head":"<!-- This site is optimized with the Yoast SEO plugin v27.4 - https:\/\/yoast.com\/product\/yoast-seo-wordpress\/ -->\n<title>Bird drinker - Zooland.az<\/title>\n<meta name=\"robots\" content=\"index, follow, max-snippet:-1, max-image-preview:large, max-video-preview:-1\" \/>\n<link rel=\"canonical\" href=\"https:\/\/zoo-land.az\/az\/shop\/birdss\/birds-accesories\/bird-drinker\/\" \/>\n<meta property=\"og:locale\" content=\"az_AZ\" \/>\n<meta property=\"og:type\" content=\"article\" \/>\n<meta property=\"og:title\" content=\"Bird drinker - Zooland.az\" \/>\n<meta property=\"og:description\" content=\"The bird drinker is suitable for cages with 1-1.5c cage wire spacing, and the capacity is about 200ml. Bird drinkers are designed for a wide variety of birds and are easy to eat or drink.\" \/>\n<meta property=\"og:url\" content=\"https:\/\/zoo-land.az\/az\/shop\/birdss\/birds-accesories\/bird-drinker\/\" \/>\n<meta property=\"og:site_name\" content=\"Zooland.az\" \/>\n<meta property=\"og:image\" content=\"https:\/\/zoo-land.az\/wp-content\/uploads\/2024\/06\/4108NFcbYL._AC_SL1500_.jpg\" \/>\n\t<meta property=\"og:image:width\" content=\"751\" \/>\n\t<meta property=\"og:image:height\" content=\"1423\" \/>\n\t<meta property=\"og:image:type\" content=\"image\/jpeg\" \/>\n<meta name=\"twitter:card\" content=\"summary_large_image\" \/>\n<meta name=\"twitter:label1\" content=\"Est. reading time\" \/>\n\t<meta name=\"twitter:data1\" content=\"1 minute\" \/>\n<script type=\"application\/ld+json\" class=\"yoast-schema-graph\">{\"@context\":\"https:\\\/\\\/schema.org\",\"@graph\":[{\"@type\":\"WebPage\",\"@id\":\"https:\\\/\\\/zoo-land.az\\\/shop\\\/birdss\\\/birds-accesories\\\/bird-drinker\\\/\",\"url\":\"https:\\\/\\\/zoo-land.az\\\/shop\\\/birdss\\\/birds-accesories\\\/bird-drinker\\\/\",\"name\":\"Bird drinker - Zooland.az\",\"isPartOf\":{\"@id\":\"https:\\\/\\\/zoo-land.az\\\/#website\"},\"primaryImageOfPage\":{\"@id\":\"https:\\\/\\\/zoo-land.az\\\/shop\\\/birdss\\\/birds-accesories\\\/bird-drinker\\\/#primaryimage\"},\"image\":{\"@id\":\"https:\\\/\\\/zoo-land.az\\\/shop\\\/birdss\\\/birds-accesories\\\/bird-drinker\\\/#primaryimage\"},\"thumbnailUrl\":\"https:\\\/\\\/zoo-land.az\\\/wp-content\\\/uploads\\\/2024\\\/06\\\/4108NFcbYL._AC_SL1500_.jpg\",\"datePublished\":\"2024-06-24T08:28:00+00:00\",\"breadcrumb\":{\"@id\":\"https:\\\/\\\/zoo-land.az\\\/shop\\\/birdss\\\/birds-accesories\\\/bird-drinker\\\/#breadcrumb\"},\"inLanguage\":\"az\",\"potentialAction\":[{\"@type\":\"ReadAction\",\"target\":[\"https:\\\/\\\/zoo-land.az\\\/shop\\\/birdss\\\/birds-accesories\\\/bird-drinker\\\/\"]}]},{\"@type\":\"ImageObject\",\"inLanguage\":\"az\",\"@id\":\"https:\\\/\\\/zoo-land.az\\\/shop\\\/birdss\\\/birds-accesories\\\/bird-drinker\\\/#primaryimage\",\"url\":\"https:\\\/\\\/zoo-land.az\\\/wp-content\\\/uploads\\\/2024\\\/06\\\/4108NFcbYL._AC_SL1500_.jpg\",\"contentUrl\":\"https:\\\/\\\/zoo-land.az\\\/wp-content\\\/uploads\\\/2024\\\/06\\\/4108NFcbYL._AC_SL1500_.jpg\",\"width\":751,\"height\":1423},{\"@type\":\"BreadcrumbList\",\"@id\":\"https:\\\/\\\/zoo-land.az\\\/shop\\\/birdss\\\/birds-accesories\\\/bird-drinker\\\/#breadcrumb\",\"itemListElement\":[{\"@type\":\"ListItem\",\"position\":1,\"name\":\"Home\",\"item\":\"https:\\\/\\\/zoo-land.az\\\/ru\\\/\"},{\"@type\":\"ListItem\",\"position\":2,\"name\":\"Shop\",\"item\":\"https:\\\/\\\/zoo-land.az\\\/ru\\\/\"},{\"@type\":\"ListItem\",\"position\":3,\"name\":\"Bird drinker\"}]},{\"@type\":\"WebSite\",\"@id\":\"https:\\\/\\\/zoo-land.az\\\/#website\",\"url\":\"https:\\\/\\\/zoo-land.az\\\/\",\"name\":\"Zooland.az\",\"description\":\"Xo\u015fb\u0259xt ev heyvanlar\u0131n\u0131n \u00fcnvan\u0131 Zooland.az\",\"publisher\":{\"@id\":\"https:\\\/\\\/zoo-land.az\\\/#organization\"},\"potentialAction\":[{\"@type\":\"SearchAction\",\"target\":{\"@type\":\"EntryPoint\",\"urlTemplate\":\"https:\\\/\\\/zoo-land.az\\\/?s={search_term_string}\"},\"query-input\":{\"@type\":\"PropertyValueSpecification\",\"valueRequired\":true,\"valueName\":\"search_term_string\"}}],\"inLanguage\":\"az\"},{\"@type\":\"Organization\",\"@id\":\"https:\\\/\\\/zoo-land.az\\\/#organization\",\"name\":\"Zooland.az\",\"url\":\"https:\\\/\\\/zoo-land.az\\\/\",\"logo\":{\"@type\":\"ImageObject\",\"inLanguage\":\"az\",\"@id\":\"https:\\\/\\\/zoo-land.az\\\/#\\\/schema\\\/logo\\\/image\\\/\",\"url\":\"https:\\\/\\\/zoo-land.az\\\/wp-content\\\/uploads\\\/2022\\\/05\\\/logo.svg\",\"contentUrl\":\"https:\\\/\\\/zoo-land.az\\\/wp-content\\\/uploads\\\/2022\\\/05\\\/logo.svg\",\"width\":113,\"height\":46,\"caption\":\"Zooland.az\"},\"image\":{\"@id\":\"https:\\\/\\\/zoo-land.az\\\/#\\\/schema\\\/logo\\\/image\\\/\"}}]}<\/script>\n<!-- \/ Yoast SEO plugin. -->","yoast_head_json":{"title":"Bird drinker - Zooland.az","robots":{"index":"index","follow":"follow","max-snippet":"max-snippet:-1","max-image-preview":"max-image-preview:large","max-video-preview":"max-video-preview:-1"},"canonical":"https:\/\/zoo-land.az\/az\/shop\/birdss\/birds-accesories\/bird-drinker\/","og_locale":"az_AZ","og_type":"article","og_title":"Bird drinker - Zooland.az","og_description":"The bird drinker is suitable for cages with 1-1.5c cage wire spacing, and the capacity is about 200ml. Bird drinkers are designed for a wide variety of birds and are easy to eat or drink.","og_url":"https:\/\/zoo-land.az\/az\/shop\/birdss\/birds-accesories\/bird-drinker\/","og_site_name":"Zooland.az","og_image":[{"width":751,"height":1423,"url":"https:\/\/zoo-land.az\/wp-content\/uploads\/2024\/06\/4108NFcbYL._AC_SL1500_.jpg","type":"image\/jpeg"}],"twitter_card":"summary_large_image","twitter_misc":{"Est. reading time":"1 minute"},"schema":{"@context":"https:\/\/schema.org","@graph":[{"@type":"WebPage","@id":"https:\/\/zoo-land.az\/shop\/birdss\/birds-accesories\/bird-drinker\/","url":"https:\/\/zoo-land.az\/shop\/birdss\/birds-accesories\/bird-drinker\/","name":"Bird drinker - Zooland.az","isPartOf":{"@id":"https:\/\/zoo-land.az\/#website"},"primaryImageOfPage":{"@id":"https:\/\/zoo-land.az\/shop\/birdss\/birds-accesories\/bird-drinker\/#primaryimage"},"image":{"@id":"https:\/\/zoo-land.az\/shop\/birdss\/birds-accesories\/bird-drinker\/#primaryimage"},"thumbnailUrl":"https:\/\/zoo-land.az\/wp-content\/uploads\/2024\/06\/4108NFcbYL._AC_SL1500_.jpg","datePublished":"2024-06-24T08:28:00+00:00","breadcrumb":{"@id":"https:\/\/zoo-land.az\/shop\/birdss\/birds-accesories\/bird-drinker\/#breadcrumb"},"inLanguage":"az","potentialAction":[{"@type":"ReadAction","target":["https:\/\/zoo-land.az\/shop\/birdss\/birds-accesories\/bird-drinker\/"]}]},{"@type":"ImageObject","inLanguage":"az","@id":"https:\/\/zoo-land.az\/shop\/birdss\/birds-accesories\/bird-drinker\/#primaryimage","url":"https:\/\/zoo-land.az\/wp-content\/uploads\/2024\/06\/4108NFcbYL._AC_SL1500_.jpg","contentUrl":"https:\/\/zoo-land.az\/wp-content\/uploads\/2024\/06\/4108NFcbYL._AC_SL1500_.jpg","width":751,"height":1423},{"@type":"BreadcrumbList","@id":"https:\/\/zoo-land.az\/shop\/birdss\/birds-accesories\/bird-drinker\/#breadcrumb","itemListElement":[{"@type":"ListItem","position":1,"name":"Home","item":"https:\/\/zoo-land.az\/ru\/"},{"@type":"ListItem","position":2,"name":"Shop","item":"https:\/\/zoo-land.az\/ru\/"},{"@type":"ListItem","position":3,"name":"Bird drinker"}]},{"@type":"WebSite","@id":"https:\/\/zoo-land.az\/#website","url":"https:\/\/zoo-land.az\/","name":"Zooland.az","description":"Xo\u015fb\u0259xt ev heyvanlar\u0131n\u0131n \u00fcnvan\u0131 Zooland.az","publisher":{"@id":"https:\/\/zoo-land.az\/#organization"},"potentialAction":[{"@type":"SearchAction","target":{"@type":"EntryPoint","urlTemplate":"https:\/\/zoo-land.az\/?s={search_term_string}"},"query-input":{"@type":"PropertyValueSpecification","valueRequired":true,"valueName":"search_term_string"}}],"inLanguage":"az"},{"@type":"Organization","@id":"https:\/\/zoo-land.az\/#organization","name":"Zooland.az","url":"https:\/\/zoo-land.az\/","logo":{"@type":"ImageObject","inLanguage":"az","@id":"https:\/\/zoo-land.az\/#\/schema\/logo\/image\/","url":"https:\/\/zoo-land.az\/wp-content\/uploads\/2022\/05\/logo.svg","contentUrl":"https:\/\/zoo-land.az\/wp-content\/uploads\/2022\/05\/logo.svg","width":113,"height":46,"caption":"Zooland.az"},"image":{"@id":"https:\/\/zoo-land.az\/#\/schema\/logo\/image\/"}}]}},"_links":{"self":[{"href":"https:\/\/zoo-land.az\/az\/wp-json\/wp\/v2\/product\/24606","targetHints":{"allow":["GET"]}}],"collection":[{"href":"https:\/\/zoo-land.az\/az\/wp-json\/wp\/v2\/product"}],"about":[{"href":"https:\/\/zoo-land.az\/az\/wp-json\/wp\/v2\/types\/product"}],"wp:featuredmedia":[{"embeddable":true,"href":"https:\/\/zoo-land.az\/az\/wp-json\/wp\/v2\/media\/24611"}],"wp:attachment":[{"href":"https:\/\/zoo-land.az\/az\/wp-json\/wp\/v2\/media?parent=24606"}],"wp:term":[{"taxonomy":"product_cat","embeddable":true,"href":"https:\/\/zoo-land.az\/az\/wp-json\/wp\/v2\/product_cat?post=24606"},{"taxonomy":"product_tag","embeddable":true,"href":"https:\/\/zoo-land.az\/az\/wp-json\/wp\/v2\/product_tag?post=24606"}],"curies":[{"name":"wp","href":"https:\/\/api.w.org\/{rel}","templated":true}]}}