{"id":24651,"date":"2024-06-24T11:30:29","date_gmt":"2024-06-24T11:30:29","guid":{"rendered":"https:\/\/lightsteelblue-zebra-299715.hostingersite.com\/?post_type=product&#038;p=24651"},"modified":"2024-06-24T11:30:29","modified_gmt":"2024-06-24T11:30:29","slug":"teaser-cat-toy","status":"publish","type":"product","link":"https:\/\/zoo-land.az\/az\/shop\/cat\/cat-toys\/teaser-cat-toy\/","title":{"rendered":"Teaser Cat Toy"},"content":{"rendered":"<p>Playtime is an essential part of your cat&#8217;s daily life so recognising their individual behaviours is key in selecting the right toy type for your cat, that&#8217;s why our ranges offer a wide variety of toy types so there&#8217;s something for every cat character.<\/p>","protected":false},"excerpt":{"rendered":"<p>Playtime is an essential part of your cat&#8217;s daily life so recognising their individual behaviours is key in selecting the right toy type for your cat, that&#8217;s why our ranges offer a wide variety of toy types so there&#8217;s something for every cat character.<\/p>","protected":false},"featured_media":24652,"template":"","meta":{"inline_featured_image":false,"_joinchat":[]},"product_cat":[188,194],"product_tag":[],"class_list":{"0":"post-24651","1":"product","2":"type-product","3":"status-publish","4":"has-post-thumbnail","6":"product_brand-brand-1","7":"product_cat-cat","8":"product_cat-cat-toys","10":"first","11":"instock","12":"shipping-taxable","13":"purchasable","14":"product-type-simple"},"yoast_head":"<!-- This site is optimized with the Yoast SEO plugin v27.4 - https:\/\/yoast.com\/product\/yoast-seo-wordpress\/ -->\n<title>Teaser Cat Toy - Zooland.az<\/title>\n<meta name=\"robots\" content=\"index, follow, max-snippet:-1, max-image-preview:large, max-video-preview:-1\" \/>\n<link rel=\"canonical\" href=\"https:\/\/zoo-land.az\/az\/shop\/cat\/cat-toys\/teaser-cat-toy\/\" \/>\n<meta property=\"og:locale\" content=\"az_AZ\" \/>\n<meta property=\"og:type\" content=\"article\" \/>\n<meta property=\"og:title\" content=\"Teaser Cat Toy - Zooland.az\" \/>\n<meta property=\"og:description\" content=\"Playtime is an essential part of your cat&#039;s daily life so recognising their individual behaviours is key in selecting the right toy type for your cat, that&#039;s why our ranges offer a wide variety of toy types so there&#039;s something for every cat character.\" \/>\n<meta property=\"og:url\" content=\"https:\/\/zoo-land.az\/az\/shop\/cat\/cat-toys\/teaser-cat-toy\/\" \/>\n<meta property=\"og:site_name\" content=\"Zooland.az\" \/>\n<meta property=\"og:image\" content=\"https:\/\/zoo-land.az\/wp-content\/uploads\/2024\/06\/emily-pets-interactive-feather-wand-aworm-feathers-teaser-toys-for-cat-pack-1-color-may-vary-product-images-orvp0jxchgm-p591532426-0-202205230819.jpg\" \/>\n\t<meta property=\"og:image:width\" content=\"1000\" \/>\n\t<meta property=\"og:image:height\" content=\"1000\" \/>\n\t<meta property=\"og:image:type\" content=\"image\/jpeg\" \/>\n<meta name=\"twitter:card\" content=\"summary_large_image\" \/>\n<meta name=\"twitter:label1\" content=\"Est. reading time\" \/>\n\t<meta name=\"twitter:data1\" content=\"1 minute\" \/>\n<script type=\"application\/ld+json\" class=\"yoast-schema-graph\">{\"@context\":\"https:\\\/\\\/schema.org\",\"@graph\":[{\"@type\":\"WebPage\",\"@id\":\"https:\\\/\\\/zoo-land.az\\\/ru\\\/shop\\\/cat\\\/cat-toys\\\/teaser-cat-toy\\\/\",\"url\":\"https:\\\/\\\/zoo-land.az\\\/ru\\\/shop\\\/cat\\\/cat-toys\\\/teaser-cat-toy\\\/\",\"name\":\"Teaser Cat Toy - Zooland.az\",\"isPartOf\":{\"@id\":\"https:\\\/\\\/zoo-land.az\\\/ru\\\/#website\"},\"primaryImageOfPage\":{\"@id\":\"https:\\\/\\\/zoo-land.az\\\/ru\\\/shop\\\/cat\\\/cat-toys\\\/teaser-cat-toy\\\/#primaryimage\"},\"image\":{\"@id\":\"https:\\\/\\\/zoo-land.az\\\/ru\\\/shop\\\/cat\\\/cat-toys\\\/teaser-cat-toy\\\/#primaryimage\"},\"thumbnailUrl\":\"https:\\\/\\\/zoo-land.az\\\/wp-content\\\/uploads\\\/2024\\\/06\\\/emily-pets-interactive-feather-wand-aworm-feathers-teaser-toys-for-cat-pack-1-color-may-vary-product-images-orvp0jxchgm-p591532426-0-202205230819.jpg\",\"datePublished\":\"2024-06-24T11:30:29+00:00\",\"breadcrumb\":{\"@id\":\"https:\\\/\\\/zoo-land.az\\\/ru\\\/shop\\\/cat\\\/cat-toys\\\/teaser-cat-toy\\\/#breadcrumb\"},\"inLanguage\":\"az\",\"potentialAction\":[{\"@type\":\"ReadAction\",\"target\":[\"https:\\\/\\\/zoo-land.az\\\/ru\\\/shop\\\/cat\\\/cat-toys\\\/teaser-cat-toy\\\/\"]}]},{\"@type\":\"ImageObject\",\"inLanguage\":\"az\",\"@id\":\"https:\\\/\\\/zoo-land.az\\\/ru\\\/shop\\\/cat\\\/cat-toys\\\/teaser-cat-toy\\\/#primaryimage\",\"url\":\"https:\\\/\\\/zoo-land.az\\\/wp-content\\\/uploads\\\/2024\\\/06\\\/emily-pets-interactive-feather-wand-aworm-feathers-teaser-toys-for-cat-pack-1-color-may-vary-product-images-orvp0jxchgm-p591532426-0-202205230819.jpg\",\"contentUrl\":\"https:\\\/\\\/zoo-land.az\\\/wp-content\\\/uploads\\\/2024\\\/06\\\/emily-pets-interactive-feather-wand-aworm-feathers-teaser-toys-for-cat-pack-1-color-may-vary-product-images-orvp0jxchgm-p591532426-0-202205230819.jpg\",\"width\":1000,\"height\":1000},{\"@type\":\"BreadcrumbList\",\"@id\":\"https:\\\/\\\/zoo-land.az\\\/ru\\\/shop\\\/cat\\\/cat-toys\\\/teaser-cat-toy\\\/#breadcrumb\",\"itemListElement\":[{\"@type\":\"ListItem\",\"position\":1,\"name\":\"Home\",\"item\":\"https:\\\/\\\/zoo-land.az\\\/ru\\\/\"},{\"@type\":\"ListItem\",\"position\":2,\"name\":\"Shop\",\"item\":\"https:\\\/\\\/zoo-land.az\\\/ru\\\/\"},{\"@type\":\"ListItem\",\"position\":3,\"name\":\"Teaser Cat Toy\"}]},{\"@type\":\"WebSite\",\"@id\":\"https:\\\/\\\/zoo-land.az\\\/ru\\\/#website\",\"url\":\"https:\\\/\\\/zoo-land.az\\\/ru\\\/\",\"name\":\"Zooland.az\",\"description\":\"Xo\u015fb\u0259xt ev heyvanlar\u0131n\u0131n \u00fcnvan\u0131 Zooland.az\",\"publisher\":{\"@id\":\"https:\\\/\\\/zoo-land.az\\\/ru\\\/#organization\"},\"potentialAction\":[{\"@type\":\"SearchAction\",\"target\":{\"@type\":\"EntryPoint\",\"urlTemplate\":\"https:\\\/\\\/zoo-land.az\\\/ru\\\/?s={search_term_string}\"},\"query-input\":{\"@type\":\"PropertyValueSpecification\",\"valueRequired\":true,\"valueName\":\"search_term_string\"}}],\"inLanguage\":\"az\"},{\"@type\":\"Organization\",\"@id\":\"https:\\\/\\\/zoo-land.az\\\/ru\\\/#organization\",\"name\":\"Zooland.az\",\"url\":\"https:\\\/\\\/zoo-land.az\\\/ru\\\/\",\"logo\":{\"@type\":\"ImageObject\",\"inLanguage\":\"az\",\"@id\":\"https:\\\/\\\/zoo-land.az\\\/ru\\\/#\\\/schema\\\/logo\\\/image\\\/\",\"url\":\"https:\\\/\\\/zoo-land.az\\\/wp-content\\\/uploads\\\/2022\\\/05\\\/logo.svg\",\"contentUrl\":\"https:\\\/\\\/zoo-land.az\\\/wp-content\\\/uploads\\\/2022\\\/05\\\/logo.svg\",\"width\":113,\"height\":46,\"caption\":\"Zooland.az\"},\"image\":{\"@id\":\"https:\\\/\\\/zoo-land.az\\\/ru\\\/#\\\/schema\\\/logo\\\/image\\\/\"}}]}<\/script>\n<!-- \/ Yoast SEO plugin. -->","yoast_head_json":{"title":"Teaser Cat Toy - Zooland.az","robots":{"index":"index","follow":"follow","max-snippet":"max-snippet:-1","max-image-preview":"max-image-preview:large","max-video-preview":"max-video-preview:-1"},"canonical":"https:\/\/zoo-land.az\/az\/shop\/cat\/cat-toys\/teaser-cat-toy\/","og_locale":"az_AZ","og_type":"article","og_title":"Teaser Cat Toy - Zooland.az","og_description":"Playtime is an essential part of your cat's daily life so recognising their individual behaviours is key in selecting the right toy type for your cat, that's why our ranges offer a wide variety of toy types so there's something for every cat character.","og_url":"https:\/\/zoo-land.az\/az\/shop\/cat\/cat-toys\/teaser-cat-toy\/","og_site_name":"Zooland.az","og_image":[{"width":1000,"height":1000,"url":"https:\/\/zoo-land.az\/wp-content\/uploads\/2024\/06\/emily-pets-interactive-feather-wand-aworm-feathers-teaser-toys-for-cat-pack-1-color-may-vary-product-images-orvp0jxchgm-p591532426-0-202205230819.jpg","type":"image\/jpeg"}],"twitter_card":"summary_large_image","twitter_misc":{"Est. reading time":"1 minute"},"schema":{"@context":"https:\/\/schema.org","@graph":[{"@type":"WebPage","@id":"https:\/\/zoo-land.az\/ru\/shop\/cat\/cat-toys\/teaser-cat-toy\/","url":"https:\/\/zoo-land.az\/ru\/shop\/cat\/cat-toys\/teaser-cat-toy\/","name":"Teaser Cat Toy - Zooland.az","isPartOf":{"@id":"https:\/\/zoo-land.az\/ru\/#website"},"primaryImageOfPage":{"@id":"https:\/\/zoo-land.az\/ru\/shop\/cat\/cat-toys\/teaser-cat-toy\/#primaryimage"},"image":{"@id":"https:\/\/zoo-land.az\/ru\/shop\/cat\/cat-toys\/teaser-cat-toy\/#primaryimage"},"thumbnailUrl":"https:\/\/zoo-land.az\/wp-content\/uploads\/2024\/06\/emily-pets-interactive-feather-wand-aworm-feathers-teaser-toys-for-cat-pack-1-color-may-vary-product-images-orvp0jxchgm-p591532426-0-202205230819.jpg","datePublished":"2024-06-24T11:30:29+00:00","breadcrumb":{"@id":"https:\/\/zoo-land.az\/ru\/shop\/cat\/cat-toys\/teaser-cat-toy\/#breadcrumb"},"inLanguage":"az","potentialAction":[{"@type":"ReadAction","target":["https:\/\/zoo-land.az\/ru\/shop\/cat\/cat-toys\/teaser-cat-toy\/"]}]},{"@type":"ImageObject","inLanguage":"az","@id":"https:\/\/zoo-land.az\/ru\/shop\/cat\/cat-toys\/teaser-cat-toy\/#primaryimage","url":"https:\/\/zoo-land.az\/wp-content\/uploads\/2024\/06\/emily-pets-interactive-feather-wand-aworm-feathers-teaser-toys-for-cat-pack-1-color-may-vary-product-images-orvp0jxchgm-p591532426-0-202205230819.jpg","contentUrl":"https:\/\/zoo-land.az\/wp-content\/uploads\/2024\/06\/emily-pets-interactive-feather-wand-aworm-feathers-teaser-toys-for-cat-pack-1-color-may-vary-product-images-orvp0jxchgm-p591532426-0-202205230819.jpg","width":1000,"height":1000},{"@type":"BreadcrumbList","@id":"https:\/\/zoo-land.az\/ru\/shop\/cat\/cat-toys\/teaser-cat-toy\/#breadcrumb","itemListElement":[{"@type":"ListItem","position":1,"name":"Home","item":"https:\/\/zoo-land.az\/ru\/"},{"@type":"ListItem","position":2,"name":"Shop","item":"https:\/\/zoo-land.az\/ru\/"},{"@type":"ListItem","position":3,"name":"Teaser Cat Toy"}]},{"@type":"WebSite","@id":"https:\/\/zoo-land.az\/ru\/#website","url":"https:\/\/zoo-land.az\/ru\/","name":"Zooland.az","description":"Xo\u015fb\u0259xt ev heyvanlar\u0131n\u0131n \u00fcnvan\u0131 Zooland.az","publisher":{"@id":"https:\/\/zoo-land.az\/ru\/#organization"},"potentialAction":[{"@type":"SearchAction","target":{"@type":"EntryPoint","urlTemplate":"https:\/\/zoo-land.az\/ru\/?s={search_term_string}"},"query-input":{"@type":"PropertyValueSpecification","valueRequired":true,"valueName":"search_term_string"}}],"inLanguage":"az"},{"@type":"Organization","@id":"https:\/\/zoo-land.az\/ru\/#organization","name":"Zooland.az","url":"https:\/\/zoo-land.az\/ru\/","logo":{"@type":"ImageObject","inLanguage":"az","@id":"https:\/\/zoo-land.az\/ru\/#\/schema\/logo\/image\/","url":"https:\/\/zoo-land.az\/wp-content\/uploads\/2022\/05\/logo.svg","contentUrl":"https:\/\/zoo-land.az\/wp-content\/uploads\/2022\/05\/logo.svg","width":113,"height":46,"caption":"Zooland.az"},"image":{"@id":"https:\/\/zoo-land.az\/ru\/#\/schema\/logo\/image\/"}}]}},"_links":{"self":[{"href":"https:\/\/zoo-land.az\/az\/wp-json\/wp\/v2\/product\/24651","targetHints":{"allow":["GET"]}}],"collection":[{"href":"https:\/\/zoo-land.az\/az\/wp-json\/wp\/v2\/product"}],"about":[{"href":"https:\/\/zoo-land.az\/az\/wp-json\/wp\/v2\/types\/product"}],"wp:featuredmedia":[{"embeddable":true,"href":"https:\/\/zoo-land.az\/az\/wp-json\/wp\/v2\/media\/24652"}],"wp:attachment":[{"href":"https:\/\/zoo-land.az\/az\/wp-json\/wp\/v2\/media?parent=24651"}],"wp:term":[{"taxonomy":"product_cat","embeddable":true,"href":"https:\/\/zoo-land.az\/az\/wp-json\/wp\/v2\/product_cat?post=24651"},{"taxonomy":"product_tag","embeddable":true,"href":"https:\/\/zoo-land.az\/az\/wp-json\/wp\/v2\/product_tag?post=24651"}],"curies":[{"name":"wp","href":"https:\/\/api.w.org\/{rel}","templated":true}]}}