{"id":25364,"date":"2026-04-29T15:19:42","date_gmt":"2026-04-29T11:19:42","guid":{"rendered":"https:\/\/zoo-land.az\/?post_type=product&#038;p=25364"},"modified":"2026-04-29T15:19:43","modified_gmt":"2026-04-29T11:19:43","slug":"royal-canin-instinctive-loaf-85g","status":"publish","type":"product","link":"https:\/\/zoo-land.az\/az\/shop\/all-products\/royal-canin-instinctive-loaf-85g\/","title":{"rendered":"Royal Canin Instinctive Loaf (85g)"},"content":{"rendered":"<p>Royal Canin Instinctive Loaf, 1 ya\u015f\u0131ndan yuxar\u0131 b\u00f6y\u00fck pi\u015fikl\u0259r \u00fc\u00e7\u00fcn x\u00fcsusi olaraq haz\u0131rlanm\u0131\u015f, yum\u015faq ezme (pa\u015ftet) tekstural\u0131 tam v\u0259 balansl\u0131 ya\u015f mamad\u0131r. Pi\u015fikl\u0259rin t\u0259bii instinktl\u0259rin\u0259 uy\u011fun dad profili say\u0259sind\u0259 \u0259n se\u00e7ici pi\u015fikl\u0259r t\u0259r\u0259find\u0259n bel\u0259 sevil\u0259r\u0259k istehlak edilir.<\/p>","protected":false},"excerpt":{"rendered":"<p>Royal Canin Instinctive Loaf, 1 ya\u015f\u0131ndan yuxar\u0131 b\u00f6y\u00fck pi\u015fikl\u0259r \u00fc\u00e7\u00fcn x\u00fcsusi olaraq haz\u0131rlanm\u0131\u015f, yum\u015faq ezme (pa\u015ftet) tekstural\u0131 tam v\u0259 balansl\u0131 ya\u015f mamad\u0131r. Pi\u015fikl\u0259rin t\u0259bii instinktl\u0259rin\u0259 uy\u011fun dad profili say\u0259sind\u0259 \u0259n se\u00e7ici pi\u015fikl\u0259r t\u0259r\u0259find\u0259n bel\u0259 sevil\u0259r\u0259k istehlak edilir.<\/p>","protected":false},"featured_media":25366,"template":"","meta":{"inline_featured_image":false,"_joinchat":[]},"product_cat":[16],"product_tag":[428,430,427],"class_list":{"0":"post-25364","1":"product","2":"type-product","3":"status-publish","4":"has-post-thumbnail","6":"product_brand-royal-canin","7":"product_cat-all-products","8":"product_tag-cat","9":"product_tag-cat-food","10":"product_tag-wet","12":"first","13":"instock","14":"shipping-taxable","15":"purchasable","16":"product-type-simple"},"yoast_head":"<!-- This site is optimized with the Yoast SEO plugin v27.4 - https:\/\/yoast.com\/product\/yoast-seo-wordpress\/ -->\n<title>Royal Canin Instinctive Loaf (85g) - Zooland.az<\/title>\n<meta name=\"robots\" content=\"index, follow, max-snippet:-1, max-image-preview:large, max-video-preview:-1\" \/>\n<link rel=\"canonical\" href=\"https:\/\/zoo-land.az\/az\/shop\/all-products\/royal-canin-instinctive-loaf-85g\/\" \/>\n<meta property=\"og:locale\" content=\"az_AZ\" \/>\n<meta property=\"og:type\" content=\"article\" \/>\n<meta property=\"og:title\" content=\"Royal Canin Instinctive Loaf (85g) - Zooland.az\" \/>\n<meta property=\"og:description\" content=\"Royal Canin Instinctive Loaf, 1 ya\u015f\u0131ndan yuxar\u0131 b\u00f6y\u00fck pi\u015fikl\u0259r \u00fc\u00e7\u00fcn x\u00fcsusi olaraq haz\u0131rlanm\u0131\u015f, yum\u015faq ezme (pa\u015ftet) tekstural\u0131 tam v\u0259 balansl\u0131 ya\u015f mamad\u0131r. Pi\u015fikl\u0259rin t\u0259bii instinktl\u0259rin\u0259 uy\u011fun dad profili say\u0259sind\u0259 \u0259n se\u00e7ici pi\u015fikl\u0259r t\u0259r\u0259find\u0259n bel\u0259 sevil\u0259r\u0259k istehlak edilir.\" \/>\n<meta property=\"og:url\" content=\"https:\/\/zoo-land.az\/az\/shop\/all-products\/royal-canin-instinctive-loaf-85g\/\" \/>\n<meta property=\"og:site_name\" content=\"Zooland.az\" \/>\n<meta property=\"article:modified_time\" content=\"2026-04-29T11:19:43+00:00\" \/>\n<meta property=\"og:image\" content=\"https:\/\/zoo-land.az\/wp-content\/uploads\/2026\/04\/WhatsApp-Image-2026-04-29-at-04.16.52.jpeg\" \/>\n\t<meta property=\"og:image:width\" content=\"920\" \/>\n\t<meta property=\"og:image:height\" content=\"920\" \/>\n\t<meta property=\"og:image:type\" content=\"image\/jpeg\" \/>\n<meta name=\"twitter:card\" content=\"summary_large_image\" \/>\n<meta name=\"twitter:label1\" content=\"Est. reading time\" \/>\n\t<meta name=\"twitter:data1\" content=\"1 minute\" \/>\n<script type=\"application\/ld+json\" class=\"yoast-schema-graph\">{\"@context\":\"https:\\\/\\\/schema.org\",\"@graph\":[{\"@type\":\"WebPage\",\"@id\":\"https:\\\/\\\/zoo-land.az\\\/shop\\\/all-products\\\/royal-canin-instinctive-loaf-85g\\\/\",\"url\":\"https:\\\/\\\/zoo-land.az\\\/shop\\\/all-products\\\/royal-canin-instinctive-loaf-85g\\\/\",\"name\":\"Royal Canin Instinctive Loaf (85g) - Zooland.az\",\"isPartOf\":{\"@id\":\"https:\\\/\\\/zoo-land.az\\\/ru\\\/#website\"},\"primaryImageOfPage\":{\"@id\":\"https:\\\/\\\/zoo-land.az\\\/shop\\\/all-products\\\/royal-canin-instinctive-loaf-85g\\\/#primaryimage\"},\"image\":{\"@id\":\"https:\\\/\\\/zoo-land.az\\\/shop\\\/all-products\\\/royal-canin-instinctive-loaf-85g\\\/#primaryimage\"},\"thumbnailUrl\":\"https:\\\/\\\/zoo-land.az\\\/wp-content\\\/uploads\\\/2026\\\/04\\\/WhatsApp-Image-2026-04-29-at-04.16.52.jpeg\",\"datePublished\":\"2026-04-29T11:19:42+00:00\",\"dateModified\":\"2026-04-29T11:19:43+00:00\",\"breadcrumb\":{\"@id\":\"https:\\\/\\\/zoo-land.az\\\/shop\\\/all-products\\\/royal-canin-instinctive-loaf-85g\\\/#breadcrumb\"},\"inLanguage\":\"az\",\"potentialAction\":[{\"@type\":\"ReadAction\",\"target\":[\"https:\\\/\\\/zoo-land.az\\\/shop\\\/all-products\\\/royal-canin-instinctive-loaf-85g\\\/\"]}]},{\"@type\":\"ImageObject\",\"inLanguage\":\"az\",\"@id\":\"https:\\\/\\\/zoo-land.az\\\/shop\\\/all-products\\\/royal-canin-instinctive-loaf-85g\\\/#primaryimage\",\"url\":\"https:\\\/\\\/zoo-land.az\\\/wp-content\\\/uploads\\\/2026\\\/04\\\/WhatsApp-Image-2026-04-29-at-04.16.52.jpeg\",\"contentUrl\":\"https:\\\/\\\/zoo-land.az\\\/wp-content\\\/uploads\\\/2026\\\/04\\\/WhatsApp-Image-2026-04-29-at-04.16.52.jpeg\",\"width\":920,\"height\":920},{\"@type\":\"BreadcrumbList\",\"@id\":\"https:\\\/\\\/zoo-land.az\\\/shop\\\/all-products\\\/royal-canin-instinctive-loaf-85g\\\/#breadcrumb\",\"itemListElement\":[{\"@type\":\"ListItem\",\"position\":1,\"name\":\"Home\",\"item\":\"https:\\\/\\\/zoo-land.az\\\/ru\\\/\"},{\"@type\":\"ListItem\",\"position\":2,\"name\":\"Shop\",\"item\":\"https:\\\/\\\/zoo-land.az\\\/ru\\\/\"},{\"@type\":\"ListItem\",\"position\":3,\"name\":\"Royal Canin Instinctive Loaf (85g)\"}]},{\"@type\":\"WebSite\",\"@id\":\"https:\\\/\\\/zoo-land.az\\\/ru\\\/#website\",\"url\":\"https:\\\/\\\/zoo-land.az\\\/ru\\\/\",\"name\":\"Zooland.az\",\"description\":\"Xo\u015fb\u0259xt ev heyvanlar\u0131n\u0131n \u00fcnvan\u0131 Zooland.az\",\"publisher\":{\"@id\":\"https:\\\/\\\/zoo-land.az\\\/ru\\\/#organization\"},\"potentialAction\":[{\"@type\":\"SearchAction\",\"target\":{\"@type\":\"EntryPoint\",\"urlTemplate\":\"https:\\\/\\\/zoo-land.az\\\/ru\\\/?s={search_term_string}\"},\"query-input\":{\"@type\":\"PropertyValueSpecification\",\"valueRequired\":true,\"valueName\":\"search_term_string\"}}],\"inLanguage\":\"az\"},{\"@type\":\"Organization\",\"@id\":\"https:\\\/\\\/zoo-land.az\\\/ru\\\/#organization\",\"name\":\"Zooland.az\",\"url\":\"https:\\\/\\\/zoo-land.az\\\/ru\\\/\",\"logo\":{\"@type\":\"ImageObject\",\"inLanguage\":\"az\",\"@id\":\"https:\\\/\\\/zoo-land.az\\\/ru\\\/#\\\/schema\\\/logo\\\/image\\\/\",\"url\":\"https:\\\/\\\/zoo-land.az\\\/wp-content\\\/uploads\\\/2022\\\/05\\\/logo.svg\",\"contentUrl\":\"https:\\\/\\\/zoo-land.az\\\/wp-content\\\/uploads\\\/2022\\\/05\\\/logo.svg\",\"width\":113,\"height\":46,\"caption\":\"Zooland.az\"},\"image\":{\"@id\":\"https:\\\/\\\/zoo-land.az\\\/ru\\\/#\\\/schema\\\/logo\\\/image\\\/\"}}]}<\/script>\n<!-- \/ Yoast SEO plugin. -->","yoast_head_json":{"title":"Royal Canin Instinctive Loaf (85g) - Zooland.az","robots":{"index":"index","follow":"follow","max-snippet":"max-snippet:-1","max-image-preview":"max-image-preview:large","max-video-preview":"max-video-preview:-1"},"canonical":"https:\/\/zoo-land.az\/az\/shop\/all-products\/royal-canin-instinctive-loaf-85g\/","og_locale":"az_AZ","og_type":"article","og_title":"Royal Canin Instinctive Loaf (85g) - Zooland.az","og_description":"Royal Canin Instinctive Loaf, 1 ya\u015f\u0131ndan yuxar\u0131 b\u00f6y\u00fck pi\u015fikl\u0259r \u00fc\u00e7\u00fcn x\u00fcsusi olaraq haz\u0131rlanm\u0131\u015f, yum\u015faq ezme (pa\u015ftet) tekstural\u0131 tam v\u0259 balansl\u0131 ya\u015f mamad\u0131r. Pi\u015fikl\u0259rin t\u0259bii instinktl\u0259rin\u0259 uy\u011fun dad profili say\u0259sind\u0259 \u0259n se\u00e7ici pi\u015fikl\u0259r t\u0259r\u0259find\u0259n bel\u0259 sevil\u0259r\u0259k istehlak edilir.","og_url":"https:\/\/zoo-land.az\/az\/shop\/all-products\/royal-canin-instinctive-loaf-85g\/","og_site_name":"Zooland.az","article_modified_time":"2026-04-29T11:19:43+00:00","og_image":[{"width":920,"height":920,"url":"https:\/\/zoo-land.az\/wp-content\/uploads\/2026\/04\/WhatsApp-Image-2026-04-29-at-04.16.52.jpeg","type":"image\/jpeg"}],"twitter_card":"summary_large_image","twitter_misc":{"Est. reading time":"1 minute"},"schema":{"@context":"https:\/\/schema.org","@graph":[{"@type":"WebPage","@id":"https:\/\/zoo-land.az\/shop\/all-products\/royal-canin-instinctive-loaf-85g\/","url":"https:\/\/zoo-land.az\/shop\/all-products\/royal-canin-instinctive-loaf-85g\/","name":"Royal Canin Instinctive Loaf (85g) - Zooland.az","isPartOf":{"@id":"https:\/\/zoo-land.az\/ru\/#website"},"primaryImageOfPage":{"@id":"https:\/\/zoo-land.az\/shop\/all-products\/royal-canin-instinctive-loaf-85g\/#primaryimage"},"image":{"@id":"https:\/\/zoo-land.az\/shop\/all-products\/royal-canin-instinctive-loaf-85g\/#primaryimage"},"thumbnailUrl":"https:\/\/zoo-land.az\/wp-content\/uploads\/2026\/04\/WhatsApp-Image-2026-04-29-at-04.16.52.jpeg","datePublished":"2026-04-29T11:19:42+00:00","dateModified":"2026-04-29T11:19:43+00:00","breadcrumb":{"@id":"https:\/\/zoo-land.az\/shop\/all-products\/royal-canin-instinctive-loaf-85g\/#breadcrumb"},"inLanguage":"az","potentialAction":[{"@type":"ReadAction","target":["https:\/\/zoo-land.az\/shop\/all-products\/royal-canin-instinctive-loaf-85g\/"]}]},{"@type":"ImageObject","inLanguage":"az","@id":"https:\/\/zoo-land.az\/shop\/all-products\/royal-canin-instinctive-loaf-85g\/#primaryimage","url":"https:\/\/zoo-land.az\/wp-content\/uploads\/2026\/04\/WhatsApp-Image-2026-04-29-at-04.16.52.jpeg","contentUrl":"https:\/\/zoo-land.az\/wp-content\/uploads\/2026\/04\/WhatsApp-Image-2026-04-29-at-04.16.52.jpeg","width":920,"height":920},{"@type":"BreadcrumbList","@id":"https:\/\/zoo-land.az\/shop\/all-products\/royal-canin-instinctive-loaf-85g\/#breadcrumb","itemListElement":[{"@type":"ListItem","position":1,"name":"Home","item":"https:\/\/zoo-land.az\/ru\/"},{"@type":"ListItem","position":2,"name":"Shop","item":"https:\/\/zoo-land.az\/ru\/"},{"@type":"ListItem","position":3,"name":"Royal Canin Instinctive Loaf (85g)"}]},{"@type":"WebSite","@id":"https:\/\/zoo-land.az\/ru\/#website","url":"https:\/\/zoo-land.az\/ru\/","name":"Zooland.az","description":"Xo\u015fb\u0259xt ev heyvanlar\u0131n\u0131n \u00fcnvan\u0131 Zooland.az","publisher":{"@id":"https:\/\/zoo-land.az\/ru\/#organization"},"potentialAction":[{"@type":"SearchAction","target":{"@type":"EntryPoint","urlTemplate":"https:\/\/zoo-land.az\/ru\/?s={search_term_string}"},"query-input":{"@type":"PropertyValueSpecification","valueRequired":true,"valueName":"search_term_string"}}],"inLanguage":"az"},{"@type":"Organization","@id":"https:\/\/zoo-land.az\/ru\/#organization","name":"Zooland.az","url":"https:\/\/zoo-land.az\/ru\/","logo":{"@type":"ImageObject","inLanguage":"az","@id":"https:\/\/zoo-land.az\/ru\/#\/schema\/logo\/image\/","url":"https:\/\/zoo-land.az\/wp-content\/uploads\/2022\/05\/logo.svg","contentUrl":"https:\/\/zoo-land.az\/wp-content\/uploads\/2022\/05\/logo.svg","width":113,"height":46,"caption":"Zooland.az"},"image":{"@id":"https:\/\/zoo-land.az\/ru\/#\/schema\/logo\/image\/"}}]}},"_links":{"self":[{"href":"https:\/\/zoo-land.az\/az\/wp-json\/wp\/v2\/product\/25364","targetHints":{"allow":["GET"]}}],"collection":[{"href":"https:\/\/zoo-land.az\/az\/wp-json\/wp\/v2\/product"}],"about":[{"href":"https:\/\/zoo-land.az\/az\/wp-json\/wp\/v2\/types\/product"}],"wp:featuredmedia":[{"embeddable":true,"href":"https:\/\/zoo-land.az\/az\/wp-json\/wp\/v2\/media\/25366"}],"wp:attachment":[{"href":"https:\/\/zoo-land.az\/az\/wp-json\/wp\/v2\/media?parent=25364"}],"wp:term":[{"taxonomy":"product_cat","embeddable":true,"href":"https:\/\/zoo-land.az\/az\/wp-json\/wp\/v2\/product_cat?post=25364"},{"taxonomy":"product_tag","embeddable":true,"href":"https:\/\/zoo-land.az\/az\/wp-json\/wp\/v2\/product_tag?post=25364"}],"curies":[{"name":"wp","href":"https:\/\/api.w.org\/{rel}","templated":true}]}}