{"id":25367,"date":"2026-04-29T15:24:34","date_gmt":"2026-04-29T11:24:34","guid":{"rendered":"https:\/\/zoo-land.az\/?post_type=product&#038;p=25367"},"modified":"2026-04-29T15:24:34","modified_gmt":"2026-04-29T11:24:34","slug":"royal-canin-sensory-smell-85g","status":"publish","type":"product","link":"https:\/\/zoo-land.az\/az\/shop\/all-products\/royal-canin-sensory-smell-85g\/","title":{"rendered":"Royal Canin Sensory Smell (85g)"},"content":{"rendered":"<p>Royal Canin Sensory Smell \u2013 \u0130\u015ftah a\u00e7an qoxu, m\u00fck\u0259mm\u0259l l\u0259zz\u0259t!<br \/>\nYetkin pi\u015fikl\u0259rin g\u00fccl\u00fc iybilm\u0259 duy\u011fusunu stimulla\u015fd\u0131rmaq \u00fc\u00e7\u00fcn x\u00fcsusi aromatik profil\u0259 malik n\u0259m yem. Yem\u0259k se\u00e7\u0259n pi\u015fikl\u0259r \u00fc\u00e7\u00fcn ideal se\u00e7imdir. Sous i\u00e7\u0259risind\u0259 l\u0259zz\u0259tli \u0259t par\u00e7alar\u0131 il\u0259 h\u0259m i\u015ftah\u0131 art\u0131r\u0131r, h\u0259m d\u0259 sidik yollar\u0131n\u0131n sa\u011flaml\u0131\u011f\u0131n\u0131 qoruyur.<\/p>","protected":false},"excerpt":{"rendered":"<p>Royal Canin Sensory Smell \u2013 \u0130\u015ftah a\u00e7an qoxu, m\u00fck\u0259mm\u0259l l\u0259zz\u0259t! Yetkin pi\u015fikl\u0259rin g\u00fccl\u00fc iybilm\u0259 duy\u011fusunu stimulla\u015fd\u0131rmaq \u00fc\u00e7\u00fcn x\u00fcsusi aromatik profil\u0259 malik n\u0259m yem. Yem\u0259k se\u00e7\u0259n pi\u015fikl\u0259r \u00fc\u00e7\u00fcn ideal se\u00e7imdir. Sous i\u00e7\u0259risind\u0259 l\u0259zz\u0259tli \u0259t par\u00e7alar\u0131 il\u0259 h\u0259m i\u015ftah\u0131 art\u0131r\u0131r, h\u0259m d\u0259 sidik yollar\u0131n\u0131n sa\u011flaml\u0131\u011f\u0131n\u0131 qoruyur.<\/p>","protected":false},"featured_media":25368,"template":"","meta":{"inline_featured_image":false,"_joinchat":[]},"product_cat":[16],"product_tag":[428,427,429],"class_list":{"0":"post-25367","1":"product","2":"type-product","3":"status-publish","4":"has-post-thumbnail","6":"product_brand-royal-canin","7":"product_cat-all-products","8":"product_tag-cat","9":"product_tag-wet","10":"product_tag-wet-food","12":"first","13":"instock","14":"shipping-taxable","15":"purchasable","16":"product-type-simple"},"yoast_head":"<!-- This site is optimized with the Yoast SEO plugin v27.4 - https:\/\/yoast.com\/product\/yoast-seo-wordpress\/ -->\n<title>Royal Canin Sensory Smell (85g) - Zooland.az<\/title>\n<meta name=\"robots\" content=\"index, follow, max-snippet:-1, max-image-preview:large, max-video-preview:-1\" \/>\n<link rel=\"canonical\" href=\"https:\/\/zoo-land.az\/az\/shop\/all-products\/royal-canin-sensory-smell-85g\/\" \/>\n<meta property=\"og:locale\" content=\"az_AZ\" \/>\n<meta property=\"og:type\" content=\"article\" \/>\n<meta property=\"og:title\" content=\"Royal Canin Sensory Smell (85g) - Zooland.az\" \/>\n<meta property=\"og:description\" content=\"Royal Canin Sensory Smell \u2013 \u0130\u015ftah a\u00e7an qoxu, m\u00fck\u0259mm\u0259l l\u0259zz\u0259t! Yetkin pi\u015fikl\u0259rin g\u00fccl\u00fc iybilm\u0259 duy\u011fusunu stimulla\u015fd\u0131rmaq \u00fc\u00e7\u00fcn x\u00fcsusi aromatik profil\u0259 malik n\u0259m yem. Yem\u0259k se\u00e7\u0259n pi\u015fikl\u0259r \u00fc\u00e7\u00fcn ideal se\u00e7imdir. Sous i\u00e7\u0259risind\u0259 l\u0259zz\u0259tli \u0259t par\u00e7alar\u0131 il\u0259 h\u0259m i\u015ftah\u0131 art\u0131r\u0131r, h\u0259m d\u0259 sidik yollar\u0131n\u0131n sa\u011flaml\u0131\u011f\u0131n\u0131 qoruyur.\" \/>\n<meta property=\"og:url\" content=\"https:\/\/zoo-land.az\/az\/shop\/all-products\/royal-canin-sensory-smell-85g\/\" \/>\n<meta property=\"og:site_name\" content=\"Zooland.az\" \/>\n<meta property=\"og:image\" content=\"https:\/\/zoo-land.az\/wp-content\/uploads\/2026\/04\/WhatsApp-Image-2026-04-29-at-04.21.43.jpg\" \/>\n\t<meta property=\"og:image:width\" content=\"800\" \/>\n\t<meta property=\"og:image:height\" content=\"800\" \/>\n\t<meta property=\"og:image:type\" content=\"image\/jpeg\" \/>\n<meta name=\"twitter:card\" content=\"summary_large_image\" \/>\n<meta name=\"twitter:label1\" content=\"Est. reading time\" \/>\n\t<meta name=\"twitter:data1\" content=\"1 minute\" \/>\n<script type=\"application\/ld+json\" class=\"yoast-schema-graph\">{\"@context\":\"https:\\\/\\\/schema.org\",\"@graph\":[{\"@type\":\"WebPage\",\"@id\":\"https:\\\/\\\/zoo-land.az\\\/shop\\\/all-products\\\/royal-canin-sensory-smell-85g\\\/\",\"url\":\"https:\\\/\\\/zoo-land.az\\\/shop\\\/all-products\\\/royal-canin-sensory-smell-85g\\\/\",\"name\":\"Royal Canin Sensory Smell (85g) - Zooland.az\",\"isPartOf\":{\"@id\":\"https:\\\/\\\/zoo-land.az\\\/ru\\\/#website\"},\"primaryImageOfPage\":{\"@id\":\"https:\\\/\\\/zoo-land.az\\\/shop\\\/all-products\\\/royal-canin-sensory-smell-85g\\\/#primaryimage\"},\"image\":{\"@id\":\"https:\\\/\\\/zoo-land.az\\\/shop\\\/all-products\\\/royal-canin-sensory-smell-85g\\\/#primaryimage\"},\"thumbnailUrl\":\"https:\\\/\\\/zoo-land.az\\\/wp-content\\\/uploads\\\/2026\\\/04\\\/WhatsApp-Image-2026-04-29-at-04.21.43.jpg\",\"datePublished\":\"2026-04-29T11:24:34+00:00\",\"breadcrumb\":{\"@id\":\"https:\\\/\\\/zoo-land.az\\\/shop\\\/all-products\\\/royal-canin-sensory-smell-85g\\\/#breadcrumb\"},\"inLanguage\":\"az\",\"potentialAction\":[{\"@type\":\"ReadAction\",\"target\":[\"https:\\\/\\\/zoo-land.az\\\/shop\\\/all-products\\\/royal-canin-sensory-smell-85g\\\/\"]}]},{\"@type\":\"ImageObject\",\"inLanguage\":\"az\",\"@id\":\"https:\\\/\\\/zoo-land.az\\\/shop\\\/all-products\\\/royal-canin-sensory-smell-85g\\\/#primaryimage\",\"url\":\"https:\\\/\\\/zoo-land.az\\\/wp-content\\\/uploads\\\/2026\\\/04\\\/WhatsApp-Image-2026-04-29-at-04.21.43.jpg\",\"contentUrl\":\"https:\\\/\\\/zoo-land.az\\\/wp-content\\\/uploads\\\/2026\\\/04\\\/WhatsApp-Image-2026-04-29-at-04.21.43.jpg\",\"width\":800,\"height\":800},{\"@type\":\"BreadcrumbList\",\"@id\":\"https:\\\/\\\/zoo-land.az\\\/shop\\\/all-products\\\/royal-canin-sensory-smell-85g\\\/#breadcrumb\",\"itemListElement\":[{\"@type\":\"ListItem\",\"position\":1,\"name\":\"Home\",\"item\":\"https:\\\/\\\/zoo-land.az\\\/ru\\\/\"},{\"@type\":\"ListItem\",\"position\":2,\"name\":\"Shop\",\"item\":\"https:\\\/\\\/zoo-land.az\\\/ru\\\/\"},{\"@type\":\"ListItem\",\"position\":3,\"name\":\"Royal Canin Sensory Smell (85g)\"}]},{\"@type\":\"WebSite\",\"@id\":\"https:\\\/\\\/zoo-land.az\\\/ru\\\/#website\",\"url\":\"https:\\\/\\\/zoo-land.az\\\/ru\\\/\",\"name\":\"Zooland.az\",\"description\":\"Xo\u015fb\u0259xt ev heyvanlar\u0131n\u0131n \u00fcnvan\u0131 Zooland.az\",\"publisher\":{\"@id\":\"https:\\\/\\\/zoo-land.az\\\/ru\\\/#organization\"},\"potentialAction\":[{\"@type\":\"SearchAction\",\"target\":{\"@type\":\"EntryPoint\",\"urlTemplate\":\"https:\\\/\\\/zoo-land.az\\\/ru\\\/?s={search_term_string}\"},\"query-input\":{\"@type\":\"PropertyValueSpecification\",\"valueRequired\":true,\"valueName\":\"search_term_string\"}}],\"inLanguage\":\"az\"},{\"@type\":\"Organization\",\"@id\":\"https:\\\/\\\/zoo-land.az\\\/ru\\\/#organization\",\"name\":\"Zooland.az\",\"url\":\"https:\\\/\\\/zoo-land.az\\\/ru\\\/\",\"logo\":{\"@type\":\"ImageObject\",\"inLanguage\":\"az\",\"@id\":\"https:\\\/\\\/zoo-land.az\\\/ru\\\/#\\\/schema\\\/logo\\\/image\\\/\",\"url\":\"https:\\\/\\\/zoo-land.az\\\/wp-content\\\/uploads\\\/2022\\\/05\\\/logo.svg\",\"contentUrl\":\"https:\\\/\\\/zoo-land.az\\\/wp-content\\\/uploads\\\/2022\\\/05\\\/logo.svg\",\"width\":113,\"height\":46,\"caption\":\"Zooland.az\"},\"image\":{\"@id\":\"https:\\\/\\\/zoo-land.az\\\/ru\\\/#\\\/schema\\\/logo\\\/image\\\/\"}}]}<\/script>\n<!-- \/ Yoast SEO plugin. -->","yoast_head_json":{"title":"Royal Canin Sensory Smell (85g) - Zooland.az","robots":{"index":"index","follow":"follow","max-snippet":"max-snippet:-1","max-image-preview":"max-image-preview:large","max-video-preview":"max-video-preview:-1"},"canonical":"https:\/\/zoo-land.az\/az\/shop\/all-products\/royal-canin-sensory-smell-85g\/","og_locale":"az_AZ","og_type":"article","og_title":"Royal Canin Sensory Smell (85g) - Zooland.az","og_description":"Royal Canin Sensory Smell \u2013 \u0130\u015ftah a\u00e7an qoxu, m\u00fck\u0259mm\u0259l l\u0259zz\u0259t! Yetkin pi\u015fikl\u0259rin g\u00fccl\u00fc iybilm\u0259 duy\u011fusunu stimulla\u015fd\u0131rmaq \u00fc\u00e7\u00fcn x\u00fcsusi aromatik profil\u0259 malik n\u0259m yem. Yem\u0259k se\u00e7\u0259n pi\u015fikl\u0259r \u00fc\u00e7\u00fcn ideal se\u00e7imdir. Sous i\u00e7\u0259risind\u0259 l\u0259zz\u0259tli \u0259t par\u00e7alar\u0131 il\u0259 h\u0259m i\u015ftah\u0131 art\u0131r\u0131r, h\u0259m d\u0259 sidik yollar\u0131n\u0131n sa\u011flaml\u0131\u011f\u0131n\u0131 qoruyur.","og_url":"https:\/\/zoo-land.az\/az\/shop\/all-products\/royal-canin-sensory-smell-85g\/","og_site_name":"Zooland.az","og_image":[{"width":800,"height":800,"url":"https:\/\/zoo-land.az\/wp-content\/uploads\/2026\/04\/WhatsApp-Image-2026-04-29-at-04.21.43.jpg","type":"image\/jpeg"}],"twitter_card":"summary_large_image","twitter_misc":{"Est. reading time":"1 minute"},"schema":{"@context":"https:\/\/schema.org","@graph":[{"@type":"WebPage","@id":"https:\/\/zoo-land.az\/shop\/all-products\/royal-canin-sensory-smell-85g\/","url":"https:\/\/zoo-land.az\/shop\/all-products\/royal-canin-sensory-smell-85g\/","name":"Royal Canin Sensory Smell (85g) - Zooland.az","isPartOf":{"@id":"https:\/\/zoo-land.az\/ru\/#website"},"primaryImageOfPage":{"@id":"https:\/\/zoo-land.az\/shop\/all-products\/royal-canin-sensory-smell-85g\/#primaryimage"},"image":{"@id":"https:\/\/zoo-land.az\/shop\/all-products\/royal-canin-sensory-smell-85g\/#primaryimage"},"thumbnailUrl":"https:\/\/zoo-land.az\/wp-content\/uploads\/2026\/04\/WhatsApp-Image-2026-04-29-at-04.21.43.jpg","datePublished":"2026-04-29T11:24:34+00:00","breadcrumb":{"@id":"https:\/\/zoo-land.az\/shop\/all-products\/royal-canin-sensory-smell-85g\/#breadcrumb"},"inLanguage":"az","potentialAction":[{"@type":"ReadAction","target":["https:\/\/zoo-land.az\/shop\/all-products\/royal-canin-sensory-smell-85g\/"]}]},{"@type":"ImageObject","inLanguage":"az","@id":"https:\/\/zoo-land.az\/shop\/all-products\/royal-canin-sensory-smell-85g\/#primaryimage","url":"https:\/\/zoo-land.az\/wp-content\/uploads\/2026\/04\/WhatsApp-Image-2026-04-29-at-04.21.43.jpg","contentUrl":"https:\/\/zoo-land.az\/wp-content\/uploads\/2026\/04\/WhatsApp-Image-2026-04-29-at-04.21.43.jpg","width":800,"height":800},{"@type":"BreadcrumbList","@id":"https:\/\/zoo-land.az\/shop\/all-products\/royal-canin-sensory-smell-85g\/#breadcrumb","itemListElement":[{"@type":"ListItem","position":1,"name":"Home","item":"https:\/\/zoo-land.az\/ru\/"},{"@type":"ListItem","position":2,"name":"Shop","item":"https:\/\/zoo-land.az\/ru\/"},{"@type":"ListItem","position":3,"name":"Royal Canin Sensory Smell (85g)"}]},{"@type":"WebSite","@id":"https:\/\/zoo-land.az\/ru\/#website","url":"https:\/\/zoo-land.az\/ru\/","name":"Zooland.az","description":"Xo\u015fb\u0259xt ev heyvanlar\u0131n\u0131n \u00fcnvan\u0131 Zooland.az","publisher":{"@id":"https:\/\/zoo-land.az\/ru\/#organization"},"potentialAction":[{"@type":"SearchAction","target":{"@type":"EntryPoint","urlTemplate":"https:\/\/zoo-land.az\/ru\/?s={search_term_string}"},"query-input":{"@type":"PropertyValueSpecification","valueRequired":true,"valueName":"search_term_string"}}],"inLanguage":"az"},{"@type":"Organization","@id":"https:\/\/zoo-land.az\/ru\/#organization","name":"Zooland.az","url":"https:\/\/zoo-land.az\/ru\/","logo":{"@type":"ImageObject","inLanguage":"az","@id":"https:\/\/zoo-land.az\/ru\/#\/schema\/logo\/image\/","url":"https:\/\/zoo-land.az\/wp-content\/uploads\/2022\/05\/logo.svg","contentUrl":"https:\/\/zoo-land.az\/wp-content\/uploads\/2022\/05\/logo.svg","width":113,"height":46,"caption":"Zooland.az"},"image":{"@id":"https:\/\/zoo-land.az\/ru\/#\/schema\/logo\/image\/"}}]}},"_links":{"self":[{"href":"https:\/\/zoo-land.az\/az\/wp-json\/wp\/v2\/product\/25367","targetHints":{"allow":["GET"]}}],"collection":[{"href":"https:\/\/zoo-land.az\/az\/wp-json\/wp\/v2\/product"}],"about":[{"href":"https:\/\/zoo-land.az\/az\/wp-json\/wp\/v2\/types\/product"}],"wp:featuredmedia":[{"embeddable":true,"href":"https:\/\/zoo-land.az\/az\/wp-json\/wp\/v2\/media\/25368"}],"wp:attachment":[{"href":"https:\/\/zoo-land.az\/az\/wp-json\/wp\/v2\/media?parent=25367"}],"wp:term":[{"taxonomy":"product_cat","embeddable":true,"href":"https:\/\/zoo-land.az\/az\/wp-json\/wp\/v2\/product_cat?post=25367"},{"taxonomy":"product_tag","embeddable":true,"href":"https:\/\/zoo-land.az\/az\/wp-json\/wp\/v2\/product_tag?post=25367"}],"curies":[{"name":"wp","href":"https:\/\/api.w.org\/{rel}","templated":true}]}}