{"id":25369,"date":"2026-04-29T15:31:12","date_gmt":"2026-04-29T11:31:12","guid":{"rendered":"https:\/\/zoo-land.az\/?post_type=product&#038;p=25369"},"modified":"2026-04-29T15:32:42","modified_gmt":"2026-04-29T11:32:42","slug":"royal-canin-sterilised-kitten-85g","status":"publish","type":"product","link":"https:\/\/zoo-land.az\/az\/shop\/all-products\/royal-canin-sterilised-kitten-85g\/","title":{"rendered":"Royal Canin Sterilised Kitten (85g) In Gravy"},"content":{"rendered":"<p>Royal Canin Kitten Sterilised, 6-12 ayl\u0131q k\u0131s\u0131rla\u015fd\u0131r\u0131lm\u0131\u015f yavru pi\u015fikl\u0259rin x\u00fcsusi qidalanma ehtiyaclar\u0131n\u0131 qar\u015f\u0131lamaq \u00fc\u00e7\u00fcn haz\u0131rlanm\u0131\u015f balansla\u015fd\u0131r\u0131lm\u0131\u015f tam qidad\u0131r. K\u0131s\u0131rla\u015fd\u0131rma \u0259m\u0259liyyat\u0131ndan sonra pi\u015fikl\u0259rin madd\u0259l\u0259r m\u00fcbadil\u0259si d\u0259yi\u015fir v\u0259 \u00e7\u0259ki art\u0131m\u0131na meyllilik yaran\u0131r. Bu ya\u015f mama, yavru pi\u015fiyinizin h\u0259m sa\u011flam b\u00f6y\u00fcm\u0259sini t\u0259min edir, h\u0259m d\u0259 ideal \u00e7\u0259kisini qoruma\u011fa k\u00f6m\u0259k edir.<\/p>","protected":false},"excerpt":{"rendered":"<p>Royal Canin Kitten Sterilised, 6-12 ayl\u0131q k\u0131s\u0131rla\u015fd\u0131r\u0131lm\u0131\u015f yavru pi\u015fikl\u0259rin x\u00fcsusi qidalanma ehtiyaclar\u0131n\u0131 qar\u015f\u0131lamaq \u00fc\u00e7\u00fcn haz\u0131rlanm\u0131\u015f balansla\u015fd\u0131r\u0131lm\u0131\u015f tam qidad\u0131r. K\u0131s\u0131rla\u015fd\u0131rma \u0259m\u0259liyyat\u0131ndan sonra pi\u015fikl\u0259rin madd\u0259l\u0259r m\u00fcbadil\u0259si d\u0259yi\u015fir v\u0259 \u00e7\u0259ki art\u0131m\u0131na meyllilik yaran\u0131r. Bu ya\u015f mama, yavru pi\u015fiyinizin h\u0259m sa\u011flam b\u00f6y\u00fcm\u0259sini t\u0259min edir, h\u0259m d\u0259 ideal \u00e7\u0259kisini qoruma\u011fa k\u00f6m\u0259k edir.<\/p>","protected":false},"featured_media":25370,"template":"","meta":{"inline_featured_image":false,"_joinchat":[]},"product_cat":[16],"product_tag":[428,430,427,429],"class_list":{"0":"post-25369","1":"product","2":"type-product","3":"status-publish","4":"has-post-thumbnail","6":"product_brand-royal-canin","7":"product_cat-all-products","8":"product_tag-cat","9":"product_tag-cat-food","10":"product_tag-wet","11":"product_tag-wet-food","13":"first","14":"instock","15":"shipping-taxable","16":"purchasable","17":"product-type-simple"},"yoast_head":"<!-- This site is optimized with the Yoast SEO plugin v27.4 - https:\/\/yoast.com\/product\/yoast-seo-wordpress\/ -->\n<title>Royal Canin Sterilised Kitten (85g) In Gravy - Zooland.az<\/title>\n<meta name=\"robots\" content=\"index, follow, max-snippet:-1, max-image-preview:large, max-video-preview:-1\" \/>\n<link rel=\"canonical\" href=\"https:\/\/zoo-land.az\/az\/shop\/all-products\/royal-canin-sterilised-kitten-85g\/\" \/>\n<meta property=\"og:locale\" content=\"az_AZ\" \/>\n<meta property=\"og:type\" content=\"article\" \/>\n<meta property=\"og:title\" content=\"Royal Canin Sterilised Kitten (85g) In Gravy - Zooland.az\" \/>\n<meta property=\"og:description\" content=\"Royal Canin Kitten Sterilised, 6-12 ayl\u0131q k\u0131s\u0131rla\u015fd\u0131r\u0131lm\u0131\u015f yavru pi\u015fikl\u0259rin x\u00fcsusi qidalanma ehtiyaclar\u0131n\u0131 qar\u015f\u0131lamaq \u00fc\u00e7\u00fcn haz\u0131rlanm\u0131\u015f balansla\u015fd\u0131r\u0131lm\u0131\u015f tam qidad\u0131r. K\u0131s\u0131rla\u015fd\u0131rma \u0259m\u0259liyyat\u0131ndan sonra pi\u015fikl\u0259rin madd\u0259l\u0259r m\u00fcbadil\u0259si d\u0259yi\u015fir v\u0259 \u00e7\u0259ki art\u0131m\u0131na meyllilik yaran\u0131r. Bu ya\u015f mama, yavru pi\u015fiyinizin h\u0259m sa\u011flam b\u00f6y\u00fcm\u0259sini t\u0259min edir, h\u0259m d\u0259 ideal \u00e7\u0259kisini qoruma\u011fa k\u00f6m\u0259k edir.\" \/>\n<meta property=\"og:url\" content=\"https:\/\/zoo-land.az\/az\/shop\/all-products\/royal-canin-sterilised-kitten-85g\/\" \/>\n<meta property=\"og:site_name\" content=\"Zooland.az\" \/>\n<meta property=\"article:modified_time\" content=\"2026-04-29T11:32:42+00:00\" \/>\n<meta property=\"og:image\" content=\"https:\/\/zoo-land.az\/wp-content\/uploads\/2026\/04\/WhatsApp-Image-2026-04-29-at-04.29.33.jpeg\" \/>\n\t<meta property=\"og:image:width\" content=\"1067\" \/>\n\t<meta property=\"og:image:height\" content=\"1600\" \/>\n\t<meta property=\"og:image:type\" content=\"image\/jpeg\" \/>\n<meta name=\"twitter:card\" content=\"summary_large_image\" \/>\n<meta name=\"twitter:label1\" content=\"Est. reading time\" \/>\n\t<meta name=\"twitter:data1\" content=\"1 minute\" \/>\n<script type=\"application\/ld+json\" class=\"yoast-schema-graph\">{\"@context\":\"https:\\\/\\\/schema.org\",\"@graph\":[{\"@type\":\"WebPage\",\"@id\":\"https:\\\/\\\/zoo-land.az\\\/shop\\\/all-products\\\/royal-canin-sterilised-kitten-85g\\\/\",\"url\":\"https:\\\/\\\/zoo-land.az\\\/shop\\\/all-products\\\/royal-canin-sterilised-kitten-85g\\\/\",\"name\":\"Royal Canin Sterilised Kitten (85g) In Gravy - Zooland.az\",\"isPartOf\":{\"@id\":\"https:\\\/\\\/zoo-land.az\\\/ru\\\/#website\"},\"primaryImageOfPage\":{\"@id\":\"https:\\\/\\\/zoo-land.az\\\/shop\\\/all-products\\\/royal-canin-sterilised-kitten-85g\\\/#primaryimage\"},\"image\":{\"@id\":\"https:\\\/\\\/zoo-land.az\\\/shop\\\/all-products\\\/royal-canin-sterilised-kitten-85g\\\/#primaryimage\"},\"thumbnailUrl\":\"https:\\\/\\\/zoo-land.az\\\/wp-content\\\/uploads\\\/2026\\\/04\\\/WhatsApp-Image-2026-04-29-at-04.29.33.jpeg\",\"datePublished\":\"2026-04-29T11:31:12+00:00\",\"dateModified\":\"2026-04-29T11:32:42+00:00\",\"breadcrumb\":{\"@id\":\"https:\\\/\\\/zoo-land.az\\\/shop\\\/all-products\\\/royal-canin-sterilised-kitten-85g\\\/#breadcrumb\"},\"inLanguage\":\"az\",\"potentialAction\":[{\"@type\":\"ReadAction\",\"target\":[\"https:\\\/\\\/zoo-land.az\\\/shop\\\/all-products\\\/royal-canin-sterilised-kitten-85g\\\/\"]}]},{\"@type\":\"ImageObject\",\"inLanguage\":\"az\",\"@id\":\"https:\\\/\\\/zoo-land.az\\\/shop\\\/all-products\\\/royal-canin-sterilised-kitten-85g\\\/#primaryimage\",\"url\":\"https:\\\/\\\/zoo-land.az\\\/wp-content\\\/uploads\\\/2026\\\/04\\\/WhatsApp-Image-2026-04-29-at-04.29.33.jpeg\",\"contentUrl\":\"https:\\\/\\\/zoo-land.az\\\/wp-content\\\/uploads\\\/2026\\\/04\\\/WhatsApp-Image-2026-04-29-at-04.29.33.jpeg\",\"width\":1067,\"height\":1600},{\"@type\":\"BreadcrumbList\",\"@id\":\"https:\\\/\\\/zoo-land.az\\\/shop\\\/all-products\\\/royal-canin-sterilised-kitten-85g\\\/#breadcrumb\",\"itemListElement\":[{\"@type\":\"ListItem\",\"position\":1,\"name\":\"Home\",\"item\":\"https:\\\/\\\/zoo-land.az\\\/ru\\\/\"},{\"@type\":\"ListItem\",\"position\":2,\"name\":\"Shop\",\"item\":\"https:\\\/\\\/zoo-land.az\\\/ru\\\/\"},{\"@type\":\"ListItem\",\"position\":3,\"name\":\"Royal Canin Sterilised Kitten (85g) In Gravy\"}]},{\"@type\":\"WebSite\",\"@id\":\"https:\\\/\\\/zoo-land.az\\\/ru\\\/#website\",\"url\":\"https:\\\/\\\/zoo-land.az\\\/ru\\\/\",\"name\":\"Zooland.az\",\"description\":\"Xo\u015fb\u0259xt ev heyvanlar\u0131n\u0131n \u00fcnvan\u0131 Zooland.az\",\"publisher\":{\"@id\":\"https:\\\/\\\/zoo-land.az\\\/ru\\\/#organization\"},\"potentialAction\":[{\"@type\":\"SearchAction\",\"target\":{\"@type\":\"EntryPoint\",\"urlTemplate\":\"https:\\\/\\\/zoo-land.az\\\/ru\\\/?s={search_term_string}\"},\"query-input\":{\"@type\":\"PropertyValueSpecification\",\"valueRequired\":true,\"valueName\":\"search_term_string\"}}],\"inLanguage\":\"az\"},{\"@type\":\"Organization\",\"@id\":\"https:\\\/\\\/zoo-land.az\\\/ru\\\/#organization\",\"name\":\"Zooland.az\",\"url\":\"https:\\\/\\\/zoo-land.az\\\/ru\\\/\",\"logo\":{\"@type\":\"ImageObject\",\"inLanguage\":\"az\",\"@id\":\"https:\\\/\\\/zoo-land.az\\\/ru\\\/#\\\/schema\\\/logo\\\/image\\\/\",\"url\":\"https:\\\/\\\/zoo-land.az\\\/wp-content\\\/uploads\\\/2022\\\/05\\\/logo.svg\",\"contentUrl\":\"https:\\\/\\\/zoo-land.az\\\/wp-content\\\/uploads\\\/2022\\\/05\\\/logo.svg\",\"width\":113,\"height\":46,\"caption\":\"Zooland.az\"},\"image\":{\"@id\":\"https:\\\/\\\/zoo-land.az\\\/ru\\\/#\\\/schema\\\/logo\\\/image\\\/\"}}]}<\/script>\n<!-- \/ Yoast SEO plugin. -->","yoast_head_json":{"title":"Royal Canin Sterilised Kitten (85g) In Gravy - Zooland.az","robots":{"index":"index","follow":"follow","max-snippet":"max-snippet:-1","max-image-preview":"max-image-preview:large","max-video-preview":"max-video-preview:-1"},"canonical":"https:\/\/zoo-land.az\/az\/shop\/all-products\/royal-canin-sterilised-kitten-85g\/","og_locale":"az_AZ","og_type":"article","og_title":"Royal Canin Sterilised Kitten (85g) In Gravy - Zooland.az","og_description":"Royal Canin Kitten Sterilised, 6-12 ayl\u0131q k\u0131s\u0131rla\u015fd\u0131r\u0131lm\u0131\u015f yavru pi\u015fikl\u0259rin x\u00fcsusi qidalanma ehtiyaclar\u0131n\u0131 qar\u015f\u0131lamaq \u00fc\u00e7\u00fcn haz\u0131rlanm\u0131\u015f balansla\u015fd\u0131r\u0131lm\u0131\u015f tam qidad\u0131r. K\u0131s\u0131rla\u015fd\u0131rma \u0259m\u0259liyyat\u0131ndan sonra pi\u015fikl\u0259rin madd\u0259l\u0259r m\u00fcbadil\u0259si d\u0259yi\u015fir v\u0259 \u00e7\u0259ki art\u0131m\u0131na meyllilik yaran\u0131r. Bu ya\u015f mama, yavru pi\u015fiyinizin h\u0259m sa\u011flam b\u00f6y\u00fcm\u0259sini t\u0259min edir, h\u0259m d\u0259 ideal \u00e7\u0259kisini qoruma\u011fa k\u00f6m\u0259k edir.","og_url":"https:\/\/zoo-land.az\/az\/shop\/all-products\/royal-canin-sterilised-kitten-85g\/","og_site_name":"Zooland.az","article_modified_time":"2026-04-29T11:32:42+00:00","og_image":[{"width":1067,"height":1600,"url":"https:\/\/zoo-land.az\/wp-content\/uploads\/2026\/04\/WhatsApp-Image-2026-04-29-at-04.29.33.jpeg","type":"image\/jpeg"}],"twitter_card":"summary_large_image","twitter_misc":{"Est. reading time":"1 minute"},"schema":{"@context":"https:\/\/schema.org","@graph":[{"@type":"WebPage","@id":"https:\/\/zoo-land.az\/shop\/all-products\/royal-canin-sterilised-kitten-85g\/","url":"https:\/\/zoo-land.az\/shop\/all-products\/royal-canin-sterilised-kitten-85g\/","name":"Royal Canin Sterilised Kitten (85g) In Gravy - Zooland.az","isPartOf":{"@id":"https:\/\/zoo-land.az\/ru\/#website"},"primaryImageOfPage":{"@id":"https:\/\/zoo-land.az\/shop\/all-products\/royal-canin-sterilised-kitten-85g\/#primaryimage"},"image":{"@id":"https:\/\/zoo-land.az\/shop\/all-products\/royal-canin-sterilised-kitten-85g\/#primaryimage"},"thumbnailUrl":"https:\/\/zoo-land.az\/wp-content\/uploads\/2026\/04\/WhatsApp-Image-2026-04-29-at-04.29.33.jpeg","datePublished":"2026-04-29T11:31:12+00:00","dateModified":"2026-04-29T11:32:42+00:00","breadcrumb":{"@id":"https:\/\/zoo-land.az\/shop\/all-products\/royal-canin-sterilised-kitten-85g\/#breadcrumb"},"inLanguage":"az","potentialAction":[{"@type":"ReadAction","target":["https:\/\/zoo-land.az\/shop\/all-products\/royal-canin-sterilised-kitten-85g\/"]}]},{"@type":"ImageObject","inLanguage":"az","@id":"https:\/\/zoo-land.az\/shop\/all-products\/royal-canin-sterilised-kitten-85g\/#primaryimage","url":"https:\/\/zoo-land.az\/wp-content\/uploads\/2026\/04\/WhatsApp-Image-2026-04-29-at-04.29.33.jpeg","contentUrl":"https:\/\/zoo-land.az\/wp-content\/uploads\/2026\/04\/WhatsApp-Image-2026-04-29-at-04.29.33.jpeg","width":1067,"height":1600},{"@type":"BreadcrumbList","@id":"https:\/\/zoo-land.az\/shop\/all-products\/royal-canin-sterilised-kitten-85g\/#breadcrumb","itemListElement":[{"@type":"ListItem","position":1,"name":"Home","item":"https:\/\/zoo-land.az\/ru\/"},{"@type":"ListItem","position":2,"name":"Shop","item":"https:\/\/zoo-land.az\/ru\/"},{"@type":"ListItem","position":3,"name":"Royal Canin Sterilised Kitten (85g) In Gravy"}]},{"@type":"WebSite","@id":"https:\/\/zoo-land.az\/ru\/#website","url":"https:\/\/zoo-land.az\/ru\/","name":"Zooland.az","description":"Xo\u015fb\u0259xt ev heyvanlar\u0131n\u0131n \u00fcnvan\u0131 Zooland.az","publisher":{"@id":"https:\/\/zoo-land.az\/ru\/#organization"},"potentialAction":[{"@type":"SearchAction","target":{"@type":"EntryPoint","urlTemplate":"https:\/\/zoo-land.az\/ru\/?s={search_term_string}"},"query-input":{"@type":"PropertyValueSpecification","valueRequired":true,"valueName":"search_term_string"}}],"inLanguage":"az"},{"@type":"Organization","@id":"https:\/\/zoo-land.az\/ru\/#organization","name":"Zooland.az","url":"https:\/\/zoo-land.az\/ru\/","logo":{"@type":"ImageObject","inLanguage":"az","@id":"https:\/\/zoo-land.az\/ru\/#\/schema\/logo\/image\/","url":"https:\/\/zoo-land.az\/wp-content\/uploads\/2022\/05\/logo.svg","contentUrl":"https:\/\/zoo-land.az\/wp-content\/uploads\/2022\/05\/logo.svg","width":113,"height":46,"caption":"Zooland.az"},"image":{"@id":"https:\/\/zoo-land.az\/ru\/#\/schema\/logo\/image\/"}}]}},"_links":{"self":[{"href":"https:\/\/zoo-land.az\/az\/wp-json\/wp\/v2\/product\/25369","targetHints":{"allow":["GET"]}}],"collection":[{"href":"https:\/\/zoo-land.az\/az\/wp-json\/wp\/v2\/product"}],"about":[{"href":"https:\/\/zoo-land.az\/az\/wp-json\/wp\/v2\/types\/product"}],"wp:featuredmedia":[{"embeddable":true,"href":"https:\/\/zoo-land.az\/az\/wp-json\/wp\/v2\/media\/25370"}],"wp:attachment":[{"href":"https:\/\/zoo-land.az\/az\/wp-json\/wp\/v2\/media?parent=25369"}],"wp:term":[{"taxonomy":"product_cat","embeddable":true,"href":"https:\/\/zoo-land.az\/az\/wp-json\/wp\/v2\/product_cat?post=25369"},{"taxonomy":"product_tag","embeddable":true,"href":"https:\/\/zoo-land.az\/az\/wp-json\/wp\/v2\/product_tag?post=25369"}],"curies":[{"name":"wp","href":"https:\/\/api.w.org\/{rel}","templated":true}]}}