{"id":25382,"date":"2026-04-29T16:11:29","date_gmt":"2026-04-29T12:11:29","guid":{"rendered":"https:\/\/zoo-land.az\/?post_type=product&#038;p=25382"},"modified":"2026-04-29T16:21:48","modified_gmt":"2026-04-29T12:21:48","slug":"royal-canin-recovery-85g","status":"publish","type":"product","link":"https:\/\/zoo-land.az\/az\/shop\/all-products\/royal-canin-recovery-85g\/","title":{"rendered":"Royal Canin Recovery (85g)"},"content":{"rendered":"<p>Royal Canin Recovery \u2013 \u0130tl\u0259r v\u0259 Pi\u015fikl\u0259r \u00fc\u00e7\u00fcn B\u0259rpaedici Konserv Qidas\u0131<br \/>\nEv heyvan\u0131n\u0131z\u0131n x\u0259st\u0259likd\u0259n v\u0259 ya c\u0259rrahiyy\u0259 \u0259m\u0259liyyat\u0131ndan sonrak\u0131 b\u0259rpa d\u00f6vr\u00fc x\u00fcsusi diqq\u0259t v\u0259 d\u00fczg\u00fcn qidalanma t\u0259l\u0259b edir. Royal Canin Recovery, z\u0259ifl\u0259mi\u015f orqanizmin s\u00fcr\u0259tl\u0259 g\u00fcc toplamas\u0131 \u00fc\u00e7\u00fcn haz\u0131rlanm\u0131\u015f y\u00fcks\u0259k enerjili p\u0259hriz qidas\u0131d\u0131r.<\/p>","protected":false},"excerpt":{"rendered":"<p>Royal Canin Recovery \u2013 \u0130tl\u0259r v\u0259 Pi\u015fikl\u0259r \u00fc\u00e7\u00fcn B\u0259rpaedici Konserv Qidas\u0131 Ev heyvan\u0131n\u0131z\u0131n x\u0259st\u0259likd\u0259n v\u0259 ya c\u0259rrahiyy\u0259 \u0259m\u0259liyyat\u0131ndan sonrak\u0131 b\u0259rpa d\u00f6vr\u00fc x\u00fcsusi diqq\u0259t v\u0259 d\u00fczg\u00fcn qidalanma t\u0259l\u0259b edir. Royal Canin Recovery, z\u0259ifl\u0259mi\u015f orqanizmin s\u00fcr\u0259tl\u0259 g\u00fcc toplamas\u0131 \u00fc\u00e7\u00fcn haz\u0131rlanm\u0131\u015f y\u00fcks\u0259k enerjili p\u0259hriz qidas\u0131d\u0131r.<\/p>","protected":false},"featured_media":25383,"template":"","meta":{"inline_featured_image":false,"_joinchat":[]},"product_cat":[16],"product_tag":[],"class_list":{"0":"post-25382","1":"product","2":"type-product","3":"status-publish","4":"has-post-thumbnail","6":"product_brand-royal-canin","7":"product_cat-all-products","9":"first","10":"instock","11":"shipping-taxable","12":"purchasable","13":"product-type-simple"},"yoast_head":"<!-- This site is optimized with the Yoast SEO plugin v27.4 - https:\/\/yoast.com\/product\/yoast-seo-wordpress\/ -->\n<title>Royal Canin Recovery (85g) - Zooland.az<\/title>\n<meta name=\"robots\" content=\"index, follow, max-snippet:-1, max-image-preview:large, max-video-preview:-1\" \/>\n<link rel=\"canonical\" href=\"https:\/\/zoo-land.az\/az\/shop\/all-products\/royal-canin-recovery-85g\/\" \/>\n<meta property=\"og:locale\" content=\"az_AZ\" \/>\n<meta property=\"og:type\" content=\"article\" \/>\n<meta property=\"og:title\" content=\"Royal Canin Recovery (85g) - Zooland.az\" \/>\n<meta property=\"og:description\" content=\"Royal Canin Recovery \u2013 \u0130tl\u0259r v\u0259 Pi\u015fikl\u0259r \u00fc\u00e7\u00fcn B\u0259rpaedici Konserv Qidas\u0131 Ev heyvan\u0131n\u0131z\u0131n x\u0259st\u0259likd\u0259n v\u0259 ya c\u0259rrahiyy\u0259 \u0259m\u0259liyyat\u0131ndan sonrak\u0131 b\u0259rpa d\u00f6vr\u00fc x\u00fcsusi diqq\u0259t v\u0259 d\u00fczg\u00fcn qidalanma t\u0259l\u0259b edir. Royal Canin Recovery, z\u0259ifl\u0259mi\u015f orqanizmin s\u00fcr\u0259tl\u0259 g\u00fcc toplamas\u0131 \u00fc\u00e7\u00fcn haz\u0131rlanm\u0131\u015f y\u00fcks\u0259k enerjili p\u0259hriz qidas\u0131d\u0131r.\" \/>\n<meta property=\"og:url\" content=\"https:\/\/zoo-land.az\/az\/shop\/all-products\/royal-canin-recovery-85g\/\" \/>\n<meta property=\"og:site_name\" content=\"Zooland.az\" \/>\n<meta property=\"article:modified_time\" content=\"2026-04-29T12:21:48+00:00\" \/>\n<meta property=\"og:image\" content=\"https:\/\/zoo-land.az\/wp-content\/uploads\/2026\/04\/WhatsApp-Image-2026-04-29-at-05.06.52.jpg\" \/>\n\t<meta property=\"og:image:width\" content=\"800\" \/>\n\t<meta property=\"og:image:height\" content=\"800\" \/>\n\t<meta property=\"og:image:type\" content=\"image\/jpeg\" \/>\n<meta name=\"twitter:card\" content=\"summary_large_image\" \/>\n<meta name=\"twitter:label1\" content=\"Est. reading time\" \/>\n\t<meta name=\"twitter:data1\" content=\"1 minute\" \/>\n<script type=\"application\/ld+json\" class=\"yoast-schema-graph\">{\"@context\":\"https:\\\/\\\/schema.org\",\"@graph\":[{\"@type\":\"WebPage\",\"@id\":\"https:\\\/\\\/zoo-land.az\\\/shop\\\/all-products\\\/royal-canin-recovery-85g\\\/\",\"url\":\"https:\\\/\\\/zoo-land.az\\\/shop\\\/all-products\\\/royal-canin-recovery-85g\\\/\",\"name\":\"Royal Canin Recovery (85g) - Zooland.az\",\"isPartOf\":{\"@id\":\"https:\\\/\\\/zoo-land.az\\\/ru\\\/#website\"},\"primaryImageOfPage\":{\"@id\":\"https:\\\/\\\/zoo-land.az\\\/shop\\\/all-products\\\/royal-canin-recovery-85g\\\/#primaryimage\"},\"image\":{\"@id\":\"https:\\\/\\\/zoo-land.az\\\/shop\\\/all-products\\\/royal-canin-recovery-85g\\\/#primaryimage\"},\"thumbnailUrl\":\"https:\\\/\\\/zoo-land.az\\\/wp-content\\\/uploads\\\/2026\\\/04\\\/WhatsApp-Image-2026-04-29-at-05.06.52.jpg\",\"datePublished\":\"2026-04-29T12:11:29+00:00\",\"dateModified\":\"2026-04-29T12:21:48+00:00\",\"breadcrumb\":{\"@id\":\"https:\\\/\\\/zoo-land.az\\\/shop\\\/all-products\\\/royal-canin-recovery-85g\\\/#breadcrumb\"},\"inLanguage\":\"az\",\"potentialAction\":[{\"@type\":\"ReadAction\",\"target\":[\"https:\\\/\\\/zoo-land.az\\\/shop\\\/all-products\\\/royal-canin-recovery-85g\\\/\"]}]},{\"@type\":\"ImageObject\",\"inLanguage\":\"az\",\"@id\":\"https:\\\/\\\/zoo-land.az\\\/shop\\\/all-products\\\/royal-canin-recovery-85g\\\/#primaryimage\",\"url\":\"https:\\\/\\\/zoo-land.az\\\/wp-content\\\/uploads\\\/2026\\\/04\\\/WhatsApp-Image-2026-04-29-at-05.06.52.jpg\",\"contentUrl\":\"https:\\\/\\\/zoo-land.az\\\/wp-content\\\/uploads\\\/2026\\\/04\\\/WhatsApp-Image-2026-04-29-at-05.06.52.jpg\",\"width\":800,\"height\":800},{\"@type\":\"BreadcrumbList\",\"@id\":\"https:\\\/\\\/zoo-land.az\\\/shop\\\/all-products\\\/royal-canin-recovery-85g\\\/#breadcrumb\",\"itemListElement\":[{\"@type\":\"ListItem\",\"position\":1,\"name\":\"Home\",\"item\":\"https:\\\/\\\/zoo-land.az\\\/ru\\\/\"},{\"@type\":\"ListItem\",\"position\":2,\"name\":\"Shop\",\"item\":\"https:\\\/\\\/zoo-land.az\\\/ru\\\/\"},{\"@type\":\"ListItem\",\"position\":3,\"name\":\"Royal Canin Recovery (85g)\"}]},{\"@type\":\"WebSite\",\"@id\":\"https:\\\/\\\/zoo-land.az\\\/ru\\\/#website\",\"url\":\"https:\\\/\\\/zoo-land.az\\\/ru\\\/\",\"name\":\"Zooland.az\",\"description\":\"Xo\u015fb\u0259xt ev heyvanlar\u0131n\u0131n \u00fcnvan\u0131 Zooland.az\",\"publisher\":{\"@id\":\"https:\\\/\\\/zoo-land.az\\\/ru\\\/#organization\"},\"potentialAction\":[{\"@type\":\"SearchAction\",\"target\":{\"@type\":\"EntryPoint\",\"urlTemplate\":\"https:\\\/\\\/zoo-land.az\\\/ru\\\/?s={search_term_string}\"},\"query-input\":{\"@type\":\"PropertyValueSpecification\",\"valueRequired\":true,\"valueName\":\"search_term_string\"}}],\"inLanguage\":\"az\"},{\"@type\":\"Organization\",\"@id\":\"https:\\\/\\\/zoo-land.az\\\/ru\\\/#organization\",\"name\":\"Zooland.az\",\"url\":\"https:\\\/\\\/zoo-land.az\\\/ru\\\/\",\"logo\":{\"@type\":\"ImageObject\",\"inLanguage\":\"az\",\"@id\":\"https:\\\/\\\/zoo-land.az\\\/ru\\\/#\\\/schema\\\/logo\\\/image\\\/\",\"url\":\"https:\\\/\\\/zoo-land.az\\\/wp-content\\\/uploads\\\/2022\\\/05\\\/logo.svg\",\"contentUrl\":\"https:\\\/\\\/zoo-land.az\\\/wp-content\\\/uploads\\\/2022\\\/05\\\/logo.svg\",\"width\":113,\"height\":46,\"caption\":\"Zooland.az\"},\"image\":{\"@id\":\"https:\\\/\\\/zoo-land.az\\\/ru\\\/#\\\/schema\\\/logo\\\/image\\\/\"}}]}<\/script>\n<!-- \/ Yoast SEO plugin. -->","yoast_head_json":{"title":"Royal Canin Recovery (85g) - Zooland.az","robots":{"index":"index","follow":"follow","max-snippet":"max-snippet:-1","max-image-preview":"max-image-preview:large","max-video-preview":"max-video-preview:-1"},"canonical":"https:\/\/zoo-land.az\/az\/shop\/all-products\/royal-canin-recovery-85g\/","og_locale":"az_AZ","og_type":"article","og_title":"Royal Canin Recovery (85g) - Zooland.az","og_description":"Royal Canin Recovery \u2013 \u0130tl\u0259r v\u0259 Pi\u015fikl\u0259r \u00fc\u00e7\u00fcn B\u0259rpaedici Konserv Qidas\u0131 Ev heyvan\u0131n\u0131z\u0131n x\u0259st\u0259likd\u0259n v\u0259 ya c\u0259rrahiyy\u0259 \u0259m\u0259liyyat\u0131ndan sonrak\u0131 b\u0259rpa d\u00f6vr\u00fc x\u00fcsusi diqq\u0259t v\u0259 d\u00fczg\u00fcn qidalanma t\u0259l\u0259b edir. Royal Canin Recovery, z\u0259ifl\u0259mi\u015f orqanizmin s\u00fcr\u0259tl\u0259 g\u00fcc toplamas\u0131 \u00fc\u00e7\u00fcn haz\u0131rlanm\u0131\u015f y\u00fcks\u0259k enerjili p\u0259hriz qidas\u0131d\u0131r.","og_url":"https:\/\/zoo-land.az\/az\/shop\/all-products\/royal-canin-recovery-85g\/","og_site_name":"Zooland.az","article_modified_time":"2026-04-29T12:21:48+00:00","og_image":[{"width":800,"height":800,"url":"https:\/\/zoo-land.az\/wp-content\/uploads\/2026\/04\/WhatsApp-Image-2026-04-29-at-05.06.52.jpg","type":"image\/jpeg"}],"twitter_card":"summary_large_image","twitter_misc":{"Est. reading time":"1 minute"},"schema":{"@context":"https:\/\/schema.org","@graph":[{"@type":"WebPage","@id":"https:\/\/zoo-land.az\/shop\/all-products\/royal-canin-recovery-85g\/","url":"https:\/\/zoo-land.az\/shop\/all-products\/royal-canin-recovery-85g\/","name":"Royal Canin Recovery (85g) - Zooland.az","isPartOf":{"@id":"https:\/\/zoo-land.az\/ru\/#website"},"primaryImageOfPage":{"@id":"https:\/\/zoo-land.az\/shop\/all-products\/royal-canin-recovery-85g\/#primaryimage"},"image":{"@id":"https:\/\/zoo-land.az\/shop\/all-products\/royal-canin-recovery-85g\/#primaryimage"},"thumbnailUrl":"https:\/\/zoo-land.az\/wp-content\/uploads\/2026\/04\/WhatsApp-Image-2026-04-29-at-05.06.52.jpg","datePublished":"2026-04-29T12:11:29+00:00","dateModified":"2026-04-29T12:21:48+00:00","breadcrumb":{"@id":"https:\/\/zoo-land.az\/shop\/all-products\/royal-canin-recovery-85g\/#breadcrumb"},"inLanguage":"az","potentialAction":[{"@type":"ReadAction","target":["https:\/\/zoo-land.az\/shop\/all-products\/royal-canin-recovery-85g\/"]}]},{"@type":"ImageObject","inLanguage":"az","@id":"https:\/\/zoo-land.az\/shop\/all-products\/royal-canin-recovery-85g\/#primaryimage","url":"https:\/\/zoo-land.az\/wp-content\/uploads\/2026\/04\/WhatsApp-Image-2026-04-29-at-05.06.52.jpg","contentUrl":"https:\/\/zoo-land.az\/wp-content\/uploads\/2026\/04\/WhatsApp-Image-2026-04-29-at-05.06.52.jpg","width":800,"height":800},{"@type":"BreadcrumbList","@id":"https:\/\/zoo-land.az\/shop\/all-products\/royal-canin-recovery-85g\/#breadcrumb","itemListElement":[{"@type":"ListItem","position":1,"name":"Home","item":"https:\/\/zoo-land.az\/ru\/"},{"@type":"ListItem","position":2,"name":"Shop","item":"https:\/\/zoo-land.az\/ru\/"},{"@type":"ListItem","position":3,"name":"Royal Canin Recovery (85g)"}]},{"@type":"WebSite","@id":"https:\/\/zoo-land.az\/ru\/#website","url":"https:\/\/zoo-land.az\/ru\/","name":"Zooland.az","description":"Xo\u015fb\u0259xt ev heyvanlar\u0131n\u0131n \u00fcnvan\u0131 Zooland.az","publisher":{"@id":"https:\/\/zoo-land.az\/ru\/#organization"},"potentialAction":[{"@type":"SearchAction","target":{"@type":"EntryPoint","urlTemplate":"https:\/\/zoo-land.az\/ru\/?s={search_term_string}"},"query-input":{"@type":"PropertyValueSpecification","valueRequired":true,"valueName":"search_term_string"}}],"inLanguage":"az"},{"@type":"Organization","@id":"https:\/\/zoo-land.az\/ru\/#organization","name":"Zooland.az","url":"https:\/\/zoo-land.az\/ru\/","logo":{"@type":"ImageObject","inLanguage":"az","@id":"https:\/\/zoo-land.az\/ru\/#\/schema\/logo\/image\/","url":"https:\/\/zoo-land.az\/wp-content\/uploads\/2022\/05\/logo.svg","contentUrl":"https:\/\/zoo-land.az\/wp-content\/uploads\/2022\/05\/logo.svg","width":113,"height":46,"caption":"Zooland.az"},"image":{"@id":"https:\/\/zoo-land.az\/ru\/#\/schema\/logo\/image\/"}}]}},"_links":{"self":[{"href":"https:\/\/zoo-land.az\/az\/wp-json\/wp\/v2\/product\/25382","targetHints":{"allow":["GET"]}}],"collection":[{"href":"https:\/\/zoo-land.az\/az\/wp-json\/wp\/v2\/product"}],"about":[{"href":"https:\/\/zoo-land.az\/az\/wp-json\/wp\/v2\/types\/product"}],"wp:featuredmedia":[{"embeddable":true,"href":"https:\/\/zoo-land.az\/az\/wp-json\/wp\/v2\/media\/25383"}],"wp:attachment":[{"href":"https:\/\/zoo-land.az\/az\/wp-json\/wp\/v2\/media?parent=25382"}],"wp:term":[{"taxonomy":"product_cat","embeddable":true,"href":"https:\/\/zoo-land.az\/az\/wp-json\/wp\/v2\/product_cat?post=25382"},{"taxonomy":"product_tag","embeddable":true,"href":"https:\/\/zoo-land.az\/az\/wp-json\/wp\/v2\/product_tag?post=25382"}],"curies":[{"name":"wp","href":"https:\/\/api.w.org\/{rel}","templated":true}]}}