{"id":25393,"date":"2026-04-30T15:18:16","date_gmt":"2026-04-30T11:18:16","guid":{"rendered":"https:\/\/zoo-land.az\/?post_type=product&#038;p=25393"},"modified":"2026-04-30T15:18:16","modified_gmt":"2026-04-30T11:18:16","slug":"felix-mal-ve-qus-eti-75g","status":"publish","type":"product","link":"https:\/\/zoo-land.az\/az\/shop\/all-products\/felix-mal-ve-qus-eti-75g\/","title":{"rendered":"Felix Mal Ve Qus Eti (75g)"},"content":{"rendered":"<p>Purina Felix &#8220;\u0130kiqat L\u0259zz\u0259t&#8221; \u2014 yetkin pi\u015fikl\u0259r (1-6 ya\u015f) \u00fc\u00e7\u00fcn n\u0259z\u0259rd\u0259 tutulmu\u015f, jele i\u00e7ind\u0259 mal \u0259ti v\u0259 qu\u015f \u0259ti dadlar\u0131n\u0131n birl\u0259\u015fm\u0259sind\u0259n ibar\u0259t tamd\u0259y\u0259rli n\u0259m yemdir.<br \/>\n\u018fsas \u00fcst\u00fcnl\u00fckl\u0259ri:<br \/>\nZ\u0259ngin t\u0259rkib: M\u0259hsul pi\u015fikl\u0259rin g\u00fcnd\u0259lik enerji ehtiyac\u0131n\u0131 qar\u015f\u0131layan balansla\u015fd\u0131r\u0131lm\u0131\u015f vitamin (A, D, E) v\u0259 minerallarla z\u0259ngindir.<br \/>\nD\u0259ri v\u0259 t\u00fck sa\u011flaml\u0131\u011f\u0131: T\u0259rkibind\u0259ki Omeqa-6 ya\u011f tur\u015fular\u0131 d\u0259rinin sa\u011flam, t\u00fckl\u0259rin is\u0259 parlaq qalmas\u0131na k\u00f6m\u0259k edir.<br \/>\n\u0130kiqat dad: Bir paketd\u0259 h\u0259m mal, h\u0259m d\u0259 qu\u015f \u0259tinin olmas\u0131 \u0259n nazl\u0131 pi\u015fikl\u0259rin bel\u0259 i\u015ftahas\u0131n\u0131 art\u0131r\u0131r.<br \/>\nT\u0259bii se\u00e7im: S\u00fcni r\u0259ngl\u0259ndirici v\u0259 konservantlar daxil edilm\u0259yib.<\/p>","protected":false},"excerpt":{"rendered":"<p>Purina Felix &#8220;\u0130kiqat L\u0259zz\u0259t&#8221; \u2014 yetkin pi\u015fikl\u0259r (1-6 ya\u015f) \u00fc\u00e7\u00fcn n\u0259z\u0259rd\u0259 tutulmu\u015f, jele i\u00e7ind\u0259 mal \u0259ti v\u0259 qu\u015f \u0259ti dadlar\u0131n\u0131n birl\u0259\u015fm\u0259sind\u0259n ibar\u0259t tamd\u0259y\u0259rli n\u0259m yemdir. \u018fsas \u00fcst\u00fcnl\u00fckl\u0259ri: Z\u0259ngin t\u0259rkib: M\u0259hsul pi\u015fikl\u0259rin g\u00fcnd\u0259lik enerji ehtiyac\u0131n\u0131 qar\u015f\u0131layan balansla\u015fd\u0131r\u0131lm\u0131\u015f vitamin (A, D, E) v\u0259 minerallarla z\u0259ngindir. D\u0259ri v\u0259 t\u00fck sa\u011flaml\u0131\u011f\u0131: T\u0259rkibind\u0259ki Omeqa-6 ya\u011f tur\u015fular\u0131 d\u0259rinin sa\u011flam, t\u00fckl\u0259rin is\u0259 [&hellip;]<\/p>","protected":false},"featured_media":25394,"template":"","meta":{"inline_featured_image":false,"_joinchat":[]},"product_cat":[16],"product_tag":[428,430,433,427,429],"class_list":{"0":"post-25393","1":"product","2":"type-product","3":"status-publish","4":"has-post-thumbnail","6":"product_brand-felix","7":"product_cat-all-products","8":"product_tag-cat","9":"product_tag-cat-food","10":"product_tag-felix","11":"product_tag-wet","12":"product_tag-wet-food","14":"first","15":"instock","16":"shipping-taxable","17":"purchasable","18":"product-type-simple"},"yoast_head":"<!-- This site is optimized with the Yoast SEO plugin v27.4 - https:\/\/yoast.com\/product\/yoast-seo-wordpress\/ -->\n<title>Felix Mal Ve Qus Eti (75g) - Zooland.az<\/title>\n<meta name=\"robots\" content=\"index, follow, max-snippet:-1, max-image-preview:large, max-video-preview:-1\" \/>\n<link rel=\"canonical\" href=\"https:\/\/zoo-land.az\/az\/shop\/all-products\/felix-mal-ve-qus-eti-75g\/\" \/>\n<meta property=\"og:locale\" content=\"az_AZ\" \/>\n<meta property=\"og:type\" content=\"article\" \/>\n<meta property=\"og:title\" content=\"Felix Mal Ve Qus Eti (75g) - Zooland.az\" \/>\n<meta property=\"og:description\" content=\"Purina Felix &#8220;\u0130kiqat L\u0259zz\u0259t&#8221; \u2014 yetkin pi\u015fikl\u0259r (1-6 ya\u015f) \u00fc\u00e7\u00fcn n\u0259z\u0259rd\u0259 tutulmu\u015f, jele i\u00e7ind\u0259 mal \u0259ti v\u0259 qu\u015f \u0259ti dadlar\u0131n\u0131n birl\u0259\u015fm\u0259sind\u0259n ibar\u0259t tamd\u0259y\u0259rli n\u0259m yemdir. \u018fsas \u00fcst\u00fcnl\u00fckl\u0259ri: Z\u0259ngin t\u0259rkib: M\u0259hsul pi\u015fikl\u0259rin g\u00fcnd\u0259lik enerji ehtiyac\u0131n\u0131 qar\u015f\u0131layan balansla\u015fd\u0131r\u0131lm\u0131\u015f vitamin (A, D, E) v\u0259 minerallarla z\u0259ngindir. D\u0259ri v\u0259 t\u00fck sa\u011flaml\u0131\u011f\u0131: T\u0259rkibind\u0259ki Omeqa-6 ya\u011f tur\u015fular\u0131 d\u0259rinin sa\u011flam, t\u00fckl\u0259rin is\u0259 [&hellip;]\" \/>\n<meta property=\"og:url\" content=\"https:\/\/zoo-land.az\/az\/shop\/all-products\/felix-mal-ve-qus-eti-75g\/\" \/>\n<meta property=\"og:site_name\" content=\"Zooland.az\" \/>\n<meta property=\"og:image\" content=\"https:\/\/zoo-land.az\/wp-content\/uploads\/2026\/04\/WhatsApp-Image-2026-04-30-at-04.05.11.jpg\" \/>\n\t<meta property=\"og:image:width\" content=\"800\" \/>\n\t<meta property=\"og:image:height\" content=\"800\" \/>\n\t<meta property=\"og:image:type\" content=\"image\/jpeg\" \/>\n<meta name=\"twitter:card\" content=\"summary_large_image\" \/>\n<meta name=\"twitter:label1\" content=\"Est. reading time\" \/>\n\t<meta name=\"twitter:data1\" content=\"1 minute\" \/>\n<script type=\"application\/ld+json\" class=\"yoast-schema-graph\">{\"@context\":\"https:\\\/\\\/schema.org\",\"@graph\":[{\"@type\":\"WebPage\",\"@id\":\"https:\\\/\\\/zoo-land.az\\\/ru\\\/shop\\\/all-products\\\/felix-mal-ve-qus-eti-75g\\\/\",\"url\":\"https:\\\/\\\/zoo-land.az\\\/ru\\\/shop\\\/all-products\\\/felix-mal-ve-qus-eti-75g\\\/\",\"name\":\"Felix Mal Ve Qus Eti (75g) - Zooland.az\",\"isPartOf\":{\"@id\":\"https:\\\/\\\/zoo-land.az\\\/ru\\\/#website\"},\"primaryImageOfPage\":{\"@id\":\"https:\\\/\\\/zoo-land.az\\\/ru\\\/shop\\\/all-products\\\/felix-mal-ve-qus-eti-75g\\\/#primaryimage\"},\"image\":{\"@id\":\"https:\\\/\\\/zoo-land.az\\\/ru\\\/shop\\\/all-products\\\/felix-mal-ve-qus-eti-75g\\\/#primaryimage\"},\"thumbnailUrl\":\"https:\\\/\\\/zoo-land.az\\\/wp-content\\\/uploads\\\/2026\\\/04\\\/WhatsApp-Image-2026-04-30-at-04.05.11.jpg\",\"datePublished\":\"2026-04-30T11:18:16+00:00\",\"breadcrumb\":{\"@id\":\"https:\\\/\\\/zoo-land.az\\\/ru\\\/shop\\\/all-products\\\/felix-mal-ve-qus-eti-75g\\\/#breadcrumb\"},\"inLanguage\":\"az\",\"potentialAction\":[{\"@type\":\"ReadAction\",\"target\":[\"https:\\\/\\\/zoo-land.az\\\/ru\\\/shop\\\/all-products\\\/felix-mal-ve-qus-eti-75g\\\/\"]}]},{\"@type\":\"ImageObject\",\"inLanguage\":\"az\",\"@id\":\"https:\\\/\\\/zoo-land.az\\\/ru\\\/shop\\\/all-products\\\/felix-mal-ve-qus-eti-75g\\\/#primaryimage\",\"url\":\"https:\\\/\\\/zoo-land.az\\\/wp-content\\\/uploads\\\/2026\\\/04\\\/WhatsApp-Image-2026-04-30-at-04.05.11.jpg\",\"contentUrl\":\"https:\\\/\\\/zoo-land.az\\\/wp-content\\\/uploads\\\/2026\\\/04\\\/WhatsApp-Image-2026-04-30-at-04.05.11.jpg\",\"width\":800,\"height\":800},{\"@type\":\"BreadcrumbList\",\"@id\":\"https:\\\/\\\/zoo-land.az\\\/ru\\\/shop\\\/all-products\\\/felix-mal-ve-qus-eti-75g\\\/#breadcrumb\",\"itemListElement\":[{\"@type\":\"ListItem\",\"position\":1,\"name\":\"Home\",\"item\":\"https:\\\/\\\/zoo-land.az\\\/ru\\\/\"},{\"@type\":\"ListItem\",\"position\":2,\"name\":\"Shop\",\"item\":\"https:\\\/\\\/zoo-land.az\\\/ru\\\/\"},{\"@type\":\"ListItem\",\"position\":3,\"name\":\"Felix Mal Ve Qus Eti (75g)\"}]},{\"@type\":\"WebSite\",\"@id\":\"https:\\\/\\\/zoo-land.az\\\/ru\\\/#website\",\"url\":\"https:\\\/\\\/zoo-land.az\\\/ru\\\/\",\"name\":\"Zooland.az\",\"description\":\"Xo\u015fb\u0259xt ev heyvanlar\u0131n\u0131n \u00fcnvan\u0131 Zooland.az\",\"publisher\":{\"@id\":\"https:\\\/\\\/zoo-land.az\\\/ru\\\/#organization\"},\"potentialAction\":[{\"@type\":\"SearchAction\",\"target\":{\"@type\":\"EntryPoint\",\"urlTemplate\":\"https:\\\/\\\/zoo-land.az\\\/ru\\\/?s={search_term_string}\"},\"query-input\":{\"@type\":\"PropertyValueSpecification\",\"valueRequired\":true,\"valueName\":\"search_term_string\"}}],\"inLanguage\":\"az\"},{\"@type\":\"Organization\",\"@id\":\"https:\\\/\\\/zoo-land.az\\\/ru\\\/#organization\",\"name\":\"Zooland.az\",\"url\":\"https:\\\/\\\/zoo-land.az\\\/ru\\\/\",\"logo\":{\"@type\":\"ImageObject\",\"inLanguage\":\"az\",\"@id\":\"https:\\\/\\\/zoo-land.az\\\/ru\\\/#\\\/schema\\\/logo\\\/image\\\/\",\"url\":\"https:\\\/\\\/zoo-land.az\\\/wp-content\\\/uploads\\\/2022\\\/05\\\/logo.svg\",\"contentUrl\":\"https:\\\/\\\/zoo-land.az\\\/wp-content\\\/uploads\\\/2022\\\/05\\\/logo.svg\",\"width\":113,\"height\":46,\"caption\":\"Zooland.az\"},\"image\":{\"@id\":\"https:\\\/\\\/zoo-land.az\\\/ru\\\/#\\\/schema\\\/logo\\\/image\\\/\"}}]}<\/script>\n<!-- \/ Yoast SEO plugin. -->","yoast_head_json":{"title":"Felix Mal Ve Qus Eti (75g) - Zooland.az","robots":{"index":"index","follow":"follow","max-snippet":"max-snippet:-1","max-image-preview":"max-image-preview:large","max-video-preview":"max-video-preview:-1"},"canonical":"https:\/\/zoo-land.az\/az\/shop\/all-products\/felix-mal-ve-qus-eti-75g\/","og_locale":"az_AZ","og_type":"article","og_title":"Felix Mal Ve Qus Eti (75g) - Zooland.az","og_description":"Purina Felix &#8220;\u0130kiqat L\u0259zz\u0259t&#8221; \u2014 yetkin pi\u015fikl\u0259r (1-6 ya\u015f) \u00fc\u00e7\u00fcn n\u0259z\u0259rd\u0259 tutulmu\u015f, jele i\u00e7ind\u0259 mal \u0259ti v\u0259 qu\u015f \u0259ti dadlar\u0131n\u0131n birl\u0259\u015fm\u0259sind\u0259n ibar\u0259t tamd\u0259y\u0259rli n\u0259m yemdir. \u018fsas \u00fcst\u00fcnl\u00fckl\u0259ri: Z\u0259ngin t\u0259rkib: M\u0259hsul pi\u015fikl\u0259rin g\u00fcnd\u0259lik enerji ehtiyac\u0131n\u0131 qar\u015f\u0131layan balansla\u015fd\u0131r\u0131lm\u0131\u015f vitamin (A, D, E) v\u0259 minerallarla z\u0259ngindir. D\u0259ri v\u0259 t\u00fck sa\u011flaml\u0131\u011f\u0131: T\u0259rkibind\u0259ki Omeqa-6 ya\u011f tur\u015fular\u0131 d\u0259rinin sa\u011flam, t\u00fckl\u0259rin is\u0259 [&hellip;]","og_url":"https:\/\/zoo-land.az\/az\/shop\/all-products\/felix-mal-ve-qus-eti-75g\/","og_site_name":"Zooland.az","og_image":[{"width":800,"height":800,"url":"https:\/\/zoo-land.az\/wp-content\/uploads\/2026\/04\/WhatsApp-Image-2026-04-30-at-04.05.11.jpg","type":"image\/jpeg"}],"twitter_card":"summary_large_image","twitter_misc":{"Est. reading time":"1 minute"},"schema":{"@context":"https:\/\/schema.org","@graph":[{"@type":"WebPage","@id":"https:\/\/zoo-land.az\/ru\/shop\/all-products\/felix-mal-ve-qus-eti-75g\/","url":"https:\/\/zoo-land.az\/ru\/shop\/all-products\/felix-mal-ve-qus-eti-75g\/","name":"Felix Mal Ve Qus Eti (75g) - Zooland.az","isPartOf":{"@id":"https:\/\/zoo-land.az\/ru\/#website"},"primaryImageOfPage":{"@id":"https:\/\/zoo-land.az\/ru\/shop\/all-products\/felix-mal-ve-qus-eti-75g\/#primaryimage"},"image":{"@id":"https:\/\/zoo-land.az\/ru\/shop\/all-products\/felix-mal-ve-qus-eti-75g\/#primaryimage"},"thumbnailUrl":"https:\/\/zoo-land.az\/wp-content\/uploads\/2026\/04\/WhatsApp-Image-2026-04-30-at-04.05.11.jpg","datePublished":"2026-04-30T11:18:16+00:00","breadcrumb":{"@id":"https:\/\/zoo-land.az\/ru\/shop\/all-products\/felix-mal-ve-qus-eti-75g\/#breadcrumb"},"inLanguage":"az","potentialAction":[{"@type":"ReadAction","target":["https:\/\/zoo-land.az\/ru\/shop\/all-products\/felix-mal-ve-qus-eti-75g\/"]}]},{"@type":"ImageObject","inLanguage":"az","@id":"https:\/\/zoo-land.az\/ru\/shop\/all-products\/felix-mal-ve-qus-eti-75g\/#primaryimage","url":"https:\/\/zoo-land.az\/wp-content\/uploads\/2026\/04\/WhatsApp-Image-2026-04-30-at-04.05.11.jpg","contentUrl":"https:\/\/zoo-land.az\/wp-content\/uploads\/2026\/04\/WhatsApp-Image-2026-04-30-at-04.05.11.jpg","width":800,"height":800},{"@type":"BreadcrumbList","@id":"https:\/\/zoo-land.az\/ru\/shop\/all-products\/felix-mal-ve-qus-eti-75g\/#breadcrumb","itemListElement":[{"@type":"ListItem","position":1,"name":"Home","item":"https:\/\/zoo-land.az\/ru\/"},{"@type":"ListItem","position":2,"name":"Shop","item":"https:\/\/zoo-land.az\/ru\/"},{"@type":"ListItem","position":3,"name":"Felix Mal Ve Qus Eti (75g)"}]},{"@type":"WebSite","@id":"https:\/\/zoo-land.az\/ru\/#website","url":"https:\/\/zoo-land.az\/ru\/","name":"Zooland.az","description":"Xo\u015fb\u0259xt ev heyvanlar\u0131n\u0131n \u00fcnvan\u0131 Zooland.az","publisher":{"@id":"https:\/\/zoo-land.az\/ru\/#organization"},"potentialAction":[{"@type":"SearchAction","target":{"@type":"EntryPoint","urlTemplate":"https:\/\/zoo-land.az\/ru\/?s={search_term_string}"},"query-input":{"@type":"PropertyValueSpecification","valueRequired":true,"valueName":"search_term_string"}}],"inLanguage":"az"},{"@type":"Organization","@id":"https:\/\/zoo-land.az\/ru\/#organization","name":"Zooland.az","url":"https:\/\/zoo-land.az\/ru\/","logo":{"@type":"ImageObject","inLanguage":"az","@id":"https:\/\/zoo-land.az\/ru\/#\/schema\/logo\/image\/","url":"https:\/\/zoo-land.az\/wp-content\/uploads\/2022\/05\/logo.svg","contentUrl":"https:\/\/zoo-land.az\/wp-content\/uploads\/2022\/05\/logo.svg","width":113,"height":46,"caption":"Zooland.az"},"image":{"@id":"https:\/\/zoo-land.az\/ru\/#\/schema\/logo\/image\/"}}]}},"_links":{"self":[{"href":"https:\/\/zoo-land.az\/az\/wp-json\/wp\/v2\/product\/25393","targetHints":{"allow":["GET"]}}],"collection":[{"href":"https:\/\/zoo-land.az\/az\/wp-json\/wp\/v2\/product"}],"about":[{"href":"https:\/\/zoo-land.az\/az\/wp-json\/wp\/v2\/types\/product"}],"wp:featuredmedia":[{"embeddable":true,"href":"https:\/\/zoo-land.az\/az\/wp-json\/wp\/v2\/media\/25394"}],"wp:attachment":[{"href":"https:\/\/zoo-land.az\/az\/wp-json\/wp\/v2\/media?parent=25393"}],"wp:term":[{"taxonomy":"product_cat","embeddable":true,"href":"https:\/\/zoo-land.az\/az\/wp-json\/wp\/v2\/product_cat?post=25393"},{"taxonomy":"product_tag","embeddable":true,"href":"https:\/\/zoo-land.az\/az\/wp-json\/wp\/v2\/product_tag?post=25393"}],"curies":[{"name":"wp","href":"https:\/\/api.w.org\/{rel}","templated":true}]}}