{"id":25395,"date":"2026-04-30T15:20:52","date_gmt":"2026-04-30T11:20:52","guid":{"rendered":"https:\/\/zoo-land.az\/?post_type=product&#038;p=25395"},"modified":"2026-04-30T15:20:53","modified_gmt":"2026-04-30T11:20:53","slug":"felix-ikiqat-l%c9%99zz%c9%99t-hind-qusu-v%c9%99-qaraciy%c9%99rli-yas-pisik-yemi-jeled%c9%99-75-q","status":"publish","type":"product","link":"https:\/\/zoo-land.az\/az\/shop\/all-products\/felix-ikiqat-l%c9%99zz%c9%99t-hind-qusu-v%c9%99-qaraciy%c9%99rli-yas-pisik-yemi-jeled%c9%99-75-q\/","title":{"rendered":"Felix &#8220;\u0130kiqat L\u0259zz\u0259t&#8221; \u2013 Hind Qu\u015fu v\u0259 Qaraciy\u0259rli Ya\u015f Pi\u015fik Yemi (Jeled\u0259), 75 q"},"content":{"rendered":"<p>Purina Felix &#8220;\u0130kiqat L\u0259zz\u0259t&#8221; \u2013 Hind Qu\u015fu v\u0259 Qaraciy\u0259rli Ya\u015f Pi\u015fik Yemi (Jeled\u0259), 75 q<br \/>\nPi\u015fiyiniz \u00fc\u00e7\u00fcn iki sevil\u0259n dad bir paketi birl\u0259\u015fdi! Purina Felix \u0130kiqat L\u0259zz\u0259t seriyas\u0131, z\u0259rif hind qu\u015fu v\u0259 l\u0259zz\u0259tli qaraciy\u0259r par\u00e7alar\u0131n\u0131n i\u015ftahaa\u00e7an jeli daxilind\u0259 unikal kombinasiyas\u0131n\u0131 t\u0259qdim edir. Bu tam balansla\u015fd\u0131r\u0131lm\u0131\u015f yem, ev heyvan\u0131n\u0131z\u0131n g\u00fcnd\u0259lik enerji ehtiyac\u0131n\u0131 qar\u015f\u0131lamaqla yana\u015f\u0131, ona unudulmaz dad t\u0259cr\u00fcb\u0259si b\u0259x\u015f edir.<\/p>","protected":false},"excerpt":{"rendered":"<p>Purina Felix &#8220;\u0130kiqat L\u0259zz\u0259t&#8221; \u2013 Hind Qu\u015fu v\u0259 Qaraciy\u0259rli Ya\u015f Pi\u015fik Yemi (Jeled\u0259), 75 q Pi\u015fiyiniz \u00fc\u00e7\u00fcn iki sevil\u0259n dad bir paketi birl\u0259\u015fdi! Purina Felix \u0130kiqat L\u0259zz\u0259t seriyas\u0131, z\u0259rif hind qu\u015fu v\u0259 l\u0259zz\u0259tli qaraciy\u0259r par\u00e7alar\u0131n\u0131n i\u015ftahaa\u00e7an jeli daxilind\u0259 unikal kombinasiyas\u0131n\u0131 t\u0259qdim edir. Bu tam balansla\u015fd\u0131r\u0131lm\u0131\u015f yem, ev heyvan\u0131n\u0131z\u0131n g\u00fcnd\u0259lik enerji ehtiyac\u0131n\u0131 qar\u015f\u0131lamaqla yana\u015f\u0131, ona unudulmaz [&hellip;]<\/p>","protected":false},"featured_media":25396,"template":"","meta":{"inline_featured_image":false,"_joinchat":[]},"product_cat":[16],"product_tag":[428,430,433,427,429],"class_list":{"0":"post-25395","1":"product","2":"type-product","3":"status-publish","4":"has-post-thumbnail","6":"product_brand-felix","7":"product_cat-all-products","8":"product_tag-cat","9":"product_tag-cat-food","10":"product_tag-felix","11":"product_tag-wet","12":"product_tag-wet-food","14":"first","15":"instock","16":"shipping-taxable","17":"purchasable","18":"product-type-simple"},"yoast_head":"<!-- This site is optimized with the Yoast SEO plugin v27.4 - https:\/\/yoast.com\/product\/yoast-seo-wordpress\/ -->\n<title>Felix &quot;\u0130kiqat L\u0259zz\u0259t&quot; \u2013 Hind Qu\u015fu v\u0259 Qaraciy\u0259rli Ya\u015f Pi\u015fik Yemi (Jeled\u0259), 75 q - Zooland.az<\/title>\n<meta name=\"robots\" content=\"index, follow, max-snippet:-1, max-image-preview:large, max-video-preview:-1\" \/>\n<link rel=\"canonical\" href=\"https:\/\/zoo-land.az\/az\/shop\/all-products\/felix-ikiqat-l\u0259zz\u0259t-hind-qusu-v\u0259-qaraciy\u0259rli-yas-pisik-yemi-jeled\u0259-75-q\/\" \/>\n<meta property=\"og:locale\" content=\"az_AZ\" \/>\n<meta property=\"og:type\" content=\"article\" \/>\n<meta property=\"og:title\" content=\"Felix &quot;\u0130kiqat L\u0259zz\u0259t&quot; \u2013 Hind Qu\u015fu v\u0259 Qaraciy\u0259rli Ya\u015f Pi\u015fik Yemi (Jeled\u0259), 75 q - Zooland.az\" \/>\n<meta property=\"og:description\" content=\"Purina Felix &#8220;\u0130kiqat L\u0259zz\u0259t&#8221; \u2013 Hind Qu\u015fu v\u0259 Qaraciy\u0259rli Ya\u015f Pi\u015fik Yemi (Jeled\u0259), 75 q Pi\u015fiyiniz \u00fc\u00e7\u00fcn iki sevil\u0259n dad bir paketi birl\u0259\u015fdi! Purina Felix \u0130kiqat L\u0259zz\u0259t seriyas\u0131, z\u0259rif hind qu\u015fu v\u0259 l\u0259zz\u0259tli qaraciy\u0259r par\u00e7alar\u0131n\u0131n i\u015ftahaa\u00e7an jeli daxilind\u0259 unikal kombinasiyas\u0131n\u0131 t\u0259qdim edir. Bu tam balansla\u015fd\u0131r\u0131lm\u0131\u015f yem, ev heyvan\u0131n\u0131z\u0131n g\u00fcnd\u0259lik enerji ehtiyac\u0131n\u0131 qar\u015f\u0131lamaqla yana\u015f\u0131, ona unudulmaz [&hellip;]\" \/>\n<meta property=\"og:url\" content=\"https:\/\/zoo-land.az\/az\/shop\/all-products\/felix-ikiqat-l\u0259zz\u0259t-hind-qusu-v\u0259-qaraciy\u0259rli-yas-pisik-yemi-jeled\u0259-75-q\/\" \/>\n<meta property=\"og:site_name\" content=\"Zooland.az\" \/>\n<meta property=\"article:modified_time\" content=\"2026-04-30T11:20:53+00:00\" \/>\n<meta property=\"og:image\" content=\"https:\/\/zoo-land.az\/wp-content\/uploads\/2026\/04\/WhatsApp-Image-2026-04-30-at-04.06.19.jpg\" \/>\n\t<meta property=\"og:image:width\" content=\"800\" \/>\n\t<meta property=\"og:image:height\" content=\"800\" \/>\n\t<meta property=\"og:image:type\" content=\"image\/jpeg\" \/>\n<meta name=\"twitter:card\" content=\"summary_large_image\" \/>\n<meta name=\"twitter:label1\" content=\"Est. reading time\" \/>\n\t<meta name=\"twitter:data1\" content=\"1 minute\" \/>\n<script type=\"application\/ld+json\" class=\"yoast-schema-graph\">{\"@context\":\"https:\\\/\\\/schema.org\",\"@graph\":[{\"@type\":\"WebPage\",\"@id\":\"https:\\\/\\\/zoo-land.az\\\/az\\\/shop\\\/all-products\\\/felix-ikiqat-l%c9%99zz%c9%99t-hind-qusu-v%c9%99-qaraciy%c9%99rli-yas-pisik-yemi-jeled%c9%99-75-q\\\/\",\"url\":\"https:\\\/\\\/zoo-land.az\\\/az\\\/shop\\\/all-products\\\/felix-ikiqat-l%c9%99zz%c9%99t-hind-qusu-v%c9%99-qaraciy%c9%99rli-yas-pisik-yemi-jeled%c9%99-75-q\\\/\",\"name\":\"Felix \\\"\u0130kiqat L\u0259zz\u0259t\\\" \u2013 Hind Qu\u015fu v\u0259 Qaraciy\u0259rli Ya\u015f Pi\u015fik Yemi (Jeled\u0259), 75 q - Zooland.az\",\"isPartOf\":{\"@id\":\"https:\\\/\\\/zoo-land.az\\\/ru\\\/#website\"},\"primaryImageOfPage\":{\"@id\":\"https:\\\/\\\/zoo-land.az\\\/az\\\/shop\\\/all-products\\\/felix-ikiqat-l%c9%99zz%c9%99t-hind-qusu-v%c9%99-qaraciy%c9%99rli-yas-pisik-yemi-jeled%c9%99-75-q\\\/#primaryimage\"},\"image\":{\"@id\":\"https:\\\/\\\/zoo-land.az\\\/az\\\/shop\\\/all-products\\\/felix-ikiqat-l%c9%99zz%c9%99t-hind-qusu-v%c9%99-qaraciy%c9%99rli-yas-pisik-yemi-jeled%c9%99-75-q\\\/#primaryimage\"},\"thumbnailUrl\":\"https:\\\/\\\/zoo-land.az\\\/wp-content\\\/uploads\\\/2026\\\/04\\\/WhatsApp-Image-2026-04-30-at-04.06.19.jpg\",\"datePublished\":\"2026-04-30T11:20:52+00:00\",\"dateModified\":\"2026-04-30T11:20:53+00:00\",\"breadcrumb\":{\"@id\":\"https:\\\/\\\/zoo-land.az\\\/az\\\/shop\\\/all-products\\\/felix-ikiqat-l%c9%99zz%c9%99t-hind-qusu-v%c9%99-qaraciy%c9%99rli-yas-pisik-yemi-jeled%c9%99-75-q\\\/#breadcrumb\"},\"inLanguage\":\"az\",\"potentialAction\":[{\"@type\":\"ReadAction\",\"target\":[\"https:\\\/\\\/zoo-land.az\\\/az\\\/shop\\\/all-products\\\/felix-ikiqat-l%c9%99zz%c9%99t-hind-qusu-v%c9%99-qaraciy%c9%99rli-yas-pisik-yemi-jeled%c9%99-75-q\\\/\"]}]},{\"@type\":\"ImageObject\",\"inLanguage\":\"az\",\"@id\":\"https:\\\/\\\/zoo-land.az\\\/az\\\/shop\\\/all-products\\\/felix-ikiqat-l%c9%99zz%c9%99t-hind-qusu-v%c9%99-qaraciy%c9%99rli-yas-pisik-yemi-jeled%c9%99-75-q\\\/#primaryimage\",\"url\":\"https:\\\/\\\/zoo-land.az\\\/wp-content\\\/uploads\\\/2026\\\/04\\\/WhatsApp-Image-2026-04-30-at-04.06.19.jpg\",\"contentUrl\":\"https:\\\/\\\/zoo-land.az\\\/wp-content\\\/uploads\\\/2026\\\/04\\\/WhatsApp-Image-2026-04-30-at-04.06.19.jpg\",\"width\":800,\"height\":800},{\"@type\":\"BreadcrumbList\",\"@id\":\"https:\\\/\\\/zoo-land.az\\\/az\\\/shop\\\/all-products\\\/felix-ikiqat-l%c9%99zz%c9%99t-hind-qusu-v%c9%99-qaraciy%c9%99rli-yas-pisik-yemi-jeled%c9%99-75-q\\\/#breadcrumb\",\"itemListElement\":[{\"@type\":\"ListItem\",\"position\":1,\"name\":\"Home\",\"item\":\"https:\\\/\\\/zoo-land.az\\\/ru\\\/\"},{\"@type\":\"ListItem\",\"position\":2,\"name\":\"Shop\",\"item\":\"https:\\\/\\\/zoo-land.az\\\/ru\\\/\"},{\"@type\":\"ListItem\",\"position\":3,\"name\":\"Felix &#8220;\u0130kiqat L\u0259zz\u0259t&#8221; \u2013 Hind Qu\u015fu v\u0259 Qaraciy\u0259rli Ya\u015f Pi\u015fik Yemi (Jeled\u0259), 75 q\"}]},{\"@type\":\"WebSite\",\"@id\":\"https:\\\/\\\/zoo-land.az\\\/ru\\\/#website\",\"url\":\"https:\\\/\\\/zoo-land.az\\\/ru\\\/\",\"name\":\"Zooland.az\",\"description\":\"Xo\u015fb\u0259xt ev heyvanlar\u0131n\u0131n \u00fcnvan\u0131 Zooland.az\",\"publisher\":{\"@id\":\"https:\\\/\\\/zoo-land.az\\\/ru\\\/#organization\"},\"potentialAction\":[{\"@type\":\"SearchAction\",\"target\":{\"@type\":\"EntryPoint\",\"urlTemplate\":\"https:\\\/\\\/zoo-land.az\\\/ru\\\/?s={search_term_string}\"},\"query-input\":{\"@type\":\"PropertyValueSpecification\",\"valueRequired\":true,\"valueName\":\"search_term_string\"}}],\"inLanguage\":\"az\"},{\"@type\":\"Organization\",\"@id\":\"https:\\\/\\\/zoo-land.az\\\/ru\\\/#organization\",\"name\":\"Zooland.az\",\"url\":\"https:\\\/\\\/zoo-land.az\\\/ru\\\/\",\"logo\":{\"@type\":\"ImageObject\",\"inLanguage\":\"az\",\"@id\":\"https:\\\/\\\/zoo-land.az\\\/ru\\\/#\\\/schema\\\/logo\\\/image\\\/\",\"url\":\"https:\\\/\\\/zoo-land.az\\\/wp-content\\\/uploads\\\/2022\\\/05\\\/logo.svg\",\"contentUrl\":\"https:\\\/\\\/zoo-land.az\\\/wp-content\\\/uploads\\\/2022\\\/05\\\/logo.svg\",\"width\":113,\"height\":46,\"caption\":\"Zooland.az\"},\"image\":{\"@id\":\"https:\\\/\\\/zoo-land.az\\\/ru\\\/#\\\/schema\\\/logo\\\/image\\\/\"}}]}<\/script>\n<!-- \/ Yoast SEO plugin. -->","yoast_head_json":{"title":"Felix \"\u0130kiqat L\u0259zz\u0259t\" \u2013 Hind Qu\u015fu v\u0259 Qaraciy\u0259rli Ya\u015f Pi\u015fik Yemi (Jeled\u0259), 75 q - Zooland.az","robots":{"index":"index","follow":"follow","max-snippet":"max-snippet:-1","max-image-preview":"max-image-preview:large","max-video-preview":"max-video-preview:-1"},"canonical":"https:\/\/zoo-land.az\/az\/shop\/all-products\/felix-ikiqat-l\u0259zz\u0259t-hind-qusu-v\u0259-qaraciy\u0259rli-yas-pisik-yemi-jeled\u0259-75-q\/","og_locale":"az_AZ","og_type":"article","og_title":"Felix \"\u0130kiqat L\u0259zz\u0259t\" \u2013 Hind Qu\u015fu v\u0259 Qaraciy\u0259rli Ya\u015f Pi\u015fik Yemi (Jeled\u0259), 75 q - Zooland.az","og_description":"Purina Felix &#8220;\u0130kiqat L\u0259zz\u0259t&#8221; \u2013 Hind Qu\u015fu v\u0259 Qaraciy\u0259rli Ya\u015f Pi\u015fik Yemi (Jeled\u0259), 75 q Pi\u015fiyiniz \u00fc\u00e7\u00fcn iki sevil\u0259n dad bir paketi birl\u0259\u015fdi! Purina Felix \u0130kiqat L\u0259zz\u0259t seriyas\u0131, z\u0259rif hind qu\u015fu v\u0259 l\u0259zz\u0259tli qaraciy\u0259r par\u00e7alar\u0131n\u0131n i\u015ftahaa\u00e7an jeli daxilind\u0259 unikal kombinasiyas\u0131n\u0131 t\u0259qdim edir. Bu tam balansla\u015fd\u0131r\u0131lm\u0131\u015f yem, ev heyvan\u0131n\u0131z\u0131n g\u00fcnd\u0259lik enerji ehtiyac\u0131n\u0131 qar\u015f\u0131lamaqla yana\u015f\u0131, ona unudulmaz [&hellip;]","og_url":"https:\/\/zoo-land.az\/az\/shop\/all-products\/felix-ikiqat-l\u0259zz\u0259t-hind-qusu-v\u0259-qaraciy\u0259rli-yas-pisik-yemi-jeled\u0259-75-q\/","og_site_name":"Zooland.az","article_modified_time":"2026-04-30T11:20:53+00:00","og_image":[{"width":800,"height":800,"url":"https:\/\/zoo-land.az\/wp-content\/uploads\/2026\/04\/WhatsApp-Image-2026-04-30-at-04.06.19.jpg","type":"image\/jpeg"}],"twitter_card":"summary_large_image","twitter_misc":{"Est. reading time":"1 minute"},"schema":{"@context":"https:\/\/schema.org","@graph":[{"@type":"WebPage","@id":"https:\/\/zoo-land.az\/az\/shop\/all-products\/felix-ikiqat-l%c9%99zz%c9%99t-hind-qusu-v%c9%99-qaraciy%c9%99rli-yas-pisik-yemi-jeled%c9%99-75-q\/","url":"https:\/\/zoo-land.az\/az\/shop\/all-products\/felix-ikiqat-l%c9%99zz%c9%99t-hind-qusu-v%c9%99-qaraciy%c9%99rli-yas-pisik-yemi-jeled%c9%99-75-q\/","name":"Felix \"\u0130kiqat L\u0259zz\u0259t\" \u2013 Hind Qu\u015fu v\u0259 Qaraciy\u0259rli Ya\u015f Pi\u015fik Yemi (Jeled\u0259), 75 q - Zooland.az","isPartOf":{"@id":"https:\/\/zoo-land.az\/ru\/#website"},"primaryImageOfPage":{"@id":"https:\/\/zoo-land.az\/az\/shop\/all-products\/felix-ikiqat-l%c9%99zz%c9%99t-hind-qusu-v%c9%99-qaraciy%c9%99rli-yas-pisik-yemi-jeled%c9%99-75-q\/#primaryimage"},"image":{"@id":"https:\/\/zoo-land.az\/az\/shop\/all-products\/felix-ikiqat-l%c9%99zz%c9%99t-hind-qusu-v%c9%99-qaraciy%c9%99rli-yas-pisik-yemi-jeled%c9%99-75-q\/#primaryimage"},"thumbnailUrl":"https:\/\/zoo-land.az\/wp-content\/uploads\/2026\/04\/WhatsApp-Image-2026-04-30-at-04.06.19.jpg","datePublished":"2026-04-30T11:20:52+00:00","dateModified":"2026-04-30T11:20:53+00:00","breadcrumb":{"@id":"https:\/\/zoo-land.az\/az\/shop\/all-products\/felix-ikiqat-l%c9%99zz%c9%99t-hind-qusu-v%c9%99-qaraciy%c9%99rli-yas-pisik-yemi-jeled%c9%99-75-q\/#breadcrumb"},"inLanguage":"az","potentialAction":[{"@type":"ReadAction","target":["https:\/\/zoo-land.az\/az\/shop\/all-products\/felix-ikiqat-l%c9%99zz%c9%99t-hind-qusu-v%c9%99-qaraciy%c9%99rli-yas-pisik-yemi-jeled%c9%99-75-q\/"]}]},{"@type":"ImageObject","inLanguage":"az","@id":"https:\/\/zoo-land.az\/az\/shop\/all-products\/felix-ikiqat-l%c9%99zz%c9%99t-hind-qusu-v%c9%99-qaraciy%c9%99rli-yas-pisik-yemi-jeled%c9%99-75-q\/#primaryimage","url":"https:\/\/zoo-land.az\/wp-content\/uploads\/2026\/04\/WhatsApp-Image-2026-04-30-at-04.06.19.jpg","contentUrl":"https:\/\/zoo-land.az\/wp-content\/uploads\/2026\/04\/WhatsApp-Image-2026-04-30-at-04.06.19.jpg","width":800,"height":800},{"@type":"BreadcrumbList","@id":"https:\/\/zoo-land.az\/az\/shop\/all-products\/felix-ikiqat-l%c9%99zz%c9%99t-hind-qusu-v%c9%99-qaraciy%c9%99rli-yas-pisik-yemi-jeled%c9%99-75-q\/#breadcrumb","itemListElement":[{"@type":"ListItem","position":1,"name":"Home","item":"https:\/\/zoo-land.az\/ru\/"},{"@type":"ListItem","position":2,"name":"Shop","item":"https:\/\/zoo-land.az\/ru\/"},{"@type":"ListItem","position":3,"name":"Felix &#8220;\u0130kiqat L\u0259zz\u0259t&#8221; \u2013 Hind Qu\u015fu v\u0259 Qaraciy\u0259rli Ya\u015f Pi\u015fik Yemi (Jeled\u0259), 75 q"}]},{"@type":"WebSite","@id":"https:\/\/zoo-land.az\/ru\/#website","url":"https:\/\/zoo-land.az\/ru\/","name":"Zooland.az","description":"Xo\u015fb\u0259xt ev heyvanlar\u0131n\u0131n \u00fcnvan\u0131 Zooland.az","publisher":{"@id":"https:\/\/zoo-land.az\/ru\/#organization"},"potentialAction":[{"@type":"SearchAction","target":{"@type":"EntryPoint","urlTemplate":"https:\/\/zoo-land.az\/ru\/?s={search_term_string}"},"query-input":{"@type":"PropertyValueSpecification","valueRequired":true,"valueName":"search_term_string"}}],"inLanguage":"az"},{"@type":"Organization","@id":"https:\/\/zoo-land.az\/ru\/#organization","name":"Zooland.az","url":"https:\/\/zoo-land.az\/ru\/","logo":{"@type":"ImageObject","inLanguage":"az","@id":"https:\/\/zoo-land.az\/ru\/#\/schema\/logo\/image\/","url":"https:\/\/zoo-land.az\/wp-content\/uploads\/2022\/05\/logo.svg","contentUrl":"https:\/\/zoo-land.az\/wp-content\/uploads\/2022\/05\/logo.svg","width":113,"height":46,"caption":"Zooland.az"},"image":{"@id":"https:\/\/zoo-land.az\/ru\/#\/schema\/logo\/image\/"}}]}},"_links":{"self":[{"href":"https:\/\/zoo-land.az\/az\/wp-json\/wp\/v2\/product\/25395","targetHints":{"allow":["GET"]}}],"collection":[{"href":"https:\/\/zoo-land.az\/az\/wp-json\/wp\/v2\/product"}],"about":[{"href":"https:\/\/zoo-land.az\/az\/wp-json\/wp\/v2\/types\/product"}],"wp:featuredmedia":[{"embeddable":true,"href":"https:\/\/zoo-land.az\/az\/wp-json\/wp\/v2\/media\/25396"}],"wp:attachment":[{"href":"https:\/\/zoo-land.az\/az\/wp-json\/wp\/v2\/media?parent=25395"}],"wp:term":[{"taxonomy":"product_cat","embeddable":true,"href":"https:\/\/zoo-land.az\/az\/wp-json\/wp\/v2\/product_cat?post=25395"},{"taxonomy":"product_tag","embeddable":true,"href":"https:\/\/zoo-land.az\/az\/wp-json\/wp\/v2\/product_tag?post=25395"}],"curies":[{"name":"wp","href":"https:\/\/api.w.org\/{rel}","templated":true}]}}