{"id":25399,"date":"2026-04-30T15:36:03","date_gmt":"2026-04-30T11:36:03","guid":{"rendered":"https:\/\/zoo-land.az\/?post_type=product&#038;p=25399"},"modified":"2026-04-30T15:36:03","modified_gmt":"2026-04-30T11:36:03","slug":"purina-felix-sensations-pomidor-sousunda-mal-%c9%99ti-75-qr","status":"publish","type":"product","link":"https:\/\/zoo-land.az\/az\/shop\/all-products\/purina-felix-sensations-pomidor-sousunda-mal-%c9%99ti-75-qr\/","title":{"rendered":"Purina Felix Sensations: Pomidor Sousunda Mal \u018fti (75 qr)"},"content":{"rendered":"<p>Purina Felix Sensations: Pomidor Sousunda Mal \u018fti (75 qr)<\/p>\n<p>Pi\u015fiyinizi h\u0259m dad\u0131, h\u0259m d\u0259 qoxusu il\u0259 valeh ed\u0259c\u0259k bir ziyaf\u0259t\u0259 haz\u0131r olun! Purina Felix Sensations seriyas\u0131, sad\u0259c\u0259 bir yem\u0259k deyil, pi\u015fiyiniz \u00fc\u00e7\u00fcn \u0259sl l\u0259zz\u0259t mac\u0259ras\u0131d\u0131r. Yum\u015faq mal \u0259ti par\u00e7alar\u0131n\u0131n aromatik v\u0259 \u015fir\u0259li pomidor sousu il\u0259 m\u00fck\u0259mm\u0259l harmoniyas\u0131, \u0259n se\u00e7ici pi\u015fikl\u0259ri bel\u0259 m\u0259mnun ed\u0259c\u0259k.<\/p>","protected":false},"excerpt":{"rendered":"<p>Purina Felix Sensations: Pomidor Sousunda Mal \u018fti (75 qr) Pi\u015fiyinizi h\u0259m dad\u0131, h\u0259m d\u0259 qoxusu il\u0259 valeh ed\u0259c\u0259k bir ziyaf\u0259t\u0259 haz\u0131r olun! Purina Felix Sensations seriyas\u0131, sad\u0259c\u0259 bir yem\u0259k deyil, pi\u015fiyiniz \u00fc\u00e7\u00fcn \u0259sl l\u0259zz\u0259t mac\u0259ras\u0131d\u0131r. Yum\u015faq mal \u0259ti par\u00e7alar\u0131n\u0131n aromatik v\u0259 \u015fir\u0259li pomidor sousu il\u0259 m\u00fck\u0259mm\u0259l harmoniyas\u0131, \u0259n se\u00e7ici pi\u015fikl\u0259ri bel\u0259 m\u0259mnun ed\u0259c\u0259k.<\/p>","protected":false},"featured_media":25400,"template":"","meta":{"inline_featured_image":false,"_joinchat":[]},"product_cat":[16],"product_tag":[428,430,433,427,429],"class_list":{"0":"post-25399","1":"product","2":"type-product","3":"status-publish","4":"has-post-thumbnail","6":"product_brand-felix","7":"product_cat-all-products","8":"product_tag-cat","9":"product_tag-cat-food","10":"product_tag-felix","11":"product_tag-wet","12":"product_tag-wet-food","14":"first","15":"instock","16":"shipping-taxable","17":"purchasable","18":"product-type-simple"},"yoast_head":"<!-- This site is optimized with the Yoast SEO plugin v27.4 - https:\/\/yoast.com\/product\/yoast-seo-wordpress\/ -->\n<title>Purina Felix Sensations: Pomidor Sousunda Mal \u018fti (75 qr) - Zooland.az<\/title>\n<meta name=\"robots\" content=\"index, follow, max-snippet:-1, max-image-preview:large, max-video-preview:-1\" \/>\n<link rel=\"canonical\" href=\"https:\/\/zoo-land.az\/az\/shop\/all-products\/purina-felix-sensations-pomidor-sousunda-mal-\u0259ti-75-qr\/\" \/>\n<meta property=\"og:locale\" content=\"az_AZ\" \/>\n<meta property=\"og:type\" content=\"article\" \/>\n<meta property=\"og:title\" content=\"Purina Felix Sensations: Pomidor Sousunda Mal \u018fti (75 qr) - Zooland.az\" \/>\n<meta property=\"og:description\" content=\"Purina Felix Sensations: Pomidor Sousunda Mal \u018fti (75 qr) Pi\u015fiyinizi h\u0259m dad\u0131, h\u0259m d\u0259 qoxusu il\u0259 valeh ed\u0259c\u0259k bir ziyaf\u0259t\u0259 haz\u0131r olun! Purina Felix Sensations seriyas\u0131, sad\u0259c\u0259 bir yem\u0259k deyil, pi\u015fiyiniz \u00fc\u00e7\u00fcn \u0259sl l\u0259zz\u0259t mac\u0259ras\u0131d\u0131r. Yum\u015faq mal \u0259ti par\u00e7alar\u0131n\u0131n aromatik v\u0259 \u015fir\u0259li pomidor sousu il\u0259 m\u00fck\u0259mm\u0259l harmoniyas\u0131, \u0259n se\u00e7ici pi\u015fikl\u0259ri bel\u0259 m\u0259mnun ed\u0259c\u0259k.\" \/>\n<meta property=\"og:url\" content=\"https:\/\/zoo-land.az\/az\/shop\/all-products\/purina-felix-sensations-pomidor-sousunda-mal-\u0259ti-75-qr\/\" \/>\n<meta property=\"og:site_name\" content=\"Zooland.az\" \/>\n<meta property=\"og:image\" content=\"https:\/\/zoo-land.az\/wp-content\/uploads\/2026\/04\/WhatsApp-Image-2026-04-30-at-04.28.16.jpg\" \/>\n\t<meta property=\"og:image:width\" content=\"800\" \/>\n\t<meta property=\"og:image:height\" content=\"800\" \/>\n\t<meta property=\"og:image:type\" content=\"image\/jpeg\" \/>\n<meta name=\"twitter:card\" content=\"summary_large_image\" \/>\n<meta name=\"twitter:label1\" content=\"Est. reading time\" \/>\n\t<meta name=\"twitter:data1\" content=\"1 minute\" \/>\n<script type=\"application\/ld+json\" class=\"yoast-schema-graph\">{\"@context\":\"https:\\\/\\\/schema.org\",\"@graph\":[{\"@type\":\"WebPage\",\"@id\":\"https:\\\/\\\/zoo-land.az\\\/shop\\\/all-products\\\/purina-felix-sensations-pomidor-sousunda-mal-%c9%99ti-75-qr\\\/\",\"url\":\"https:\\\/\\\/zoo-land.az\\\/shop\\\/all-products\\\/purina-felix-sensations-pomidor-sousunda-mal-%c9%99ti-75-qr\\\/\",\"name\":\"Purina Felix Sensations: Pomidor Sousunda Mal \u018fti (75 qr) - Zooland.az\",\"isPartOf\":{\"@id\":\"https:\\\/\\\/zoo-land.az\\\/ru\\\/#website\"},\"primaryImageOfPage\":{\"@id\":\"https:\\\/\\\/zoo-land.az\\\/shop\\\/all-products\\\/purina-felix-sensations-pomidor-sousunda-mal-%c9%99ti-75-qr\\\/#primaryimage\"},\"image\":{\"@id\":\"https:\\\/\\\/zoo-land.az\\\/shop\\\/all-products\\\/purina-felix-sensations-pomidor-sousunda-mal-%c9%99ti-75-qr\\\/#primaryimage\"},\"thumbnailUrl\":\"https:\\\/\\\/zoo-land.az\\\/wp-content\\\/uploads\\\/2026\\\/04\\\/WhatsApp-Image-2026-04-30-at-04.28.16.jpg\",\"datePublished\":\"2026-04-30T11:36:03+00:00\",\"breadcrumb\":{\"@id\":\"https:\\\/\\\/zoo-land.az\\\/shop\\\/all-products\\\/purina-felix-sensations-pomidor-sousunda-mal-%c9%99ti-75-qr\\\/#breadcrumb\"},\"inLanguage\":\"az\",\"potentialAction\":[{\"@type\":\"ReadAction\",\"target\":[\"https:\\\/\\\/zoo-land.az\\\/shop\\\/all-products\\\/purina-felix-sensations-pomidor-sousunda-mal-%c9%99ti-75-qr\\\/\"]}]},{\"@type\":\"ImageObject\",\"inLanguage\":\"az\",\"@id\":\"https:\\\/\\\/zoo-land.az\\\/shop\\\/all-products\\\/purina-felix-sensations-pomidor-sousunda-mal-%c9%99ti-75-qr\\\/#primaryimage\",\"url\":\"https:\\\/\\\/zoo-land.az\\\/wp-content\\\/uploads\\\/2026\\\/04\\\/WhatsApp-Image-2026-04-30-at-04.28.16.jpg\",\"contentUrl\":\"https:\\\/\\\/zoo-land.az\\\/wp-content\\\/uploads\\\/2026\\\/04\\\/WhatsApp-Image-2026-04-30-at-04.28.16.jpg\",\"width\":800,\"height\":800},{\"@type\":\"BreadcrumbList\",\"@id\":\"https:\\\/\\\/zoo-land.az\\\/shop\\\/all-products\\\/purina-felix-sensations-pomidor-sousunda-mal-%c9%99ti-75-qr\\\/#breadcrumb\",\"itemListElement\":[{\"@type\":\"ListItem\",\"position\":1,\"name\":\"Home\",\"item\":\"https:\\\/\\\/zoo-land.az\\\/ru\\\/\"},{\"@type\":\"ListItem\",\"position\":2,\"name\":\"Shop\",\"item\":\"https:\\\/\\\/zoo-land.az\\\/ru\\\/\"},{\"@type\":\"ListItem\",\"position\":3,\"name\":\"Purina Felix Sensations: Pomidor Sousunda Mal \u018fti (75 qr)\"}]},{\"@type\":\"WebSite\",\"@id\":\"https:\\\/\\\/zoo-land.az\\\/ru\\\/#website\",\"url\":\"https:\\\/\\\/zoo-land.az\\\/ru\\\/\",\"name\":\"Zooland.az\",\"description\":\"Xo\u015fb\u0259xt ev heyvanlar\u0131n\u0131n \u00fcnvan\u0131 Zooland.az\",\"publisher\":{\"@id\":\"https:\\\/\\\/zoo-land.az\\\/ru\\\/#organization\"},\"potentialAction\":[{\"@type\":\"SearchAction\",\"target\":{\"@type\":\"EntryPoint\",\"urlTemplate\":\"https:\\\/\\\/zoo-land.az\\\/ru\\\/?s={search_term_string}\"},\"query-input\":{\"@type\":\"PropertyValueSpecification\",\"valueRequired\":true,\"valueName\":\"search_term_string\"}}],\"inLanguage\":\"az\"},{\"@type\":\"Organization\",\"@id\":\"https:\\\/\\\/zoo-land.az\\\/ru\\\/#organization\",\"name\":\"Zooland.az\",\"url\":\"https:\\\/\\\/zoo-land.az\\\/ru\\\/\",\"logo\":{\"@type\":\"ImageObject\",\"inLanguage\":\"az\",\"@id\":\"https:\\\/\\\/zoo-land.az\\\/ru\\\/#\\\/schema\\\/logo\\\/image\\\/\",\"url\":\"https:\\\/\\\/zoo-land.az\\\/wp-content\\\/uploads\\\/2022\\\/05\\\/logo.svg\",\"contentUrl\":\"https:\\\/\\\/zoo-land.az\\\/wp-content\\\/uploads\\\/2022\\\/05\\\/logo.svg\",\"width\":113,\"height\":46,\"caption\":\"Zooland.az\"},\"image\":{\"@id\":\"https:\\\/\\\/zoo-land.az\\\/ru\\\/#\\\/schema\\\/logo\\\/image\\\/\"}}]}<\/script>\n<!-- \/ Yoast SEO plugin. -->","yoast_head_json":{"title":"Purina Felix Sensations: Pomidor Sousunda Mal \u018fti (75 qr) - Zooland.az","robots":{"index":"index","follow":"follow","max-snippet":"max-snippet:-1","max-image-preview":"max-image-preview:large","max-video-preview":"max-video-preview:-1"},"canonical":"https:\/\/zoo-land.az\/az\/shop\/all-products\/purina-felix-sensations-pomidor-sousunda-mal-\u0259ti-75-qr\/","og_locale":"az_AZ","og_type":"article","og_title":"Purina Felix Sensations: Pomidor Sousunda Mal \u018fti (75 qr) - Zooland.az","og_description":"Purina Felix Sensations: Pomidor Sousunda Mal \u018fti (75 qr) Pi\u015fiyinizi h\u0259m dad\u0131, h\u0259m d\u0259 qoxusu il\u0259 valeh ed\u0259c\u0259k bir ziyaf\u0259t\u0259 haz\u0131r olun! Purina Felix Sensations seriyas\u0131, sad\u0259c\u0259 bir yem\u0259k deyil, pi\u015fiyiniz \u00fc\u00e7\u00fcn \u0259sl l\u0259zz\u0259t mac\u0259ras\u0131d\u0131r. Yum\u015faq mal \u0259ti par\u00e7alar\u0131n\u0131n aromatik v\u0259 \u015fir\u0259li pomidor sousu il\u0259 m\u00fck\u0259mm\u0259l harmoniyas\u0131, \u0259n se\u00e7ici pi\u015fikl\u0259ri bel\u0259 m\u0259mnun ed\u0259c\u0259k.","og_url":"https:\/\/zoo-land.az\/az\/shop\/all-products\/purina-felix-sensations-pomidor-sousunda-mal-\u0259ti-75-qr\/","og_site_name":"Zooland.az","og_image":[{"width":800,"height":800,"url":"https:\/\/zoo-land.az\/wp-content\/uploads\/2026\/04\/WhatsApp-Image-2026-04-30-at-04.28.16.jpg","type":"image\/jpeg"}],"twitter_card":"summary_large_image","twitter_misc":{"Est. reading time":"1 minute"},"schema":{"@context":"https:\/\/schema.org","@graph":[{"@type":"WebPage","@id":"https:\/\/zoo-land.az\/shop\/all-products\/purina-felix-sensations-pomidor-sousunda-mal-%c9%99ti-75-qr\/","url":"https:\/\/zoo-land.az\/shop\/all-products\/purina-felix-sensations-pomidor-sousunda-mal-%c9%99ti-75-qr\/","name":"Purina Felix Sensations: Pomidor Sousunda Mal \u018fti (75 qr) - Zooland.az","isPartOf":{"@id":"https:\/\/zoo-land.az\/ru\/#website"},"primaryImageOfPage":{"@id":"https:\/\/zoo-land.az\/shop\/all-products\/purina-felix-sensations-pomidor-sousunda-mal-%c9%99ti-75-qr\/#primaryimage"},"image":{"@id":"https:\/\/zoo-land.az\/shop\/all-products\/purina-felix-sensations-pomidor-sousunda-mal-%c9%99ti-75-qr\/#primaryimage"},"thumbnailUrl":"https:\/\/zoo-land.az\/wp-content\/uploads\/2026\/04\/WhatsApp-Image-2026-04-30-at-04.28.16.jpg","datePublished":"2026-04-30T11:36:03+00:00","breadcrumb":{"@id":"https:\/\/zoo-land.az\/shop\/all-products\/purina-felix-sensations-pomidor-sousunda-mal-%c9%99ti-75-qr\/#breadcrumb"},"inLanguage":"az","potentialAction":[{"@type":"ReadAction","target":["https:\/\/zoo-land.az\/shop\/all-products\/purina-felix-sensations-pomidor-sousunda-mal-%c9%99ti-75-qr\/"]}]},{"@type":"ImageObject","inLanguage":"az","@id":"https:\/\/zoo-land.az\/shop\/all-products\/purina-felix-sensations-pomidor-sousunda-mal-%c9%99ti-75-qr\/#primaryimage","url":"https:\/\/zoo-land.az\/wp-content\/uploads\/2026\/04\/WhatsApp-Image-2026-04-30-at-04.28.16.jpg","contentUrl":"https:\/\/zoo-land.az\/wp-content\/uploads\/2026\/04\/WhatsApp-Image-2026-04-30-at-04.28.16.jpg","width":800,"height":800},{"@type":"BreadcrumbList","@id":"https:\/\/zoo-land.az\/shop\/all-products\/purina-felix-sensations-pomidor-sousunda-mal-%c9%99ti-75-qr\/#breadcrumb","itemListElement":[{"@type":"ListItem","position":1,"name":"Home","item":"https:\/\/zoo-land.az\/ru\/"},{"@type":"ListItem","position":2,"name":"Shop","item":"https:\/\/zoo-land.az\/ru\/"},{"@type":"ListItem","position":3,"name":"Purina Felix Sensations: Pomidor Sousunda Mal \u018fti (75 qr)"}]},{"@type":"WebSite","@id":"https:\/\/zoo-land.az\/ru\/#website","url":"https:\/\/zoo-land.az\/ru\/","name":"Zooland.az","description":"Xo\u015fb\u0259xt ev heyvanlar\u0131n\u0131n \u00fcnvan\u0131 Zooland.az","publisher":{"@id":"https:\/\/zoo-land.az\/ru\/#organization"},"potentialAction":[{"@type":"SearchAction","target":{"@type":"EntryPoint","urlTemplate":"https:\/\/zoo-land.az\/ru\/?s={search_term_string}"},"query-input":{"@type":"PropertyValueSpecification","valueRequired":true,"valueName":"search_term_string"}}],"inLanguage":"az"},{"@type":"Organization","@id":"https:\/\/zoo-land.az\/ru\/#organization","name":"Zooland.az","url":"https:\/\/zoo-land.az\/ru\/","logo":{"@type":"ImageObject","inLanguage":"az","@id":"https:\/\/zoo-land.az\/ru\/#\/schema\/logo\/image\/","url":"https:\/\/zoo-land.az\/wp-content\/uploads\/2022\/05\/logo.svg","contentUrl":"https:\/\/zoo-land.az\/wp-content\/uploads\/2022\/05\/logo.svg","width":113,"height":46,"caption":"Zooland.az"},"image":{"@id":"https:\/\/zoo-land.az\/ru\/#\/schema\/logo\/image\/"}}]}},"_links":{"self":[{"href":"https:\/\/zoo-land.az\/az\/wp-json\/wp\/v2\/product\/25399","targetHints":{"allow":["GET"]}}],"collection":[{"href":"https:\/\/zoo-land.az\/az\/wp-json\/wp\/v2\/product"}],"about":[{"href":"https:\/\/zoo-land.az\/az\/wp-json\/wp\/v2\/types\/product"}],"wp:featuredmedia":[{"embeddable":true,"href":"https:\/\/zoo-land.az\/az\/wp-json\/wp\/v2\/media\/25400"}],"wp:attachment":[{"href":"https:\/\/zoo-land.az\/az\/wp-json\/wp\/v2\/media?parent=25399"}],"wp:term":[{"taxonomy":"product_cat","embeddable":true,"href":"https:\/\/zoo-land.az\/az\/wp-json\/wp\/v2\/product_cat?post=25399"},{"taxonomy":"product_tag","embeddable":true,"href":"https:\/\/zoo-land.az\/az\/wp-json\/wp\/v2\/product_tag?post=25399"}],"curies":[{"name":"wp","href":"https:\/\/api.w.org\/{rel}","templated":true}]}}