{"id":21886,"date":"2024-05-08T08:15:59","date_gmt":"2024-05-08T08:15:59","guid":{"rendered":"https:\/\/lightsteelblue-zebra-299715.hostingersite.com\/?post_type=product&#038;p=21886"},"modified":"2024-05-08T08:59:56","modified_gmt":"2024-05-08T08:59:56","slug":"monge-sterilized-best-for-breeders-chicken-%d0%bf%d0%be%d0%bb%d0%bd%d0%be%d1%86%d0%b5%d0%bd%d0%bd%d1%8b%d0%b9-%d1%81%d1%83%d1%85%d0%be%d0%b9-%d0%ba%d0%be%d1%80%d0%bc-%d0%b4%d0%bb%d1%8f-%d1%81%d1%82","status":"publish","type":"product","link":"https:\/\/zoo-land.az\/ru\/shop\/cat\/cat-foods\/monge-sterilized-best-for-breeders-chicken-%d0%bf%d0%be%d0%bb%d0%bd%d0%be%d1%86%d0%b5%d0%bd%d0%bd%d1%8b%d0%b9-%d1%81%d1%83%d1%85%d0%be%d0%b9-%d0%ba%d0%be%d1%80%d0%bc-%d0%b4%d0%bb%d1%8f-%d1%81%d1%82\/","title":{"rendered":"\u041f\u043e\u043b\u043d\u043e\u0440\u0430\u0446\u0438\u043e\u043d\u043d\u044b\u0439 \u0441\u0443\u0445\u043e\u0439 \u043a\u043e\u0440\u043c Monge Sterilized Chicken \u0434\u043b\u044f \u0441\u0442\u0435\u0440\u0438\u043b\u0438\u0437\u043e\u0432\u0430\u043d\u043d\u044b\u0445 \u043a\u043e\u0448\u0435\u043a \u0438 \u043a\u0430\u0441\u0442\u0440\u0438\u0440\u043e\u0432\u0430\u043d\u043d\u044b\u0445 \u043a\u043e\u0442\u043e\u0432 1 \u043a\u0433."},"content":{"rendered":"<p>Monge Cat Sterelized Chicken \u2014 \u044d\u0442\u043e \u043f\u043e\u043b\u043d\u043e\u0446\u0435\u043d\u043d\u044b\u0439 \u0441\u0431\u0430\u043b\u0430\u043d\u0441\u0438\u0440\u043e\u0432\u0430\u043d\u043d\u044b\u0439 \u0440\u0430\u0446\u0438\u043e\u043d \u0434\u043b\u044f \u0441\u0442\u0435\u0440\u0438\u043b\u0438\u0437\u043e\u0432\u0430\u043d\u043d\u044b\u0445 \u043a\u043e\u0448\u0435\u043a, \u0432 \u043a\u043e\u0442\u043e\u0440\u043e\u043c \u0441\u043e\u0434\u0435\u0440\u0436\u0438\u0442\u0441\u044f \u043c\u0430\u043b\u043e \u043a\u0430\u043b\u043e\u0440\u0438\u0439 \u0438 \u043a\u043e\u0442\u043e\u0440\u044b\u0439 \u043f\u043e\u043c\u043e\u0433\u0430\u0435\u0442 \u043f\u0440\u0435\u0434\u043e\u0442\u0432\u0440\u0430\u0442\u0438\u0442\u044c \u043e\u0436\u0438\u0440\u0435\u043d\u0438\u0435. \u0421\u043e\u0434\u0435\u0440\u0436\u0438\u0442 \u043d\u0435\u043e\u0431\u0445\u043e\u0434\u0438\u043c\u044b\u0435 \u0430\u043d\u0442\u0438\u043e\u043a\u0441\u0438\u0434\u0430\u043d\u0442\u044b, \u0442\u0430\u043a\u0438\u0435 \u043a\u0430\u043a \u0432\u0438\u0442\u0430\u043c\u0438\u043d \u0415, \u0434\u043b\u044f \u043f\u043e\u0434\u0434\u0435\u0440\u0436\u043a\u0438 \u0438\u043c\u043c\u0443\u043d\u043d\u043e\u0439 \u0441\u0438\u0441\u0442\u0435\u043c\u044b. \u0423\u043c\u0435\u0440\u0435\u043d\u043d\u043e\u0435 \u0441\u043e\u0434\u0435\u0440\u0436\u0430\u043d\u0438\u0435 \u0436\u0438\u0440\u0430 \u0432 \u043a\u043e\u0440\u043c\u0430\u0445 \u043f\u0440\u0435\u043f\u044f\u0442\u0441\u0442\u0432\u0443\u0435\u0442 \u043d\u0430\u043a\u043e\u043f\u043b\u0435\u043d\u0438\u044e \u0438\u0437\u0431\u044b\u0442\u043e\u0447\u043d\u043e\u0439 \u0436\u0438\u0432\u043e\u0439 \u043c\u0430\u0441\u0441\u044b \u0438 \u043f\u0440\u0435\u043f\u044f\u0442\u0441\u0442\u0432\u0443\u0435\u0442 \u0434\u0430\u043b\u044c\u043d\u0435\u0439\u0448\u0435\u043c\u0443 \u043d\u0430\u0431\u043e\u0440\u0443 \u0432\u0435\u0441\u0430. \u0421\u043e\u0434\u0435\u0440\u0436\u0430\u043d\u0438\u0435 XOS \u041f\u043e\u043c\u043e\u0433\u0430\u0435\u0442 \u043f\u043e\u0434\u0434\u0435\u0440\u0436\u0438\u0432\u0430\u0442\u044c \u0435\u0441\u0442\u0435\u0441\u0442\u0432\u0435\u043d\u043d\u044b\u0439 \u0431\u0430\u043b\u0430\u043d\u0441 \u043c\u0438\u043a\u0440\u043e\u0444\u043b\u043e\u0440\u044b \u043a\u0438\u0448\u0435\u0447\u043d\u0438\u043a\u0430, \u0441\u043f\u043e\u0441\u043e\u0431\u0441\u0442\u0432\u0443\u0435\u0442 \u043e\u043f\u0442\u0438\u043c\u0430\u043b\u044c\u043d\u043e\u043c\u0443 \u0443\u0441\u0432\u043e\u0435\u043d\u0438\u044e \u043f\u0438\u0442\u0430\u0442\u0435\u043b\u044c\u043d\u044b\u0445 \u0432\u0435\u0449\u0435\u0441\u0442\u0432 \u0438 \u043f\u043e\u0432\u044b\u0448\u0430\u0435\u0442 \u0438\u043c\u043c\u0443\u043d\u0438\u0442\u0435\u0442. \u041e\u0431\u043e\u0433\u0430\u0449\u0435\u043d \u043a\u043b\u0435\u0442\u0447\u0430\u0442\u043a\u043e\u0439. \u041e\u0434\u043d\u0438\u043c \u0438\u0437 \u043d\u0430\u0438\u0431\u043e\u043b\u0435\u0435 \u0432\u0430\u0436\u043d\u044b\u0445 \u043f\u0440\u0435\u0438\u043c\u0443\u0449\u0435\u0441\u0442\u0432 \u043a\u043b\u0435\u0442\u0447\u0430\u0442\u043a\u0438 \u0432 \u043a\u043e\u0440\u043c\u0430\u0445 \u0434\u043b\u044f \u043a\u043e\u0448\u0435\u043a \u044f\u0432\u043b\u044f\u0435\u0442\u0441\u044f \u0435\u0435 \u0441\u043f\u043e\u0441\u043e\u0431\u043d\u043e\u0441\u0442\u044c \u043a\u043e\u043d\u0442\u0440\u043e\u043b\u0438\u0440\u043e\u0432\u0430\u0442\u044c \u0432\u0435\u0441 \u0436\u0438\u0432\u043e\u0442\u043d\u043e\u0433\u043e. \u0414\u043e\u0431\u0430\u0432\u043b\u0435\u043d\u0438\u0435 \u0432 \u043a\u043e\u0440\u043c \u043c\u0435\u0434\u043b\u0435\u043d\u043d\u043e\u0444\u0435\u0440\u043c\u0435\u043d\u0442\u0438\u0440\u0443\u044e\u0449\u0435\u0439 \u043a\u043b\u0435\u0442\u0447\u0430\u0442\u043a\u0438 \u043f\u043e\u043c\u043e\u0433\u0430\u0435\u0442 \u043f\u0440\u0435\u0434\u043e\u0442\u0432\u0440\u0430\u0442\u0438\u0442\u044c \u043e\u0436\u0438\u0440\u0435\u043d\u0438\u0435 \u0438 \u0441\u043f\u043e\u0441\u043e\u0431\u0441\u0442\u0432\u0443\u0435\u0442 \u0441\u043d\u0438\u0436\u0435\u043d\u0438\u044e \u0432\u0435\u0441\u0430. \u0416\u0438\u0440\u043d\u044b\u0435 \u043a\u0438\u0441\u043b\u043e\u0442\u044b \u041e\u043c\u0435\u0433\u0430-3 \u0438 \u041e\u043c\u0435\u0433\u0430-6 \u0434\u043b\u044f \u043a\u0440\u0430\u0441\u0438\u0432\u043e\u0439 \u0448\u0435\u0440\u0441\u0442\u0438 \u0438 \u0437\u0434\u043e\u0440\u043e\u0432\u043e\u0439 \u043a\u043e\u0436\u0438. \u041e\u043f\u0442\u0438\u043c\u0430\u043b\u044c\u043d\u044b\u0439 \u0431\u0430\u043b\u0430\u043d\u0441 \u041e\u043c\u0435\u0433\u0430-3 \u0438 \u041e\u043c\u0435\u0433\u0430-6 \u0432 \u043a\u043e\u0440\u043c\u0435 \u0447\u0440\u0435\u0437\u0432\u044b\u0447\u0430\u0439\u043d\u043e \u0432\u0430\u0436\u0435\u043d \u0434\u043b\u044f \u043f\u043e\u0434\u0434\u0435\u0440\u0436\u0430\u043d\u0438\u044f \u043a\u043e\u0436\u0438 \u0438 \u0448\u0435\u0440\u0441\u0442\u0438 \u0432 \u043e\u0442\u043b\u0438\u0447\u043d\u043e\u043c \u0441\u043e\u0441\u0442\u043e\u044f\u043d\u0438\u0438.<\/p>","protected":false},"excerpt":{"rendered":"<p>\u0421\u0443\u0445\u043e\u0439 \u043a\u043e\u0440\u043c \u0434\u043b\u044f \u043a\u043e\u0448\u0435\u043a Monge Sterilized Chicken \u2013 \u0438\u0434\u0435\u0430\u043b\u044c\u043d\u044b\u0439 \u0432\u044b\u0431\u043e\u0440 \u0434\u043b\u044f \u0441\u0442\u0435\u0440\u0438\u043b\u0438\u0437\u043e\u0432\u0430\u043d\u043d\u044b\u0445 \u043a\u043e\u0448\u0435\u043a. \u0411\u043b\u0430\u0433\u043e\u0434\u0430\u0440\u044f \u0441\u0431\u0430\u043b\u0430\u043d\u0441\u0438\u0440\u043e\u0432\u0430\u043d\u043d\u043e\u043c\u0443 \u0441\u043e\u0447\u0435\u0442\u0430\u043d\u0438\u044e \u0438\u043d\u0433\u0440\u0435\u0434\u0438\u0435\u043d\u0442\u043e\u0432 \u043e\u0431\u0435\u0441\u043f\u0435\u0447\u0438\u0432\u0430\u0435\u0442 \u043f\u043e\u043b\u043d\u043e\u0446\u0435\u043d\u043d\u043e\u0435 \u043f\u0438\u0442\u0430\u043d\u0438\u0435 \u0438 \u043f\u043e\u0434\u0434\u0435\u0440\u0436\u0438\u0432\u0430\u0435\u0442 \u0437\u0434\u043e\u0440\u043e\u0432\u044c\u0435 \u0432\u0430\u0448\u0435\u0433\u043e \u043f\u0438\u0442\u043e\u043c\u0446\u0430.<br \/>\n\u041f\u043e\u043b\u043d\u043e\u0446\u0435\u043d\u043d\u043e\u0435 \u043f\u0438\u0442\u0430\u043d\u0438\u0435 \u0434\u043b\u044f \u0441\u0442\u0435\u0440\u0438\u043b\u0438\u0437\u043e\u0432\u0430\u043d\u043d\u044b\u0445 \u043a\u043e\u0448\u0435\u043a.<br \/>\n\u0413\u043b\u0430\u0432\u043d\u044b\u043c \u043f\u0440\u0435\u0438\u043c\u0443\u0449\u0435\u0441\u0442\u0432\u043e\u043c \u044d\u0442\u043e\u0433\u043e \u043a\u043e\u0440\u043c\u0430 \u044f\u0432\u043b\u044f\u0435\u0442\u0441\u044f \u0435\u0433\u043e \u043e\u0441\u043e\u0431\u0430\u044f \u0444\u043e\u0440\u043c\u0443\u043b\u0430, \u0440\u0430\u0437\u0440\u0430\u0431\u043e\u0442\u0430\u043d\u043d\u0430\u044f \u0441\u043f\u0435\u0446\u0438\u0430\u043b\u044c\u043d\u043e \u0434\u043b\u044f \u0441\u0442\u0435\u0440\u0438\u043b\u0438\u0437\u043e\u0432\u0430\u043d\u043d\u044b\u0445 \u043a\u043e\u0448\u0435\u043a. \u041e\u043d \u0441\u043e\u0434\u0435\u0440\u0436\u0438\u0442 \u043e\u043f\u0442\u0438\u043c\u0430\u043b\u044c\u043d\u043e\u0435 \u0441\u043e\u043e\u0442\u043d\u043e\u0448\u0435\u043d\u0438\u0435 \u0431\u0435\u043b\u043a\u043e\u0432, \u0436\u0438\u0440\u043e\u0432, \u043a\u043b\u0435\u0442\u0447\u0430\u0442\u043a\u0438 \u0438 \u0437\u043e\u043b\u044b, \u0447\u0442\u043e \u0432 \u0434\u0430\u043b\u044c\u043d\u0435\u0439\u0448\u0435\u043c \u043f\u043e\u043c\u043e\u0433\u0430\u0435\u0442 \u043f\u043e\u0434\u0434\u0435\u0440\u0436\u0438\u0432\u0430\u0442\u044c \u043d\u043e\u0440\u043c\u0430\u043b\u044c\u043d\u044b\u0439 \u0432\u0435\u0441 \u0436\u0438\u0432\u043e\u0442\u043d\u043e\u0433\u043e \u043f\u043e\u0441\u043b\u0435 \u0441\u0442\u0435\u0440\u0438\u043b\u0438\u0437\u0430\u0446\u0438\u0438.<br \/>\n\u041a\u0440\u043e\u043c\u0435 \u0442\u043e\u0433\u043e, \u044d\u0442\u043e\u0442 \u043a\u043e\u0440\u043c \u0431\u043e\u0433\u0430\u0442 \u0432\u0438\u0442\u0430\u043c\u0438\u043d\u0430\u043c\u0438 \u0410 \u0438 D3, \u043a\u043e\u0442\u043e\u0440\u044b\u0435 \u043d\u0435\u043e\u0431\u0445\u043e\u0434\u0438\u043c\u044b \u0434\u043b\u044f \u043f\u043e\u0434\u0434\u0435\u0440\u0436\u0430\u043d\u0438\u044f \u0438\u043c\u043c\u0443\u043d\u043d\u043e\u0439 \u0441\u0438\u0441\u0442\u0435\u043c\u044b \u0438 \u0437\u0434\u043e\u0440\u043e\u0432\u044c\u044f \u0448\u0435\u0440\u0441\u0442\u0438. \u0423\u043f\u0430\u043a\u043e\u0432\u043a\u0430 Zip-lock \u043e\u0431\u0435\u0441\u043f\u0435\u0447\u0438\u0432\u0430\u0435\u0442 \u0434\u043b\u0438\u0442\u0435\u043b\u044c\u043d\u043e\u0435 \u0441\u043e\u0445\u0440\u0430\u043d\u0435\u043d\u0438\u0435 \u0441\u0432\u0435\u0436\u0435\u0441\u0442\u0438 \u043f\u0440\u043e\u0434\u0443\u043a\u0442\u0430. \u041a\u043e\u0440\u043c \u043f\u0440\u0435\u0434\u043d\u0430\u0437\u043d\u0430\u0447\u0435\u043d \u0434\u043b\u044f \u043a\u043e\u0448\u0435\u043a \u0432\u0441\u0435\u0445 \u043f\u043e\u0440\u043e\u0434 \u0438 \u0441\u043e\u043e\u0442\u0432\u0435\u0442\u0441\u0442\u0432\u0443\u0435\u0442 \u0442\u0440\u0435\u0431\u043e\u0432\u0430\u043d\u0438\u044f\u043c \u0441\u0442\u0435\u0440\u0438\u043b\u0438\u0437\u043e\u0432\u0430\u043d\u043d\u044b\u0445\/\u043a\u0430\u0441\u0442\u0440\u0438\u0440\u043e\u0432\u0430\u043d\u043d\u044b\u0445 \u0436\u0438\u0432\u043e\u0442\u043d\u044b\u0445.<\/p>","protected":false},"featured_media":21887,"template":"","meta":{"inline_featured_image":false,"_joinchat":[]},"product_cat":[189,188],"product_tag":[],"class_list":{"0":"post-21886","1":"product","2":"type-product","3":"status-publish","4":"has-post-thumbnail","6":"product_brand-monge","7":"product_cat-cat-foods","8":"product_cat-cat","10":"first","11":"instock","12":"shipping-taxable","13":"purchasable","14":"product-type-simple"},"yoast_head":"<!-- This site is optimized with the Yoast SEO plugin v26.7 - https:\/\/yoast.com\/wordpress\/plugins\/seo\/ -->\n<title>Monge Sterilized Chicken complete dry food for sterilized cats and neutered males 1 kg - Zooland.az<\/title>\n<meta name=\"robots\" content=\"index, follow, max-snippet:-1, max-image-preview:large, max-video-preview:-1\" \/>\n<link rel=\"canonical\" href=\"https:\/\/zoo-land.az\/ru\/shop\/cat\/cat-foods\/monge-sterilized-best-for-breeders-chicken-\u043f\u043e\u043b\u043d\u043e\u0446\u0435\u043d\u043d\u044b\u0439-\u0441\u0443\u0445\u043e\u0439-\u043a\u043e\u0440\u043c-\u0434\u043b\u044f-\u0441\u0442\/\" \/>\n<meta property=\"og:locale\" content=\"ru_RU\" \/>\n<meta property=\"og:type\" content=\"article\" \/>\n<meta property=\"og:title\" content=\"Monge Sterilized Chicken complete dry food for sterilized cats and neutered males 1 kg - Zooland.az\" \/>\n<meta property=\"og:description\" content=\"Monge Sterilized Chicken dry cat food is an ideal choice for sterilized cats. Thanks to a balanced combination of ingredients, it provides complete nutrition and supports the health of your pet. Complete nutrition for sterilized cats The main advantage of this food is its special formula, designed specifically for sterilized cats. It contains an optimal ratio of proteins, fats, fiber and ash, which further helps maintain the normal weight of the animal after sterilization. In addition, this food is high in vitamins A and D3, which are essential for maintaining the immune system and healthy coat. Zip-lock packaging ensures long-term preservation of product freshness. The food is intended for cats of all breeds and meets the requirements of spayed\/neutered animals.\" \/>\n<meta property=\"og:url\" content=\"https:\/\/zoo-land.az\/ru\/shop\/cat\/cat-foods\/monge-sterilized-best-for-breeders-chicken-\u043f\u043e\u043b\u043d\u043e\u0446\u0435\u043d\u043d\u044b\u0439-\u0441\u0443\u0445\u043e\u0439-\u043a\u043e\u0440\u043c-\u0434\u043b\u044f-\u0441\u0442\/\" \/>\n<meta property=\"og:site_name\" content=\"Zooland.az\" \/>\n<meta property=\"article:modified_time\" content=\"2024-05-08T08:59:56+00:00\" \/>\n<meta property=\"og:image\" content=\"https:\/\/zoo-land.az\/wp-content\/uploads\/2024\/05\/05135.jpg\" \/>\n\t<meta property=\"og:image:width\" content=\"838\" \/>\n\t<meta property=\"og:image:height\" content=\"919\" \/>\n\t<meta property=\"og:image:type\" content=\"image\/jpeg\" \/>\n<meta name=\"twitter:card\" content=\"summary_large_image\" \/>\n<meta name=\"twitter:label1\" content=\"\u041f\u0440\u0438\u043c\u0435\u0440\u043d\u043e\u0435 \u0432\u0440\u0435\u043c\u044f \u0434\u043b\u044f \u0447\u0442\u0435\u043d\u0438\u044f\" \/>\n\t<meta name=\"twitter:data1\" content=\"1 \u043c\u0438\u043d\u0443\u0442\u0430\" \/>\n<script type=\"application\/ld+json\" class=\"yoast-schema-graph\">{\"@context\":\"https:\/\/schema.org\",\"@graph\":[{\"@type\":\"WebPage\",\"@id\":\"https:\/\/zoo-land.az\/az\/shop\/cat\/cat-foods\/monge-sterilized-best-for-breeders-chicken-%d0%bf%d0%be%d0%bb%d0%bd%d0%be%d1%86%d0%b5%d0%bd%d0%bd%d1%8b%d0%b9-%d1%81%d1%83%d1%85%d0%be%d0%b9-%d0%ba%d0%be%d1%80%d0%bc-%d0%b4%d0%bb%d1%8f-%d1%81%d1%82\/\",\"url\":\"https:\/\/zoo-land.az\/az\/shop\/cat\/cat-foods\/monge-sterilized-best-for-breeders-chicken-%d0%bf%d0%be%d0%bb%d0%bd%d0%be%d1%86%d0%b5%d0%bd%d0%bd%d1%8b%d0%b9-%d1%81%d1%83%d1%85%d0%be%d0%b9-%d0%ba%d0%be%d1%80%d0%bc-%d0%b4%d0%bb%d1%8f-%d1%81%d1%82\/\",\"name\":\"Monge Sterilized Chicken complete dry food for sterilized cats and neutered males 1 kg - Zooland.az\",\"isPartOf\":{\"@id\":\"https:\/\/zoo-land.az\/#website\"},\"primaryImageOfPage\":{\"@id\":\"https:\/\/zoo-land.az\/az\/shop\/cat\/cat-foods\/monge-sterilized-best-for-breeders-chicken-%d0%bf%d0%be%d0%bb%d0%bd%d0%be%d1%86%d0%b5%d0%bd%d0%bd%d1%8b%d0%b9-%d1%81%d1%83%d1%85%d0%be%d0%b9-%d0%ba%d0%be%d1%80%d0%bc-%d0%b4%d0%bb%d1%8f-%d1%81%d1%82\/#primaryimage\"},\"image\":{\"@id\":\"https:\/\/zoo-land.az\/az\/shop\/cat\/cat-foods\/monge-sterilized-best-for-breeders-chicken-%d0%bf%d0%be%d0%bb%d0%bd%d0%be%d1%86%d0%b5%d0%bd%d0%bd%d1%8b%d0%b9-%d1%81%d1%83%d1%85%d0%be%d0%b9-%d0%ba%d0%be%d1%80%d0%bc-%d0%b4%d0%bb%d1%8f-%d1%81%d1%82\/#primaryimage\"},\"thumbnailUrl\":\"https:\/\/zoo-land.az\/wp-content\/uploads\/2024\/05\/05135.jpg\",\"datePublished\":\"2024-05-08T08:15:59+00:00\",\"dateModified\":\"2024-05-08T08:59:56+00:00\",\"breadcrumb\":{\"@id\":\"https:\/\/zoo-land.az\/az\/shop\/cat\/cat-foods\/monge-sterilized-best-for-breeders-chicken-%d0%bf%d0%be%d0%bb%d0%bd%d0%be%d1%86%d0%b5%d0%bd%d0%bd%d1%8b%d0%b9-%d1%81%d1%83%d1%85%d0%be%d0%b9-%d0%ba%d0%be%d1%80%d0%bc-%d0%b4%d0%bb%d1%8f-%d1%81%d1%82\/#breadcrumb\"},\"inLanguage\":\"ru-RU\",\"potentialAction\":[{\"@type\":\"ReadAction\",\"target\":[\"https:\/\/zoo-land.az\/az\/shop\/cat\/cat-foods\/monge-sterilized-best-for-breeders-chicken-%d0%bf%d0%be%d0%bb%d0%bd%d0%be%d1%86%d0%b5%d0%bd%d0%bd%d1%8b%d0%b9-%d1%81%d1%83%d1%85%d0%be%d0%b9-%d0%ba%d0%be%d1%80%d0%bc-%d0%b4%d0%bb%d1%8f-%d1%81%d1%82\/\"]}]},{\"@type\":\"ImageObject\",\"inLanguage\":\"ru-RU\",\"@id\":\"https:\/\/zoo-land.az\/az\/shop\/cat\/cat-foods\/monge-sterilized-best-for-breeders-chicken-%d0%bf%d0%be%d0%bb%d0%bd%d0%be%d1%86%d0%b5%d0%bd%d0%bd%d1%8b%d0%b9-%d1%81%d1%83%d1%85%d0%be%d0%b9-%d0%ba%d0%be%d1%80%d0%bc-%d0%b4%d0%bb%d1%8f-%d1%81%d1%82\/#primaryimage\",\"url\":\"https:\/\/zoo-land.az\/wp-content\/uploads\/2024\/05\/05135.jpg\",\"contentUrl\":\"https:\/\/zoo-land.az\/wp-content\/uploads\/2024\/05\/05135.jpg\",\"width\":838,\"height\":919},{\"@type\":\"BreadcrumbList\",\"@id\":\"https:\/\/zoo-land.az\/az\/shop\/cat\/cat-foods\/monge-sterilized-best-for-breeders-chicken-%d0%bf%d0%be%d0%bb%d0%bd%d0%be%d1%86%d0%b5%d0%bd%d0%bd%d1%8b%d0%b9-%d1%81%d1%83%d1%85%d0%be%d0%b9-%d0%ba%d0%be%d1%80%d0%bc-%d0%b4%d0%bb%d1%8f-%d1%81%d1%82\/#breadcrumb\",\"itemListElement\":[{\"@type\":\"ListItem\",\"position\":1,\"name\":\"Home\",\"item\":\"https:\/\/zoo-land.az\/ru\/\"},{\"@type\":\"ListItem\",\"position\":2,\"name\":\"Shop\",\"item\":\"https:\/\/zoo-land.az\/ru\/\"},{\"@type\":\"ListItem\",\"position\":3,\"name\":\"Monge Sterilized Chicken complete dry food for sterilized cats and neutered males 1 kg\"}]},{\"@type\":\"WebSite\",\"@id\":\"https:\/\/zoo-land.az\/#website\",\"url\":\"https:\/\/zoo-land.az\/\",\"name\":\"Zooland.az\",\"description\":\"Xo\u015fb\u0259xt ev heyvanlar\u0131n\u0131n \u00fcnvan\u0131 Zooland.az\",\"publisher\":{\"@id\":\"https:\/\/zoo-land.az\/#organization\"},\"potentialAction\":[{\"@type\":\"SearchAction\",\"target\":{\"@type\":\"EntryPoint\",\"urlTemplate\":\"https:\/\/zoo-land.az\/?s={search_term_string}\"},\"query-input\":{\"@type\":\"PropertyValueSpecification\",\"valueRequired\":true,\"valueName\":\"search_term_string\"}}],\"inLanguage\":\"ru-RU\"},{\"@type\":\"Organization\",\"@id\":\"https:\/\/zoo-land.az\/#organization\",\"name\":\"Zooland.az\",\"url\":\"https:\/\/zoo-land.az\/\",\"logo\":{\"@type\":\"ImageObject\",\"inLanguage\":\"ru-RU\",\"@id\":\"https:\/\/zoo-land.az\/#\/schema\/logo\/image\/\",\"url\":\"https:\/\/zoo-land.az\/wp-content\/uploads\/2022\/05\/logo.svg\",\"contentUrl\":\"https:\/\/zoo-land.az\/wp-content\/uploads\/2022\/05\/logo.svg\",\"width\":113,\"height\":46,\"caption\":\"Zooland.az\"},\"image\":{\"@id\":\"https:\/\/zoo-land.az\/#\/schema\/logo\/image\/\"}}]}<\/script>\n<!-- \/ Yoast SEO plugin. -->","yoast_head_json":{"title":"Monge Sterilized Chicken complete dry food for sterilized cats and neutered males 1 kg - Zooland.az","robots":{"index":"index","follow":"follow","max-snippet":"max-snippet:-1","max-image-preview":"max-image-preview:large","max-video-preview":"max-video-preview:-1"},"canonical":"https:\/\/zoo-land.az\/ru\/shop\/cat\/cat-foods\/monge-sterilized-best-for-breeders-chicken-\u043f\u043e\u043b\u043d\u043e\u0446\u0435\u043d\u043d\u044b\u0439-\u0441\u0443\u0445\u043e\u0439-\u043a\u043e\u0440\u043c-\u0434\u043b\u044f-\u0441\u0442\/","og_locale":"ru_RU","og_type":"article","og_title":"Monge Sterilized Chicken complete dry food for sterilized cats and neutered males 1 kg - Zooland.az","og_description":"Monge Sterilized Chicken dry cat food is an ideal choice for sterilized cats. Thanks to a balanced combination of ingredients, it provides complete nutrition and supports the health of your pet. Complete nutrition for sterilized cats The main advantage of this food is its special formula, designed specifically for sterilized cats. It contains an optimal ratio of proteins, fats, fiber and ash, which further helps maintain the normal weight of the animal after sterilization. In addition, this food is high in vitamins A and D3, which are essential for maintaining the immune system and healthy coat. Zip-lock packaging ensures long-term preservation of product freshness. The food is intended for cats of all breeds and meets the requirements of spayed\/neutered animals.","og_url":"https:\/\/zoo-land.az\/ru\/shop\/cat\/cat-foods\/monge-sterilized-best-for-breeders-chicken-\u043f\u043e\u043b\u043d\u043e\u0446\u0435\u043d\u043d\u044b\u0439-\u0441\u0443\u0445\u043e\u0439-\u043a\u043e\u0440\u043c-\u0434\u043b\u044f-\u0441\u0442\/","og_site_name":"Zooland.az","article_modified_time":"2024-05-08T08:59:56+00:00","og_image":[{"width":838,"height":919,"url":"https:\/\/zoo-land.az\/wp-content\/uploads\/2024\/05\/05135.jpg","type":"image\/jpeg"}],"twitter_card":"summary_large_image","twitter_misc":{"\u041f\u0440\u0438\u043c\u0435\u0440\u043d\u043e\u0435 \u0432\u0440\u0435\u043c\u044f \u0434\u043b\u044f \u0447\u0442\u0435\u043d\u0438\u044f":"1 \u043c\u0438\u043d\u0443\u0442\u0430"},"schema":{"@context":"https:\/\/schema.org","@graph":[{"@type":"WebPage","@id":"https:\/\/zoo-land.az\/az\/shop\/cat\/cat-foods\/monge-sterilized-best-for-breeders-chicken-%d0%bf%d0%be%d0%bb%d0%bd%d0%be%d1%86%d0%b5%d0%bd%d0%bd%d1%8b%d0%b9-%d1%81%d1%83%d1%85%d0%be%d0%b9-%d0%ba%d0%be%d1%80%d0%bc-%d0%b4%d0%bb%d1%8f-%d1%81%d1%82\/","url":"https:\/\/zoo-land.az\/az\/shop\/cat\/cat-foods\/monge-sterilized-best-for-breeders-chicken-%d0%bf%d0%be%d0%bb%d0%bd%d0%be%d1%86%d0%b5%d0%bd%d0%bd%d1%8b%d0%b9-%d1%81%d1%83%d1%85%d0%be%d0%b9-%d0%ba%d0%be%d1%80%d0%bc-%d0%b4%d0%bb%d1%8f-%d1%81%d1%82\/","name":"Monge Sterilized Chicken complete dry food for sterilized cats and neutered males 1 kg - Zooland.az","isPartOf":{"@id":"https:\/\/zoo-land.az\/#website"},"primaryImageOfPage":{"@id":"https:\/\/zoo-land.az\/az\/shop\/cat\/cat-foods\/monge-sterilized-best-for-breeders-chicken-%d0%bf%d0%be%d0%bb%d0%bd%d0%be%d1%86%d0%b5%d0%bd%d0%bd%d1%8b%d0%b9-%d1%81%d1%83%d1%85%d0%be%d0%b9-%d0%ba%d0%be%d1%80%d0%bc-%d0%b4%d0%bb%d1%8f-%d1%81%d1%82\/#primaryimage"},"image":{"@id":"https:\/\/zoo-land.az\/az\/shop\/cat\/cat-foods\/monge-sterilized-best-for-breeders-chicken-%d0%bf%d0%be%d0%bb%d0%bd%d0%be%d1%86%d0%b5%d0%bd%d0%bd%d1%8b%d0%b9-%d1%81%d1%83%d1%85%d0%be%d0%b9-%d0%ba%d0%be%d1%80%d0%bc-%d0%b4%d0%bb%d1%8f-%d1%81%d1%82\/#primaryimage"},"thumbnailUrl":"https:\/\/zoo-land.az\/wp-content\/uploads\/2024\/05\/05135.jpg","datePublished":"2024-05-08T08:15:59+00:00","dateModified":"2024-05-08T08:59:56+00:00","breadcrumb":{"@id":"https:\/\/zoo-land.az\/az\/shop\/cat\/cat-foods\/monge-sterilized-best-for-breeders-chicken-%d0%bf%d0%be%d0%bb%d0%bd%d0%be%d1%86%d0%b5%d0%bd%d0%bd%d1%8b%d0%b9-%d1%81%d1%83%d1%85%d0%be%d0%b9-%d0%ba%d0%be%d1%80%d0%bc-%d0%b4%d0%bb%d1%8f-%d1%81%d1%82\/#breadcrumb"},"inLanguage":"ru-RU","potentialAction":[{"@type":"ReadAction","target":["https:\/\/zoo-land.az\/az\/shop\/cat\/cat-foods\/monge-sterilized-best-for-breeders-chicken-%d0%bf%d0%be%d0%bb%d0%bd%d0%be%d1%86%d0%b5%d0%bd%d0%bd%d1%8b%d0%b9-%d1%81%d1%83%d1%85%d0%be%d0%b9-%d0%ba%d0%be%d1%80%d0%bc-%d0%b4%d0%bb%d1%8f-%d1%81%d1%82\/"]}]},{"@type":"ImageObject","inLanguage":"ru-RU","@id":"https:\/\/zoo-land.az\/az\/shop\/cat\/cat-foods\/monge-sterilized-best-for-breeders-chicken-%d0%bf%d0%be%d0%bb%d0%bd%d0%be%d1%86%d0%b5%d0%bd%d0%bd%d1%8b%d0%b9-%d1%81%d1%83%d1%85%d0%be%d0%b9-%d0%ba%d0%be%d1%80%d0%bc-%d0%b4%d0%bb%d1%8f-%d1%81%d1%82\/#primaryimage","url":"https:\/\/zoo-land.az\/wp-content\/uploads\/2024\/05\/05135.jpg","contentUrl":"https:\/\/zoo-land.az\/wp-content\/uploads\/2024\/05\/05135.jpg","width":838,"height":919},{"@type":"BreadcrumbList","@id":"https:\/\/zoo-land.az\/az\/shop\/cat\/cat-foods\/monge-sterilized-best-for-breeders-chicken-%d0%bf%d0%be%d0%bb%d0%bd%d0%be%d1%86%d0%b5%d0%bd%d0%bd%d1%8b%d0%b9-%d1%81%d1%83%d1%85%d0%be%d0%b9-%d0%ba%d0%be%d1%80%d0%bc-%d0%b4%d0%bb%d1%8f-%d1%81%d1%82\/#breadcrumb","itemListElement":[{"@type":"ListItem","position":1,"name":"Home","item":"https:\/\/zoo-land.az\/ru\/"},{"@type":"ListItem","position":2,"name":"Shop","item":"https:\/\/zoo-land.az\/ru\/"},{"@type":"ListItem","position":3,"name":"Monge Sterilized Chicken complete dry food for sterilized cats and neutered males 1 kg"}]},{"@type":"WebSite","@id":"https:\/\/zoo-land.az\/#website","url":"https:\/\/zoo-land.az\/","name":"Zooland.az","description":"Xo\u015fb\u0259xt ev heyvanlar\u0131n\u0131n \u00fcnvan\u0131 Zooland.az","publisher":{"@id":"https:\/\/zoo-land.az\/#organization"},"potentialAction":[{"@type":"SearchAction","target":{"@type":"EntryPoint","urlTemplate":"https:\/\/zoo-land.az\/?s={search_term_string}"},"query-input":{"@type":"PropertyValueSpecification","valueRequired":true,"valueName":"search_term_string"}}],"inLanguage":"ru-RU"},{"@type":"Organization","@id":"https:\/\/zoo-land.az\/#organization","name":"Zooland.az","url":"https:\/\/zoo-land.az\/","logo":{"@type":"ImageObject","inLanguage":"ru-RU","@id":"https:\/\/zoo-land.az\/#\/schema\/logo\/image\/","url":"https:\/\/zoo-land.az\/wp-content\/uploads\/2022\/05\/logo.svg","contentUrl":"https:\/\/zoo-land.az\/wp-content\/uploads\/2022\/05\/logo.svg","width":113,"height":46,"caption":"Zooland.az"},"image":{"@id":"https:\/\/zoo-land.az\/#\/schema\/logo\/image\/"}}]}},"_links":{"self":[{"href":"https:\/\/zoo-land.az\/ru\/wp-json\/wp\/v2\/product\/21886","targetHints":{"allow":["GET"]}}],"collection":[{"href":"https:\/\/zoo-land.az\/ru\/wp-json\/wp\/v2\/product"}],"about":[{"href":"https:\/\/zoo-land.az\/ru\/wp-json\/wp\/v2\/types\/product"}],"wp:featuredmedia":[{"embeddable":true,"href":"https:\/\/zoo-land.az\/ru\/wp-json\/wp\/v2\/media\/21887"}],"wp:attachment":[{"href":"https:\/\/zoo-land.az\/ru\/wp-json\/wp\/v2\/media?parent=21886"}],"wp:term":[{"taxonomy":"product_cat","embeddable":true,"href":"https:\/\/zoo-land.az\/ru\/wp-json\/wp\/v2\/product_cat?post=21886"},{"taxonomy":"product_tag","embeddable":true,"href":"https:\/\/zoo-land.az\/ru\/wp-json\/wp\/v2\/product_tag?post=21886"}],"curies":[{"name":"wp","href":"https:\/\/api.w.org\/{rel}","templated":true}]}}