{"id":21934,"date":"2024-05-30T07:06:18","date_gmt":"2024-05-30T07:06:18","guid":{"rendered":"https:\/\/lightsteelblue-zebra-299715.hostingersite.com\/?post_type=product&#038;p=21934"},"modified":"2024-05-30T17:11:44","modified_gmt":"2024-05-30T17:11:44","slug":"royal-canin-wet-food-for-british-shorthair","status":"publish","type":"product","link":"https:\/\/zoo-land.az\/ru\/shop\/cat\/cat-wetfoods\/royal-canin-wet-food-for-british-shorthair\/","title":{"rendered":"Royal Canin \u0412\u043b\u0430\u0436\u043d\u044b\u0439 \u043a\u043e\u0440\u043c \u0434\u043b\u044f \u0431\u0440\u0438\u0442\u0430\u043d\u0441\u043a\u0438\u0445 \u043a\u043e\u0440\u043e\u0442\u043a\u043e\u0448\u0435\u0440\u0441\u0442\u043d\u044b\u0445 85 \u0433"},"content":{"rendered":"<p>\u041d\u0435\u0436\u043d\u044b\u0435 \u043a\u0443\u0441\u043e\u0447\u043a\u0438 \u0434\u043b\u044f \u0432\u0437\u0440\u043e\u0441\u043b\u044b\u0445 \u0431\u0440\u0438\u0442\u0430\u043d\u0441\u043a\u0438\u0445 \u043a\u043e\u0440\u043e\u0442\u043a\u043e\u0448\u0435\u0440\u0441\u0442\u043d\u044b\u0445 \u043a\u043e\u0448\u0435\u043a.<\/p>\n<p>\u0423\u041c\u0415\u0420\u0415\u041d\u041d\u0410\u042f \u042d\u041d\u0415\u0420\u0413\u0418\u042f<br \/>\n\u0423\u043c\u0435\u0440\u0435\u043d\u043d\u0430\u044f \u043a\u0430\u043b\u043e\u0440\u0438\u0439\u043d\u043e\u0441\u0442\u044c \u2013 \u043f\u043e\u043d\u0438\u0436\u0435\u043d\u043d\u043e\u0435 \u0441\u043e\u0434\u0435\u0440\u0436\u0430\u043d\u0438\u0435 \u0436\u0438\u0440\u0430 \u0434\u043b\u044f \u044d\u0444\u0444\u0435\u043a\u0442\u0438\u0432\u043d\u043e\u0433\u043e \u043a\u043e\u043d\u0442\u0440\u043e\u043b\u044f \u0432\u0435\u0441\u0430.<\/p>\n<p>\u0421\u043e\u0441\u0442\u0430\u0432: \u043c\u044f\u0441\u043e \u0438 \u043c\u044f\u0441\u043d\u044b\u0435 \u0441\u0443\u0431\u043f\u0440\u043e\u0434\u0443\u043a\u0442\u044b, \u043a\u0440\u0443\u043f\u044b, \u0440\u044b\u0431\u0430 \u0438 \u0440\u044b\u0431\u043d\u044b\u0435 \u0441\u0443\u0431\u043f\u0440\u043e\u0434\u0443\u043a\u0442\u044b, \u044d\u043a\u0441\u0442\u0440\u0430\u043a\u0442\u044b \u0440\u0430\u0441\u0442\u0438\u0442\u0435\u043b\u044c\u043d\u044b\u0445 \u0431\u0435\u043b\u043a\u043e\u0432, \u043c\u0438\u043d\u0435\u0440\u0430\u043b\u044c\u043d\u044b\u0435 \u0432\u0435\u0449\u0435\u0441\u0442\u0432\u0430, \u0440\u0430\u0441\u0442\u0438\u0442\u0435\u043b\u044c\u043d\u044b\u0435 \u0441\u0443\u0431\u043f\u0440\u043e\u0434\u0443\u043a\u0442\u044b, \u043c\u0430\u0441\u043b\u0430 \u0438 \u0436\u0438\u0440\u044b, \u0438\u0441\u0442\u043e\u0447\u043d\u0438\u043a\u0438 \u0443\u0433\u043b\u0435\u0432\u043e\u0434\u043e\u0432.<\/p>\n<p>\u0414\u043e\u0431\u0430\u0432\u043a\u0438 (\u0437\u0430 1 \u043a\u0433):<br \/>\n\u2014 \u0412\u0438\u0442\u0430\u043c\u0438\u043d D3 265 \u041c\u0415<br \/>\n\u2014 \u0416\u0435\u043b\u0435\u0437\u043e 8 \u043c\u0433<br \/>\n\u2014 \u0419\u043e\u0434 0,09 \u043c\u0433<br \/>\n\u2013 \u041c\u0430\u0440\u0433\u0430\u043d\u0435\u0446 2,4 \u043c\u0433<br \/>\n\u2014 \u0426\u0438\u043d\u043a 24 \u043c\u0433<\/p>\n<p>\u0410\u043d\u0430\u043b\u0438\u0437:<br \/>\n\u2013 \u0411\u0435\u043b\u043a\u0438 9%<br \/>\n\u2014 \u0416\u0438\u0440\u044b 3.2%<br \/>\n\u2014 \u041c\u0438\u043d\u0435\u0440\u0430\u043b\u044b 1.2%<br \/>\n\u2013 \u041f\u0438\u0449\u0435\u0432\u044b\u0435 \u0432\u043e\u043b\u043e\u043a\u043d\u0430 0,81\u0422\u041f3\u0422<br \/>\n\u2014 \u0412\u043b\u0430\u0433\u0430 81%<br \/>\n\u2013 \u041c\u0435\u0434\u044c 2,4 \u043c\u0433\/\u043a\u0433<\/p>","protected":false},"excerpt":{"rendered":"<p>\u041d\u0435\u0436\u043d\u044b\u0435 \u043a\u0443\u0441\u043e\u0447\u043a\u0438 \u0434\u043b\u044f \u0432\u0437\u0440\u043e\u0441\u043b\u044b\u0445 \u0431\u0440\u0438\u0442\u0430\u043d\u0441\u043a\u0438\u0445 \u043a\u043e\u0440\u043e\u0442\u043a\u043e\u0448\u0435\u0440\u0441\u0442\u043d\u044b\u0445 \u043a\u043e\u0448\u0435\u043a.<\/p>\n<p>\u0423\u041c\u0415\u0420\u0415\u041d\u041d\u0410\u042f \u042d\u041d\u0415\u0420\u0413\u0418\u042f<br \/>\n\u0423\u043c\u0435\u0440\u0435\u043d\u043d\u0430\u044f \u043a\u0430\u043b\u043e\u0440\u0438\u0439\u043d\u043e\u0441\u0442\u044c \u2013 \u043f\u043e\u043d\u0438\u0436\u0435\u043d\u043d\u043e\u0435 \u0441\u043e\u0434\u0435\u0440\u0436\u0430\u043d\u0438\u0435 \u0436\u0438\u0440\u0430 \u0434\u043b\u044f \u044d\u0444\u0444\u0435\u043a\u0442\u0438\u0432\u043d\u043e\u0433\u043e \u043a\u043e\u043d\u0442\u0440\u043e\u043b\u044f \u0432\u0435\u0441\u0430.<\/p>","protected":false},"featured_media":21937,"template":"","meta":{"inline_featured_image":false,"_joinchat":[]},"product_cat":[188,190],"product_tag":[],"class_list":{"0":"post-21934","1":"product","2":"type-product","3":"status-publish","4":"has-post-thumbnail","6":"product_brand-royal-canin","7":"product_cat-cat","8":"product_cat-cat-wetfoods","10":"first","11":"instock","12":"shipping-taxable","13":"purchasable","14":"product-type-simple"},"yoast_head":"<!-- This site is optimized with the Yoast SEO plugin v26.7 - https:\/\/yoast.com\/wordpress\/plugins\/seo\/ -->\n<title>Royal Canin Wet food for British Shorthair 85 g - Zooland.az<\/title>\n<meta name=\"robots\" content=\"index, follow, max-snippet:-1, max-image-preview:large, max-video-preview:-1\" \/>\n<link rel=\"canonical\" href=\"https:\/\/zoo-land.az\/ru\/shop\/cat\/cat-wetfoods\/royal-canin-wet-food-for-british-shorthair\/\" \/>\n<meta property=\"og:locale\" content=\"ru_RU\" \/>\n<meta property=\"og:type\" content=\"article\" \/>\n<meta property=\"og:title\" content=\"Royal Canin Wet food for British Shorthair 85 g - Zooland.az\" \/>\n<meta property=\"og:description\" content=\"Tender pieces for adult British Shorthair cats.  MODERATE ENERGY Moderate calorie content - reduced fat content for effective weight control.\" \/>\n<meta property=\"og:url\" content=\"https:\/\/zoo-land.az\/ru\/shop\/cat\/cat-wetfoods\/royal-canin-wet-food-for-british-shorthair\/\" \/>\n<meta property=\"og:site_name\" content=\"Zooland.az\" \/>\n<meta property=\"article:modified_time\" content=\"2024-05-30T17:11:44+00:00\" \/>\n<meta name=\"twitter:card\" content=\"summary_large_image\" \/>\n<script type=\"application\/ld+json\" class=\"yoast-schema-graph\">{\"@context\":\"https:\/\/schema.org\",\"@graph\":[{\"@type\":\"WebPage\",\"@id\":\"https:\/\/zoo-land.az\/az\/shop\/cat\/cat-wetfoods\/royal-canin-wet-food-for-british-shorthair\/\",\"url\":\"https:\/\/zoo-land.az\/az\/shop\/cat\/cat-wetfoods\/royal-canin-wet-food-for-british-shorthair\/\",\"name\":\"Royal Canin Wet food for British Shorthair 85 g - Zooland.az\",\"isPartOf\":{\"@id\":\"https:\/\/zoo-land.az\/#website\"},\"primaryImageOfPage\":{\"@id\":\"https:\/\/zoo-land.az\/az\/shop\/cat\/cat-wetfoods\/royal-canin-wet-food-for-british-shorthair\/#primaryimage\"},\"image\":{\"@id\":\"https:\/\/zoo-land.az\/az\/shop\/cat\/cat-wetfoods\/royal-canin-wet-food-for-british-shorthair\/#primaryimage\"},\"thumbnailUrl\":\"https:\/\/zoo-land.az\/wp-content\/uploads\/2024\/05\/0fe6e780-be3f-11ed-af1a-e242c82bdaad_frame_1.avif\",\"datePublished\":\"2024-05-30T07:06:18+00:00\",\"dateModified\":\"2024-05-30T17:11:44+00:00\",\"breadcrumb\":{\"@id\":\"https:\/\/zoo-land.az\/az\/shop\/cat\/cat-wetfoods\/royal-canin-wet-food-for-british-shorthair\/#breadcrumb\"},\"inLanguage\":\"ru-RU\",\"potentialAction\":[{\"@type\":\"ReadAction\",\"target\":[\"https:\/\/zoo-land.az\/az\/shop\/cat\/cat-wetfoods\/royal-canin-wet-food-for-british-shorthair\/\"]}]},{\"@type\":\"ImageObject\",\"inLanguage\":\"ru-RU\",\"@id\":\"https:\/\/zoo-land.az\/az\/shop\/cat\/cat-wetfoods\/royal-canin-wet-food-for-british-shorthair\/#primaryimage\",\"url\":\"https:\/\/zoo-land.az\/wp-content\/uploads\/2024\/05\/0fe6e780-be3f-11ed-af1a-e242c82bdaad_frame_1.avif\",\"contentUrl\":\"https:\/\/zoo-land.az\/wp-content\/uploads\/2024\/05\/0fe6e780-be3f-11ed-af1a-e242c82bdaad_frame_1.avif\",\"width\":1200,\"height\":675},{\"@type\":\"BreadcrumbList\",\"@id\":\"https:\/\/zoo-land.az\/az\/shop\/cat\/cat-wetfoods\/royal-canin-wet-food-for-british-shorthair\/#breadcrumb\",\"itemListElement\":[{\"@type\":\"ListItem\",\"position\":1,\"name\":\"Home\",\"item\":\"https:\/\/zoo-land.az\/ru\/\"},{\"@type\":\"ListItem\",\"position\":2,\"name\":\"Shop\",\"item\":\"https:\/\/zoo-land.az\/ru\/\"},{\"@type\":\"ListItem\",\"position\":3,\"name\":\"Royal Canin Wet food for British Shorthair 85 g\"}]},{\"@type\":\"WebSite\",\"@id\":\"https:\/\/zoo-land.az\/#website\",\"url\":\"https:\/\/zoo-land.az\/\",\"name\":\"Zooland.az\",\"description\":\"Xo\u015fb\u0259xt ev heyvanlar\u0131n\u0131n \u00fcnvan\u0131 Zooland.az\",\"publisher\":{\"@id\":\"https:\/\/zoo-land.az\/#organization\"},\"potentialAction\":[{\"@type\":\"SearchAction\",\"target\":{\"@type\":\"EntryPoint\",\"urlTemplate\":\"https:\/\/zoo-land.az\/?s={search_term_string}\"},\"query-input\":{\"@type\":\"PropertyValueSpecification\",\"valueRequired\":true,\"valueName\":\"search_term_string\"}}],\"inLanguage\":\"ru-RU\"},{\"@type\":\"Organization\",\"@id\":\"https:\/\/zoo-land.az\/#organization\",\"name\":\"Zooland.az\",\"url\":\"https:\/\/zoo-land.az\/\",\"logo\":{\"@type\":\"ImageObject\",\"inLanguage\":\"ru-RU\",\"@id\":\"https:\/\/zoo-land.az\/#\/schema\/logo\/image\/\",\"url\":\"https:\/\/zoo-land.az\/wp-content\/uploads\/2022\/05\/logo.svg\",\"contentUrl\":\"https:\/\/zoo-land.az\/wp-content\/uploads\/2022\/05\/logo.svg\",\"width\":113,\"height\":46,\"caption\":\"Zooland.az\"},\"image\":{\"@id\":\"https:\/\/zoo-land.az\/#\/schema\/logo\/image\/\"}}]}<\/script>\n<!-- \/ Yoast SEO plugin. -->","yoast_head_json":{"title":"Royal Canin Wet food for British Shorthair 85 g - Zooland.az","robots":{"index":"index","follow":"follow","max-snippet":"max-snippet:-1","max-image-preview":"max-image-preview:large","max-video-preview":"max-video-preview:-1"},"canonical":"https:\/\/zoo-land.az\/ru\/shop\/cat\/cat-wetfoods\/royal-canin-wet-food-for-british-shorthair\/","og_locale":"ru_RU","og_type":"article","og_title":"Royal Canin Wet food for British Shorthair 85 g - Zooland.az","og_description":"Tender pieces for adult British Shorthair cats.  MODERATE ENERGY Moderate calorie content - reduced fat content for effective weight control.","og_url":"https:\/\/zoo-land.az\/ru\/shop\/cat\/cat-wetfoods\/royal-canin-wet-food-for-british-shorthair\/","og_site_name":"Zooland.az","article_modified_time":"2024-05-30T17:11:44+00:00","twitter_card":"summary_large_image","schema":{"@context":"https:\/\/schema.org","@graph":[{"@type":"WebPage","@id":"https:\/\/zoo-land.az\/az\/shop\/cat\/cat-wetfoods\/royal-canin-wet-food-for-british-shorthair\/","url":"https:\/\/zoo-land.az\/az\/shop\/cat\/cat-wetfoods\/royal-canin-wet-food-for-british-shorthair\/","name":"Royal Canin Wet food for British Shorthair 85 g - Zooland.az","isPartOf":{"@id":"https:\/\/zoo-land.az\/#website"},"primaryImageOfPage":{"@id":"https:\/\/zoo-land.az\/az\/shop\/cat\/cat-wetfoods\/royal-canin-wet-food-for-british-shorthair\/#primaryimage"},"image":{"@id":"https:\/\/zoo-land.az\/az\/shop\/cat\/cat-wetfoods\/royal-canin-wet-food-for-british-shorthair\/#primaryimage"},"thumbnailUrl":"https:\/\/zoo-land.az\/wp-content\/uploads\/2024\/05\/0fe6e780-be3f-11ed-af1a-e242c82bdaad_frame_1.avif","datePublished":"2024-05-30T07:06:18+00:00","dateModified":"2024-05-30T17:11:44+00:00","breadcrumb":{"@id":"https:\/\/zoo-land.az\/az\/shop\/cat\/cat-wetfoods\/royal-canin-wet-food-for-british-shorthair\/#breadcrumb"},"inLanguage":"ru-RU","potentialAction":[{"@type":"ReadAction","target":["https:\/\/zoo-land.az\/az\/shop\/cat\/cat-wetfoods\/royal-canin-wet-food-for-british-shorthair\/"]}]},{"@type":"ImageObject","inLanguage":"ru-RU","@id":"https:\/\/zoo-land.az\/az\/shop\/cat\/cat-wetfoods\/royal-canin-wet-food-for-british-shorthair\/#primaryimage","url":"https:\/\/zoo-land.az\/wp-content\/uploads\/2024\/05\/0fe6e780-be3f-11ed-af1a-e242c82bdaad_frame_1.avif","contentUrl":"https:\/\/zoo-land.az\/wp-content\/uploads\/2024\/05\/0fe6e780-be3f-11ed-af1a-e242c82bdaad_frame_1.avif","width":1200,"height":675},{"@type":"BreadcrumbList","@id":"https:\/\/zoo-land.az\/az\/shop\/cat\/cat-wetfoods\/royal-canin-wet-food-for-british-shorthair\/#breadcrumb","itemListElement":[{"@type":"ListItem","position":1,"name":"Home","item":"https:\/\/zoo-land.az\/ru\/"},{"@type":"ListItem","position":2,"name":"Shop","item":"https:\/\/zoo-land.az\/ru\/"},{"@type":"ListItem","position":3,"name":"Royal Canin Wet food for British Shorthair 85 g"}]},{"@type":"WebSite","@id":"https:\/\/zoo-land.az\/#website","url":"https:\/\/zoo-land.az\/","name":"Zooland.az","description":"Xo\u015fb\u0259xt ev heyvanlar\u0131n\u0131n \u00fcnvan\u0131 Zooland.az","publisher":{"@id":"https:\/\/zoo-land.az\/#organization"},"potentialAction":[{"@type":"SearchAction","target":{"@type":"EntryPoint","urlTemplate":"https:\/\/zoo-land.az\/?s={search_term_string}"},"query-input":{"@type":"PropertyValueSpecification","valueRequired":true,"valueName":"search_term_string"}}],"inLanguage":"ru-RU"},{"@type":"Organization","@id":"https:\/\/zoo-land.az\/#organization","name":"Zooland.az","url":"https:\/\/zoo-land.az\/","logo":{"@type":"ImageObject","inLanguage":"ru-RU","@id":"https:\/\/zoo-land.az\/#\/schema\/logo\/image\/","url":"https:\/\/zoo-land.az\/wp-content\/uploads\/2022\/05\/logo.svg","contentUrl":"https:\/\/zoo-land.az\/wp-content\/uploads\/2022\/05\/logo.svg","width":113,"height":46,"caption":"Zooland.az"},"image":{"@id":"https:\/\/zoo-land.az\/#\/schema\/logo\/image\/"}}]}},"_links":{"self":[{"href":"https:\/\/zoo-land.az\/ru\/wp-json\/wp\/v2\/product\/21934","targetHints":{"allow":["GET"]}}],"collection":[{"href":"https:\/\/zoo-land.az\/ru\/wp-json\/wp\/v2\/product"}],"about":[{"href":"https:\/\/zoo-land.az\/ru\/wp-json\/wp\/v2\/types\/product"}],"wp:featuredmedia":[{"embeddable":true,"href":"https:\/\/zoo-land.az\/ru\/wp-json\/wp\/v2\/media\/21937"}],"wp:attachment":[{"href":"https:\/\/zoo-land.az\/ru\/wp-json\/wp\/v2\/media?parent=21934"}],"wp:term":[{"taxonomy":"product_cat","embeddable":true,"href":"https:\/\/zoo-land.az\/ru\/wp-json\/wp\/v2\/product_cat?post=21934"},{"taxonomy":"product_tag","embeddable":true,"href":"https:\/\/zoo-land.az\/ru\/wp-json\/wp\/v2\/product_tag?post=21934"}],"curies":[{"name":"wp","href":"https:\/\/api.w.org\/{rel}","templated":true}]}}