{"id":21967,"date":"2024-05-30T11:05:27","date_gmt":"2024-05-30T11:05:27","guid":{"rendered":"https:\/\/lightsteelblue-zebra-299715.hostingersite.com\/?post_type=product&#038;p=21967"},"modified":"2024-05-30T11:09:20","modified_gmt":"2024-05-30T11:09:20","slug":"royal-canin-mini-adult-gravy-wet-food-85-g","status":"publish","type":"product","link":"https:\/\/zoo-land.az\/ru\/shop\/dog\/dog-wetfoods-conserves\/royal-canin-mini-adult-gravy-wet-food-85-g\/","title":{"rendered":"Royal Canin Mini Adult Gravy \u0412\u043b\u0430\u0436\u043d\u044b\u0439 \u043a\u043e\u0440\u043c 85 \u0433"},"content":{"rendered":"<p>Royal Canin Mini Adult wet food is designed to meet the specific needs of miniature breed dogs weighing between 4 and 10 kg in adulthood.<\/p>\n<p>Maintaining optimal digestion: Promotes healthy digestion and helps maintain a balanced intestinal flora.<\/p>\n<p>Adapted energy content: Helps maintain ideal weight for small-sized dogs.<\/p>\n<p>Supports skin and coat health: Contains nutrients that support skin and coat health. The formula is enriched with EPA-DHA fatty acids.<\/p>\n<p>Royal Canin Mini Adult wet food is specially formulated to meet the nutritional needs of adult dogs of small breeds.<\/p>\n<p>Suitable for dogs aged 10 months to 12 years weighing up to 10 kg.<\/p>\n<p>Thanks to its unique combination of nutrients, Royal Canin Mini Adult wet food helps normalize digestive tract function and maintain optimal balance of intestinal microflora.<\/p>\n<p>The Royal Canin Mini Adult wet food diet is moderately calorie-dense, allowing your small breed dog to maintain optimal weight.<\/p>\n<p>The formula is also enriched with Omega-3 fatty acids (EPA and DHA), which have a beneficial effect on skin health.<\/p>\n<p>To meet each dog&#8217;s individual preferences, Royal Canin Mini Adult is also available in a dry food format with appetizing crunchy kibbles.<\/p>\n<p>If you have chosen a mixed diet for your dog, follow the recommended feeding guidelines to combine dry and wet food in proportions that are optimal for your pet&#8217;s health.<\/p>\n<p>INGREDIENTS: Meat and meat by-products, cereals, oils and fats, vegetable by-products, minerals, carbohydrate sources.<\/p>\n<p>ADDITIVES (per 1 kg): Nutritional additives: Vitamin D3: 150 IU, Iron: 6.5 mg, Iodine: 0.2 mg, Copper: 1.7 mg, Manganese: 2 mg, Zinc: 20 mg &#8211; Technological additives: Clinoptilolite of sedimentary origin: 2 g.<\/p>\n<p>NUTRIENT CONTENT: Proteins: 7.5% &#8211; Fats: 5.5% &#8211; Minerals: 1.6% &#8211; Dietary fiber: 1.1% &#8211; Moisture: 81.0% &#8211; EPA and DHA: 0.115%.<\/p>","protected":false},"excerpt":{"rendered":"<p>Royal Canin Mini Adult wet food is designed to meet the specific needs of miniature breed dogs weighing between 4 and 10 kg in adulthood.<\/p>\n<p>Maintaining optimal digestion: Promotes healthy digestion and helps maintain a balanced intestinal flora.<\/p>\n<p>Adapted energy content: Helps maintain ideal weight for small-sized dogs.<\/p>","protected":false},"featured_media":21969,"template":"","meta":{"inline_featured_image":false,"_joinchat":[]},"product_cat":[107,154],"product_tag":[],"class_list":{"0":"post-21967","1":"product","2":"type-product","3":"status-publish","4":"has-post-thumbnail","6":"product_brand-royal-canin","7":"product_cat-dog","8":"product_cat-dog-wetfoods-conserves","10":"first","11":"instock","12":"shipping-taxable","13":"purchasable","14":"product-type-simple"},"yoast_head":"<!-- This site is optimized with the Yoast SEO plugin v27.4 - https:\/\/yoast.com\/product\/yoast-seo-wordpress\/ -->\n<title>Royal Canin Mini Adult Gravy Wet food 85 g - Zooland.az<\/title>\n<meta name=\"robots\" content=\"index, follow, max-snippet:-1, max-image-preview:large, max-video-preview:-1\" \/>\n<link rel=\"canonical\" href=\"https:\/\/zoo-land.az\/ru\/shop\/dog\/dog-wetfoods-conserves\/royal-canin-mini-adult-gravy-wet-food-85-g\/\" \/>\n<meta property=\"og:locale\" content=\"ru_RU\" \/>\n<meta property=\"og:type\" content=\"article\" \/>\n<meta property=\"og:title\" content=\"Royal Canin Mini Adult Gravy Wet food 85 g - Zooland.az\" \/>\n<meta property=\"og:description\" content=\"Royal Canin Mini Adult wet food is designed to meet the specific needs of miniature breed dogs weighing between 4 and 10 kg in adulthood.  Maintaining optimal digestion: Promotes healthy digestion and helps maintain a balanced intestinal flora.  Adapted energy content: Helps maintain ideal weight for small-sized dogs.\" \/>\n<meta property=\"og:url\" content=\"https:\/\/zoo-land.az\/ru\/shop\/dog\/dog-wetfoods-conserves\/royal-canin-mini-adult-gravy-wet-food-85-g\/\" \/>\n<meta property=\"og:site_name\" content=\"Zooland.az\" \/>\n<meta property=\"article:modified_time\" content=\"2024-05-30T11:09:20+00:00\" \/>\n<meta property=\"og:image\" content=\"https:\/\/zoo-land.az\/wp-content\/uploads\/2024\/05\/\u0421\u043d\u0438\u043c\u043e\u043a-\u044d\u043a\u0440\u0430\u043d\u0430-2024-05-30-\u0432-15.07.43.png\" \/>\n\t<meta property=\"og:image:width\" content=\"946\" \/>\n\t<meta property=\"og:image:height\" content=\"1416\" \/>\n\t<meta property=\"og:image:type\" content=\"image\/png\" \/>\n<meta name=\"twitter:card\" content=\"summary_large_image\" \/>\n<meta name=\"twitter:label1\" content=\"\u041f\u0440\u0438\u043c\u0435\u0440\u043d\u043e\u0435 \u0432\u0440\u0435\u043c\u044f \u0434\u043b\u044f \u0447\u0442\u0435\u043d\u0438\u044f\" \/>\n\t<meta name=\"twitter:data1\" content=\"1 \u043c\u0438\u043d\u0443\u0442\u0430\" \/>\n<script type=\"application\/ld+json\" class=\"yoast-schema-graph\">{\"@context\":\"https:\\\/\\\/schema.org\",\"@graph\":[{\"@type\":\"WebPage\",\"@id\":\"https:\\\/\\\/zoo-land.az\\\/shop\\\/dog\\\/dog-wetfoods-conserves\\\/royal-canin-mini-adult-gravy-wet-food-85-g\\\/\",\"url\":\"https:\\\/\\\/zoo-land.az\\\/shop\\\/dog\\\/dog-wetfoods-conserves\\\/royal-canin-mini-adult-gravy-wet-food-85-g\\\/\",\"name\":\"Royal Canin Mini Adult Gravy Wet food 85 g - Zooland.az\",\"isPartOf\":{\"@id\":\"https:\\\/\\\/zoo-land.az\\\/#website\"},\"primaryImageOfPage\":{\"@id\":\"https:\\\/\\\/zoo-land.az\\\/shop\\\/dog\\\/dog-wetfoods-conserves\\\/royal-canin-mini-adult-gravy-wet-food-85-g\\\/#primaryimage\"},\"image\":{\"@id\":\"https:\\\/\\\/zoo-land.az\\\/shop\\\/dog\\\/dog-wetfoods-conserves\\\/royal-canin-mini-adult-gravy-wet-food-85-g\\\/#primaryimage\"},\"thumbnailUrl\":\"https:\\\/\\\/zoo-land.az\\\/wp-content\\\/uploads\\\/2024\\\/05\\\/\u0421\u043d\u0438\u043c\u043e\u043a-\u044d\u043a\u0440\u0430\u043d\u0430-2024-05-30-\u0432-15.07.43.png\",\"datePublished\":\"2024-05-30T11:05:27+00:00\",\"dateModified\":\"2024-05-30T11:09:20+00:00\",\"breadcrumb\":{\"@id\":\"https:\\\/\\\/zoo-land.az\\\/shop\\\/dog\\\/dog-wetfoods-conserves\\\/royal-canin-mini-adult-gravy-wet-food-85-g\\\/#breadcrumb\"},\"inLanguage\":\"ru-RU\",\"potentialAction\":[{\"@type\":\"ReadAction\",\"target\":[\"https:\\\/\\\/zoo-land.az\\\/shop\\\/dog\\\/dog-wetfoods-conserves\\\/royal-canin-mini-adult-gravy-wet-food-85-g\\\/\"]}]},{\"@type\":\"ImageObject\",\"inLanguage\":\"ru-RU\",\"@id\":\"https:\\\/\\\/zoo-land.az\\\/shop\\\/dog\\\/dog-wetfoods-conserves\\\/royal-canin-mini-adult-gravy-wet-food-85-g\\\/#primaryimage\",\"url\":\"https:\\\/\\\/zoo-land.az\\\/wp-content\\\/uploads\\\/2024\\\/05\\\/\u0421\u043d\u0438\u043c\u043e\u043a-\u044d\u043a\u0440\u0430\u043d\u0430-2024-05-30-\u0432-15.07.43.png\",\"contentUrl\":\"https:\\\/\\\/zoo-land.az\\\/wp-content\\\/uploads\\\/2024\\\/05\\\/\u0421\u043d\u0438\u043c\u043e\u043a-\u044d\u043a\u0440\u0430\u043d\u0430-2024-05-30-\u0432-15.07.43.png\",\"width\":946,\"height\":1416},{\"@type\":\"BreadcrumbList\",\"@id\":\"https:\\\/\\\/zoo-land.az\\\/shop\\\/dog\\\/dog-wetfoods-conserves\\\/royal-canin-mini-adult-gravy-wet-food-85-g\\\/#breadcrumb\",\"itemListElement\":[{\"@type\":\"ListItem\",\"position\":1,\"name\":\"Home\",\"item\":\"https:\\\/\\\/zoo-land.az\\\/ru\\\/\"},{\"@type\":\"ListItem\",\"position\":2,\"name\":\"Shop\",\"item\":\"https:\\\/\\\/zoo-land.az\\\/ru\\\/\"},{\"@type\":\"ListItem\",\"position\":3,\"name\":\"Royal Canin Mini Adult Gravy Wet food 85 g\"}]},{\"@type\":\"WebSite\",\"@id\":\"https:\\\/\\\/zoo-land.az\\\/#website\",\"url\":\"https:\\\/\\\/zoo-land.az\\\/\",\"name\":\"Zooland.az\",\"description\":\"Xo\u015fb\u0259xt ev heyvanlar\u0131n\u0131n \u00fcnvan\u0131 Zooland.az\",\"publisher\":{\"@id\":\"https:\\\/\\\/zoo-land.az\\\/#organization\"},\"potentialAction\":[{\"@type\":\"SearchAction\",\"target\":{\"@type\":\"EntryPoint\",\"urlTemplate\":\"https:\\\/\\\/zoo-land.az\\\/?s={search_term_string}\"},\"query-input\":{\"@type\":\"PropertyValueSpecification\",\"valueRequired\":true,\"valueName\":\"search_term_string\"}}],\"inLanguage\":\"ru-RU\"},{\"@type\":\"Organization\",\"@id\":\"https:\\\/\\\/zoo-land.az\\\/#organization\",\"name\":\"Zooland.az\",\"url\":\"https:\\\/\\\/zoo-land.az\\\/\",\"logo\":{\"@type\":\"ImageObject\",\"inLanguage\":\"ru-RU\",\"@id\":\"https:\\\/\\\/zoo-land.az\\\/#\\\/schema\\\/logo\\\/image\\\/\",\"url\":\"https:\\\/\\\/zoo-land.az\\\/wp-content\\\/uploads\\\/2022\\\/05\\\/logo.svg\",\"contentUrl\":\"https:\\\/\\\/zoo-land.az\\\/wp-content\\\/uploads\\\/2022\\\/05\\\/logo.svg\",\"width\":113,\"height\":46,\"caption\":\"Zooland.az\"},\"image\":{\"@id\":\"https:\\\/\\\/zoo-land.az\\\/#\\\/schema\\\/logo\\\/image\\\/\"}}]}<\/script>\n<!-- \/ Yoast SEO plugin. -->","yoast_head_json":{"title":"Royal Canin Mini Adult Gravy Wet food 85 g - Zooland.az","robots":{"index":"index","follow":"follow","max-snippet":"max-snippet:-1","max-image-preview":"max-image-preview:large","max-video-preview":"max-video-preview:-1"},"canonical":"https:\/\/zoo-land.az\/ru\/shop\/dog\/dog-wetfoods-conserves\/royal-canin-mini-adult-gravy-wet-food-85-g\/","og_locale":"ru_RU","og_type":"article","og_title":"Royal Canin Mini Adult Gravy Wet food 85 g - Zooland.az","og_description":"Royal Canin Mini Adult wet food is designed to meet the specific needs of miniature breed dogs weighing between 4 and 10 kg in adulthood.  Maintaining optimal digestion: Promotes healthy digestion and helps maintain a balanced intestinal flora.  Adapted energy content: Helps maintain ideal weight for small-sized dogs.","og_url":"https:\/\/zoo-land.az\/ru\/shop\/dog\/dog-wetfoods-conserves\/royal-canin-mini-adult-gravy-wet-food-85-g\/","og_site_name":"Zooland.az","article_modified_time":"2024-05-30T11:09:20+00:00","og_image":[{"width":946,"height":1416,"url":"https:\/\/zoo-land.az\/wp-content\/uploads\/2024\/05\/\u0421\u043d\u0438\u043c\u043e\u043a-\u044d\u043a\u0440\u0430\u043d\u0430-2024-05-30-\u0432-15.07.43.png","type":"image\/png"}],"twitter_card":"summary_large_image","twitter_misc":{"\u041f\u0440\u0438\u043c\u0435\u0440\u043d\u043e\u0435 \u0432\u0440\u0435\u043c\u044f \u0434\u043b\u044f \u0447\u0442\u0435\u043d\u0438\u044f":"1 \u043c\u0438\u043d\u0443\u0442\u0430"},"schema":{"@context":"https:\/\/schema.org","@graph":[{"@type":"WebPage","@id":"https:\/\/zoo-land.az\/shop\/dog\/dog-wetfoods-conserves\/royal-canin-mini-adult-gravy-wet-food-85-g\/","url":"https:\/\/zoo-land.az\/shop\/dog\/dog-wetfoods-conserves\/royal-canin-mini-adult-gravy-wet-food-85-g\/","name":"Royal Canin Mini Adult Gravy Wet food 85 g - Zooland.az","isPartOf":{"@id":"https:\/\/zoo-land.az\/#website"},"primaryImageOfPage":{"@id":"https:\/\/zoo-land.az\/shop\/dog\/dog-wetfoods-conserves\/royal-canin-mini-adult-gravy-wet-food-85-g\/#primaryimage"},"image":{"@id":"https:\/\/zoo-land.az\/shop\/dog\/dog-wetfoods-conserves\/royal-canin-mini-adult-gravy-wet-food-85-g\/#primaryimage"},"thumbnailUrl":"https:\/\/zoo-land.az\/wp-content\/uploads\/2024\/05\/\u0421\u043d\u0438\u043c\u043e\u043a-\u044d\u043a\u0440\u0430\u043d\u0430-2024-05-30-\u0432-15.07.43.png","datePublished":"2024-05-30T11:05:27+00:00","dateModified":"2024-05-30T11:09:20+00:00","breadcrumb":{"@id":"https:\/\/zoo-land.az\/shop\/dog\/dog-wetfoods-conserves\/royal-canin-mini-adult-gravy-wet-food-85-g\/#breadcrumb"},"inLanguage":"ru-RU","potentialAction":[{"@type":"ReadAction","target":["https:\/\/zoo-land.az\/shop\/dog\/dog-wetfoods-conserves\/royal-canin-mini-adult-gravy-wet-food-85-g\/"]}]},{"@type":"ImageObject","inLanguage":"ru-RU","@id":"https:\/\/zoo-land.az\/shop\/dog\/dog-wetfoods-conserves\/royal-canin-mini-adult-gravy-wet-food-85-g\/#primaryimage","url":"https:\/\/zoo-land.az\/wp-content\/uploads\/2024\/05\/\u0421\u043d\u0438\u043c\u043e\u043a-\u044d\u043a\u0440\u0430\u043d\u0430-2024-05-30-\u0432-15.07.43.png","contentUrl":"https:\/\/zoo-land.az\/wp-content\/uploads\/2024\/05\/\u0421\u043d\u0438\u043c\u043e\u043a-\u044d\u043a\u0440\u0430\u043d\u0430-2024-05-30-\u0432-15.07.43.png","width":946,"height":1416},{"@type":"BreadcrumbList","@id":"https:\/\/zoo-land.az\/shop\/dog\/dog-wetfoods-conserves\/royal-canin-mini-adult-gravy-wet-food-85-g\/#breadcrumb","itemListElement":[{"@type":"ListItem","position":1,"name":"Home","item":"https:\/\/zoo-land.az\/ru\/"},{"@type":"ListItem","position":2,"name":"Shop","item":"https:\/\/zoo-land.az\/ru\/"},{"@type":"ListItem","position":3,"name":"Royal Canin Mini Adult Gravy Wet food 85 g"}]},{"@type":"WebSite","@id":"https:\/\/zoo-land.az\/#website","url":"https:\/\/zoo-land.az\/","name":"Zooland.az","description":"Xo\u015fb\u0259xt ev heyvanlar\u0131n\u0131n \u00fcnvan\u0131 Zooland.az","publisher":{"@id":"https:\/\/zoo-land.az\/#organization"},"potentialAction":[{"@type":"SearchAction","target":{"@type":"EntryPoint","urlTemplate":"https:\/\/zoo-land.az\/?s={search_term_string}"},"query-input":{"@type":"PropertyValueSpecification","valueRequired":true,"valueName":"search_term_string"}}],"inLanguage":"ru-RU"},{"@type":"Organization","@id":"https:\/\/zoo-land.az\/#organization","name":"Zooland.az","url":"https:\/\/zoo-land.az\/","logo":{"@type":"ImageObject","inLanguage":"ru-RU","@id":"https:\/\/zoo-land.az\/#\/schema\/logo\/image\/","url":"https:\/\/zoo-land.az\/wp-content\/uploads\/2022\/05\/logo.svg","contentUrl":"https:\/\/zoo-land.az\/wp-content\/uploads\/2022\/05\/logo.svg","width":113,"height":46,"caption":"Zooland.az"},"image":{"@id":"https:\/\/zoo-land.az\/#\/schema\/logo\/image\/"}}]}},"_links":{"self":[{"href":"https:\/\/zoo-land.az\/ru\/wp-json\/wp\/v2\/product\/21967","targetHints":{"allow":["GET"]}}],"collection":[{"href":"https:\/\/zoo-land.az\/ru\/wp-json\/wp\/v2\/product"}],"about":[{"href":"https:\/\/zoo-land.az\/ru\/wp-json\/wp\/v2\/types\/product"}],"wp:featuredmedia":[{"embeddable":true,"href":"https:\/\/zoo-land.az\/ru\/wp-json\/wp\/v2\/media\/21969"}],"wp:attachment":[{"href":"https:\/\/zoo-land.az\/ru\/wp-json\/wp\/v2\/media?parent=21967"}],"wp:term":[{"taxonomy":"product_cat","embeddable":true,"href":"https:\/\/zoo-land.az\/ru\/wp-json\/wp\/v2\/product_cat?post=21967"},{"taxonomy":"product_tag","embeddable":true,"href":"https:\/\/zoo-land.az\/ru\/wp-json\/wp\/v2\/product_tag?post=21967"}],"curies":[{"name":"wp","href":"https:\/\/api.w.org\/{rel}","templated":true}]}}