{"id":21970,"date":"2024-05-30T11:13:39","date_gmt":"2024-05-30T11:13:39","guid":{"rendered":"https:\/\/lightsteelblue-zebra-299715.hostingersite.com\/?post_type=product&#038;p=21970"},"modified":"2024-05-30T11:13:39","modified_gmt":"2024-05-30T11:13:39","slug":"royal-canin-mini-puppy-gravy-wet-food-85-g","status":"publish","type":"product","link":"https:\/\/zoo-land.az\/ru\/shop\/dog\/dog-wetfoods-conserves\/royal-canin-mini-puppy-gravy-wet-food-85-g\/","title":{"rendered":"Royal Canin Mini Puppy Gravy \u0412\u043b\u0430\u0436\u043d\u044b\u0439 \u043a\u043e\u0440\u043c 85 \u0433"},"content":{"rendered":"<p>FOR SMALL BREED PUPPIES (ADULT WEIGHT FROM 4 TO 10 KG) AGED 2 TO 10 MONTHS<\/p>\n<p>SIZE HEALTH NUTRITION A nutrition program for dogs of different sizes at each stage of life. Kibbles adapted to the size of the dog&#8217;s jaws.<\/p>\n<p>Composition Ingredients Meat and meat by-products, cereals, vegetable by-products, oils and fats, minerals, yeast, carbohydrate sources.<\/p>\n<p>Nutritional content Proteins: 8% &#8211; Fats: 6% &#8211; Dietary fiber: 1%.<\/p>\n<p>Additives per kg Nutritional additives: Vitamin D3: 140 IU, Iron: 5 mg, Iodine: 0.3 mg, Copper: 2.4 mg, Manganese: 1.6 mg, Zinc: 16 mg &#8211; Technological additives: Clinoptilolite of sedimentary origin: 2 g.<\/p>\n<p>Recommended usage Age 2 months &#8211; 4+1\/2 pouches, 6 months &#8211; 4+3\/4 pouches, 10 months &#8211; 3+3\/4 pouches.<\/p>","protected":false},"excerpt":{"rendered":"<p>FOR SMALL BREED PUPPIES (ADULT WEIGHT FROM 4 TO 10 KG) AGED 2 TO 10 MONTHS<\/p>\n<p>SIZE HEALTH NUTRITION A nutrition program for dogs of different sizes at each stage of life. Kibbles adapted to the size of the dog&#8217;s jaws.<\/p>","protected":false},"featured_media":21971,"template":"","meta":{"inline_featured_image":false,"_joinchat":[]},"product_cat":[107,154],"product_tag":[],"class_list":{"0":"post-21970","1":"product","2":"type-product","3":"status-publish","4":"has-post-thumbnail","6":"product_brand-royal-canin","7":"product_cat-dog","8":"product_cat-dog-wetfoods-conserves","10":"first","11":"instock","12":"shipping-taxable","13":"purchasable","14":"product-type-simple"},"yoast_head":"<!-- This site is optimized with the Yoast SEO plugin v27.4 - https:\/\/yoast.com\/product\/yoast-seo-wordpress\/ -->\n<title>Royal Canin Mini Puppy Gravy Wet food 85 g - Zooland.az<\/title>\n<meta name=\"robots\" content=\"index, follow, max-snippet:-1, max-image-preview:large, max-video-preview:-1\" \/>\n<link rel=\"canonical\" href=\"https:\/\/zoo-land.az\/ru\/shop\/dog\/dog-wetfoods-conserves\/royal-canin-mini-puppy-gravy-wet-food-85-g\/\" \/>\n<meta property=\"og:locale\" content=\"ru_RU\" \/>\n<meta property=\"og:type\" content=\"article\" \/>\n<meta property=\"og:title\" content=\"Royal Canin Mini Puppy Gravy Wet food 85 g - Zooland.az\" \/>\n<meta property=\"og:description\" content=\"FOR SMALL BREED PUPPIES (ADULT WEIGHT FROM 4 TO 10 KG) AGED 2 TO 10 MONTHS  SIZE HEALTH NUTRITION A nutrition program for dogs of different sizes at each stage of life. Kibbles adapted to the size of the dog&#039;s jaws.\" \/>\n<meta property=\"og:url\" content=\"https:\/\/zoo-land.az\/ru\/shop\/dog\/dog-wetfoods-conserves\/royal-canin-mini-puppy-gravy-wet-food-85-g\/\" \/>\n<meta property=\"og:site_name\" content=\"Zooland.az\" \/>\n<meta property=\"og:image\" content=\"https:\/\/zoo-land.az\/wp-content\/uploads\/2024\/05\/fe8054b-e95a-11e8-9479-d0509947687bcfe8055b-e95a-11e8-9479-d0509947687b_5f30cbe1e7325-1.png\" \/>\n\t<meta property=\"og:image:width\" content=\"600\" \/>\n\t<meta property=\"og:image:height\" content=\"849\" \/>\n\t<meta property=\"og:image:type\" content=\"image\/png\" \/>\n<meta name=\"twitter:card\" content=\"summary_large_image\" \/>\n<script type=\"application\/ld+json\" class=\"yoast-schema-graph\">{\"@context\":\"https:\\\/\\\/schema.org\",\"@graph\":[{\"@type\":\"WebPage\",\"@id\":\"https:\\\/\\\/zoo-land.az\\\/shop\\\/dog\\\/dog-wetfoods-conserves\\\/royal-canin-mini-puppy-gravy-wet-food-85-g\\\/\",\"url\":\"https:\\\/\\\/zoo-land.az\\\/shop\\\/dog\\\/dog-wetfoods-conserves\\\/royal-canin-mini-puppy-gravy-wet-food-85-g\\\/\",\"name\":\"Royal Canin Mini Puppy Gravy Wet food 85 g - Zooland.az\",\"isPartOf\":{\"@id\":\"https:\\\/\\\/zoo-land.az\\\/#website\"},\"primaryImageOfPage\":{\"@id\":\"https:\\\/\\\/zoo-land.az\\\/shop\\\/dog\\\/dog-wetfoods-conserves\\\/royal-canin-mini-puppy-gravy-wet-food-85-g\\\/#primaryimage\"},\"image\":{\"@id\":\"https:\\\/\\\/zoo-land.az\\\/shop\\\/dog\\\/dog-wetfoods-conserves\\\/royal-canin-mini-puppy-gravy-wet-food-85-g\\\/#primaryimage\"},\"thumbnailUrl\":\"https:\\\/\\\/zoo-land.az\\\/wp-content\\\/uploads\\\/2024\\\/05\\\/fe8054b-e95a-11e8-9479-d0509947687bcfe8055b-e95a-11e8-9479-d0509947687b_5f30cbe1e7325-1.png\",\"datePublished\":\"2024-05-30T11:13:39+00:00\",\"breadcrumb\":{\"@id\":\"https:\\\/\\\/zoo-land.az\\\/shop\\\/dog\\\/dog-wetfoods-conserves\\\/royal-canin-mini-puppy-gravy-wet-food-85-g\\\/#breadcrumb\"},\"inLanguage\":\"ru-RU\",\"potentialAction\":[{\"@type\":\"ReadAction\",\"target\":[\"https:\\\/\\\/zoo-land.az\\\/shop\\\/dog\\\/dog-wetfoods-conserves\\\/royal-canin-mini-puppy-gravy-wet-food-85-g\\\/\"]}]},{\"@type\":\"ImageObject\",\"inLanguage\":\"ru-RU\",\"@id\":\"https:\\\/\\\/zoo-land.az\\\/shop\\\/dog\\\/dog-wetfoods-conserves\\\/royal-canin-mini-puppy-gravy-wet-food-85-g\\\/#primaryimage\",\"url\":\"https:\\\/\\\/zoo-land.az\\\/wp-content\\\/uploads\\\/2024\\\/05\\\/fe8054b-e95a-11e8-9479-d0509947687bcfe8055b-e95a-11e8-9479-d0509947687b_5f30cbe1e7325-1.png\",\"contentUrl\":\"https:\\\/\\\/zoo-land.az\\\/wp-content\\\/uploads\\\/2024\\\/05\\\/fe8054b-e95a-11e8-9479-d0509947687bcfe8055b-e95a-11e8-9479-d0509947687b_5f30cbe1e7325-1.png\",\"width\":600,\"height\":849},{\"@type\":\"BreadcrumbList\",\"@id\":\"https:\\\/\\\/zoo-land.az\\\/shop\\\/dog\\\/dog-wetfoods-conserves\\\/royal-canin-mini-puppy-gravy-wet-food-85-g\\\/#breadcrumb\",\"itemListElement\":[{\"@type\":\"ListItem\",\"position\":1,\"name\":\"Home\",\"item\":\"https:\\\/\\\/zoo-land.az\\\/ru\\\/\"},{\"@type\":\"ListItem\",\"position\":2,\"name\":\"Shop\",\"item\":\"https:\\\/\\\/zoo-land.az\\\/ru\\\/\"},{\"@type\":\"ListItem\",\"position\":3,\"name\":\"Royal Canin Mini Puppy Gravy Wet food 85 g\"}]},{\"@type\":\"WebSite\",\"@id\":\"https:\\\/\\\/zoo-land.az\\\/#website\",\"url\":\"https:\\\/\\\/zoo-land.az\\\/\",\"name\":\"Zooland.az\",\"description\":\"Xo\u015fb\u0259xt ev heyvanlar\u0131n\u0131n \u00fcnvan\u0131 Zooland.az\",\"publisher\":{\"@id\":\"https:\\\/\\\/zoo-land.az\\\/#organization\"},\"potentialAction\":[{\"@type\":\"SearchAction\",\"target\":{\"@type\":\"EntryPoint\",\"urlTemplate\":\"https:\\\/\\\/zoo-land.az\\\/?s={search_term_string}\"},\"query-input\":{\"@type\":\"PropertyValueSpecification\",\"valueRequired\":true,\"valueName\":\"search_term_string\"}}],\"inLanguage\":\"ru-RU\"},{\"@type\":\"Organization\",\"@id\":\"https:\\\/\\\/zoo-land.az\\\/#organization\",\"name\":\"Zooland.az\",\"url\":\"https:\\\/\\\/zoo-land.az\\\/\",\"logo\":{\"@type\":\"ImageObject\",\"inLanguage\":\"ru-RU\",\"@id\":\"https:\\\/\\\/zoo-land.az\\\/#\\\/schema\\\/logo\\\/image\\\/\",\"url\":\"https:\\\/\\\/zoo-land.az\\\/wp-content\\\/uploads\\\/2022\\\/05\\\/logo.svg\",\"contentUrl\":\"https:\\\/\\\/zoo-land.az\\\/wp-content\\\/uploads\\\/2022\\\/05\\\/logo.svg\",\"width\":113,\"height\":46,\"caption\":\"Zooland.az\"},\"image\":{\"@id\":\"https:\\\/\\\/zoo-land.az\\\/#\\\/schema\\\/logo\\\/image\\\/\"}}]}<\/script>\n<!-- \/ Yoast SEO plugin. -->","yoast_head_json":{"title":"Royal Canin Mini Puppy Gravy Wet food 85 g - Zooland.az","robots":{"index":"index","follow":"follow","max-snippet":"max-snippet:-1","max-image-preview":"max-image-preview:large","max-video-preview":"max-video-preview:-1"},"canonical":"https:\/\/zoo-land.az\/ru\/shop\/dog\/dog-wetfoods-conserves\/royal-canin-mini-puppy-gravy-wet-food-85-g\/","og_locale":"ru_RU","og_type":"article","og_title":"Royal Canin Mini Puppy Gravy Wet food 85 g - Zooland.az","og_description":"FOR SMALL BREED PUPPIES (ADULT WEIGHT FROM 4 TO 10 KG) AGED 2 TO 10 MONTHS  SIZE HEALTH NUTRITION A nutrition program for dogs of different sizes at each stage of life. Kibbles adapted to the size of the dog's jaws.","og_url":"https:\/\/zoo-land.az\/ru\/shop\/dog\/dog-wetfoods-conserves\/royal-canin-mini-puppy-gravy-wet-food-85-g\/","og_site_name":"Zooland.az","og_image":[{"width":600,"height":849,"url":"https:\/\/zoo-land.az\/wp-content\/uploads\/2024\/05\/fe8054b-e95a-11e8-9479-d0509947687bcfe8055b-e95a-11e8-9479-d0509947687b_5f30cbe1e7325-1.png","type":"image\/png"}],"twitter_card":"summary_large_image","schema":{"@context":"https:\/\/schema.org","@graph":[{"@type":"WebPage","@id":"https:\/\/zoo-land.az\/shop\/dog\/dog-wetfoods-conserves\/royal-canin-mini-puppy-gravy-wet-food-85-g\/","url":"https:\/\/zoo-land.az\/shop\/dog\/dog-wetfoods-conserves\/royal-canin-mini-puppy-gravy-wet-food-85-g\/","name":"Royal Canin Mini Puppy Gravy Wet food 85 g - Zooland.az","isPartOf":{"@id":"https:\/\/zoo-land.az\/#website"},"primaryImageOfPage":{"@id":"https:\/\/zoo-land.az\/shop\/dog\/dog-wetfoods-conserves\/royal-canin-mini-puppy-gravy-wet-food-85-g\/#primaryimage"},"image":{"@id":"https:\/\/zoo-land.az\/shop\/dog\/dog-wetfoods-conserves\/royal-canin-mini-puppy-gravy-wet-food-85-g\/#primaryimage"},"thumbnailUrl":"https:\/\/zoo-land.az\/wp-content\/uploads\/2024\/05\/fe8054b-e95a-11e8-9479-d0509947687bcfe8055b-e95a-11e8-9479-d0509947687b_5f30cbe1e7325-1.png","datePublished":"2024-05-30T11:13:39+00:00","breadcrumb":{"@id":"https:\/\/zoo-land.az\/shop\/dog\/dog-wetfoods-conserves\/royal-canin-mini-puppy-gravy-wet-food-85-g\/#breadcrumb"},"inLanguage":"ru-RU","potentialAction":[{"@type":"ReadAction","target":["https:\/\/zoo-land.az\/shop\/dog\/dog-wetfoods-conserves\/royal-canin-mini-puppy-gravy-wet-food-85-g\/"]}]},{"@type":"ImageObject","inLanguage":"ru-RU","@id":"https:\/\/zoo-land.az\/shop\/dog\/dog-wetfoods-conserves\/royal-canin-mini-puppy-gravy-wet-food-85-g\/#primaryimage","url":"https:\/\/zoo-land.az\/wp-content\/uploads\/2024\/05\/fe8054b-e95a-11e8-9479-d0509947687bcfe8055b-e95a-11e8-9479-d0509947687b_5f30cbe1e7325-1.png","contentUrl":"https:\/\/zoo-land.az\/wp-content\/uploads\/2024\/05\/fe8054b-e95a-11e8-9479-d0509947687bcfe8055b-e95a-11e8-9479-d0509947687b_5f30cbe1e7325-1.png","width":600,"height":849},{"@type":"BreadcrumbList","@id":"https:\/\/zoo-land.az\/shop\/dog\/dog-wetfoods-conserves\/royal-canin-mini-puppy-gravy-wet-food-85-g\/#breadcrumb","itemListElement":[{"@type":"ListItem","position":1,"name":"Home","item":"https:\/\/zoo-land.az\/ru\/"},{"@type":"ListItem","position":2,"name":"Shop","item":"https:\/\/zoo-land.az\/ru\/"},{"@type":"ListItem","position":3,"name":"Royal Canin Mini Puppy Gravy Wet food 85 g"}]},{"@type":"WebSite","@id":"https:\/\/zoo-land.az\/#website","url":"https:\/\/zoo-land.az\/","name":"Zooland.az","description":"Xo\u015fb\u0259xt ev heyvanlar\u0131n\u0131n \u00fcnvan\u0131 Zooland.az","publisher":{"@id":"https:\/\/zoo-land.az\/#organization"},"potentialAction":[{"@type":"SearchAction","target":{"@type":"EntryPoint","urlTemplate":"https:\/\/zoo-land.az\/?s={search_term_string}"},"query-input":{"@type":"PropertyValueSpecification","valueRequired":true,"valueName":"search_term_string"}}],"inLanguage":"ru-RU"},{"@type":"Organization","@id":"https:\/\/zoo-land.az\/#organization","name":"Zooland.az","url":"https:\/\/zoo-land.az\/","logo":{"@type":"ImageObject","inLanguage":"ru-RU","@id":"https:\/\/zoo-land.az\/#\/schema\/logo\/image\/","url":"https:\/\/zoo-land.az\/wp-content\/uploads\/2022\/05\/logo.svg","contentUrl":"https:\/\/zoo-land.az\/wp-content\/uploads\/2022\/05\/logo.svg","width":113,"height":46,"caption":"Zooland.az"},"image":{"@id":"https:\/\/zoo-land.az\/#\/schema\/logo\/image\/"}}]}},"_links":{"self":[{"href":"https:\/\/zoo-land.az\/ru\/wp-json\/wp\/v2\/product\/21970","targetHints":{"allow":["GET"]}}],"collection":[{"href":"https:\/\/zoo-land.az\/ru\/wp-json\/wp\/v2\/product"}],"about":[{"href":"https:\/\/zoo-land.az\/ru\/wp-json\/wp\/v2\/types\/product"}],"wp:featuredmedia":[{"embeddable":true,"href":"https:\/\/zoo-land.az\/ru\/wp-json\/wp\/v2\/media\/21971"}],"wp:attachment":[{"href":"https:\/\/zoo-land.az\/ru\/wp-json\/wp\/v2\/media?parent=21970"}],"wp:term":[{"taxonomy":"product_cat","embeddable":true,"href":"https:\/\/zoo-land.az\/ru\/wp-json\/wp\/v2\/product_cat?post=21970"},{"taxonomy":"product_tag","embeddable":true,"href":"https:\/\/zoo-land.az\/ru\/wp-json\/wp\/v2\/product_tag?post=21970"}],"curies":[{"name":"wp","href":"https:\/\/api.w.org\/{rel}","templated":true}]}}