{"id":21972,"date":"2024-05-30T11:18:56","date_gmt":"2024-05-30T11:18:56","guid":{"rendered":"https:\/\/lightsteelblue-zebra-299715.hostingersite.com\/?post_type=product&#038;p=21972"},"modified":"2024-05-30T11:18:56","modified_gmt":"2024-05-30T11:18:56","slug":"royal-canin-adult-pomeranian-wet-food-85-g","status":"publish","type":"product","link":"https:\/\/zoo-land.az\/ru\/shop\/dog\/dog-wetfoods-conserves\/royal-canin-adult-pomeranian-wet-food-85-g\/","title":{"rendered":"Royal Canin \u041f\u043e\u043c\u0435\u0440\u0430\u043d\u0441\u043a\u0438\u0439 \u0448\u043f\u0438\u0446 \u0434\u043b\u044f \u0432\u0437\u0440\u043e\u0441\u043b\u044b\u0445 85 \u0433"},"content":{"rendered":"<p>Despite Pomeranian Spitz dogs being known for their good health and long lifespan of up to 12-16 years, they require special care.<\/p>\n<p>Their magnificent coat with dense undercoat is one of the main advantages of Pomeranian Spitz dogs. The exclusive formula of this product supports skin health and barrier function, enhances coat beauty with adapted EPA and DHA content, and borage oil. A combination of various types of fiber (including husks and seeds of psyllium) helps stimulate intestinal transit, highly digestible proteins (L.I.P.*) ensure optimal stool consistency. The delicate pate texture stimulates the appetite even of the most finicky Pomeranian Spitz dogs.<\/p>\n<p>\u041a\u043b\u044e\u0447\u0435\u0432\u044b\u0435 \u043f\u0440\u0435\u0438\u043c\u0443\u0449\u0435\u0441\u0442\u0432\u0430:<\/p>\n<p>ADAPTED TEXTURE The delicate texture stimulates the appetite of finicky Pomeranian Spitz dogs.<\/p>\n<p>SUPPORTS BONE AND JOINT HEALTH Supports the bone and joint health of Pomeranian Spitz dogs with adapted mineral content. The formula is enriched with EPA and DHA fatty acids.<\/p>\n<p>SUPPORTS SKIN AND COAT HEALTH Supports skin and coat health with optimal EPA and DHA fatty acid content, as well as Omega-6 fatty acids.<\/p>\n<p>SUPPORTS DIGESTIVE SYSTEM HEALTH Supports digestive system health and optimal stool consistency due to the presence of high-quality L.I.P. proteins and balanced fiber content.<\/p>\n<p>Composition Ingredients: Meat and animal derivatives, cereals, vegetable by-products, oils and fats, minerals, carbohydrate sources, mollusks and crustaceans.<\/p>\n<p>Additives (per 1 kg): Nutritional additives: Vitamin D3: 180 IU, Iron: 3 mg, Iodine: 0.2 mg, Copper: 1.5 mg, Manganese: 0.9 mg, Zinc: 9 mg &#8211; Technological additives: Clinoptilolite of sedimentary origin: 2 g.<\/p>\n<p>Nutritional Content: Proteins: 8.5% &#8211; Fats: 5.5% &#8211; Minerals: 1.9% &#8211; Dietary fiber: 1.0% &#8211; Moisture: 79.0% &#8211; Per 1 kg: EPA\/DHA: 1.2 g, Omega-6 fatty acids: 13.0 g.<\/p>","protected":false},"excerpt":{"rendered":"<p>Despite Pomeranian Spitz dogs being known for their good health and long lifespan of up to 12-16 years, they require special care.<\/p>\n<p>Their magnificent coat with dense undercoat is one of the main advantages of Pomeranian Spitz dogs. The exclusive formula of this product supports skin health and barrier function, enhances coat beauty with adapted EPA and DHA content, and borage oil. A combination of various types of fiber (including husks and seeds of psyllium) helps stimulate intestinal transit, highly digestible proteins (L.I.P.*) ensure optimal stool consistency. The delicate pate texture stimulates the appetite even of the most finicky Pomeranian Spitz dogs.<\/p>","protected":false},"featured_media":21973,"template":"","meta":{"inline_featured_image":false,"_joinchat":[]},"product_cat":[107,154],"product_tag":[],"class_list":{"0":"post-21972","1":"product","2":"type-product","3":"status-publish","4":"has-post-thumbnail","6":"product_brand-royal-canin","7":"product_cat-dog","8":"product_cat-dog-wetfoods-conserves","10":"first","11":"instock","12":"shipping-taxable","13":"purchasable","14":"product-type-simple"},"yoast_head":"<!-- This site is optimized with the Yoast SEO plugin v27.4 - https:\/\/yoast.com\/product\/yoast-seo-wordpress\/ -->\n<title>Royal Canin Adult Pomeranian Wet food 85 g - Zooland.az<\/title>\n<meta name=\"robots\" content=\"index, follow, max-snippet:-1, max-image-preview:large, max-video-preview:-1\" \/>\n<link rel=\"canonical\" href=\"https:\/\/zoo-land.az\/ru\/shop\/dog\/dog-wetfoods-conserves\/royal-canin-adult-pomeranian-wet-food-85-g\/\" \/>\n<meta property=\"og:locale\" content=\"ru_RU\" \/>\n<meta property=\"og:type\" content=\"article\" \/>\n<meta property=\"og:title\" content=\"Royal Canin Adult Pomeranian Wet food 85 g - Zooland.az\" \/>\n<meta property=\"og:description\" content=\"Despite Pomeranian Spitz dogs being known for their good health and long lifespan of up to 12-16 years, they require special care.  Their magnificent coat with dense undercoat is one of the main advantages of Pomeranian Spitz dogs. The exclusive formula of this product supports skin health and barrier function, enhances coat beauty with adapted EPA and DHA content, and borage oil. A combination of various types of fiber (including husks and seeds of psyllium) helps stimulate intestinal transit, highly digestible proteins (L.I.P.*) ensure optimal stool consistency. The delicate pate texture stimulates the appetite even of the most finicky Pomeranian Spitz dogs.\" \/>\n<meta property=\"og:url\" content=\"https:\/\/zoo-land.az\/ru\/shop\/dog\/dog-wetfoods-conserves\/royal-canin-adult-pomeranian-wet-food-85-g\/\" \/>\n<meta property=\"og:site_name\" content=\"Zooland.az\" \/>\n<meta property=\"og:image\" content=\"https:\/\/zoo-land.az\/wp-content\/uploads\/2024\/05\/629353-ab0eeae140ef7c2a3b3b893aa8095c0b.jpg\" \/>\n\t<meta property=\"og:image:width\" content=\"840\" \/>\n\t<meta property=\"og:image:height\" content=\"840\" \/>\n\t<meta property=\"og:image:type\" content=\"image\/jpeg\" \/>\n<meta name=\"twitter:card\" content=\"summary_large_image\" \/>\n<meta name=\"twitter:label1\" content=\"\u041f\u0440\u0438\u043c\u0435\u0440\u043d\u043e\u0435 \u0432\u0440\u0435\u043c\u044f \u0434\u043b\u044f \u0447\u0442\u0435\u043d\u0438\u044f\" \/>\n\t<meta name=\"twitter:data1\" content=\"1 \u043c\u0438\u043d\u0443\u0442\u0430\" \/>\n<script type=\"application\/ld+json\" class=\"yoast-schema-graph\">{\"@context\":\"https:\\\/\\\/schema.org\",\"@graph\":[{\"@type\":\"WebPage\",\"@id\":\"https:\\\/\\\/zoo-land.az\\\/shop\\\/dog\\\/dog-wetfoods-conserves\\\/royal-canin-adult-pomeranian-wet-food-85-g\\\/\",\"url\":\"https:\\\/\\\/zoo-land.az\\\/shop\\\/dog\\\/dog-wetfoods-conserves\\\/royal-canin-adult-pomeranian-wet-food-85-g\\\/\",\"name\":\"Royal Canin Adult Pomeranian Wet food 85 g - Zooland.az\",\"isPartOf\":{\"@id\":\"https:\\\/\\\/zoo-land.az\\\/#website\"},\"primaryImageOfPage\":{\"@id\":\"https:\\\/\\\/zoo-land.az\\\/shop\\\/dog\\\/dog-wetfoods-conserves\\\/royal-canin-adult-pomeranian-wet-food-85-g\\\/#primaryimage\"},\"image\":{\"@id\":\"https:\\\/\\\/zoo-land.az\\\/shop\\\/dog\\\/dog-wetfoods-conserves\\\/royal-canin-adult-pomeranian-wet-food-85-g\\\/#primaryimage\"},\"thumbnailUrl\":\"https:\\\/\\\/zoo-land.az\\\/wp-content\\\/uploads\\\/2024\\\/05\\\/629353-ab0eeae140ef7c2a3b3b893aa8095c0b.jpg\",\"datePublished\":\"2024-05-30T11:18:56+00:00\",\"breadcrumb\":{\"@id\":\"https:\\\/\\\/zoo-land.az\\\/shop\\\/dog\\\/dog-wetfoods-conserves\\\/royal-canin-adult-pomeranian-wet-food-85-g\\\/#breadcrumb\"},\"inLanguage\":\"ru-RU\",\"potentialAction\":[{\"@type\":\"ReadAction\",\"target\":[\"https:\\\/\\\/zoo-land.az\\\/shop\\\/dog\\\/dog-wetfoods-conserves\\\/royal-canin-adult-pomeranian-wet-food-85-g\\\/\"]}]},{\"@type\":\"ImageObject\",\"inLanguage\":\"ru-RU\",\"@id\":\"https:\\\/\\\/zoo-land.az\\\/shop\\\/dog\\\/dog-wetfoods-conserves\\\/royal-canin-adult-pomeranian-wet-food-85-g\\\/#primaryimage\",\"url\":\"https:\\\/\\\/zoo-land.az\\\/wp-content\\\/uploads\\\/2024\\\/05\\\/629353-ab0eeae140ef7c2a3b3b893aa8095c0b.jpg\",\"contentUrl\":\"https:\\\/\\\/zoo-land.az\\\/wp-content\\\/uploads\\\/2024\\\/05\\\/629353-ab0eeae140ef7c2a3b3b893aa8095c0b.jpg\",\"width\":840,\"height\":840},{\"@type\":\"BreadcrumbList\",\"@id\":\"https:\\\/\\\/zoo-land.az\\\/shop\\\/dog\\\/dog-wetfoods-conserves\\\/royal-canin-adult-pomeranian-wet-food-85-g\\\/#breadcrumb\",\"itemListElement\":[{\"@type\":\"ListItem\",\"position\":1,\"name\":\"Home\",\"item\":\"https:\\\/\\\/zoo-land.az\\\/ru\\\/\"},{\"@type\":\"ListItem\",\"position\":2,\"name\":\"Shop\",\"item\":\"https:\\\/\\\/zoo-land.az\\\/ru\\\/\"},{\"@type\":\"ListItem\",\"position\":3,\"name\":\"Royal Canin Adult Pomeranian Wet food 85 g\"}]},{\"@type\":\"WebSite\",\"@id\":\"https:\\\/\\\/zoo-land.az\\\/#website\",\"url\":\"https:\\\/\\\/zoo-land.az\\\/\",\"name\":\"Zooland.az\",\"description\":\"Xo\u015fb\u0259xt ev heyvanlar\u0131n\u0131n \u00fcnvan\u0131 Zooland.az\",\"publisher\":{\"@id\":\"https:\\\/\\\/zoo-land.az\\\/#organization\"},\"potentialAction\":[{\"@type\":\"SearchAction\",\"target\":{\"@type\":\"EntryPoint\",\"urlTemplate\":\"https:\\\/\\\/zoo-land.az\\\/?s={search_term_string}\"},\"query-input\":{\"@type\":\"PropertyValueSpecification\",\"valueRequired\":true,\"valueName\":\"search_term_string\"}}],\"inLanguage\":\"ru-RU\"},{\"@type\":\"Organization\",\"@id\":\"https:\\\/\\\/zoo-land.az\\\/#organization\",\"name\":\"Zooland.az\",\"url\":\"https:\\\/\\\/zoo-land.az\\\/\",\"logo\":{\"@type\":\"ImageObject\",\"inLanguage\":\"ru-RU\",\"@id\":\"https:\\\/\\\/zoo-land.az\\\/#\\\/schema\\\/logo\\\/image\\\/\",\"url\":\"https:\\\/\\\/zoo-land.az\\\/wp-content\\\/uploads\\\/2022\\\/05\\\/logo.svg\",\"contentUrl\":\"https:\\\/\\\/zoo-land.az\\\/wp-content\\\/uploads\\\/2022\\\/05\\\/logo.svg\",\"width\":113,\"height\":46,\"caption\":\"Zooland.az\"},\"image\":{\"@id\":\"https:\\\/\\\/zoo-land.az\\\/#\\\/schema\\\/logo\\\/image\\\/\"}}]}<\/script>\n<!-- \/ Yoast SEO plugin. -->","yoast_head_json":{"title":"Royal Canin Adult Pomeranian Wet food 85 g - Zooland.az","robots":{"index":"index","follow":"follow","max-snippet":"max-snippet:-1","max-image-preview":"max-image-preview:large","max-video-preview":"max-video-preview:-1"},"canonical":"https:\/\/zoo-land.az\/ru\/shop\/dog\/dog-wetfoods-conserves\/royal-canin-adult-pomeranian-wet-food-85-g\/","og_locale":"ru_RU","og_type":"article","og_title":"Royal Canin Adult Pomeranian Wet food 85 g - Zooland.az","og_description":"Despite Pomeranian Spitz dogs being known for their good health and long lifespan of up to 12-16 years, they require special care.  Their magnificent coat with dense undercoat is one of the main advantages of Pomeranian Spitz dogs. The exclusive formula of this product supports skin health and barrier function, enhances coat beauty with adapted EPA and DHA content, and borage oil. A combination of various types of fiber (including husks and seeds of psyllium) helps stimulate intestinal transit, highly digestible proteins (L.I.P.*) ensure optimal stool consistency. The delicate pate texture stimulates the appetite even of the most finicky Pomeranian Spitz dogs.","og_url":"https:\/\/zoo-land.az\/ru\/shop\/dog\/dog-wetfoods-conserves\/royal-canin-adult-pomeranian-wet-food-85-g\/","og_site_name":"Zooland.az","og_image":[{"width":840,"height":840,"url":"https:\/\/zoo-land.az\/wp-content\/uploads\/2024\/05\/629353-ab0eeae140ef7c2a3b3b893aa8095c0b.jpg","type":"image\/jpeg"}],"twitter_card":"summary_large_image","twitter_misc":{"\u041f\u0440\u0438\u043c\u0435\u0440\u043d\u043e\u0435 \u0432\u0440\u0435\u043c\u044f \u0434\u043b\u044f \u0447\u0442\u0435\u043d\u0438\u044f":"1 \u043c\u0438\u043d\u0443\u0442\u0430"},"schema":{"@context":"https:\/\/schema.org","@graph":[{"@type":"WebPage","@id":"https:\/\/zoo-land.az\/shop\/dog\/dog-wetfoods-conserves\/royal-canin-adult-pomeranian-wet-food-85-g\/","url":"https:\/\/zoo-land.az\/shop\/dog\/dog-wetfoods-conserves\/royal-canin-adult-pomeranian-wet-food-85-g\/","name":"Royal Canin Adult Pomeranian Wet food 85 g - Zooland.az","isPartOf":{"@id":"https:\/\/zoo-land.az\/#website"},"primaryImageOfPage":{"@id":"https:\/\/zoo-land.az\/shop\/dog\/dog-wetfoods-conserves\/royal-canin-adult-pomeranian-wet-food-85-g\/#primaryimage"},"image":{"@id":"https:\/\/zoo-land.az\/shop\/dog\/dog-wetfoods-conserves\/royal-canin-adult-pomeranian-wet-food-85-g\/#primaryimage"},"thumbnailUrl":"https:\/\/zoo-land.az\/wp-content\/uploads\/2024\/05\/629353-ab0eeae140ef7c2a3b3b893aa8095c0b.jpg","datePublished":"2024-05-30T11:18:56+00:00","breadcrumb":{"@id":"https:\/\/zoo-land.az\/shop\/dog\/dog-wetfoods-conserves\/royal-canin-adult-pomeranian-wet-food-85-g\/#breadcrumb"},"inLanguage":"ru-RU","potentialAction":[{"@type":"ReadAction","target":["https:\/\/zoo-land.az\/shop\/dog\/dog-wetfoods-conserves\/royal-canin-adult-pomeranian-wet-food-85-g\/"]}]},{"@type":"ImageObject","inLanguage":"ru-RU","@id":"https:\/\/zoo-land.az\/shop\/dog\/dog-wetfoods-conserves\/royal-canin-adult-pomeranian-wet-food-85-g\/#primaryimage","url":"https:\/\/zoo-land.az\/wp-content\/uploads\/2024\/05\/629353-ab0eeae140ef7c2a3b3b893aa8095c0b.jpg","contentUrl":"https:\/\/zoo-land.az\/wp-content\/uploads\/2024\/05\/629353-ab0eeae140ef7c2a3b3b893aa8095c0b.jpg","width":840,"height":840},{"@type":"BreadcrumbList","@id":"https:\/\/zoo-land.az\/shop\/dog\/dog-wetfoods-conserves\/royal-canin-adult-pomeranian-wet-food-85-g\/#breadcrumb","itemListElement":[{"@type":"ListItem","position":1,"name":"Home","item":"https:\/\/zoo-land.az\/ru\/"},{"@type":"ListItem","position":2,"name":"Shop","item":"https:\/\/zoo-land.az\/ru\/"},{"@type":"ListItem","position":3,"name":"Royal Canin Adult Pomeranian Wet food 85 g"}]},{"@type":"WebSite","@id":"https:\/\/zoo-land.az\/#website","url":"https:\/\/zoo-land.az\/","name":"Zooland.az","description":"Xo\u015fb\u0259xt ev heyvanlar\u0131n\u0131n \u00fcnvan\u0131 Zooland.az","publisher":{"@id":"https:\/\/zoo-land.az\/#organization"},"potentialAction":[{"@type":"SearchAction","target":{"@type":"EntryPoint","urlTemplate":"https:\/\/zoo-land.az\/?s={search_term_string}"},"query-input":{"@type":"PropertyValueSpecification","valueRequired":true,"valueName":"search_term_string"}}],"inLanguage":"ru-RU"},{"@type":"Organization","@id":"https:\/\/zoo-land.az\/#organization","name":"Zooland.az","url":"https:\/\/zoo-land.az\/","logo":{"@type":"ImageObject","inLanguage":"ru-RU","@id":"https:\/\/zoo-land.az\/#\/schema\/logo\/image\/","url":"https:\/\/zoo-land.az\/wp-content\/uploads\/2022\/05\/logo.svg","contentUrl":"https:\/\/zoo-land.az\/wp-content\/uploads\/2022\/05\/logo.svg","width":113,"height":46,"caption":"Zooland.az"},"image":{"@id":"https:\/\/zoo-land.az\/#\/schema\/logo\/image\/"}}]}},"_links":{"self":[{"href":"https:\/\/zoo-land.az\/ru\/wp-json\/wp\/v2\/product\/21972","targetHints":{"allow":["GET"]}}],"collection":[{"href":"https:\/\/zoo-land.az\/ru\/wp-json\/wp\/v2\/product"}],"about":[{"href":"https:\/\/zoo-land.az\/ru\/wp-json\/wp\/v2\/types\/product"}],"wp:featuredmedia":[{"embeddable":true,"href":"https:\/\/zoo-land.az\/ru\/wp-json\/wp\/v2\/media\/21973"}],"wp:attachment":[{"href":"https:\/\/zoo-land.az\/ru\/wp-json\/wp\/v2\/media?parent=21972"}],"wp:term":[{"taxonomy":"product_cat","embeddable":true,"href":"https:\/\/zoo-land.az\/ru\/wp-json\/wp\/v2\/product_cat?post=21972"},{"taxonomy":"product_tag","embeddable":true,"href":"https:\/\/zoo-land.az\/ru\/wp-json\/wp\/v2\/product_tag?post=21972"}],"curies":[{"name":"wp","href":"https:\/\/api.w.org\/{rel}","templated":true}]}}