{"id":21985,"date":"2024-05-30T11:45:06","date_gmt":"2024-05-30T11:45:06","guid":{"rendered":"https:\/\/lightsteelblue-zebra-299715.hostingersite.com\/?post_type=product&#038;p=21985"},"modified":"2024-05-30T11:45:06","modified_gmt":"2024-05-30T11:45:06","slug":"royal-canin-kitten-loaf-wet-food-85-g","status":"publish","type":"product","link":"https:\/\/zoo-land.az\/ru\/shop\/cat\/cat-wetfoods\/royal-canin-kitten-loaf-wet-food-85-g\/","title":{"rendered":"Royal Canin Kitten Loaf \u0412\u043b\u0430\u0436\u043d\u044b\u0439 \u043a\u043e\u0440\u043c 85 \u0433"},"content":{"rendered":"<p><strong>Royal Canin Kitten Loaf<\/strong> is a complete wet food for kittens up to 12 months old (p\u00e2t\u00e9).<\/p>\n<p><strong>\u041f\u0440\u0435\u0438\u043c\u0443\u0449\u0435\u0441\u0442\u0432\u0430:<\/strong><\/p>\n<ul>\n<li><strong>Immune Support<\/strong> Helps support the natural defenses of the kitten&#8217;s body during the 2 phases of growth.<\/li>\n<li><strong>Easy Chewing<\/strong> Soft texture of the p\u00e2t\u00e9<\/li>\n<li><strong>Instinctive Preference<\/strong> The formula corresponds to the macronutrient profile that kittens instinctively prefer.<\/li>\n<\/ul>\n<p><strong>\u0418\u043d\u0433\u0440\u0435\u0434\u0438\u0435\u043d\u0442\u044b:<\/strong><\/p>\n<p>Composition: Meat and meat by-products, cereals, plant protein extracts, minerals, vegetable by-products, oils and fats, yeast, carbohydrates.<\/p>\n<p>Additives (per 1 kg): Nutritional additives: Vitamin D3 \u2014 175 IU; E1 (iron) \u2014 4 mg; E2 (iodine) \u2014 0.36 mg; E4 (copper) \u2014 2.8 mg; E5 (manganese) \u2014 1.3 mg; E6 (zinc) \u2014 13 mg.<\/p>\n<p>Analytical constituents: Crude protein \u2014 12%; crude fat \u2014 4%; crude ash \u2014 1.8%; crude fiber \u2014 0.9%; moisture \u2014 78%.<\/p>","protected":false},"excerpt":{"rendered":"<p><strong>Royal Canin Kitten Loaf<\/strong> is a complete wet food for kittens up to 12 months old (p\u00e2t\u00e9).<\/p>\n<p><strong>\u041f\u0440\u0435\u0438\u043c\u0443\u0449\u0435\u0441\u0442\u0432\u0430:<\/strong><\/p>\n<ul>\n<li><strong>Immune Support<\/strong> Helps support the natural defenses of the kitten&#8217;s body during the 2 phases of growth.<\/li>\n<li><strong>Easy Chewing<\/strong> Soft texture of the p\u00e2t\u00e9<\/li>\n<li><strong>Instinctive Preference<\/strong> The formula corresponds to the macronutrient profile that kittens instinctively prefer.<\/li>\n<\/ul>\n<p>&nbsp;<\/p>","protected":false},"featured_media":21986,"template":"","meta":{"inline_featured_image":false,"_joinchat":[]},"product_cat":[188,190],"product_tag":[],"class_list":{"0":"post-21985","1":"product","2":"type-product","3":"status-publish","4":"has-post-thumbnail","6":"product_brand-royal-canin","7":"product_cat-cat","8":"product_cat-cat-wetfoods","10":"first","11":"instock","12":"shipping-taxable","13":"purchasable","14":"product-type-simple"},"yoast_head":"<!-- This site is optimized with the Yoast SEO plugin v26.7 - https:\/\/yoast.com\/wordpress\/plugins\/seo\/ -->\n<title>Royal Canin Kitten Loaf Wet food 85 g - Zooland.az<\/title>\n<meta name=\"robots\" content=\"index, follow, max-snippet:-1, max-image-preview:large, max-video-preview:-1\" \/>\n<link rel=\"canonical\" href=\"https:\/\/zoo-land.az\/ru\/shop\/cat\/cat-wetfoods\/royal-canin-kitten-loaf-wet-food-85-g\/\" \/>\n<meta property=\"og:locale\" content=\"ru_RU\" \/>\n<meta property=\"og:type\" content=\"article\" \/>\n<meta property=\"og:title\" content=\"Royal Canin Kitten Loaf Wet food 85 g - Zooland.az\" \/>\n<meta property=\"og:description\" content=\"Royal Canin Kitten Loaf is a complete wet food for kittens up to 12 months old (p\u00e2t\u00e9).  Benefits:   Immune Support Helps support the natural defenses of the kitten&#039;s body during the 2 phases of growth.  Easy Chewing Soft texture of the p\u00e2t\u00e9  Instinctive Preference The formula corresponds to the macronutrient profile that kittens instinctively prefer.  &nbsp;\" \/>\n<meta property=\"og:url\" content=\"https:\/\/zoo-land.az\/ru\/shop\/cat\/cat-wetfoods\/royal-canin-kitten-loaf-wet-food-85-g\/\" \/>\n<meta property=\"og:site_name\" content=\"Zooland.az\" \/>\n<meta property=\"og:image\" content=\"https:\/\/zoo-land.az\/wp-content\/uploads\/2024\/05\/142133-82be66203656666827c9d75c58d0084e.jpg\" \/>\n\t<meta property=\"og:image:width\" content=\"840\" \/>\n\t<meta property=\"og:image:height\" content=\"560\" \/>\n\t<meta property=\"og:image:type\" content=\"image\/jpeg\" \/>\n<meta name=\"twitter:card\" content=\"summary_large_image\" \/>\n<meta name=\"twitter:label1\" content=\"\u041f\u0440\u0438\u043c\u0435\u0440\u043d\u043e\u0435 \u0432\u0440\u0435\u043c\u044f \u0434\u043b\u044f \u0447\u0442\u0435\u043d\u0438\u044f\" \/>\n\t<meta name=\"twitter:data1\" content=\"1 \u043c\u0438\u043d\u0443\u0442\u0430\" \/>\n<script type=\"application\/ld+json\" class=\"yoast-schema-graph\">{\"@context\":\"https:\/\/schema.org\",\"@graph\":[{\"@type\":\"WebPage\",\"@id\":\"https:\/\/zoo-land.az\/ru\/shop\/cat\/cat-wetfoods\/royal-canin-kitten-loaf-wet-food-85-g\/\",\"url\":\"https:\/\/zoo-land.az\/ru\/shop\/cat\/cat-wetfoods\/royal-canin-kitten-loaf-wet-food-85-g\/\",\"name\":\"Royal Canin Kitten Loaf Wet food 85 g - Zooland.az\",\"isPartOf\":{\"@id\":\"https:\/\/zoo-land.az\/#website\"},\"primaryImageOfPage\":{\"@id\":\"https:\/\/zoo-land.az\/ru\/shop\/cat\/cat-wetfoods\/royal-canin-kitten-loaf-wet-food-85-g\/#primaryimage\"},\"image\":{\"@id\":\"https:\/\/zoo-land.az\/ru\/shop\/cat\/cat-wetfoods\/royal-canin-kitten-loaf-wet-food-85-g\/#primaryimage\"},\"thumbnailUrl\":\"https:\/\/zoo-land.az\/wp-content\/uploads\/2024\/05\/142133-82be66203656666827c9d75c58d0084e.jpg\",\"datePublished\":\"2024-05-30T11:45:06+00:00\",\"breadcrumb\":{\"@id\":\"https:\/\/zoo-land.az\/ru\/shop\/cat\/cat-wetfoods\/royal-canin-kitten-loaf-wet-food-85-g\/#breadcrumb\"},\"inLanguage\":\"ru-RU\",\"potentialAction\":[{\"@type\":\"ReadAction\",\"target\":[\"https:\/\/zoo-land.az\/ru\/shop\/cat\/cat-wetfoods\/royal-canin-kitten-loaf-wet-food-85-g\/\"]}]},{\"@type\":\"ImageObject\",\"inLanguage\":\"ru-RU\",\"@id\":\"https:\/\/zoo-land.az\/ru\/shop\/cat\/cat-wetfoods\/royal-canin-kitten-loaf-wet-food-85-g\/#primaryimage\",\"url\":\"https:\/\/zoo-land.az\/wp-content\/uploads\/2024\/05\/142133-82be66203656666827c9d75c58d0084e.jpg\",\"contentUrl\":\"https:\/\/zoo-land.az\/wp-content\/uploads\/2024\/05\/142133-82be66203656666827c9d75c58d0084e.jpg\",\"width\":840,\"height\":560},{\"@type\":\"BreadcrumbList\",\"@id\":\"https:\/\/zoo-land.az\/ru\/shop\/cat\/cat-wetfoods\/royal-canin-kitten-loaf-wet-food-85-g\/#breadcrumb\",\"itemListElement\":[{\"@type\":\"ListItem\",\"position\":1,\"name\":\"Home\",\"item\":\"https:\/\/zoo-land.az\/ru\/\"},{\"@type\":\"ListItem\",\"position\":2,\"name\":\"Shop\",\"item\":\"https:\/\/zoo-land.az\/ru\/\"},{\"@type\":\"ListItem\",\"position\":3,\"name\":\"Royal Canin Kitten Loaf Wet food 85 g\"}]},{\"@type\":\"WebSite\",\"@id\":\"https:\/\/zoo-land.az\/#website\",\"url\":\"https:\/\/zoo-land.az\/\",\"name\":\"Zooland.az\",\"description\":\"Xo\u015fb\u0259xt ev heyvanlar\u0131n\u0131n \u00fcnvan\u0131 Zooland.az\",\"publisher\":{\"@id\":\"https:\/\/zoo-land.az\/#organization\"},\"potentialAction\":[{\"@type\":\"SearchAction\",\"target\":{\"@type\":\"EntryPoint\",\"urlTemplate\":\"https:\/\/zoo-land.az\/?s={search_term_string}\"},\"query-input\":{\"@type\":\"PropertyValueSpecification\",\"valueRequired\":true,\"valueName\":\"search_term_string\"}}],\"inLanguage\":\"ru-RU\"},{\"@type\":\"Organization\",\"@id\":\"https:\/\/zoo-land.az\/#organization\",\"name\":\"Zooland.az\",\"url\":\"https:\/\/zoo-land.az\/\",\"logo\":{\"@type\":\"ImageObject\",\"inLanguage\":\"ru-RU\",\"@id\":\"https:\/\/zoo-land.az\/#\/schema\/logo\/image\/\",\"url\":\"https:\/\/zoo-land.az\/wp-content\/uploads\/2022\/05\/logo.svg\",\"contentUrl\":\"https:\/\/zoo-land.az\/wp-content\/uploads\/2022\/05\/logo.svg\",\"width\":113,\"height\":46,\"caption\":\"Zooland.az\"},\"image\":{\"@id\":\"https:\/\/zoo-land.az\/#\/schema\/logo\/image\/\"}}]}<\/script>\n<!-- \/ Yoast SEO plugin. -->","yoast_head_json":{"title":"Royal Canin Kitten Loaf Wet food 85 g - Zooland.az","robots":{"index":"index","follow":"follow","max-snippet":"max-snippet:-1","max-image-preview":"max-image-preview:large","max-video-preview":"max-video-preview:-1"},"canonical":"https:\/\/zoo-land.az\/ru\/shop\/cat\/cat-wetfoods\/royal-canin-kitten-loaf-wet-food-85-g\/","og_locale":"ru_RU","og_type":"article","og_title":"Royal Canin Kitten Loaf Wet food 85 g - Zooland.az","og_description":"Royal Canin Kitten Loaf is a complete wet food for kittens up to 12 months old (p\u00e2t\u00e9).  Benefits:   Immune Support Helps support the natural defenses of the kitten's body during the 2 phases of growth.  Easy Chewing Soft texture of the p\u00e2t\u00e9  Instinctive Preference The formula corresponds to the macronutrient profile that kittens instinctively prefer.  &nbsp;","og_url":"https:\/\/zoo-land.az\/ru\/shop\/cat\/cat-wetfoods\/royal-canin-kitten-loaf-wet-food-85-g\/","og_site_name":"Zooland.az","og_image":[{"width":840,"height":560,"url":"https:\/\/zoo-land.az\/wp-content\/uploads\/2024\/05\/142133-82be66203656666827c9d75c58d0084e.jpg","type":"image\/jpeg"}],"twitter_card":"summary_large_image","twitter_misc":{"\u041f\u0440\u0438\u043c\u0435\u0440\u043d\u043e\u0435 \u0432\u0440\u0435\u043c\u044f \u0434\u043b\u044f \u0447\u0442\u0435\u043d\u0438\u044f":"1 \u043c\u0438\u043d\u0443\u0442\u0430"},"schema":{"@context":"https:\/\/schema.org","@graph":[{"@type":"WebPage","@id":"https:\/\/zoo-land.az\/ru\/shop\/cat\/cat-wetfoods\/royal-canin-kitten-loaf-wet-food-85-g\/","url":"https:\/\/zoo-land.az\/ru\/shop\/cat\/cat-wetfoods\/royal-canin-kitten-loaf-wet-food-85-g\/","name":"Royal Canin Kitten Loaf Wet food 85 g - Zooland.az","isPartOf":{"@id":"https:\/\/zoo-land.az\/#website"},"primaryImageOfPage":{"@id":"https:\/\/zoo-land.az\/ru\/shop\/cat\/cat-wetfoods\/royal-canin-kitten-loaf-wet-food-85-g\/#primaryimage"},"image":{"@id":"https:\/\/zoo-land.az\/ru\/shop\/cat\/cat-wetfoods\/royal-canin-kitten-loaf-wet-food-85-g\/#primaryimage"},"thumbnailUrl":"https:\/\/zoo-land.az\/wp-content\/uploads\/2024\/05\/142133-82be66203656666827c9d75c58d0084e.jpg","datePublished":"2024-05-30T11:45:06+00:00","breadcrumb":{"@id":"https:\/\/zoo-land.az\/ru\/shop\/cat\/cat-wetfoods\/royal-canin-kitten-loaf-wet-food-85-g\/#breadcrumb"},"inLanguage":"ru-RU","potentialAction":[{"@type":"ReadAction","target":["https:\/\/zoo-land.az\/ru\/shop\/cat\/cat-wetfoods\/royal-canin-kitten-loaf-wet-food-85-g\/"]}]},{"@type":"ImageObject","inLanguage":"ru-RU","@id":"https:\/\/zoo-land.az\/ru\/shop\/cat\/cat-wetfoods\/royal-canin-kitten-loaf-wet-food-85-g\/#primaryimage","url":"https:\/\/zoo-land.az\/wp-content\/uploads\/2024\/05\/142133-82be66203656666827c9d75c58d0084e.jpg","contentUrl":"https:\/\/zoo-land.az\/wp-content\/uploads\/2024\/05\/142133-82be66203656666827c9d75c58d0084e.jpg","width":840,"height":560},{"@type":"BreadcrumbList","@id":"https:\/\/zoo-land.az\/ru\/shop\/cat\/cat-wetfoods\/royal-canin-kitten-loaf-wet-food-85-g\/#breadcrumb","itemListElement":[{"@type":"ListItem","position":1,"name":"Home","item":"https:\/\/zoo-land.az\/ru\/"},{"@type":"ListItem","position":2,"name":"Shop","item":"https:\/\/zoo-land.az\/ru\/"},{"@type":"ListItem","position":3,"name":"Royal Canin Kitten Loaf Wet food 85 g"}]},{"@type":"WebSite","@id":"https:\/\/zoo-land.az\/#website","url":"https:\/\/zoo-land.az\/","name":"Zooland.az","description":"Xo\u015fb\u0259xt ev heyvanlar\u0131n\u0131n \u00fcnvan\u0131 Zooland.az","publisher":{"@id":"https:\/\/zoo-land.az\/#organization"},"potentialAction":[{"@type":"SearchAction","target":{"@type":"EntryPoint","urlTemplate":"https:\/\/zoo-land.az\/?s={search_term_string}"},"query-input":{"@type":"PropertyValueSpecification","valueRequired":true,"valueName":"search_term_string"}}],"inLanguage":"ru-RU"},{"@type":"Organization","@id":"https:\/\/zoo-land.az\/#organization","name":"Zooland.az","url":"https:\/\/zoo-land.az\/","logo":{"@type":"ImageObject","inLanguage":"ru-RU","@id":"https:\/\/zoo-land.az\/#\/schema\/logo\/image\/","url":"https:\/\/zoo-land.az\/wp-content\/uploads\/2022\/05\/logo.svg","contentUrl":"https:\/\/zoo-land.az\/wp-content\/uploads\/2022\/05\/logo.svg","width":113,"height":46,"caption":"Zooland.az"},"image":{"@id":"https:\/\/zoo-land.az\/#\/schema\/logo\/image\/"}}]}},"_links":{"self":[{"href":"https:\/\/zoo-land.az\/ru\/wp-json\/wp\/v2\/product\/21985","targetHints":{"allow":["GET"]}}],"collection":[{"href":"https:\/\/zoo-land.az\/ru\/wp-json\/wp\/v2\/product"}],"about":[{"href":"https:\/\/zoo-land.az\/ru\/wp-json\/wp\/v2\/types\/product"}],"wp:featuredmedia":[{"embeddable":true,"href":"https:\/\/zoo-land.az\/ru\/wp-json\/wp\/v2\/media\/21986"}],"wp:attachment":[{"href":"https:\/\/zoo-land.az\/ru\/wp-json\/wp\/v2\/media?parent=21985"}],"wp:term":[{"taxonomy":"product_cat","embeddable":true,"href":"https:\/\/zoo-land.az\/ru\/wp-json\/wp\/v2\/product_cat?post=21985"},{"taxonomy":"product_tag","embeddable":true,"href":"https:\/\/zoo-land.az\/ru\/wp-json\/wp\/v2\/product_tag?post=21985"}],"curies":[{"name":"wp","href":"https:\/\/api.w.org\/{rel}","templated":true}]}}