{"id":21989,"date":"2024-05-30T12:14:15","date_gmt":"2024-05-30T12:14:15","guid":{"rendered":"https:\/\/lightsteelblue-zebra-299715.hostingersite.com\/?post_type=product&#038;p=21989"},"modified":"2024-05-30T12:14:16","modified_gmt":"2024-05-30T12:14:16","slug":"royal-canin-kitten-sterilised-wet-food-85-g","status":"publish","type":"product","link":"https:\/\/zoo-land.az\/ru\/shop\/cat\/cat-wetfoods\/royal-canin-kitten-sterilised-wet-food-85-g\/","title":{"rendered":"Royal Canin Kitten Sterilized \u0412\u043b\u0430\u0436\u043d\u044b\u0439 \u043a\u043e\u0440\u043c 85 \u0433"},"content":{"rendered":"<p><strong>Kitten Sterilised: Wet Food for Sterilised Kittens Aged 6 to 12 Months<\/strong><\/p>\n<p>Just 48 hours after sterilization, a cat&#8217;s appetite can significantly increase. This food supports healthy growth and optimal weight, strengthens the immune system, and promotes normal digestion. Small pieces in sauce are suitable for sterilized cats older than 1 year. Net weight: 85 g.<\/p>\n<p><strong>\u041a\u043b\u044e\u0447\u0435\u0432\u044b\u0435 \u043f\u0440\u0435\u0438\u043c\u0443\u0449\u0435\u0441\u0442\u0432\u0430:<\/strong><\/p>\n<ol>\n<li><strong>Immune Support:<\/strong><br \/>\nSupports the kitten&#8217;s natural defense mechanisms with a balanced nutrient content.<\/li>\n<li><strong>Growth and Weight Control:<\/strong><br \/>\nModerate energy content prevents excessive weight gain while maintaining the necessary balance of protein and minerals for harmonious growth.<\/li>\n<li><strong>Instinctive Preference:<\/strong><br \/>\nThe optimal macronutrient profile corresponds to the instinctive preference of kittens.<\/li>\n<\/ol>\n<p><strong>\u0418\u043d\u0433\u0440\u0435\u0434\u0438\u0435\u043d\u0442\u044b:<\/strong><br \/>\nComplete canned food for cats &#8211; Specially formulated for sterilized kittens (aged 6 to 12 months) (small pieces in sauce) Kitten Sterilised.<\/p>\n<p><strong>\u0418\u043d\u0433\u0440\u0435\u0434\u0438\u0435\u043d\u0442\u044b:<\/strong> Meat and meat by-products, plant protein extracts, plant by-products, cereals, minerals, oils and fats, yeast, carbohydrate sources.<\/p>\n<p><strong>\u0414\u043e\u0431\u0430\u0432\u043a\u0438 (\u0437\u0430 1 \u043a\u0433):<\/strong><br \/>\nNutritional additives: Vitamin D3: 155 IU, Iron: 2.7 mg, Iodine: 0.28 mg, Copper: 2.2 mg, Manganese: 0.8 mg, Zinc: 8.6 mg.<\/p>\n<p><strong>Nutritional Content:<\/strong><\/p>\n<ul>\n<li>Proteins: 11%<\/li>\n<li>Fats: 3.4%<\/li>\n<li>Minerals: 1.5%<\/li>\n<li>Dietary fiber: 1.2%<\/li>\n<li>Moisture: 80.5%<\/li>\n<\/ul>\n<p>The ingredient and nutrient information on the website is for reference only. All product information is directly available on the packaging.<\/p>","protected":false},"excerpt":{"rendered":"<p>Just 48 hours after sterilization, a cat&#8217;s appetite can significantly increase. This food supports healthy growth and optimal weight, strengthens the immune system, and promotes normal digestion. Small pieces in sauce are suitable for sterilized cats older than 1 year. Net weight: 85 g.<\/p>","protected":false},"featured_media":21990,"template":"","meta":{"inline_featured_image":false,"_joinchat":[]},"product_cat":[188,190],"product_tag":[],"class_list":{"0":"post-21989","1":"product","2":"type-product","3":"status-publish","4":"has-post-thumbnail","6":"product_brand-royal-canin","7":"product_cat-cat","8":"product_cat-cat-wetfoods","10":"first","11":"instock","12":"shipping-taxable","13":"purchasable","14":"product-type-simple"},"yoast_head":"<!-- This site is optimized with the Yoast SEO plugin v26.7 - https:\/\/yoast.com\/wordpress\/plugins\/seo\/ -->\n<title>Royal Canin Kitten Sterilised Wet food 85 g - Zooland.az<\/title>\n<meta name=\"robots\" content=\"index, follow, max-snippet:-1, max-image-preview:large, max-video-preview:-1\" \/>\n<link rel=\"canonical\" href=\"https:\/\/zoo-land.az\/ru\/shop\/cat\/cat-wetfoods\/royal-canin-kitten-sterilised-wet-food-85-g\/\" \/>\n<meta property=\"og:locale\" content=\"ru_RU\" \/>\n<meta property=\"og:type\" content=\"article\" \/>\n<meta property=\"og:title\" content=\"Royal Canin Kitten Sterilised Wet food 85 g - Zooland.az\" \/>\n<meta property=\"og:description\" content=\"Just 48 hours after sterilization, a cat&#039;s appetite can significantly increase. This food supports healthy growth and optimal weight, strengthens the immune system, and promotes normal digestion. Small pieces in sauce are suitable for sterilized cats older than 1 year. Net weight: 85 g.\" \/>\n<meta property=\"og:url\" content=\"https:\/\/zoo-land.az\/ru\/shop\/cat\/cat-wetfoods\/royal-canin-kitten-sterilised-wet-food-85-g\/\" \/>\n<meta property=\"og:site_name\" content=\"Zooland.az\" \/>\n<meta property=\"article:modified_time\" content=\"2024-05-30T12:14:16+00:00\" \/>\n<meta property=\"og:image\" content=\"https:\/\/zoo-land.az\/wp-content\/uploads\/2024\/05\/1_\u041a\u0438\u0442\u0442\u0435\u043d-\u0421\u0442\u0435\u0440\u0438\u043b\u0430\u0439\u0437\u0434-\u0432-\u0441\u043e\u0443\u0441\u0435_3-1200x1200-1.png\" \/>\n\t<meta property=\"og:image:width\" content=\"1200\" \/>\n\t<meta property=\"og:image:height\" content=\"1200\" \/>\n\t<meta property=\"og:image:type\" content=\"image\/png\" \/>\n<meta name=\"twitter:card\" content=\"summary_large_image\" \/>\n<meta name=\"twitter:label1\" content=\"\u041f\u0440\u0438\u043c\u0435\u0440\u043d\u043e\u0435 \u0432\u0440\u0435\u043c\u044f \u0434\u043b\u044f \u0447\u0442\u0435\u043d\u0438\u044f\" \/>\n\t<meta name=\"twitter:data1\" content=\"1 \u043c\u0438\u043d\u0443\u0442\u0430\" \/>\n<script type=\"application\/ld+json\" class=\"yoast-schema-graph\">{\"@context\":\"https:\/\/schema.org\",\"@graph\":[{\"@type\":\"WebPage\",\"@id\":\"https:\/\/zoo-land.az\/shop\/cat\/cat-wetfoods\/royal-canin-kitten-sterilised-wet-food-85-g\/\",\"url\":\"https:\/\/zoo-land.az\/shop\/cat\/cat-wetfoods\/royal-canin-kitten-sterilised-wet-food-85-g\/\",\"name\":\"Royal Canin Kitten Sterilised Wet food 85 g - Zooland.az\",\"isPartOf\":{\"@id\":\"https:\/\/zoo-land.az\/#website\"},\"primaryImageOfPage\":{\"@id\":\"https:\/\/zoo-land.az\/shop\/cat\/cat-wetfoods\/royal-canin-kitten-sterilised-wet-food-85-g\/#primaryimage\"},\"image\":{\"@id\":\"https:\/\/zoo-land.az\/shop\/cat\/cat-wetfoods\/royal-canin-kitten-sterilised-wet-food-85-g\/#primaryimage\"},\"thumbnailUrl\":\"https:\/\/zoo-land.az\/wp-content\/uploads\/2024\/05\/1_\u041a\u0438\u0442\u0442\u0435\u043d-\u0421\u0442\u0435\u0440\u0438\u043b\u0430\u0439\u0437\u0434-\u0432-\u0441\u043e\u0443\u0441\u0435_3-1200x1200-1.png\",\"datePublished\":\"2024-05-30T12:14:15+00:00\",\"dateModified\":\"2024-05-30T12:14:16+00:00\",\"breadcrumb\":{\"@id\":\"https:\/\/zoo-land.az\/shop\/cat\/cat-wetfoods\/royal-canin-kitten-sterilised-wet-food-85-g\/#breadcrumb\"},\"inLanguage\":\"ru-RU\",\"potentialAction\":[{\"@type\":\"ReadAction\",\"target\":[\"https:\/\/zoo-land.az\/shop\/cat\/cat-wetfoods\/royal-canin-kitten-sterilised-wet-food-85-g\/\"]}]},{\"@type\":\"ImageObject\",\"inLanguage\":\"ru-RU\",\"@id\":\"https:\/\/zoo-land.az\/shop\/cat\/cat-wetfoods\/royal-canin-kitten-sterilised-wet-food-85-g\/#primaryimage\",\"url\":\"https:\/\/zoo-land.az\/wp-content\/uploads\/2024\/05\/1_\u041a\u0438\u0442\u0442\u0435\u043d-\u0421\u0442\u0435\u0440\u0438\u043b\u0430\u0439\u0437\u0434-\u0432-\u0441\u043e\u0443\u0441\u0435_3-1200x1200-1.png\",\"contentUrl\":\"https:\/\/zoo-land.az\/wp-content\/uploads\/2024\/05\/1_\u041a\u0438\u0442\u0442\u0435\u043d-\u0421\u0442\u0435\u0440\u0438\u043b\u0430\u0439\u0437\u0434-\u0432-\u0441\u043e\u0443\u0441\u0435_3-1200x1200-1.png\",\"width\":1200,\"height\":1200},{\"@type\":\"BreadcrumbList\",\"@id\":\"https:\/\/zoo-land.az\/shop\/cat\/cat-wetfoods\/royal-canin-kitten-sterilised-wet-food-85-g\/#breadcrumb\",\"itemListElement\":[{\"@type\":\"ListItem\",\"position\":1,\"name\":\"Home\",\"item\":\"https:\/\/zoo-land.az\/ru\/\"},{\"@type\":\"ListItem\",\"position\":2,\"name\":\"Shop\",\"item\":\"https:\/\/zoo-land.az\/ru\/\"},{\"@type\":\"ListItem\",\"position\":3,\"name\":\"Royal Canin Kitten Sterilised Wet food 85 g\"}]},{\"@type\":\"WebSite\",\"@id\":\"https:\/\/zoo-land.az\/#website\",\"url\":\"https:\/\/zoo-land.az\/\",\"name\":\"Zooland.az\",\"description\":\"Xo\u015fb\u0259xt ev heyvanlar\u0131n\u0131n \u00fcnvan\u0131 Zooland.az\",\"publisher\":{\"@id\":\"https:\/\/zoo-land.az\/#organization\"},\"potentialAction\":[{\"@type\":\"SearchAction\",\"target\":{\"@type\":\"EntryPoint\",\"urlTemplate\":\"https:\/\/zoo-land.az\/?s={search_term_string}\"},\"query-input\":{\"@type\":\"PropertyValueSpecification\",\"valueRequired\":true,\"valueName\":\"search_term_string\"}}],\"inLanguage\":\"ru-RU\"},{\"@type\":\"Organization\",\"@id\":\"https:\/\/zoo-land.az\/#organization\",\"name\":\"Zooland.az\",\"url\":\"https:\/\/zoo-land.az\/\",\"logo\":{\"@type\":\"ImageObject\",\"inLanguage\":\"ru-RU\",\"@id\":\"https:\/\/zoo-land.az\/#\/schema\/logo\/image\/\",\"url\":\"https:\/\/zoo-land.az\/wp-content\/uploads\/2022\/05\/logo.svg\",\"contentUrl\":\"https:\/\/zoo-land.az\/wp-content\/uploads\/2022\/05\/logo.svg\",\"width\":113,\"height\":46,\"caption\":\"Zooland.az\"},\"image\":{\"@id\":\"https:\/\/zoo-land.az\/#\/schema\/logo\/image\/\"}}]}<\/script>\n<!-- \/ Yoast SEO plugin. -->","yoast_head_json":{"title":"Royal Canin Kitten Sterilised Wet food 85 g - Zooland.az","robots":{"index":"index","follow":"follow","max-snippet":"max-snippet:-1","max-image-preview":"max-image-preview:large","max-video-preview":"max-video-preview:-1"},"canonical":"https:\/\/zoo-land.az\/ru\/shop\/cat\/cat-wetfoods\/royal-canin-kitten-sterilised-wet-food-85-g\/","og_locale":"ru_RU","og_type":"article","og_title":"Royal Canin Kitten Sterilised Wet food 85 g - Zooland.az","og_description":"Just 48 hours after sterilization, a cat's appetite can significantly increase. This food supports healthy growth and optimal weight, strengthens the immune system, and promotes normal digestion. Small pieces in sauce are suitable for sterilized cats older than 1 year. Net weight: 85 g.","og_url":"https:\/\/zoo-land.az\/ru\/shop\/cat\/cat-wetfoods\/royal-canin-kitten-sterilised-wet-food-85-g\/","og_site_name":"Zooland.az","article_modified_time":"2024-05-30T12:14:16+00:00","og_image":[{"width":1200,"height":1200,"url":"https:\/\/zoo-land.az\/wp-content\/uploads\/2024\/05\/1_\u041a\u0438\u0442\u0442\u0435\u043d-\u0421\u0442\u0435\u0440\u0438\u043b\u0430\u0439\u0437\u0434-\u0432-\u0441\u043e\u0443\u0441\u0435_3-1200x1200-1.png","type":"image\/png"}],"twitter_card":"summary_large_image","twitter_misc":{"\u041f\u0440\u0438\u043c\u0435\u0440\u043d\u043e\u0435 \u0432\u0440\u0435\u043c\u044f \u0434\u043b\u044f \u0447\u0442\u0435\u043d\u0438\u044f":"1 \u043c\u0438\u043d\u0443\u0442\u0430"},"schema":{"@context":"https:\/\/schema.org","@graph":[{"@type":"WebPage","@id":"https:\/\/zoo-land.az\/shop\/cat\/cat-wetfoods\/royal-canin-kitten-sterilised-wet-food-85-g\/","url":"https:\/\/zoo-land.az\/shop\/cat\/cat-wetfoods\/royal-canin-kitten-sterilised-wet-food-85-g\/","name":"Royal Canin Kitten Sterilised Wet food 85 g - Zooland.az","isPartOf":{"@id":"https:\/\/zoo-land.az\/#website"},"primaryImageOfPage":{"@id":"https:\/\/zoo-land.az\/shop\/cat\/cat-wetfoods\/royal-canin-kitten-sterilised-wet-food-85-g\/#primaryimage"},"image":{"@id":"https:\/\/zoo-land.az\/shop\/cat\/cat-wetfoods\/royal-canin-kitten-sterilised-wet-food-85-g\/#primaryimage"},"thumbnailUrl":"https:\/\/zoo-land.az\/wp-content\/uploads\/2024\/05\/1_\u041a\u0438\u0442\u0442\u0435\u043d-\u0421\u0442\u0435\u0440\u0438\u043b\u0430\u0439\u0437\u0434-\u0432-\u0441\u043e\u0443\u0441\u0435_3-1200x1200-1.png","datePublished":"2024-05-30T12:14:15+00:00","dateModified":"2024-05-30T12:14:16+00:00","breadcrumb":{"@id":"https:\/\/zoo-land.az\/shop\/cat\/cat-wetfoods\/royal-canin-kitten-sterilised-wet-food-85-g\/#breadcrumb"},"inLanguage":"ru-RU","potentialAction":[{"@type":"ReadAction","target":["https:\/\/zoo-land.az\/shop\/cat\/cat-wetfoods\/royal-canin-kitten-sterilised-wet-food-85-g\/"]}]},{"@type":"ImageObject","inLanguage":"ru-RU","@id":"https:\/\/zoo-land.az\/shop\/cat\/cat-wetfoods\/royal-canin-kitten-sterilised-wet-food-85-g\/#primaryimage","url":"https:\/\/zoo-land.az\/wp-content\/uploads\/2024\/05\/1_\u041a\u0438\u0442\u0442\u0435\u043d-\u0421\u0442\u0435\u0440\u0438\u043b\u0430\u0439\u0437\u0434-\u0432-\u0441\u043e\u0443\u0441\u0435_3-1200x1200-1.png","contentUrl":"https:\/\/zoo-land.az\/wp-content\/uploads\/2024\/05\/1_\u041a\u0438\u0442\u0442\u0435\u043d-\u0421\u0442\u0435\u0440\u0438\u043b\u0430\u0439\u0437\u0434-\u0432-\u0441\u043e\u0443\u0441\u0435_3-1200x1200-1.png","width":1200,"height":1200},{"@type":"BreadcrumbList","@id":"https:\/\/zoo-land.az\/shop\/cat\/cat-wetfoods\/royal-canin-kitten-sterilised-wet-food-85-g\/#breadcrumb","itemListElement":[{"@type":"ListItem","position":1,"name":"Home","item":"https:\/\/zoo-land.az\/ru\/"},{"@type":"ListItem","position":2,"name":"Shop","item":"https:\/\/zoo-land.az\/ru\/"},{"@type":"ListItem","position":3,"name":"Royal Canin Kitten Sterilised Wet food 85 g"}]},{"@type":"WebSite","@id":"https:\/\/zoo-land.az\/#website","url":"https:\/\/zoo-land.az\/","name":"Zooland.az","description":"Xo\u015fb\u0259xt ev heyvanlar\u0131n\u0131n \u00fcnvan\u0131 Zooland.az","publisher":{"@id":"https:\/\/zoo-land.az\/#organization"},"potentialAction":[{"@type":"SearchAction","target":{"@type":"EntryPoint","urlTemplate":"https:\/\/zoo-land.az\/?s={search_term_string}"},"query-input":{"@type":"PropertyValueSpecification","valueRequired":true,"valueName":"search_term_string"}}],"inLanguage":"ru-RU"},{"@type":"Organization","@id":"https:\/\/zoo-land.az\/#organization","name":"Zooland.az","url":"https:\/\/zoo-land.az\/","logo":{"@type":"ImageObject","inLanguage":"ru-RU","@id":"https:\/\/zoo-land.az\/#\/schema\/logo\/image\/","url":"https:\/\/zoo-land.az\/wp-content\/uploads\/2022\/05\/logo.svg","contentUrl":"https:\/\/zoo-land.az\/wp-content\/uploads\/2022\/05\/logo.svg","width":113,"height":46,"caption":"Zooland.az"},"image":{"@id":"https:\/\/zoo-land.az\/#\/schema\/logo\/image\/"}}]}},"_links":{"self":[{"href":"https:\/\/zoo-land.az\/ru\/wp-json\/wp\/v2\/product\/21989","targetHints":{"allow":["GET"]}}],"collection":[{"href":"https:\/\/zoo-land.az\/ru\/wp-json\/wp\/v2\/product"}],"about":[{"href":"https:\/\/zoo-land.az\/ru\/wp-json\/wp\/v2\/types\/product"}],"wp:featuredmedia":[{"embeddable":true,"href":"https:\/\/zoo-land.az\/ru\/wp-json\/wp\/v2\/media\/21990"}],"wp:attachment":[{"href":"https:\/\/zoo-land.az\/ru\/wp-json\/wp\/v2\/media?parent=21989"}],"wp:term":[{"taxonomy":"product_cat","embeddable":true,"href":"https:\/\/zoo-land.az\/ru\/wp-json\/wp\/v2\/product_cat?post=21989"},{"taxonomy":"product_tag","embeddable":true,"href":"https:\/\/zoo-land.az\/ru\/wp-json\/wp\/v2\/product_tag?post=21989"}],"curies":[{"name":"wp","href":"https:\/\/api.w.org\/{rel}","templated":true}]}}