{"id":21991,"date":"2024-05-30T12:17:49","date_gmt":"2024-05-30T12:17:49","guid":{"rendered":"https:\/\/lightsteelblue-zebra-299715.hostingersite.com\/?post_type=product&#038;p=21991"},"modified":"2024-05-30T12:17:49","modified_gmt":"2024-05-30T12:17:49","slug":"royal-canin-sterilised-gravy-wet-food-85-g","status":"publish","type":"product","link":"https:\/\/zoo-land.az\/ru\/shop\/cat\/cat-wetfoods\/royal-canin-sterilised-gravy-wet-food-85-g\/","title":{"rendered":"Royal Canin Sterilized Gravy \u0412\u043b\u0430\u0436\u043d\u044b\u0439 \u043a\u043e\u0440\u043c 85 \u0433"},"content":{"rendered":"<div class=\"flex flex-grow flex-col max-w-full\">\n<div class=\"min-h-[20px] text-message flex flex-col items-start whitespace-pre-wrap break-words [.text-message+&amp;]:mt-5 juice:w-full juice:items-end overflow-x-auto gap-2\" dir=\"auto\" data-message-author-role=\"assistant\" data-message-id=\"6e096165-a2d6-45ee-877b-e9f0ae2ac9c4\">\n<div class=\"flex w-full flex-col gap-1 juice:empty:hidden juice:first:pt-[3px]\">\n<div class=\"markdown prose w-full break-words dark:prose-invert light\">\n<p><strong>Royal Canin Sterilised Gravy: Wet Food for Sterilised Cats Aged 12 Months and Older<\/strong><\/p>\n<p><strong>\u041f\u0440\u0435\u0438\u043c\u0443\u0449\u0435\u0441\u0442\u0432\u0430:<\/strong><\/p>\n<ul>\n<li><strong>Weight Management:<\/strong><br \/>\nHelps maintain optimal weight in sterilized cats.<\/li>\n<li><strong>Urinary Health:<\/strong><br \/>\nSupports the health of the urinary system.<\/li>\n<li><strong>Instinctive Preference:<\/strong><br \/>\nThe formula corresponds to the macronutrient profile instinctively preferred by adult cats.<\/li>\n<\/ul>\n<p><strong>\u0418\u043d\u0433\u0440\u0435\u0434\u0438\u0435\u043d\u0442\u044b:<\/strong><br \/>\nMeat and meat by-products, cereals, vegetable by-products, minerals, plant protein extracts, carbohydrates.<\/p>\n<p><strong>\u0414\u043e\u0431\u0430\u0432\u043a\u0438 (\u0437\u0430 1 \u043a\u0433):<\/strong><\/p>\n<ul>\n<li>Nutritional additives: Vitamin D3: 90 IU, Iron (E1): 3 mg, Iodine (E2): 0.21 mg, Copper (E4): 1.6 mg, Manganese (E5): 0.9 mg, Zinc (E6): 9 mg.<\/li>\n<li>Technological additives: Sedimentary origin clinoptilolite: 0.2 g.<\/li>\n<\/ul>\n<p><strong>Analytical Components:<\/strong><\/p>\n<ul>\n<li>Crude Protein: 9%<\/li>\n<li>Crude Fat: 2.6%<\/li>\n<li>Crude Ash: 1.3%<\/li>\n<li>Crude Fiber: 1.8%<\/li>\n<li>Moisture: 81%<\/li>\n<\/ul>\n<p><strong>Directions for Use:<\/strong><br \/>\nFollow the recommended feeding guidelines (see the table on the packaging). Ensure your pet always has fresh water available. The batch number and expiration date are indicated on the packaging. Do not use after the expiration date, as it may lose its consumer properties.<\/p>\n<\/div>\n<\/div>\n<\/div>\n<\/div>\n<div class=\"mt-1 flex gap-3 empty:hidden juice:-ml-3\">\n<div class=\"items-center justify-start rounded-xl p-1 flex\">\n<div class=\"flex items-center\"><button class=\"rounded-lg text-token-text-secondary hover:bg-token-main-surface-secondary\"><\/button><button class=\"rounded-lg text-token-text-secondary hover:bg-token-main-surface-secondary\"><\/button><button class=\"rounded-lg text-token-text-secondary hover:bg-token-main-surface-secondary\"><\/button><\/p>\n<div class=\"flex\"><\/div>\n<div class=\"flex items-center pb-0.5 juice:pb-0\">\n<div class=\"[&amp;_svg]:h-full [&amp;_svg]:w-full icon-md h-4 w-4\"><\/div>\n<\/div>\n<\/div>\n<\/div>\n<\/div>","protected":false},"excerpt":{"rendered":"<p><strong>Royal Canin Sterilised Gravy: Wet Food for Sterilised Cats Aged 12 Months and Older<\/strong><\/p>\n<p><strong>\u041f\u0440\u0435\u0438\u043c\u0443\u0449\u0435\u0441\u0442\u0432\u0430:<\/strong><\/p>\n<ul>\n<li><strong>Weight Management:<\/strong><br \/>\nHelps maintain optimal weight in sterilized cats.<\/li>\n<\/ul>","protected":false},"featured_media":21992,"template":"","meta":{"inline_featured_image":false,"_joinchat":[]},"product_cat":[188,190],"product_tag":[],"class_list":{"0":"post-21991","1":"product","2":"type-product","3":"status-publish","4":"has-post-thumbnail","6":"product_brand-royal-canin","7":"product_cat-cat","8":"product_cat-cat-wetfoods","10":"first","11":"instock","12":"shipping-taxable","13":"purchasable","14":"product-type-simple"},"yoast_head":"<!-- This site is optimized with the Yoast SEO plugin v26.7 - https:\/\/yoast.com\/wordpress\/plugins\/seo\/ -->\n<title>Royal Canin Sterilised Gravy Wet food 85 g - Zooland.az<\/title>\n<meta name=\"robots\" content=\"index, follow, max-snippet:-1, max-image-preview:large, max-video-preview:-1\" \/>\n<link rel=\"canonical\" href=\"https:\/\/zoo-land.az\/ru\/shop\/cat\/cat-wetfoods\/royal-canin-sterilised-gravy-wet-food-85-g\/\" \/>\n<meta property=\"og:locale\" content=\"ru_RU\" \/>\n<meta property=\"og:type\" content=\"article\" \/>\n<meta property=\"og:title\" content=\"Royal Canin Sterilised Gravy Wet food 85 g - Zooland.az\" \/>\n<meta property=\"og:description\" content=\"Royal Canin Sterilised Gravy: Wet Food for Sterilised Cats Aged 12 Months and Older  Benefits:   Weight Management: Helps maintain optimal weight in sterilized cats.\" \/>\n<meta property=\"og:url\" content=\"https:\/\/zoo-land.az\/ru\/shop\/cat\/cat-wetfoods\/royal-canin-sterilised-gravy-wet-food-85-g\/\" \/>\n<meta property=\"og:site_name\" content=\"Zooland.az\" \/>\n<meta property=\"og:image\" content=\"https:\/\/zoo-land.az\/wp-content\/uploads\/2024\/05\/vologiy-korm-dlya-sterilizovanikh-kotiv-royal-canin-sterilised-gravy-pouch-85-g-domashnya-ptitsya-69610809655110.jpg\" \/>\n\t<meta property=\"og:image:width\" content=\"480\" \/>\n\t<meta property=\"og:image:height\" content=\"480\" \/>\n\t<meta property=\"og:image:type\" content=\"image\/jpeg\" \/>\n<meta name=\"twitter:card\" content=\"summary_large_image\" \/>\n<meta name=\"twitter:label1\" content=\"\u041f\u0440\u0438\u043c\u0435\u0440\u043d\u043e\u0435 \u0432\u0440\u0435\u043c\u044f \u0434\u043b\u044f \u0447\u0442\u0435\u043d\u0438\u044f\" \/>\n\t<meta name=\"twitter:data1\" content=\"1 \u043c\u0438\u043d\u0443\u0442\u0430\" \/>\n<script type=\"application\/ld+json\" class=\"yoast-schema-graph\">{\"@context\":\"https:\/\/schema.org\",\"@graph\":[{\"@type\":\"WebPage\",\"@id\":\"https:\/\/zoo-land.az\/shop\/cat\/cat-wetfoods\/royal-canin-sterilised-gravy-wet-food-85-g\/\",\"url\":\"https:\/\/zoo-land.az\/shop\/cat\/cat-wetfoods\/royal-canin-sterilised-gravy-wet-food-85-g\/\",\"name\":\"Royal Canin Sterilised Gravy Wet food 85 g - Zooland.az\",\"isPartOf\":{\"@id\":\"https:\/\/zoo-land.az\/#website\"},\"primaryImageOfPage\":{\"@id\":\"https:\/\/zoo-land.az\/shop\/cat\/cat-wetfoods\/royal-canin-sterilised-gravy-wet-food-85-g\/#primaryimage\"},\"image\":{\"@id\":\"https:\/\/zoo-land.az\/shop\/cat\/cat-wetfoods\/royal-canin-sterilised-gravy-wet-food-85-g\/#primaryimage\"},\"thumbnailUrl\":\"https:\/\/zoo-land.az\/wp-content\/uploads\/2024\/05\/vologiy-korm-dlya-sterilizovanikh-kotiv-royal-canin-sterilised-gravy-pouch-85-g-domashnya-ptitsya-69610809655110.jpg\",\"datePublished\":\"2024-05-30T12:17:49+00:00\",\"breadcrumb\":{\"@id\":\"https:\/\/zoo-land.az\/shop\/cat\/cat-wetfoods\/royal-canin-sterilised-gravy-wet-food-85-g\/#breadcrumb\"},\"inLanguage\":\"ru-RU\",\"potentialAction\":[{\"@type\":\"ReadAction\",\"target\":[\"https:\/\/zoo-land.az\/shop\/cat\/cat-wetfoods\/royal-canin-sterilised-gravy-wet-food-85-g\/\"]}]},{\"@type\":\"ImageObject\",\"inLanguage\":\"ru-RU\",\"@id\":\"https:\/\/zoo-land.az\/shop\/cat\/cat-wetfoods\/royal-canin-sterilised-gravy-wet-food-85-g\/#primaryimage\",\"url\":\"https:\/\/zoo-land.az\/wp-content\/uploads\/2024\/05\/vologiy-korm-dlya-sterilizovanikh-kotiv-royal-canin-sterilised-gravy-pouch-85-g-domashnya-ptitsya-69610809655110.jpg\",\"contentUrl\":\"https:\/\/zoo-land.az\/wp-content\/uploads\/2024\/05\/vologiy-korm-dlya-sterilizovanikh-kotiv-royal-canin-sterilised-gravy-pouch-85-g-domashnya-ptitsya-69610809655110.jpg\",\"width\":480,\"height\":480},{\"@type\":\"BreadcrumbList\",\"@id\":\"https:\/\/zoo-land.az\/shop\/cat\/cat-wetfoods\/royal-canin-sterilised-gravy-wet-food-85-g\/#breadcrumb\",\"itemListElement\":[{\"@type\":\"ListItem\",\"position\":1,\"name\":\"Home\",\"item\":\"https:\/\/zoo-land.az\/ru\/\"},{\"@type\":\"ListItem\",\"position\":2,\"name\":\"Shop\",\"item\":\"https:\/\/zoo-land.az\/ru\/\"},{\"@type\":\"ListItem\",\"position\":3,\"name\":\"Royal Canin Sterilised Gravy Wet food 85 g\"}]},{\"@type\":\"WebSite\",\"@id\":\"https:\/\/zoo-land.az\/#website\",\"url\":\"https:\/\/zoo-land.az\/\",\"name\":\"Zooland.az\",\"description\":\"Xo\u015fb\u0259xt ev heyvanlar\u0131n\u0131n \u00fcnvan\u0131 Zooland.az\",\"publisher\":{\"@id\":\"https:\/\/zoo-land.az\/#organization\"},\"potentialAction\":[{\"@type\":\"SearchAction\",\"target\":{\"@type\":\"EntryPoint\",\"urlTemplate\":\"https:\/\/zoo-land.az\/?s={search_term_string}\"},\"query-input\":{\"@type\":\"PropertyValueSpecification\",\"valueRequired\":true,\"valueName\":\"search_term_string\"}}],\"inLanguage\":\"ru-RU\"},{\"@type\":\"Organization\",\"@id\":\"https:\/\/zoo-land.az\/#organization\",\"name\":\"Zooland.az\",\"url\":\"https:\/\/zoo-land.az\/\",\"logo\":{\"@type\":\"ImageObject\",\"inLanguage\":\"ru-RU\",\"@id\":\"https:\/\/zoo-land.az\/#\/schema\/logo\/image\/\",\"url\":\"https:\/\/zoo-land.az\/wp-content\/uploads\/2022\/05\/logo.svg\",\"contentUrl\":\"https:\/\/zoo-land.az\/wp-content\/uploads\/2022\/05\/logo.svg\",\"width\":113,\"height\":46,\"caption\":\"Zooland.az\"},\"image\":{\"@id\":\"https:\/\/zoo-land.az\/#\/schema\/logo\/image\/\"}}]}<\/script>\n<!-- \/ Yoast SEO plugin. -->","yoast_head_json":{"title":"Royal Canin Sterilised Gravy Wet food 85 g - Zooland.az","robots":{"index":"index","follow":"follow","max-snippet":"max-snippet:-1","max-image-preview":"max-image-preview:large","max-video-preview":"max-video-preview:-1"},"canonical":"https:\/\/zoo-land.az\/ru\/shop\/cat\/cat-wetfoods\/royal-canin-sterilised-gravy-wet-food-85-g\/","og_locale":"ru_RU","og_type":"article","og_title":"Royal Canin Sterilised Gravy Wet food 85 g - Zooland.az","og_description":"Royal Canin Sterilised Gravy: Wet Food for Sterilised Cats Aged 12 Months and Older  Benefits:   Weight Management: Helps maintain optimal weight in sterilized cats.","og_url":"https:\/\/zoo-land.az\/ru\/shop\/cat\/cat-wetfoods\/royal-canin-sterilised-gravy-wet-food-85-g\/","og_site_name":"Zooland.az","og_image":[{"width":480,"height":480,"url":"https:\/\/zoo-land.az\/wp-content\/uploads\/2024\/05\/vologiy-korm-dlya-sterilizovanikh-kotiv-royal-canin-sterilised-gravy-pouch-85-g-domashnya-ptitsya-69610809655110.jpg","type":"image\/jpeg"}],"twitter_card":"summary_large_image","twitter_misc":{"\u041f\u0440\u0438\u043c\u0435\u0440\u043d\u043e\u0435 \u0432\u0440\u0435\u043c\u044f \u0434\u043b\u044f \u0447\u0442\u0435\u043d\u0438\u044f":"1 \u043c\u0438\u043d\u0443\u0442\u0430"},"schema":{"@context":"https:\/\/schema.org","@graph":[{"@type":"WebPage","@id":"https:\/\/zoo-land.az\/shop\/cat\/cat-wetfoods\/royal-canin-sterilised-gravy-wet-food-85-g\/","url":"https:\/\/zoo-land.az\/shop\/cat\/cat-wetfoods\/royal-canin-sterilised-gravy-wet-food-85-g\/","name":"Royal Canin Sterilised Gravy Wet food 85 g - Zooland.az","isPartOf":{"@id":"https:\/\/zoo-land.az\/#website"},"primaryImageOfPage":{"@id":"https:\/\/zoo-land.az\/shop\/cat\/cat-wetfoods\/royal-canin-sterilised-gravy-wet-food-85-g\/#primaryimage"},"image":{"@id":"https:\/\/zoo-land.az\/shop\/cat\/cat-wetfoods\/royal-canin-sterilised-gravy-wet-food-85-g\/#primaryimage"},"thumbnailUrl":"https:\/\/zoo-land.az\/wp-content\/uploads\/2024\/05\/vologiy-korm-dlya-sterilizovanikh-kotiv-royal-canin-sterilised-gravy-pouch-85-g-domashnya-ptitsya-69610809655110.jpg","datePublished":"2024-05-30T12:17:49+00:00","breadcrumb":{"@id":"https:\/\/zoo-land.az\/shop\/cat\/cat-wetfoods\/royal-canin-sterilised-gravy-wet-food-85-g\/#breadcrumb"},"inLanguage":"ru-RU","potentialAction":[{"@type":"ReadAction","target":["https:\/\/zoo-land.az\/shop\/cat\/cat-wetfoods\/royal-canin-sterilised-gravy-wet-food-85-g\/"]}]},{"@type":"ImageObject","inLanguage":"ru-RU","@id":"https:\/\/zoo-land.az\/shop\/cat\/cat-wetfoods\/royal-canin-sterilised-gravy-wet-food-85-g\/#primaryimage","url":"https:\/\/zoo-land.az\/wp-content\/uploads\/2024\/05\/vologiy-korm-dlya-sterilizovanikh-kotiv-royal-canin-sterilised-gravy-pouch-85-g-domashnya-ptitsya-69610809655110.jpg","contentUrl":"https:\/\/zoo-land.az\/wp-content\/uploads\/2024\/05\/vologiy-korm-dlya-sterilizovanikh-kotiv-royal-canin-sterilised-gravy-pouch-85-g-domashnya-ptitsya-69610809655110.jpg","width":480,"height":480},{"@type":"BreadcrumbList","@id":"https:\/\/zoo-land.az\/shop\/cat\/cat-wetfoods\/royal-canin-sterilised-gravy-wet-food-85-g\/#breadcrumb","itemListElement":[{"@type":"ListItem","position":1,"name":"Home","item":"https:\/\/zoo-land.az\/ru\/"},{"@type":"ListItem","position":2,"name":"Shop","item":"https:\/\/zoo-land.az\/ru\/"},{"@type":"ListItem","position":3,"name":"Royal Canin Sterilised Gravy Wet food 85 g"}]},{"@type":"WebSite","@id":"https:\/\/zoo-land.az\/#website","url":"https:\/\/zoo-land.az\/","name":"Zooland.az","description":"Xo\u015fb\u0259xt ev heyvanlar\u0131n\u0131n \u00fcnvan\u0131 Zooland.az","publisher":{"@id":"https:\/\/zoo-land.az\/#organization"},"potentialAction":[{"@type":"SearchAction","target":{"@type":"EntryPoint","urlTemplate":"https:\/\/zoo-land.az\/?s={search_term_string}"},"query-input":{"@type":"PropertyValueSpecification","valueRequired":true,"valueName":"search_term_string"}}],"inLanguage":"ru-RU"},{"@type":"Organization","@id":"https:\/\/zoo-land.az\/#organization","name":"Zooland.az","url":"https:\/\/zoo-land.az\/","logo":{"@type":"ImageObject","inLanguage":"ru-RU","@id":"https:\/\/zoo-land.az\/#\/schema\/logo\/image\/","url":"https:\/\/zoo-land.az\/wp-content\/uploads\/2022\/05\/logo.svg","contentUrl":"https:\/\/zoo-land.az\/wp-content\/uploads\/2022\/05\/logo.svg","width":113,"height":46,"caption":"Zooland.az"},"image":{"@id":"https:\/\/zoo-land.az\/#\/schema\/logo\/image\/"}}]}},"_links":{"self":[{"href":"https:\/\/zoo-land.az\/ru\/wp-json\/wp\/v2\/product\/21991","targetHints":{"allow":["GET"]}}],"collection":[{"href":"https:\/\/zoo-land.az\/ru\/wp-json\/wp\/v2\/product"}],"about":[{"href":"https:\/\/zoo-land.az\/ru\/wp-json\/wp\/v2\/types\/product"}],"wp:featuredmedia":[{"embeddable":true,"href":"https:\/\/zoo-land.az\/ru\/wp-json\/wp\/v2\/media\/21992"}],"wp:attachment":[{"href":"https:\/\/zoo-land.az\/ru\/wp-json\/wp\/v2\/media?parent=21991"}],"wp:term":[{"taxonomy":"product_cat","embeddable":true,"href":"https:\/\/zoo-land.az\/ru\/wp-json\/wp\/v2\/product_cat?post=21991"},{"taxonomy":"product_tag","embeddable":true,"href":"https:\/\/zoo-land.az\/ru\/wp-json\/wp\/v2\/product_tag?post=21991"}],"curies":[{"name":"wp","href":"https:\/\/api.w.org\/{rel}","templated":true}]}}