{"id":22007,"date":"2024-05-30T12:51:15","date_gmt":"2024-05-30T12:51:15","guid":{"rendered":"https:\/\/lightsteelblue-zebra-299715.hostingersite.com\/?post_type=product&#038;p=22007"},"modified":"2026-03-13T15:32:58","modified_gmt":"2026-03-13T11:32:58","slug":"royal-canin-sterilise-15-kg","status":"publish","type":"product","link":"https:\/\/zoo-land.az\/ru\/shop\/cat\/cat-foods\/royal-canin-sterilise-15-kg\/","title":{"rendered":"Royal Canin \u0421\u0442\u0435\u0440\u0438\u043b\u0438\u0437\u0430\u0446\u0438\u044f 1 \u043a\u0433"},"content":{"rendered":"<div class=\"flex flex-grow flex-col max-w-full\">\n<div class=\"min-h-[20px] text-message flex flex-col items-start whitespace-pre-wrap break-words [.text-message+&amp;]:mt-5 juice:w-full juice:items-end overflow-x-auto gap-2\" dir=\"auto\" data-message-author-role=\"assistant\" data-message-id=\"932b75f5-ad89-488a-bf7b-e92015a5cd9d\">\n<div class=\"flex w-full flex-col gap-1 juice:empty:hidden juice:first:pt-[3px]\">\n<div class=\"markdown prose w-full break-words dark:prose-invert light\">\n<p>Royal Canin Sterilised is a dry cat food specially formulated for adult sterilised cats. After sterilisation, it&#8217;s important to adjust your cat&#8217;s diet to meet their changed energy needs. Royal Canin Sterilised helps reduce the risk of excess weight gain by providing a moderate fat content when fed according to recommended feeding guidelines. It contains a carefully balanced amount of minerals to support urinary tract health, and the increased protein level helps maintain optimal muscle mass.<\/p>\n<p><strong>\u041a\u043b\u044e\u0447\u0435\u0432\u044b\u0435 \u043f\u0440\u0435\u0438\u043c\u0443\u0449\u0435\u0441\u0442\u0432\u0430:<\/strong><\/p>\n<ol>\n<li><strong>Weight Management:<\/strong><br \/>\nHelps reduce the risk of excess weight gain with moderate fat content.<\/li>\n<li><strong>Urinary Tract Health:<\/strong><br \/>\nContains balanced minerals to support urinary tract health.<\/li>\n<li><strong>Muscle Maintenance:<\/strong><br \/>\nIncreased protein level helps maintain optimal muscle mass.<\/li>\n<\/ol>\n<p><strong>Developed for Urinary Health:<\/strong><br \/>\nSterilised cats have an increased risk of urinary stones. Royal Canin Sterilised is formulated to support urinary tract health with a balanced mineral content.<\/p>\n<p><strong>Variety of Options:<\/strong><br \/>\nTo satisfy individual preferences, Royal Canin Sterilised is also available in wet food forms: chunks in gravy, in jelly, and as p\u00e2t\u00e9. If you&#8217;re using mixed feeding, follow the recommended feeding guidelines to combine dry and wet food in proportions that are optimal for your cat&#8217;s health.<\/p>\n<\/div>\n<\/div>\n<\/div>\n<\/div>","protected":false},"excerpt":{"rendered":"<p>Royal Canin Sterilised is a dry cat food specially formulated for adult sterilised cats. After sterilisation, it&#8217;s important to adjust your cat&#8217;s diet to meet their changed energy needs. Royal Canin Sterilised helps reduce the risk of excess weight gain by providing a moderate fat content when fed according to recommended feeding guidelines. It contains a carefully balanced amount of minerals to support urinary tract health, and the increased protein level helps maintain optimal muscle mass.<\/p>","protected":false},"featured_media":22008,"template":"","meta":{"inline_featured_image":false,"_joinchat":[]},"product_cat":[189,188],"product_tag":[],"class_list":{"0":"post-22007","1":"product","2":"type-product","3":"status-publish","4":"has-post-thumbnail","6":"product_brand-royal-canin","7":"product_cat-cat-foods","8":"product_cat-cat","10":"first","11":"instock","12":"shipping-taxable","13":"purchasable","14":"product-type-simple"},"yoast_head":"<!-- This site is optimized with the Yoast SEO plugin v26.7 - https:\/\/yoast.com\/wordpress\/plugins\/seo\/ -->\n<title>Royal Canin Sterilise 1 kg - Zooland.az<\/title>\n<meta name=\"robots\" content=\"index, follow, max-snippet:-1, max-image-preview:large, max-video-preview:-1\" \/>\n<link rel=\"canonical\" href=\"https:\/\/zoo-land.az\/ru\/shop\/cat\/cat-foods\/royal-canin-sterilise-15-kg\/\" \/>\n<meta property=\"og:locale\" content=\"ru_RU\" \/>\n<meta property=\"og:type\" content=\"article\" \/>\n<meta property=\"og:title\" content=\"Royal Canin Sterilise 1 kg - Zooland.az\" \/>\n<meta property=\"og:description\" content=\"Royal Canin Sterilised is a dry cat food specially formulated for adult sterilised cats. After sterilisation, it&#039;s important to adjust your cat&#039;s diet to meet their changed energy needs. Royal Canin Sterilised helps reduce the risk of excess weight gain by providing a moderate fat content when fed according to recommended feeding guidelines. It contains a carefully balanced amount of minerals to support urinary tract health, and the increased protein level helps maintain optimal muscle mass.\" \/>\n<meta property=\"og:url\" content=\"https:\/\/zoo-land.az\/ru\/shop\/cat\/cat-foods\/royal-canin-sterilise-15-kg\/\" \/>\n<meta property=\"og:site_name\" content=\"Zooland.az\" \/>\n<meta property=\"article:modified_time\" content=\"2026-03-13T11:32:58+00:00\" \/>\n<meta property=\"og:image\" content=\"http:\/\/zoo-land.az\/wp-content\/uploads\/2024\/05\/443cb920d0e211e99442f0bf975d2ebb_443cb921d0e211e99442f0bf975d2ebb.png\" \/>\n\t<meta property=\"og:image:width\" content=\"499\" \/>\n\t<meta property=\"og:image:height\" content=\"980\" \/>\n\t<meta property=\"og:image:type\" content=\"image\/png\" \/>\n<meta name=\"twitter:card\" content=\"summary_large_image\" \/>\n<meta name=\"twitter:label1\" content=\"\u041f\u0440\u0438\u043c\u0435\u0440\u043d\u043e\u0435 \u0432\u0440\u0435\u043c\u044f \u0434\u043b\u044f \u0447\u0442\u0435\u043d\u0438\u044f\" \/>\n\t<meta name=\"twitter:data1\" content=\"1 \u043c\u0438\u043d\u0443\u0442\u0430\" \/>\n<script type=\"application\/ld+json\" class=\"yoast-schema-graph\">{\"@context\":\"https:\/\/schema.org\",\"@graph\":[{\"@type\":\"WebPage\",\"@id\":\"https:\/\/zoo-land.az\/shop\/cat\/cat-foods\/royal-canin-sterilise-15-kg\/\",\"url\":\"https:\/\/zoo-land.az\/shop\/cat\/cat-foods\/royal-canin-sterilise-15-kg\/\",\"name\":\"Royal Canin Sterilise 1 kg - Zooland.az\",\"isPartOf\":{\"@id\":\"https:\/\/zoo-land.az\/#website\"},\"primaryImageOfPage\":{\"@id\":\"https:\/\/zoo-land.az\/shop\/cat\/cat-foods\/royal-canin-sterilise-15-kg\/#primaryimage\"},\"image\":{\"@id\":\"https:\/\/zoo-land.az\/shop\/cat\/cat-foods\/royal-canin-sterilise-15-kg\/#primaryimage\"},\"thumbnailUrl\":\"https:\/\/zoo-land.az\/wp-content\/uploads\/2024\/05\/443cb920d0e211e99442f0bf975d2ebb_443cb921d0e211e99442f0bf975d2ebb.png\",\"datePublished\":\"2024-05-30T12:51:15+00:00\",\"dateModified\":\"2026-03-13T11:32:58+00:00\",\"breadcrumb\":{\"@id\":\"https:\/\/zoo-land.az\/shop\/cat\/cat-foods\/royal-canin-sterilise-15-kg\/#breadcrumb\"},\"inLanguage\":\"ru-RU\",\"potentialAction\":[{\"@type\":\"ReadAction\",\"target\":[\"https:\/\/zoo-land.az\/shop\/cat\/cat-foods\/royal-canin-sterilise-15-kg\/\"]}]},{\"@type\":\"ImageObject\",\"inLanguage\":\"ru-RU\",\"@id\":\"https:\/\/zoo-land.az\/shop\/cat\/cat-foods\/royal-canin-sterilise-15-kg\/#primaryimage\",\"url\":\"https:\/\/zoo-land.az\/wp-content\/uploads\/2024\/05\/443cb920d0e211e99442f0bf975d2ebb_443cb921d0e211e99442f0bf975d2ebb.png\",\"contentUrl\":\"https:\/\/zoo-land.az\/wp-content\/uploads\/2024\/05\/443cb920d0e211e99442f0bf975d2ebb_443cb921d0e211e99442f0bf975d2ebb.png\",\"width\":499,\"height\":980},{\"@type\":\"BreadcrumbList\",\"@id\":\"https:\/\/zoo-land.az\/shop\/cat\/cat-foods\/royal-canin-sterilise-15-kg\/#breadcrumb\",\"itemListElement\":[{\"@type\":\"ListItem\",\"position\":1,\"name\":\"Home\",\"item\":\"https:\/\/zoo-land.az\/ru\/\"},{\"@type\":\"ListItem\",\"position\":2,\"name\":\"Shop\",\"item\":\"https:\/\/zoo-land.az\/ru\/\"},{\"@type\":\"ListItem\",\"position\":3,\"name\":\"Royal Canin Sterilise 1 kg\"}]},{\"@type\":\"WebSite\",\"@id\":\"https:\/\/zoo-land.az\/#website\",\"url\":\"https:\/\/zoo-land.az\/\",\"name\":\"Zooland.az\",\"description\":\"Xo\u015fb\u0259xt ev heyvanlar\u0131n\u0131n \u00fcnvan\u0131 Zooland.az\",\"publisher\":{\"@id\":\"https:\/\/zoo-land.az\/#organization\"},\"potentialAction\":[{\"@type\":\"SearchAction\",\"target\":{\"@type\":\"EntryPoint\",\"urlTemplate\":\"https:\/\/zoo-land.az\/?s={search_term_string}\"},\"query-input\":{\"@type\":\"PropertyValueSpecification\",\"valueRequired\":true,\"valueName\":\"search_term_string\"}}],\"inLanguage\":\"ru-RU\"},{\"@type\":\"Organization\",\"@id\":\"https:\/\/zoo-land.az\/#organization\",\"name\":\"Zooland.az\",\"url\":\"https:\/\/zoo-land.az\/\",\"logo\":{\"@type\":\"ImageObject\",\"inLanguage\":\"ru-RU\",\"@id\":\"https:\/\/zoo-land.az\/#\/schema\/logo\/image\/\",\"url\":\"https:\/\/zoo-land.az\/wp-content\/uploads\/2022\/05\/logo.svg\",\"contentUrl\":\"https:\/\/zoo-land.az\/wp-content\/uploads\/2022\/05\/logo.svg\",\"width\":113,\"height\":46,\"caption\":\"Zooland.az\"},\"image\":{\"@id\":\"https:\/\/zoo-land.az\/#\/schema\/logo\/image\/\"}}]}<\/script>\n<!-- \/ Yoast SEO plugin. -->","yoast_head_json":{"title":"Royal Canin Sterilise 1 kg - Zooland.az","robots":{"index":"index","follow":"follow","max-snippet":"max-snippet:-1","max-image-preview":"max-image-preview:large","max-video-preview":"max-video-preview:-1"},"canonical":"https:\/\/zoo-land.az\/ru\/shop\/cat\/cat-foods\/royal-canin-sterilise-15-kg\/","og_locale":"ru_RU","og_type":"article","og_title":"Royal Canin Sterilise 1 kg - Zooland.az","og_description":"Royal Canin Sterilised is a dry cat food specially formulated for adult sterilised cats. After sterilisation, it's important to adjust your cat's diet to meet their changed energy needs. Royal Canin Sterilised helps reduce the risk of excess weight gain by providing a moderate fat content when fed according to recommended feeding guidelines. It contains a carefully balanced amount of minerals to support urinary tract health, and the increased protein level helps maintain optimal muscle mass.","og_url":"https:\/\/zoo-land.az\/ru\/shop\/cat\/cat-foods\/royal-canin-sterilise-15-kg\/","og_site_name":"Zooland.az","article_modified_time":"2026-03-13T11:32:58+00:00","og_image":[{"width":499,"height":980,"url":"http:\/\/zoo-land.az\/wp-content\/uploads\/2024\/05\/443cb920d0e211e99442f0bf975d2ebb_443cb921d0e211e99442f0bf975d2ebb.png","type":"image\/png"}],"twitter_card":"summary_large_image","twitter_misc":{"\u041f\u0440\u0438\u043c\u0435\u0440\u043d\u043e\u0435 \u0432\u0440\u0435\u043c\u044f \u0434\u043b\u044f \u0447\u0442\u0435\u043d\u0438\u044f":"1 \u043c\u0438\u043d\u0443\u0442\u0430"},"schema":{"@context":"https:\/\/schema.org","@graph":[{"@type":"WebPage","@id":"https:\/\/zoo-land.az\/shop\/cat\/cat-foods\/royal-canin-sterilise-15-kg\/","url":"https:\/\/zoo-land.az\/shop\/cat\/cat-foods\/royal-canin-sterilise-15-kg\/","name":"Royal Canin Sterilise 1 kg - Zooland.az","isPartOf":{"@id":"https:\/\/zoo-land.az\/#website"},"primaryImageOfPage":{"@id":"https:\/\/zoo-land.az\/shop\/cat\/cat-foods\/royal-canin-sterilise-15-kg\/#primaryimage"},"image":{"@id":"https:\/\/zoo-land.az\/shop\/cat\/cat-foods\/royal-canin-sterilise-15-kg\/#primaryimage"},"thumbnailUrl":"https:\/\/zoo-land.az\/wp-content\/uploads\/2024\/05\/443cb920d0e211e99442f0bf975d2ebb_443cb921d0e211e99442f0bf975d2ebb.png","datePublished":"2024-05-30T12:51:15+00:00","dateModified":"2026-03-13T11:32:58+00:00","breadcrumb":{"@id":"https:\/\/zoo-land.az\/shop\/cat\/cat-foods\/royal-canin-sterilise-15-kg\/#breadcrumb"},"inLanguage":"ru-RU","potentialAction":[{"@type":"ReadAction","target":["https:\/\/zoo-land.az\/shop\/cat\/cat-foods\/royal-canin-sterilise-15-kg\/"]}]},{"@type":"ImageObject","inLanguage":"ru-RU","@id":"https:\/\/zoo-land.az\/shop\/cat\/cat-foods\/royal-canin-sterilise-15-kg\/#primaryimage","url":"https:\/\/zoo-land.az\/wp-content\/uploads\/2024\/05\/443cb920d0e211e99442f0bf975d2ebb_443cb921d0e211e99442f0bf975d2ebb.png","contentUrl":"https:\/\/zoo-land.az\/wp-content\/uploads\/2024\/05\/443cb920d0e211e99442f0bf975d2ebb_443cb921d0e211e99442f0bf975d2ebb.png","width":499,"height":980},{"@type":"BreadcrumbList","@id":"https:\/\/zoo-land.az\/shop\/cat\/cat-foods\/royal-canin-sterilise-15-kg\/#breadcrumb","itemListElement":[{"@type":"ListItem","position":1,"name":"Home","item":"https:\/\/zoo-land.az\/ru\/"},{"@type":"ListItem","position":2,"name":"Shop","item":"https:\/\/zoo-land.az\/ru\/"},{"@type":"ListItem","position":3,"name":"Royal Canin Sterilise 1 kg"}]},{"@type":"WebSite","@id":"https:\/\/zoo-land.az\/#website","url":"https:\/\/zoo-land.az\/","name":"Zooland.az","description":"Xo\u015fb\u0259xt ev heyvanlar\u0131n\u0131n \u00fcnvan\u0131 Zooland.az","publisher":{"@id":"https:\/\/zoo-land.az\/#organization"},"potentialAction":[{"@type":"SearchAction","target":{"@type":"EntryPoint","urlTemplate":"https:\/\/zoo-land.az\/?s={search_term_string}"},"query-input":{"@type":"PropertyValueSpecification","valueRequired":true,"valueName":"search_term_string"}}],"inLanguage":"ru-RU"},{"@type":"Organization","@id":"https:\/\/zoo-land.az\/#organization","name":"Zooland.az","url":"https:\/\/zoo-land.az\/","logo":{"@type":"ImageObject","inLanguage":"ru-RU","@id":"https:\/\/zoo-land.az\/#\/schema\/logo\/image\/","url":"https:\/\/zoo-land.az\/wp-content\/uploads\/2022\/05\/logo.svg","contentUrl":"https:\/\/zoo-land.az\/wp-content\/uploads\/2022\/05\/logo.svg","width":113,"height":46,"caption":"Zooland.az"},"image":{"@id":"https:\/\/zoo-land.az\/#\/schema\/logo\/image\/"}}]}},"_links":{"self":[{"href":"https:\/\/zoo-land.az\/ru\/wp-json\/wp\/v2\/product\/22007","targetHints":{"allow":["GET"]}}],"collection":[{"href":"https:\/\/zoo-land.az\/ru\/wp-json\/wp\/v2\/product"}],"about":[{"href":"https:\/\/zoo-land.az\/ru\/wp-json\/wp\/v2\/types\/product"}],"wp:featuredmedia":[{"embeddable":true,"href":"https:\/\/zoo-land.az\/ru\/wp-json\/wp\/v2\/media\/22008"}],"wp:attachment":[{"href":"https:\/\/zoo-land.az\/ru\/wp-json\/wp\/v2\/media?parent=22007"}],"wp:term":[{"taxonomy":"product_cat","embeddable":true,"href":"https:\/\/zoo-land.az\/ru\/wp-json\/wp\/v2\/product_cat?post=22007"},{"taxonomy":"product_tag","embeddable":true,"href":"https:\/\/zoo-land.az\/ru\/wp-json\/wp\/v2\/product_tag?post=22007"}],"curies":[{"name":"wp","href":"https:\/\/api.w.org\/{rel}","templated":true}]}}