{"id":22025,"date":"2024-05-30T17:49:30","date_gmt":"2024-05-30T17:49:30","guid":{"rendered":"https:\/\/lightsteelblue-zebra-299715.hostingersite.com\/?post_type=product&#038;p=22025"},"modified":"2024-05-30T17:49:30","modified_gmt":"2024-05-30T17:49:30","slug":"np-adult-beef-turkey-400-g","status":"publish","type":"product","link":"https:\/\/zoo-land.az\/ru\/shop\/dog\/dog-wetfoods-conserves\/np-adult-beef-turkey-400-g\/","title":{"rendered":"\u041d\u041f \u0418\u043d\u0434\u0435\u0439\u043a\u0430 \u0432\u0437\u0440\u043e\u0441\u043b\u0430\u044f \u0433\u043e\u0432\u044f\u0436\u044c\u044f 400 \u0433"},"content":{"rendered":"<p><strong>NATURES PROTECTION Adult Beef &amp; Turkey &#8211; Complete Food for Adult Dogs with Beef and Turkey<\/strong><\/p>\n<p>Canned dog food, Adult Beef &amp; Turkey, consists of natural beef and turkey chunks served in broth and supplemented with minerals.<\/p>\n<ul>\n<li><strong>Main Protein Source<\/strong>: High-quality beef and turkey. High meat content \u2013 70%.<\/li>\n<li><strong>Balanced for Sensitive Digestion<\/strong>: Contains only meat and broth.<\/li>\n<li><strong>Suitable for Dogs with Chicken Allergies<\/strong>: No chicken included.<\/li>\n<li><strong>Meat Chunks<\/strong>: Presented as pieces, not a homogeneous consistency.<\/li>\n<li><strong>Easily Digestible<\/strong>: Well-absorbed by dogs.<\/li>\n<li><strong>Appealing Flavor and Aroma<\/strong>: True meat taste and smell, making it appealing for dogs.<\/li>\n<li><strong>Convenient Packaging<\/strong>: Airtight, easy-to-open container.<\/li>\n<\/ul>\n<p><strong>\u0418\u043d\u0433\u0440\u0435\u0434\u0438\u0435\u043d\u0442\u044b<\/strong>: Meat and meat by-products (35% beef, 35% turkey), broth, minerals, 0.1% clinoptilolite of sedimentary origin (1g568), oils and fats (0.1% linseed oil).<\/p>\n<p><strong>\u0414\u043e\u0431\u0430\u0432\u043a\u0438 (\u0437\u0430 1 \u043a\u0433)<\/strong><\/p>\n<ul>\n<li>Nutritional additives: Vitamin D3 \u2013 200 IU, Zinc (E6) \u2013 15 mg, Manganese (E5) \u2013 3 mg, Iodine (E2) \u2013 0.75 mg.<\/li>\n<\/ul>\n<p><strong>\u0410\u043d\u0430\u043b\u0438\u0442\u0438\u0447\u0435\u0441\u043a\u0438\u0435 \u043a\u043e\u043c\u043f\u043e\u043d\u0435\u043d\u0442\u044b<\/strong>:<\/p>\n<ul>\n<li>Moisture \u2013 75%<\/li>\n<li>Crude protein \u2013 11%<\/li>\n<li>Crude oils and fats \u2013 6.6%<\/li>\n<li>Crude ash \u2013 2.4%<\/li>\n<li>Crude fiber \u2013 0.4%<\/li>\n<\/ul>\n<p><strong>Feeding Recommendations<\/strong>: It is recommended to use canned food in combination with &#8220;Nature\u2019s Protection&#8221; dry dog food. Serve the canned food at room temperature. An opened can should be stored in a cool place and consumed within 3 days.<\/p>","protected":false},"excerpt":{"rendered":"<p><strong>NATURES PROTECTION Adult Beef &amp; Turkey &#8211; Complete Food for Adult Dogs with Beef and Turkey<\/strong><\/p>\n<p>Canned dog food, Adult Beef &amp; Turkey, consists of natural beef and turkey chunks served in broth and supplemented with minerals.<\/p>","protected":false},"featured_media":22026,"template":"","meta":{"inline_featured_image":false,"_joinchat":[]},"product_cat":[107,154],"product_tag":[],"class_list":{"0":"post-22025","1":"product","2":"type-product","3":"status-publish","4":"has-post-thumbnail","6":"product_brand-natures-protection","7":"product_cat-dog","8":"product_cat-dog-wetfoods-conserves","10":"first","11":"instock","12":"shipping-taxable","13":"purchasable","14":"product-type-simple"},"yoast_head":"<!-- This site is optimized with the Yoast SEO plugin v26.7 - https:\/\/yoast.com\/wordpress\/plugins\/seo\/ -->\n<title>NP Adult beef turkey 400 g - Zooland.az<\/title>\n<meta name=\"robots\" content=\"index, follow, max-snippet:-1, max-image-preview:large, max-video-preview:-1\" \/>\n<link rel=\"canonical\" href=\"https:\/\/zoo-land.az\/ru\/shop\/dog\/dog-wetfoods-conserves\/np-adult-beef-turkey-400-g\/\" \/>\n<meta property=\"og:locale\" content=\"ru_RU\" \/>\n<meta property=\"og:type\" content=\"article\" \/>\n<meta property=\"og:title\" content=\"NP Adult beef turkey 400 g - Zooland.az\" \/>\n<meta property=\"og:description\" content=\"NATURES PROTECTION Adult Beef &amp; Turkey - Complete Food for Adult Dogs with Beef and Turkey  Canned dog food, Adult Beef &amp; Turkey, consists of natural beef and turkey chunks served in broth and supplemented with minerals.\" \/>\n<meta property=\"og:url\" content=\"https:\/\/zoo-land.az\/ru\/shop\/dog\/dog-wetfoods-conserves\/np-adult-beef-turkey-400-g\/\" \/>\n<meta property=\"og:site_name\" content=\"Zooland.az\" \/>\n<meta property=\"og:image\" content=\"https:\/\/zoo-land.az\/wp-content\/uploads\/2024\/05\/\u0421\u043d\u0438\u043c\u043e\u043a-\u044d\u043a\u0440\u0430\u043d\u0430-2024-05-30-\u0432-21.24.26.png\" \/>\n\t<meta property=\"og:image:width\" content=\"1104\" \/>\n\t<meta property=\"og:image:height\" content=\"1176\" \/>\n\t<meta property=\"og:image:type\" content=\"image\/png\" \/>\n<meta name=\"twitter:card\" content=\"summary_large_image\" \/>\n<meta name=\"twitter:label1\" content=\"\u041f\u0440\u0438\u043c\u0435\u0440\u043d\u043e\u0435 \u0432\u0440\u0435\u043c\u044f \u0434\u043b\u044f \u0447\u0442\u0435\u043d\u0438\u044f\" \/>\n\t<meta name=\"twitter:data1\" content=\"1 \u043c\u0438\u043d\u0443\u0442\u0430\" \/>\n<script type=\"application\/ld+json\" class=\"yoast-schema-graph\">{\"@context\":\"https:\/\/schema.org\",\"@graph\":[{\"@type\":\"WebPage\",\"@id\":\"https:\/\/zoo-land.az\/shop\/dog\/dog-wetfoods-conserves\/np-adult-beef-turkey-400-g\/\",\"url\":\"https:\/\/zoo-land.az\/shop\/dog\/dog-wetfoods-conserves\/np-adult-beef-turkey-400-g\/\",\"name\":\"NP Adult beef turkey 400 g - Zooland.az\",\"isPartOf\":{\"@id\":\"https:\/\/zoo-land.az\/#website\"},\"primaryImageOfPage\":{\"@id\":\"https:\/\/zoo-land.az\/shop\/dog\/dog-wetfoods-conserves\/np-adult-beef-turkey-400-g\/#primaryimage\"},\"image\":{\"@id\":\"https:\/\/zoo-land.az\/shop\/dog\/dog-wetfoods-conserves\/np-adult-beef-turkey-400-g\/#primaryimage\"},\"thumbnailUrl\":\"https:\/\/zoo-land.az\/wp-content\/uploads\/2024\/05\/\u0421\u043d\u0438\u043c\u043e\u043a-\u044d\u043a\u0440\u0430\u043d\u0430-2024-05-30-\u0432-21.24.26.png\",\"datePublished\":\"2024-05-30T17:49:30+00:00\",\"breadcrumb\":{\"@id\":\"https:\/\/zoo-land.az\/shop\/dog\/dog-wetfoods-conserves\/np-adult-beef-turkey-400-g\/#breadcrumb\"},\"inLanguage\":\"ru-RU\",\"potentialAction\":[{\"@type\":\"ReadAction\",\"target\":[\"https:\/\/zoo-land.az\/shop\/dog\/dog-wetfoods-conserves\/np-adult-beef-turkey-400-g\/\"]}]},{\"@type\":\"ImageObject\",\"inLanguage\":\"ru-RU\",\"@id\":\"https:\/\/zoo-land.az\/shop\/dog\/dog-wetfoods-conserves\/np-adult-beef-turkey-400-g\/#primaryimage\",\"url\":\"https:\/\/zoo-land.az\/wp-content\/uploads\/2024\/05\/\u0421\u043d\u0438\u043c\u043e\u043a-\u044d\u043a\u0440\u0430\u043d\u0430-2024-05-30-\u0432-21.24.26.png\",\"contentUrl\":\"https:\/\/zoo-land.az\/wp-content\/uploads\/2024\/05\/\u0421\u043d\u0438\u043c\u043e\u043a-\u044d\u043a\u0440\u0430\u043d\u0430-2024-05-30-\u0432-21.24.26.png\",\"width\":1104,\"height\":1176},{\"@type\":\"BreadcrumbList\",\"@id\":\"https:\/\/zoo-land.az\/shop\/dog\/dog-wetfoods-conserves\/np-adult-beef-turkey-400-g\/#breadcrumb\",\"itemListElement\":[{\"@type\":\"ListItem\",\"position\":1,\"name\":\"Home\",\"item\":\"https:\/\/zoo-land.az\/ru\/\"},{\"@type\":\"ListItem\",\"position\":2,\"name\":\"Shop\",\"item\":\"https:\/\/zoo-land.az\/ru\/\"},{\"@type\":\"ListItem\",\"position\":3,\"name\":\"NP Adult beef turkey 400 g\"}]},{\"@type\":\"WebSite\",\"@id\":\"https:\/\/zoo-land.az\/#website\",\"url\":\"https:\/\/zoo-land.az\/\",\"name\":\"Zooland.az\",\"description\":\"Xo\u015fb\u0259xt ev heyvanlar\u0131n\u0131n \u00fcnvan\u0131 Zooland.az\",\"publisher\":{\"@id\":\"https:\/\/zoo-land.az\/#organization\"},\"potentialAction\":[{\"@type\":\"SearchAction\",\"target\":{\"@type\":\"EntryPoint\",\"urlTemplate\":\"https:\/\/zoo-land.az\/?s={search_term_string}\"},\"query-input\":{\"@type\":\"PropertyValueSpecification\",\"valueRequired\":true,\"valueName\":\"search_term_string\"}}],\"inLanguage\":\"ru-RU\"},{\"@type\":\"Organization\",\"@id\":\"https:\/\/zoo-land.az\/#organization\",\"name\":\"Zooland.az\",\"url\":\"https:\/\/zoo-land.az\/\",\"logo\":{\"@type\":\"ImageObject\",\"inLanguage\":\"ru-RU\",\"@id\":\"https:\/\/zoo-land.az\/#\/schema\/logo\/image\/\",\"url\":\"https:\/\/zoo-land.az\/wp-content\/uploads\/2022\/05\/logo.svg\",\"contentUrl\":\"https:\/\/zoo-land.az\/wp-content\/uploads\/2022\/05\/logo.svg\",\"width\":113,\"height\":46,\"caption\":\"Zooland.az\"},\"image\":{\"@id\":\"https:\/\/zoo-land.az\/#\/schema\/logo\/image\/\"}}]}<\/script>\n<!-- \/ Yoast SEO plugin. -->","yoast_head_json":{"title":"NP Adult beef turkey 400 g - Zooland.az","robots":{"index":"index","follow":"follow","max-snippet":"max-snippet:-1","max-image-preview":"max-image-preview:large","max-video-preview":"max-video-preview:-1"},"canonical":"https:\/\/zoo-land.az\/ru\/shop\/dog\/dog-wetfoods-conserves\/np-adult-beef-turkey-400-g\/","og_locale":"ru_RU","og_type":"article","og_title":"NP Adult beef turkey 400 g - Zooland.az","og_description":"NATURES PROTECTION Adult Beef &amp; Turkey - Complete Food for Adult Dogs with Beef and Turkey  Canned dog food, Adult Beef &amp; Turkey, consists of natural beef and turkey chunks served in broth and supplemented with minerals.","og_url":"https:\/\/zoo-land.az\/ru\/shop\/dog\/dog-wetfoods-conserves\/np-adult-beef-turkey-400-g\/","og_site_name":"Zooland.az","og_image":[{"width":1104,"height":1176,"url":"https:\/\/zoo-land.az\/wp-content\/uploads\/2024\/05\/\u0421\u043d\u0438\u043c\u043e\u043a-\u044d\u043a\u0440\u0430\u043d\u0430-2024-05-30-\u0432-21.24.26.png","type":"image\/png"}],"twitter_card":"summary_large_image","twitter_misc":{"\u041f\u0440\u0438\u043c\u0435\u0440\u043d\u043e\u0435 \u0432\u0440\u0435\u043c\u044f \u0434\u043b\u044f \u0447\u0442\u0435\u043d\u0438\u044f":"1 \u043c\u0438\u043d\u0443\u0442\u0430"},"schema":{"@context":"https:\/\/schema.org","@graph":[{"@type":"WebPage","@id":"https:\/\/zoo-land.az\/shop\/dog\/dog-wetfoods-conserves\/np-adult-beef-turkey-400-g\/","url":"https:\/\/zoo-land.az\/shop\/dog\/dog-wetfoods-conserves\/np-adult-beef-turkey-400-g\/","name":"NP Adult beef turkey 400 g - Zooland.az","isPartOf":{"@id":"https:\/\/zoo-land.az\/#website"},"primaryImageOfPage":{"@id":"https:\/\/zoo-land.az\/shop\/dog\/dog-wetfoods-conserves\/np-adult-beef-turkey-400-g\/#primaryimage"},"image":{"@id":"https:\/\/zoo-land.az\/shop\/dog\/dog-wetfoods-conserves\/np-adult-beef-turkey-400-g\/#primaryimage"},"thumbnailUrl":"https:\/\/zoo-land.az\/wp-content\/uploads\/2024\/05\/\u0421\u043d\u0438\u043c\u043e\u043a-\u044d\u043a\u0440\u0430\u043d\u0430-2024-05-30-\u0432-21.24.26.png","datePublished":"2024-05-30T17:49:30+00:00","breadcrumb":{"@id":"https:\/\/zoo-land.az\/shop\/dog\/dog-wetfoods-conserves\/np-adult-beef-turkey-400-g\/#breadcrumb"},"inLanguage":"ru-RU","potentialAction":[{"@type":"ReadAction","target":["https:\/\/zoo-land.az\/shop\/dog\/dog-wetfoods-conserves\/np-adult-beef-turkey-400-g\/"]}]},{"@type":"ImageObject","inLanguage":"ru-RU","@id":"https:\/\/zoo-land.az\/shop\/dog\/dog-wetfoods-conserves\/np-adult-beef-turkey-400-g\/#primaryimage","url":"https:\/\/zoo-land.az\/wp-content\/uploads\/2024\/05\/\u0421\u043d\u0438\u043c\u043e\u043a-\u044d\u043a\u0440\u0430\u043d\u0430-2024-05-30-\u0432-21.24.26.png","contentUrl":"https:\/\/zoo-land.az\/wp-content\/uploads\/2024\/05\/\u0421\u043d\u0438\u043c\u043e\u043a-\u044d\u043a\u0440\u0430\u043d\u0430-2024-05-30-\u0432-21.24.26.png","width":1104,"height":1176},{"@type":"BreadcrumbList","@id":"https:\/\/zoo-land.az\/shop\/dog\/dog-wetfoods-conserves\/np-adult-beef-turkey-400-g\/#breadcrumb","itemListElement":[{"@type":"ListItem","position":1,"name":"Home","item":"https:\/\/zoo-land.az\/ru\/"},{"@type":"ListItem","position":2,"name":"Shop","item":"https:\/\/zoo-land.az\/ru\/"},{"@type":"ListItem","position":3,"name":"NP Adult beef turkey 400 g"}]},{"@type":"WebSite","@id":"https:\/\/zoo-land.az\/#website","url":"https:\/\/zoo-land.az\/","name":"Zooland.az","description":"Xo\u015fb\u0259xt ev heyvanlar\u0131n\u0131n \u00fcnvan\u0131 Zooland.az","publisher":{"@id":"https:\/\/zoo-land.az\/#organization"},"potentialAction":[{"@type":"SearchAction","target":{"@type":"EntryPoint","urlTemplate":"https:\/\/zoo-land.az\/?s={search_term_string}"},"query-input":{"@type":"PropertyValueSpecification","valueRequired":true,"valueName":"search_term_string"}}],"inLanguage":"ru-RU"},{"@type":"Organization","@id":"https:\/\/zoo-land.az\/#organization","name":"Zooland.az","url":"https:\/\/zoo-land.az\/","logo":{"@type":"ImageObject","inLanguage":"ru-RU","@id":"https:\/\/zoo-land.az\/#\/schema\/logo\/image\/","url":"https:\/\/zoo-land.az\/wp-content\/uploads\/2022\/05\/logo.svg","contentUrl":"https:\/\/zoo-land.az\/wp-content\/uploads\/2022\/05\/logo.svg","width":113,"height":46,"caption":"Zooland.az"},"image":{"@id":"https:\/\/zoo-land.az\/#\/schema\/logo\/image\/"}}]}},"_links":{"self":[{"href":"https:\/\/zoo-land.az\/ru\/wp-json\/wp\/v2\/product\/22025","targetHints":{"allow":["GET"]}}],"collection":[{"href":"https:\/\/zoo-land.az\/ru\/wp-json\/wp\/v2\/product"}],"about":[{"href":"https:\/\/zoo-land.az\/ru\/wp-json\/wp\/v2\/types\/product"}],"wp:featuredmedia":[{"embeddable":true,"href":"https:\/\/zoo-land.az\/ru\/wp-json\/wp\/v2\/media\/22026"}],"wp:attachment":[{"href":"https:\/\/zoo-land.az\/ru\/wp-json\/wp\/v2\/media?parent=22025"}],"wp:term":[{"taxonomy":"product_cat","embeddable":true,"href":"https:\/\/zoo-land.az\/ru\/wp-json\/wp\/v2\/product_cat?post=22025"},{"taxonomy":"product_tag","embeddable":true,"href":"https:\/\/zoo-land.az\/ru\/wp-json\/wp\/v2\/product_tag?post=22025"}],"curies":[{"name":"wp","href":"https:\/\/api.w.org\/{rel}","templated":true}]}}