{"id":22027,"date":"2024-05-30T17:54:42","date_gmt":"2024-05-30T17:54:42","guid":{"rendered":"https:\/\/lightsteelblue-zebra-299715.hostingersite.com\/?post_type=product&#038;p=22027"},"modified":"2024-05-30T17:54:42","modified_gmt":"2024-05-30T17:54:42","slug":"np-adult-game-400-g","status":"publish","type":"product","link":"https:\/\/zoo-land.az\/ru\/shop\/dog\/dog-wetfoods-conserves\/np-adult-game-400-g\/","title":{"rendered":"NP \u0418\u0433\u0440\u0430 \u0434\u043b\u044f \u0432\u0437\u0440\u043e\u0441\u043b\u044b\u0445 400 \u0433"},"content":{"rendered":"<p><strong>\u041f\u041e\u041b\u041d\u041e\u0426\u0415\u041d\u041d\u042b\u0419 \u0412\u041b\u0410\u0416\u041d\u042b\u0419 \u041a\u041e\u0420\u041c \u0414\u041b\u042f \u0412\u0417\u0420\u041e\u0421\u041b\u042b\u0425 \u0421\u041e\u0411\u0410\u041a \u0421 \u041e\u043b\u0435\u043d\u0438\u043d\u043e\u0439<\/strong> \u0421 1 \u0433\u043e\u0434\u0430.<\/p>\n<ul>\n<li>\u041f\u043e\u043b\u043d\u043e\u0446\u0435\u043d\u043d\u044b\u0439 \u0441\u0431\u0430\u043b\u0430\u043d\u0441\u0438\u0440\u043e\u0432\u0430\u043d\u043d\u044b\u0439 \u043a\u043e\u0440\u043c \u0434\u043b\u044f \u0432\u0437\u0440\u043e\u0441\u043b\u044b\u0445 \u0441\u043e\u0431\u0430\u043a \u0432\u0441\u0435\u0445 \u043f\u043e\u0440\u043e\u0434 \u0441\u0442\u0430\u0440\u0448\u0435 12 \u043c\u0435\u0441\u044f\u0446\u0435\u0432. \u0420\u0435\u043a\u043e\u043c\u0435\u043d\u0434\u0443\u0435\u0442\u0441\u044f \u0434\u043b\u044f \u043f\u0440\u0438\u0432\u0435\u0440\u0435\u0434\u043b\u0438\u0432\u044b\u0445 \u0435\u0434\u043e\u043a\u043e\u0432.<\/li>\n<li>\u041e\u0441\u043d\u043e\u0432\u043d\u044b\u043c \u0438\u0441\u0442\u043e\u0447\u043d\u0438\u043a\u043e\u043c \u0431\u0435\u043b\u043a\u0430 \u044f\u0432\u043b\u044f\u0435\u0442\u0441\u044f \u0432\u044b\u0441\u043e\u043a\u043e\u043a\u0430\u0447\u0435\u0441\u0442\u0432\u0435\u043d\u043d\u0430\u044f \u043e\u043b\u0435\u043d\u0438\u043d\u0430.<\/li>\n<li>\u0412\u044b\u0441\u043e\u043a\u043e\u0435 \u0441\u043e\u0434\u0435\u0440\u0436\u0430\u043d\u0438\u0435 \u043c\u044f\u0441\u0430 \u2013 701\u0422\u041f3\u0422.<\/li>\n<li>\u041f\u043e\u0434\u0445\u043e\u0434\u0438\u0442 \u0434\u043b\u044f \u0441\u043e\u0431\u0430\u043a, \u0441\u043a\u043b\u043e\u043d\u043d\u044b\u0445 \u043a \u0430\u043b\u043b\u0435\u0440\u0433\u0438\u0438 \u0438 \u0438\u043c\u0435\u044e\u0449\u0438\u0445 \u0430\u043b\u043b\u0435\u0440\u0433\u0438\u044e \u043d\u0430 \u043a\u0443\u0440\u0438\u0446\u0443.<\/li>\n<li>\u0421\u043e\u0434\u0435\u0440\u0436\u0438\u0442 \u043a\u0443\u0441\u043e\u0447\u043a\u0438 \u0444\u0430\u0440\u0448\u0430 \u0438 \u0431\u0443\u043b\u044c\u043e\u043d.<\/li>\n<li>\u041e\u0431\u043e\u0433\u0430\u0449\u0435\u043d \u043c\u0438\u043d\u0435\u0440\u0430\u043b\u0430\u043c\u0438.<\/li>\n<li>\u0426\u0438\u043d\u043a, \u043b\u044c\u043d\u044f\u043d\u043e\u0435 \u043c\u0430\u0441\u043b\u043e \u0438 \u0436\u0438\u0440\u043d\u044b\u0435 \u043a\u0438\u0441\u043b\u043e\u0442\u044b \u041e\u043c\u0435\u0433\u0430-3 \u0438 \u041e\u043c\u0435\u0433\u0430-6 \u043f\u043e\u043c\u043e\u0433\u0430\u044e\u0442 \u0441\u043e\u0445\u0440\u0430\u043d\u0438\u0442\u044c \u0437\u0434\u043e\u0440\u043e\u0432\u0443\u044e \u043a\u043e\u0436\u0443 \u0438 \u0431\u043b\u0435\u0441\u0442\u044f\u0449\u0443\u044e \u0448\u0435\u0440\u0441\u0442\u044c.<\/li>\n<li>\u041e\u0447\u0435\u043d\u044c \u0432\u043a\u0443\u0441\u043d\u044b\u0439.<\/li>\n<li>\u0411\u0435\u0437 \u043a\u043e\u043d\u0441\u0435\u0440\u0432\u0430\u043d\u0442\u043e\u0432, \u0438\u0441\u043a\u0443\u0441\u0441\u0442\u0432\u0435\u043d\u043d\u044b\u0445 \u0430\u0440\u043e\u043c\u0430\u0442\u0438\u0437\u0430\u0442\u043e\u0440\u043e\u0432 \u0438 \u0443\u0441\u0438\u043b\u0438\u0442\u0435\u043b\u0435\u0439 \u0432\u043a\u0443\u0441\u0430.<\/li>\n<li>\u0411\u0435\u0437 \u0434\u043e\u0431\u0430\u0432\u043b\u0435\u043d\u0438\u044f \u043a\u043e\u0441\u0442\u043d\u043e\u0439 \u043c\u0443\u043a\u0438 \u0438\u043b\u0438 \u043c\u0435\u0445\u0430\u043d\u0438\u0447\u0435\u0441\u043a\u0438 \u043e\u0442\u0434\u0435\u043b\u0435\u043d\u043d\u043e\u0433\u043e \u043c\u044f\u0441\u0430.<\/li>\n<\/ul>\n<p><strong>\u0418\u043d\u0433\u0440\u0435\u0434\u0438\u0435\u043d\u0442\u044b:<\/strong> \u041c\u044f\u0441\u043e \u0438 \u0441\u0443\u0431\u043f\u0440\u043e\u0434\u0443\u043a\u0442\u044b \u0436\u0438\u0432\u043e\u0442\u043d\u043e\u0433\u043e \u043f\u0440\u043e\u0438\u0441\u0445\u043e\u0436\u0434\u0435\u043d\u0438\u044f (\u043e\u043b\u0435\u043d\u0438\u043d\u0430 701\u0422\u041f3\u0422), \u0431\u0443\u043b\u044c\u043e\u043d, \u043c\u0438\u043d\u0435\u0440\u0430\u043b\u044c\u043d\u044b\u0435 \u0432\u0435\u0449\u0435\u0441\u0442\u0432\u0430, \u043a\u043b\u0438\u043d\u043e\u043f\u0442\u0438\u043b\u043e\u043b\u0438\u0442 \u043e\u0441\u0430\u0434\u043e\u0447\u043d\u043e\u0433\u043e \u043f\u0440\u043e\u0438\u0441\u0445\u043e\u0436\u0434\u0435\u043d\u0438\u044f 0,11\u0422\u041f3\u0422 (1\u0433568), \u043c\u0430\u0441\u043b\u0430 \u0438 \u0436\u0438\u0440\u044b (\u043b\u044c\u043d\u044f\u043d\u043e\u0435 \u043c\u0430\u0441\u043b\u043e 0,11\u0422\u041f3\u0422).<\/p>\n<p><strong>\u0414\u043e\u0431\u0430\u0432\u043a\u0438 \/ 1 \u043a\u0433:<\/strong> \u041f\u0438\u0449\u0435\u0432\u044b\u0435 \u0434\u043e\u0431\u0430\u0432\u043a\u0438: \u0412\u0438\u0442\u0430\u043c\u0438\u043d D3 \u2013 200 \u041c\u0415, \u04156 \u2013 15 \u043c\u0433, \u04155 \u2013 3 \u043c\u0433, \u04152 \u2013 0,75 \u043c\u0433.<\/p>\n<p><strong>\u0410\u043d\u0430\u043b\u0438\u0442\u0438\u0447\u0435\u0441\u043a\u0438\u0435 \u0441\u043e\u0441\u0442\u0430\u0432\u043b\u044f\u044e\u0449\u0438\u0435:<\/strong> \u0412\u043b\u0430\u0433\u0430 \u2013 751\u0422\u041f3\u0422, \u0431\u0435\u043b\u043e\u043a \u2013 10,61\u0422\u041f3\u0422, \u043c\u0430\u0441\u043b\u0430 \u0438 \u0436\u0438\u0440\u044b \u2013 6,91\u0422\u041f3\u0422, \u0437\u043e\u043b\u0430 \u2013 2,41\u0422\u041f3\u0422, \u043a\u043b\u0435\u0442\u0447\u0430\u0442\u043a\u0430 \u2013 0,41\u0422\u041f3\u0422.<\/p>\n<p><strong>\u0420\u0435\u043a\u043e\u043c\u0435\u043d\u0434\u0430\u0446\u0438\u0438 \u043f\u043e \u043a\u043e\u0440\u043c\u043b\u0435\u043d\u0438\u044e:<\/strong> \u041f\u043e\u0434\u0430\u0432\u0430\u0439\u0442\u0435 \u043f\u0440\u0438 \u043a\u043e\u043c\u043d\u0430\u0442\u043d\u043e\u0439 \u0442\u0435\u043c\u043f\u0435\u0440\u0430\u0442\u0443\u0440\u0435. \u0420\u0435\u0433\u0443\u043b\u0438\u0440\u0443\u0439\u0442\u0435 \u043a\u043e\u043b\u0438\u0447\u0435\u0441\u0442\u0432\u043e \u0435\u0434\u044b \u0432 \u0437\u0430\u0432\u0438\u0441\u0438\u043c\u043e\u0441\u0442\u0438 \u043e\u0442 \u0443\u0440\u043e\u0432\u043d\u044f \u0430\u043a\u0442\u0438\u0432\u043d\u043e\u0441\u0442\u0438, \u043f\u043e\u0440\u043e\u0434\u044b \u0438 \u0432\u043e\u0437\u0440\u0430\u0441\u0442\u0430 \u0441\u043e\u0431\u0430\u043a\u0438. \u041f\u043e\u0434\u0430\u0432\u0430\u0442\u044c 1 \u0438\u043b\u0438 2 \u0440\u0430\u0437\u0430 \u0432 \u0434\u0435\u043d\u044c.<\/p>\n<p><strong>\u0425\u0440\u0430\u043d\u0438\u043b\u0438\u0449\u0435:<\/strong> \u041f\u043e\u0441\u043b\u0435 \u043e\u0442\u043a\u0440\u044b\u0442\u0438\u044f \u0445\u0440\u0430\u043d\u0438\u0442\u044c \u0432 \u0445\u043e\u043b\u043e\u0434\u0438\u043b\u044c\u043d\u0438\u043a\u0435 (+4\u00b0C) \u0438 \u0438\u0441\u043f\u043e\u043b\u044c\u0437\u043e\u0432\u0430\u0442\u044c \u0432 \u0442\u0435\u0447\u0435\u043d\u0438\u0435 48 \u0447\u0430\u0441\u043e\u0432.<\/p>","protected":false},"excerpt":{"rendered":"<p><strong>\u041f\u041e\u041b\u041d\u041e\u0426\u0415\u041d\u041d\u042b\u0419 \u0412\u041b\u0410\u0416\u041d\u042b\u0419 \u041a\u041e\u0420\u041c \u0414\u041b\u042f \u0412\u0417\u0420\u041e\u0421\u041b\u042b\u0425 \u0421\u041e\u0411\u0410\u041a \u0421 \u041e\u043b\u0435\u043d\u0438\u043d\u043e\u0439<\/strong> \u0421 1 \u0433\u043e\u0434\u0430.<\/p>","protected":false},"featured_media":22028,"template":"","meta":{"inline_featured_image":false,"_joinchat":[]},"product_cat":[107,154],"product_tag":[],"class_list":{"0":"post-22027","1":"product","2":"type-product","3":"status-publish","4":"has-post-thumbnail","6":"product_brand-natures-protection","7":"product_cat-dog","8":"product_cat-dog-wetfoods-conserves","10":"first","11":"instock","12":"shipping-taxable","13":"purchasable","14":"product-type-simple"},"yoast_head":"<!-- This site is optimized with the Yoast SEO plugin v26.7 - https:\/\/yoast.com\/wordpress\/plugins\/seo\/ -->\n<title>NP Adult Game 400 g - Zooland.az<\/title>\n<meta name=\"robots\" content=\"index, follow, max-snippet:-1, max-image-preview:large, max-video-preview:-1\" \/>\n<link rel=\"canonical\" href=\"https:\/\/zoo-land.az\/ru\/shop\/dog\/dog-wetfoods-conserves\/np-adult-game-400-g\/\" \/>\n<meta property=\"og:locale\" content=\"ru_RU\" \/>\n<meta property=\"og:type\" content=\"article\" \/>\n<meta property=\"og:title\" content=\"NP Adult Game 400 g - Zooland.az\" \/>\n<meta property=\"og:description\" content=\"COMPLETE WET FOOD FOR ADULT DOGS WITH VENISON From 1 year old.\" \/>\n<meta property=\"og:url\" content=\"https:\/\/zoo-land.az\/ru\/shop\/dog\/dog-wetfoods-conserves\/np-adult-game-400-g\/\" \/>\n<meta property=\"og:site_name\" content=\"Zooland.az\" \/>\n<meta property=\"og:image\" content=\"https:\/\/zoo-land.az\/wp-content\/uploads\/2024\/05\/56e09179-2e84-47f7-8def-64c08ebed060-NP-CAN-Dog-Adult-Game-400-g_w270.jpg\" \/>\n\t<meta property=\"og:image:width\" content=\"270\" \/>\n\t<meta property=\"og:image:height\" content=\"405\" \/>\n\t<meta property=\"og:image:type\" content=\"image\/jpeg\" \/>\n<meta name=\"twitter:card\" content=\"summary_large_image\" \/>\n<meta name=\"twitter:label1\" content=\"\u041f\u0440\u0438\u043c\u0435\u0440\u043d\u043e\u0435 \u0432\u0440\u0435\u043c\u044f \u0434\u043b\u044f \u0447\u0442\u0435\u043d\u0438\u044f\" \/>\n\t<meta name=\"twitter:data1\" content=\"1 \u043c\u0438\u043d\u0443\u0442\u0430\" \/>\n<script type=\"application\/ld+json\" class=\"yoast-schema-graph\">{\"@context\":\"https:\/\/schema.org\",\"@graph\":[{\"@type\":\"WebPage\",\"@id\":\"https:\/\/zoo-land.az\/shop\/dog\/dog-wetfoods-conserves\/np-adult-game-400-g\/\",\"url\":\"https:\/\/zoo-land.az\/shop\/dog\/dog-wetfoods-conserves\/np-adult-game-400-g\/\",\"name\":\"NP Adult Game 400 g - Zooland.az\",\"isPartOf\":{\"@id\":\"https:\/\/zoo-land.az\/#website\"},\"primaryImageOfPage\":{\"@id\":\"https:\/\/zoo-land.az\/shop\/dog\/dog-wetfoods-conserves\/np-adult-game-400-g\/#primaryimage\"},\"image\":{\"@id\":\"https:\/\/zoo-land.az\/shop\/dog\/dog-wetfoods-conserves\/np-adult-game-400-g\/#primaryimage\"},\"thumbnailUrl\":\"https:\/\/zoo-land.az\/wp-content\/uploads\/2024\/05\/56e09179-2e84-47f7-8def-64c08ebed060-NP-CAN-Dog-Adult-Game-400-g_w270.jpg\",\"datePublished\":\"2024-05-30T17:54:42+00:00\",\"breadcrumb\":{\"@id\":\"https:\/\/zoo-land.az\/shop\/dog\/dog-wetfoods-conserves\/np-adult-game-400-g\/#breadcrumb\"},\"inLanguage\":\"ru-RU\",\"potentialAction\":[{\"@type\":\"ReadAction\",\"target\":[\"https:\/\/zoo-land.az\/shop\/dog\/dog-wetfoods-conserves\/np-adult-game-400-g\/\"]}]},{\"@type\":\"ImageObject\",\"inLanguage\":\"ru-RU\",\"@id\":\"https:\/\/zoo-land.az\/shop\/dog\/dog-wetfoods-conserves\/np-adult-game-400-g\/#primaryimage\",\"url\":\"https:\/\/zoo-land.az\/wp-content\/uploads\/2024\/05\/56e09179-2e84-47f7-8def-64c08ebed060-NP-CAN-Dog-Adult-Game-400-g_w270.jpg\",\"contentUrl\":\"https:\/\/zoo-land.az\/wp-content\/uploads\/2024\/05\/56e09179-2e84-47f7-8def-64c08ebed060-NP-CAN-Dog-Adult-Game-400-g_w270.jpg\",\"width\":270,\"height\":405},{\"@type\":\"BreadcrumbList\",\"@id\":\"https:\/\/zoo-land.az\/shop\/dog\/dog-wetfoods-conserves\/np-adult-game-400-g\/#breadcrumb\",\"itemListElement\":[{\"@type\":\"ListItem\",\"position\":1,\"name\":\"Home\",\"item\":\"https:\/\/zoo-land.az\/ru\/\"},{\"@type\":\"ListItem\",\"position\":2,\"name\":\"Shop\",\"item\":\"https:\/\/zoo-land.az\/ru\/\"},{\"@type\":\"ListItem\",\"position\":3,\"name\":\"NP Adult Game 400 g\"}]},{\"@type\":\"WebSite\",\"@id\":\"https:\/\/zoo-land.az\/#website\",\"url\":\"https:\/\/zoo-land.az\/\",\"name\":\"Zooland.az\",\"description\":\"Xo\u015fb\u0259xt ev heyvanlar\u0131n\u0131n \u00fcnvan\u0131 Zooland.az\",\"publisher\":{\"@id\":\"https:\/\/zoo-land.az\/#organization\"},\"potentialAction\":[{\"@type\":\"SearchAction\",\"target\":{\"@type\":\"EntryPoint\",\"urlTemplate\":\"https:\/\/zoo-land.az\/?s={search_term_string}\"},\"query-input\":{\"@type\":\"PropertyValueSpecification\",\"valueRequired\":true,\"valueName\":\"search_term_string\"}}],\"inLanguage\":\"ru-RU\"},{\"@type\":\"Organization\",\"@id\":\"https:\/\/zoo-land.az\/#organization\",\"name\":\"Zooland.az\",\"url\":\"https:\/\/zoo-land.az\/\",\"logo\":{\"@type\":\"ImageObject\",\"inLanguage\":\"ru-RU\",\"@id\":\"https:\/\/zoo-land.az\/#\/schema\/logo\/image\/\",\"url\":\"https:\/\/zoo-land.az\/wp-content\/uploads\/2022\/05\/logo.svg\",\"contentUrl\":\"https:\/\/zoo-land.az\/wp-content\/uploads\/2022\/05\/logo.svg\",\"width\":113,\"height\":46,\"caption\":\"Zooland.az\"},\"image\":{\"@id\":\"https:\/\/zoo-land.az\/#\/schema\/logo\/image\/\"}}]}<\/script>\n<!-- \/ Yoast SEO plugin. -->","yoast_head_json":{"title":"NP Adult Game 400 g - Zooland.az","robots":{"index":"index","follow":"follow","max-snippet":"max-snippet:-1","max-image-preview":"max-image-preview:large","max-video-preview":"max-video-preview:-1"},"canonical":"https:\/\/zoo-land.az\/ru\/shop\/dog\/dog-wetfoods-conserves\/np-adult-game-400-g\/","og_locale":"ru_RU","og_type":"article","og_title":"NP Adult Game 400 g - Zooland.az","og_description":"COMPLETE WET FOOD FOR ADULT DOGS WITH VENISON From 1 year old.","og_url":"https:\/\/zoo-land.az\/ru\/shop\/dog\/dog-wetfoods-conserves\/np-adult-game-400-g\/","og_site_name":"Zooland.az","og_image":[{"width":270,"height":405,"url":"https:\/\/zoo-land.az\/wp-content\/uploads\/2024\/05\/56e09179-2e84-47f7-8def-64c08ebed060-NP-CAN-Dog-Adult-Game-400-g_w270.jpg","type":"image\/jpeg"}],"twitter_card":"summary_large_image","twitter_misc":{"\u041f\u0440\u0438\u043c\u0435\u0440\u043d\u043e\u0435 \u0432\u0440\u0435\u043c\u044f \u0434\u043b\u044f \u0447\u0442\u0435\u043d\u0438\u044f":"1 \u043c\u0438\u043d\u0443\u0442\u0430"},"schema":{"@context":"https:\/\/schema.org","@graph":[{"@type":"WebPage","@id":"https:\/\/zoo-land.az\/shop\/dog\/dog-wetfoods-conserves\/np-adult-game-400-g\/","url":"https:\/\/zoo-land.az\/shop\/dog\/dog-wetfoods-conserves\/np-adult-game-400-g\/","name":"NP Adult Game 400 g - Zooland.az","isPartOf":{"@id":"https:\/\/zoo-land.az\/#website"},"primaryImageOfPage":{"@id":"https:\/\/zoo-land.az\/shop\/dog\/dog-wetfoods-conserves\/np-adult-game-400-g\/#primaryimage"},"image":{"@id":"https:\/\/zoo-land.az\/shop\/dog\/dog-wetfoods-conserves\/np-adult-game-400-g\/#primaryimage"},"thumbnailUrl":"https:\/\/zoo-land.az\/wp-content\/uploads\/2024\/05\/56e09179-2e84-47f7-8def-64c08ebed060-NP-CAN-Dog-Adult-Game-400-g_w270.jpg","datePublished":"2024-05-30T17:54:42+00:00","breadcrumb":{"@id":"https:\/\/zoo-land.az\/shop\/dog\/dog-wetfoods-conserves\/np-adult-game-400-g\/#breadcrumb"},"inLanguage":"ru-RU","potentialAction":[{"@type":"ReadAction","target":["https:\/\/zoo-land.az\/shop\/dog\/dog-wetfoods-conserves\/np-adult-game-400-g\/"]}]},{"@type":"ImageObject","inLanguage":"ru-RU","@id":"https:\/\/zoo-land.az\/shop\/dog\/dog-wetfoods-conserves\/np-adult-game-400-g\/#primaryimage","url":"https:\/\/zoo-land.az\/wp-content\/uploads\/2024\/05\/56e09179-2e84-47f7-8def-64c08ebed060-NP-CAN-Dog-Adult-Game-400-g_w270.jpg","contentUrl":"https:\/\/zoo-land.az\/wp-content\/uploads\/2024\/05\/56e09179-2e84-47f7-8def-64c08ebed060-NP-CAN-Dog-Adult-Game-400-g_w270.jpg","width":270,"height":405},{"@type":"BreadcrumbList","@id":"https:\/\/zoo-land.az\/shop\/dog\/dog-wetfoods-conserves\/np-adult-game-400-g\/#breadcrumb","itemListElement":[{"@type":"ListItem","position":1,"name":"Home","item":"https:\/\/zoo-land.az\/ru\/"},{"@type":"ListItem","position":2,"name":"Shop","item":"https:\/\/zoo-land.az\/ru\/"},{"@type":"ListItem","position":3,"name":"NP Adult Game 400 g"}]},{"@type":"WebSite","@id":"https:\/\/zoo-land.az\/#website","url":"https:\/\/zoo-land.az\/","name":"Zooland.az","description":"Xo\u015fb\u0259xt ev heyvanlar\u0131n\u0131n \u00fcnvan\u0131 Zooland.az","publisher":{"@id":"https:\/\/zoo-land.az\/#organization"},"potentialAction":[{"@type":"SearchAction","target":{"@type":"EntryPoint","urlTemplate":"https:\/\/zoo-land.az\/?s={search_term_string}"},"query-input":{"@type":"PropertyValueSpecification","valueRequired":true,"valueName":"search_term_string"}}],"inLanguage":"ru-RU"},{"@type":"Organization","@id":"https:\/\/zoo-land.az\/#organization","name":"Zooland.az","url":"https:\/\/zoo-land.az\/","logo":{"@type":"ImageObject","inLanguage":"ru-RU","@id":"https:\/\/zoo-land.az\/#\/schema\/logo\/image\/","url":"https:\/\/zoo-land.az\/wp-content\/uploads\/2022\/05\/logo.svg","contentUrl":"https:\/\/zoo-land.az\/wp-content\/uploads\/2022\/05\/logo.svg","width":113,"height":46,"caption":"Zooland.az"},"image":{"@id":"https:\/\/zoo-land.az\/#\/schema\/logo\/image\/"}}]}},"_links":{"self":[{"href":"https:\/\/zoo-land.az\/ru\/wp-json\/wp\/v2\/product\/22027","targetHints":{"allow":["GET"]}}],"collection":[{"href":"https:\/\/zoo-land.az\/ru\/wp-json\/wp\/v2\/product"}],"about":[{"href":"https:\/\/zoo-land.az\/ru\/wp-json\/wp\/v2\/types\/product"}],"wp:featuredmedia":[{"embeddable":true,"href":"https:\/\/zoo-land.az\/ru\/wp-json\/wp\/v2\/media\/22028"}],"wp:attachment":[{"href":"https:\/\/zoo-land.az\/ru\/wp-json\/wp\/v2\/media?parent=22027"}],"wp:term":[{"taxonomy":"product_cat","embeddable":true,"href":"https:\/\/zoo-land.az\/ru\/wp-json\/wp\/v2\/product_cat?post=22027"},{"taxonomy":"product_tag","embeddable":true,"href":"https:\/\/zoo-land.az\/ru\/wp-json\/wp\/v2\/product_tag?post=22027"}],"curies":[{"name":"wp","href":"https:\/\/api.w.org\/{rel}","templated":true}]}}