{"id":22168,"date":"2024-05-31T10:45:53","date_gmt":"2024-05-31T10:45:53","guid":{"rendered":"https:\/\/lightsteelblue-zebra-299715.hostingersite.com\/?post_type=product&#038;p=22168"},"modified":"2024-05-31T10:45:54","modified_gmt":"2024-05-31T10:45:54","slug":"miratorg-beef-85-g-2","status":"publish","type":"product","link":"https:\/\/zoo-land.az\/ru\/shop\/dog\/dog-food\/miratorg-beef-85-g-2\/","title":{"rendered":"\u041c\u0438\u0440\u0430\u0442\u043e\u0440\u0433 \u0413\u043e\u0432\u044f\u0434\u0438\u043d\u0430 85 \u0433"},"content":{"rendered":"<p><strong>EXTRA MEAT dog food is formulated with the needs of small breeds in mind. The high content of Black Angus beef will delight your little gourmet. To support your pet&#8217;s sensitive digestion, a blend of natural prebiotics and a moderate level of fiber is included. The combination of Omega-3 and Omega-6 fatty acids will give your pet&#8217;s coat a glossy and smooth appearance.<\/strong><\/p>\n<p><strong>\u0421\u043e\u0441\u0442\u0430\u0432:<\/strong><\/p>\n<ul>\n<li>Meat and meat ingredients: 40% (including dehydrated chicken meat &#8211; 30%, fresh beef &#8211; 10%)<\/li>\n<li>Rice<\/li>\n<li>Corn<\/li>\n<li>Animal fat<\/li>\n<li>Vegetable protein extract<\/li>\n<li>Hydrolyzed animal proteins<\/li>\n<li>\u0412\u0438\u0442\u0430\u043c\u0438\u043d\u044b<\/li>\n<li>Salmon oil<\/li>\n<li>Minerals<\/li>\n<li>Flax seeds<\/li>\n<li>Dried beet pulp<\/li>\n<li>\u043f\u0438\u0432\u043d\u044b\u0435 \u0434\u0440\u043e\u0436\u0436\u0438<\/li>\n<li>Chicory extract<\/li>\n<\/ul>\n<p><strong>Added Substances:<\/strong><\/p>\n<ul>\n<li>Vitamin A \u2013 17,000 IU\/kg<\/li>\n<li>Vitamin D3 \u2013 600 IU\/kg<\/li>\n<li>Vitamin E \u2013 550 mg\/kg<\/li>\n<li>Vitamin C \u2013 140 mg\/kg<\/li>\n<li>Vitamin B1 \u2013 2.6 mg\/kg<\/li>\n<li>Vitamin B2 \u2013 6.8 mg\/kg<\/li>\n<li>Vitamin B3 \u2013 17 mg\/kg<\/li>\n<li>Vitamin B4 \u2013 1,190 mg\/kg<\/li>\n<li>Vitamin B5 \u2013 14 mg\/kg<\/li>\n<li>Vitamin B6 \u2013 2.0 mg\/kg<\/li>\n<li>Vitamin B7 \u2013 70 \u00b5g\/kg<\/li>\n<li>Vitamin B9 \u2013 368 \u00b5g\/kg<\/li>\n<li>Vitamin B12 \u2013 262 \u00b5g\/kg<\/li>\n<li>Iron \u2013 4.0 mg\/100 g<\/li>\n<li>Iodine \u2013 0.04 mg\/100 g<\/li>\n<li>Copper \u2013 0.3 mg\/100 g<\/li>\n<li>Manganese \u2013 2.0 mg\/100 g<\/li>\n<li>Zinc \u2013 4.0 mg\/100 g<\/li>\n<\/ul>\n<p><strong>Nutrient Content per 100 g:<\/strong><\/p>\n<ul>\n<li>Protein \u2013 26.0%<\/li>\n<li>Fat \u2013 18.0%<\/li>\n<li>Ash \u2013 7.5%<\/li>\n<li>Fiber \u2013 2.3%<\/li>\n<li>Calcium \u2013 1.2%<\/li>\n<li>Phosphorus \u2013 1.0%<\/li>\n<li>Omega-3 \u2013 0.4%<\/li>\n<li>Omega-6 \u2013 2.6%<\/li>\n<li>Moisture \u2013 9.0%<\/li>\n<\/ul>\n<p><strong>Energy Value:<\/strong><\/p>\n<ul>\n<li>396 kcal\/100 g.<\/li>\n<\/ul>","protected":false},"excerpt":{"rendered":"<p><strong>EXTRA MEAT dog food is formulated with the needs of small breeds in mind. The high content of Black Angus beef will delight your little gourmet. To support your pet&#8217;s sensitive digestion, a blend of natural prebiotics and a moderate level of fiber is included. The combination of Omega-3 and Omega-6 fatty acids will give your pet&#8217;s coat a glossy and smooth appearance.<\/strong><\/p>","protected":false},"featured_media":22169,"template":"","meta":{"inline_featured_image":false,"_joinchat":[]},"product_cat":[132,107],"product_tag":[],"class_list":{"0":"post-22168","1":"product","2":"type-product","3":"status-publish","4":"has-post-thumbnail","6":"product_brand-338","7":"product_cat-dog-food","8":"product_cat-dog","10":"first","11":"instock","12":"shipping-taxable","13":"purchasable","14":"product-type-simple"},"yoast_head":"<!-- This site is optimized with the Yoast SEO plugin v27.4 - https:\/\/yoast.com\/product\/yoast-seo-wordpress\/ -->\n<title>Miratorg Beef 85 g - Zooland.az<\/title>\n<meta name=\"robots\" content=\"index, follow, max-snippet:-1, max-image-preview:large, max-video-preview:-1\" \/>\n<link rel=\"canonical\" href=\"https:\/\/zoo-land.az\/ru\/shop\/dog\/dog-food\/miratorg-beef-85-g-2\/\" \/>\n<meta property=\"og:locale\" content=\"ru_RU\" \/>\n<meta property=\"og:type\" content=\"article\" \/>\n<meta property=\"og:title\" content=\"Miratorg Beef 85 g - Zooland.az\" \/>\n<meta property=\"og:description\" content=\"EXTRA MEAT dog food is formulated with the needs of small breeds in mind. The high content of Black Angus beef will delight your little gourmet. To support your pet&#039;s sensitive digestion, a blend of natural prebiotics and a moderate level of fiber is included. The combination of Omega-3 and Omega-6 fatty acids will give your pet&#039;s coat a glossy and smooth appearance.\" \/>\n<meta property=\"og:url\" content=\"https:\/\/zoo-land.az\/ru\/shop\/dog\/dog-food\/miratorg-beef-85-g-2\/\" \/>\n<meta property=\"og:site_name\" content=\"Zooland.az\" \/>\n<meta property=\"article:modified_time\" content=\"2024-05-31T10:45:54+00:00\" \/>\n<meta property=\"og:image\" content=\"https:\/\/zoo-land.az\/wp-content\/uploads\/2024\/05\/\u0421\u043d\u0438\u043c\u043e\u043a-\u044d\u043a\u0440\u0430\u043d\u0430-2024-05-31-\u0432-14.43.16.png\" \/>\n\t<meta property=\"og:image:width\" content=\"756\" \/>\n\t<meta property=\"og:image:height\" content=\"788\" \/>\n\t<meta property=\"og:image:type\" content=\"image\/png\" \/>\n<meta name=\"twitter:card\" content=\"summary_large_image\" \/>\n<meta name=\"twitter:label1\" content=\"\u041f\u0440\u0438\u043c\u0435\u0440\u043d\u043e\u0435 \u0432\u0440\u0435\u043c\u044f \u0434\u043b\u044f \u0447\u0442\u0435\u043d\u0438\u044f\" \/>\n\t<meta name=\"twitter:data1\" content=\"1 \u043c\u0438\u043d\u0443\u0442\u0430\" \/>\n<script type=\"application\/ld+json\" class=\"yoast-schema-graph\">{\"@context\":\"https:\\\/\\\/schema.org\",\"@graph\":[{\"@type\":\"WebPage\",\"@id\":\"https:\\\/\\\/zoo-land.az\\\/shop\\\/dog\\\/dog-food\\\/miratorg-beef-85-g-2\\\/\",\"url\":\"https:\\\/\\\/zoo-land.az\\\/shop\\\/dog\\\/dog-food\\\/miratorg-beef-85-g-2\\\/\",\"name\":\"Miratorg Beef 85 g - Zooland.az\",\"isPartOf\":{\"@id\":\"https:\\\/\\\/zoo-land.az\\\/#website\"},\"primaryImageOfPage\":{\"@id\":\"https:\\\/\\\/zoo-land.az\\\/shop\\\/dog\\\/dog-food\\\/miratorg-beef-85-g-2\\\/#primaryimage\"},\"image\":{\"@id\":\"https:\\\/\\\/zoo-land.az\\\/shop\\\/dog\\\/dog-food\\\/miratorg-beef-85-g-2\\\/#primaryimage\"},\"thumbnailUrl\":\"https:\\\/\\\/zoo-land.az\\\/wp-content\\\/uploads\\\/2024\\\/05\\\/\u0421\u043d\u0438\u043c\u043e\u043a-\u044d\u043a\u0440\u0430\u043d\u0430-2024-05-31-\u0432-14.43.16.png\",\"datePublished\":\"2024-05-31T10:45:53+00:00\",\"dateModified\":\"2024-05-31T10:45:54+00:00\",\"breadcrumb\":{\"@id\":\"https:\\\/\\\/zoo-land.az\\\/shop\\\/dog\\\/dog-food\\\/miratorg-beef-85-g-2\\\/#breadcrumb\"},\"inLanguage\":\"ru-RU\",\"potentialAction\":[{\"@type\":\"ReadAction\",\"target\":[\"https:\\\/\\\/zoo-land.az\\\/shop\\\/dog\\\/dog-food\\\/miratorg-beef-85-g-2\\\/\"]}]},{\"@type\":\"ImageObject\",\"inLanguage\":\"ru-RU\",\"@id\":\"https:\\\/\\\/zoo-land.az\\\/shop\\\/dog\\\/dog-food\\\/miratorg-beef-85-g-2\\\/#primaryimage\",\"url\":\"https:\\\/\\\/zoo-land.az\\\/wp-content\\\/uploads\\\/2024\\\/05\\\/\u0421\u043d\u0438\u043c\u043e\u043a-\u044d\u043a\u0440\u0430\u043d\u0430-2024-05-31-\u0432-14.43.16.png\",\"contentUrl\":\"https:\\\/\\\/zoo-land.az\\\/wp-content\\\/uploads\\\/2024\\\/05\\\/\u0421\u043d\u0438\u043c\u043e\u043a-\u044d\u043a\u0440\u0430\u043d\u0430-2024-05-31-\u0432-14.43.16.png\",\"width\":756,\"height\":788},{\"@type\":\"BreadcrumbList\",\"@id\":\"https:\\\/\\\/zoo-land.az\\\/shop\\\/dog\\\/dog-food\\\/miratorg-beef-85-g-2\\\/#breadcrumb\",\"itemListElement\":[{\"@type\":\"ListItem\",\"position\":1,\"name\":\"Home\",\"item\":\"https:\\\/\\\/zoo-land.az\\\/ru\\\/\"},{\"@type\":\"ListItem\",\"position\":2,\"name\":\"Shop\",\"item\":\"https:\\\/\\\/zoo-land.az\\\/ru\\\/\"},{\"@type\":\"ListItem\",\"position\":3,\"name\":\"Miratorg Beef 85 g\"}]},{\"@type\":\"WebSite\",\"@id\":\"https:\\\/\\\/zoo-land.az\\\/#website\",\"url\":\"https:\\\/\\\/zoo-land.az\\\/\",\"name\":\"Zooland.az\",\"description\":\"Xo\u015fb\u0259xt ev heyvanlar\u0131n\u0131n \u00fcnvan\u0131 Zooland.az\",\"publisher\":{\"@id\":\"https:\\\/\\\/zoo-land.az\\\/#organization\"},\"potentialAction\":[{\"@type\":\"SearchAction\",\"target\":{\"@type\":\"EntryPoint\",\"urlTemplate\":\"https:\\\/\\\/zoo-land.az\\\/?s={search_term_string}\"},\"query-input\":{\"@type\":\"PropertyValueSpecification\",\"valueRequired\":true,\"valueName\":\"search_term_string\"}}],\"inLanguage\":\"ru-RU\"},{\"@type\":\"Organization\",\"@id\":\"https:\\\/\\\/zoo-land.az\\\/#organization\",\"name\":\"Zooland.az\",\"url\":\"https:\\\/\\\/zoo-land.az\\\/\",\"logo\":{\"@type\":\"ImageObject\",\"inLanguage\":\"ru-RU\",\"@id\":\"https:\\\/\\\/zoo-land.az\\\/#\\\/schema\\\/logo\\\/image\\\/\",\"url\":\"https:\\\/\\\/zoo-land.az\\\/wp-content\\\/uploads\\\/2022\\\/05\\\/logo.svg\",\"contentUrl\":\"https:\\\/\\\/zoo-land.az\\\/wp-content\\\/uploads\\\/2022\\\/05\\\/logo.svg\",\"width\":113,\"height\":46,\"caption\":\"Zooland.az\"},\"image\":{\"@id\":\"https:\\\/\\\/zoo-land.az\\\/#\\\/schema\\\/logo\\\/image\\\/\"}}]}<\/script>\n<!-- \/ Yoast SEO plugin. -->","yoast_head_json":{"title":"Miratorg Beef 85 g - Zooland.az","robots":{"index":"index","follow":"follow","max-snippet":"max-snippet:-1","max-image-preview":"max-image-preview:large","max-video-preview":"max-video-preview:-1"},"canonical":"https:\/\/zoo-land.az\/ru\/shop\/dog\/dog-food\/miratorg-beef-85-g-2\/","og_locale":"ru_RU","og_type":"article","og_title":"Miratorg Beef 85 g - Zooland.az","og_description":"EXTRA MEAT dog food is formulated with the needs of small breeds in mind. The high content of Black Angus beef will delight your little gourmet. To support your pet's sensitive digestion, a blend of natural prebiotics and a moderate level of fiber is included. The combination of Omega-3 and Omega-6 fatty acids will give your pet's coat a glossy and smooth appearance.","og_url":"https:\/\/zoo-land.az\/ru\/shop\/dog\/dog-food\/miratorg-beef-85-g-2\/","og_site_name":"Zooland.az","article_modified_time":"2024-05-31T10:45:54+00:00","og_image":[{"width":756,"height":788,"url":"https:\/\/zoo-land.az\/wp-content\/uploads\/2024\/05\/\u0421\u043d\u0438\u043c\u043e\u043a-\u044d\u043a\u0440\u0430\u043d\u0430-2024-05-31-\u0432-14.43.16.png","type":"image\/png"}],"twitter_card":"summary_large_image","twitter_misc":{"\u041f\u0440\u0438\u043c\u0435\u0440\u043d\u043e\u0435 \u0432\u0440\u0435\u043c\u044f \u0434\u043b\u044f \u0447\u0442\u0435\u043d\u0438\u044f":"1 \u043c\u0438\u043d\u0443\u0442\u0430"},"schema":{"@context":"https:\/\/schema.org","@graph":[{"@type":"WebPage","@id":"https:\/\/zoo-land.az\/shop\/dog\/dog-food\/miratorg-beef-85-g-2\/","url":"https:\/\/zoo-land.az\/shop\/dog\/dog-food\/miratorg-beef-85-g-2\/","name":"Miratorg Beef 85 g - Zooland.az","isPartOf":{"@id":"https:\/\/zoo-land.az\/#website"},"primaryImageOfPage":{"@id":"https:\/\/zoo-land.az\/shop\/dog\/dog-food\/miratorg-beef-85-g-2\/#primaryimage"},"image":{"@id":"https:\/\/zoo-land.az\/shop\/dog\/dog-food\/miratorg-beef-85-g-2\/#primaryimage"},"thumbnailUrl":"https:\/\/zoo-land.az\/wp-content\/uploads\/2024\/05\/\u0421\u043d\u0438\u043c\u043e\u043a-\u044d\u043a\u0440\u0430\u043d\u0430-2024-05-31-\u0432-14.43.16.png","datePublished":"2024-05-31T10:45:53+00:00","dateModified":"2024-05-31T10:45:54+00:00","breadcrumb":{"@id":"https:\/\/zoo-land.az\/shop\/dog\/dog-food\/miratorg-beef-85-g-2\/#breadcrumb"},"inLanguage":"ru-RU","potentialAction":[{"@type":"ReadAction","target":["https:\/\/zoo-land.az\/shop\/dog\/dog-food\/miratorg-beef-85-g-2\/"]}]},{"@type":"ImageObject","inLanguage":"ru-RU","@id":"https:\/\/zoo-land.az\/shop\/dog\/dog-food\/miratorg-beef-85-g-2\/#primaryimage","url":"https:\/\/zoo-land.az\/wp-content\/uploads\/2024\/05\/\u0421\u043d\u0438\u043c\u043e\u043a-\u044d\u043a\u0440\u0430\u043d\u0430-2024-05-31-\u0432-14.43.16.png","contentUrl":"https:\/\/zoo-land.az\/wp-content\/uploads\/2024\/05\/\u0421\u043d\u0438\u043c\u043e\u043a-\u044d\u043a\u0440\u0430\u043d\u0430-2024-05-31-\u0432-14.43.16.png","width":756,"height":788},{"@type":"BreadcrumbList","@id":"https:\/\/zoo-land.az\/shop\/dog\/dog-food\/miratorg-beef-85-g-2\/#breadcrumb","itemListElement":[{"@type":"ListItem","position":1,"name":"Home","item":"https:\/\/zoo-land.az\/ru\/"},{"@type":"ListItem","position":2,"name":"Shop","item":"https:\/\/zoo-land.az\/ru\/"},{"@type":"ListItem","position":3,"name":"Miratorg Beef 85 g"}]},{"@type":"WebSite","@id":"https:\/\/zoo-land.az\/#website","url":"https:\/\/zoo-land.az\/","name":"Zooland.az","description":"Xo\u015fb\u0259xt ev heyvanlar\u0131n\u0131n \u00fcnvan\u0131 Zooland.az","publisher":{"@id":"https:\/\/zoo-land.az\/#organization"},"potentialAction":[{"@type":"SearchAction","target":{"@type":"EntryPoint","urlTemplate":"https:\/\/zoo-land.az\/?s={search_term_string}"},"query-input":{"@type":"PropertyValueSpecification","valueRequired":true,"valueName":"search_term_string"}}],"inLanguage":"ru-RU"},{"@type":"Organization","@id":"https:\/\/zoo-land.az\/#organization","name":"Zooland.az","url":"https:\/\/zoo-land.az\/","logo":{"@type":"ImageObject","inLanguage":"ru-RU","@id":"https:\/\/zoo-land.az\/#\/schema\/logo\/image\/","url":"https:\/\/zoo-land.az\/wp-content\/uploads\/2022\/05\/logo.svg","contentUrl":"https:\/\/zoo-land.az\/wp-content\/uploads\/2022\/05\/logo.svg","width":113,"height":46,"caption":"Zooland.az"},"image":{"@id":"https:\/\/zoo-land.az\/#\/schema\/logo\/image\/"}}]}},"_links":{"self":[{"href":"https:\/\/zoo-land.az\/ru\/wp-json\/wp\/v2\/product\/22168","targetHints":{"allow":["GET"]}}],"collection":[{"href":"https:\/\/zoo-land.az\/ru\/wp-json\/wp\/v2\/product"}],"about":[{"href":"https:\/\/zoo-land.az\/ru\/wp-json\/wp\/v2\/types\/product"}],"wp:featuredmedia":[{"embeddable":true,"href":"https:\/\/zoo-land.az\/ru\/wp-json\/wp\/v2\/media\/22169"}],"wp:attachment":[{"href":"https:\/\/zoo-land.az\/ru\/wp-json\/wp\/v2\/media?parent=22168"}],"wp:term":[{"taxonomy":"product_cat","embeddable":true,"href":"https:\/\/zoo-land.az\/ru\/wp-json\/wp\/v2\/product_cat?post=22168"},{"taxonomy":"product_tag","embeddable":true,"href":"https:\/\/zoo-land.az\/ru\/wp-json\/wp\/v2\/product_tag?post=22168"}],"curies":[{"name":"wp","href":"https:\/\/api.w.org\/{rel}","templated":true}]}}