{"id":22204,"date":"2024-05-31T12:49:47","date_gmt":"2024-05-31T12:49:47","guid":{"rendered":"https:\/\/lightsteelblue-zebra-299715.hostingersite.com\/?post_type=product&#038;p=22204"},"modified":"2024-05-31T12:49:47","modified_gmt":"2024-05-31T12:49:47","slug":"8-in-1-delights-beef-bones-xs-dog-chews","status":"publish","type":"product","link":"https:\/\/zoo-land.az\/ru\/shop\/dog\/treats\/8-in-1-delights-beef-bones-xs-dog-chews\/","title":{"rendered":"\u0416\u0435\u0432\u0430\u0442\u0435\u043b\u044c\u043d\u044b\u0435 \u043a\u043e\u043d\u0444\u0435\u0442\u044b \u0434\u043b\u044f \u0441\u043e\u0431\u0430\u043a \u00ab8 \u0432 1 Delights\u00bb \u0441 \u0433\u043e\u0432\u044f\u0436\u044c\u0438\u043c\u0438 \u043a\u043e\u0441\u0442\u044f\u043c\u0438 XS"},"content":{"rendered":"<p>8in1 Delights Beef Bones XS \u0438\u0437\u0433\u043e\u0442\u043e\u0432\u043b\u0435\u043d\u044b \u0438\u0437 \u0432\u043a\u0443\u0441\u043d\u043e\u0439 \u0433\u043e\u0432\u044f\u0436\u044c\u0435\u0439 \u043a\u043e\u0436\u0438 \u0438 \u0432\u043e\u0441\u0445\u0438\u0442\u0438\u0442\u0435\u043b\u044c\u043d\u043e\u0433\u043e \u043c\u044f\u0441\u0430 \u0433\u043e\u0432\u044f\u0434\u0438\u043d\u044b \u0438 \u043e\u0431\u0435\u0441\u043f\u0435\u0447\u0438\u0432\u0430\u044e\u0442 \u0438\u043d\u0442\u0435\u043d\u0441\u0438\u0432\u043d\u043e\u0435 \u0438 \u043f\u0440\u043e\u0434\u043e\u043b\u0436\u0438\u0442\u0435\u043b\u044c\u043d\u043e\u0435 \u0443\u0434\u043e\u0432\u043e\u043b\u044c\u0441\u0442\u0432\u0438\u0435 \u043e\u0442 \u0436\u0435\u0432\u0430\u043d\u0438\u044f \u0438\u0433\u0440\u0443\u0448\u0435\u0447\u043d\u044b\u043c \u0441\u043e\u0431\u0430\u043a\u0430\u043c \u0432\u0435\u0441\u043e\u043c \u0434\u043e 5 \u043a\u0433. \u0411\u043e\u043b\u0435\u0435 \u0442\u043e\u0433\u043e: \u043f\u043e\u043a\u0430 \u0432\u0430\u0448\u0430 \u0441\u043e\u0431\u0430\u043a\u0430 \u0437\u0430\u043d\u044f\u0442\u0430, \u043a\u043e\u0441\u0442\u0438 \u0443\u043b\u0443\u0447\u0448\u0430\u044e\u0442 \u0443\u0445\u043e\u0434 \u0437\u0430 \u0437\u0443\u0431\u0430\u043c\u0438. \u0411\u043b\u0430\u0433\u043e\u0434\u0430\u0440\u044f \u0435\u0441\u0442\u0435\u0441\u0442\u0432\u0435\u043d\u043d\u043e\u043c\u0443 \u0430\u0431\u0440\u0430\u0437\u0438\u0432\u043d\u043e\u043c\u0443 \u0434\u0435\u0439\u0441\u0442\u0432\u0438\u044e \u0436\u0435\u0432\u0430\u043d\u0438\u044f \u0441 \u0437\u0443\u0431\u043e\u0432 \u0432\u0430\u0448\u0435\u0439 \u0441\u043e\u0431\u0430\u043a\u0438 \u0443\u0434\u0430\u043b\u044f\u0435\u0442\u0441\u044f \u0437\u0443\u0431\u043d\u043e\u0439 \u043a\u0430\u043c\u0435\u043d\u044c, \u0438 \u0442\u0430\u043a\u0438\u043c \u043e\u0431\u0440\u0430\u0437\u043e\u043c \u043a\u043e\u0441\u0442\u0438 \u043f\u043e\u0434\u0434\u0435\u0440\u0436\u0438\u0432\u0430\u044e\u0442 \u0437\u0434\u043e\u0440\u043e\u0432\u044c\u0435 \u0437\u0443\u0431\u043e\u0432 \u0432\u0430\u0448\u0435\u0439 \u0441\u043e\u0431\u0430\u043a\u0438. \u041a\u043e\u0440\u043c Delights Beef Bones XS \u0441 \u043d\u0438\u0437\u043a\u0438\u043c \u0441\u043e\u0434\u0435\u0440\u0436\u0430\u043d\u0438\u0435\u043c \u0436\u0438\u0440\u0430 8 \u0432 1 \u0438\u0434\u0435\u0430\u043b\u044c\u043d\u043e \u043f\u043e\u0441\u043b\u0443\u0436\u0438\u0442 \u0430\u043f\u043f\u0435\u0442\u0438\u0442\u043d\u044b\u043c \u0436\u0435\u0432\u0430\u0442\u0435\u043b\u044c\u043d\u044b\u043c \u043b\u0430\u043a\u043e\u043c\u0441\u0442\u0432\u043e\u043c \u0434\u043b\u044f \u043f\u043e\u043e\u0449\u0440\u0435\u043d\u0438\u044f \u0432\u0430\u0448\u0435\u0439 \u0441\u043e\u0431\u0430\u043a\u0438. \u041e\u043d\u0438 \u0431\u043e\u0433\u0430\u0442\u044b \u0431\u0435\u043b\u043a\u0430\u043c\u0438 \u0438 \u043d\u0435 \u0441\u043e\u0434\u0435\u0440\u0436\u0430\u0442 \u0438\u0441\u043a\u0443\u0441\u0441\u0442\u0432\u0435\u043d\u043d\u044b\u0445 \u043a\u0440\u0430\u0441\u0438\u0442\u0435\u043b\u0435\u0439 \u0438 \u0443\u0441\u0438\u043b\u0438\u0442\u0435\u043b\u0435\u0439 \u0432\u043a\u0443\u0441\u0430. \u041a\u0440\u043e\u043c\u0435 \u0442\u043e\u0433\u043e, \u0432 \u0437\u0430\u043f\u0435\u0447\u0435\u043d\u043d\u044b\u0435 \u0432 \u0434\u0443\u0445\u043e\u0432\u043a\u0435 \u0436\u0435\u0432\u0430\u0442\u0435\u043b\u044c\u043d\u044b\u0435 \u043a\u043e\u043d\u0444\u0435\u0442\u044b \u043d\u0435 \u0434\u043e\u0431\u0430\u0432\u043b\u044f\u044e\u0442\u0441\u044f \u043d\u0438 \u0413\u041c\u041e, \u043d\u0438 \u0433\u043b\u044e\u0442\u0435\u043d.<\/p>","protected":false},"excerpt":{"rendered":"<p>8in1 Delights Beef Bones XS \u0438\u0437\u0433\u043e\u0442\u043e\u0432\u043b\u0435\u043d\u044b \u0438\u0437 \u0432\u043a\u0443\u0441\u043d\u043e\u0439 \u0433\u043e\u0432\u044f\u0436\u044c\u0435\u0439 \u043a\u043e\u0436\u0438 \u0438 \u0432\u043e\u0441\u0445\u0438\u0442\u0438\u0442\u0435\u043b\u044c\u043d\u043e\u0433\u043e \u043c\u044f\u0441\u0430 \u0433\u043e\u0432\u044f\u0434\u0438\u043d\u044b \u0438 \u043e\u0431\u0435\u0441\u043f\u0435\u0447\u0438\u0432\u0430\u044e\u0442 \u0438\u043d\u0442\u0435\u043d\u0441\u0438\u0432\u043d\u043e\u0435 \u0438 \u043f\u0440\u043e\u0434\u043e\u043b\u0436\u0438\u0442\u0435\u043b\u044c\u043d\u043e\u0435 \u0443\u0434\u043e\u0432\u043e\u043b\u044c\u0441\u0442\u0432\u0438\u0435 \u043e\u0442 \u0436\u0435\u0432\u0430\u043d\u0438\u044f \u0438\u0433\u0440\u0443\u0448\u0435\u0447\u043d\u044b\u043c \u0441\u043e\u0431\u0430\u043a\u0430\u043c \u0432\u0435\u0441\u043e\u043c \u0434\u043e 5 \u043a\u0433. \u0411\u043e\u043b\u0435\u0435 \u0442\u043e\u0433\u043e: \u043f\u043e\u043a\u0430 \u0432\u0430\u0448\u0430 \u0441\u043e\u0431\u0430\u043a\u0430 \u0437\u0430\u043d\u044f\u0442\u0430, \u043a\u043e\u0441\u0442\u0438 \u0443\u043b\u0443\u0447\u0448\u0430\u044e\u0442 \u0443\u0445\u043e\u0434 \u0437\u0430 \u0437\u0443\u0431\u0430\u043c\u0438. \u0411\u043b\u0430\u0433\u043e\u0434\u0430\u0440\u044f \u0435\u0441\u0442\u0435\u0441\u0442\u0432\u0435\u043d\u043d\u043e\u043c\u0443 \u0430\u0431\u0440\u0430\u0437\u0438\u0432\u043d\u043e\u043c\u0443 \u0434\u0435\u0439\u0441\u0442\u0432\u0438\u044e \u0436\u0435\u0432\u0430\u043d\u0438\u044f \u0441 \u0437\u0443\u0431\u043e\u0432 \u0432\u0430\u0448\u0435\u0439 \u0441\u043e\u0431\u0430\u043a\u0438 \u0443\u0434\u0430\u043b\u044f\u0435\u0442\u0441\u044f \u0437\u0443\u0431\u043d\u043e\u0439 \u043a\u0430\u043c\u0435\u043d\u044c, \u0438 \u0442\u0430\u043a\u0438\u043c \u043e\u0431\u0440\u0430\u0437\u043e\u043c \u043a\u043e\u0441\u0442\u0438 \u043f\u043e\u0434\u0434\u0435\u0440\u0436\u0438\u0432\u0430\u044e\u0442 \u0437\u0434\u043e\u0440\u043e\u0432\u044c\u0435 \u0437\u0443\u0431\u043e\u0432 \u0432\u0430\u0448\u0435\u0439 \u0441\u043e\u0431\u0430\u043a\u0438. \u041a\u043e\u0440\u043c Delights Beef Bones XS \u0441 \u043d\u0438\u0437\u043a\u0438\u043c \u0441\u043e\u0434\u0435\u0440\u0436\u0430\u043d\u0438\u0435\u043c \u0436\u0438\u0440\u0430 8 \u0432 1 \u0438\u0434\u0435\u0430\u043b\u044c\u043d\u043e \u043f\u043e\u0441\u043b\u0443\u0436\u0438\u0442 \u0430\u043f\u043f\u0435\u0442\u0438\u0442\u043d\u044b\u043c \u0436\u0435\u0432\u0430\u0442\u0435\u043b\u044c\u043d\u044b\u043c \u043b\u0430\u043a\u043e\u043c\u0441\u0442\u0432\u043e\u043c \u0434\u043b\u044f \u043f\u043e\u043e\u0449\u0440\u0435\u043d\u0438\u044f \u0432\u0430\u0448\u0435\u0439 \u0441\u043e\u0431\u0430\u043a\u0438. \u041e\u043d\u0438 \u0431\u043e\u0433\u0430\u0442\u044b \u0431\u0435\u043b\u043a\u0430\u043c\u0438 \u0438 \u043d\u0435 \u0441\u043e\u0434\u0435\u0440\u0436\u0430\u0442 \u0438\u0441\u043a\u0443\u0441\u0441\u0442\u0432\u0435\u043d\u043d\u044b\u0445 \u043a\u0440\u0430\u0441\u0438\u0442\u0435\u043b\u0435\u0439 \u0438 \u0443\u0441\u0438\u043b\u0438\u0442\u0435\u043b\u0435\u0439 \u0432\u043a\u0443\u0441\u0430. \u041a\u0440\u043e\u043c\u0435 \u0442\u043e\u0433\u043e, \u0432 \u0437\u0430\u043f\u0435\u0447\u0435\u043d\u043d\u044b\u0435 \u0432 \u0434\u0443\u0445\u043e\u0432\u043a\u0435 \u0436\u0435\u0432\u0430\u0442\u0435\u043b\u044c\u043d\u044b\u0435 \u043a\u043e\u043d\u0444\u0435\u0442\u044b \u043d\u0435 \u0434\u043e\u0431\u0430\u0432\u043b\u044f\u044e\u0442\u0441\u044f \u043d\u0438 \u0413\u041c\u041e, \u043d\u0438 \u0433\u043b\u044e\u0442\u0435\u043d.<\/p>","protected":false},"featured_media":22205,"template":"","meta":{"inline_featured_image":false,"_joinchat":[]},"product_cat":[107,340],"product_tag":[],"class_list":{"0":"post-22204","1":"product","2":"type-product","3":"status-publish","4":"has-post-thumbnail","6":"product_brand-8-in-1","7":"product_cat-dog","8":"product_cat-treats","10":"first","11":"instock","12":"shipping-taxable","13":"purchasable","14":"product-type-simple"},"yoast_head":"<!-- This site is optimized with the Yoast SEO plugin v26.7 - https:\/\/yoast.com\/wordpress\/plugins\/seo\/ -->\n<title>8 in 1 Delights Beef Bones XS Dog Chews - Zooland.az<\/title>\n<meta name=\"robots\" content=\"index, follow, max-snippet:-1, max-image-preview:large, max-video-preview:-1\" \/>\n<link rel=\"canonical\" href=\"https:\/\/zoo-land.az\/ru\/shop\/dog\/treats\/8-in-1-delights-beef-bones-xs-dog-chews\/\" \/>\n<meta property=\"og:locale\" content=\"ru_RU\" \/>\n<meta property=\"og:type\" content=\"article\" \/>\n<meta property=\"og:title\" content=\"8 in 1 Delights Beef Bones XS Dog Chews - Zooland.az\" \/>\n<meta property=\"og:description\" content=\"8in1 Delights Beef Bones XS are made of tasty beefhide and delicious beef meat and ensure intensive, long-lasting chewing fun for toy dogs with a weight below 5kg. More than this: while keeping your dog busy, the bones enhance dental care. Due to the natural abrasive action of chewing, tartar is removed from your dog&#039;s teeth and in that way the bones support your dog&#039;s dental health. The low in fat 8in1 Delights Beef Bones XS perfectly serve as a mouth-watering chew to reward your dog. They are rich in proteins and free from artificial colours and flavour enhancers. Furthermore, neither GMO&#039;s nor gluten are added to the oven baked chews.\" \/>\n<meta property=\"og:url\" content=\"https:\/\/zoo-land.az\/ru\/shop\/dog\/treats\/8-in-1-delights-beef-bones-xs-dog-chews\/\" \/>\n<meta property=\"og:site_name\" content=\"Zooland.az\" \/>\n<meta property=\"og:image\" content=\"https:\/\/zoo-land.az\/wp-content\/uploads\/2024\/05\/8in1_beef_delights_bones_xs_7_5sm_12g_7_sht._s_govyadinoy_560085_2.jpg\" \/>\n\t<meta property=\"og:image:width\" content=\"550\" \/>\n\t<meta property=\"og:image:height\" content=\"550\" \/>\n\t<meta property=\"og:image:type\" content=\"image\/jpeg\" \/>\n<meta name=\"twitter:card\" content=\"summary_large_image\" \/>\n<meta name=\"twitter:label1\" content=\"\u041f\u0440\u0438\u043c\u0435\u0440\u043d\u043e\u0435 \u0432\u0440\u0435\u043c\u044f \u0434\u043b\u044f \u0447\u0442\u0435\u043d\u0438\u044f\" \/>\n\t<meta name=\"twitter:data1\" content=\"1 \u043c\u0438\u043d\u0443\u0442\u0430\" \/>\n<script type=\"application\/ld+json\" class=\"yoast-schema-graph\">{\"@context\":\"https:\/\/schema.org\",\"@graph\":[{\"@type\":\"WebPage\",\"@id\":\"https:\/\/zoo-land.az\/az\/shop\/dog\/treats\/8-in-1-delights-beef-bones-xs-dog-chews\/\",\"url\":\"https:\/\/zoo-land.az\/az\/shop\/dog\/treats\/8-in-1-delights-beef-bones-xs-dog-chews\/\",\"name\":\"8 in 1 Delights Beef Bones XS Dog Chews - Zooland.az\",\"isPartOf\":{\"@id\":\"https:\/\/zoo-land.az\/#website\"},\"primaryImageOfPage\":{\"@id\":\"https:\/\/zoo-land.az\/az\/shop\/dog\/treats\/8-in-1-delights-beef-bones-xs-dog-chews\/#primaryimage\"},\"image\":{\"@id\":\"https:\/\/zoo-land.az\/az\/shop\/dog\/treats\/8-in-1-delights-beef-bones-xs-dog-chews\/#primaryimage\"},\"thumbnailUrl\":\"https:\/\/zoo-land.az\/wp-content\/uploads\/2024\/05\/8in1_beef_delights_bones_xs_7_5sm_12g_7_sht._s_govyadinoy_560085_2.jpg\",\"datePublished\":\"2024-05-31T12:49:47+00:00\",\"breadcrumb\":{\"@id\":\"https:\/\/zoo-land.az\/az\/shop\/dog\/treats\/8-in-1-delights-beef-bones-xs-dog-chews\/#breadcrumb\"},\"inLanguage\":\"ru-RU\",\"potentialAction\":[{\"@type\":\"ReadAction\",\"target\":[\"https:\/\/zoo-land.az\/az\/shop\/dog\/treats\/8-in-1-delights-beef-bones-xs-dog-chews\/\"]}]},{\"@type\":\"ImageObject\",\"inLanguage\":\"ru-RU\",\"@id\":\"https:\/\/zoo-land.az\/az\/shop\/dog\/treats\/8-in-1-delights-beef-bones-xs-dog-chews\/#primaryimage\",\"url\":\"https:\/\/zoo-land.az\/wp-content\/uploads\/2024\/05\/8in1_beef_delights_bones_xs_7_5sm_12g_7_sht._s_govyadinoy_560085_2.jpg\",\"contentUrl\":\"https:\/\/zoo-land.az\/wp-content\/uploads\/2024\/05\/8in1_beef_delights_bones_xs_7_5sm_12g_7_sht._s_govyadinoy_560085_2.jpg\",\"width\":550,\"height\":550},{\"@type\":\"BreadcrumbList\",\"@id\":\"https:\/\/zoo-land.az\/az\/shop\/dog\/treats\/8-in-1-delights-beef-bones-xs-dog-chews\/#breadcrumb\",\"itemListElement\":[{\"@type\":\"ListItem\",\"position\":1,\"name\":\"Home\",\"item\":\"https:\/\/zoo-land.az\/ru\/\"},{\"@type\":\"ListItem\",\"position\":2,\"name\":\"Shop\",\"item\":\"https:\/\/zoo-land.az\/ru\/\"},{\"@type\":\"ListItem\",\"position\":3,\"name\":\"8 in 1 Delights Beef Bones XS Dog Chews\"}]},{\"@type\":\"WebSite\",\"@id\":\"https:\/\/zoo-land.az\/#website\",\"url\":\"https:\/\/zoo-land.az\/\",\"name\":\"Zooland.az\",\"description\":\"Xo\u015fb\u0259xt ev heyvanlar\u0131n\u0131n \u00fcnvan\u0131 Zooland.az\",\"publisher\":{\"@id\":\"https:\/\/zoo-land.az\/#organization\"},\"potentialAction\":[{\"@type\":\"SearchAction\",\"target\":{\"@type\":\"EntryPoint\",\"urlTemplate\":\"https:\/\/zoo-land.az\/?s={search_term_string}\"},\"query-input\":{\"@type\":\"PropertyValueSpecification\",\"valueRequired\":true,\"valueName\":\"search_term_string\"}}],\"inLanguage\":\"ru-RU\"},{\"@type\":\"Organization\",\"@id\":\"https:\/\/zoo-land.az\/#organization\",\"name\":\"Zooland.az\",\"url\":\"https:\/\/zoo-land.az\/\",\"logo\":{\"@type\":\"ImageObject\",\"inLanguage\":\"ru-RU\",\"@id\":\"https:\/\/zoo-land.az\/#\/schema\/logo\/image\/\",\"url\":\"https:\/\/zoo-land.az\/wp-content\/uploads\/2022\/05\/logo.svg\",\"contentUrl\":\"https:\/\/zoo-land.az\/wp-content\/uploads\/2022\/05\/logo.svg\",\"width\":113,\"height\":46,\"caption\":\"Zooland.az\"},\"image\":{\"@id\":\"https:\/\/zoo-land.az\/#\/schema\/logo\/image\/\"}}]}<\/script>\n<!-- \/ Yoast SEO plugin. -->","yoast_head_json":{"title":"8 in 1 Delights Beef Bones XS Dog Chews - Zooland.az","robots":{"index":"index","follow":"follow","max-snippet":"max-snippet:-1","max-image-preview":"max-image-preview:large","max-video-preview":"max-video-preview:-1"},"canonical":"https:\/\/zoo-land.az\/ru\/shop\/dog\/treats\/8-in-1-delights-beef-bones-xs-dog-chews\/","og_locale":"ru_RU","og_type":"article","og_title":"8 in 1 Delights Beef Bones XS Dog Chews - Zooland.az","og_description":"8in1 Delights Beef Bones XS are made of tasty beefhide and delicious beef meat and ensure intensive, long-lasting chewing fun for toy dogs with a weight below 5kg. More than this: while keeping your dog busy, the bones enhance dental care. Due to the natural abrasive action of chewing, tartar is removed from your dog's teeth and in that way the bones support your dog's dental health. The low in fat 8in1 Delights Beef Bones XS perfectly serve as a mouth-watering chew to reward your dog. They are rich in proteins and free from artificial colours and flavour enhancers. Furthermore, neither GMO's nor gluten are added to the oven baked chews.","og_url":"https:\/\/zoo-land.az\/ru\/shop\/dog\/treats\/8-in-1-delights-beef-bones-xs-dog-chews\/","og_site_name":"Zooland.az","og_image":[{"width":550,"height":550,"url":"https:\/\/zoo-land.az\/wp-content\/uploads\/2024\/05\/8in1_beef_delights_bones_xs_7_5sm_12g_7_sht._s_govyadinoy_560085_2.jpg","type":"image\/jpeg"}],"twitter_card":"summary_large_image","twitter_misc":{"\u041f\u0440\u0438\u043c\u0435\u0440\u043d\u043e\u0435 \u0432\u0440\u0435\u043c\u044f \u0434\u043b\u044f \u0447\u0442\u0435\u043d\u0438\u044f":"1 \u043c\u0438\u043d\u0443\u0442\u0430"},"schema":{"@context":"https:\/\/schema.org","@graph":[{"@type":"WebPage","@id":"https:\/\/zoo-land.az\/az\/shop\/dog\/treats\/8-in-1-delights-beef-bones-xs-dog-chews\/","url":"https:\/\/zoo-land.az\/az\/shop\/dog\/treats\/8-in-1-delights-beef-bones-xs-dog-chews\/","name":"8 in 1 Delights Beef Bones XS Dog Chews - Zooland.az","isPartOf":{"@id":"https:\/\/zoo-land.az\/#website"},"primaryImageOfPage":{"@id":"https:\/\/zoo-land.az\/az\/shop\/dog\/treats\/8-in-1-delights-beef-bones-xs-dog-chews\/#primaryimage"},"image":{"@id":"https:\/\/zoo-land.az\/az\/shop\/dog\/treats\/8-in-1-delights-beef-bones-xs-dog-chews\/#primaryimage"},"thumbnailUrl":"https:\/\/zoo-land.az\/wp-content\/uploads\/2024\/05\/8in1_beef_delights_bones_xs_7_5sm_12g_7_sht._s_govyadinoy_560085_2.jpg","datePublished":"2024-05-31T12:49:47+00:00","breadcrumb":{"@id":"https:\/\/zoo-land.az\/az\/shop\/dog\/treats\/8-in-1-delights-beef-bones-xs-dog-chews\/#breadcrumb"},"inLanguage":"ru-RU","potentialAction":[{"@type":"ReadAction","target":["https:\/\/zoo-land.az\/az\/shop\/dog\/treats\/8-in-1-delights-beef-bones-xs-dog-chews\/"]}]},{"@type":"ImageObject","inLanguage":"ru-RU","@id":"https:\/\/zoo-land.az\/az\/shop\/dog\/treats\/8-in-1-delights-beef-bones-xs-dog-chews\/#primaryimage","url":"https:\/\/zoo-land.az\/wp-content\/uploads\/2024\/05\/8in1_beef_delights_bones_xs_7_5sm_12g_7_sht._s_govyadinoy_560085_2.jpg","contentUrl":"https:\/\/zoo-land.az\/wp-content\/uploads\/2024\/05\/8in1_beef_delights_bones_xs_7_5sm_12g_7_sht._s_govyadinoy_560085_2.jpg","width":550,"height":550},{"@type":"BreadcrumbList","@id":"https:\/\/zoo-land.az\/az\/shop\/dog\/treats\/8-in-1-delights-beef-bones-xs-dog-chews\/#breadcrumb","itemListElement":[{"@type":"ListItem","position":1,"name":"Home","item":"https:\/\/zoo-land.az\/ru\/"},{"@type":"ListItem","position":2,"name":"Shop","item":"https:\/\/zoo-land.az\/ru\/"},{"@type":"ListItem","position":3,"name":"8 in 1 Delights Beef Bones XS Dog Chews"}]},{"@type":"WebSite","@id":"https:\/\/zoo-land.az\/#website","url":"https:\/\/zoo-land.az\/","name":"Zooland.az","description":"Xo\u015fb\u0259xt ev heyvanlar\u0131n\u0131n \u00fcnvan\u0131 Zooland.az","publisher":{"@id":"https:\/\/zoo-land.az\/#organization"},"potentialAction":[{"@type":"SearchAction","target":{"@type":"EntryPoint","urlTemplate":"https:\/\/zoo-land.az\/?s={search_term_string}"},"query-input":{"@type":"PropertyValueSpecification","valueRequired":true,"valueName":"search_term_string"}}],"inLanguage":"ru-RU"},{"@type":"Organization","@id":"https:\/\/zoo-land.az\/#organization","name":"Zooland.az","url":"https:\/\/zoo-land.az\/","logo":{"@type":"ImageObject","inLanguage":"ru-RU","@id":"https:\/\/zoo-land.az\/#\/schema\/logo\/image\/","url":"https:\/\/zoo-land.az\/wp-content\/uploads\/2022\/05\/logo.svg","contentUrl":"https:\/\/zoo-land.az\/wp-content\/uploads\/2022\/05\/logo.svg","width":113,"height":46,"caption":"Zooland.az"},"image":{"@id":"https:\/\/zoo-land.az\/#\/schema\/logo\/image\/"}}]}},"_links":{"self":[{"href":"https:\/\/zoo-land.az\/ru\/wp-json\/wp\/v2\/product\/22204","targetHints":{"allow":["GET"]}}],"collection":[{"href":"https:\/\/zoo-land.az\/ru\/wp-json\/wp\/v2\/product"}],"about":[{"href":"https:\/\/zoo-land.az\/ru\/wp-json\/wp\/v2\/types\/product"}],"wp:featuredmedia":[{"embeddable":true,"href":"https:\/\/zoo-land.az\/ru\/wp-json\/wp\/v2\/media\/22205"}],"wp:attachment":[{"href":"https:\/\/zoo-land.az\/ru\/wp-json\/wp\/v2\/media?parent=22204"}],"wp:term":[{"taxonomy":"product_cat","embeddable":true,"href":"https:\/\/zoo-land.az\/ru\/wp-json\/wp\/v2\/product_cat?post=22204"},{"taxonomy":"product_tag","embeddable":true,"href":"https:\/\/zoo-land.az\/ru\/wp-json\/wp\/v2\/product_tag?post=22204"}],"curies":[{"name":"wp","href":"https:\/\/api.w.org\/{rel}","templated":true}]}}