{"id":22235,"date":"2024-05-31T13:37:27","date_gmt":"2024-05-31T13:37:27","guid":{"rendered":"https:\/\/lightsteelblue-zebra-299715.hostingersite.com\/?post_type=product&#038;p=22235"},"modified":"2024-05-31T13:37:28","modified_gmt":"2024-05-31T13:37:28","slug":"8-in-1-tasties-twisters-dog-treats-with-chicken-and-cod","status":"publish","type":"product","link":"https:\/\/zoo-land.az\/ru\/shop\/dog\/treats\/8-in-1-tasties-twisters-dog-treats-with-chicken-and-cod\/","title":{"rendered":"\u041b\u0430\u043a\u043e\u043c\u0441\u0442\u0432\u043e \u0434\u043b\u044f \u0441\u043e\u0431\u0430\u043a 8 \u0432 1 Tasties Twisters \u0441 \u043a\u0443\u0440\u0438\u0446\u0435\u0439 \u0438 \u0442\u0440\u0435\u0441\u043a\u043e\u0439"},"content":{"rendered":"<p>8in1 Tasties Twisted Sticks are delicious meat snacks that your dog will love. Made from tasty chicken breast wrapped in flavorful cod in stick form, these nutritious and healthy treats are perfect as a reward between meals. They are easily digestible, low in fat, and contain no added sugar. 8in1 Tasties Twisted Sticks are free from flavor enhancers, GMOs, artificial preservatives, and colorants. Oven-baked, these treats are rich in protein and gluten-free. 8in1 Tasties Twisted Sticks are the ideal snack for dogs of all sizes.<\/p>\n<p><strong>\u041f\u0440\u0435\u0438\u043c\u0443\u0449\u0435\u0441\u0442\u0432\u0430:<\/strong><\/p>\n<ul>\n<li><strong>Contains chicken fillet and cod breast<\/strong><\/li>\n<li><strong>Easily digestible<\/strong><\/li>\n<li><strong>No added sugar<\/strong><\/li>\n<li><strong>\u0421 \u043d\u0438\u0437\u043a\u0438\u043c \u0441\u043e\u0434\u0435\u0440\u0436\u0430\u043d\u0438\u0435\u043c \u0436\u0438\u0440\u0430<\/strong><\/li>\n<li><strong>No flavor enhancers, GMOs, artificial preservatives, and colorants<\/strong><\/li>\n<li><strong>\u0411\u043e\u0433\u0430\u0442 \u0431\u0435\u043b\u043a\u043e\u043c<\/strong><\/li>\n<li><strong>Gluten-free<\/strong><\/li>\n<li><strong>Oven-baked<\/strong><\/li>\n<\/ul>\n<p><strong>\u0418\u043d\u0433\u0440\u0435\u0434\u0438\u0435\u043d\u0442\u044b:<\/strong> Chicken breast (82%), dried pea protein, Atlantic cod (4%), glycerin, manioc, corn starch, sodium chloride<\/p>\n<p><strong>Analytical Constituents:<\/strong><\/p>\n<ul>\n<li>Protein: 45%<\/li>\n<li>Fat content: 2%<\/li>\n<li>Crude fiber: 0.5%<\/li>\n<li>Crude ash: 4%<\/li>\n<li>Moisture: 21%<\/li>\n<\/ul>","protected":false},"excerpt":{"rendered":"<p>8in1 Tasties Twisted Sticks are delicious meat snacks that your dog will love. Made from tasty chicken breast wrapped in flavorful cod in stick form, these nutritious and healthy treats are perfect as a reward between meals. They are easily digestible, low in fat, and contain no added sugar. 8in1 Tasties Twisted Sticks are free from flavor enhancers, GMOs, artificial preservatives, and colorants. Oven-baked, these treats are rich in protein and gluten-free. 8in1 Tasties Twisted Sticks are the ideal snack for dogs of all sizes.<\/p>","protected":false},"featured_media":22236,"template":"","meta":{"inline_featured_image":false,"_joinchat":[]},"product_cat":[107,340],"product_tag":[],"class_list":{"0":"post-22235","1":"product","2":"type-product","3":"status-publish","4":"has-post-thumbnail","6":"product_brand-8-in-1","7":"product_cat-dog","8":"product_cat-treats","10":"first","11":"instock","12":"shipping-taxable","13":"purchasable","14":"product-type-simple"},"yoast_head":"<!-- This site is optimized with the Yoast SEO plugin v27.4 - https:\/\/yoast.com\/product\/yoast-seo-wordpress\/ -->\n<title>8 in 1 Tasties Twisters Dog Treats with Chicken and Cod - Zooland.az<\/title>\n<meta name=\"robots\" content=\"index, follow, max-snippet:-1, max-image-preview:large, max-video-preview:-1\" \/>\n<link rel=\"canonical\" href=\"https:\/\/zoo-land.az\/ru\/shop\/dog\/treats\/8-in-1-tasties-twisters-dog-treats-with-chicken-and-cod\/\" \/>\n<meta property=\"og:locale\" content=\"ru_RU\" \/>\n<meta property=\"og:type\" content=\"article\" \/>\n<meta property=\"og:title\" content=\"8 in 1 Tasties Twisters Dog Treats with Chicken and Cod - Zooland.az\" \/>\n<meta property=\"og:description\" content=\"8in1 Tasties Twisted Sticks are delicious meat snacks that your dog will love. Made from tasty chicken breast wrapped in flavorful cod in stick form, these nutritious and healthy treats are perfect as a reward between meals. They are easily digestible, low in fat, and contain no added sugar. 8in1 Tasties Twisted Sticks are free from flavor enhancers, GMOs, artificial preservatives, and colorants. Oven-baked, these treats are rich in protein and gluten-free. 8in1 Tasties Twisted Sticks are the ideal snack for dogs of all sizes.\" \/>\n<meta property=\"og:url\" content=\"https:\/\/zoo-land.az\/ru\/shop\/dog\/treats\/8-in-1-tasties-twisters-dog-treats-with-chicken-and-cod\/\" \/>\n<meta property=\"og:site_name\" content=\"Zooland.az\" \/>\n<meta property=\"article:modified_time\" content=\"2024-05-31T13:37:28+00:00\" \/>\n<meta property=\"og:image\" content=\"https:\/\/zoo-land.az\/wp-content\/uploads\/2024\/05\/ge-catalog-product-upload-ME000032501-800x800-1.jpg\" \/>\n\t<meta property=\"og:image:width\" content=\"800\" \/>\n\t<meta property=\"og:image:height\" content=\"800\" \/>\n\t<meta property=\"og:image:type\" content=\"image\/jpeg\" \/>\n<meta name=\"twitter:card\" content=\"summary_large_image\" \/>\n<meta name=\"twitter:label1\" content=\"\u041f\u0440\u0438\u043c\u0435\u0440\u043d\u043e\u0435 \u0432\u0440\u0435\u043c\u044f \u0434\u043b\u044f \u0447\u0442\u0435\u043d\u0438\u044f\" \/>\n\t<meta name=\"twitter:data1\" content=\"1 \u043c\u0438\u043d\u0443\u0442\u0430\" \/>\n<script type=\"application\/ld+json\" class=\"yoast-schema-graph\">{\"@context\":\"https:\\\/\\\/schema.org\",\"@graph\":[{\"@type\":\"WebPage\",\"@id\":\"https:\\\/\\\/zoo-land.az\\\/shop\\\/dog\\\/treats\\\/8-in-1-tasties-twisters-dog-treats-with-chicken-and-cod\\\/\",\"url\":\"https:\\\/\\\/zoo-land.az\\\/shop\\\/dog\\\/treats\\\/8-in-1-tasties-twisters-dog-treats-with-chicken-and-cod\\\/\",\"name\":\"8 in 1 Tasties Twisters Dog Treats with Chicken and Cod - Zooland.az\",\"isPartOf\":{\"@id\":\"https:\\\/\\\/zoo-land.az\\\/#website\"},\"primaryImageOfPage\":{\"@id\":\"https:\\\/\\\/zoo-land.az\\\/shop\\\/dog\\\/treats\\\/8-in-1-tasties-twisters-dog-treats-with-chicken-and-cod\\\/#primaryimage\"},\"image\":{\"@id\":\"https:\\\/\\\/zoo-land.az\\\/shop\\\/dog\\\/treats\\\/8-in-1-tasties-twisters-dog-treats-with-chicken-and-cod\\\/#primaryimage\"},\"thumbnailUrl\":\"https:\\\/\\\/zoo-land.az\\\/wp-content\\\/uploads\\\/2024\\\/05\\\/ge-catalog-product-upload-ME000032501-800x800-1.jpg\",\"datePublished\":\"2024-05-31T13:37:27+00:00\",\"dateModified\":\"2024-05-31T13:37:28+00:00\",\"breadcrumb\":{\"@id\":\"https:\\\/\\\/zoo-land.az\\\/shop\\\/dog\\\/treats\\\/8-in-1-tasties-twisters-dog-treats-with-chicken-and-cod\\\/#breadcrumb\"},\"inLanguage\":\"ru-RU\",\"potentialAction\":[{\"@type\":\"ReadAction\",\"target\":[\"https:\\\/\\\/zoo-land.az\\\/shop\\\/dog\\\/treats\\\/8-in-1-tasties-twisters-dog-treats-with-chicken-and-cod\\\/\"]}]},{\"@type\":\"ImageObject\",\"inLanguage\":\"ru-RU\",\"@id\":\"https:\\\/\\\/zoo-land.az\\\/shop\\\/dog\\\/treats\\\/8-in-1-tasties-twisters-dog-treats-with-chicken-and-cod\\\/#primaryimage\",\"url\":\"https:\\\/\\\/zoo-land.az\\\/wp-content\\\/uploads\\\/2024\\\/05\\\/ge-catalog-product-upload-ME000032501-800x800-1.jpg\",\"contentUrl\":\"https:\\\/\\\/zoo-land.az\\\/wp-content\\\/uploads\\\/2024\\\/05\\\/ge-catalog-product-upload-ME000032501-800x800-1.jpg\",\"width\":800,\"height\":800},{\"@type\":\"BreadcrumbList\",\"@id\":\"https:\\\/\\\/zoo-land.az\\\/shop\\\/dog\\\/treats\\\/8-in-1-tasties-twisters-dog-treats-with-chicken-and-cod\\\/#breadcrumb\",\"itemListElement\":[{\"@type\":\"ListItem\",\"position\":1,\"name\":\"Home\",\"item\":\"https:\\\/\\\/zoo-land.az\\\/ru\\\/\"},{\"@type\":\"ListItem\",\"position\":2,\"name\":\"Shop\",\"item\":\"https:\\\/\\\/zoo-land.az\\\/ru\\\/\"},{\"@type\":\"ListItem\",\"position\":3,\"name\":\"8 in 1 Tasties Twisters Dog Treats with Chicken and Cod\"}]},{\"@type\":\"WebSite\",\"@id\":\"https:\\\/\\\/zoo-land.az\\\/#website\",\"url\":\"https:\\\/\\\/zoo-land.az\\\/\",\"name\":\"Zooland.az\",\"description\":\"Xo\u015fb\u0259xt ev heyvanlar\u0131n\u0131n \u00fcnvan\u0131 Zooland.az\",\"publisher\":{\"@id\":\"https:\\\/\\\/zoo-land.az\\\/#organization\"},\"potentialAction\":[{\"@type\":\"SearchAction\",\"target\":{\"@type\":\"EntryPoint\",\"urlTemplate\":\"https:\\\/\\\/zoo-land.az\\\/?s={search_term_string}\"},\"query-input\":{\"@type\":\"PropertyValueSpecification\",\"valueRequired\":true,\"valueName\":\"search_term_string\"}}],\"inLanguage\":\"ru-RU\"},{\"@type\":\"Organization\",\"@id\":\"https:\\\/\\\/zoo-land.az\\\/#organization\",\"name\":\"Zooland.az\",\"url\":\"https:\\\/\\\/zoo-land.az\\\/\",\"logo\":{\"@type\":\"ImageObject\",\"inLanguage\":\"ru-RU\",\"@id\":\"https:\\\/\\\/zoo-land.az\\\/#\\\/schema\\\/logo\\\/image\\\/\",\"url\":\"https:\\\/\\\/zoo-land.az\\\/wp-content\\\/uploads\\\/2022\\\/05\\\/logo.svg\",\"contentUrl\":\"https:\\\/\\\/zoo-land.az\\\/wp-content\\\/uploads\\\/2022\\\/05\\\/logo.svg\",\"width\":113,\"height\":46,\"caption\":\"Zooland.az\"},\"image\":{\"@id\":\"https:\\\/\\\/zoo-land.az\\\/#\\\/schema\\\/logo\\\/image\\\/\"}}]}<\/script>\n<!-- \/ Yoast SEO plugin. -->","yoast_head_json":{"title":"8 in 1 Tasties Twisters Dog Treats with Chicken and Cod - Zooland.az","robots":{"index":"index","follow":"follow","max-snippet":"max-snippet:-1","max-image-preview":"max-image-preview:large","max-video-preview":"max-video-preview:-1"},"canonical":"https:\/\/zoo-land.az\/ru\/shop\/dog\/treats\/8-in-1-tasties-twisters-dog-treats-with-chicken-and-cod\/","og_locale":"ru_RU","og_type":"article","og_title":"8 in 1 Tasties Twisters Dog Treats with Chicken and Cod - Zooland.az","og_description":"8in1 Tasties Twisted Sticks are delicious meat snacks that your dog will love. Made from tasty chicken breast wrapped in flavorful cod in stick form, these nutritious and healthy treats are perfect as a reward between meals. They are easily digestible, low in fat, and contain no added sugar. 8in1 Tasties Twisted Sticks are free from flavor enhancers, GMOs, artificial preservatives, and colorants. Oven-baked, these treats are rich in protein and gluten-free. 8in1 Tasties Twisted Sticks are the ideal snack for dogs of all sizes.","og_url":"https:\/\/zoo-land.az\/ru\/shop\/dog\/treats\/8-in-1-tasties-twisters-dog-treats-with-chicken-and-cod\/","og_site_name":"Zooland.az","article_modified_time":"2024-05-31T13:37:28+00:00","og_image":[{"width":800,"height":800,"url":"https:\/\/zoo-land.az\/wp-content\/uploads\/2024\/05\/ge-catalog-product-upload-ME000032501-800x800-1.jpg","type":"image\/jpeg"}],"twitter_card":"summary_large_image","twitter_misc":{"\u041f\u0440\u0438\u043c\u0435\u0440\u043d\u043e\u0435 \u0432\u0440\u0435\u043c\u044f \u0434\u043b\u044f \u0447\u0442\u0435\u043d\u0438\u044f":"1 \u043c\u0438\u043d\u0443\u0442\u0430"},"schema":{"@context":"https:\/\/schema.org","@graph":[{"@type":"WebPage","@id":"https:\/\/zoo-land.az\/shop\/dog\/treats\/8-in-1-tasties-twisters-dog-treats-with-chicken-and-cod\/","url":"https:\/\/zoo-land.az\/shop\/dog\/treats\/8-in-1-tasties-twisters-dog-treats-with-chicken-and-cod\/","name":"8 in 1 Tasties Twisters Dog Treats with Chicken and Cod - Zooland.az","isPartOf":{"@id":"https:\/\/zoo-land.az\/#website"},"primaryImageOfPage":{"@id":"https:\/\/zoo-land.az\/shop\/dog\/treats\/8-in-1-tasties-twisters-dog-treats-with-chicken-and-cod\/#primaryimage"},"image":{"@id":"https:\/\/zoo-land.az\/shop\/dog\/treats\/8-in-1-tasties-twisters-dog-treats-with-chicken-and-cod\/#primaryimage"},"thumbnailUrl":"https:\/\/zoo-land.az\/wp-content\/uploads\/2024\/05\/ge-catalog-product-upload-ME000032501-800x800-1.jpg","datePublished":"2024-05-31T13:37:27+00:00","dateModified":"2024-05-31T13:37:28+00:00","breadcrumb":{"@id":"https:\/\/zoo-land.az\/shop\/dog\/treats\/8-in-1-tasties-twisters-dog-treats-with-chicken-and-cod\/#breadcrumb"},"inLanguage":"ru-RU","potentialAction":[{"@type":"ReadAction","target":["https:\/\/zoo-land.az\/shop\/dog\/treats\/8-in-1-tasties-twisters-dog-treats-with-chicken-and-cod\/"]}]},{"@type":"ImageObject","inLanguage":"ru-RU","@id":"https:\/\/zoo-land.az\/shop\/dog\/treats\/8-in-1-tasties-twisters-dog-treats-with-chicken-and-cod\/#primaryimage","url":"https:\/\/zoo-land.az\/wp-content\/uploads\/2024\/05\/ge-catalog-product-upload-ME000032501-800x800-1.jpg","contentUrl":"https:\/\/zoo-land.az\/wp-content\/uploads\/2024\/05\/ge-catalog-product-upload-ME000032501-800x800-1.jpg","width":800,"height":800},{"@type":"BreadcrumbList","@id":"https:\/\/zoo-land.az\/shop\/dog\/treats\/8-in-1-tasties-twisters-dog-treats-with-chicken-and-cod\/#breadcrumb","itemListElement":[{"@type":"ListItem","position":1,"name":"Home","item":"https:\/\/zoo-land.az\/ru\/"},{"@type":"ListItem","position":2,"name":"Shop","item":"https:\/\/zoo-land.az\/ru\/"},{"@type":"ListItem","position":3,"name":"8 in 1 Tasties Twisters Dog Treats with Chicken and Cod"}]},{"@type":"WebSite","@id":"https:\/\/zoo-land.az\/#website","url":"https:\/\/zoo-land.az\/","name":"Zooland.az","description":"Xo\u015fb\u0259xt ev heyvanlar\u0131n\u0131n \u00fcnvan\u0131 Zooland.az","publisher":{"@id":"https:\/\/zoo-land.az\/#organization"},"potentialAction":[{"@type":"SearchAction","target":{"@type":"EntryPoint","urlTemplate":"https:\/\/zoo-land.az\/?s={search_term_string}"},"query-input":{"@type":"PropertyValueSpecification","valueRequired":true,"valueName":"search_term_string"}}],"inLanguage":"ru-RU"},{"@type":"Organization","@id":"https:\/\/zoo-land.az\/#organization","name":"Zooland.az","url":"https:\/\/zoo-land.az\/","logo":{"@type":"ImageObject","inLanguage":"ru-RU","@id":"https:\/\/zoo-land.az\/#\/schema\/logo\/image\/","url":"https:\/\/zoo-land.az\/wp-content\/uploads\/2022\/05\/logo.svg","contentUrl":"https:\/\/zoo-land.az\/wp-content\/uploads\/2022\/05\/logo.svg","width":113,"height":46,"caption":"Zooland.az"},"image":{"@id":"https:\/\/zoo-land.az\/#\/schema\/logo\/image\/"}}]}},"_links":{"self":[{"href":"https:\/\/zoo-land.az\/ru\/wp-json\/wp\/v2\/product\/22235","targetHints":{"allow":["GET"]}}],"collection":[{"href":"https:\/\/zoo-land.az\/ru\/wp-json\/wp\/v2\/product"}],"about":[{"href":"https:\/\/zoo-land.az\/ru\/wp-json\/wp\/v2\/types\/product"}],"wp:featuredmedia":[{"embeddable":true,"href":"https:\/\/zoo-land.az\/ru\/wp-json\/wp\/v2\/media\/22236"}],"wp:attachment":[{"href":"https:\/\/zoo-land.az\/ru\/wp-json\/wp\/v2\/media?parent=22235"}],"wp:term":[{"taxonomy":"product_cat","embeddable":true,"href":"https:\/\/zoo-land.az\/ru\/wp-json\/wp\/v2\/product_cat?post=22235"},{"taxonomy":"product_tag","embeddable":true,"href":"https:\/\/zoo-land.az\/ru\/wp-json\/wp\/v2\/product_tag?post=22235"}],"curies":[{"name":"wp","href":"https:\/\/api.w.org\/{rel}","templated":true}]}}