{"id":22237,"date":"2024-05-31T13:40:48","date_gmt":"2024-05-31T13:40:48","guid":{"rendered":"https:\/\/lightsteelblue-zebra-299715.hostingersite.com\/?post_type=product&#038;p=22237"},"modified":"2024-05-31T13:40:49","modified_gmt":"2024-05-31T13:40:49","slug":"8-in-1-pro-dental-twisted-sticks-chicken","status":"publish","type":"product","link":"https:\/\/zoo-land.az\/ru\/shop\/dog\/treats\/8-in-1-pro-dental-twisted-sticks-chicken\/","title":{"rendered":"8 \u0432 1 Pro Dental \u0432\u0438\u0442\u044b\u0435 \u043f\u0430\u043b\u043e\u0447\u043a\u0438 \u0441 \u043a\u0443\u0440\u0438\u0446\u0435\u0439"},"content":{"rendered":"<p>The 8in1 PRO Dental Twisted Sticks are the ideal combination of long-lasting chewing fun with dental care! Delicious chicken breast is wrapped in tough beef hide, with added anti-plaque formula and teeth-cleansing minerals. These tasty chews help to reduce plaque and tartar build-up by the natural abrasive action of chewing and also promote fresher breath. These products will provide a natural chewing experience, free from any flavour enhancers or colourings. They provide the perfect match of chewing fun and a dog treat, ideal for in-between your dog\u2019s meals and to fight against boredom. The 8in1 Pro Dental Twisted Sticks will keep your dog happily busy and ensure intensive chewing fun to enhance dental care until the last bite.<\/p>","protected":false},"excerpt":{"rendered":"<p>The 8in1 PRO Dental Twisted Sticks are the ideal combination of long-lasting chewing fun with dental care! Delicious chicken breast is wrapped in tough beef hide, with added anti-plaque formula and teeth-cleansing minerals. These tasty chews help to reduce plaque and tartar build-up by the natural abrasive action of chewing and also promote fresher breath. These products will provide a natural chewing experience, free from any flavour enhancers or colourings. They provide the perfect match of chewing fun and a dog treat, ideal for in-between your dog\u2019s meals and to fight against boredom. The 8in1 Pro Dental Twisted Sticks will keep your dog happily busy and ensure intensive chewing fun to enhance dental care until the last bite.<\/p>","protected":false},"featured_media":22238,"template":"","meta":{"inline_featured_image":false,"_joinchat":[]},"product_cat":[107,340],"product_tag":[],"class_list":{"0":"post-22237","1":"product","2":"type-product","3":"status-publish","4":"has-post-thumbnail","6":"product_brand-8-in-1","7":"product_cat-dog","8":"product_cat-treats","10":"first","11":"instock","12":"shipping-taxable","13":"purchasable","14":"product-type-simple"},"yoast_head":"<!-- This site is optimized with the Yoast SEO plugin v27.4 - https:\/\/yoast.com\/product\/yoast-seo-wordpress\/ -->\n<title>8 in 1 Pro Dental Twisted Sticks Chicken - Zooland.az<\/title>\n<meta name=\"robots\" content=\"index, follow, max-snippet:-1, max-image-preview:large, max-video-preview:-1\" \/>\n<link rel=\"canonical\" href=\"https:\/\/zoo-land.az\/ru\/shop\/dog\/treats\/8-in-1-pro-dental-twisted-sticks-chicken\/\" \/>\n<meta property=\"og:locale\" content=\"ru_RU\" \/>\n<meta property=\"og:type\" content=\"article\" \/>\n<meta property=\"og:title\" content=\"8 in 1 Pro Dental Twisted Sticks Chicken - Zooland.az\" \/>\n<meta property=\"og:description\" content=\"The 8in1 PRO Dental Twisted Sticks are the ideal combination of long-lasting chewing fun with dental care! Delicious chicken breast is wrapped in tough beef hide, with added anti-plaque formula and teeth-cleansing minerals. These tasty chews help to reduce plaque and tartar build-up by the natural abrasive action of chewing and also promote fresher breath. These products will provide a natural chewing experience, free from any flavour enhancers or colourings. They provide the perfect match of chewing fun and a dog treat, ideal for in-between your dog\u2019s meals and to fight against boredom. The 8in1 Pro Dental Twisted Sticks will keep your dog happily busy and ensure intensive chewing fun to enhance dental care until the last bite.\" \/>\n<meta property=\"og:url\" content=\"https:\/\/zoo-land.az\/ru\/shop\/dog\/treats\/8-in-1-pro-dental-twisted-sticks-chicken\/\" \/>\n<meta property=\"og:site_name\" content=\"Zooland.az\" \/>\n<meta property=\"article:modified_time\" content=\"2024-05-31T13:40:49+00:00\" \/>\n<meta property=\"og:image\" content=\"https:\/\/zoo-land.az\/wp-content\/uploads\/2024\/05\/csm_TH20137_9652_476901941c.webp\" \/>\n\t<meta property=\"og:image:width\" content=\"730\" \/>\n\t<meta property=\"og:image:height\" content=\"1000\" \/>\n\t<meta property=\"og:image:type\" content=\"image\/webp\" \/>\n<meta name=\"twitter:card\" content=\"summary_large_image\" \/>\n<meta name=\"twitter:label1\" content=\"\u041f\u0440\u0438\u043c\u0435\u0440\u043d\u043e\u0435 \u0432\u0440\u0435\u043c\u044f \u0434\u043b\u044f \u0447\u0442\u0435\u043d\u0438\u044f\" \/>\n\t<meta name=\"twitter:data1\" content=\"1 \u043c\u0438\u043d\u0443\u0442\u0430\" \/>\n<script type=\"application\/ld+json\" class=\"yoast-schema-graph\">{\"@context\":\"https:\\\/\\\/schema.org\",\"@graph\":[{\"@type\":\"WebPage\",\"@id\":\"https:\\\/\\\/zoo-land.az\\\/shop\\\/dog\\\/treats\\\/8-in-1-pro-dental-twisted-sticks-chicken\\\/\",\"url\":\"https:\\\/\\\/zoo-land.az\\\/shop\\\/dog\\\/treats\\\/8-in-1-pro-dental-twisted-sticks-chicken\\\/\",\"name\":\"8 in 1 Pro Dental Twisted Sticks Chicken - Zooland.az\",\"isPartOf\":{\"@id\":\"https:\\\/\\\/zoo-land.az\\\/#website\"},\"primaryImageOfPage\":{\"@id\":\"https:\\\/\\\/zoo-land.az\\\/shop\\\/dog\\\/treats\\\/8-in-1-pro-dental-twisted-sticks-chicken\\\/#primaryimage\"},\"image\":{\"@id\":\"https:\\\/\\\/zoo-land.az\\\/shop\\\/dog\\\/treats\\\/8-in-1-pro-dental-twisted-sticks-chicken\\\/#primaryimage\"},\"thumbnailUrl\":\"https:\\\/\\\/zoo-land.az\\\/wp-content\\\/uploads\\\/2024\\\/05\\\/csm_TH20137_9652_476901941c.webp\",\"datePublished\":\"2024-05-31T13:40:48+00:00\",\"dateModified\":\"2024-05-31T13:40:49+00:00\",\"breadcrumb\":{\"@id\":\"https:\\\/\\\/zoo-land.az\\\/shop\\\/dog\\\/treats\\\/8-in-1-pro-dental-twisted-sticks-chicken\\\/#breadcrumb\"},\"inLanguage\":\"ru-RU\",\"potentialAction\":[{\"@type\":\"ReadAction\",\"target\":[\"https:\\\/\\\/zoo-land.az\\\/shop\\\/dog\\\/treats\\\/8-in-1-pro-dental-twisted-sticks-chicken\\\/\"]}]},{\"@type\":\"ImageObject\",\"inLanguage\":\"ru-RU\",\"@id\":\"https:\\\/\\\/zoo-land.az\\\/shop\\\/dog\\\/treats\\\/8-in-1-pro-dental-twisted-sticks-chicken\\\/#primaryimage\",\"url\":\"https:\\\/\\\/zoo-land.az\\\/wp-content\\\/uploads\\\/2024\\\/05\\\/csm_TH20137_9652_476901941c.webp\",\"contentUrl\":\"https:\\\/\\\/zoo-land.az\\\/wp-content\\\/uploads\\\/2024\\\/05\\\/csm_TH20137_9652_476901941c.webp\",\"width\":730,\"height\":1000},{\"@type\":\"BreadcrumbList\",\"@id\":\"https:\\\/\\\/zoo-land.az\\\/shop\\\/dog\\\/treats\\\/8-in-1-pro-dental-twisted-sticks-chicken\\\/#breadcrumb\",\"itemListElement\":[{\"@type\":\"ListItem\",\"position\":1,\"name\":\"Home\",\"item\":\"https:\\\/\\\/zoo-land.az\\\/ru\\\/\"},{\"@type\":\"ListItem\",\"position\":2,\"name\":\"Shop\",\"item\":\"https:\\\/\\\/zoo-land.az\\\/ru\\\/\"},{\"@type\":\"ListItem\",\"position\":3,\"name\":\"8 in 1 Pro Dental Twisted Sticks Chicken\"}]},{\"@type\":\"WebSite\",\"@id\":\"https:\\\/\\\/zoo-land.az\\\/#website\",\"url\":\"https:\\\/\\\/zoo-land.az\\\/\",\"name\":\"Zooland.az\",\"description\":\"Xo\u015fb\u0259xt ev heyvanlar\u0131n\u0131n \u00fcnvan\u0131 Zooland.az\",\"publisher\":{\"@id\":\"https:\\\/\\\/zoo-land.az\\\/#organization\"},\"potentialAction\":[{\"@type\":\"SearchAction\",\"target\":{\"@type\":\"EntryPoint\",\"urlTemplate\":\"https:\\\/\\\/zoo-land.az\\\/?s={search_term_string}\"},\"query-input\":{\"@type\":\"PropertyValueSpecification\",\"valueRequired\":true,\"valueName\":\"search_term_string\"}}],\"inLanguage\":\"ru-RU\"},{\"@type\":\"Organization\",\"@id\":\"https:\\\/\\\/zoo-land.az\\\/#organization\",\"name\":\"Zooland.az\",\"url\":\"https:\\\/\\\/zoo-land.az\\\/\",\"logo\":{\"@type\":\"ImageObject\",\"inLanguage\":\"ru-RU\",\"@id\":\"https:\\\/\\\/zoo-land.az\\\/#\\\/schema\\\/logo\\\/image\\\/\",\"url\":\"https:\\\/\\\/zoo-land.az\\\/wp-content\\\/uploads\\\/2022\\\/05\\\/logo.svg\",\"contentUrl\":\"https:\\\/\\\/zoo-land.az\\\/wp-content\\\/uploads\\\/2022\\\/05\\\/logo.svg\",\"width\":113,\"height\":46,\"caption\":\"Zooland.az\"},\"image\":{\"@id\":\"https:\\\/\\\/zoo-land.az\\\/#\\\/schema\\\/logo\\\/image\\\/\"}}]}<\/script>\n<!-- \/ Yoast SEO plugin. -->","yoast_head_json":{"title":"8 in 1 Pro Dental Twisted Sticks Chicken - Zooland.az","robots":{"index":"index","follow":"follow","max-snippet":"max-snippet:-1","max-image-preview":"max-image-preview:large","max-video-preview":"max-video-preview:-1"},"canonical":"https:\/\/zoo-land.az\/ru\/shop\/dog\/treats\/8-in-1-pro-dental-twisted-sticks-chicken\/","og_locale":"ru_RU","og_type":"article","og_title":"8 in 1 Pro Dental Twisted Sticks Chicken - Zooland.az","og_description":"The 8in1 PRO Dental Twisted Sticks are the ideal combination of long-lasting chewing fun with dental care! Delicious chicken breast is wrapped in tough beef hide, with added anti-plaque formula and teeth-cleansing minerals. These tasty chews help to reduce plaque and tartar build-up by the natural abrasive action of chewing and also promote fresher breath. These products will provide a natural chewing experience, free from any flavour enhancers or colourings. They provide the perfect match of chewing fun and a dog treat, ideal for in-between your dog\u2019s meals and to fight against boredom. The 8in1 Pro Dental Twisted Sticks will keep your dog happily busy and ensure intensive chewing fun to enhance dental care until the last bite.","og_url":"https:\/\/zoo-land.az\/ru\/shop\/dog\/treats\/8-in-1-pro-dental-twisted-sticks-chicken\/","og_site_name":"Zooland.az","article_modified_time":"2024-05-31T13:40:49+00:00","og_image":[{"width":730,"height":1000,"url":"https:\/\/zoo-land.az\/wp-content\/uploads\/2024\/05\/csm_TH20137_9652_476901941c.webp","type":"image\/webp"}],"twitter_card":"summary_large_image","twitter_misc":{"\u041f\u0440\u0438\u043c\u0435\u0440\u043d\u043e\u0435 \u0432\u0440\u0435\u043c\u044f \u0434\u043b\u044f \u0447\u0442\u0435\u043d\u0438\u044f":"1 \u043c\u0438\u043d\u0443\u0442\u0430"},"schema":{"@context":"https:\/\/schema.org","@graph":[{"@type":"WebPage","@id":"https:\/\/zoo-land.az\/shop\/dog\/treats\/8-in-1-pro-dental-twisted-sticks-chicken\/","url":"https:\/\/zoo-land.az\/shop\/dog\/treats\/8-in-1-pro-dental-twisted-sticks-chicken\/","name":"8 in 1 Pro Dental Twisted Sticks Chicken - Zooland.az","isPartOf":{"@id":"https:\/\/zoo-land.az\/#website"},"primaryImageOfPage":{"@id":"https:\/\/zoo-land.az\/shop\/dog\/treats\/8-in-1-pro-dental-twisted-sticks-chicken\/#primaryimage"},"image":{"@id":"https:\/\/zoo-land.az\/shop\/dog\/treats\/8-in-1-pro-dental-twisted-sticks-chicken\/#primaryimage"},"thumbnailUrl":"https:\/\/zoo-land.az\/wp-content\/uploads\/2024\/05\/csm_TH20137_9652_476901941c.webp","datePublished":"2024-05-31T13:40:48+00:00","dateModified":"2024-05-31T13:40:49+00:00","breadcrumb":{"@id":"https:\/\/zoo-land.az\/shop\/dog\/treats\/8-in-1-pro-dental-twisted-sticks-chicken\/#breadcrumb"},"inLanguage":"ru-RU","potentialAction":[{"@type":"ReadAction","target":["https:\/\/zoo-land.az\/shop\/dog\/treats\/8-in-1-pro-dental-twisted-sticks-chicken\/"]}]},{"@type":"ImageObject","inLanguage":"ru-RU","@id":"https:\/\/zoo-land.az\/shop\/dog\/treats\/8-in-1-pro-dental-twisted-sticks-chicken\/#primaryimage","url":"https:\/\/zoo-land.az\/wp-content\/uploads\/2024\/05\/csm_TH20137_9652_476901941c.webp","contentUrl":"https:\/\/zoo-land.az\/wp-content\/uploads\/2024\/05\/csm_TH20137_9652_476901941c.webp","width":730,"height":1000},{"@type":"BreadcrumbList","@id":"https:\/\/zoo-land.az\/shop\/dog\/treats\/8-in-1-pro-dental-twisted-sticks-chicken\/#breadcrumb","itemListElement":[{"@type":"ListItem","position":1,"name":"Home","item":"https:\/\/zoo-land.az\/ru\/"},{"@type":"ListItem","position":2,"name":"Shop","item":"https:\/\/zoo-land.az\/ru\/"},{"@type":"ListItem","position":3,"name":"8 in 1 Pro Dental Twisted Sticks Chicken"}]},{"@type":"WebSite","@id":"https:\/\/zoo-land.az\/#website","url":"https:\/\/zoo-land.az\/","name":"Zooland.az","description":"Xo\u015fb\u0259xt ev heyvanlar\u0131n\u0131n \u00fcnvan\u0131 Zooland.az","publisher":{"@id":"https:\/\/zoo-land.az\/#organization"},"potentialAction":[{"@type":"SearchAction","target":{"@type":"EntryPoint","urlTemplate":"https:\/\/zoo-land.az\/?s={search_term_string}"},"query-input":{"@type":"PropertyValueSpecification","valueRequired":true,"valueName":"search_term_string"}}],"inLanguage":"ru-RU"},{"@type":"Organization","@id":"https:\/\/zoo-land.az\/#organization","name":"Zooland.az","url":"https:\/\/zoo-land.az\/","logo":{"@type":"ImageObject","inLanguage":"ru-RU","@id":"https:\/\/zoo-land.az\/#\/schema\/logo\/image\/","url":"https:\/\/zoo-land.az\/wp-content\/uploads\/2022\/05\/logo.svg","contentUrl":"https:\/\/zoo-land.az\/wp-content\/uploads\/2022\/05\/logo.svg","width":113,"height":46,"caption":"Zooland.az"},"image":{"@id":"https:\/\/zoo-land.az\/#\/schema\/logo\/image\/"}}]}},"_links":{"self":[{"href":"https:\/\/zoo-land.az\/ru\/wp-json\/wp\/v2\/product\/22237","targetHints":{"allow":["GET"]}}],"collection":[{"href":"https:\/\/zoo-land.az\/ru\/wp-json\/wp\/v2\/product"}],"about":[{"href":"https:\/\/zoo-land.az\/ru\/wp-json\/wp\/v2\/types\/product"}],"wp:featuredmedia":[{"embeddable":true,"href":"https:\/\/zoo-land.az\/ru\/wp-json\/wp\/v2\/media\/22238"}],"wp:attachment":[{"href":"https:\/\/zoo-land.az\/ru\/wp-json\/wp\/v2\/media?parent=22237"}],"wp:term":[{"taxonomy":"product_cat","embeddable":true,"href":"https:\/\/zoo-land.az\/ru\/wp-json\/wp\/v2\/product_cat?post=22237"},{"taxonomy":"product_tag","embeddable":true,"href":"https:\/\/zoo-land.az\/ru\/wp-json\/wp\/v2\/product_tag?post=22237"}],"curies":[{"name":"wp","href":"https:\/\/api.w.org\/{rel}","templated":true}]}}