{"id":22244,"date":"2024-05-31T19:42:12","date_gmt":"2024-05-31T19:42:12","guid":{"rendered":"https:\/\/lightsteelblue-zebra-299715.hostingersite.com\/?post_type=product&#038;p=22244"},"modified":"2024-05-31T19:42:12","modified_gmt":"2024-05-31T19:42:12","slug":"8-in-1-triple-flavours-rolls-dog-treats","status":"publish","type":"product","link":"https:\/\/zoo-land.az\/ru\/shop\/dog\/treats\/8-in-1-triple-flavours-rolls-dog-treats\/","title":{"rendered":"\u041b\u0430\u043a\u043e\u043c\u0441\u0442\u0432\u0430 \u0434\u043b\u044f \u0441\u043e\u0431\u0430\u043a \u00ab8 \u0432 1\u00bb \u0441 \u0442\u0440\u043e\u0439\u043d\u044b\u043c \u0432\u043a\u0443\u0441\u043e\u043c"},"content":{"rendered":"<p>Our incredibly tasty 8in1 Flavours Triple Flavour Rolls combine three delicious flavours of chewy pork hide and\u00a0beef hide, wrapped in deliciously succulent chicken breast for that extra tasty flavour experience. These long-lasting chewy rolls help to control tartar and plaque build-up due to their natural abrasive action while chewing. They are rich in protein, low in fat and contain no added sugar, no flavour enhancers and no artificial preservatives, making them the ideal reward or snack for all size dogs to enjoy. Additionally, they do not contain GMOs and are even oven baked, which not only helps to make them long-lasting, but also to preserve the valuable nurtrients. Keep your dog happily busy with our 8in1 Triple Flavour Rolls.<\/p>\n<ul class=\"product-data-feature padding-m-bottom mb-0\">\n<li class=\"d-flex flex-row align-items-center padding-s-bottom\">\n<p class=\"bold padding-s-left mb-0\">Delicious, chewy rolls: pork hide and beef hide wrapped with delicious chicken breast to keep your dog busy<\/p>\n<\/li>\n<li class=\"d-flex flex-row align-items-center padding-s-bottom\">\n<p class=\"bold padding-s-left mb-0\">\u0411\u043e\u0433\u0430\u0442 \u0431\u0435\u043b\u043a\u0430\u043c\u0438<\/p>\n<\/li>\n<li class=\"d-flex flex-row align-items-center padding-s-bottom\">\n<p class=\"bold padding-s-left mb-0\">\u0421 \u043d\u0438\u0437\u043a\u0438\u043c \u0441\u043e\u0434\u0435\u0440\u0436\u0430\u043d\u0438\u0435\u043c \u0436\u0438\u0440\u0430<\/p>\n<\/li>\n<li class=\"d-flex flex-row align-items-center padding-s-bottom\">\n<p class=\"bold padding-s-left mb-0\">\u0417\u0430\u043f\u0435\u0447\u0435\u043d\u043d\u044b\u0435 \u0432 \u0434\u0443\u0445\u043e\u0432\u043a\u0435<\/p>\n<\/li>\n<li class=\"d-flex flex-row align-items-center padding-s-bottom\">\n<p class=\"bold padding-s-left mb-0\">Long lasting chewing fun helps tartar and plaque control<\/p>\n<\/li>\n<li class=\"d-flex flex-row align-items-center padding-s-bottom\">\n<p class=\"bold padding-s-left mb-0\">Ideal for all size dogs<\/p>\n<\/li>\n<li class=\"d-flex flex-row align-items-center padding-s-bottom\">\n<p class=\"bold padding-s-left mb-0\">No added sugar, flavour enhancers, GMOs and artificial preservatives<\/p>\n<\/li>\n<li class=\"d-flex flex-row align-items-center padding-s-bottom\">\n<p class=\"bold padding-s-left mb-0\">No added gluten, no added grains<\/p>\n<\/li>\n<\/ul>","protected":false},"excerpt":{"rendered":"<p>Our incredibly tasty 8in1 Flavours Triple Flavour Rolls combine three delicious flavours of chewy pork hide and\u00a0beef hide, wrapped in deliciously succulent chicken breast for that extra tasty flavour experience. These long-lasting chewy rolls help to control tartar and plaque build-up due to their natural abrasive action while chewing. They are rich in protein, low in fat and contain no added sugar, no flavour enhancers and no artificial preservatives, making them the ideal reward or snack for all size dogs to enjoy. Additionally, they do not contain GMOs and are even oven baked, which not only helps to make them long-lasting, but also to preserve the valuable nurtrients. Keep your dog happily busy with our 8in1 Triple Flavour Rolls.<\/p>","protected":false},"featured_media":22245,"template":"","meta":{"inline_featured_image":false,"_joinchat":[]},"product_cat":[107,340],"product_tag":[],"class_list":{"0":"post-22244","1":"product","2":"type-product","3":"status-publish","4":"has-post-thumbnail","6":"product_brand-8-in-1","7":"product_cat-dog","8":"product_cat-treats","10":"first","11":"instock","12":"shipping-taxable","13":"purchasable","14":"product-type-simple"},"yoast_head":"<!-- This site is optimized with the Yoast SEO plugin v26.7 - https:\/\/yoast.com\/wordpress\/plugins\/seo\/ -->\n<title>8 in 1 Triple Flavours Rolls Dog Treats - Zooland.az<\/title>\n<meta name=\"robots\" content=\"index, follow, max-snippet:-1, max-image-preview:large, max-video-preview:-1\" \/>\n<link rel=\"canonical\" href=\"https:\/\/zoo-land.az\/ru\/shop\/dog\/treats\/8-in-1-triple-flavours-rolls-dog-treats\/\" \/>\n<meta property=\"og:locale\" content=\"ru_RU\" \/>\n<meta property=\"og:type\" content=\"article\" \/>\n<meta property=\"og:title\" content=\"8 in 1 Triple Flavours Rolls Dog Treats - Zooland.az\" \/>\n<meta property=\"og:description\" content=\"Our incredibly tasty 8in1 Flavours Triple Flavour Rolls combine three delicious flavours of chewy pork hide and\u00a0beef hide, wrapped in deliciously succulent chicken breast for that extra tasty flavour experience. These long-lasting chewy rolls help to control tartar and plaque build-up due to their natural abrasive action while chewing. They are rich in protein, low in fat and contain no added sugar, no flavour enhancers and no artificial preservatives, making them the ideal reward or snack for all size dogs to enjoy. Additionally, they do not contain GMOs and are even oven baked, which not only helps to make them long-lasting, but also to preserve the valuable nurtrients. Keep your dog happily busy with our 8in1 Triple Flavour Rolls.\" \/>\n<meta property=\"og:url\" content=\"https:\/\/zoo-land.az\/ru\/shop\/dog\/treats\/8-in-1-triple-flavours-rolls-dog-treats\/\" \/>\n<meta property=\"og:site_name\" content=\"Zooland.az\" \/>\n<meta property=\"og:image\" content=\"https:\/\/zoo-land.az\/wp-content\/uploads\/2024\/05\/csm_TH20138_9652_cb8fe9083f.webp\" \/>\n\t<meta property=\"og:image:width\" content=\"750\" \/>\n\t<meta property=\"og:image:height\" content=\"1000\" \/>\n\t<meta property=\"og:image:type\" content=\"image\/webp\" \/>\n<meta name=\"twitter:card\" content=\"summary_large_image\" \/>\n<meta name=\"twitter:label1\" content=\"\u041f\u0440\u0438\u043c\u0435\u0440\u043d\u043e\u0435 \u0432\u0440\u0435\u043c\u044f \u0434\u043b\u044f \u0447\u0442\u0435\u043d\u0438\u044f\" \/>\n\t<meta name=\"twitter:data1\" content=\"1 \u043c\u0438\u043d\u0443\u0442\u0430\" \/>\n<script type=\"application\/ld+json\" class=\"yoast-schema-graph\">{\"@context\":\"https:\/\/schema.org\",\"@graph\":[{\"@type\":\"WebPage\",\"@id\":\"https:\/\/zoo-land.az\/az\/shop\/dog\/treats\/8-in-1-triple-flavours-rolls-dog-treats\/\",\"url\":\"https:\/\/zoo-land.az\/az\/shop\/dog\/treats\/8-in-1-triple-flavours-rolls-dog-treats\/\",\"name\":\"8 in 1 Triple Flavours Rolls Dog Treats - Zooland.az\",\"isPartOf\":{\"@id\":\"https:\/\/zoo-land.az\/#website\"},\"primaryImageOfPage\":{\"@id\":\"https:\/\/zoo-land.az\/az\/shop\/dog\/treats\/8-in-1-triple-flavours-rolls-dog-treats\/#primaryimage\"},\"image\":{\"@id\":\"https:\/\/zoo-land.az\/az\/shop\/dog\/treats\/8-in-1-triple-flavours-rolls-dog-treats\/#primaryimage\"},\"thumbnailUrl\":\"https:\/\/zoo-land.az\/wp-content\/uploads\/2024\/05\/csm_TH20138_9652_cb8fe9083f.webp\",\"datePublished\":\"2024-05-31T19:42:12+00:00\",\"breadcrumb\":{\"@id\":\"https:\/\/zoo-land.az\/az\/shop\/dog\/treats\/8-in-1-triple-flavours-rolls-dog-treats\/#breadcrumb\"},\"inLanguage\":\"ru-RU\",\"potentialAction\":[{\"@type\":\"ReadAction\",\"target\":[\"https:\/\/zoo-land.az\/az\/shop\/dog\/treats\/8-in-1-triple-flavours-rolls-dog-treats\/\"]}]},{\"@type\":\"ImageObject\",\"inLanguage\":\"ru-RU\",\"@id\":\"https:\/\/zoo-land.az\/az\/shop\/dog\/treats\/8-in-1-triple-flavours-rolls-dog-treats\/#primaryimage\",\"url\":\"https:\/\/zoo-land.az\/wp-content\/uploads\/2024\/05\/csm_TH20138_9652_cb8fe9083f.webp\",\"contentUrl\":\"https:\/\/zoo-land.az\/wp-content\/uploads\/2024\/05\/csm_TH20138_9652_cb8fe9083f.webp\",\"width\":750,\"height\":1000},{\"@type\":\"BreadcrumbList\",\"@id\":\"https:\/\/zoo-land.az\/az\/shop\/dog\/treats\/8-in-1-triple-flavours-rolls-dog-treats\/#breadcrumb\",\"itemListElement\":[{\"@type\":\"ListItem\",\"position\":1,\"name\":\"Home\",\"item\":\"https:\/\/zoo-land.az\/ru\/\"},{\"@type\":\"ListItem\",\"position\":2,\"name\":\"Shop\",\"item\":\"https:\/\/zoo-land.az\/ru\/\"},{\"@type\":\"ListItem\",\"position\":3,\"name\":\"8 in 1 Triple Flavours Rolls Dog Treats\"}]},{\"@type\":\"WebSite\",\"@id\":\"https:\/\/zoo-land.az\/#website\",\"url\":\"https:\/\/zoo-land.az\/\",\"name\":\"Zooland.az\",\"description\":\"Xo\u015fb\u0259xt ev heyvanlar\u0131n\u0131n \u00fcnvan\u0131 Zooland.az\",\"publisher\":{\"@id\":\"https:\/\/zoo-land.az\/#organization\"},\"potentialAction\":[{\"@type\":\"SearchAction\",\"target\":{\"@type\":\"EntryPoint\",\"urlTemplate\":\"https:\/\/zoo-land.az\/?s={search_term_string}\"},\"query-input\":{\"@type\":\"PropertyValueSpecification\",\"valueRequired\":true,\"valueName\":\"search_term_string\"}}],\"inLanguage\":\"ru-RU\"},{\"@type\":\"Organization\",\"@id\":\"https:\/\/zoo-land.az\/#organization\",\"name\":\"Zooland.az\",\"url\":\"https:\/\/zoo-land.az\/\",\"logo\":{\"@type\":\"ImageObject\",\"inLanguage\":\"ru-RU\",\"@id\":\"https:\/\/zoo-land.az\/#\/schema\/logo\/image\/\",\"url\":\"https:\/\/zoo-land.az\/wp-content\/uploads\/2022\/05\/logo.svg\",\"contentUrl\":\"https:\/\/zoo-land.az\/wp-content\/uploads\/2022\/05\/logo.svg\",\"width\":113,\"height\":46,\"caption\":\"Zooland.az\"},\"image\":{\"@id\":\"https:\/\/zoo-land.az\/#\/schema\/logo\/image\/\"}}]}<\/script>\n<!-- \/ Yoast SEO plugin. -->","yoast_head_json":{"title":"8 in 1 Triple Flavours Rolls Dog Treats - Zooland.az","robots":{"index":"index","follow":"follow","max-snippet":"max-snippet:-1","max-image-preview":"max-image-preview:large","max-video-preview":"max-video-preview:-1"},"canonical":"https:\/\/zoo-land.az\/ru\/shop\/dog\/treats\/8-in-1-triple-flavours-rolls-dog-treats\/","og_locale":"ru_RU","og_type":"article","og_title":"8 in 1 Triple Flavours Rolls Dog Treats - Zooland.az","og_description":"Our incredibly tasty 8in1 Flavours Triple Flavour Rolls combine three delicious flavours of chewy pork hide and\u00a0beef hide, wrapped in deliciously succulent chicken breast for that extra tasty flavour experience. These long-lasting chewy rolls help to control tartar and plaque build-up due to their natural abrasive action while chewing. They are rich in protein, low in fat and contain no added sugar, no flavour enhancers and no artificial preservatives, making them the ideal reward or snack for all size dogs to enjoy. Additionally, they do not contain GMOs and are even oven baked, which not only helps to make them long-lasting, but also to preserve the valuable nurtrients. Keep your dog happily busy with our 8in1 Triple Flavour Rolls.","og_url":"https:\/\/zoo-land.az\/ru\/shop\/dog\/treats\/8-in-1-triple-flavours-rolls-dog-treats\/","og_site_name":"Zooland.az","og_image":[{"width":750,"height":1000,"url":"https:\/\/zoo-land.az\/wp-content\/uploads\/2024\/05\/csm_TH20138_9652_cb8fe9083f.webp","type":"image\/webp"}],"twitter_card":"summary_large_image","twitter_misc":{"\u041f\u0440\u0438\u043c\u0435\u0440\u043d\u043e\u0435 \u0432\u0440\u0435\u043c\u044f \u0434\u043b\u044f \u0447\u0442\u0435\u043d\u0438\u044f":"1 \u043c\u0438\u043d\u0443\u0442\u0430"},"schema":{"@context":"https:\/\/schema.org","@graph":[{"@type":"WebPage","@id":"https:\/\/zoo-land.az\/az\/shop\/dog\/treats\/8-in-1-triple-flavours-rolls-dog-treats\/","url":"https:\/\/zoo-land.az\/az\/shop\/dog\/treats\/8-in-1-triple-flavours-rolls-dog-treats\/","name":"8 in 1 Triple Flavours Rolls Dog Treats - Zooland.az","isPartOf":{"@id":"https:\/\/zoo-land.az\/#website"},"primaryImageOfPage":{"@id":"https:\/\/zoo-land.az\/az\/shop\/dog\/treats\/8-in-1-triple-flavours-rolls-dog-treats\/#primaryimage"},"image":{"@id":"https:\/\/zoo-land.az\/az\/shop\/dog\/treats\/8-in-1-triple-flavours-rolls-dog-treats\/#primaryimage"},"thumbnailUrl":"https:\/\/zoo-land.az\/wp-content\/uploads\/2024\/05\/csm_TH20138_9652_cb8fe9083f.webp","datePublished":"2024-05-31T19:42:12+00:00","breadcrumb":{"@id":"https:\/\/zoo-land.az\/az\/shop\/dog\/treats\/8-in-1-triple-flavours-rolls-dog-treats\/#breadcrumb"},"inLanguage":"ru-RU","potentialAction":[{"@type":"ReadAction","target":["https:\/\/zoo-land.az\/az\/shop\/dog\/treats\/8-in-1-triple-flavours-rolls-dog-treats\/"]}]},{"@type":"ImageObject","inLanguage":"ru-RU","@id":"https:\/\/zoo-land.az\/az\/shop\/dog\/treats\/8-in-1-triple-flavours-rolls-dog-treats\/#primaryimage","url":"https:\/\/zoo-land.az\/wp-content\/uploads\/2024\/05\/csm_TH20138_9652_cb8fe9083f.webp","contentUrl":"https:\/\/zoo-land.az\/wp-content\/uploads\/2024\/05\/csm_TH20138_9652_cb8fe9083f.webp","width":750,"height":1000},{"@type":"BreadcrumbList","@id":"https:\/\/zoo-land.az\/az\/shop\/dog\/treats\/8-in-1-triple-flavours-rolls-dog-treats\/#breadcrumb","itemListElement":[{"@type":"ListItem","position":1,"name":"Home","item":"https:\/\/zoo-land.az\/ru\/"},{"@type":"ListItem","position":2,"name":"Shop","item":"https:\/\/zoo-land.az\/ru\/"},{"@type":"ListItem","position":3,"name":"8 in 1 Triple Flavours Rolls Dog Treats"}]},{"@type":"WebSite","@id":"https:\/\/zoo-land.az\/#website","url":"https:\/\/zoo-land.az\/","name":"Zooland.az","description":"Xo\u015fb\u0259xt ev heyvanlar\u0131n\u0131n \u00fcnvan\u0131 Zooland.az","publisher":{"@id":"https:\/\/zoo-land.az\/#organization"},"potentialAction":[{"@type":"SearchAction","target":{"@type":"EntryPoint","urlTemplate":"https:\/\/zoo-land.az\/?s={search_term_string}"},"query-input":{"@type":"PropertyValueSpecification","valueRequired":true,"valueName":"search_term_string"}}],"inLanguage":"ru-RU"},{"@type":"Organization","@id":"https:\/\/zoo-land.az\/#organization","name":"Zooland.az","url":"https:\/\/zoo-land.az\/","logo":{"@type":"ImageObject","inLanguage":"ru-RU","@id":"https:\/\/zoo-land.az\/#\/schema\/logo\/image\/","url":"https:\/\/zoo-land.az\/wp-content\/uploads\/2022\/05\/logo.svg","contentUrl":"https:\/\/zoo-land.az\/wp-content\/uploads\/2022\/05\/logo.svg","width":113,"height":46,"caption":"Zooland.az"},"image":{"@id":"https:\/\/zoo-land.az\/#\/schema\/logo\/image\/"}}]}},"_links":{"self":[{"href":"https:\/\/zoo-land.az\/ru\/wp-json\/wp\/v2\/product\/22244","targetHints":{"allow":["GET"]}}],"collection":[{"href":"https:\/\/zoo-land.az\/ru\/wp-json\/wp\/v2\/product"}],"about":[{"href":"https:\/\/zoo-land.az\/ru\/wp-json\/wp\/v2\/types\/product"}],"wp:featuredmedia":[{"embeddable":true,"href":"https:\/\/zoo-land.az\/ru\/wp-json\/wp\/v2\/media\/22245"}],"wp:attachment":[{"href":"https:\/\/zoo-land.az\/ru\/wp-json\/wp\/v2\/media?parent=22244"}],"wp:term":[{"taxonomy":"product_cat","embeddable":true,"href":"https:\/\/zoo-land.az\/ru\/wp-json\/wp\/v2\/product_cat?post=22244"},{"taxonomy":"product_tag","embeddable":true,"href":"https:\/\/zoo-land.az\/ru\/wp-json\/wp\/v2\/product_tag?post=22244"}],"curies":[{"name":"wp","href":"https:\/\/api.w.org\/{rel}","templated":true}]}}