{"id":22283,"date":"2024-05-31T20:43:50","date_gmt":"2024-05-31T20:43:50","guid":{"rendered":"https:\/\/lightsteelblue-zebra-299715.hostingersite.com\/?post_type=product&#038;p=22283"},"modified":"2024-06-01T07:43:14","modified_gmt":"2024-06-01T07:43:14","slug":"pro-plan-adult-cat-turkey-85-g","status":"publish","type":"product","link":"https:\/\/zoo-land.az\/ru\/shop\/cat\/cat-wetfoods\/pro-plan-adult-cat-turkey-85-g\/","title":{"rendered":"Pro Plan Adult Cat \u0422\u0443\u0440\u0446\u0438\u044f 85 \u0433"},"content":{"rendered":"<p>\u041f\u043e\u043b\u043d\u043e\u0446\u0435\u043d\u043d\u044b\u0439 \u0432\u043b\u0430\u0436\u043d\u044b\u0439 \u043a\u043e\u0440\u043c \u0441\u0443\u043f\u0435\u0440\u043f\u0440\u0435\u043c\u0438\u0443\u043c \u043a\u043b\u0430\u0441\u0441\u0430 Purina Pro Plan \u0434\u043b\u044f \u043a\u043e\u0448\u0435\u043a \u0441\u043e\u0434\u0435\u0440\u0436\u0438\u0442 \u0432\u043a\u0443\u0441\u043d\u044b\u0435 \u043a\u0443\u0441\u043e\u0447\u043a\u0438 \u0432 \u0430\u0440\u043e\u043c\u0430\u0442\u043d\u043e\u043c \u0436\u0435\u043b\u0435. \u0414\u043e\u0431\u0430\u0432\u043b\u0435\u043d\u0438\u0435 \u0438\u043d\u0434\u0435\u0439\u043a\u0438 \u043f\u0440\u0438\u0434\u0430\u0435\u0442 \u0431\u043b\u044e\u0434\u0443 \u0442\u043e\u043d\u043a\u0438\u0439 \u0432\u043a\u0443\u0441, \u043a\u043e\u0442\u043e\u0440\u044b\u0439 \u0432\u044b\u0441\u043e\u043a\u043e \u0446\u0435\u043d\u0438\u0442\u0441\u044f \u0432 \u043a\u043e\u0448\u0430\u0447\u044c\u0435\u043c \u043c\u0438\u0440\u0435. \u041f\u043e\u043c\u0438\u043c\u043e \u0438\u043d\u0434\u0435\u0439\u043a\u0438, \u043e\u043d \u0441\u043e\u0434\u0435\u0440\u0436\u0438\u0442 \u0434\u0440\u0443\u0433\u0438\u0435 \u043c\u044f\u0441\u043d\u044b\u0435 \u0438 \u0440\u044b\u0431\u043d\u044b\u0435 \u0438\u043d\u0433\u0440\u0435\u0434\u0438\u0435\u043d\u0442\u044b, \u043e\u0442\u0432\u0435\u0447\u0430\u044e\u0449\u0438\u0435 \u0432\u043a\u0443\u0441\u043e\u0432\u044b\u043c \u043f\u0440\u0435\u0434\u043f\u043e\u0447\u0442\u0435\u043d\u0438\u044f\u043c \u043a\u043e\u0448\u0435\u043a. \u042d\u0442\u0430 \u0434\u0438\u0435\u0442\u0430 \u043f\u0440\u0435\u0434\u043d\u0430\u0437\u043d\u0430\u0447\u0435\u043d\u0430 \u0434\u043b\u044f \u0432\u0437\u0440\u043e\u0441\u043b\u044b\u0445 \u043a\u043e\u0448\u0435\u043a \u0431\u0435\u0437 \u043e\u0441\u043e\u0431\u044b\u0445 \u043f\u043e\u0442\u0440\u0435\u0431\u043d\u043e\u0441\u0442\u0435\u0439 (\u0442\u0430\u043a\u0438\u0445 \u043a\u0430\u043a \u0441\u0442\u0435\u0440\u0438\u043b\u0438\u0437\u0430\u0446\u0438\u044f\/\u0441\u0442\u0435\u0440\u0438\u043b\u0438\u0437\u0430\u0446\u0438\u044f, \u0447\u0443\u0432\u0441\u0442\u0432\u0438\u0442\u0435\u043b\u044c\u043d\u0430\u044f \u043a\u043e\u0436\u0430 \u0438\u043b\u0438 \u043f\u0438\u0449\u0435\u0432\u0430\u0440\u0435\u043d\u0438\u0435, \u043e\u0436\u0438\u0440\u0435\u043d\u0438\u0435, \u0430\u043b\u043b\u0435\u0440\u0433\u0438\u044f, \u043a\u043e\u043d\u0442\u0440\u043e\u043b\u044c \u0437\u0430 \u043a\u043e\u043c\u043a\u0430\u043c\u0438 \u0448\u0435\u0440\u0441\u0442\u0438, \u0431\u0435\u0440\u0435\u043c\u0435\u043d\u043d\u043e\u0441\u0442\u044c, \u043b\u0430\u043a\u0442\u0430\u0446\u0438\u044f).<\/p>\n<p><strong>\u041a\u043b\u044e\u0447\u0435\u0432\u044b\u0435 \u043f\u0440\u0435\u0438\u043c\u0443\u0449\u0435\u0441\u0442\u0432\u0430:<\/strong><\/p>\n<ul>\n<li><strong>\u041e\u043f\u0442\u0438\u043c\u0430\u043b\u044c\u043d\u043e\u0435 \u0441\u043e\u0434\u0435\u0440\u0436\u0430\u043d\u0438\u0435 \u0431\u0435\u043b\u043a\u0430 \u0438 \u0436\u0438\u0440\u0430:<\/strong> \u041e\u043f\u0442\u0438\u043c\u0430\u043b\u044c\u043d\u043e\u0435 \u043a\u043e\u043b\u0438\u0447\u0435\u0441\u0442\u0432\u043e \u043b\u0435\u0433\u043a\u043e\u0443\u0441\u0432\u043e\u044f\u0435\u043c\u043e\u0433\u043e \u0431\u0435\u043b\u043a\u0430 \u0438 \u0443\u043c\u0435\u0440\u0435\u043d\u043d\u043e\u0435 \u0441\u043e\u0434\u0435\u0440\u0436\u0430\u043d\u0438\u0435 \u0436\u0438\u0440\u0430 \u043f\u043e\u0434\u0445\u043e\u0434\u0438\u0442 \u0431\u043e\u043b\u044c\u0448\u0438\u043d\u0441\u0442\u0432\u0443 \u043a\u043e\u0448\u0435\u043a \u0438 \u043f\u043e\u043c\u043e\u0433\u0430\u0435\u0442 \u043f\u043e\u0434\u0434\u0435\u0440\u0436\u0438\u0432\u0430\u0442\u044c \u043d\u043e\u0440\u043c\u0430\u043b\u044c\u043d\u043e\u0435 \u0441\u043e\u0441\u0442\u043e\u044f\u043d\u0438\u0435 \u043e\u0440\u0433\u0430\u043d\u0438\u0437\u043c\u0430.<\/li>\n<li><strong>\u041f\u043e\u0434\u0434\u0435\u0440\u0436\u043a\u0430 \u0437\u0434\u043e\u0440\u043e\u0432\u044c\u044f \u043c\u043e\u0447\u0435\u0432\u044b\u0434\u0435\u043b\u0438\u0442\u0435\u043b\u044c\u043d\u043e\u0439 \u0441\u0438\u0441\u0442\u0435\u043c\u044b:<\/strong> \u042d\u0442\u043e\u0442 \u043a\u043e\u0440\u043c \u0434\u043b\u044f \u043a\u043e\u0448\u0435\u043a \u0441\u0443\u043f\u0435\u0440\u043f\u0440\u0435\u043c\u0438\u0443\u043c-\u043a\u043b\u0430\u0441\u0441\u0430 \u043f\u043e\u043c\u043e\u0433\u0430\u0435\u0442 \u0441\u043e\u0445\u0440\u0430\u043d\u0438\u0442\u044c \u0437\u0434\u043e\u0440\u043e\u0432\u044c\u0435 \u043c\u043e\u0447\u0435\u0432\u044b\u0434\u0435\u043b\u0438\u0442\u0435\u043b\u044c\u043d\u043e\u0439 \u0441\u0438\u0441\u0442\u0435\u043c\u044b.<\/li>\n<li><strong>\u041a\u043e\u043c\u043f\u043b\u0435\u043a\u0441\u043d\u044b\u0439 \u043f\u0440\u043e\u0444\u0438\u043b\u044c \u043f\u0438\u0442\u0430\u0442\u0435\u043b\u044c\u043d\u044b\u0445 \u0432\u0435\u0449\u0435\u0441\u0442\u0432:<\/strong> \u041f\u043e\u043b\u043d\u044b\u0439 \u0441\u043f\u0435\u043a\u0442\u0440 \u043f\u0438\u0442\u0430\u0442\u0435\u043b\u044c\u043d\u044b\u0445 \u0432\u0435\u0449\u0435\u0441\u0442\u0432 (\u0430\u043c\u0438\u043d\u043e\u043a\u0438\u0441\u043b\u043e\u0442\u044b, \u0432\u0438\u0442\u0430\u043c\u0438\u043d\u044b, \u043c\u0438\u043d\u0435\u0440\u0430\u043b\u044b, \u043f\u043e\u043b\u0438\u043d\u0435\u043d\u0430\u0441\u044b\u0449\u0435\u043d\u043d\u044b\u0435 \u0436\u0438\u0440\u043d\u044b\u0435 \u043a\u0438\u0441\u043b\u043e\u0442\u044b, \u0430\u043d\u0442\u0438\u043e\u043a\u0441\u0438\u0434\u0430\u043d\u0442\u044b) \u0441\u043f\u043e\u0441\u043e\u0431\u0441\u0442\u0432\u0443\u044e\u0442 \u043a\u0440\u0435\u043f\u043a\u043e\u043c\u0443 \u0437\u0434\u043e\u0440\u043e\u0432\u044c\u044e \u0438 \u0434\u043e\u043b\u0433\u043e\u043b\u0435\u0442\u0438\u044e.<\/li>\n<li><strong>\u0423\u043d\u0438\u0432\u0435\u0440\u0441\u0430\u043b\u044c\u043d\u0430\u044f \u0441\u043e\u0432\u043c\u0435\u0441\u0442\u0438\u043c\u043e\u0441\u0442\u044c:<\/strong> \u042d\u0442\u043e\u0442 \u043f\u0440\u043e\u0434\u0443\u043a\u0442 \u0445\u043e\u0440\u043e\u0448\u043e \u0441\u043e\u0447\u0435\u0442\u0430\u0435\u0442\u0441\u044f \u0441 \u0434\u0440\u0443\u0433\u0438\u043c\u0438 \u0441\u0443\u0445\u0438\u043c\u0438 \u0438\u043b\u0438 \u0432\u043b\u0430\u0436\u043d\u044b\u043c\u0438 \u043a\u043e\u0440\u043c\u0430\u043c\u0438 Pro Plan.<\/li>\n<\/ul>\n<p><strong>\u0418\u043d\u0433\u0440\u0435\u0434\u0438\u0435\u043d\u0442\u044b:<\/strong> \u041c\u044f\u0441\u043e \u0438 \u043c\u044f\u0441\u043d\u044b\u0435 \u0441\u0443\u0431\u043f\u0440\u043e\u0434\u0443\u043a\u0442\u044b (\u0432 \u0442\u043e\u043c \u0447\u0438\u0441\u043b\u0435 \u0438\u043d\u0434\u0435\u0439\u043a\u0430 41\u0422\u041f3\u0422), \u044d\u043a\u0441\u0442\u0440\u0430\u043a\u0442\u044b \u0440\u0430\u0441\u0442\u0438\u0442\u0435\u043b\u044c\u043d\u044b\u0445 \u0431\u0435\u043b\u043a\u043e\u0432, \u0440\u044b\u0431\u0430 \u0438 \u0440\u044b\u0431\u043d\u044b\u0435 \u0441\u0443\u0431\u043f\u0440\u043e\u0434\u0443\u043a\u0442\u044b, \u0440\u0430\u0441\u0442\u0438\u0442\u0435\u043b\u044c\u043d\u044b\u0435 \u0438 \u0436\u0438\u0432\u043e\u0442\u043d\u044b\u0435 \u0436\u0438\u0440\u044b, \u0441\u0443\u0431\u043f\u0440\u043e\u0434\u0443\u043a\u0442\u044b \u0440\u0430\u0441\u0442\u0438\u0442\u0435\u043b\u044c\u043d\u043e\u0433\u043e \u043f\u0440\u043e\u0438\u0441\u0445\u043e\u0436\u0434\u0435\u043d\u0438\u044f, \u043c\u0438\u043d\u0435\u0440\u0430\u043b\u044c\u043d\u044b\u0435 \u0432\u0435\u0449\u0435\u0441\u0442\u0432\u0430, \u0441\u0430\u0445\u0430\u0440\u0430, \u0432\u0438\u0442\u0430\u043c\u0438\u043d\u044b, \u0430\u043d\u0442\u0438\u043e\u043a\u0441\u0438\u0434\u0430\u043d\u0442\u044b, \u043a\u0440\u0430\u0441\u0438\u0442\u0435\u043b\u0438.<\/p>","protected":false},"excerpt":{"rendered":"<p>\u041f\u043e\u043b\u043d\u043e\u0446\u0435\u043d\u043d\u044b\u0439 \u0432\u043b\u0430\u0436\u043d\u044b\u0439 \u043a\u043e\u0440\u043c \u0441\u0443\u043f\u0435\u0440\u043f\u0440\u0435\u043c\u0438\u0443\u043c \u043a\u043b\u0430\u0441\u0441\u0430 Purina Pro Plan \u0434\u043b\u044f \u043a\u043e\u0448\u0435\u043a \u0441\u043e\u0434\u0435\u0440\u0436\u0438\u0442 \u0432\u043a\u0443\u0441\u043d\u044b\u0435 \u043a\u0443\u0441\u043e\u0447\u043a\u0438 \u0432 \u0430\u0440\u043e\u043c\u0430\u0442\u043d\u043e\u043c \u0436\u0435\u043b\u0435. \u0414\u043e\u0431\u0430\u0432\u043b\u0435\u043d\u0438\u0435 \u0438\u043d\u0434\u0435\u0439\u043a\u0438 \u043f\u0440\u0438\u0434\u0430\u0435\u0442 \u0431\u043b\u044e\u0434\u0443 \u0442\u043e\u043d\u043a\u0438\u0439 \u0432\u043a\u0443\u0441, \u043a\u043e\u0442\u043e\u0440\u044b\u0439 \u0432\u044b\u0441\u043e\u043a\u043e \u0446\u0435\u043d\u0438\u0442\u0441\u044f \u0432 \u043a\u043e\u0448\u0430\u0447\u044c\u0435\u043c \u043c\u0438\u0440\u0435. \u041f\u043e\u043c\u0438\u043c\u043e \u0438\u043d\u0434\u0435\u0439\u043a\u0438, \u043e\u043d \u0441\u043e\u0434\u0435\u0440\u0436\u0438\u0442 \u0434\u0440\u0443\u0433\u0438\u0435 \u043c\u044f\u0441\u043d\u044b\u0435 \u0438 \u0440\u044b\u0431\u043d\u044b\u0435 \u0438\u043d\u0433\u0440\u0435\u0434\u0438\u0435\u043d\u0442\u044b, \u043e\u0442\u0432\u0435\u0447\u0430\u044e\u0449\u0438\u0435 \u0432\u043a\u0443\u0441\u043e\u0432\u044b\u043c \u043f\u0440\u0435\u0434\u043f\u043e\u0447\u0442\u0435\u043d\u0438\u044f\u043c \u043a\u043e\u0448\u0435\u043a. \u042d\u0442\u0430 \u0434\u0438\u0435\u0442\u0430 \u043f\u0440\u0435\u0434\u043d\u0430\u0437\u043d\u0430\u0447\u0435\u043d\u0430 \u0434\u043b\u044f \u0432\u0437\u0440\u043e\u0441\u043b\u044b\u0445 \u043a\u043e\u0448\u0435\u043a \u0431\u0435\u0437 \u043e\u0441\u043e\u0431\u044b\u0445 \u043f\u043e\u0442\u0440\u0435\u0431\u043d\u043e\u0441\u0442\u0435\u0439 (\u0442\u0430\u043a\u0438\u0445 \u043a\u0430\u043a \u0441\u0442\u0435\u0440\u0438\u043b\u0438\u0437\u0430\u0446\u0438\u044f\/\u0441\u0442\u0435\u0440\u0438\u043b\u0438\u0437\u0430\u0446\u0438\u044f, \u0447\u0443\u0432\u0441\u0442\u0432\u0438\u0442\u0435\u043b\u044c\u043d\u0430\u044f \u043a\u043e\u0436\u0430 \u0438\u043b\u0438 \u043f\u0438\u0449\u0435\u0432\u0430\u0440\u0435\u043d\u0438\u0435, \u043e\u0436\u0438\u0440\u0435\u043d\u0438\u0435, \u0430\u043b\u043b\u0435\u0440\u0433\u0438\u044f, \u043a\u043e\u043d\u0442\u0440\u043e\u043b\u044c \u0437\u0430 \u043a\u043e\u043c\u043a\u0430\u043c\u0438 \u0448\u0435\u0440\u0441\u0442\u0438, \u0431\u0435\u0440\u0435\u043c\u0435\u043d\u043d\u043e\u0441\u0442\u044c, \u043b\u0430\u043a\u0442\u0430\u0446\u0438\u044f).<\/p>","protected":false},"featured_media":22285,"template":"","meta":{"inline_featured_image":false,"_joinchat":[]},"product_cat":[188,190],"product_tag":[],"class_list":{"0":"post-22283","1":"product","2":"type-product","3":"status-publish","4":"has-post-thumbnail","6":"product_brand-proplan","7":"product_cat-cat","8":"product_cat-cat-wetfoods","10":"first","11":"instock","12":"shipping-taxable","13":"purchasable","14":"product-type-simple"},"yoast_head":"<!-- This site is optimized with the Yoast SEO plugin v26.7 - https:\/\/yoast.com\/wordpress\/plugins\/seo\/ -->\n<title>Pro Plan Adult Cat Turkey 85 g - Zooland.az<\/title>\n<meta name=\"robots\" content=\"index, follow, max-snippet:-1, max-image-preview:large, max-video-preview:-1\" \/>\n<link rel=\"canonical\" href=\"https:\/\/zoo-land.az\/ru\/shop\/cat\/cat-wetfoods\/pro-plan-adult-cat-turkey-85-g\/\" \/>\n<meta property=\"og:locale\" content=\"ru_RU\" \/>\n<meta property=\"og:type\" content=\"article\" \/>\n<meta property=\"og:title\" content=\"Pro Plan Adult Cat Turkey 85 g - Zooland.az\" \/>\n<meta property=\"og:description\" content=\"Purina Pro Plan complete super premium wet food for cats contains delicious pieces in aromatic jelly. The addition of turkey gives a subtle flavor that is highly appreciated in the feline world. Besides turkey, it contains other meat and fish ingredients that cater to cats&#039; taste preferences. This diet is intended for adult cats without special needs (such as neutering\/spaying, sensitive skin or digestion, obesity, allergies, hairball control, pregnancy, lactation).\" \/>\n<meta property=\"og:url\" content=\"https:\/\/zoo-land.az\/ru\/shop\/cat\/cat-wetfoods\/pro-plan-adult-cat-turkey-85-g\/\" \/>\n<meta property=\"og:site_name\" content=\"Zooland.az\" \/>\n<meta property=\"article:modified_time\" content=\"2024-06-01T07:43:14+00:00\" \/>\n<meta property=\"og:image\" content=\"https:\/\/zoo-land.az\/wp-content\/uploads\/2024\/05\/2792.jpg\" \/>\n\t<meta property=\"og:image:width\" content=\"400\" \/>\n\t<meta property=\"og:image:height\" content=\"400\" \/>\n\t<meta property=\"og:image:type\" content=\"image\/jpeg\" \/>\n<meta name=\"twitter:card\" content=\"summary_large_image\" \/>\n<meta name=\"twitter:label1\" content=\"\u041f\u0440\u0438\u043c\u0435\u0440\u043d\u043e\u0435 \u0432\u0440\u0435\u043c\u044f \u0434\u043b\u044f \u0447\u0442\u0435\u043d\u0438\u044f\" \/>\n\t<meta name=\"twitter:data1\" content=\"1 \u043c\u0438\u043d\u0443\u0442\u0430\" \/>\n<script type=\"application\/ld+json\" class=\"yoast-schema-graph\">{\"@context\":\"https:\/\/schema.org\",\"@graph\":[{\"@type\":\"WebPage\",\"@id\":\"https:\/\/zoo-land.az\/shop\/cat\/cat-wetfoods\/pro-plan-adult-cat-turkey-85-g\/\",\"url\":\"https:\/\/zoo-land.az\/shop\/cat\/cat-wetfoods\/pro-plan-adult-cat-turkey-85-g\/\",\"name\":\"Pro Plan Adult Cat Turkey 85 g - Zooland.az\",\"isPartOf\":{\"@id\":\"https:\/\/zoo-land.az\/#website\"},\"primaryImageOfPage\":{\"@id\":\"https:\/\/zoo-land.az\/shop\/cat\/cat-wetfoods\/pro-plan-adult-cat-turkey-85-g\/#primaryimage\"},\"image\":{\"@id\":\"https:\/\/zoo-land.az\/shop\/cat\/cat-wetfoods\/pro-plan-adult-cat-turkey-85-g\/#primaryimage\"},\"thumbnailUrl\":\"https:\/\/zoo-land.az\/wp-content\/uploads\/2024\/05\/2792.jpg\",\"datePublished\":\"2024-05-31T20:43:50+00:00\",\"dateModified\":\"2024-06-01T07:43:14+00:00\",\"breadcrumb\":{\"@id\":\"https:\/\/zoo-land.az\/shop\/cat\/cat-wetfoods\/pro-plan-adult-cat-turkey-85-g\/#breadcrumb\"},\"inLanguage\":\"ru-RU\",\"potentialAction\":[{\"@type\":\"ReadAction\",\"target\":[\"https:\/\/zoo-land.az\/shop\/cat\/cat-wetfoods\/pro-plan-adult-cat-turkey-85-g\/\"]}]},{\"@type\":\"ImageObject\",\"inLanguage\":\"ru-RU\",\"@id\":\"https:\/\/zoo-land.az\/shop\/cat\/cat-wetfoods\/pro-plan-adult-cat-turkey-85-g\/#primaryimage\",\"url\":\"https:\/\/zoo-land.az\/wp-content\/uploads\/2024\/05\/2792.jpg\",\"contentUrl\":\"https:\/\/zoo-land.az\/wp-content\/uploads\/2024\/05\/2792.jpg\",\"width\":400,\"height\":400},{\"@type\":\"BreadcrumbList\",\"@id\":\"https:\/\/zoo-land.az\/shop\/cat\/cat-wetfoods\/pro-plan-adult-cat-turkey-85-g\/#breadcrumb\",\"itemListElement\":[{\"@type\":\"ListItem\",\"position\":1,\"name\":\"Home\",\"item\":\"https:\/\/zoo-land.az\/ru\/\"},{\"@type\":\"ListItem\",\"position\":2,\"name\":\"Shop\",\"item\":\"https:\/\/zoo-land.az\/ru\/\"},{\"@type\":\"ListItem\",\"position\":3,\"name\":\"Pro Plan Adult Cat Turkey 85 g\"}]},{\"@type\":\"WebSite\",\"@id\":\"https:\/\/zoo-land.az\/#website\",\"url\":\"https:\/\/zoo-land.az\/\",\"name\":\"Zooland.az\",\"description\":\"Xo\u015fb\u0259xt ev heyvanlar\u0131n\u0131n \u00fcnvan\u0131 Zooland.az\",\"publisher\":{\"@id\":\"https:\/\/zoo-land.az\/#organization\"},\"potentialAction\":[{\"@type\":\"SearchAction\",\"target\":{\"@type\":\"EntryPoint\",\"urlTemplate\":\"https:\/\/zoo-land.az\/?s={search_term_string}\"},\"query-input\":{\"@type\":\"PropertyValueSpecification\",\"valueRequired\":true,\"valueName\":\"search_term_string\"}}],\"inLanguage\":\"ru-RU\"},{\"@type\":\"Organization\",\"@id\":\"https:\/\/zoo-land.az\/#organization\",\"name\":\"Zooland.az\",\"url\":\"https:\/\/zoo-land.az\/\",\"logo\":{\"@type\":\"ImageObject\",\"inLanguage\":\"ru-RU\",\"@id\":\"https:\/\/zoo-land.az\/#\/schema\/logo\/image\/\",\"url\":\"https:\/\/zoo-land.az\/wp-content\/uploads\/2022\/05\/logo.svg\",\"contentUrl\":\"https:\/\/zoo-land.az\/wp-content\/uploads\/2022\/05\/logo.svg\",\"width\":113,\"height\":46,\"caption\":\"Zooland.az\"},\"image\":{\"@id\":\"https:\/\/zoo-land.az\/#\/schema\/logo\/image\/\"}}]}<\/script>\n<!-- \/ Yoast SEO plugin. -->","yoast_head_json":{"title":"Pro Plan Adult Cat Turkey 85 g - Zooland.az","robots":{"index":"index","follow":"follow","max-snippet":"max-snippet:-1","max-image-preview":"max-image-preview:large","max-video-preview":"max-video-preview:-1"},"canonical":"https:\/\/zoo-land.az\/ru\/shop\/cat\/cat-wetfoods\/pro-plan-adult-cat-turkey-85-g\/","og_locale":"ru_RU","og_type":"article","og_title":"Pro Plan Adult Cat Turkey 85 g - Zooland.az","og_description":"Purina Pro Plan complete super premium wet food for cats contains delicious pieces in aromatic jelly. The addition of turkey gives a subtle flavor that is highly appreciated in the feline world. Besides turkey, it contains other meat and fish ingredients that cater to cats' taste preferences. This diet is intended for adult cats without special needs (such as neutering\/spaying, sensitive skin or digestion, obesity, allergies, hairball control, pregnancy, lactation).","og_url":"https:\/\/zoo-land.az\/ru\/shop\/cat\/cat-wetfoods\/pro-plan-adult-cat-turkey-85-g\/","og_site_name":"Zooland.az","article_modified_time":"2024-06-01T07:43:14+00:00","og_image":[{"width":400,"height":400,"url":"https:\/\/zoo-land.az\/wp-content\/uploads\/2024\/05\/2792.jpg","type":"image\/jpeg"}],"twitter_card":"summary_large_image","twitter_misc":{"\u041f\u0440\u0438\u043c\u0435\u0440\u043d\u043e\u0435 \u0432\u0440\u0435\u043c\u044f \u0434\u043b\u044f \u0447\u0442\u0435\u043d\u0438\u044f":"1 \u043c\u0438\u043d\u0443\u0442\u0430"},"schema":{"@context":"https:\/\/schema.org","@graph":[{"@type":"WebPage","@id":"https:\/\/zoo-land.az\/shop\/cat\/cat-wetfoods\/pro-plan-adult-cat-turkey-85-g\/","url":"https:\/\/zoo-land.az\/shop\/cat\/cat-wetfoods\/pro-plan-adult-cat-turkey-85-g\/","name":"Pro Plan Adult Cat Turkey 85 g - Zooland.az","isPartOf":{"@id":"https:\/\/zoo-land.az\/#website"},"primaryImageOfPage":{"@id":"https:\/\/zoo-land.az\/shop\/cat\/cat-wetfoods\/pro-plan-adult-cat-turkey-85-g\/#primaryimage"},"image":{"@id":"https:\/\/zoo-land.az\/shop\/cat\/cat-wetfoods\/pro-plan-adult-cat-turkey-85-g\/#primaryimage"},"thumbnailUrl":"https:\/\/zoo-land.az\/wp-content\/uploads\/2024\/05\/2792.jpg","datePublished":"2024-05-31T20:43:50+00:00","dateModified":"2024-06-01T07:43:14+00:00","breadcrumb":{"@id":"https:\/\/zoo-land.az\/shop\/cat\/cat-wetfoods\/pro-plan-adult-cat-turkey-85-g\/#breadcrumb"},"inLanguage":"ru-RU","potentialAction":[{"@type":"ReadAction","target":["https:\/\/zoo-land.az\/shop\/cat\/cat-wetfoods\/pro-plan-adult-cat-turkey-85-g\/"]}]},{"@type":"ImageObject","inLanguage":"ru-RU","@id":"https:\/\/zoo-land.az\/shop\/cat\/cat-wetfoods\/pro-plan-adult-cat-turkey-85-g\/#primaryimage","url":"https:\/\/zoo-land.az\/wp-content\/uploads\/2024\/05\/2792.jpg","contentUrl":"https:\/\/zoo-land.az\/wp-content\/uploads\/2024\/05\/2792.jpg","width":400,"height":400},{"@type":"BreadcrumbList","@id":"https:\/\/zoo-land.az\/shop\/cat\/cat-wetfoods\/pro-plan-adult-cat-turkey-85-g\/#breadcrumb","itemListElement":[{"@type":"ListItem","position":1,"name":"Home","item":"https:\/\/zoo-land.az\/ru\/"},{"@type":"ListItem","position":2,"name":"Shop","item":"https:\/\/zoo-land.az\/ru\/"},{"@type":"ListItem","position":3,"name":"Pro Plan Adult Cat Turkey 85 g"}]},{"@type":"WebSite","@id":"https:\/\/zoo-land.az\/#website","url":"https:\/\/zoo-land.az\/","name":"Zooland.az","description":"Xo\u015fb\u0259xt ev heyvanlar\u0131n\u0131n \u00fcnvan\u0131 Zooland.az","publisher":{"@id":"https:\/\/zoo-land.az\/#organization"},"potentialAction":[{"@type":"SearchAction","target":{"@type":"EntryPoint","urlTemplate":"https:\/\/zoo-land.az\/?s={search_term_string}"},"query-input":{"@type":"PropertyValueSpecification","valueRequired":true,"valueName":"search_term_string"}}],"inLanguage":"ru-RU"},{"@type":"Organization","@id":"https:\/\/zoo-land.az\/#organization","name":"Zooland.az","url":"https:\/\/zoo-land.az\/","logo":{"@type":"ImageObject","inLanguage":"ru-RU","@id":"https:\/\/zoo-land.az\/#\/schema\/logo\/image\/","url":"https:\/\/zoo-land.az\/wp-content\/uploads\/2022\/05\/logo.svg","contentUrl":"https:\/\/zoo-land.az\/wp-content\/uploads\/2022\/05\/logo.svg","width":113,"height":46,"caption":"Zooland.az"},"image":{"@id":"https:\/\/zoo-land.az\/#\/schema\/logo\/image\/"}}]}},"_links":{"self":[{"href":"https:\/\/zoo-land.az\/ru\/wp-json\/wp\/v2\/product\/22283","targetHints":{"allow":["GET"]}}],"collection":[{"href":"https:\/\/zoo-land.az\/ru\/wp-json\/wp\/v2\/product"}],"about":[{"href":"https:\/\/zoo-land.az\/ru\/wp-json\/wp\/v2\/types\/product"}],"wp:featuredmedia":[{"embeddable":true,"href":"https:\/\/zoo-land.az\/ru\/wp-json\/wp\/v2\/media\/22285"}],"wp:attachment":[{"href":"https:\/\/zoo-land.az\/ru\/wp-json\/wp\/v2\/media?parent=22283"}],"wp:term":[{"taxonomy":"product_cat","embeddable":true,"href":"https:\/\/zoo-land.az\/ru\/wp-json\/wp\/v2\/product_cat?post=22283"},{"taxonomy":"product_tag","embeddable":true,"href":"https:\/\/zoo-land.az\/ru\/wp-json\/wp\/v2\/product_tag?post=22283"}],"curies":[{"name":"wp","href":"https:\/\/api.w.org\/{rel}","templated":true}]}}