{"id":22286,"date":"2024-06-01T07:07:56","date_gmt":"2024-06-01T07:07:56","guid":{"rendered":"https:\/\/lightsteelblue-zebra-299715.hostingersite.com\/?post_type=product&#038;p=22286"},"modified":"2024-06-01T07:07:56","modified_gmt":"2024-06-01T07:07:56","slug":"darling-cat-beef-pouch-75-g","status":"publish","type":"product","link":"https:\/\/zoo-land.az\/ru\/shop\/cat\/cat-wetfoods\/darling-cat-beef-pouch-75-g\/","title":{"rendered":"Darling Cat \u0413\u043e\u0432\u044f\u0434\u0438\u043d\u0430 \u043f\u0430\u043a\u0435\u0442\u0438\u043a 75 \u0433"},"content":{"rendered":"<div class=\"description\">\n<div class=\"text-wrapper\">\n<p>\u041a\u043e\u0440\u043c \u0434\u043b\u044f \u043a\u043e\u0448\u0435\u043a Darling 100% \u2013 \u044d\u0442\u043e \u043f\u043e\u043b\u043d\u043e\u0446\u0435\u043d\u043d\u044b\u0439 \u0438 \u0441\u0431\u0430\u043b\u0430\u043d\u0441\u0438\u0440\u043e\u0432\u0430\u043d\u043d\u044b\u0439 \u0432\u043b\u0430\u0436\u043d\u044b\u0439 \u043a\u043e\u0440\u043c \u0441 \u0433\u043e\u0432\u044f\u0434\u0438\u043d\u043e\u0439, \u0431\u0435\u0437 \u0438\u0441\u043a\u0443\u0441\u0441\u0442\u0432\u0435\u043d\u043d\u044b\u0445 \u0434\u043e\u0431\u0430\u0432\u043e\u043a. \u041a\u043e\u0440\u043c \u0441\u043f\u043e\u0441\u043e\u0431\u0441\u0442\u0432\u0443\u0435\u0442 \u0443\u043b\u0443\u0447\u0448\u0435\u043d\u0438\u044e \u0430\u043a\u0442\u0438\u0432\u043d\u043e\u0441\u0442\u0438 \u0432\u0437\u0440\u043e\u0441\u043b\u044b\u0445 \u043a\u043e\u0448\u0435\u043a. \u041a\u043e\u0448\u043a\u0435 \u0432\u0435\u0441\u043e\u043c 4 \u043a\u0433 \u043d\u0435\u043e\u0431\u0445\u043e\u0434\u0438\u043c\u043e 4 \u0443\u043f\u0430\u043a\u043e\u0432\u043a\u0438 \u0432 \u0434\u0435\u043d\u044c. \u042d\u0442\u0430 \u0441\u0443\u0442\u043e\u0447\u043d\u0430\u044f \u0434\u043e\u0437\u0430 \u0440\u0430\u0441\u0441\u0447\u0438\u0442\u0430\u043d\u0430 \u0434\u043b\u044f \u0432\u0437\u0440\u043e\u0441\u043b\u044b\u0445 \u043a\u043e\u0448\u0435\u043a \u0441\u0440\u0435\u0434\u043d\u0435\u0439 \u0430\u043a\u0442\u0438\u0432\u043d\u043e\u0441\u0442\u0438. \u0418\u043d\u0434\u0438\u0432\u0438\u0434\u0443\u0430\u043b\u044c\u043d\u044b\u0435 \u043f\u043e\u0442\u0440\u0435\u0431\u043d\u043e\u0441\u0442\u0438 \u043a\u043e\u0448\u0435\u043a \u043c\u043e\u0433\u0443\u0442 \u0440\u0430\u0437\u043b\u0438\u0447\u0430\u0442\u044c\u0441\u044f, \u043f\u043e\u044d\u0442\u043e\u043c\u0443 \u0435\u0436\u0435\u0434\u043d\u0435\u0432\u043d\u043e\u0435 \u043a\u043e\u043b\u0438\u0447\u0435\u0441\u0442\u0432\u043e \u043f\u0438\u0449\u0438 \u0441\u043b\u0435\u0434\u0443\u0435\u0442 \u043a\u043e\u0440\u0440\u0435\u043a\u0442\u0438\u0440\u043e\u0432\u0430\u0442\u044c \u043f\u043e \u043c\u0435\u0440\u0435 \u043d\u0435\u043e\u0431\u0445\u043e\u0434\u0438\u043c\u043e\u0441\u0442\u0438 \u0434\u043b\u044f \u043f\u043e\u0434\u0434\u0435\u0440\u0436\u0430\u043d\u0438\u044f \u043e\u043f\u0442\u0438\u043c\u0430\u043b\u044c\u043d\u043e\u0433\u043e \u0432\u0435\u0441\u0430 \u0432\u0430\u0448\u0435\u0439 \u043a\u043e\u0448\u043a\u0438. \u0421\u043b\u0435\u0434\u0438\u0442\u0435 \u0437\u0430 \u0442\u0435\u043c, \u0447\u0442\u043e\u0431\u044b \u0432\u043e \u0432\u0440\u0435\u043c\u044f \u043a\u043e\u0440\u043c\u043b\u0435\u043d\u0438\u044f \u0443 \u0432\u0430\u0448\u0435\u0439 \u043a\u043e\u0448\u043a\u0438 \u0432\u0441\u0435\u0433\u0434\u0430 \u0431\u044b\u043b\u0430 \u0441\u0432\u0435\u0436\u0430\u044f \u043f\u0438\u0442\u044c\u0435\u0432\u0430\u044f \u0432\u043e\u0434\u0430.<\/p>\n<\/div>\n<\/div>\n<div class=\"description\">\n<h3>\u0421\u043e\u0441\u0442\u0430\u0432<\/h3>\n<div class=\"text-wrapper\">\n<p>\u0413\u043e\u0432\u044f\u0434\u0438\u043d\u0430, \u043a\u0440\u0443\u043f\u044b, \u0430\u043c\u0438\u043d\u043e\u043a\u0438\u0441\u043b\u043e\u0442\u044b, \u043c\u0438\u043d\u0435\u0440\u0430\u043b\u044b, \u0441\u0430\u0445\u0430\u0440, \u0432\u0438\u0442\u0430\u043c\u0438\u043d\u044b. \u0412\u043b\u0430\u0433\u0430 \u2013 84,01\u0422\u041f3\u0422, \u0431\u0435\u043b\u043e\u043a \u2013 6,51\u0422\u041f3\u0422, \u0436\u0438\u0440 \u2013 2,51\u0422\u041f3\u0422, \u0441\u044b\u0440\u0430\u044f \u0437\u043e\u043b\u0430 \u2013 2,11\u0422\u041f3\u0422, \u0441\u044b\u0440\u0430\u044f \u043a\u043b\u0435\u0442\u0447\u0430\u0442\u043a\u0430 \u2013 0,071\u0422\u041f3\u0422, \u0442\u0430\u0443\u0440\u0438\u043d \u2013 390 \u043c\u0433\/\u043a\u0433, \u0436\u0435\u043b\u0435\u0437\u043e \u2013 7,2 \u043c\u0433\/\u043a\u0433, \u0439\u043e\u0434 \u2013 0,27 \u043c\u0433\/\u043a\u0433, \u043c\u0435\u0434\u044c \u2013 0,6 \u043c\u0433\/\u043a\u0433, \u043c\u0430\u0440\u0433\u0430\u043d\u0435\u0446 \u2013 1,4 \u043c\u0433\/\u043a\u0433, \u0446\u0438\u043d\u043a \u2013 13 \u043c\u0433\/\u043a\u0433, \u0432\u0438\u0442\u0430\u043c\u0438\u043d \u0410 \u2013 625 \u041c\u0415\/\u043a\u0433, \u0432\u0438\u0442\u0430\u043c\u0438\u043d D3 \u2013 95 \u041c\u0415\/\u043a\u0433.<\/p>\n<\/div>\n<\/div>","protected":false},"excerpt":{"rendered":"<p>\u041a\u043e\u0440\u043c \u0434\u043b\u044f \u043a\u043e\u0448\u0435\u043a Darling 100% \u2013 \u044d\u0442\u043e \u043f\u043e\u043b\u043d\u043e\u0446\u0435\u043d\u043d\u044b\u0439 \u0438 \u0441\u0431\u0430\u043b\u0430\u043d\u0441\u0438\u0440\u043e\u0432\u0430\u043d\u043d\u044b\u0439 \u0432\u043b\u0430\u0436\u043d\u044b\u0439 \u043a\u043e\u0440\u043c \u0441 \u0433\u043e\u0432\u044f\u0434\u0438\u043d\u043e\u0439, \u0431\u0435\u0437 \u0438\u0441\u043a\u0443\u0441\u0441\u0442\u0432\u0435\u043d\u043d\u044b\u0445 \u0434\u043e\u0431\u0430\u0432\u043e\u043a. \u041a\u043e\u0440\u043c \u0441\u043f\u043e\u0441\u043e\u0431\u0441\u0442\u0432\u0443\u0435\u0442 \u0443\u043b\u0443\u0447\u0448\u0435\u043d\u0438\u044e \u0430\u043a\u0442\u0438\u0432\u043d\u043e\u0441\u0442\u0438 \u0432\u0437\u0440\u043e\u0441\u043b\u044b\u0445 \u043a\u043e\u0448\u0435\u043a. \u041a\u043e\u0448\u043a\u0435 \u0432\u0435\u0441\u043e\u043c 4 \u043a\u0433 \u043d\u0435\u043e\u0431\u0445\u043e\u0434\u0438\u043c\u043e 4 \u0443\u043f\u0430\u043a\u043e\u0432\u043a\u0438 \u0432 \u0434\u0435\u043d\u044c. \u042d\u0442\u0430 \u0441\u0443\u0442\u043e\u0447\u043d\u0430\u044f \u0434\u043e\u0437\u0430 \u0440\u0430\u0441\u0441\u0447\u0438\u0442\u0430\u043d\u0430 \u0434\u043b\u044f \u0432\u0437\u0440\u043e\u0441\u043b\u044b\u0445 \u043a\u043e\u0448\u0435\u043a \u0441\u0440\u0435\u0434\u043d\u0435\u0439 \u0430\u043a\u0442\u0438\u0432\u043d\u043e\u0441\u0442\u0438. \u0418\u043d\u0434\u0438\u0432\u0438\u0434\u0443\u0430\u043b\u044c\u043d\u044b\u0435 \u043f\u043e\u0442\u0440\u0435\u0431\u043d\u043e\u0441\u0442\u0438 \u043a\u043e\u0448\u0435\u043a \u043c\u043e\u0433\u0443\u0442 \u0440\u0430\u0437\u043b\u0438\u0447\u0430\u0442\u044c\u0441\u044f, \u043f\u043e\u044d\u0442\u043e\u043c\u0443 \u0435\u0436\u0435\u0434\u043d\u0435\u0432\u043d\u043e\u0435 \u043a\u043e\u043b\u0438\u0447\u0435\u0441\u0442\u0432\u043e \u043f\u0438\u0449\u0438 \u0441\u043b\u0435\u0434\u0443\u0435\u0442 \u043a\u043e\u0440\u0440\u0435\u043a\u0442\u0438\u0440\u043e\u0432\u0430\u0442\u044c \u043f\u043e \u043c\u0435\u0440\u0435 \u043d\u0435\u043e\u0431\u0445\u043e\u0434\u0438\u043c\u043e\u0441\u0442\u0438 \u0434\u043b\u044f \u043f\u043e\u0434\u0434\u0435\u0440\u0436\u0430\u043d\u0438\u044f \u043e\u043f\u0442\u0438\u043c\u0430\u043b\u044c\u043d\u043e\u0433\u043e \u0432\u0435\u0441\u0430 \u0432\u0430\u0448\u0435\u0439 \u043a\u043e\u0448\u043a\u0438. \u0421\u043b\u0435\u0434\u0438\u0442\u0435 \u0437\u0430 \u0442\u0435\u043c, \u0447\u0442\u043e\u0431\u044b \u0432\u043e \u0432\u0440\u0435\u043c\u044f \u043a\u043e\u0440\u043c\u043b\u0435\u043d\u0438\u044f \u0443 \u0432\u0430\u0448\u0435\u0439 \u043a\u043e\u0448\u043a\u0438 \u0432\u0441\u0435\u0433\u0434\u0430 \u0431\u044b\u043b\u0430 \u0441\u0432\u0435\u0436\u0430\u044f \u043f\u0438\u0442\u044c\u0435\u0432\u0430\u044f \u0432\u043e\u0434\u0430.<\/p>","protected":false},"featured_media":22287,"template":"","meta":{"inline_featured_image":false,"_joinchat":[]},"product_cat":[188,190],"product_tag":[],"class_list":{"0":"post-22286","1":"product","2":"type-product","3":"status-publish","4":"has-post-thumbnail","6":"product_brand-darling","7":"product_cat-cat","8":"product_cat-cat-wetfoods","10":"first","11":"instock","12":"shipping-taxable","13":"purchasable","14":"product-type-simple"},"yoast_head":"<!-- This site is optimized with the Yoast SEO plugin v26.7 - https:\/\/yoast.com\/wordpress\/plugins\/seo\/ -->\n<title>Darling Cat Beef pouch 75 g - Zooland.az<\/title>\n<meta name=\"robots\" content=\"index, follow, max-snippet:-1, max-image-preview:large, max-video-preview:-1\" \/>\n<link rel=\"canonical\" href=\"https:\/\/zoo-land.az\/ru\/shop\/cat\/cat-wetfoods\/darling-cat-beef-pouch-75-g\/\" \/>\n<meta property=\"og:locale\" content=\"ru_RU\" \/>\n<meta property=\"og:type\" content=\"article\" \/>\n<meta property=\"og:title\" content=\"Darling Cat Beef pouch 75 g - Zooland.az\" \/>\n<meta property=\"og:description\" content=\"Darling cat food is 100% complete and balanced wet food with beef, without artificial additives. Food helps to improve the activity of adult cats. 4 kg cat needs 4 packs per day. This daily dose is based on moderately active adult cats, individual cat needs may vary and the daily amount of food should be adjusted as needed to maintain your cat&#039;s optimal weight. Make sure your cat always has fresh drinking water available during feeding.\" \/>\n<meta property=\"og:url\" content=\"https:\/\/zoo-land.az\/ru\/shop\/cat\/cat-wetfoods\/darling-cat-beef-pouch-75-g\/\" \/>\n<meta property=\"og:site_name\" content=\"Zooland.az\" \/>\n<meta property=\"og:image\" content=\"https:\/\/zoo-land.az\/wp-content\/uploads\/2024\/06\/8445290761057.jpg\" \/>\n\t<meta property=\"og:image:width\" content=\"571\" \/>\n\t<meta property=\"og:image:height\" content=\"869\" \/>\n\t<meta property=\"og:image:type\" content=\"image\/jpeg\" \/>\n<meta name=\"twitter:card\" content=\"summary_large_image\" \/>\n<meta name=\"twitter:label1\" content=\"\u041f\u0440\u0438\u043c\u0435\u0440\u043d\u043e\u0435 \u0432\u0440\u0435\u043c\u044f \u0434\u043b\u044f \u0447\u0442\u0435\u043d\u0438\u044f\" \/>\n\t<meta name=\"twitter:data1\" content=\"1 \u043c\u0438\u043d\u0443\u0442\u0430\" \/>\n<script type=\"application\/ld+json\" class=\"yoast-schema-graph\">{\"@context\":\"https:\/\/schema.org\",\"@graph\":[{\"@type\":\"WebPage\",\"@id\":\"https:\/\/zoo-land.az\/az\/shop\/cat\/cat-wetfoods\/darling-cat-beef-pouch-75-g\/\",\"url\":\"https:\/\/zoo-land.az\/az\/shop\/cat\/cat-wetfoods\/darling-cat-beef-pouch-75-g\/\",\"name\":\"Darling Cat Beef pouch 75 g - Zooland.az\",\"isPartOf\":{\"@id\":\"https:\/\/zoo-land.az\/#website\"},\"primaryImageOfPage\":{\"@id\":\"https:\/\/zoo-land.az\/az\/shop\/cat\/cat-wetfoods\/darling-cat-beef-pouch-75-g\/#primaryimage\"},\"image\":{\"@id\":\"https:\/\/zoo-land.az\/az\/shop\/cat\/cat-wetfoods\/darling-cat-beef-pouch-75-g\/#primaryimage\"},\"thumbnailUrl\":\"https:\/\/zoo-land.az\/wp-content\/uploads\/2024\/06\/8445290761057.jpg\",\"datePublished\":\"2024-06-01T07:07:56+00:00\",\"breadcrumb\":{\"@id\":\"https:\/\/zoo-land.az\/az\/shop\/cat\/cat-wetfoods\/darling-cat-beef-pouch-75-g\/#breadcrumb\"},\"inLanguage\":\"ru-RU\",\"potentialAction\":[{\"@type\":\"ReadAction\",\"target\":[\"https:\/\/zoo-land.az\/az\/shop\/cat\/cat-wetfoods\/darling-cat-beef-pouch-75-g\/\"]}]},{\"@type\":\"ImageObject\",\"inLanguage\":\"ru-RU\",\"@id\":\"https:\/\/zoo-land.az\/az\/shop\/cat\/cat-wetfoods\/darling-cat-beef-pouch-75-g\/#primaryimage\",\"url\":\"https:\/\/zoo-land.az\/wp-content\/uploads\/2024\/06\/8445290761057.jpg\",\"contentUrl\":\"https:\/\/zoo-land.az\/wp-content\/uploads\/2024\/06\/8445290761057.jpg\",\"width\":571,\"height\":869},{\"@type\":\"BreadcrumbList\",\"@id\":\"https:\/\/zoo-land.az\/az\/shop\/cat\/cat-wetfoods\/darling-cat-beef-pouch-75-g\/#breadcrumb\",\"itemListElement\":[{\"@type\":\"ListItem\",\"position\":1,\"name\":\"Home\",\"item\":\"https:\/\/zoo-land.az\/ru\/\"},{\"@type\":\"ListItem\",\"position\":2,\"name\":\"Shop\",\"item\":\"https:\/\/zoo-land.az\/ru\/\"},{\"@type\":\"ListItem\",\"position\":3,\"name\":\"Darling Cat Beef pouch 75 g\"}]},{\"@type\":\"WebSite\",\"@id\":\"https:\/\/zoo-land.az\/#website\",\"url\":\"https:\/\/zoo-land.az\/\",\"name\":\"Zooland.az\",\"description\":\"Xo\u015fb\u0259xt ev heyvanlar\u0131n\u0131n \u00fcnvan\u0131 Zooland.az\",\"publisher\":{\"@id\":\"https:\/\/zoo-land.az\/#organization\"},\"potentialAction\":[{\"@type\":\"SearchAction\",\"target\":{\"@type\":\"EntryPoint\",\"urlTemplate\":\"https:\/\/zoo-land.az\/?s={search_term_string}\"},\"query-input\":{\"@type\":\"PropertyValueSpecification\",\"valueRequired\":true,\"valueName\":\"search_term_string\"}}],\"inLanguage\":\"ru-RU\"},{\"@type\":\"Organization\",\"@id\":\"https:\/\/zoo-land.az\/#organization\",\"name\":\"Zooland.az\",\"url\":\"https:\/\/zoo-land.az\/\",\"logo\":{\"@type\":\"ImageObject\",\"inLanguage\":\"ru-RU\",\"@id\":\"https:\/\/zoo-land.az\/#\/schema\/logo\/image\/\",\"url\":\"https:\/\/zoo-land.az\/wp-content\/uploads\/2022\/05\/logo.svg\",\"contentUrl\":\"https:\/\/zoo-land.az\/wp-content\/uploads\/2022\/05\/logo.svg\",\"width\":113,\"height\":46,\"caption\":\"Zooland.az\"},\"image\":{\"@id\":\"https:\/\/zoo-land.az\/#\/schema\/logo\/image\/\"}}]}<\/script>\n<!-- \/ Yoast SEO plugin. -->","yoast_head_json":{"title":"Darling Cat Beef pouch 75 g - Zooland.az","robots":{"index":"index","follow":"follow","max-snippet":"max-snippet:-1","max-image-preview":"max-image-preview:large","max-video-preview":"max-video-preview:-1"},"canonical":"https:\/\/zoo-land.az\/ru\/shop\/cat\/cat-wetfoods\/darling-cat-beef-pouch-75-g\/","og_locale":"ru_RU","og_type":"article","og_title":"Darling Cat Beef pouch 75 g - Zooland.az","og_description":"Darling cat food is 100% complete and balanced wet food with beef, without artificial additives. Food helps to improve the activity of adult cats. 4 kg cat needs 4 packs per day. This daily dose is based on moderately active adult cats, individual cat needs may vary and the daily amount of food should be adjusted as needed to maintain your cat's optimal weight. Make sure your cat always has fresh drinking water available during feeding.","og_url":"https:\/\/zoo-land.az\/ru\/shop\/cat\/cat-wetfoods\/darling-cat-beef-pouch-75-g\/","og_site_name":"Zooland.az","og_image":[{"width":571,"height":869,"url":"https:\/\/zoo-land.az\/wp-content\/uploads\/2024\/06\/8445290761057.jpg","type":"image\/jpeg"}],"twitter_card":"summary_large_image","twitter_misc":{"\u041f\u0440\u0438\u043c\u0435\u0440\u043d\u043e\u0435 \u0432\u0440\u0435\u043c\u044f \u0434\u043b\u044f \u0447\u0442\u0435\u043d\u0438\u044f":"1 \u043c\u0438\u043d\u0443\u0442\u0430"},"schema":{"@context":"https:\/\/schema.org","@graph":[{"@type":"WebPage","@id":"https:\/\/zoo-land.az\/az\/shop\/cat\/cat-wetfoods\/darling-cat-beef-pouch-75-g\/","url":"https:\/\/zoo-land.az\/az\/shop\/cat\/cat-wetfoods\/darling-cat-beef-pouch-75-g\/","name":"Darling Cat Beef pouch 75 g - Zooland.az","isPartOf":{"@id":"https:\/\/zoo-land.az\/#website"},"primaryImageOfPage":{"@id":"https:\/\/zoo-land.az\/az\/shop\/cat\/cat-wetfoods\/darling-cat-beef-pouch-75-g\/#primaryimage"},"image":{"@id":"https:\/\/zoo-land.az\/az\/shop\/cat\/cat-wetfoods\/darling-cat-beef-pouch-75-g\/#primaryimage"},"thumbnailUrl":"https:\/\/zoo-land.az\/wp-content\/uploads\/2024\/06\/8445290761057.jpg","datePublished":"2024-06-01T07:07:56+00:00","breadcrumb":{"@id":"https:\/\/zoo-land.az\/az\/shop\/cat\/cat-wetfoods\/darling-cat-beef-pouch-75-g\/#breadcrumb"},"inLanguage":"ru-RU","potentialAction":[{"@type":"ReadAction","target":["https:\/\/zoo-land.az\/az\/shop\/cat\/cat-wetfoods\/darling-cat-beef-pouch-75-g\/"]}]},{"@type":"ImageObject","inLanguage":"ru-RU","@id":"https:\/\/zoo-land.az\/az\/shop\/cat\/cat-wetfoods\/darling-cat-beef-pouch-75-g\/#primaryimage","url":"https:\/\/zoo-land.az\/wp-content\/uploads\/2024\/06\/8445290761057.jpg","contentUrl":"https:\/\/zoo-land.az\/wp-content\/uploads\/2024\/06\/8445290761057.jpg","width":571,"height":869},{"@type":"BreadcrumbList","@id":"https:\/\/zoo-land.az\/az\/shop\/cat\/cat-wetfoods\/darling-cat-beef-pouch-75-g\/#breadcrumb","itemListElement":[{"@type":"ListItem","position":1,"name":"Home","item":"https:\/\/zoo-land.az\/ru\/"},{"@type":"ListItem","position":2,"name":"Shop","item":"https:\/\/zoo-land.az\/ru\/"},{"@type":"ListItem","position":3,"name":"Darling Cat Beef pouch 75 g"}]},{"@type":"WebSite","@id":"https:\/\/zoo-land.az\/#website","url":"https:\/\/zoo-land.az\/","name":"Zooland.az","description":"Xo\u015fb\u0259xt ev heyvanlar\u0131n\u0131n \u00fcnvan\u0131 Zooland.az","publisher":{"@id":"https:\/\/zoo-land.az\/#organization"},"potentialAction":[{"@type":"SearchAction","target":{"@type":"EntryPoint","urlTemplate":"https:\/\/zoo-land.az\/?s={search_term_string}"},"query-input":{"@type":"PropertyValueSpecification","valueRequired":true,"valueName":"search_term_string"}}],"inLanguage":"ru-RU"},{"@type":"Organization","@id":"https:\/\/zoo-land.az\/#organization","name":"Zooland.az","url":"https:\/\/zoo-land.az\/","logo":{"@type":"ImageObject","inLanguage":"ru-RU","@id":"https:\/\/zoo-land.az\/#\/schema\/logo\/image\/","url":"https:\/\/zoo-land.az\/wp-content\/uploads\/2022\/05\/logo.svg","contentUrl":"https:\/\/zoo-land.az\/wp-content\/uploads\/2022\/05\/logo.svg","width":113,"height":46,"caption":"Zooland.az"},"image":{"@id":"https:\/\/zoo-land.az\/#\/schema\/logo\/image\/"}}]}},"_links":{"self":[{"href":"https:\/\/zoo-land.az\/ru\/wp-json\/wp\/v2\/product\/22286","targetHints":{"allow":["GET"]}}],"collection":[{"href":"https:\/\/zoo-land.az\/ru\/wp-json\/wp\/v2\/product"}],"about":[{"href":"https:\/\/zoo-land.az\/ru\/wp-json\/wp\/v2\/types\/product"}],"wp:featuredmedia":[{"embeddable":true,"href":"https:\/\/zoo-land.az\/ru\/wp-json\/wp\/v2\/media\/22287"}],"wp:attachment":[{"href":"https:\/\/zoo-land.az\/ru\/wp-json\/wp\/v2\/media?parent=22286"}],"wp:term":[{"taxonomy":"product_cat","embeddable":true,"href":"https:\/\/zoo-land.az\/ru\/wp-json\/wp\/v2\/product_cat?post=22286"},{"taxonomy":"product_tag","embeddable":true,"href":"https:\/\/zoo-land.az\/ru\/wp-json\/wp\/v2\/product_tag?post=22286"}],"curies":[{"name":"wp","href":"https:\/\/api.w.org\/{rel}","templated":true}]}}