{"id":22337,"date":"2024-06-01T11:41:18","date_gmt":"2024-06-01T11:41:18","guid":{"rendered":"https:\/\/lightsteelblue-zebra-299715.hostingersite.com\/?post_type=product&#038;p=22337"},"modified":"2024-06-01T11:41:18","modified_gmt":"2024-06-01T11:41:18","slug":"felix-duck-with-carrot-in-jelly-75-g","status":"publish","type":"product","link":"https:\/\/zoo-land.az\/ru\/shop\/cat\/cat-wetfoods\/felix-duck-with-carrot-in-jelly-75-g\/","title":{"rendered":"Felix \u0423\u0442\u043a\u0430 \u0441 \u043c\u043e\u0440\u043a\u043e\u0432\u044c\u044e \u0432 \u0436\u0435\u043b\u0435 75 \u0433"},"content":{"rendered":"<p>\u041a\u043e\u0440\u043c \u0441\u043e\u0434\u0435\u0440\u0436\u0438\u0442 \u0436\u0438\u0440\u043d\u044b\u0435 \u043a\u0438\u0441\u043b\u043e\u0442\u044b \u041e\u043c\u0435\u0433\u0430-6, \u0430 \u0442\u0430\u043a\u0436\u0435 \u043f\u0440\u0430\u0432\u0438\u043b\u044c\u043d\u043e\u0435 \u0441\u043e\u0447\u0435\u0442\u0430\u043d\u0438\u0435 \u0431\u0435\u043b\u043a\u043e\u0432 \u0438 \u0432\u0438\u0442\u0430\u043c\u0438\u043d\u043e\u0432, \u0447\u0442\u043e\u0431\u044b \u043f\u043e\u043b\u043d\u043e\u0441\u0442\u044c\u044e \u0443\u0434\u043e\u0432\u043b\u0435\u0442\u0432\u043e\u0440\u0438\u0442\u044c \u0435\u0436\u0435\u0434\u043d\u0435\u0432\u043d\u044b\u0435 \u043f\u043e\u0442\u0440\u0435\u0431\u043d\u043e\u0441\u0442\u0438 \u0432\u0430\u0448\u0435\u0439 \u043a\u043e\u0448\u043a\u0438.<\/p>\n<p>\u0421\u043e\u0441\u0442\u0430\u0432: \u043c\u044f\u0441\u043e \u0438 \u043c\u044f\u0441\u043d\u044b\u0435 \u0441\u0443\u0431\u043f\u0440\u043e\u0434\u0443\u043a\u0442\u044b (\u0438\u0437 \u043d\u0438\u0445 \u0443\u0442\u043a\u0430 41\u0422\u041f3\u0422), \u044d\u043a\u0441\u0442\u0440\u0430\u043a\u0442 \u0440\u0430\u0441\u0442\u0438\u0442\u0435\u043b\u044c\u043d\u043e\u0433\u043e \u0431\u0435\u043b\u043a\u0430, \u0440\u044b\u0431\u0430 \u0438 \u0440\u044b\u0431\u043d\u044b\u0435 \u0441\u0443\u0431\u043f\u0440\u043e\u0434\u0443\u043a\u0442\u044b, \u0440\u0430\u0441\u0442\u0438\u0442\u0435\u043b\u044c\u043d\u044b\u0435 \u0441\u0443\u0431\u043f\u0440\u043e\u0434\u0443\u043a\u0442\u044b (\u043c\u043e\u0440\u043a\u043e\u0432\u044c 41\u0422\u041f3\u0422 \u0432 \u0441\u043e\u0443\u0441\u0435-\u043a\u043e\u043d\u0446\u0435\u043d\u0442\u0440\u0430\u0442\u0435 \u043c\u043e\u0440\u043a\u043e\u0432\u0438), \u043c\u0438\u043d\u0435\u0440\u0430\u043b\u044c\u043d\u044b\u0435 \u0432\u0435\u0449\u0435\u0441\u0442\u0432\u0430, \u0441\u0430\u0445\u0430\u0440\u0430, \u043a\u0440\u0430\u0441\u0438\u0442\u0435\u043b\u0438, \u0432\u0438\u0442\u0430\u043c\u0438\u043d\u044b.<\/p>\n<p>\u0414\u043e\u0431\u0430\u0432\u043b\u044f\u0435\u043c\u044b\u0435 \u0432\u0435\u0449\u0435\u0441\u0442\u0432\u0430 (\u043d\u0430 1 \u043a\u0433): \u0432\u0438\u0442\u0430\u043c\u0438\u043d \u0410 780 \u041c\u0415; \u0432\u0438\u0442\u0430\u043c\u0438\u043d \u04143 120 \u041c\u0415; \u0432\u0438\u0442\u0430\u043c\u0438\u043d \u0415 17 \u041c\u0415; \u0436\u0435\u043b\u0435\u0437\u043e 9 \u043c\u0433; \u0439\u043e\u0434 0,22 \u043c\u0433; \u043c\u0435\u0434\u044c 0,7 \u043c\u0433; \u043c\u0430\u0440\u0433\u0430\u043d\u0435\u0446 1,7 \u043c\u0433; \u0446\u0438\u043d\u043a 16 \u043c\u0433; \u0442\u0430\u0443\u0440\u0438\u043d 490 \u043c\u0433.<\/p>\n<p>\u0413\u0430\u0440\u0430\u043d\u0442\u0438\u0440\u043e\u0432\u0430\u043d\u043d\u044b\u0439 \u0430\u043d\u0430\u043b\u0438\u0437: \u0432\u043b\u0430\u0433\u0430 79%, \u0431\u0435\u043b\u043e\u043a 13,2%, \u0436\u0438\u0440 3,2%, \u0441\u044b\u0440\u0430\u044f \u043a\u043b\u0435\u0442\u0447\u0430\u0442\u043a\u0430 0,1%, \u0441\u044b\u0440\u0430\u044f \u0437\u043e\u043b\u0430 2,3%, \u043b\u0438\u043d\u043e\u043b\u0435\u0432\u0430\u044f \u043a\u0438\u0441\u043b\u043e\u0442\u0430 (\u0436\u0438\u0440\u043d\u044b\u0435 \u043a\u0438\u0441\u043b\u043e\u0442\u044b \u041e\u043c\u0435\u0433\u0430-6) 0,4%.<\/p>\n<p>\u042d\u043d\u0435\u0440\u0433\u0435\u0442\u0438\u0447\u0435\u0441\u043a\u0430\u044f \u0446\u0435\u043d\u043d\u043e\u0441\u0442\u044c (\u043d\u0430 100 \u0433): 81 \u043a\u043a\u0430\u043b. \u0422\u043e\u0432\u0430\u0440 \u0441\u0435\u0440\u0442\u0438\u0444\u0438\u0446\u0438\u0440\u043e\u0432\u0430\u043d.<\/p>","protected":false},"excerpt":{"rendered":"<p>\u041a\u043e\u0440\u043c \u0441\u043e\u0434\u0435\u0440\u0436\u0438\u0442 \u0436\u0438\u0440\u043d\u044b\u0435 \u043a\u0438\u0441\u043b\u043e\u0442\u044b \u041e\u043c\u0435\u0433\u0430-6, \u0430 \u0442\u0430\u043a\u0436\u0435 \u043f\u0440\u0430\u0432\u0438\u043b\u044c\u043d\u043e\u0435 \u0441\u043e\u0447\u0435\u0442\u0430\u043d\u0438\u0435 \u0431\u0435\u043b\u043a\u043e\u0432 \u0438 \u0432\u0438\u0442\u0430\u043c\u0438\u043d\u043e\u0432, \u0447\u0442\u043e\u0431\u044b \u043f\u043e\u043b\u043d\u043e\u0441\u0442\u044c\u044e \u0443\u0434\u043e\u0432\u043b\u0435\u0442\u0432\u043e\u0440\u0438\u0442\u044c \u0435\u0436\u0435\u0434\u043d\u0435\u0432\u043d\u044b\u0435 \u043f\u043e\u0442\u0440\u0435\u0431\u043d\u043e\u0441\u0442\u0438 \u0432\u0430\u0448\u0435\u0439 \u043a\u043e\u0448\u043a\u0438.<\/p>","protected":false},"featured_media":22338,"template":"","meta":{"inline_featured_image":false,"_joinchat":[]},"product_cat":[188,190],"product_tag":[],"class_list":{"0":"post-22337","1":"product","2":"type-product","3":"status-publish","4":"has-post-thumbnail","6":"product_brand-felix","7":"product_cat-cat","8":"product_cat-cat-wetfoods","10":"first","11":"instock","12":"shipping-taxable","13":"purchasable","14":"product-type-simple"},"yoast_head":"<!-- This site is optimized with the Yoast SEO plugin v27.4 - https:\/\/yoast.com\/product\/yoast-seo-wordpress\/ -->\n<title>Felix Duck with carrot in Jelly 75 g - Zooland.az<\/title>\n<meta name=\"robots\" content=\"index, follow, max-snippet:-1, max-image-preview:large, max-video-preview:-1\" \/>\n<link rel=\"canonical\" href=\"https:\/\/zoo-land.az\/ru\/shop\/cat\/cat-wetfoods\/felix-duck-with-carrot-in-jelly-75-g\/\" \/>\n<meta property=\"og:locale\" content=\"ru_RU\" \/>\n<meta property=\"og:type\" content=\"article\" \/>\n<meta property=\"og:title\" content=\"Felix Duck with carrot in Jelly 75 g - Zooland.az\" \/>\n<meta property=\"og:description\" content=\"The food contains Omega-6 fatty acids, as well as the right combination of protein and vitamins to fully meet your cat&#039;s daily needs.\" \/>\n<meta property=\"og:url\" content=\"https:\/\/zoo-land.az\/ru\/shop\/cat\/cat-wetfoods\/felix-duck-with-carrot-in-jelly-75-g\/\" \/>\n<meta property=\"og:site_name\" content=\"Zooland.az\" \/>\n<meta property=\"og:image\" content=\"https:\/\/zoo-land.az\/wp-content\/uploads\/2024\/06\/7613034957658.jpg\" \/>\n\t<meta property=\"og:image:width\" content=\"800\" \/>\n\t<meta property=\"og:image:height\" content=\"800\" \/>\n\t<meta property=\"og:image:type\" content=\"image\/jpeg\" \/>\n<meta name=\"twitter:card\" content=\"summary_large_image\" \/>\n<script type=\"application\/ld+json\" class=\"yoast-schema-graph\">{\"@context\":\"https:\\\/\\\/schema.org\",\"@graph\":[{\"@type\":\"WebPage\",\"@id\":\"https:\\\/\\\/zoo-land.az\\\/shop\\\/cat\\\/cat-wetfoods\\\/felix-duck-with-carrot-in-jelly-75-g\\\/\",\"url\":\"https:\\\/\\\/zoo-land.az\\\/shop\\\/cat\\\/cat-wetfoods\\\/felix-duck-with-carrot-in-jelly-75-g\\\/\",\"name\":\"Felix Duck with carrot in Jelly 75 g - Zooland.az\",\"isPartOf\":{\"@id\":\"https:\\\/\\\/zoo-land.az\\\/#website\"},\"primaryImageOfPage\":{\"@id\":\"https:\\\/\\\/zoo-land.az\\\/shop\\\/cat\\\/cat-wetfoods\\\/felix-duck-with-carrot-in-jelly-75-g\\\/#primaryimage\"},\"image\":{\"@id\":\"https:\\\/\\\/zoo-land.az\\\/shop\\\/cat\\\/cat-wetfoods\\\/felix-duck-with-carrot-in-jelly-75-g\\\/#primaryimage\"},\"thumbnailUrl\":\"https:\\\/\\\/zoo-land.az\\\/wp-content\\\/uploads\\\/2024\\\/06\\\/7613034957658.jpg\",\"datePublished\":\"2024-06-01T11:41:18+00:00\",\"breadcrumb\":{\"@id\":\"https:\\\/\\\/zoo-land.az\\\/shop\\\/cat\\\/cat-wetfoods\\\/felix-duck-with-carrot-in-jelly-75-g\\\/#breadcrumb\"},\"inLanguage\":\"ru-RU\",\"potentialAction\":[{\"@type\":\"ReadAction\",\"target\":[\"https:\\\/\\\/zoo-land.az\\\/shop\\\/cat\\\/cat-wetfoods\\\/felix-duck-with-carrot-in-jelly-75-g\\\/\"]}]},{\"@type\":\"ImageObject\",\"inLanguage\":\"ru-RU\",\"@id\":\"https:\\\/\\\/zoo-land.az\\\/shop\\\/cat\\\/cat-wetfoods\\\/felix-duck-with-carrot-in-jelly-75-g\\\/#primaryimage\",\"url\":\"https:\\\/\\\/zoo-land.az\\\/wp-content\\\/uploads\\\/2024\\\/06\\\/7613034957658.jpg\",\"contentUrl\":\"https:\\\/\\\/zoo-land.az\\\/wp-content\\\/uploads\\\/2024\\\/06\\\/7613034957658.jpg\",\"width\":800,\"height\":800},{\"@type\":\"BreadcrumbList\",\"@id\":\"https:\\\/\\\/zoo-land.az\\\/shop\\\/cat\\\/cat-wetfoods\\\/felix-duck-with-carrot-in-jelly-75-g\\\/#breadcrumb\",\"itemListElement\":[{\"@type\":\"ListItem\",\"position\":1,\"name\":\"Home\",\"item\":\"https:\\\/\\\/zoo-land.az\\\/ru\\\/\"},{\"@type\":\"ListItem\",\"position\":2,\"name\":\"Shop\",\"item\":\"https:\\\/\\\/zoo-land.az\\\/ru\\\/\"},{\"@type\":\"ListItem\",\"position\":3,\"name\":\"Felix Duck with carrot in Jelly 75 g\"}]},{\"@type\":\"WebSite\",\"@id\":\"https:\\\/\\\/zoo-land.az\\\/#website\",\"url\":\"https:\\\/\\\/zoo-land.az\\\/\",\"name\":\"Zooland.az\",\"description\":\"Xo\u015fb\u0259xt ev heyvanlar\u0131n\u0131n \u00fcnvan\u0131 Zooland.az\",\"publisher\":{\"@id\":\"https:\\\/\\\/zoo-land.az\\\/#organization\"},\"potentialAction\":[{\"@type\":\"SearchAction\",\"target\":{\"@type\":\"EntryPoint\",\"urlTemplate\":\"https:\\\/\\\/zoo-land.az\\\/?s={search_term_string}\"},\"query-input\":{\"@type\":\"PropertyValueSpecification\",\"valueRequired\":true,\"valueName\":\"search_term_string\"}}],\"inLanguage\":\"ru-RU\"},{\"@type\":\"Organization\",\"@id\":\"https:\\\/\\\/zoo-land.az\\\/#organization\",\"name\":\"Zooland.az\",\"url\":\"https:\\\/\\\/zoo-land.az\\\/\",\"logo\":{\"@type\":\"ImageObject\",\"inLanguage\":\"ru-RU\",\"@id\":\"https:\\\/\\\/zoo-land.az\\\/#\\\/schema\\\/logo\\\/image\\\/\",\"url\":\"https:\\\/\\\/zoo-land.az\\\/wp-content\\\/uploads\\\/2022\\\/05\\\/logo.svg\",\"contentUrl\":\"https:\\\/\\\/zoo-land.az\\\/wp-content\\\/uploads\\\/2022\\\/05\\\/logo.svg\",\"width\":113,\"height\":46,\"caption\":\"Zooland.az\"},\"image\":{\"@id\":\"https:\\\/\\\/zoo-land.az\\\/#\\\/schema\\\/logo\\\/image\\\/\"}}]}<\/script>\n<!-- \/ Yoast SEO plugin. -->","yoast_head_json":{"title":"Felix Duck with carrot in Jelly 75 g - Zooland.az","robots":{"index":"index","follow":"follow","max-snippet":"max-snippet:-1","max-image-preview":"max-image-preview:large","max-video-preview":"max-video-preview:-1"},"canonical":"https:\/\/zoo-land.az\/ru\/shop\/cat\/cat-wetfoods\/felix-duck-with-carrot-in-jelly-75-g\/","og_locale":"ru_RU","og_type":"article","og_title":"Felix Duck with carrot in Jelly 75 g - Zooland.az","og_description":"The food contains Omega-6 fatty acids, as well as the right combination of protein and vitamins to fully meet your cat's daily needs.","og_url":"https:\/\/zoo-land.az\/ru\/shop\/cat\/cat-wetfoods\/felix-duck-with-carrot-in-jelly-75-g\/","og_site_name":"Zooland.az","og_image":[{"width":800,"height":800,"url":"https:\/\/zoo-land.az\/wp-content\/uploads\/2024\/06\/7613034957658.jpg","type":"image\/jpeg"}],"twitter_card":"summary_large_image","schema":{"@context":"https:\/\/schema.org","@graph":[{"@type":"WebPage","@id":"https:\/\/zoo-land.az\/shop\/cat\/cat-wetfoods\/felix-duck-with-carrot-in-jelly-75-g\/","url":"https:\/\/zoo-land.az\/shop\/cat\/cat-wetfoods\/felix-duck-with-carrot-in-jelly-75-g\/","name":"Felix Duck with carrot in Jelly 75 g - Zooland.az","isPartOf":{"@id":"https:\/\/zoo-land.az\/#website"},"primaryImageOfPage":{"@id":"https:\/\/zoo-land.az\/shop\/cat\/cat-wetfoods\/felix-duck-with-carrot-in-jelly-75-g\/#primaryimage"},"image":{"@id":"https:\/\/zoo-land.az\/shop\/cat\/cat-wetfoods\/felix-duck-with-carrot-in-jelly-75-g\/#primaryimage"},"thumbnailUrl":"https:\/\/zoo-land.az\/wp-content\/uploads\/2024\/06\/7613034957658.jpg","datePublished":"2024-06-01T11:41:18+00:00","breadcrumb":{"@id":"https:\/\/zoo-land.az\/shop\/cat\/cat-wetfoods\/felix-duck-with-carrot-in-jelly-75-g\/#breadcrumb"},"inLanguage":"ru-RU","potentialAction":[{"@type":"ReadAction","target":["https:\/\/zoo-land.az\/shop\/cat\/cat-wetfoods\/felix-duck-with-carrot-in-jelly-75-g\/"]}]},{"@type":"ImageObject","inLanguage":"ru-RU","@id":"https:\/\/zoo-land.az\/shop\/cat\/cat-wetfoods\/felix-duck-with-carrot-in-jelly-75-g\/#primaryimage","url":"https:\/\/zoo-land.az\/wp-content\/uploads\/2024\/06\/7613034957658.jpg","contentUrl":"https:\/\/zoo-land.az\/wp-content\/uploads\/2024\/06\/7613034957658.jpg","width":800,"height":800},{"@type":"BreadcrumbList","@id":"https:\/\/zoo-land.az\/shop\/cat\/cat-wetfoods\/felix-duck-with-carrot-in-jelly-75-g\/#breadcrumb","itemListElement":[{"@type":"ListItem","position":1,"name":"Home","item":"https:\/\/zoo-land.az\/ru\/"},{"@type":"ListItem","position":2,"name":"Shop","item":"https:\/\/zoo-land.az\/ru\/"},{"@type":"ListItem","position":3,"name":"Felix Duck with carrot in Jelly 75 g"}]},{"@type":"WebSite","@id":"https:\/\/zoo-land.az\/#website","url":"https:\/\/zoo-land.az\/","name":"Zooland.az","description":"Xo\u015fb\u0259xt ev heyvanlar\u0131n\u0131n \u00fcnvan\u0131 Zooland.az","publisher":{"@id":"https:\/\/zoo-land.az\/#organization"},"potentialAction":[{"@type":"SearchAction","target":{"@type":"EntryPoint","urlTemplate":"https:\/\/zoo-land.az\/?s={search_term_string}"},"query-input":{"@type":"PropertyValueSpecification","valueRequired":true,"valueName":"search_term_string"}}],"inLanguage":"ru-RU"},{"@type":"Organization","@id":"https:\/\/zoo-land.az\/#organization","name":"Zooland.az","url":"https:\/\/zoo-land.az\/","logo":{"@type":"ImageObject","inLanguage":"ru-RU","@id":"https:\/\/zoo-land.az\/#\/schema\/logo\/image\/","url":"https:\/\/zoo-land.az\/wp-content\/uploads\/2022\/05\/logo.svg","contentUrl":"https:\/\/zoo-land.az\/wp-content\/uploads\/2022\/05\/logo.svg","width":113,"height":46,"caption":"Zooland.az"},"image":{"@id":"https:\/\/zoo-land.az\/#\/schema\/logo\/image\/"}}]}},"_links":{"self":[{"href":"https:\/\/zoo-land.az\/ru\/wp-json\/wp\/v2\/product\/22337","targetHints":{"allow":["GET"]}}],"collection":[{"href":"https:\/\/zoo-land.az\/ru\/wp-json\/wp\/v2\/product"}],"about":[{"href":"https:\/\/zoo-land.az\/ru\/wp-json\/wp\/v2\/types\/product"}],"wp:featuredmedia":[{"embeddable":true,"href":"https:\/\/zoo-land.az\/ru\/wp-json\/wp\/v2\/media\/22338"}],"wp:attachment":[{"href":"https:\/\/zoo-land.az\/ru\/wp-json\/wp\/v2\/media?parent=22337"}],"wp:term":[{"taxonomy":"product_cat","embeddable":true,"href":"https:\/\/zoo-land.az\/ru\/wp-json\/wp\/v2\/product_cat?post=22337"},{"taxonomy":"product_tag","embeddable":true,"href":"https:\/\/zoo-land.az\/ru\/wp-json\/wp\/v2\/product_tag?post=22337"}],"curies":[{"name":"wp","href":"https:\/\/api.w.org\/{rel}","templated":true}]}}