{"id":22339,"date":"2024-06-01T11:50:55","date_gmt":"2024-06-01T11:50:55","guid":{"rendered":"https:\/\/lightsteelblue-zebra-299715.hostingersite.com\/?post_type=product&#038;p=22339"},"modified":"2024-06-01T11:50:55","modified_gmt":"2024-06-01T11:50:55","slug":"felix-chicken-pouch-75-g","status":"publish","type":"product","link":"https:\/\/zoo-land.az\/ru\/shop\/cat\/cat-wetfoods\/felix-chicken-pouch-75-g\/","title":{"rendered":"Felix \u041a\u0443\u0440\u0438\u043d\u044b\u0439 \u043f\u0430\u043a\u0435\u0442\u0438\u043a 75 \u0433"},"content":{"rendered":"<p>As Good as it Looks \u2014 \u044d\u0442\u043e \u0430\u0441\u0441\u043e\u0440\u0442\u0438\u043c\u0435\u043d\u0442 \u043f\u0438\u0442\u0430\u0442\u0435\u043b\u044c\u043d\u043e \u0441\u0431\u0430\u043b\u0430\u043d\u0441\u0438\u0440\u043e\u0432\u0430\u043d\u043d\u044b\u0445 \u0438 \u0432\u043a\u0443\u0441\u043d\u044b\u0445 \u0431\u043b\u044e\u0434, \u043a\u043e\u0442\u043e\u0440\u044b\u0435 \u0432\u044b\u0433\u043b\u044f\u0434\u044f\u0442 \u0438 \u043f\u0430\u0445\u043d\u0443\u0442 \u043d\u0430\u0441\u0442\u043e\u043b\u044c\u043a\u043e \u043c\u044f\u0441\u0438\u0441\u0442\u044b\u043c\u0438, \u0447\u0442\u043e \u043d\u0430\u043f\u043e\u043c\u0438\u043d\u0430\u044e\u0442 \u0435\u0434\u0443, \u043a\u043e\u0442\u043e\u0440\u0443\u044e \u0432\u044b \u043c\u043e\u0433\u043b\u0438 \u0431\u044b \u043f\u0440\u0438\u0433\u043e\u0442\u043e\u0432\u0438\u0442\u044c \u0441\u0430\u043c\u0438.<\/p>\n<h3>\u0424\u0423\u041d\u041a\u0426\u0418\u0418:<\/h3>\n<p>\u2666 \u041f\u043e\u043b\u043d\u043e\u0446\u0435\u043d\u043d\u044b\u0439 \u043a\u043e\u0440\u043c \u0434\u043b\u044f \u0432\u0437\u0440\u043e\u0441\u043b\u044b\u0445 \u043a\u043e\u0448\u0435\u043a.<\/p>\n<p>\u2666 \u042d\u0442\u043e 100% \u0441\u0443\u0442\u043e\u0447\u043d\u043e\u0439 \u043f\u043e\u0442\u0440\u0435\u0431\u043d\u043e\u0441\u0442\u0438 \u0432\u0430\u0448\u0435\u0439 \u043a\u043e\u0448\u043a\u0438 \u0432 \u0432\u0438\u0442\u0430\u043c\u0438\u043d\u0430\u0445 D \u0438 E.<\/p>\n<p>\u2666 \u0418\u0441\u0442\u043e\u0447\u043d\u0438\u043a \u043c\u0438\u043d\u0435\u0440\u0430\u043b\u043e\u0432 \u0438 \u043e\u043c\u0435\u0440\u0433\u0438 6.<\/p>\n<p>\u2666 100% \u0435\u0436\u0435\u0434\u043d\u0435\u0432\u043d\u044b\u0445 \u043f\u043e\u0442\u0440\u0435\u0431\u043d\u043e\u0441\u0442\u0435\u0439 \u0432\u0430\u0448\u0435\u0439 \u043a\u043e\u0448\u043a\u0438.<\/p>\n<p>\u2666 \u0421\u0431\u0430\u043b\u0430\u043d\u0441\u0438\u0440\u043e\u0432\u0430\u043d\u043d\u044b\u0435 \u043c\u0438\u043d\u0435\u0440\u0430\u043b\u044b<\/p>\n<p>\u2666 \u0418\u0437\u0433\u043e\u0442\u043e\u0432\u043b\u0435\u043d\u043e \u0438\u0437 \u043a\u0430\u0447\u0435\u0441\u0442\u0432\u0435\u043d\u043d\u044b\u0445 \u0438\u043d\u0433\u0440\u0435\u0434\u0438\u0435\u043d\u0442\u043e\u0432.<\/p>","protected":false},"excerpt":{"rendered":"<p>As Good as it Looks \u2014 \u044d\u0442\u043e \u0430\u0441\u0441\u043e\u0440\u0442\u0438\u043c\u0435\u043d\u0442 \u043f\u0438\u0442\u0430\u0442\u0435\u043b\u044c\u043d\u043e \u0441\u0431\u0430\u043b\u0430\u043d\u0441\u0438\u0440\u043e\u0432\u0430\u043d\u043d\u044b\u0445 \u0438 \u0432\u043a\u0443\u0441\u043d\u044b\u0445 \u0431\u043b\u044e\u0434, \u043a\u043e\u0442\u043e\u0440\u044b\u0435 \u0432\u044b\u0433\u043b\u044f\u0434\u044f\u0442 \u0438 \u043f\u0430\u0445\u043d\u0443\u0442 \u043d\u0430\u0441\u0442\u043e\u043b\u044c\u043a\u043e \u043c\u044f\u0441\u0438\u0441\u0442\u044b\u043c\u0438, \u0447\u0442\u043e \u043d\u0430\u043f\u043e\u043c\u0438\u043d\u0430\u044e\u0442 \u0435\u0434\u0443, \u043a\u043e\u0442\u043e\u0440\u0443\u044e \u0432\u044b \u043c\u043e\u0433\u043b\u0438 \u0431\u044b \u043f\u0440\u0438\u0433\u043e\u0442\u043e\u0432\u0438\u0442\u044c \u0441\u0430\u043c\u0438.<\/p>","protected":false},"featured_media":22340,"template":"","meta":{"inline_featured_image":false,"_joinchat":[]},"product_cat":[188,190],"product_tag":[],"class_list":{"0":"post-22339","1":"product","2":"type-product","3":"status-publish","4":"has-post-thumbnail","6":"product_brand-felix","7":"product_cat-cat","8":"product_cat-cat-wetfoods","10":"first","11":"instock","12":"shipping-taxable","13":"purchasable","14":"product-type-simple"},"yoast_head":"<!-- This site is optimized with the Yoast SEO plugin v27.4 - https:\/\/yoast.com\/product\/yoast-seo-wordpress\/ -->\n<title>Felix Chicken Pouch 75 g - Zooland.az<\/title>\n<meta name=\"robots\" content=\"index, follow, max-snippet:-1, max-image-preview:large, max-video-preview:-1\" \/>\n<link rel=\"canonical\" href=\"https:\/\/zoo-land.az\/ru\/shop\/cat\/cat-wetfoods\/felix-chicken-pouch-75-g\/\" \/>\n<meta property=\"og:locale\" content=\"ru_RU\" \/>\n<meta property=\"og:type\" content=\"article\" \/>\n<meta property=\"og:title\" content=\"Felix Chicken Pouch 75 g - Zooland.az\" \/>\n<meta property=\"og:description\" content=\"As Good as it Looks is a range of nutritionally balanced and delicious meals which look and smell so meaty, it is like food you might have cooked yourself.\" \/>\n<meta property=\"og:url\" content=\"https:\/\/zoo-land.az\/ru\/shop\/cat\/cat-wetfoods\/felix-chicken-pouch-75-g\/\" \/>\n<meta property=\"og:site_name\" content=\"Zooland.az\" \/>\n<meta property=\"og:image\" content=\"https:\/\/zoo-land.az\/wp-content\/uploads\/2024\/06\/FELIX-CHICKEN-75GR-136947-2000x1500-1.jpg\" \/>\n\t<meta property=\"og:image:width\" content=\"2000\" \/>\n\t<meta property=\"og:image:height\" content=\"1500\" \/>\n\t<meta property=\"og:image:type\" content=\"image\/jpeg\" \/>\n<meta name=\"twitter:card\" content=\"summary_large_image\" \/>\n<script type=\"application\/ld+json\" class=\"yoast-schema-graph\">{\"@context\":\"https:\\\/\\\/schema.org\",\"@graph\":[{\"@type\":\"WebPage\",\"@id\":\"https:\\\/\\\/zoo-land.az\\\/shop\\\/cat\\\/cat-wetfoods\\\/felix-chicken-pouch-75-g\\\/\",\"url\":\"https:\\\/\\\/zoo-land.az\\\/shop\\\/cat\\\/cat-wetfoods\\\/felix-chicken-pouch-75-g\\\/\",\"name\":\"Felix Chicken Pouch 75 g - Zooland.az\",\"isPartOf\":{\"@id\":\"https:\\\/\\\/zoo-land.az\\\/#website\"},\"primaryImageOfPage\":{\"@id\":\"https:\\\/\\\/zoo-land.az\\\/shop\\\/cat\\\/cat-wetfoods\\\/felix-chicken-pouch-75-g\\\/#primaryimage\"},\"image\":{\"@id\":\"https:\\\/\\\/zoo-land.az\\\/shop\\\/cat\\\/cat-wetfoods\\\/felix-chicken-pouch-75-g\\\/#primaryimage\"},\"thumbnailUrl\":\"https:\\\/\\\/zoo-land.az\\\/wp-content\\\/uploads\\\/2024\\\/06\\\/FELIX-CHICKEN-75GR-136947-2000x1500-1.jpg\",\"datePublished\":\"2024-06-01T11:50:55+00:00\",\"breadcrumb\":{\"@id\":\"https:\\\/\\\/zoo-land.az\\\/shop\\\/cat\\\/cat-wetfoods\\\/felix-chicken-pouch-75-g\\\/#breadcrumb\"},\"inLanguage\":\"ru-RU\",\"potentialAction\":[{\"@type\":\"ReadAction\",\"target\":[\"https:\\\/\\\/zoo-land.az\\\/shop\\\/cat\\\/cat-wetfoods\\\/felix-chicken-pouch-75-g\\\/\"]}]},{\"@type\":\"ImageObject\",\"inLanguage\":\"ru-RU\",\"@id\":\"https:\\\/\\\/zoo-land.az\\\/shop\\\/cat\\\/cat-wetfoods\\\/felix-chicken-pouch-75-g\\\/#primaryimage\",\"url\":\"https:\\\/\\\/zoo-land.az\\\/wp-content\\\/uploads\\\/2024\\\/06\\\/FELIX-CHICKEN-75GR-136947-2000x1500-1.jpg\",\"contentUrl\":\"https:\\\/\\\/zoo-land.az\\\/wp-content\\\/uploads\\\/2024\\\/06\\\/FELIX-CHICKEN-75GR-136947-2000x1500-1.jpg\",\"width\":2000,\"height\":1500},{\"@type\":\"BreadcrumbList\",\"@id\":\"https:\\\/\\\/zoo-land.az\\\/shop\\\/cat\\\/cat-wetfoods\\\/felix-chicken-pouch-75-g\\\/#breadcrumb\",\"itemListElement\":[{\"@type\":\"ListItem\",\"position\":1,\"name\":\"Home\",\"item\":\"https:\\\/\\\/zoo-land.az\\\/ru\\\/\"},{\"@type\":\"ListItem\",\"position\":2,\"name\":\"Shop\",\"item\":\"https:\\\/\\\/zoo-land.az\\\/ru\\\/\"},{\"@type\":\"ListItem\",\"position\":3,\"name\":\"Felix Chicken Pouch 75 g\"}]},{\"@type\":\"WebSite\",\"@id\":\"https:\\\/\\\/zoo-land.az\\\/#website\",\"url\":\"https:\\\/\\\/zoo-land.az\\\/\",\"name\":\"Zooland.az\",\"description\":\"Xo\u015fb\u0259xt ev heyvanlar\u0131n\u0131n \u00fcnvan\u0131 Zooland.az\",\"publisher\":{\"@id\":\"https:\\\/\\\/zoo-land.az\\\/#organization\"},\"potentialAction\":[{\"@type\":\"SearchAction\",\"target\":{\"@type\":\"EntryPoint\",\"urlTemplate\":\"https:\\\/\\\/zoo-land.az\\\/?s={search_term_string}\"},\"query-input\":{\"@type\":\"PropertyValueSpecification\",\"valueRequired\":true,\"valueName\":\"search_term_string\"}}],\"inLanguage\":\"ru-RU\"},{\"@type\":\"Organization\",\"@id\":\"https:\\\/\\\/zoo-land.az\\\/#organization\",\"name\":\"Zooland.az\",\"url\":\"https:\\\/\\\/zoo-land.az\\\/\",\"logo\":{\"@type\":\"ImageObject\",\"inLanguage\":\"ru-RU\",\"@id\":\"https:\\\/\\\/zoo-land.az\\\/#\\\/schema\\\/logo\\\/image\\\/\",\"url\":\"https:\\\/\\\/zoo-land.az\\\/wp-content\\\/uploads\\\/2022\\\/05\\\/logo.svg\",\"contentUrl\":\"https:\\\/\\\/zoo-land.az\\\/wp-content\\\/uploads\\\/2022\\\/05\\\/logo.svg\",\"width\":113,\"height\":46,\"caption\":\"Zooland.az\"},\"image\":{\"@id\":\"https:\\\/\\\/zoo-land.az\\\/#\\\/schema\\\/logo\\\/image\\\/\"}}]}<\/script>\n<!-- \/ Yoast SEO plugin. -->","yoast_head_json":{"title":"Felix Chicken Pouch 75 g - Zooland.az","robots":{"index":"index","follow":"follow","max-snippet":"max-snippet:-1","max-image-preview":"max-image-preview:large","max-video-preview":"max-video-preview:-1"},"canonical":"https:\/\/zoo-land.az\/ru\/shop\/cat\/cat-wetfoods\/felix-chicken-pouch-75-g\/","og_locale":"ru_RU","og_type":"article","og_title":"Felix Chicken Pouch 75 g - Zooland.az","og_description":"As Good as it Looks is a range of nutritionally balanced and delicious meals which look and smell so meaty, it is like food you might have cooked yourself.","og_url":"https:\/\/zoo-land.az\/ru\/shop\/cat\/cat-wetfoods\/felix-chicken-pouch-75-g\/","og_site_name":"Zooland.az","og_image":[{"width":2000,"height":1500,"url":"https:\/\/zoo-land.az\/wp-content\/uploads\/2024\/06\/FELIX-CHICKEN-75GR-136947-2000x1500-1.jpg","type":"image\/jpeg"}],"twitter_card":"summary_large_image","schema":{"@context":"https:\/\/schema.org","@graph":[{"@type":"WebPage","@id":"https:\/\/zoo-land.az\/shop\/cat\/cat-wetfoods\/felix-chicken-pouch-75-g\/","url":"https:\/\/zoo-land.az\/shop\/cat\/cat-wetfoods\/felix-chicken-pouch-75-g\/","name":"Felix Chicken Pouch 75 g - Zooland.az","isPartOf":{"@id":"https:\/\/zoo-land.az\/#website"},"primaryImageOfPage":{"@id":"https:\/\/zoo-land.az\/shop\/cat\/cat-wetfoods\/felix-chicken-pouch-75-g\/#primaryimage"},"image":{"@id":"https:\/\/zoo-land.az\/shop\/cat\/cat-wetfoods\/felix-chicken-pouch-75-g\/#primaryimage"},"thumbnailUrl":"https:\/\/zoo-land.az\/wp-content\/uploads\/2024\/06\/FELIX-CHICKEN-75GR-136947-2000x1500-1.jpg","datePublished":"2024-06-01T11:50:55+00:00","breadcrumb":{"@id":"https:\/\/zoo-land.az\/shop\/cat\/cat-wetfoods\/felix-chicken-pouch-75-g\/#breadcrumb"},"inLanguage":"ru-RU","potentialAction":[{"@type":"ReadAction","target":["https:\/\/zoo-land.az\/shop\/cat\/cat-wetfoods\/felix-chicken-pouch-75-g\/"]}]},{"@type":"ImageObject","inLanguage":"ru-RU","@id":"https:\/\/zoo-land.az\/shop\/cat\/cat-wetfoods\/felix-chicken-pouch-75-g\/#primaryimage","url":"https:\/\/zoo-land.az\/wp-content\/uploads\/2024\/06\/FELIX-CHICKEN-75GR-136947-2000x1500-1.jpg","contentUrl":"https:\/\/zoo-land.az\/wp-content\/uploads\/2024\/06\/FELIX-CHICKEN-75GR-136947-2000x1500-1.jpg","width":2000,"height":1500},{"@type":"BreadcrumbList","@id":"https:\/\/zoo-land.az\/shop\/cat\/cat-wetfoods\/felix-chicken-pouch-75-g\/#breadcrumb","itemListElement":[{"@type":"ListItem","position":1,"name":"Home","item":"https:\/\/zoo-land.az\/ru\/"},{"@type":"ListItem","position":2,"name":"Shop","item":"https:\/\/zoo-land.az\/ru\/"},{"@type":"ListItem","position":3,"name":"Felix Chicken Pouch 75 g"}]},{"@type":"WebSite","@id":"https:\/\/zoo-land.az\/#website","url":"https:\/\/zoo-land.az\/","name":"Zooland.az","description":"Xo\u015fb\u0259xt ev heyvanlar\u0131n\u0131n \u00fcnvan\u0131 Zooland.az","publisher":{"@id":"https:\/\/zoo-land.az\/#organization"},"potentialAction":[{"@type":"SearchAction","target":{"@type":"EntryPoint","urlTemplate":"https:\/\/zoo-land.az\/?s={search_term_string}"},"query-input":{"@type":"PropertyValueSpecification","valueRequired":true,"valueName":"search_term_string"}}],"inLanguage":"ru-RU"},{"@type":"Organization","@id":"https:\/\/zoo-land.az\/#organization","name":"Zooland.az","url":"https:\/\/zoo-land.az\/","logo":{"@type":"ImageObject","inLanguage":"ru-RU","@id":"https:\/\/zoo-land.az\/#\/schema\/logo\/image\/","url":"https:\/\/zoo-land.az\/wp-content\/uploads\/2022\/05\/logo.svg","contentUrl":"https:\/\/zoo-land.az\/wp-content\/uploads\/2022\/05\/logo.svg","width":113,"height":46,"caption":"Zooland.az"},"image":{"@id":"https:\/\/zoo-land.az\/#\/schema\/logo\/image\/"}}]}},"_links":{"self":[{"href":"https:\/\/zoo-land.az\/ru\/wp-json\/wp\/v2\/product\/22339","targetHints":{"allow":["GET"]}}],"collection":[{"href":"https:\/\/zoo-land.az\/ru\/wp-json\/wp\/v2\/product"}],"about":[{"href":"https:\/\/zoo-land.az\/ru\/wp-json\/wp\/v2\/types\/product"}],"wp:featuredmedia":[{"embeddable":true,"href":"https:\/\/zoo-land.az\/ru\/wp-json\/wp\/v2\/media\/22340"}],"wp:attachment":[{"href":"https:\/\/zoo-land.az\/ru\/wp-json\/wp\/v2\/media?parent=22339"}],"wp:term":[{"taxonomy":"product_cat","embeddable":true,"href":"https:\/\/zoo-land.az\/ru\/wp-json\/wp\/v2\/product_cat?post=22339"},{"taxonomy":"product_tag","embeddable":true,"href":"https:\/\/zoo-land.az\/ru\/wp-json\/wp\/v2\/product_tag?post=22339"}],"curies":[{"name":"wp","href":"https:\/\/api.w.org\/{rel}","templated":true}]}}