{"id":22341,"date":"2024-06-01T11:54:16","date_gmt":"2024-06-01T11:54:16","guid":{"rendered":"https:\/\/lightsteelblue-zebra-299715.hostingersite.com\/?post_type=product&#038;p=22341"},"modified":"2024-06-01T11:54:16","modified_gmt":"2024-06-01T11:54:16","slug":"darling-dry-food-for-adult-dogs-15-kg","status":"publish","type":"product","link":"https:\/\/zoo-land.az\/ru\/shop\/dog\/dog-food\/darling-dry-food-for-adult-dogs-15-kg\/","title":{"rendered":"\u0421\u0443\u0445\u043e\u0439 \u043a\u043e\u0440\u043c Darling \u0434\u043b\u044f \u0432\u0437\u0440\u043e\u0441\u043b\u044b\u0445 \u0441\u043e\u0431\u0430\u043a 15 \u043a\u0433"},"content":{"rendered":"<p>\u041a\u043e\u0440\u043c \u0434\u043b\u044f \u0441\u043e\u0431\u0430\u043a Darling \u2013 \u044d\u0442\u043e \u0441\u0431\u0430\u043b\u0430\u043d\u0441\u0438\u0440\u043e\u0432\u0430\u043d\u043d\u044b\u0439 \u0440\u0430\u0446\u0438\u043e\u043d, \u043f\u0440\u0438\u0433\u043e\u0442\u043e\u0432\u043b\u0435\u043d\u043d\u044b\u0439 \u0441 \u043b\u044e\u0431\u043e\u0432\u044c\u044e, \u0447\u0442\u043e\u0431\u044b \u0432\u044b \u043c\u043e\u0433\u043b\u0438 \u0437\u0430\u0431\u043e\u0442\u0438\u0442\u044c\u0441\u044f \u043e \u0441\u0432\u043e\u0435\u043c \u043f\u0438\u0442\u043e\u043c\u0446\u0435 \u043a\u0430\u0436\u0434\u044b\u0439 \u0434\u0435\u043d\u044c. \u041a\u043e\u0440\u043c \u0414\u0430\u0440\u043b\u0438\u043d\u0433 \u0438\u0437\u0433\u043e\u0442\u043e\u0432\u043b\u0435\u043d \u0438\u0437 \u0432\u044b\u0441\u043e\u043a\u043e\u043a\u0430\u0447\u0435\u0441\u0442\u0432\u0435\u043d\u043d\u044b\u0445 \u0438\u043d\u0433\u0440\u0435\u0434\u0438\u0435\u043d\u0442\u043e\u0432 \u0438 \u0441\u043e\u0434\u0435\u0440\u0436\u0438\u0442 \u0432\u0438\u0442\u0430\u043c\u0438\u043d\u044b \u0438 \u043c\u0438\u043d\u0435\u0440\u0430\u043b\u044b, \u043d\u0435\u043e\u0431\u0445\u043e\u0434\u0438\u043c\u044b\u0435 \u0434\u043b\u044f \u0442\u043e\u0433\u043e, \u0447\u0442\u043e\u0431\u044b \u0432\u0430\u0448\u0430 \u0441\u043e\u0431\u0430\u043a\u0430 \u0431\u044b\u043b\u0430 \u0437\u0434\u043e\u0440\u043e\u0432\u043e\u0439, \u0430\u043a\u0442\u0438\u0432\u043d\u043e\u0439 \u0438 \u043f\u0440\u0438\u043d\u043e\u0441\u0438\u043b\u0430 \u0440\u0430\u0434\u043e\u0441\u0442\u044c \u0432\u0430\u0448\u0435\u0439 \u0441\u0435\u043c\u044c\u0435. \u0411\u0435\u0437 \u0434\u043e\u0431\u0430\u0432\u043b\u0435\u043d\u0438\u044f \u043a\u0440\u0430\u0441\u0438\u0442\u0435\u043b\u0435\u0439.<\/p>","protected":false},"excerpt":{"rendered":"<p>\u041a\u043e\u0440\u043c \u0434\u043b\u044f \u0441\u043e\u0431\u0430\u043a Darling \u2013 \u044d\u0442\u043e \u0441\u0431\u0430\u043b\u0430\u043d\u0441\u0438\u0440\u043e\u0432\u0430\u043d\u043d\u044b\u0439 \u0440\u0430\u0446\u0438\u043e\u043d, \u043f\u0440\u0438\u0433\u043e\u0442\u043e\u0432\u043b\u0435\u043d\u043d\u044b\u0439 \u0441 \u043b\u044e\u0431\u043e\u0432\u044c\u044e, \u0447\u0442\u043e\u0431\u044b \u0432\u044b \u043c\u043e\u0433\u043b\u0438 \u0437\u0430\u0431\u043e\u0442\u0438\u0442\u044c\u0441\u044f \u043e \u0441\u0432\u043e\u0435\u043c \u043f\u0438\u0442\u043e\u043c\u0446\u0435 \u043a\u0430\u0436\u0434\u044b\u0439 \u0434\u0435\u043d\u044c. \u041a\u043e\u0440\u043c \u0414\u0430\u0440\u043b\u0438\u043d\u0433 \u0438\u0437\u0433\u043e\u0442\u043e\u0432\u043b\u0435\u043d \u0438\u0437 \u0432\u044b\u0441\u043e\u043a\u043e\u043a\u0430\u0447\u0435\u0441\u0442\u0432\u0435\u043d\u043d\u044b\u0445 \u0438\u043d\u0433\u0440\u0435\u0434\u0438\u0435\u043d\u0442\u043e\u0432 \u0438 \u0441\u043e\u0434\u0435\u0440\u0436\u0438\u0442 \u0432\u0438\u0442\u0430\u043c\u0438\u043d\u044b \u0438 \u043c\u0438\u043d\u0435\u0440\u0430\u043b\u044b, \u043d\u0435\u043e\u0431\u0445\u043e\u0434\u0438\u043c\u044b\u0435 \u0434\u043b\u044f \u0442\u043e\u0433\u043e, \u0447\u0442\u043e\u0431\u044b \u0432\u0430\u0448\u0430 \u0441\u043e\u0431\u0430\u043a\u0430 \u0431\u044b\u043b\u0430 \u0437\u0434\u043e\u0440\u043e\u0432\u043e\u0439, \u0430\u043a\u0442\u0438\u0432\u043d\u043e\u0439 \u0438 \u043f\u0440\u0438\u043d\u043e\u0441\u0438\u043b\u0430 \u0440\u0430\u0434\u043e\u0441\u0442\u044c \u0432\u0430\u0448\u0435\u0439 \u0441\u0435\u043c\u044c\u0435. \u0411\u0435\u0437 \u0434\u043e\u0431\u0430\u0432\u043b\u0435\u043d\u0438\u044f \u043a\u0440\u0430\u0441\u0438\u0442\u0435\u043b\u0435\u0439.<\/p>","protected":false},"featured_media":22342,"template":"","meta":{"inline_featured_image":false,"_joinchat":[]},"product_cat":[132,107],"product_tag":[],"class_list":{"0":"post-22341","1":"product","2":"type-product","3":"status-publish","4":"has-post-thumbnail","6":"product_brand-darling","7":"product_cat-dog-food","8":"product_cat-dog","10":"first","11":"instock","12":"shipping-taxable","13":"purchasable","14":"product-type-simple"},"yoast_head":"<!-- This site is optimized with the Yoast SEO plugin v27.4 - https:\/\/yoast.com\/product\/yoast-seo-wordpress\/ -->\n<title>Darling Dry Food for Adult Dogs 15 kg - Zooland.az<\/title>\n<meta name=\"robots\" content=\"index, follow, max-snippet:-1, max-image-preview:large, max-video-preview:-1\" \/>\n<link rel=\"canonical\" href=\"https:\/\/zoo-land.az\/ru\/shop\/dog\/dog-food\/darling-dry-food-for-adult-dogs-15-kg\/\" \/>\n<meta property=\"og:locale\" content=\"ru_RU\" \/>\n<meta property=\"og:type\" content=\"article\" \/>\n<meta property=\"og:title\" content=\"Darling Dry Food for Adult Dogs 15 kg - Zooland.az\" \/>\n<meta property=\"og:description\" content=\"Darling dog food is a balanced diet made with love, so you can care for your pet every day. Darling is made from high-quality ingredients and contains vitamins and minerals necessary for your dog to be healthy, active, and bring joy to your family. No added colorants.\" \/>\n<meta property=\"og:url\" content=\"https:\/\/zoo-land.az\/ru\/shop\/dog\/dog-food\/darling-dry-food-for-adult-dogs-15-kg\/\" \/>\n<meta property=\"og:site_name\" content=\"Zooland.az\" \/>\n<meta property=\"og:image\" content=\"https:\/\/zoo-land.az\/wp-content\/uploads\/2024\/06\/njzlg6xgds7c4fzkipjkl64cgc6thyk6.webp\" \/>\n\t<meta property=\"og:image:width\" content=\"450\" \/>\n\t<meta property=\"og:image:height\" content=\"700\" \/>\n\t<meta property=\"og:image:type\" content=\"image\/webp\" \/>\n<meta name=\"twitter:card\" content=\"summary_large_image\" \/>\n<script type=\"application\/ld+json\" class=\"yoast-schema-graph\">{\"@context\":\"https:\\\/\\\/schema.org\",\"@graph\":[{\"@type\":\"WebPage\",\"@id\":\"https:\\\/\\\/zoo-land.az\\\/shop\\\/dog\\\/dog-food\\\/darling-dry-food-for-adult-dogs-15-kg\\\/\",\"url\":\"https:\\\/\\\/zoo-land.az\\\/shop\\\/dog\\\/dog-food\\\/darling-dry-food-for-adult-dogs-15-kg\\\/\",\"name\":\"Darling Dry Food for Adult Dogs 15 kg - Zooland.az\",\"isPartOf\":{\"@id\":\"https:\\\/\\\/zoo-land.az\\\/#website\"},\"primaryImageOfPage\":{\"@id\":\"https:\\\/\\\/zoo-land.az\\\/shop\\\/dog\\\/dog-food\\\/darling-dry-food-for-adult-dogs-15-kg\\\/#primaryimage\"},\"image\":{\"@id\":\"https:\\\/\\\/zoo-land.az\\\/shop\\\/dog\\\/dog-food\\\/darling-dry-food-for-adult-dogs-15-kg\\\/#primaryimage\"},\"thumbnailUrl\":\"https:\\\/\\\/zoo-land.az\\\/wp-content\\\/uploads\\\/2024\\\/06\\\/njzlg6xgds7c4fzkipjkl64cgc6thyk6.webp\",\"datePublished\":\"2024-06-01T11:54:16+00:00\",\"breadcrumb\":{\"@id\":\"https:\\\/\\\/zoo-land.az\\\/shop\\\/dog\\\/dog-food\\\/darling-dry-food-for-adult-dogs-15-kg\\\/#breadcrumb\"},\"inLanguage\":\"ru-RU\",\"potentialAction\":[{\"@type\":\"ReadAction\",\"target\":[\"https:\\\/\\\/zoo-land.az\\\/shop\\\/dog\\\/dog-food\\\/darling-dry-food-for-adult-dogs-15-kg\\\/\"]}]},{\"@type\":\"ImageObject\",\"inLanguage\":\"ru-RU\",\"@id\":\"https:\\\/\\\/zoo-land.az\\\/shop\\\/dog\\\/dog-food\\\/darling-dry-food-for-adult-dogs-15-kg\\\/#primaryimage\",\"url\":\"https:\\\/\\\/zoo-land.az\\\/wp-content\\\/uploads\\\/2024\\\/06\\\/njzlg6xgds7c4fzkipjkl64cgc6thyk6.webp\",\"contentUrl\":\"https:\\\/\\\/zoo-land.az\\\/wp-content\\\/uploads\\\/2024\\\/06\\\/njzlg6xgds7c4fzkipjkl64cgc6thyk6.webp\",\"width\":450,\"height\":700},{\"@type\":\"BreadcrumbList\",\"@id\":\"https:\\\/\\\/zoo-land.az\\\/shop\\\/dog\\\/dog-food\\\/darling-dry-food-for-adult-dogs-15-kg\\\/#breadcrumb\",\"itemListElement\":[{\"@type\":\"ListItem\",\"position\":1,\"name\":\"Home\",\"item\":\"https:\\\/\\\/zoo-land.az\\\/ru\\\/\"},{\"@type\":\"ListItem\",\"position\":2,\"name\":\"Shop\",\"item\":\"https:\\\/\\\/zoo-land.az\\\/ru\\\/\"},{\"@type\":\"ListItem\",\"position\":3,\"name\":\"Darling Dry Food for Adult Dogs 15 kg\"}]},{\"@type\":\"WebSite\",\"@id\":\"https:\\\/\\\/zoo-land.az\\\/#website\",\"url\":\"https:\\\/\\\/zoo-land.az\\\/\",\"name\":\"Zooland.az\",\"description\":\"Xo\u015fb\u0259xt ev heyvanlar\u0131n\u0131n \u00fcnvan\u0131 Zooland.az\",\"publisher\":{\"@id\":\"https:\\\/\\\/zoo-land.az\\\/#organization\"},\"potentialAction\":[{\"@type\":\"SearchAction\",\"target\":{\"@type\":\"EntryPoint\",\"urlTemplate\":\"https:\\\/\\\/zoo-land.az\\\/?s={search_term_string}\"},\"query-input\":{\"@type\":\"PropertyValueSpecification\",\"valueRequired\":true,\"valueName\":\"search_term_string\"}}],\"inLanguage\":\"ru-RU\"},{\"@type\":\"Organization\",\"@id\":\"https:\\\/\\\/zoo-land.az\\\/#organization\",\"name\":\"Zooland.az\",\"url\":\"https:\\\/\\\/zoo-land.az\\\/\",\"logo\":{\"@type\":\"ImageObject\",\"inLanguage\":\"ru-RU\",\"@id\":\"https:\\\/\\\/zoo-land.az\\\/#\\\/schema\\\/logo\\\/image\\\/\",\"url\":\"https:\\\/\\\/zoo-land.az\\\/wp-content\\\/uploads\\\/2022\\\/05\\\/logo.svg\",\"contentUrl\":\"https:\\\/\\\/zoo-land.az\\\/wp-content\\\/uploads\\\/2022\\\/05\\\/logo.svg\",\"width\":113,\"height\":46,\"caption\":\"Zooland.az\"},\"image\":{\"@id\":\"https:\\\/\\\/zoo-land.az\\\/#\\\/schema\\\/logo\\\/image\\\/\"}}]}<\/script>\n<!-- \/ Yoast SEO plugin. -->","yoast_head_json":{"title":"Darling Dry Food for Adult Dogs 15 kg - Zooland.az","robots":{"index":"index","follow":"follow","max-snippet":"max-snippet:-1","max-image-preview":"max-image-preview:large","max-video-preview":"max-video-preview:-1"},"canonical":"https:\/\/zoo-land.az\/ru\/shop\/dog\/dog-food\/darling-dry-food-for-adult-dogs-15-kg\/","og_locale":"ru_RU","og_type":"article","og_title":"Darling Dry Food for Adult Dogs 15 kg - Zooland.az","og_description":"Darling dog food is a balanced diet made with love, so you can care for your pet every day. Darling is made from high-quality ingredients and contains vitamins and minerals necessary for your dog to be healthy, active, and bring joy to your family. No added colorants.","og_url":"https:\/\/zoo-land.az\/ru\/shop\/dog\/dog-food\/darling-dry-food-for-adult-dogs-15-kg\/","og_site_name":"Zooland.az","og_image":[{"width":450,"height":700,"url":"https:\/\/zoo-land.az\/wp-content\/uploads\/2024\/06\/njzlg6xgds7c4fzkipjkl64cgc6thyk6.webp","type":"image\/webp"}],"twitter_card":"summary_large_image","schema":{"@context":"https:\/\/schema.org","@graph":[{"@type":"WebPage","@id":"https:\/\/zoo-land.az\/shop\/dog\/dog-food\/darling-dry-food-for-adult-dogs-15-kg\/","url":"https:\/\/zoo-land.az\/shop\/dog\/dog-food\/darling-dry-food-for-adult-dogs-15-kg\/","name":"Darling Dry Food for Adult Dogs 15 kg - Zooland.az","isPartOf":{"@id":"https:\/\/zoo-land.az\/#website"},"primaryImageOfPage":{"@id":"https:\/\/zoo-land.az\/shop\/dog\/dog-food\/darling-dry-food-for-adult-dogs-15-kg\/#primaryimage"},"image":{"@id":"https:\/\/zoo-land.az\/shop\/dog\/dog-food\/darling-dry-food-for-adult-dogs-15-kg\/#primaryimage"},"thumbnailUrl":"https:\/\/zoo-land.az\/wp-content\/uploads\/2024\/06\/njzlg6xgds7c4fzkipjkl64cgc6thyk6.webp","datePublished":"2024-06-01T11:54:16+00:00","breadcrumb":{"@id":"https:\/\/zoo-land.az\/shop\/dog\/dog-food\/darling-dry-food-for-adult-dogs-15-kg\/#breadcrumb"},"inLanguage":"ru-RU","potentialAction":[{"@type":"ReadAction","target":["https:\/\/zoo-land.az\/shop\/dog\/dog-food\/darling-dry-food-for-adult-dogs-15-kg\/"]}]},{"@type":"ImageObject","inLanguage":"ru-RU","@id":"https:\/\/zoo-land.az\/shop\/dog\/dog-food\/darling-dry-food-for-adult-dogs-15-kg\/#primaryimage","url":"https:\/\/zoo-land.az\/wp-content\/uploads\/2024\/06\/njzlg6xgds7c4fzkipjkl64cgc6thyk6.webp","contentUrl":"https:\/\/zoo-land.az\/wp-content\/uploads\/2024\/06\/njzlg6xgds7c4fzkipjkl64cgc6thyk6.webp","width":450,"height":700},{"@type":"BreadcrumbList","@id":"https:\/\/zoo-land.az\/shop\/dog\/dog-food\/darling-dry-food-for-adult-dogs-15-kg\/#breadcrumb","itemListElement":[{"@type":"ListItem","position":1,"name":"Home","item":"https:\/\/zoo-land.az\/ru\/"},{"@type":"ListItem","position":2,"name":"Shop","item":"https:\/\/zoo-land.az\/ru\/"},{"@type":"ListItem","position":3,"name":"Darling Dry Food for Adult Dogs 15 kg"}]},{"@type":"WebSite","@id":"https:\/\/zoo-land.az\/#website","url":"https:\/\/zoo-land.az\/","name":"Zooland.az","description":"Xo\u015fb\u0259xt ev heyvanlar\u0131n\u0131n \u00fcnvan\u0131 Zooland.az","publisher":{"@id":"https:\/\/zoo-land.az\/#organization"},"potentialAction":[{"@type":"SearchAction","target":{"@type":"EntryPoint","urlTemplate":"https:\/\/zoo-land.az\/?s={search_term_string}"},"query-input":{"@type":"PropertyValueSpecification","valueRequired":true,"valueName":"search_term_string"}}],"inLanguage":"ru-RU"},{"@type":"Organization","@id":"https:\/\/zoo-land.az\/#organization","name":"Zooland.az","url":"https:\/\/zoo-land.az\/","logo":{"@type":"ImageObject","inLanguage":"ru-RU","@id":"https:\/\/zoo-land.az\/#\/schema\/logo\/image\/","url":"https:\/\/zoo-land.az\/wp-content\/uploads\/2022\/05\/logo.svg","contentUrl":"https:\/\/zoo-land.az\/wp-content\/uploads\/2022\/05\/logo.svg","width":113,"height":46,"caption":"Zooland.az"},"image":{"@id":"https:\/\/zoo-land.az\/#\/schema\/logo\/image\/"}}]}},"_links":{"self":[{"href":"https:\/\/zoo-land.az\/ru\/wp-json\/wp\/v2\/product\/22341","targetHints":{"allow":["GET"]}}],"collection":[{"href":"https:\/\/zoo-land.az\/ru\/wp-json\/wp\/v2\/product"}],"about":[{"href":"https:\/\/zoo-land.az\/ru\/wp-json\/wp\/v2\/types\/product"}],"wp:featuredmedia":[{"embeddable":true,"href":"https:\/\/zoo-land.az\/ru\/wp-json\/wp\/v2\/media\/22342"}],"wp:attachment":[{"href":"https:\/\/zoo-land.az\/ru\/wp-json\/wp\/v2\/media?parent=22341"}],"wp:term":[{"taxonomy":"product_cat","embeddable":true,"href":"https:\/\/zoo-land.az\/ru\/wp-json\/wp\/v2\/product_cat?post=22341"},{"taxonomy":"product_tag","embeddable":true,"href":"https:\/\/zoo-land.az\/ru\/wp-json\/wp\/v2\/product_tag?post=22341"}],"curies":[{"name":"wp","href":"https:\/\/api.w.org\/{rel}","templated":true}]}}