{"id":22346,"date":"2024-06-01T12:04:50","date_gmt":"2024-06-01T12:04:50","guid":{"rendered":"https:\/\/lightsteelblue-zebra-299715.hostingersite.com\/?post_type=product&#038;p=22346"},"modified":"2024-06-01T12:04:51","modified_gmt":"2024-06-01T12:04:51","slug":"pedigree-adult-15-kg","status":"publish","type":"product","link":"https:\/\/zoo-land.az\/ru\/shop\/dog\/dog-food\/pedigree-adult-15-kg\/","title":{"rendered":"\u0420\u043e\u0434\u043e\u0441\u043b\u043e\u0432\u043d\u0430\u044f \u0412\u0437\u0440\u043e\u0441\u043b\u044b\u0439 15 \u043a\u0433"},"content":{"rendered":"<p>PEDIGREE \u2013 \u044d\u0442\u043e \u043f\u0438\u0442\u0430\u0442\u0435\u043b\u044c\u043d\u044b\u0439 \u0438 \u0432\u043a\u0443\u0441\u043d\u044b\u0439 \u043a\u043e\u0440\u043c, \u043f\u0440\u0438\u0433\u043e\u0442\u043e\u0432\u043b\u0435\u043d\u043d\u044b\u0439 \u0441 \u0443\u0447\u0435\u0442\u043e\u043c \u0444\u0438\u0437\u0438\u043e\u043b\u043e\u0433\u0438\u0447\u0435\u0441\u043a\u0438\u0445 \u043f\u043e\u0442\u0440\u0435\u0431\u043d\u043e\u0441\u0442\u0435\u0439 \u0441\u043e\u0431\u0430\u043a, \u0438 \u0435\u0433\u043e \u0441\u043b\u0435\u0434\u0443\u0435\u0442 \u043a\u043e\u0440\u043c\u0438\u0442\u044c \u0440\u0435\u0433\u0443\u043b\u044f\u0440\u043d\u043e.<\/p>\n<p>\u0418\u0441\u0441\u043b\u0435\u0434\u043e\u0432\u0430\u043d\u0438\u044f \u043f\u043e\u043a\u0430\u0437\u044b\u0432\u0430\u044e\u0442, \u0447\u0442\u043e \u0443 \u0441\u043e\u0431\u0430\u043a, \u0440\u0435\u0433\u0443\u043b\u044f\u0440\u043d\u043e \u043f\u043e\u043b\u0443\u0447\u0430\u044e\u0449\u0438\u0445 PEDIGREE\u00ae, \u0443\u043b\u0443\u0447\u0448\u0430\u0435\u0442\u0441\u044f \u043f\u0438\u0449\u0435\u0432\u0430\u0440\u0435\u043d\u0438\u0435 \u0438, \u043a\u0430\u043a \u0441\u043b\u0435\u0434\u0441\u0442\u0432\u0438\u0435, \u043e\u0431\u0449\u0435\u0435 \u0441\u043e\u0441\u0442\u043e\u044f\u043d\u0438\u0435 \u0437\u0434\u043e\u0440\u043e\u0432\u044c\u044f.<\/p>\n<p>\u0412\u0435\u0442\u0435\u0440\u0438\u043d\u0430\u0440 \u043e\u0446\u0435\u043d\u0438\u0432\u0430\u0435\u0442 \u0437\u0434\u043e\u0440\u043e\u0432\u044c\u0435 \u0441\u043e\u0431\u0430\u043a\u0438 \u043f\u043e \u043d\u0435\u0441\u043a\u043e\u043b\u044c\u043a\u0438\u043c \u043f\u0440\u0438\u0437\u043d\u0430\u043a\u0430\u043c, \u0438 \u0432\u0430\u043c \u0441\u043b\u0435\u0434\u0443\u0435\u0442 \u043e\u0431\u0440\u0430\u0442\u0438\u0442\u044c \u0432\u043d\u0438\u043c\u0430\u043d\u0438\u0435 \u043d\u0430 \u043a\u0430\u0447\u0435\u0441\u0442\u0432\u043e \u0441\u0442\u0443\u043b\u0430 \u0432\u0430\u0448\u0435\u0439 \u0441\u043e\u0431\u0430\u043a\u0438.<\/p>","protected":false},"excerpt":{"rendered":"<p>PEDIGREE \u2013 \u044d\u0442\u043e \u043f\u0438\u0442\u0430\u0442\u0435\u043b\u044c\u043d\u044b\u0439 \u0438 \u0432\u043a\u0443\u0441\u043d\u044b\u0439 \u043a\u043e\u0440\u043c, \u043f\u0440\u0438\u0433\u043e\u0442\u043e\u0432\u043b\u0435\u043d\u043d\u044b\u0439 \u0441 \u0443\u0447\u0435\u0442\u043e\u043c \u0444\u0438\u0437\u0438\u043e\u043b\u043e\u0433\u0438\u0447\u0435\u0441\u043a\u0438\u0445 \u043f\u043e\u0442\u0440\u0435\u0431\u043d\u043e\u0441\u0442\u0435\u0439 \u0441\u043e\u0431\u0430\u043a, \u0438 \u0435\u0433\u043e \u0441\u043b\u0435\u0434\u0443\u0435\u0442 \u043a\u043e\u0440\u043c\u0438\u0442\u044c \u0440\u0435\u0433\u0443\u043b\u044f\u0440\u043d\u043e.<\/p>\n<p>\u0418\u0441\u0441\u043b\u0435\u0434\u043e\u0432\u0430\u043d\u0438\u044f \u043f\u043e\u043a\u0430\u0437\u044b\u0432\u0430\u044e\u0442, \u0447\u0442\u043e \u0443 \u0441\u043e\u0431\u0430\u043a, \u0440\u0435\u0433\u0443\u043b\u044f\u0440\u043d\u043e \u043f\u043e\u043b\u0443\u0447\u0430\u044e\u0449\u0438\u0445 PEDIGREE\u00ae, \u0443\u043b\u0443\u0447\u0448\u0430\u0435\u0442\u0441\u044f \u043f\u0438\u0449\u0435\u0432\u0430\u0440\u0435\u043d\u0438\u0435 \u0438, \u043a\u0430\u043a \u0441\u043b\u0435\u0434\u0441\u0442\u0432\u0438\u0435, \u043e\u0431\u0449\u0435\u0435 \u0441\u043e\u0441\u0442\u043e\u044f\u043d\u0438\u0435 \u0437\u0434\u043e\u0440\u043e\u0432\u044c\u044f.<\/p>\n<p>\u0412\u0435\u0442\u0435\u0440\u0438\u043d\u0430\u0440 \u043e\u0446\u0435\u043d\u0438\u0432\u0430\u0435\u0442 \u0437\u0434\u043e\u0440\u043e\u0432\u044c\u0435 \u0441\u043e\u0431\u0430\u043a\u0438 \u043f\u043e \u043d\u0435\u0441\u043a\u043e\u043b\u044c\u043a\u0438\u043c \u043f\u0440\u0438\u0437\u043d\u0430\u043a\u0430\u043c, \u0438 \u0432\u0430\u043c \u0441\u043b\u0435\u0434\u0443\u0435\u0442 \u043e\u0431\u0440\u0430\u0442\u0438\u0442\u044c \u0432\u043d\u0438\u043c\u0430\u043d\u0438\u0435 \u043d\u0430 \u043a\u0430\u0447\u0435\u0441\u0442\u0432\u043e \u0441\u0442\u0443\u043b\u0430 \u0432\u0430\u0448\u0435\u0439 \u0441\u043e\u0431\u0430\u043a\u0438.<\/p>","protected":false},"featured_media":22348,"template":"","meta":{"inline_featured_image":false,"_joinchat":[]},"product_cat":[132,107],"product_tag":[],"class_list":{"0":"post-22346","1":"product","2":"type-product","3":"status-publish","4":"has-post-thumbnail","6":"product_brand-pedigree","7":"product_cat-dog-food","8":"product_cat-dog","10":"first","11":"instock","12":"shipping-taxable","13":"purchasable","14":"product-type-simple"},"yoast_head":"<!-- This site is optimized with the Yoast SEO plugin v26.7 - https:\/\/yoast.com\/wordpress\/plugins\/seo\/ -->\n<title>Pedigree Adult 15 kg - Zooland.az<\/title>\n<meta name=\"robots\" content=\"index, follow, max-snippet:-1, max-image-preview:large, max-video-preview:-1\" \/>\n<link rel=\"canonical\" href=\"https:\/\/zoo-land.az\/ru\/shop\/dog\/dog-food\/pedigree-adult-15-kg\/\" \/>\n<meta property=\"og:locale\" content=\"ru_RU\" \/>\n<meta property=\"og:type\" content=\"article\" \/>\n<meta property=\"og:title\" content=\"Pedigree Adult 15 kg - Zooland.az\" \/>\n<meta property=\"og:description\" content=\"PEDIGREE is nutritious and delicious food prepared with the physiological needs of dogs in mind, and it should be fed regularly.  Studies show that dogs regularly fed with PEDIGREE\u00ae have improved digestion and, consequently, overall health.  A veterinarian assesses a dog&#039;s health based on several signs, and you should pay attention to the quality of your dog&#039;s stool.\" \/>\n<meta property=\"og:url\" content=\"https:\/\/zoo-land.az\/ru\/shop\/dog\/dog-food\/pedigree-adult-15-kg\/\" \/>\n<meta property=\"og:site_name\" content=\"Zooland.az\" \/>\n<meta property=\"article:modified_time\" content=\"2024-06-01T12:04:51+00:00\" \/>\n<meta property=\"og:image\" content=\"https:\/\/zoo-land.az\/wp-content\/uploads\/2024\/06\/pedigree-15-kg67-370x540-2.jpg\" \/>\n\t<meta property=\"og:image:width\" content=\"370\" \/>\n\t<meta property=\"og:image:height\" content=\"540\" \/>\n\t<meta property=\"og:image:type\" content=\"image\/jpeg\" \/>\n<meta name=\"twitter:card\" content=\"summary_large_image\" \/>\n<script type=\"application\/ld+json\" class=\"yoast-schema-graph\">{\"@context\":\"https:\/\/schema.org\",\"@graph\":[{\"@type\":\"WebPage\",\"@id\":\"https:\/\/zoo-land.az\/shop\/dog\/dog-food\/pedigree-adult-15-kg\/\",\"url\":\"https:\/\/zoo-land.az\/shop\/dog\/dog-food\/pedigree-adult-15-kg\/\",\"name\":\"Pedigree Adult 15 kg - Zooland.az\",\"isPartOf\":{\"@id\":\"https:\/\/zoo-land.az\/#website\"},\"primaryImageOfPage\":{\"@id\":\"https:\/\/zoo-land.az\/shop\/dog\/dog-food\/pedigree-adult-15-kg\/#primaryimage\"},\"image\":{\"@id\":\"https:\/\/zoo-land.az\/shop\/dog\/dog-food\/pedigree-adult-15-kg\/#primaryimage\"},\"thumbnailUrl\":\"https:\/\/zoo-land.az\/wp-content\/uploads\/2024\/06\/pedigree-15-kg67-370x540-2.jpg\",\"datePublished\":\"2024-06-01T12:04:50+00:00\",\"dateModified\":\"2024-06-01T12:04:51+00:00\",\"breadcrumb\":{\"@id\":\"https:\/\/zoo-land.az\/shop\/dog\/dog-food\/pedigree-adult-15-kg\/#breadcrumb\"},\"inLanguage\":\"ru-RU\",\"potentialAction\":[{\"@type\":\"ReadAction\",\"target\":[\"https:\/\/zoo-land.az\/shop\/dog\/dog-food\/pedigree-adult-15-kg\/\"]}]},{\"@type\":\"ImageObject\",\"inLanguage\":\"ru-RU\",\"@id\":\"https:\/\/zoo-land.az\/shop\/dog\/dog-food\/pedigree-adult-15-kg\/#primaryimage\",\"url\":\"https:\/\/zoo-land.az\/wp-content\/uploads\/2024\/06\/pedigree-15-kg67-370x540-2.jpg\",\"contentUrl\":\"https:\/\/zoo-land.az\/wp-content\/uploads\/2024\/06\/pedigree-15-kg67-370x540-2.jpg\",\"width\":370,\"height\":540},{\"@type\":\"BreadcrumbList\",\"@id\":\"https:\/\/zoo-land.az\/shop\/dog\/dog-food\/pedigree-adult-15-kg\/#breadcrumb\",\"itemListElement\":[{\"@type\":\"ListItem\",\"position\":1,\"name\":\"Home\",\"item\":\"https:\/\/zoo-land.az\/ru\/\"},{\"@type\":\"ListItem\",\"position\":2,\"name\":\"Shop\",\"item\":\"https:\/\/zoo-land.az\/ru\/\"},{\"@type\":\"ListItem\",\"position\":3,\"name\":\"Pedigree Adult 15 kg\"}]},{\"@type\":\"WebSite\",\"@id\":\"https:\/\/zoo-land.az\/#website\",\"url\":\"https:\/\/zoo-land.az\/\",\"name\":\"Zooland.az\",\"description\":\"Xo\u015fb\u0259xt ev heyvanlar\u0131n\u0131n \u00fcnvan\u0131 Zooland.az\",\"publisher\":{\"@id\":\"https:\/\/zoo-land.az\/#organization\"},\"potentialAction\":[{\"@type\":\"SearchAction\",\"target\":{\"@type\":\"EntryPoint\",\"urlTemplate\":\"https:\/\/zoo-land.az\/?s={search_term_string}\"},\"query-input\":{\"@type\":\"PropertyValueSpecification\",\"valueRequired\":true,\"valueName\":\"search_term_string\"}}],\"inLanguage\":\"ru-RU\"},{\"@type\":\"Organization\",\"@id\":\"https:\/\/zoo-land.az\/#organization\",\"name\":\"Zooland.az\",\"url\":\"https:\/\/zoo-land.az\/\",\"logo\":{\"@type\":\"ImageObject\",\"inLanguage\":\"ru-RU\",\"@id\":\"https:\/\/zoo-land.az\/#\/schema\/logo\/image\/\",\"url\":\"https:\/\/zoo-land.az\/wp-content\/uploads\/2022\/05\/logo.svg\",\"contentUrl\":\"https:\/\/zoo-land.az\/wp-content\/uploads\/2022\/05\/logo.svg\",\"width\":113,\"height\":46,\"caption\":\"Zooland.az\"},\"image\":{\"@id\":\"https:\/\/zoo-land.az\/#\/schema\/logo\/image\/\"}}]}<\/script>\n<!-- \/ Yoast SEO plugin. -->","yoast_head_json":{"title":"Pedigree Adult 15 kg - Zooland.az","robots":{"index":"index","follow":"follow","max-snippet":"max-snippet:-1","max-image-preview":"max-image-preview:large","max-video-preview":"max-video-preview:-1"},"canonical":"https:\/\/zoo-land.az\/ru\/shop\/dog\/dog-food\/pedigree-adult-15-kg\/","og_locale":"ru_RU","og_type":"article","og_title":"Pedigree Adult 15 kg - Zooland.az","og_description":"PEDIGREE is nutritious and delicious food prepared with the physiological needs of dogs in mind, and it should be fed regularly.  Studies show that dogs regularly fed with PEDIGREE\u00ae have improved digestion and, consequently, overall health.  A veterinarian assesses a dog's health based on several signs, and you should pay attention to the quality of your dog's stool.","og_url":"https:\/\/zoo-land.az\/ru\/shop\/dog\/dog-food\/pedigree-adult-15-kg\/","og_site_name":"Zooland.az","article_modified_time":"2024-06-01T12:04:51+00:00","og_image":[{"width":370,"height":540,"url":"https:\/\/zoo-land.az\/wp-content\/uploads\/2024\/06\/pedigree-15-kg67-370x540-2.jpg","type":"image\/jpeg"}],"twitter_card":"summary_large_image","schema":{"@context":"https:\/\/schema.org","@graph":[{"@type":"WebPage","@id":"https:\/\/zoo-land.az\/shop\/dog\/dog-food\/pedigree-adult-15-kg\/","url":"https:\/\/zoo-land.az\/shop\/dog\/dog-food\/pedigree-adult-15-kg\/","name":"Pedigree Adult 15 kg - Zooland.az","isPartOf":{"@id":"https:\/\/zoo-land.az\/#website"},"primaryImageOfPage":{"@id":"https:\/\/zoo-land.az\/shop\/dog\/dog-food\/pedigree-adult-15-kg\/#primaryimage"},"image":{"@id":"https:\/\/zoo-land.az\/shop\/dog\/dog-food\/pedigree-adult-15-kg\/#primaryimage"},"thumbnailUrl":"https:\/\/zoo-land.az\/wp-content\/uploads\/2024\/06\/pedigree-15-kg67-370x540-2.jpg","datePublished":"2024-06-01T12:04:50+00:00","dateModified":"2024-06-01T12:04:51+00:00","breadcrumb":{"@id":"https:\/\/zoo-land.az\/shop\/dog\/dog-food\/pedigree-adult-15-kg\/#breadcrumb"},"inLanguage":"ru-RU","potentialAction":[{"@type":"ReadAction","target":["https:\/\/zoo-land.az\/shop\/dog\/dog-food\/pedigree-adult-15-kg\/"]}]},{"@type":"ImageObject","inLanguage":"ru-RU","@id":"https:\/\/zoo-land.az\/shop\/dog\/dog-food\/pedigree-adult-15-kg\/#primaryimage","url":"https:\/\/zoo-land.az\/wp-content\/uploads\/2024\/06\/pedigree-15-kg67-370x540-2.jpg","contentUrl":"https:\/\/zoo-land.az\/wp-content\/uploads\/2024\/06\/pedigree-15-kg67-370x540-2.jpg","width":370,"height":540},{"@type":"BreadcrumbList","@id":"https:\/\/zoo-land.az\/shop\/dog\/dog-food\/pedigree-adult-15-kg\/#breadcrumb","itemListElement":[{"@type":"ListItem","position":1,"name":"Home","item":"https:\/\/zoo-land.az\/ru\/"},{"@type":"ListItem","position":2,"name":"Shop","item":"https:\/\/zoo-land.az\/ru\/"},{"@type":"ListItem","position":3,"name":"Pedigree Adult 15 kg"}]},{"@type":"WebSite","@id":"https:\/\/zoo-land.az\/#website","url":"https:\/\/zoo-land.az\/","name":"Zooland.az","description":"Xo\u015fb\u0259xt ev heyvanlar\u0131n\u0131n \u00fcnvan\u0131 Zooland.az","publisher":{"@id":"https:\/\/zoo-land.az\/#organization"},"potentialAction":[{"@type":"SearchAction","target":{"@type":"EntryPoint","urlTemplate":"https:\/\/zoo-land.az\/?s={search_term_string}"},"query-input":{"@type":"PropertyValueSpecification","valueRequired":true,"valueName":"search_term_string"}}],"inLanguage":"ru-RU"},{"@type":"Organization","@id":"https:\/\/zoo-land.az\/#organization","name":"Zooland.az","url":"https:\/\/zoo-land.az\/","logo":{"@type":"ImageObject","inLanguage":"ru-RU","@id":"https:\/\/zoo-land.az\/#\/schema\/logo\/image\/","url":"https:\/\/zoo-land.az\/wp-content\/uploads\/2022\/05\/logo.svg","contentUrl":"https:\/\/zoo-land.az\/wp-content\/uploads\/2022\/05\/logo.svg","width":113,"height":46,"caption":"Zooland.az"},"image":{"@id":"https:\/\/zoo-land.az\/#\/schema\/logo\/image\/"}}]}},"_links":{"self":[{"href":"https:\/\/zoo-land.az\/ru\/wp-json\/wp\/v2\/product\/22346","targetHints":{"allow":["GET"]}}],"collection":[{"href":"https:\/\/zoo-land.az\/ru\/wp-json\/wp\/v2\/product"}],"about":[{"href":"https:\/\/zoo-land.az\/ru\/wp-json\/wp\/v2\/types\/product"}],"wp:featuredmedia":[{"embeddable":true,"href":"https:\/\/zoo-land.az\/ru\/wp-json\/wp\/v2\/media\/22348"}],"wp:attachment":[{"href":"https:\/\/zoo-land.az\/ru\/wp-json\/wp\/v2\/media?parent=22346"}],"wp:term":[{"taxonomy":"product_cat","embeddable":true,"href":"https:\/\/zoo-land.az\/ru\/wp-json\/wp\/v2\/product_cat?post=22346"},{"taxonomy":"product_tag","embeddable":true,"href":"https:\/\/zoo-land.az\/ru\/wp-json\/wp\/v2\/product_tag?post=22346"}],"curies":[{"name":"wp","href":"https:\/\/api.w.org\/{rel}","templated":true}]}}