{"id":22412,"date":"2024-06-01T19:18:54","date_gmt":"2024-06-01T19:18:54","guid":{"rendered":"https:\/\/lightsteelblue-zebra-299715.hostingersite.com\/?post_type=product&#038;p=22412"},"modified":"2024-06-01T19:18:55","modified_gmt":"2024-06-01T19:18:55","slug":"pro-plan-small-mini-puppy-7-kg","status":"publish","type":"product","link":"https:\/\/zoo-land.az\/ru\/shop\/dog\/dog-food\/pro-plan-small-mini-puppy-7-kg\/","title":{"rendered":"Pro Plan Small Mini Puppy 7 \u043a\u0433"},"content":{"rendered":"<p><strong>Pro Plan Complete Dry Food for Puppies from 2 to 12 Months<\/strong><\/p>\n<p><strong>\u041a\u043b\u044e\u0447\u0435\u0432\u044b\u0435 \u043f\u0440\u0435\u0438\u043c\u0443\u0449\u0435\u0441\u0442\u0432\u0430:<\/strong><\/p>\n<ol>\n<li><strong>Opti Start:<\/strong>\n<ul>\n<li>Contains colostrum with natural antibodies to boost immune response, enhancing immunity inherited from the mother.<\/li>\n<li>Balances beneficial and harmful bacteria to help prevent digestive issues in puppies.<\/li>\n<\/ul>\n<\/li>\n<li><strong>Vision and Brain Development:<\/strong>\n<ul>\n<li>Includes DHA (a component of maternal milk) essential for optimal brain and vision development.<\/li>\n<\/ul>\n<\/li>\n<li><strong>Skin and Coat Health:<\/strong>\n<ul>\n<li>Contains vital nutrients like Omega 3 and Omega 6 fatty acids to maintain healthy skin, a shiny coat, and protection against environmental factors.<\/li>\n<\/ul>\n<\/li>\n<\/ol>\n<p><strong>\u0418\u043d\u0433\u0440\u0435\u0434\u0438\u0435\u043d\u0442\u044b:<\/strong><\/p>\n<ul>\n<li>Chicken 20%<\/li>\n<li>Wheat<\/li>\n<li>Corn gluten<\/li>\n<li>Dried poultry protein<\/li>\n<li>Rice 8%<\/li>\n<li>Animal fat<\/li>\n<li>Corn<\/li>\n<li>Flavoring additives<\/li>\n<li>Beet pulp<\/li>\n<li>Egg powder<\/li>\n<li>Fish oil<\/li>\n<li>Calcium phosphate<\/li>\n<li>Potassium chloride<\/li>\n<li>Sodium chloride<\/li>\n<li>Minerals<\/li>\n<li>Colostrum<\/li>\n<li>Calcium carbonate<\/li>\n<li>DL-methionine<\/li>\n<li>L-lysine<\/li>\n<li>Copper sulfate (copper 18mg\/kg)<\/li>\n<li>Antioxidants (natural tocopherols)<\/li>\n<\/ul>\n<p><strong>Nutritional Information:<\/strong><\/p>\n<ul>\n<li>Crude protein: 30%<\/li>\n<li>Crude fat: 19%<\/li>\n<li>Crude ash: 7%<\/li>\n<li>Crude fiber: 2%<\/li>\n<li>\u041a\u0430\u043b\u044c\u0446\u0438\u0439: 1.3%<\/li>\n<li>Phosphorus: 1%<\/li>\n<li>Omega 3 fatty acids: 0.15%<\/li>\n<li>Omega 6 fatty acids: 1.5%<\/li>\n<li>DHA: 0.05%<\/li>\n<li>Vitamin A: 15,000 IU\/kg<\/li>\n<li>Vitamin D3: 750 IU\/kg<\/li>\n<li>Vitamin E: 170 mg\/kg<\/li>\n<li>Vitamin C: 70 mg\/kg<\/li>\n<\/ul>\n<p><strong>Feeding Recommendations:<\/strong><\/p>\n<ul>\n<li><strong>During Pregnancy and Lactation:<\/strong> Increase the amount of food given to the mother by 1.5 to 2 times during the last 3-4 weeks of pregnancy and during lactation. After the lactation period ends, reduce the amount of food given to maintain ideal body condition.<\/li>\n<li><strong>Weaning and Growth Period:<\/strong> Puppies receive all necessary nutrients from the mother for the first three weeks of life. For the next 3-6 weeks, start feeding moistened Pro Plan Puppy Original 3-4 times a day. From three months of age, dry food can be introduced.<\/li>\n<\/ul>","protected":false},"excerpt":{"rendered":"<p><strong>Pro Plan Complete Dry Food for Puppies from 2 to 12 Months<\/strong><\/p>","protected":false},"featured_media":22413,"template":"","meta":{"inline_featured_image":false,"_joinchat":[]},"product_cat":[132,107],"product_tag":[],"class_list":{"0":"post-22412","1":"product","2":"type-product","3":"status-publish","4":"has-post-thumbnail","6":"product_brand-proplan","7":"product_cat-dog-food","8":"product_cat-dog","10":"first","11":"instock","12":"shipping-taxable","13":"purchasable","14":"product-type-simple"},"yoast_head":"<!-- This site is optimized with the Yoast SEO plugin v26.7 - https:\/\/yoast.com\/wordpress\/plugins\/seo\/ -->\n<title>Pro Plan Small Mini Puppy 7 kg - Zooland.az<\/title>\n<meta name=\"robots\" content=\"index, follow, max-snippet:-1, max-image-preview:large, max-video-preview:-1\" \/>\n<link rel=\"canonical\" href=\"https:\/\/zoo-land.az\/ru\/shop\/dog\/dog-food\/pro-plan-small-mini-puppy-7-kg\/\" \/>\n<meta property=\"og:locale\" content=\"ru_RU\" \/>\n<meta property=\"og:type\" content=\"article\" \/>\n<meta property=\"og:title\" content=\"Pro Plan Small Mini Puppy 7 kg - Zooland.az\" \/>\n<meta property=\"og:description\" content=\"Pro Plan Complete Dry Food for Puppies from 2 to 12 Months\" \/>\n<meta property=\"og:url\" content=\"https:\/\/zoo-land.az\/ru\/shop\/dog\/dog-food\/pro-plan-small-mini-puppy-7-kg\/\" \/>\n<meta property=\"og:site_name\" content=\"Zooland.az\" \/>\n<meta property=\"article:modified_time\" content=\"2024-06-01T19:18:55+00:00\" \/>\n<meta property=\"og:image\" content=\"https:\/\/zoo-land.az\/wp-content\/uploads\/2024\/06\/188694.970.webp\" \/>\n\t<meta property=\"og:image:width\" content=\"970\" \/>\n\t<meta property=\"og:image:height\" content=\"970\" \/>\n\t<meta property=\"og:image:type\" content=\"image\/webp\" \/>\n<meta name=\"twitter:card\" content=\"summary_large_image\" \/>\n<meta name=\"twitter:label1\" content=\"\u041f\u0440\u0438\u043c\u0435\u0440\u043d\u043e\u0435 \u0432\u0440\u0435\u043c\u044f \u0434\u043b\u044f \u0447\u0442\u0435\u043d\u0438\u044f\" \/>\n\t<meta name=\"twitter:data1\" content=\"1 \u043c\u0438\u043d\u0443\u0442\u0430\" \/>\n<script type=\"application\/ld+json\" class=\"yoast-schema-graph\">{\"@context\":\"https:\/\/schema.org\",\"@graph\":[{\"@type\":\"WebPage\",\"@id\":\"https:\/\/zoo-land.az\/az\/shop\/dog\/dog-food\/pro-plan-small-mini-puppy-7-kg\/\",\"url\":\"https:\/\/zoo-land.az\/az\/shop\/dog\/dog-food\/pro-plan-small-mini-puppy-7-kg\/\",\"name\":\"Pro Plan Small Mini Puppy 7 kg - Zooland.az\",\"isPartOf\":{\"@id\":\"https:\/\/zoo-land.az\/#website\"},\"primaryImageOfPage\":{\"@id\":\"https:\/\/zoo-land.az\/az\/shop\/dog\/dog-food\/pro-plan-small-mini-puppy-7-kg\/#primaryimage\"},\"image\":{\"@id\":\"https:\/\/zoo-land.az\/az\/shop\/dog\/dog-food\/pro-plan-small-mini-puppy-7-kg\/#primaryimage\"},\"thumbnailUrl\":\"https:\/\/zoo-land.az\/wp-content\/uploads\/2024\/06\/188694.970.webp\",\"datePublished\":\"2024-06-01T19:18:54+00:00\",\"dateModified\":\"2024-06-01T19:18:55+00:00\",\"breadcrumb\":{\"@id\":\"https:\/\/zoo-land.az\/az\/shop\/dog\/dog-food\/pro-plan-small-mini-puppy-7-kg\/#breadcrumb\"},\"inLanguage\":\"ru-RU\",\"potentialAction\":[{\"@type\":\"ReadAction\",\"target\":[\"https:\/\/zoo-land.az\/az\/shop\/dog\/dog-food\/pro-plan-small-mini-puppy-7-kg\/\"]}]},{\"@type\":\"ImageObject\",\"inLanguage\":\"ru-RU\",\"@id\":\"https:\/\/zoo-land.az\/az\/shop\/dog\/dog-food\/pro-plan-small-mini-puppy-7-kg\/#primaryimage\",\"url\":\"https:\/\/zoo-land.az\/wp-content\/uploads\/2024\/06\/188694.970.webp\",\"contentUrl\":\"https:\/\/zoo-land.az\/wp-content\/uploads\/2024\/06\/188694.970.webp\",\"width\":970,\"height\":970},{\"@type\":\"BreadcrumbList\",\"@id\":\"https:\/\/zoo-land.az\/az\/shop\/dog\/dog-food\/pro-plan-small-mini-puppy-7-kg\/#breadcrumb\",\"itemListElement\":[{\"@type\":\"ListItem\",\"position\":1,\"name\":\"Home\",\"item\":\"https:\/\/zoo-land.az\/ru\/\"},{\"@type\":\"ListItem\",\"position\":2,\"name\":\"Shop\",\"item\":\"https:\/\/zoo-land.az\/ru\/\"},{\"@type\":\"ListItem\",\"position\":3,\"name\":\"Pro Plan Small Mini Puppy 7 kg\"}]},{\"@type\":\"WebSite\",\"@id\":\"https:\/\/zoo-land.az\/#website\",\"url\":\"https:\/\/zoo-land.az\/\",\"name\":\"Zooland.az\",\"description\":\"Xo\u015fb\u0259xt ev heyvanlar\u0131n\u0131n \u00fcnvan\u0131 Zooland.az\",\"publisher\":{\"@id\":\"https:\/\/zoo-land.az\/#organization\"},\"potentialAction\":[{\"@type\":\"SearchAction\",\"target\":{\"@type\":\"EntryPoint\",\"urlTemplate\":\"https:\/\/zoo-land.az\/?s={search_term_string}\"},\"query-input\":{\"@type\":\"PropertyValueSpecification\",\"valueRequired\":true,\"valueName\":\"search_term_string\"}}],\"inLanguage\":\"ru-RU\"},{\"@type\":\"Organization\",\"@id\":\"https:\/\/zoo-land.az\/#organization\",\"name\":\"Zooland.az\",\"url\":\"https:\/\/zoo-land.az\/\",\"logo\":{\"@type\":\"ImageObject\",\"inLanguage\":\"ru-RU\",\"@id\":\"https:\/\/zoo-land.az\/#\/schema\/logo\/image\/\",\"url\":\"https:\/\/zoo-land.az\/wp-content\/uploads\/2022\/05\/logo.svg\",\"contentUrl\":\"https:\/\/zoo-land.az\/wp-content\/uploads\/2022\/05\/logo.svg\",\"width\":113,\"height\":46,\"caption\":\"Zooland.az\"},\"image\":{\"@id\":\"https:\/\/zoo-land.az\/#\/schema\/logo\/image\/\"}}]}<\/script>\n<!-- \/ Yoast SEO plugin. -->","yoast_head_json":{"title":"Pro Plan Small Mini Puppy 7 kg - Zooland.az","robots":{"index":"index","follow":"follow","max-snippet":"max-snippet:-1","max-image-preview":"max-image-preview:large","max-video-preview":"max-video-preview:-1"},"canonical":"https:\/\/zoo-land.az\/ru\/shop\/dog\/dog-food\/pro-plan-small-mini-puppy-7-kg\/","og_locale":"ru_RU","og_type":"article","og_title":"Pro Plan Small Mini Puppy 7 kg - Zooland.az","og_description":"Pro Plan Complete Dry Food for Puppies from 2 to 12 Months","og_url":"https:\/\/zoo-land.az\/ru\/shop\/dog\/dog-food\/pro-plan-small-mini-puppy-7-kg\/","og_site_name":"Zooland.az","article_modified_time":"2024-06-01T19:18:55+00:00","og_image":[{"width":970,"height":970,"url":"https:\/\/zoo-land.az\/wp-content\/uploads\/2024\/06\/188694.970.webp","type":"image\/webp"}],"twitter_card":"summary_large_image","twitter_misc":{"\u041f\u0440\u0438\u043c\u0435\u0440\u043d\u043e\u0435 \u0432\u0440\u0435\u043c\u044f \u0434\u043b\u044f \u0447\u0442\u0435\u043d\u0438\u044f":"1 \u043c\u0438\u043d\u0443\u0442\u0430"},"schema":{"@context":"https:\/\/schema.org","@graph":[{"@type":"WebPage","@id":"https:\/\/zoo-land.az\/az\/shop\/dog\/dog-food\/pro-plan-small-mini-puppy-7-kg\/","url":"https:\/\/zoo-land.az\/az\/shop\/dog\/dog-food\/pro-plan-small-mini-puppy-7-kg\/","name":"Pro Plan Small Mini Puppy 7 kg - Zooland.az","isPartOf":{"@id":"https:\/\/zoo-land.az\/#website"},"primaryImageOfPage":{"@id":"https:\/\/zoo-land.az\/az\/shop\/dog\/dog-food\/pro-plan-small-mini-puppy-7-kg\/#primaryimage"},"image":{"@id":"https:\/\/zoo-land.az\/az\/shop\/dog\/dog-food\/pro-plan-small-mini-puppy-7-kg\/#primaryimage"},"thumbnailUrl":"https:\/\/zoo-land.az\/wp-content\/uploads\/2024\/06\/188694.970.webp","datePublished":"2024-06-01T19:18:54+00:00","dateModified":"2024-06-01T19:18:55+00:00","breadcrumb":{"@id":"https:\/\/zoo-land.az\/az\/shop\/dog\/dog-food\/pro-plan-small-mini-puppy-7-kg\/#breadcrumb"},"inLanguage":"ru-RU","potentialAction":[{"@type":"ReadAction","target":["https:\/\/zoo-land.az\/az\/shop\/dog\/dog-food\/pro-plan-small-mini-puppy-7-kg\/"]}]},{"@type":"ImageObject","inLanguage":"ru-RU","@id":"https:\/\/zoo-land.az\/az\/shop\/dog\/dog-food\/pro-plan-small-mini-puppy-7-kg\/#primaryimage","url":"https:\/\/zoo-land.az\/wp-content\/uploads\/2024\/06\/188694.970.webp","contentUrl":"https:\/\/zoo-land.az\/wp-content\/uploads\/2024\/06\/188694.970.webp","width":970,"height":970},{"@type":"BreadcrumbList","@id":"https:\/\/zoo-land.az\/az\/shop\/dog\/dog-food\/pro-plan-small-mini-puppy-7-kg\/#breadcrumb","itemListElement":[{"@type":"ListItem","position":1,"name":"Home","item":"https:\/\/zoo-land.az\/ru\/"},{"@type":"ListItem","position":2,"name":"Shop","item":"https:\/\/zoo-land.az\/ru\/"},{"@type":"ListItem","position":3,"name":"Pro Plan Small Mini Puppy 7 kg"}]},{"@type":"WebSite","@id":"https:\/\/zoo-land.az\/#website","url":"https:\/\/zoo-land.az\/","name":"Zooland.az","description":"Xo\u015fb\u0259xt ev heyvanlar\u0131n\u0131n \u00fcnvan\u0131 Zooland.az","publisher":{"@id":"https:\/\/zoo-land.az\/#organization"},"potentialAction":[{"@type":"SearchAction","target":{"@type":"EntryPoint","urlTemplate":"https:\/\/zoo-land.az\/?s={search_term_string}"},"query-input":{"@type":"PropertyValueSpecification","valueRequired":true,"valueName":"search_term_string"}}],"inLanguage":"ru-RU"},{"@type":"Organization","@id":"https:\/\/zoo-land.az\/#organization","name":"Zooland.az","url":"https:\/\/zoo-land.az\/","logo":{"@type":"ImageObject","inLanguage":"ru-RU","@id":"https:\/\/zoo-land.az\/#\/schema\/logo\/image\/","url":"https:\/\/zoo-land.az\/wp-content\/uploads\/2022\/05\/logo.svg","contentUrl":"https:\/\/zoo-land.az\/wp-content\/uploads\/2022\/05\/logo.svg","width":113,"height":46,"caption":"Zooland.az"},"image":{"@id":"https:\/\/zoo-land.az\/#\/schema\/logo\/image\/"}}]}},"_links":{"self":[{"href":"https:\/\/zoo-land.az\/ru\/wp-json\/wp\/v2\/product\/22412","targetHints":{"allow":["GET"]}}],"collection":[{"href":"https:\/\/zoo-land.az\/ru\/wp-json\/wp\/v2\/product"}],"about":[{"href":"https:\/\/zoo-land.az\/ru\/wp-json\/wp\/v2\/types\/product"}],"wp:featuredmedia":[{"embeddable":true,"href":"https:\/\/zoo-land.az\/ru\/wp-json\/wp\/v2\/media\/22413"}],"wp:attachment":[{"href":"https:\/\/zoo-land.az\/ru\/wp-json\/wp\/v2\/media?parent=22412"}],"wp:term":[{"taxonomy":"product_cat","embeddable":true,"href":"https:\/\/zoo-land.az\/ru\/wp-json\/wp\/v2\/product_cat?post=22412"},{"taxonomy":"product_tag","embeddable":true,"href":"https:\/\/zoo-land.az\/ru\/wp-json\/wp\/v2\/product_tag?post=22412"}],"curies":[{"name":"wp","href":"https:\/\/api.w.org\/{rel}","templated":true}]}}