{"id":22436,"date":"2024-06-02T09:14:56","date_gmt":"2024-06-02T09:14:56","guid":{"rendered":"https:\/\/lightsteelblue-zebra-299715.hostingersite.com\/?post_type=product&#038;p=22436"},"modified":"2024-06-02T09:14:57","modified_gmt":"2024-06-02T09:14:57","slug":"chappi-adult-with-beef-poultry-and-vegetables-500-g","status":"publish","type":"product","link":"https:\/\/zoo-land.az\/ru\/shop\/dog\/dog-food\/chappi-adult-with-beef-poultry-and-vegetables-500-g\/","title":{"rendered":"\u0427\u0430\u043f\u043f\u0438 \u0412\u0437\u0440\u043e\u0441\u043b\u044b\u0439 \u0441 \u0433\u043e\u0432\u044f\u0434\u0438\u043d\u043e\u0439, \u043f\u0442\u0438\u0446\u0435\u0439 \u0438 \u043e\u0432\u043e\u0449\u0430\u043c\u0438 500 \u0433"},"content":{"rendered":"<p>Chappi complete dry food is produced for dogs of all breeds from 1 year old. The balanced diet is enriched with all the beneficial substances, so it can be given to your pet daily throughout its life.<\/p>\n<p>The food with beef, poultry, and vegetables does not contain artificial food additives such as flavorings, taste enhancers, colorants, and preservatives. The nutritious and tasty diet consists of crunchy pillows (kibble) containing more than 30 nutrients, including the vitamins and minerals necessary to support your pet&#8217;s vital functions. The composition of Chappi food also includes: grains, meat (beef, poultry), vegetables (carrots, peas), and other beneficial components. The diet satisfies your pet, gives it energy, and helps maintain health.<\/p>\n<p>Features and benefits:<\/p>\n<ul>\n<li>Does not contain artificial flavorings, taste enhancers, preservatives, or colorants<\/li>\n<li>Enriched with vitamins and minerals<\/li>\n<li>Has a rich taste<\/li>\n<li>Oils and fats in the food care for your pet&#8217;s skin and coat<\/li>\n<li>Vegetables, grains, and herbs improve digestion<\/li>\n<\/ul>\n<p>Ingredients: grains, meat and animal products (15%, including 4% beef in red kibble, including 4% poultry in brown kibble), vegetable products, oils and fats, minerals, vegetables (including 4% carrots in orange kibble, 4% peas in green kibble).<\/p>\n<p>Nutritional value per 100g (%):<\/p>\n<ul>\n<li>Crude protein: 20%<\/li>\n<li>Crude fat: 7.5%<\/li>\n<li>Crude ash: 8%<\/li>\n<li>Crude fiber: 2.5%<\/li>\n<li>Calcium: 1.8%<\/li>\n<li>Phosphorus: 1.2%<\/li>\n<\/ul>\n<p>Nutritional additives per 1 kg:<\/p>\n<ul>\n<li>Vitamin A: 10439 IU<\/li>\n<li>Vitamin D3: 1151 IU<\/li>\n<li>Vitamin E: 50 mg<\/li>\n<li>Copper sulfate pentahydrate: 13 mg<\/li>\n<li>Manganese sulfate monohydrate: 65.6 mg<\/li>\n<li>Potassium iodide: 1.1 mg<\/li>\n<li>Sodium selenite: 0.52 mg<\/li>\n<li>Zinc sulfate monohydrate: 175 mg<\/li>\n<\/ul>\n<p>Energy value per 100g: 332 kcal \/ 1390 kJ<\/p>","protected":false},"excerpt":{"rendered":"<p>Chappi complete dry food is produced for dogs of all breeds from 1 year old. The balanced diet is enriched with all the beneficial substances, so it can be given to your pet daily throughout its life.<\/p>","protected":false},"featured_media":22438,"template":"","meta":{"inline_featured_image":false,"_joinchat":[]},"product_cat":[132,107],"product_tag":[],"class_list":{"0":"post-22436","1":"product","2":"type-product","3":"status-publish","4":"has-post-thumbnail","6":"product_brand-chappy","7":"product_cat-dog-food","8":"product_cat-dog","10":"first","11":"instock","12":"shipping-taxable","13":"purchasable","14":"product-type-simple"},"yoast_head":"<!-- This site is optimized with the Yoast SEO plugin v27.4 - https:\/\/yoast.com\/product\/yoast-seo-wordpress\/ -->\n<title>Chappi Adult with beef, poultry and vegetables 500 g - Zooland.az<\/title>\n<meta name=\"robots\" content=\"index, follow, max-snippet:-1, max-image-preview:large, max-video-preview:-1\" \/>\n<link rel=\"canonical\" href=\"https:\/\/zoo-land.az\/ru\/shop\/dog\/dog-food\/chappi-adult-with-beef-poultry-and-vegetables-500-g\/\" \/>\n<meta property=\"og:locale\" content=\"ru_RU\" \/>\n<meta property=\"og:type\" content=\"article\" \/>\n<meta property=\"og:title\" content=\"Chappi Adult with beef, poultry and vegetables 500 g - Zooland.az\" \/>\n<meta property=\"og:description\" content=\"Chappi complete dry food is produced for dogs of all breeds from 1 year old. The balanced diet is enriched with all the beneficial substances, so it can be given to your pet daily throughout its life.\" \/>\n<meta property=\"og:url\" content=\"https:\/\/zoo-land.az\/ru\/shop\/dog\/dog-food\/chappi-adult-with-beef-poultry-and-vegetables-500-g\/\" \/>\n<meta property=\"og:site_name\" content=\"Zooland.az\" \/>\n<meta property=\"article:modified_time\" content=\"2024-06-02T09:14:57+00:00\" \/>\n<meta property=\"og:image\" content=\"https:\/\/zoo-land.az\/wp-content\/uploads\/2024\/06\/5900951017766.webp\" \/>\n\t<meta property=\"og:image:width\" content=\"800\" \/>\n\t<meta property=\"og:image:height\" content=\"800\" \/>\n\t<meta property=\"og:image:type\" content=\"image\/webp\" \/>\n<meta name=\"twitter:card\" content=\"summary_large_image\" \/>\n<meta name=\"twitter:label1\" content=\"\u041f\u0440\u0438\u043c\u0435\u0440\u043d\u043e\u0435 \u0432\u0440\u0435\u043c\u044f \u0434\u043b\u044f \u0447\u0442\u0435\u043d\u0438\u044f\" \/>\n\t<meta name=\"twitter:data1\" content=\"1 \u043c\u0438\u043d\u0443\u0442\u0430\" \/>\n<script type=\"application\/ld+json\" class=\"yoast-schema-graph\">{\"@context\":\"https:\\\/\\\/schema.org\",\"@graph\":[{\"@type\":\"WebPage\",\"@id\":\"https:\\\/\\\/zoo-land.az\\\/shop\\\/dog\\\/dog-food\\\/chappi-adult-with-beef-poultry-and-vegetables-500-g\\\/\",\"url\":\"https:\\\/\\\/zoo-land.az\\\/shop\\\/dog\\\/dog-food\\\/chappi-adult-with-beef-poultry-and-vegetables-500-g\\\/\",\"name\":\"Chappi Adult with beef, poultry and vegetables 500 g - Zooland.az\",\"isPartOf\":{\"@id\":\"https:\\\/\\\/zoo-land.az\\\/#website\"},\"primaryImageOfPage\":{\"@id\":\"https:\\\/\\\/zoo-land.az\\\/shop\\\/dog\\\/dog-food\\\/chappi-adult-with-beef-poultry-and-vegetables-500-g\\\/#primaryimage\"},\"image\":{\"@id\":\"https:\\\/\\\/zoo-land.az\\\/shop\\\/dog\\\/dog-food\\\/chappi-adult-with-beef-poultry-and-vegetables-500-g\\\/#primaryimage\"},\"thumbnailUrl\":\"https:\\\/\\\/zoo-land.az\\\/wp-content\\\/uploads\\\/2024\\\/06\\\/5900951017766.webp\",\"datePublished\":\"2024-06-02T09:14:56+00:00\",\"dateModified\":\"2024-06-02T09:14:57+00:00\",\"breadcrumb\":{\"@id\":\"https:\\\/\\\/zoo-land.az\\\/shop\\\/dog\\\/dog-food\\\/chappi-adult-with-beef-poultry-and-vegetables-500-g\\\/#breadcrumb\"},\"inLanguage\":\"ru-RU\",\"potentialAction\":[{\"@type\":\"ReadAction\",\"target\":[\"https:\\\/\\\/zoo-land.az\\\/shop\\\/dog\\\/dog-food\\\/chappi-adult-with-beef-poultry-and-vegetables-500-g\\\/\"]}]},{\"@type\":\"ImageObject\",\"inLanguage\":\"ru-RU\",\"@id\":\"https:\\\/\\\/zoo-land.az\\\/shop\\\/dog\\\/dog-food\\\/chappi-adult-with-beef-poultry-and-vegetables-500-g\\\/#primaryimage\",\"url\":\"https:\\\/\\\/zoo-land.az\\\/wp-content\\\/uploads\\\/2024\\\/06\\\/5900951017766.webp\",\"contentUrl\":\"https:\\\/\\\/zoo-land.az\\\/wp-content\\\/uploads\\\/2024\\\/06\\\/5900951017766.webp\",\"width\":800,\"height\":800},{\"@type\":\"BreadcrumbList\",\"@id\":\"https:\\\/\\\/zoo-land.az\\\/shop\\\/dog\\\/dog-food\\\/chappi-adult-with-beef-poultry-and-vegetables-500-g\\\/#breadcrumb\",\"itemListElement\":[{\"@type\":\"ListItem\",\"position\":1,\"name\":\"Home\",\"item\":\"https:\\\/\\\/zoo-land.az\\\/ru\\\/\"},{\"@type\":\"ListItem\",\"position\":2,\"name\":\"Shop\",\"item\":\"https:\\\/\\\/zoo-land.az\\\/ru\\\/\"},{\"@type\":\"ListItem\",\"position\":3,\"name\":\"Chappi Adult with beef, poultry and vegetables 500 g\"}]},{\"@type\":\"WebSite\",\"@id\":\"https:\\\/\\\/zoo-land.az\\\/#website\",\"url\":\"https:\\\/\\\/zoo-land.az\\\/\",\"name\":\"Zooland.az\",\"description\":\"Xo\u015fb\u0259xt ev heyvanlar\u0131n\u0131n \u00fcnvan\u0131 Zooland.az\",\"publisher\":{\"@id\":\"https:\\\/\\\/zoo-land.az\\\/#organization\"},\"potentialAction\":[{\"@type\":\"SearchAction\",\"target\":{\"@type\":\"EntryPoint\",\"urlTemplate\":\"https:\\\/\\\/zoo-land.az\\\/?s={search_term_string}\"},\"query-input\":{\"@type\":\"PropertyValueSpecification\",\"valueRequired\":true,\"valueName\":\"search_term_string\"}}],\"inLanguage\":\"ru-RU\"},{\"@type\":\"Organization\",\"@id\":\"https:\\\/\\\/zoo-land.az\\\/#organization\",\"name\":\"Zooland.az\",\"url\":\"https:\\\/\\\/zoo-land.az\\\/\",\"logo\":{\"@type\":\"ImageObject\",\"inLanguage\":\"ru-RU\",\"@id\":\"https:\\\/\\\/zoo-land.az\\\/#\\\/schema\\\/logo\\\/image\\\/\",\"url\":\"https:\\\/\\\/zoo-land.az\\\/wp-content\\\/uploads\\\/2022\\\/05\\\/logo.svg\",\"contentUrl\":\"https:\\\/\\\/zoo-land.az\\\/wp-content\\\/uploads\\\/2022\\\/05\\\/logo.svg\",\"width\":113,\"height\":46,\"caption\":\"Zooland.az\"},\"image\":{\"@id\":\"https:\\\/\\\/zoo-land.az\\\/#\\\/schema\\\/logo\\\/image\\\/\"}}]}<\/script>\n<!-- \/ Yoast SEO plugin. -->","yoast_head_json":{"title":"Chappi Adult with beef, poultry and vegetables 500 g - Zooland.az","robots":{"index":"index","follow":"follow","max-snippet":"max-snippet:-1","max-image-preview":"max-image-preview:large","max-video-preview":"max-video-preview:-1"},"canonical":"https:\/\/zoo-land.az\/ru\/shop\/dog\/dog-food\/chappi-adult-with-beef-poultry-and-vegetables-500-g\/","og_locale":"ru_RU","og_type":"article","og_title":"Chappi Adult with beef, poultry and vegetables 500 g - Zooland.az","og_description":"Chappi complete dry food is produced for dogs of all breeds from 1 year old. The balanced diet is enriched with all the beneficial substances, so it can be given to your pet daily throughout its life.","og_url":"https:\/\/zoo-land.az\/ru\/shop\/dog\/dog-food\/chappi-adult-with-beef-poultry-and-vegetables-500-g\/","og_site_name":"Zooland.az","article_modified_time":"2024-06-02T09:14:57+00:00","og_image":[{"width":800,"height":800,"url":"https:\/\/zoo-land.az\/wp-content\/uploads\/2024\/06\/5900951017766.webp","type":"image\/webp"}],"twitter_card":"summary_large_image","twitter_misc":{"\u041f\u0440\u0438\u043c\u0435\u0440\u043d\u043e\u0435 \u0432\u0440\u0435\u043c\u044f \u0434\u043b\u044f \u0447\u0442\u0435\u043d\u0438\u044f":"1 \u043c\u0438\u043d\u0443\u0442\u0430"},"schema":{"@context":"https:\/\/schema.org","@graph":[{"@type":"WebPage","@id":"https:\/\/zoo-land.az\/shop\/dog\/dog-food\/chappi-adult-with-beef-poultry-and-vegetables-500-g\/","url":"https:\/\/zoo-land.az\/shop\/dog\/dog-food\/chappi-adult-with-beef-poultry-and-vegetables-500-g\/","name":"Chappi Adult with beef, poultry and vegetables 500 g - Zooland.az","isPartOf":{"@id":"https:\/\/zoo-land.az\/#website"},"primaryImageOfPage":{"@id":"https:\/\/zoo-land.az\/shop\/dog\/dog-food\/chappi-adult-with-beef-poultry-and-vegetables-500-g\/#primaryimage"},"image":{"@id":"https:\/\/zoo-land.az\/shop\/dog\/dog-food\/chappi-adult-with-beef-poultry-and-vegetables-500-g\/#primaryimage"},"thumbnailUrl":"https:\/\/zoo-land.az\/wp-content\/uploads\/2024\/06\/5900951017766.webp","datePublished":"2024-06-02T09:14:56+00:00","dateModified":"2024-06-02T09:14:57+00:00","breadcrumb":{"@id":"https:\/\/zoo-land.az\/shop\/dog\/dog-food\/chappi-adult-with-beef-poultry-and-vegetables-500-g\/#breadcrumb"},"inLanguage":"ru-RU","potentialAction":[{"@type":"ReadAction","target":["https:\/\/zoo-land.az\/shop\/dog\/dog-food\/chappi-adult-with-beef-poultry-and-vegetables-500-g\/"]}]},{"@type":"ImageObject","inLanguage":"ru-RU","@id":"https:\/\/zoo-land.az\/shop\/dog\/dog-food\/chappi-adult-with-beef-poultry-and-vegetables-500-g\/#primaryimage","url":"https:\/\/zoo-land.az\/wp-content\/uploads\/2024\/06\/5900951017766.webp","contentUrl":"https:\/\/zoo-land.az\/wp-content\/uploads\/2024\/06\/5900951017766.webp","width":800,"height":800},{"@type":"BreadcrumbList","@id":"https:\/\/zoo-land.az\/shop\/dog\/dog-food\/chappi-adult-with-beef-poultry-and-vegetables-500-g\/#breadcrumb","itemListElement":[{"@type":"ListItem","position":1,"name":"Home","item":"https:\/\/zoo-land.az\/ru\/"},{"@type":"ListItem","position":2,"name":"Shop","item":"https:\/\/zoo-land.az\/ru\/"},{"@type":"ListItem","position":3,"name":"Chappi Adult with beef, poultry and vegetables 500 g"}]},{"@type":"WebSite","@id":"https:\/\/zoo-land.az\/#website","url":"https:\/\/zoo-land.az\/","name":"Zooland.az","description":"Xo\u015fb\u0259xt ev heyvanlar\u0131n\u0131n \u00fcnvan\u0131 Zooland.az","publisher":{"@id":"https:\/\/zoo-land.az\/#organization"},"potentialAction":[{"@type":"SearchAction","target":{"@type":"EntryPoint","urlTemplate":"https:\/\/zoo-land.az\/?s={search_term_string}"},"query-input":{"@type":"PropertyValueSpecification","valueRequired":true,"valueName":"search_term_string"}}],"inLanguage":"ru-RU"},{"@type":"Organization","@id":"https:\/\/zoo-land.az\/#organization","name":"Zooland.az","url":"https:\/\/zoo-land.az\/","logo":{"@type":"ImageObject","inLanguage":"ru-RU","@id":"https:\/\/zoo-land.az\/#\/schema\/logo\/image\/","url":"https:\/\/zoo-land.az\/wp-content\/uploads\/2022\/05\/logo.svg","contentUrl":"https:\/\/zoo-land.az\/wp-content\/uploads\/2022\/05\/logo.svg","width":113,"height":46,"caption":"Zooland.az"},"image":{"@id":"https:\/\/zoo-land.az\/#\/schema\/logo\/image\/"}}]}},"_links":{"self":[{"href":"https:\/\/zoo-land.az\/ru\/wp-json\/wp\/v2\/product\/22436","targetHints":{"allow":["GET"]}}],"collection":[{"href":"https:\/\/zoo-land.az\/ru\/wp-json\/wp\/v2\/product"}],"about":[{"href":"https:\/\/zoo-land.az\/ru\/wp-json\/wp\/v2\/types\/product"}],"wp:featuredmedia":[{"embeddable":true,"href":"https:\/\/zoo-land.az\/ru\/wp-json\/wp\/v2\/media\/22438"}],"wp:attachment":[{"href":"https:\/\/zoo-land.az\/ru\/wp-json\/wp\/v2\/media?parent=22436"}],"wp:term":[{"taxonomy":"product_cat","embeddable":true,"href":"https:\/\/zoo-land.az\/ru\/wp-json\/wp\/v2\/product_cat?post=22436"},{"taxonomy":"product_tag","embeddable":true,"href":"https:\/\/zoo-land.az\/ru\/wp-json\/wp\/v2\/product_tag?post=22436"}],"curies":[{"name":"wp","href":"https:\/\/api.w.org\/{rel}","templated":true}]}}