{"id":22441,"date":"2024-06-02T09:32:11","date_gmt":"2024-06-02T09:32:11","guid":{"rendered":"https:\/\/lightsteelblue-zebra-299715.hostingersite.com\/?post_type=product&#038;p=22441"},"modified":"2024-06-02T09:32:11","modified_gmt":"2024-06-02T09:32:11","slug":"trixie-junior-kitty-cat-harness-with-leash","status":"publish","type":"product","link":"https:\/\/zoo-land.az\/ru\/shop\/cat\/cat-category\/trixie-junior-kitty-cat-harness-with-leash\/","title":{"rendered":"\u0428\u043b\u0435\u0439\u043a\u0430 Trixie Junior Kitty Cat \u0441 \u043f\u043e\u0432\u043e\u0434\u043a\u043e\u043c"},"content":{"rendered":"<p>Is it worth turning a kitten into a homebody, or is it still necessary to walk them outdoors? For young restless ones, the Trixie company has developed a comfortable ergonomic harness for kittens. Convenient and quickly worn on the pet, it provides even distribution of the load on the spine without restricting movement. It ensures the safety of the kitten on a walk and also helps to teach them discipline.<\/p>","protected":false},"excerpt":{"rendered":"<p>Is it worth turning a kitten into a homebody, or is it still necessary to walk them outdoors? For young restless ones, the Trixie company has developed a comfortable ergonomic harness for kittens. Convenient and quickly worn on the pet, it provides even distribution of the load on the spine without restricting movement. It ensures the safety of the kitten on a walk and also helps to teach them discipline.<\/p>","protected":false},"featured_media":22442,"template":"","meta":{"inline_featured_image":false,"_joinchat":[]},"product_cat":[188,198],"product_tag":[],"class_list":{"0":"post-22441","1":"product","2":"type-product","3":"status-publish","4":"has-post-thumbnail","6":"product_brand-trixie","7":"product_cat-cat","8":"product_cat-cat-category","10":"first","11":"instock","12":"shipping-taxable","13":"purchasable","14":"product-type-simple"},"yoast_head":"<!-- This site is optimized with the Yoast SEO plugin v27.4 - https:\/\/yoast.com\/product\/yoast-seo-wordpress\/ -->\n<title>Trixie Junior Kitty Cat harness with leash - Zooland.az<\/title>\n<meta name=\"robots\" content=\"index, follow, max-snippet:-1, max-image-preview:large, max-video-preview:-1\" \/>\n<link rel=\"canonical\" href=\"https:\/\/zoo-land.az\/ru\/shop\/cat\/cat-category\/trixie-junior-kitty-cat-harness-with-leash\/\" \/>\n<meta property=\"og:locale\" content=\"ru_RU\" \/>\n<meta property=\"og:type\" content=\"article\" \/>\n<meta property=\"og:title\" content=\"Trixie Junior Kitty Cat harness with leash - Zooland.az\" \/>\n<meta property=\"og:description\" content=\"Is it worth turning a kitten into a homebody, or is it still necessary to walk them outdoors? For young restless ones, the Trixie company has developed a comfortable ergonomic harness for kittens. Convenient and quickly worn on the pet, it provides even distribution of the load on the spine without restricting movement. It ensures the safety of the kitten on a walk and also helps to teach them discipline.\" \/>\n<meta property=\"og:url\" content=\"https:\/\/zoo-land.az\/ru\/shop\/cat\/cat-category\/trixie-junior-kitty-cat-harness-with-leash\/\" \/>\n<meta property=\"og:site_name\" content=\"Zooland.az\" \/>\n<meta property=\"og:image\" content=\"https:\/\/zoo-land.az\/wp-content\/uploads\/2024\/06\/g61z015lx1hdoqrc86gc1hhys3ho5j8d.jpg\" \/>\n\t<meta property=\"og:image:width\" content=\"529\" \/>\n\t<meta property=\"og:image:height\" content=\"568\" \/>\n\t<meta property=\"og:image:type\" content=\"image\/jpeg\" \/>\n<meta name=\"twitter:card\" content=\"summary_large_image\" \/>\n<script type=\"application\/ld+json\" class=\"yoast-schema-graph\">{\"@context\":\"https:\\\/\\\/schema.org\",\"@graph\":[{\"@type\":\"WebPage\",\"@id\":\"https:\\\/\\\/zoo-land.az\\\/shop\\\/cat\\\/cat-category\\\/trixie-junior-kitty-cat-harness-with-leash\\\/\",\"url\":\"https:\\\/\\\/zoo-land.az\\\/shop\\\/cat\\\/cat-category\\\/trixie-junior-kitty-cat-harness-with-leash\\\/\",\"name\":\"Trixie Junior Kitty Cat harness with leash - Zooland.az\",\"isPartOf\":{\"@id\":\"https:\\\/\\\/zoo-land.az\\\/#website\"},\"primaryImageOfPage\":{\"@id\":\"https:\\\/\\\/zoo-land.az\\\/shop\\\/cat\\\/cat-category\\\/trixie-junior-kitty-cat-harness-with-leash\\\/#primaryimage\"},\"image\":{\"@id\":\"https:\\\/\\\/zoo-land.az\\\/shop\\\/cat\\\/cat-category\\\/trixie-junior-kitty-cat-harness-with-leash\\\/#primaryimage\"},\"thumbnailUrl\":\"https:\\\/\\\/zoo-land.az\\\/wp-content\\\/uploads\\\/2024\\\/06\\\/g61z015lx1hdoqrc86gc1hhys3ho5j8d.jpg\",\"datePublished\":\"2024-06-02T09:32:11+00:00\",\"breadcrumb\":{\"@id\":\"https:\\\/\\\/zoo-land.az\\\/shop\\\/cat\\\/cat-category\\\/trixie-junior-kitty-cat-harness-with-leash\\\/#breadcrumb\"},\"inLanguage\":\"ru-RU\",\"potentialAction\":[{\"@type\":\"ReadAction\",\"target\":[\"https:\\\/\\\/zoo-land.az\\\/shop\\\/cat\\\/cat-category\\\/trixie-junior-kitty-cat-harness-with-leash\\\/\"]}]},{\"@type\":\"ImageObject\",\"inLanguage\":\"ru-RU\",\"@id\":\"https:\\\/\\\/zoo-land.az\\\/shop\\\/cat\\\/cat-category\\\/trixie-junior-kitty-cat-harness-with-leash\\\/#primaryimage\",\"url\":\"https:\\\/\\\/zoo-land.az\\\/wp-content\\\/uploads\\\/2024\\\/06\\\/g61z015lx1hdoqrc86gc1hhys3ho5j8d.jpg\",\"contentUrl\":\"https:\\\/\\\/zoo-land.az\\\/wp-content\\\/uploads\\\/2024\\\/06\\\/g61z015lx1hdoqrc86gc1hhys3ho5j8d.jpg\",\"width\":529,\"height\":568},{\"@type\":\"BreadcrumbList\",\"@id\":\"https:\\\/\\\/zoo-land.az\\\/shop\\\/cat\\\/cat-category\\\/trixie-junior-kitty-cat-harness-with-leash\\\/#breadcrumb\",\"itemListElement\":[{\"@type\":\"ListItem\",\"position\":1,\"name\":\"Home\",\"item\":\"https:\\\/\\\/zoo-land.az\\\/ru\\\/\"},{\"@type\":\"ListItem\",\"position\":2,\"name\":\"Shop\",\"item\":\"https:\\\/\\\/zoo-land.az\\\/ru\\\/\"},{\"@type\":\"ListItem\",\"position\":3,\"name\":\"Trixie Junior Kitty Cat harness with leash\"}]},{\"@type\":\"WebSite\",\"@id\":\"https:\\\/\\\/zoo-land.az\\\/#website\",\"url\":\"https:\\\/\\\/zoo-land.az\\\/\",\"name\":\"Zooland.az\",\"description\":\"Xo\u015fb\u0259xt ev heyvanlar\u0131n\u0131n \u00fcnvan\u0131 Zooland.az\",\"publisher\":{\"@id\":\"https:\\\/\\\/zoo-land.az\\\/#organization\"},\"potentialAction\":[{\"@type\":\"SearchAction\",\"target\":{\"@type\":\"EntryPoint\",\"urlTemplate\":\"https:\\\/\\\/zoo-land.az\\\/?s={search_term_string}\"},\"query-input\":{\"@type\":\"PropertyValueSpecification\",\"valueRequired\":true,\"valueName\":\"search_term_string\"}}],\"inLanguage\":\"ru-RU\"},{\"@type\":\"Organization\",\"@id\":\"https:\\\/\\\/zoo-land.az\\\/#organization\",\"name\":\"Zooland.az\",\"url\":\"https:\\\/\\\/zoo-land.az\\\/\",\"logo\":{\"@type\":\"ImageObject\",\"inLanguage\":\"ru-RU\",\"@id\":\"https:\\\/\\\/zoo-land.az\\\/#\\\/schema\\\/logo\\\/image\\\/\",\"url\":\"https:\\\/\\\/zoo-land.az\\\/wp-content\\\/uploads\\\/2022\\\/05\\\/logo.svg\",\"contentUrl\":\"https:\\\/\\\/zoo-land.az\\\/wp-content\\\/uploads\\\/2022\\\/05\\\/logo.svg\",\"width\":113,\"height\":46,\"caption\":\"Zooland.az\"},\"image\":{\"@id\":\"https:\\\/\\\/zoo-land.az\\\/#\\\/schema\\\/logo\\\/image\\\/\"}}]}<\/script>\n<!-- \/ Yoast SEO plugin. -->","yoast_head_json":{"title":"Trixie Junior Kitty Cat harness with leash - Zooland.az","robots":{"index":"index","follow":"follow","max-snippet":"max-snippet:-1","max-image-preview":"max-image-preview:large","max-video-preview":"max-video-preview:-1"},"canonical":"https:\/\/zoo-land.az\/ru\/shop\/cat\/cat-category\/trixie-junior-kitty-cat-harness-with-leash\/","og_locale":"ru_RU","og_type":"article","og_title":"Trixie Junior Kitty Cat harness with leash - Zooland.az","og_description":"Is it worth turning a kitten into a homebody, or is it still necessary to walk them outdoors? For young restless ones, the Trixie company has developed a comfortable ergonomic harness for kittens. Convenient and quickly worn on the pet, it provides even distribution of the load on the spine without restricting movement. It ensures the safety of the kitten on a walk and also helps to teach them discipline.","og_url":"https:\/\/zoo-land.az\/ru\/shop\/cat\/cat-category\/trixie-junior-kitty-cat-harness-with-leash\/","og_site_name":"Zooland.az","og_image":[{"width":529,"height":568,"url":"https:\/\/zoo-land.az\/wp-content\/uploads\/2024\/06\/g61z015lx1hdoqrc86gc1hhys3ho5j8d.jpg","type":"image\/jpeg"}],"twitter_card":"summary_large_image","schema":{"@context":"https:\/\/schema.org","@graph":[{"@type":"WebPage","@id":"https:\/\/zoo-land.az\/shop\/cat\/cat-category\/trixie-junior-kitty-cat-harness-with-leash\/","url":"https:\/\/zoo-land.az\/shop\/cat\/cat-category\/trixie-junior-kitty-cat-harness-with-leash\/","name":"Trixie Junior Kitty Cat harness with leash - Zooland.az","isPartOf":{"@id":"https:\/\/zoo-land.az\/#website"},"primaryImageOfPage":{"@id":"https:\/\/zoo-land.az\/shop\/cat\/cat-category\/trixie-junior-kitty-cat-harness-with-leash\/#primaryimage"},"image":{"@id":"https:\/\/zoo-land.az\/shop\/cat\/cat-category\/trixie-junior-kitty-cat-harness-with-leash\/#primaryimage"},"thumbnailUrl":"https:\/\/zoo-land.az\/wp-content\/uploads\/2024\/06\/g61z015lx1hdoqrc86gc1hhys3ho5j8d.jpg","datePublished":"2024-06-02T09:32:11+00:00","breadcrumb":{"@id":"https:\/\/zoo-land.az\/shop\/cat\/cat-category\/trixie-junior-kitty-cat-harness-with-leash\/#breadcrumb"},"inLanguage":"ru-RU","potentialAction":[{"@type":"ReadAction","target":["https:\/\/zoo-land.az\/shop\/cat\/cat-category\/trixie-junior-kitty-cat-harness-with-leash\/"]}]},{"@type":"ImageObject","inLanguage":"ru-RU","@id":"https:\/\/zoo-land.az\/shop\/cat\/cat-category\/trixie-junior-kitty-cat-harness-with-leash\/#primaryimage","url":"https:\/\/zoo-land.az\/wp-content\/uploads\/2024\/06\/g61z015lx1hdoqrc86gc1hhys3ho5j8d.jpg","contentUrl":"https:\/\/zoo-land.az\/wp-content\/uploads\/2024\/06\/g61z015lx1hdoqrc86gc1hhys3ho5j8d.jpg","width":529,"height":568},{"@type":"BreadcrumbList","@id":"https:\/\/zoo-land.az\/shop\/cat\/cat-category\/trixie-junior-kitty-cat-harness-with-leash\/#breadcrumb","itemListElement":[{"@type":"ListItem","position":1,"name":"Home","item":"https:\/\/zoo-land.az\/ru\/"},{"@type":"ListItem","position":2,"name":"Shop","item":"https:\/\/zoo-land.az\/ru\/"},{"@type":"ListItem","position":3,"name":"Trixie Junior Kitty Cat harness with leash"}]},{"@type":"WebSite","@id":"https:\/\/zoo-land.az\/#website","url":"https:\/\/zoo-land.az\/","name":"Zooland.az","description":"Xo\u015fb\u0259xt ev heyvanlar\u0131n\u0131n \u00fcnvan\u0131 Zooland.az","publisher":{"@id":"https:\/\/zoo-land.az\/#organization"},"potentialAction":[{"@type":"SearchAction","target":{"@type":"EntryPoint","urlTemplate":"https:\/\/zoo-land.az\/?s={search_term_string}"},"query-input":{"@type":"PropertyValueSpecification","valueRequired":true,"valueName":"search_term_string"}}],"inLanguage":"ru-RU"},{"@type":"Organization","@id":"https:\/\/zoo-land.az\/#organization","name":"Zooland.az","url":"https:\/\/zoo-land.az\/","logo":{"@type":"ImageObject","inLanguage":"ru-RU","@id":"https:\/\/zoo-land.az\/#\/schema\/logo\/image\/","url":"https:\/\/zoo-land.az\/wp-content\/uploads\/2022\/05\/logo.svg","contentUrl":"https:\/\/zoo-land.az\/wp-content\/uploads\/2022\/05\/logo.svg","width":113,"height":46,"caption":"Zooland.az"},"image":{"@id":"https:\/\/zoo-land.az\/#\/schema\/logo\/image\/"}}]}},"_links":{"self":[{"href":"https:\/\/zoo-land.az\/ru\/wp-json\/wp\/v2\/product\/22441","targetHints":{"allow":["GET"]}}],"collection":[{"href":"https:\/\/zoo-land.az\/ru\/wp-json\/wp\/v2\/product"}],"about":[{"href":"https:\/\/zoo-land.az\/ru\/wp-json\/wp\/v2\/types\/product"}],"wp:featuredmedia":[{"embeddable":true,"href":"https:\/\/zoo-land.az\/ru\/wp-json\/wp\/v2\/media\/22442"}],"wp:attachment":[{"href":"https:\/\/zoo-land.az\/ru\/wp-json\/wp\/v2\/media?parent=22441"}],"wp:term":[{"taxonomy":"product_cat","embeddable":true,"href":"https:\/\/zoo-land.az\/ru\/wp-json\/wp\/v2\/product_cat?post=22441"},{"taxonomy":"product_tag","embeddable":true,"href":"https:\/\/zoo-land.az\/ru\/wp-json\/wp\/v2\/product_tag?post=22441"}],"curies":[{"name":"wp","href":"https:\/\/api.w.org\/{rel}","templated":true}]}}