{"id":22454,"date":"2024-06-02T09:52:23","date_gmt":"2024-06-02T09:52:23","guid":{"rendered":"https:\/\/lightsteelblue-zebra-299715.hostingersite.com\/?post_type=product&#038;p=22454"},"modified":"2024-06-02T09:52:23","modified_gmt":"2024-06-02T09:52:23","slug":"trixie-metall-kamm","status":"publish","type":"product","link":"https:\/\/zoo-land.az\/ru\/shop\/cat\/cat-hygenic\/cat-hair-category\/trixie-metall-kamm\/","title":{"rendered":"\u0422\u0440\u0438\u043a\u0441\u0438 \u041c\u0435\u0442\u0430\u043b\u043b \u041a\u0430\u043c\u043c"},"content":{"rendered":"<p>Trixie Metall-Kamm Comb &amp; Style For Dogs &amp; Cats Is Used For loosening coat up and removing tangles, it comes with two options of Fine or Wide Teeth. It is suitable for Shaggy\/Wire and Cury haired pets.<\/p>\n<ul>\n<li>For for loosening coat up and removing tangles<\/li>\n<li>With two options of Fine or Wide Teeth<\/li>\n<li>Suitable for Shaggy\/Wire and Cury haired Pets.<\/li>\n<\/ul>\n<p>Buy Dog &amp; Cat Grooming Products from ShakeHands, the pet store online.<\/p>","protected":false},"excerpt":{"rendered":"<p>Trixie Metall-Kamm Comb &amp; Style For Dogs &amp; Cats Is Used For loosening coat up and removing tangles, it comes with two options of Fine or Wide Teeth. It is suitable for Shaggy\/Wire and Cury haired pets.<\/p>\n<ul>\n<li>For for loosening coat up and removing tangles<\/li>\n<li>With two options of Fine or Wide Teeth<\/li>\n<li>Suitable for Shaggy\/Wire and Cury haired Pets.<\/li>\n<\/ul>\n<p>Buy Dog &amp; Cat Grooming Products from ShakeHands, the pet store online.<\/p>","protected":false},"featured_media":22455,"template":"","meta":{"inline_featured_image":false,"_joinchat":[]},"product_cat":[176,210,188,107],"product_tag":[],"class_list":{"0":"post-22454","1":"product","2":"type-product","3":"status-publish","4":"has-post-thumbnail","6":"product_brand-trixie","7":"product_cat-dog-rollers","8":"product_cat-cat-hair-category","9":"product_cat-cat","10":"product_cat-dog","12":"first","13":"instock","14":"shipping-taxable","15":"purchasable","16":"product-type-simple"},"yoast_head":"<!-- This site is optimized with the Yoast SEO plugin v26.7 - https:\/\/yoast.com\/wordpress\/plugins\/seo\/ -->\n<title>Trixie Metall Kamm - Zooland.az<\/title>\n<meta name=\"robots\" content=\"index, follow, max-snippet:-1, max-image-preview:large, max-video-preview:-1\" \/>\n<link rel=\"canonical\" href=\"https:\/\/zoo-land.az\/ru\/shop\/cat\/cat-hygenic\/cat-hair-category\/trixie-metall-kamm\/\" \/>\n<meta property=\"og:locale\" content=\"ru_RU\" \/>\n<meta property=\"og:type\" content=\"article\" \/>\n<meta property=\"og:title\" content=\"Trixie Metall Kamm - Zooland.az\" \/>\n<meta property=\"og:description\" content=\"Trixie Metall-Kamm Comb &amp; Style For Dogs &amp; Cats Is Used For loosening coat up and removing tangles, it comes with two options of Fine or Wide Teeth. It is suitable for Shaggy\/Wire and Cury haired pets.   For for loosening coat up and removing tangles  With two options of Fine or Wide Teeth  Suitable for Shaggy\/Wire and Cury haired Pets.  Buy Dog &amp; Cat Grooming Products from ShakeHands, the pet store online.\" \/>\n<meta property=\"og:url\" content=\"https:\/\/zoo-land.az\/ru\/shop\/cat\/cat-hygenic\/cat-hair-category\/trixie-metall-kamm\/\" \/>\n<meta property=\"og:site_name\" content=\"Zooland.az\" \/>\n<meta property=\"og:image\" content=\"https:\/\/zoo-land.az\/wp-content\/uploads\/2024\/06\/8fa616d12d89e07162466d50159be35d.webp\" \/>\n\t<meta property=\"og:image:width\" content=\"457\" \/>\n\t<meta property=\"og:image:height\" content=\"1091\" \/>\n\t<meta property=\"og:image:type\" content=\"image\/webp\" \/>\n<meta name=\"twitter:card\" content=\"summary_large_image\" \/>\n<script type=\"application\/ld+json\" class=\"yoast-schema-graph\">{\"@context\":\"https:\/\/schema.org\",\"@graph\":[{\"@type\":\"WebPage\",\"@id\":\"https:\/\/zoo-land.az\/ru\/shop\/cat\/cat-hygenic\/cat-hair-category\/trixie-metall-kamm\/\",\"url\":\"https:\/\/zoo-land.az\/ru\/shop\/cat\/cat-hygenic\/cat-hair-category\/trixie-metall-kamm\/\",\"name\":\"Trixie Metall Kamm - Zooland.az\",\"isPartOf\":{\"@id\":\"https:\/\/zoo-land.az\/#website\"},\"primaryImageOfPage\":{\"@id\":\"https:\/\/zoo-land.az\/ru\/shop\/cat\/cat-hygenic\/cat-hair-category\/trixie-metall-kamm\/#primaryimage\"},\"image\":{\"@id\":\"https:\/\/zoo-land.az\/ru\/shop\/cat\/cat-hygenic\/cat-hair-category\/trixie-metall-kamm\/#primaryimage\"},\"thumbnailUrl\":\"https:\/\/zoo-land.az\/wp-content\/uploads\/2024\/06\/8fa616d12d89e07162466d50159be35d.webp\",\"datePublished\":\"2024-06-02T09:52:23+00:00\",\"breadcrumb\":{\"@id\":\"https:\/\/zoo-land.az\/ru\/shop\/cat\/cat-hygenic\/cat-hair-category\/trixie-metall-kamm\/#breadcrumb\"},\"inLanguage\":\"ru-RU\",\"potentialAction\":[{\"@type\":\"ReadAction\",\"target\":[\"https:\/\/zoo-land.az\/ru\/shop\/cat\/cat-hygenic\/cat-hair-category\/trixie-metall-kamm\/\"]}]},{\"@type\":\"ImageObject\",\"inLanguage\":\"ru-RU\",\"@id\":\"https:\/\/zoo-land.az\/ru\/shop\/cat\/cat-hygenic\/cat-hair-category\/trixie-metall-kamm\/#primaryimage\",\"url\":\"https:\/\/zoo-land.az\/wp-content\/uploads\/2024\/06\/8fa616d12d89e07162466d50159be35d.webp\",\"contentUrl\":\"https:\/\/zoo-land.az\/wp-content\/uploads\/2024\/06\/8fa616d12d89e07162466d50159be35d.webp\",\"width\":457,\"height\":1091},{\"@type\":\"BreadcrumbList\",\"@id\":\"https:\/\/zoo-land.az\/ru\/shop\/cat\/cat-hygenic\/cat-hair-category\/trixie-metall-kamm\/#breadcrumb\",\"itemListElement\":[{\"@type\":\"ListItem\",\"position\":1,\"name\":\"Home\",\"item\":\"https:\/\/zoo-land.az\/ru\/\"},{\"@type\":\"ListItem\",\"position\":2,\"name\":\"Shop\",\"item\":\"https:\/\/zoo-land.az\/ru\/\"},{\"@type\":\"ListItem\",\"position\":3,\"name\":\"Trixie Metall Kamm\"}]},{\"@type\":\"WebSite\",\"@id\":\"https:\/\/zoo-land.az\/#website\",\"url\":\"https:\/\/zoo-land.az\/\",\"name\":\"Zooland.az\",\"description\":\"Xo\u015fb\u0259xt ev heyvanlar\u0131n\u0131n \u00fcnvan\u0131 Zooland.az\",\"publisher\":{\"@id\":\"https:\/\/zoo-land.az\/#organization\"},\"potentialAction\":[{\"@type\":\"SearchAction\",\"target\":{\"@type\":\"EntryPoint\",\"urlTemplate\":\"https:\/\/zoo-land.az\/?s={search_term_string}\"},\"query-input\":{\"@type\":\"PropertyValueSpecification\",\"valueRequired\":true,\"valueName\":\"search_term_string\"}}],\"inLanguage\":\"ru-RU\"},{\"@type\":\"Organization\",\"@id\":\"https:\/\/zoo-land.az\/#organization\",\"name\":\"Zooland.az\",\"url\":\"https:\/\/zoo-land.az\/\",\"logo\":{\"@type\":\"ImageObject\",\"inLanguage\":\"ru-RU\",\"@id\":\"https:\/\/zoo-land.az\/#\/schema\/logo\/image\/\",\"url\":\"https:\/\/zoo-land.az\/wp-content\/uploads\/2022\/05\/logo.svg\",\"contentUrl\":\"https:\/\/zoo-land.az\/wp-content\/uploads\/2022\/05\/logo.svg\",\"width\":113,\"height\":46,\"caption\":\"Zooland.az\"},\"image\":{\"@id\":\"https:\/\/zoo-land.az\/#\/schema\/logo\/image\/\"}}]}<\/script>\n<!-- \/ Yoast SEO plugin. -->","yoast_head_json":{"title":"Trixie Metall Kamm - Zooland.az","robots":{"index":"index","follow":"follow","max-snippet":"max-snippet:-1","max-image-preview":"max-image-preview:large","max-video-preview":"max-video-preview:-1"},"canonical":"https:\/\/zoo-land.az\/ru\/shop\/cat\/cat-hygenic\/cat-hair-category\/trixie-metall-kamm\/","og_locale":"ru_RU","og_type":"article","og_title":"Trixie Metall Kamm - Zooland.az","og_description":"Trixie Metall-Kamm Comb &amp; Style For Dogs &amp; Cats Is Used For loosening coat up and removing tangles, it comes with two options of Fine or Wide Teeth. It is suitable for Shaggy\/Wire and Cury haired pets.   For for loosening coat up and removing tangles  With two options of Fine or Wide Teeth  Suitable for Shaggy\/Wire and Cury haired Pets.  Buy Dog &amp; Cat Grooming Products from ShakeHands, the pet store online.","og_url":"https:\/\/zoo-land.az\/ru\/shop\/cat\/cat-hygenic\/cat-hair-category\/trixie-metall-kamm\/","og_site_name":"Zooland.az","og_image":[{"width":457,"height":1091,"url":"https:\/\/zoo-land.az\/wp-content\/uploads\/2024\/06\/8fa616d12d89e07162466d50159be35d.webp","type":"image\/webp"}],"twitter_card":"summary_large_image","schema":{"@context":"https:\/\/schema.org","@graph":[{"@type":"WebPage","@id":"https:\/\/zoo-land.az\/ru\/shop\/cat\/cat-hygenic\/cat-hair-category\/trixie-metall-kamm\/","url":"https:\/\/zoo-land.az\/ru\/shop\/cat\/cat-hygenic\/cat-hair-category\/trixie-metall-kamm\/","name":"Trixie Metall Kamm - Zooland.az","isPartOf":{"@id":"https:\/\/zoo-land.az\/#website"},"primaryImageOfPage":{"@id":"https:\/\/zoo-land.az\/ru\/shop\/cat\/cat-hygenic\/cat-hair-category\/trixie-metall-kamm\/#primaryimage"},"image":{"@id":"https:\/\/zoo-land.az\/ru\/shop\/cat\/cat-hygenic\/cat-hair-category\/trixie-metall-kamm\/#primaryimage"},"thumbnailUrl":"https:\/\/zoo-land.az\/wp-content\/uploads\/2024\/06\/8fa616d12d89e07162466d50159be35d.webp","datePublished":"2024-06-02T09:52:23+00:00","breadcrumb":{"@id":"https:\/\/zoo-land.az\/ru\/shop\/cat\/cat-hygenic\/cat-hair-category\/trixie-metall-kamm\/#breadcrumb"},"inLanguage":"ru-RU","potentialAction":[{"@type":"ReadAction","target":["https:\/\/zoo-land.az\/ru\/shop\/cat\/cat-hygenic\/cat-hair-category\/trixie-metall-kamm\/"]}]},{"@type":"ImageObject","inLanguage":"ru-RU","@id":"https:\/\/zoo-land.az\/ru\/shop\/cat\/cat-hygenic\/cat-hair-category\/trixie-metall-kamm\/#primaryimage","url":"https:\/\/zoo-land.az\/wp-content\/uploads\/2024\/06\/8fa616d12d89e07162466d50159be35d.webp","contentUrl":"https:\/\/zoo-land.az\/wp-content\/uploads\/2024\/06\/8fa616d12d89e07162466d50159be35d.webp","width":457,"height":1091},{"@type":"BreadcrumbList","@id":"https:\/\/zoo-land.az\/ru\/shop\/cat\/cat-hygenic\/cat-hair-category\/trixie-metall-kamm\/#breadcrumb","itemListElement":[{"@type":"ListItem","position":1,"name":"Home","item":"https:\/\/zoo-land.az\/ru\/"},{"@type":"ListItem","position":2,"name":"Shop","item":"https:\/\/zoo-land.az\/ru\/"},{"@type":"ListItem","position":3,"name":"Trixie Metall Kamm"}]},{"@type":"WebSite","@id":"https:\/\/zoo-land.az\/#website","url":"https:\/\/zoo-land.az\/","name":"Zooland.az","description":"Xo\u015fb\u0259xt ev heyvanlar\u0131n\u0131n \u00fcnvan\u0131 Zooland.az","publisher":{"@id":"https:\/\/zoo-land.az\/#organization"},"potentialAction":[{"@type":"SearchAction","target":{"@type":"EntryPoint","urlTemplate":"https:\/\/zoo-land.az\/?s={search_term_string}"},"query-input":{"@type":"PropertyValueSpecification","valueRequired":true,"valueName":"search_term_string"}}],"inLanguage":"ru-RU"},{"@type":"Organization","@id":"https:\/\/zoo-land.az\/#organization","name":"Zooland.az","url":"https:\/\/zoo-land.az\/","logo":{"@type":"ImageObject","inLanguage":"ru-RU","@id":"https:\/\/zoo-land.az\/#\/schema\/logo\/image\/","url":"https:\/\/zoo-land.az\/wp-content\/uploads\/2022\/05\/logo.svg","contentUrl":"https:\/\/zoo-land.az\/wp-content\/uploads\/2022\/05\/logo.svg","width":113,"height":46,"caption":"Zooland.az"},"image":{"@id":"https:\/\/zoo-land.az\/#\/schema\/logo\/image\/"}}]}},"_links":{"self":[{"href":"https:\/\/zoo-land.az\/ru\/wp-json\/wp\/v2\/product\/22454","targetHints":{"allow":["GET"]}}],"collection":[{"href":"https:\/\/zoo-land.az\/ru\/wp-json\/wp\/v2\/product"}],"about":[{"href":"https:\/\/zoo-land.az\/ru\/wp-json\/wp\/v2\/types\/product"}],"wp:featuredmedia":[{"embeddable":true,"href":"https:\/\/zoo-land.az\/ru\/wp-json\/wp\/v2\/media\/22455"}],"wp:attachment":[{"href":"https:\/\/zoo-land.az\/ru\/wp-json\/wp\/v2\/media?parent=22454"}],"wp:term":[{"taxonomy":"product_cat","embeddable":true,"href":"https:\/\/zoo-land.az\/ru\/wp-json\/wp\/v2\/product_cat?post=22454"},{"taxonomy":"product_tag","embeddable":true,"href":"https:\/\/zoo-land.az\/ru\/wp-json\/wp\/v2\/product_tag?post=22454"}],"curies":[{"name":"wp","href":"https:\/\/api.w.org\/{rel}","templated":true}]}}