{"id":22500,"date":"2024-06-02T18:55:44","date_gmt":"2024-06-02T18:55:44","guid":{"rendered":"https:\/\/lightsteelblue-zebra-299715.hostingersite.com\/?post_type=product&#038;p=22500"},"modified":"2024-06-02T19:01:34","modified_gmt":"2024-06-02T19:01:34","slug":"trixie-neem-tree-oil-250-ml","status":"publish","type":"product","link":"https:\/\/zoo-land.az\/ru\/shop\/dog\/dog-hygenic\/shampoo\/trixie-neem-tree-oil-250-ml\/","title":{"rendered":"\u041c\u0430\u0441\u043b\u043e \u0434\u0435\u0440\u0435\u0432\u0430 \u0422\u0440\u0438\u043a\u0441\u0438 \u041d\u0438\u043c 250 \u043c\u043b"},"content":{"rendered":"<p><strong>Shampoo for animals &#8220;Neem Tree Oil&#8221;, 250 ml<\/strong><br \/>\nwith hemp seed oil<br \/>\nwith essential fatty acids (omega-3, omega-6, omega-9)<br \/>\nadditional nutrition<br \/>\n\u0421\u043e\u0441\u0442\u0430\u0432: \u0441\u043e\u0433\u043b\u0430\u0441\u043d\u043e \u0440\u0435\u043a\u043e\u043c\u0435\u043d\u0434\u0430\u0446\u0438\u0438 \u0415\u0432\u0440\u043e\u043f\u0435\u0439\u0441\u043a\u043e\u0433\u043e \u0421\u043e\u043e\u0431\u0449\u0435\u0441\u0442\u0432\u0430:<br \/>\n\u2013 \u0430\u043d\u0438\u043e\u043d\u043d\u044b\u0435 \u041f\u0410\u0412 15%, \u043d\u0435\u0438\u043e\u043d\u043e\u0433\u0435\u043d\u043d\u044b\u0435 \u041f\u0410\u0412 &lt;5%, \u043a\u043e\u043d\u0441\u0435\u0440\u0432\u0430\u043d\u0442\u044b, \u0430\u0440\u043e\u043c\u0430\u0442\u0438\u0437\u0430\u0442\u043e\u0440\u044b, \u043a\u0440\u0430\u0441\u0438\u0442\u0435\u043b\u0438<\/p>\n<p>\u0421\u0440\u043e\u043a \u0433\u043e\u0434\u043d\u043e\u0441\u0442\u0438: 36 \u043c\u0435\u0441\u044f\u0446\u0435\u0432.<\/p>","protected":false},"excerpt":{"rendered":"<p><strong>Shampoo for animals &#8220;Neem Tree Oil&#8221;, 250 ml<\/strong><\/p>\n<p>with hemp seed oil<br \/>\nwith essential fatty acids (omega-3, omega-6, omega-9)<br \/>\nadditional nutrition<br \/>\n\u0421\u043e\u0441\u0442\u0430\u0432: \u0441\u043e\u0433\u043b\u0430\u0441\u043d\u043e \u0440\u0435\u043a\u043e\u043c\u0435\u043d\u0434\u0430\u0446\u0438\u0438 \u0415\u0432\u0440\u043e\u043f\u0435\u0439\u0441\u043a\u043e\u0433\u043e \u0421\u043e\u043e\u0431\u0449\u0435\u0441\u0442\u0432\u0430:<br \/>\n\u2013 \u0430\u043d\u0438\u043e\u043d\u043d\u044b\u0435 \u041f\u0410\u0412 15%, \u043d\u0435\u0438\u043e\u043d\u043e\u0433\u0435\u043d\u043d\u044b\u0435 \u041f\u0410\u0412 &lt;5%, \u043a\u043e\u043d\u0441\u0435\u0440\u0432\u0430\u043d\u0442\u044b, \u0430\u0440\u043e\u043c\u0430\u0442\u0438\u0437\u0430\u0442\u043e\u0440\u044b, \u043a\u0440\u0430\u0441\u0438\u0442\u0435\u043b\u0438<\/p>\n<p>\u0421\u0440\u043e\u043a \u0433\u043e\u0434\u043d\u043e\u0441\u0442\u0438: 36 \u043c\u0435\u0441\u044f\u0446\u0435\u0432.<\/p>","protected":false},"featured_media":22505,"template":"","meta":{"inline_featured_image":false,"_joinchat":[]},"product_cat":[107,355],"product_tag":[],"class_list":{"0":"post-22500","1":"product","2":"type-product","3":"status-publish","4":"has-post-thumbnail","6":"product_brand-trixie","7":"product_cat-dog","8":"product_cat-shampoo","10":"first","11":"instock","12":"shipping-taxable","13":"purchasable","14":"product-type-simple"},"yoast_head":"<!-- This site is optimized with the Yoast SEO plugin v26.7 - https:\/\/yoast.com\/wordpress\/plugins\/seo\/ -->\n<title>Trixie Neem Tree Oil 250 ml - Zooland.az<\/title>\n<meta name=\"robots\" content=\"index, follow, max-snippet:-1, max-image-preview:large, max-video-preview:-1\" \/>\n<link rel=\"canonical\" href=\"https:\/\/zoo-land.az\/ru\/shop\/dog\/dog-hygenic\/shampoo\/trixie-neem-tree-oil-250-ml\/\" \/>\n<meta property=\"og:locale\" content=\"ru_RU\" \/>\n<meta property=\"og:type\" content=\"article\" \/>\n<meta property=\"og:title\" content=\"Trixie Neem Tree Oil 250 ml - Zooland.az\" \/>\n<meta property=\"og:description\" content=\"Shampoo for animals &quot;Neem Tree Oil&quot;, 250 ml  with hemp seed oil with essential fatty acids (omega-3, omega-6, omega-9) additional nutrition Composition: according to the recommendation of the European Community: - 15% anionic surfactants, &lt;5% non-ionic surfactants, preservatives, fragrances, colorants  Shelf life: 36 months\" \/>\n<meta property=\"og:url\" content=\"https:\/\/zoo-land.az\/ru\/shop\/dog\/dog-hygenic\/shampoo\/trixie-neem-tree-oil-250-ml\/\" \/>\n<meta property=\"og:site_name\" content=\"Zooland.az\" \/>\n<meta property=\"article:modified_time\" content=\"2024-06-02T19:01:34+00:00\" \/>\n<meta property=\"og:image\" content=\"https:\/\/zoo-land.az\/wp-content\/uploads\/2024\/06\/2942.jpg\" \/>\n\t<meta property=\"og:image:width\" content=\"347\" \/>\n\t<meta property=\"og:image:height\" content=\"1000\" \/>\n\t<meta property=\"og:image:type\" content=\"image\/jpeg\" \/>\n<meta name=\"twitter:card\" content=\"summary_large_image\" \/>\n<script type=\"application\/ld+json\" class=\"yoast-schema-graph\">{\"@context\":\"https:\/\/schema.org\",\"@graph\":[{\"@type\":\"WebPage\",\"@id\":\"https:\/\/zoo-land.az\/shop\/dog\/dog-hygenic\/shampoo\/trixie-neem-tree-oil-250-ml\/\",\"url\":\"https:\/\/zoo-land.az\/shop\/dog\/dog-hygenic\/shampoo\/trixie-neem-tree-oil-250-ml\/\",\"name\":\"Trixie Neem Tree Oil 250 ml - Zooland.az\",\"isPartOf\":{\"@id\":\"https:\/\/zoo-land.az\/#website\"},\"primaryImageOfPage\":{\"@id\":\"https:\/\/zoo-land.az\/shop\/dog\/dog-hygenic\/shampoo\/trixie-neem-tree-oil-250-ml\/#primaryimage\"},\"image\":{\"@id\":\"https:\/\/zoo-land.az\/shop\/dog\/dog-hygenic\/shampoo\/trixie-neem-tree-oil-250-ml\/#primaryimage\"},\"thumbnailUrl\":\"https:\/\/zoo-land.az\/wp-content\/uploads\/2024\/06\/2942.jpg\",\"datePublished\":\"2024-06-02T18:55:44+00:00\",\"dateModified\":\"2024-06-02T19:01:34+00:00\",\"breadcrumb\":{\"@id\":\"https:\/\/zoo-land.az\/shop\/dog\/dog-hygenic\/shampoo\/trixie-neem-tree-oil-250-ml\/#breadcrumb\"},\"inLanguage\":\"ru-RU\",\"potentialAction\":[{\"@type\":\"ReadAction\",\"target\":[\"https:\/\/zoo-land.az\/shop\/dog\/dog-hygenic\/shampoo\/trixie-neem-tree-oil-250-ml\/\"]}]},{\"@type\":\"ImageObject\",\"inLanguage\":\"ru-RU\",\"@id\":\"https:\/\/zoo-land.az\/shop\/dog\/dog-hygenic\/shampoo\/trixie-neem-tree-oil-250-ml\/#primaryimage\",\"url\":\"https:\/\/zoo-land.az\/wp-content\/uploads\/2024\/06\/2942.jpg\",\"contentUrl\":\"https:\/\/zoo-land.az\/wp-content\/uploads\/2024\/06\/2942.jpg\",\"width\":347,\"height\":1000},{\"@type\":\"BreadcrumbList\",\"@id\":\"https:\/\/zoo-land.az\/shop\/dog\/dog-hygenic\/shampoo\/trixie-neem-tree-oil-250-ml\/#breadcrumb\",\"itemListElement\":[{\"@type\":\"ListItem\",\"position\":1,\"name\":\"Home\",\"item\":\"https:\/\/zoo-land.az\/ru\/\"},{\"@type\":\"ListItem\",\"position\":2,\"name\":\"Shop\",\"item\":\"https:\/\/zoo-land.az\/ru\/\"},{\"@type\":\"ListItem\",\"position\":3,\"name\":\"Trixie Neem Tree Oil 250 ml\"}]},{\"@type\":\"WebSite\",\"@id\":\"https:\/\/zoo-land.az\/#website\",\"url\":\"https:\/\/zoo-land.az\/\",\"name\":\"Zooland.az\",\"description\":\"Xo\u015fb\u0259xt ev heyvanlar\u0131n\u0131n \u00fcnvan\u0131 Zooland.az\",\"publisher\":{\"@id\":\"https:\/\/zoo-land.az\/#organization\"},\"potentialAction\":[{\"@type\":\"SearchAction\",\"target\":{\"@type\":\"EntryPoint\",\"urlTemplate\":\"https:\/\/zoo-land.az\/?s={search_term_string}\"},\"query-input\":{\"@type\":\"PropertyValueSpecification\",\"valueRequired\":true,\"valueName\":\"search_term_string\"}}],\"inLanguage\":\"ru-RU\"},{\"@type\":\"Organization\",\"@id\":\"https:\/\/zoo-land.az\/#organization\",\"name\":\"Zooland.az\",\"url\":\"https:\/\/zoo-land.az\/\",\"logo\":{\"@type\":\"ImageObject\",\"inLanguage\":\"ru-RU\",\"@id\":\"https:\/\/zoo-land.az\/#\/schema\/logo\/image\/\",\"url\":\"https:\/\/zoo-land.az\/wp-content\/uploads\/2022\/05\/logo.svg\",\"contentUrl\":\"https:\/\/zoo-land.az\/wp-content\/uploads\/2022\/05\/logo.svg\",\"width\":113,\"height\":46,\"caption\":\"Zooland.az\"},\"image\":{\"@id\":\"https:\/\/zoo-land.az\/#\/schema\/logo\/image\/\"}}]}<\/script>\n<!-- \/ Yoast SEO plugin. -->","yoast_head_json":{"title":"Trixie Neem Tree Oil 250 ml - Zooland.az","robots":{"index":"index","follow":"follow","max-snippet":"max-snippet:-1","max-image-preview":"max-image-preview:large","max-video-preview":"max-video-preview:-1"},"canonical":"https:\/\/zoo-land.az\/ru\/shop\/dog\/dog-hygenic\/shampoo\/trixie-neem-tree-oil-250-ml\/","og_locale":"ru_RU","og_type":"article","og_title":"Trixie Neem Tree Oil 250 ml - Zooland.az","og_description":"Shampoo for animals \"Neem Tree Oil\", 250 ml  with hemp seed oil with essential fatty acids (omega-3, omega-6, omega-9) additional nutrition Composition: according to the recommendation of the European Community: - 15% anionic surfactants, &lt;5% non-ionic surfactants, preservatives, fragrances, colorants  Shelf life: 36 months","og_url":"https:\/\/zoo-land.az\/ru\/shop\/dog\/dog-hygenic\/shampoo\/trixie-neem-tree-oil-250-ml\/","og_site_name":"Zooland.az","article_modified_time":"2024-06-02T19:01:34+00:00","og_image":[{"width":347,"height":1000,"url":"https:\/\/zoo-land.az\/wp-content\/uploads\/2024\/06\/2942.jpg","type":"image\/jpeg"}],"twitter_card":"summary_large_image","schema":{"@context":"https:\/\/schema.org","@graph":[{"@type":"WebPage","@id":"https:\/\/zoo-land.az\/shop\/dog\/dog-hygenic\/shampoo\/trixie-neem-tree-oil-250-ml\/","url":"https:\/\/zoo-land.az\/shop\/dog\/dog-hygenic\/shampoo\/trixie-neem-tree-oil-250-ml\/","name":"Trixie Neem Tree Oil 250 ml - Zooland.az","isPartOf":{"@id":"https:\/\/zoo-land.az\/#website"},"primaryImageOfPage":{"@id":"https:\/\/zoo-land.az\/shop\/dog\/dog-hygenic\/shampoo\/trixie-neem-tree-oil-250-ml\/#primaryimage"},"image":{"@id":"https:\/\/zoo-land.az\/shop\/dog\/dog-hygenic\/shampoo\/trixie-neem-tree-oil-250-ml\/#primaryimage"},"thumbnailUrl":"https:\/\/zoo-land.az\/wp-content\/uploads\/2024\/06\/2942.jpg","datePublished":"2024-06-02T18:55:44+00:00","dateModified":"2024-06-02T19:01:34+00:00","breadcrumb":{"@id":"https:\/\/zoo-land.az\/shop\/dog\/dog-hygenic\/shampoo\/trixie-neem-tree-oil-250-ml\/#breadcrumb"},"inLanguage":"ru-RU","potentialAction":[{"@type":"ReadAction","target":["https:\/\/zoo-land.az\/shop\/dog\/dog-hygenic\/shampoo\/trixie-neem-tree-oil-250-ml\/"]}]},{"@type":"ImageObject","inLanguage":"ru-RU","@id":"https:\/\/zoo-land.az\/shop\/dog\/dog-hygenic\/shampoo\/trixie-neem-tree-oil-250-ml\/#primaryimage","url":"https:\/\/zoo-land.az\/wp-content\/uploads\/2024\/06\/2942.jpg","contentUrl":"https:\/\/zoo-land.az\/wp-content\/uploads\/2024\/06\/2942.jpg","width":347,"height":1000},{"@type":"BreadcrumbList","@id":"https:\/\/zoo-land.az\/shop\/dog\/dog-hygenic\/shampoo\/trixie-neem-tree-oil-250-ml\/#breadcrumb","itemListElement":[{"@type":"ListItem","position":1,"name":"Home","item":"https:\/\/zoo-land.az\/ru\/"},{"@type":"ListItem","position":2,"name":"Shop","item":"https:\/\/zoo-land.az\/ru\/"},{"@type":"ListItem","position":3,"name":"Trixie Neem Tree Oil 250 ml"}]},{"@type":"WebSite","@id":"https:\/\/zoo-land.az\/#website","url":"https:\/\/zoo-land.az\/","name":"Zooland.az","description":"Xo\u015fb\u0259xt ev heyvanlar\u0131n\u0131n \u00fcnvan\u0131 Zooland.az","publisher":{"@id":"https:\/\/zoo-land.az\/#organization"},"potentialAction":[{"@type":"SearchAction","target":{"@type":"EntryPoint","urlTemplate":"https:\/\/zoo-land.az\/?s={search_term_string}"},"query-input":{"@type":"PropertyValueSpecification","valueRequired":true,"valueName":"search_term_string"}}],"inLanguage":"ru-RU"},{"@type":"Organization","@id":"https:\/\/zoo-land.az\/#organization","name":"Zooland.az","url":"https:\/\/zoo-land.az\/","logo":{"@type":"ImageObject","inLanguage":"ru-RU","@id":"https:\/\/zoo-land.az\/#\/schema\/logo\/image\/","url":"https:\/\/zoo-land.az\/wp-content\/uploads\/2022\/05\/logo.svg","contentUrl":"https:\/\/zoo-land.az\/wp-content\/uploads\/2022\/05\/logo.svg","width":113,"height":46,"caption":"Zooland.az"},"image":{"@id":"https:\/\/zoo-land.az\/#\/schema\/logo\/image\/"}}]}},"_links":{"self":[{"href":"https:\/\/zoo-land.az\/ru\/wp-json\/wp\/v2\/product\/22500","targetHints":{"allow":["GET"]}}],"collection":[{"href":"https:\/\/zoo-land.az\/ru\/wp-json\/wp\/v2\/product"}],"about":[{"href":"https:\/\/zoo-land.az\/ru\/wp-json\/wp\/v2\/types\/product"}],"wp:featuredmedia":[{"embeddable":true,"href":"https:\/\/zoo-land.az\/ru\/wp-json\/wp\/v2\/media\/22505"}],"wp:attachment":[{"href":"https:\/\/zoo-land.az\/ru\/wp-json\/wp\/v2\/media?parent=22500"}],"wp:term":[{"taxonomy":"product_cat","embeddable":true,"href":"https:\/\/zoo-land.az\/ru\/wp-json\/wp\/v2\/product_cat?post=22500"},{"taxonomy":"product_tag","embeddable":true,"href":"https:\/\/zoo-land.az\/ru\/wp-json\/wp\/v2\/product_tag?post=22500"}],"curies":[{"name":"wp","href":"https:\/\/api.w.org\/{rel}","templated":true}]}}