{"id":22518,"date":"2024-06-02T19:20:56","date_gmt":"2024-06-02T19:20:56","guid":{"rendered":"https:\/\/lightsteelblue-zebra-299715.hostingersite.com\/?post_type=product&#038;p=22518"},"modified":"2024-06-02T19:20:56","modified_gmt":"2024-06-02T19:20:56","slug":"royal-canin-savour-10-kg-2","status":"publish","type":"product","link":"https:\/\/zoo-land.az\/ru\/shop\/cat\/cat-foods\/royal-canin-savour-10-kg-2\/","title":{"rendered":"\u0420\u043e\u044f\u043b \u041a\u0430\u043d\u0438\u043d \u0421\u0430\u0432\u043e\u0440 10 \u043a\u0433"},"content":{"rendered":"<p>This is a description of a cat food product tailored for finicky adult cats over 1 year old, emphasizing the importance of understanding your cat&#8217;s food preferences. It suggests that individual cats may have varying interpretations of aroma, texture, taste, and post-consumption sensations of food. The Exigent product line offers a variety of options to cater to these preferences. For some finicky cats, variety in their diet is crucial. SAVOUR EXIGENT includes two complementary types of kibble with different compositions and textures to satisfy the natural needs of picky cats.<\/p>","protected":false},"excerpt":{"rendered":"<p>This is a description of a cat food product tailored for finicky adult cats over 1 year old, emphasizing the importance of understanding your cat&#8217;s food preferences. It suggests that individual cats may have varying interpretations of aroma, texture, taste, and post-consumption sensations of food. The Exigent product line offers a variety of options to cater to these preferences. For some finicky cats, variety in their diet is crucial. SAVOUR EXIGENT includes two complementary types of kibble with different compositions and textures to satisfy the natural needs of picky cats.<\/p>","protected":false},"featured_media":22519,"template":"","meta":{"inline_featured_image":false,"_joinchat":[]},"product_cat":[189,188],"product_tag":[],"class_list":{"0":"post-22518","1":"product","2":"type-product","3":"status-publish","4":"has-post-thumbnail","6":"product_brand-royal-canin","7":"product_cat-cat-foods","8":"product_cat-cat","10":"first","11":"instock","12":"shipping-taxable","13":"purchasable","14":"product-type-simple"},"yoast_head":"<!-- This site is optimized with the Yoast SEO plugin v27.4 - https:\/\/yoast.com\/product\/yoast-seo-wordpress\/ -->\n<title>Royal Canin Savour 10 kg - Zooland.az<\/title>\n<meta name=\"robots\" content=\"index, follow, max-snippet:-1, max-image-preview:large, max-video-preview:-1\" \/>\n<link rel=\"canonical\" href=\"https:\/\/zoo-land.az\/ru\/shop\/cat\/cat-foods\/royal-canin-savour-10-kg-2\/\" \/>\n<meta property=\"og:locale\" content=\"ru_RU\" \/>\n<meta property=\"og:type\" content=\"article\" \/>\n<meta property=\"og:title\" content=\"Royal Canin Savour 10 kg - Zooland.az\" \/>\n<meta property=\"og:description\" content=\"This is a description of a cat food product tailored for finicky adult cats over 1 year old, emphasizing the importance of understanding your cat&#039;s food preferences. It suggests that individual cats may have varying interpretations of aroma, texture, taste, and post-consumption sensations of food. The Exigent product line offers a variety of options to cater to these preferences. For some finicky cats, variety in their diet is crucial. SAVOUR EXIGENT includes two complementary types of kibble with different compositions and textures to satisfy the natural needs of picky cats.\" \/>\n<meta property=\"og:url\" content=\"https:\/\/zoo-land.az\/ru\/shop\/cat\/cat-foods\/royal-canin-savour-10-kg-2\/\" \/>\n<meta property=\"og:site_name\" content=\"Zooland.az\" \/>\n<meta property=\"og:image\" content=\"https:\/\/zoo-land.az\/wp-content\/uploads\/2024\/06\/i-2.webp\" \/>\n\t<meta property=\"og:image:width\" content=\"443\" \/>\n\t<meta property=\"og:image:height\" content=\"700\" \/>\n\t<meta property=\"og:image:type\" content=\"image\/webp\" \/>\n<meta name=\"twitter:card\" content=\"summary_large_image\" \/>\n<script type=\"application\/ld+json\" class=\"yoast-schema-graph\">{\"@context\":\"https:\\\/\\\/schema.org\",\"@graph\":[{\"@type\":\"WebPage\",\"@id\":\"https:\\\/\\\/zoo-land.az\\\/az\\\/shop\\\/cat\\\/cat-foods\\\/royal-canin-savour-10-kg-2\\\/\",\"url\":\"https:\\\/\\\/zoo-land.az\\\/az\\\/shop\\\/cat\\\/cat-foods\\\/royal-canin-savour-10-kg-2\\\/\",\"name\":\"Royal Canin Savour 10 kg - Zooland.az\",\"isPartOf\":{\"@id\":\"https:\\\/\\\/zoo-land.az\\\/#website\"},\"primaryImageOfPage\":{\"@id\":\"https:\\\/\\\/zoo-land.az\\\/az\\\/shop\\\/cat\\\/cat-foods\\\/royal-canin-savour-10-kg-2\\\/#primaryimage\"},\"image\":{\"@id\":\"https:\\\/\\\/zoo-land.az\\\/az\\\/shop\\\/cat\\\/cat-foods\\\/royal-canin-savour-10-kg-2\\\/#primaryimage\"},\"thumbnailUrl\":\"https:\\\/\\\/zoo-land.az\\\/wp-content\\\/uploads\\\/2024\\\/06\\\/i-2.webp\",\"datePublished\":\"2024-06-02T19:20:56+00:00\",\"breadcrumb\":{\"@id\":\"https:\\\/\\\/zoo-land.az\\\/az\\\/shop\\\/cat\\\/cat-foods\\\/royal-canin-savour-10-kg-2\\\/#breadcrumb\"},\"inLanguage\":\"ru-RU\",\"potentialAction\":[{\"@type\":\"ReadAction\",\"target\":[\"https:\\\/\\\/zoo-land.az\\\/az\\\/shop\\\/cat\\\/cat-foods\\\/royal-canin-savour-10-kg-2\\\/\"]}]},{\"@type\":\"ImageObject\",\"inLanguage\":\"ru-RU\",\"@id\":\"https:\\\/\\\/zoo-land.az\\\/az\\\/shop\\\/cat\\\/cat-foods\\\/royal-canin-savour-10-kg-2\\\/#primaryimage\",\"url\":\"https:\\\/\\\/zoo-land.az\\\/wp-content\\\/uploads\\\/2024\\\/06\\\/i-2.webp\",\"contentUrl\":\"https:\\\/\\\/zoo-land.az\\\/wp-content\\\/uploads\\\/2024\\\/06\\\/i-2.webp\",\"width\":443,\"height\":700},{\"@type\":\"BreadcrumbList\",\"@id\":\"https:\\\/\\\/zoo-land.az\\\/az\\\/shop\\\/cat\\\/cat-foods\\\/royal-canin-savour-10-kg-2\\\/#breadcrumb\",\"itemListElement\":[{\"@type\":\"ListItem\",\"position\":1,\"name\":\"Home\",\"item\":\"https:\\\/\\\/zoo-land.az\\\/ru\\\/\"},{\"@type\":\"ListItem\",\"position\":2,\"name\":\"Shop\",\"item\":\"https:\\\/\\\/zoo-land.az\\\/ru\\\/\"},{\"@type\":\"ListItem\",\"position\":3,\"name\":\"Royal Canin Savour 10 kg\"}]},{\"@type\":\"WebSite\",\"@id\":\"https:\\\/\\\/zoo-land.az\\\/#website\",\"url\":\"https:\\\/\\\/zoo-land.az\\\/\",\"name\":\"Zooland.az\",\"description\":\"Xo\u015fb\u0259xt ev heyvanlar\u0131n\u0131n \u00fcnvan\u0131 Zooland.az\",\"publisher\":{\"@id\":\"https:\\\/\\\/zoo-land.az\\\/#organization\"},\"potentialAction\":[{\"@type\":\"SearchAction\",\"target\":{\"@type\":\"EntryPoint\",\"urlTemplate\":\"https:\\\/\\\/zoo-land.az\\\/?s={search_term_string}\"},\"query-input\":{\"@type\":\"PropertyValueSpecification\",\"valueRequired\":true,\"valueName\":\"search_term_string\"}}],\"inLanguage\":\"ru-RU\"},{\"@type\":\"Organization\",\"@id\":\"https:\\\/\\\/zoo-land.az\\\/#organization\",\"name\":\"Zooland.az\",\"url\":\"https:\\\/\\\/zoo-land.az\\\/\",\"logo\":{\"@type\":\"ImageObject\",\"inLanguage\":\"ru-RU\",\"@id\":\"https:\\\/\\\/zoo-land.az\\\/#\\\/schema\\\/logo\\\/image\\\/\",\"url\":\"https:\\\/\\\/zoo-land.az\\\/wp-content\\\/uploads\\\/2022\\\/05\\\/logo.svg\",\"contentUrl\":\"https:\\\/\\\/zoo-land.az\\\/wp-content\\\/uploads\\\/2022\\\/05\\\/logo.svg\",\"width\":113,\"height\":46,\"caption\":\"Zooland.az\"},\"image\":{\"@id\":\"https:\\\/\\\/zoo-land.az\\\/#\\\/schema\\\/logo\\\/image\\\/\"}}]}<\/script>\n<!-- \/ Yoast SEO plugin. -->","yoast_head_json":{"title":"Royal Canin Savour 10 kg - Zooland.az","robots":{"index":"index","follow":"follow","max-snippet":"max-snippet:-1","max-image-preview":"max-image-preview:large","max-video-preview":"max-video-preview:-1"},"canonical":"https:\/\/zoo-land.az\/ru\/shop\/cat\/cat-foods\/royal-canin-savour-10-kg-2\/","og_locale":"ru_RU","og_type":"article","og_title":"Royal Canin Savour 10 kg - Zooland.az","og_description":"This is a description of a cat food product tailored for finicky adult cats over 1 year old, emphasizing the importance of understanding your cat's food preferences. It suggests that individual cats may have varying interpretations of aroma, texture, taste, and post-consumption sensations of food. The Exigent product line offers a variety of options to cater to these preferences. For some finicky cats, variety in their diet is crucial. SAVOUR EXIGENT includes two complementary types of kibble with different compositions and textures to satisfy the natural needs of picky cats.","og_url":"https:\/\/zoo-land.az\/ru\/shop\/cat\/cat-foods\/royal-canin-savour-10-kg-2\/","og_site_name":"Zooland.az","og_image":[{"width":443,"height":700,"url":"https:\/\/zoo-land.az\/wp-content\/uploads\/2024\/06\/i-2.webp","type":"image\/webp"}],"twitter_card":"summary_large_image","schema":{"@context":"https:\/\/schema.org","@graph":[{"@type":"WebPage","@id":"https:\/\/zoo-land.az\/az\/shop\/cat\/cat-foods\/royal-canin-savour-10-kg-2\/","url":"https:\/\/zoo-land.az\/az\/shop\/cat\/cat-foods\/royal-canin-savour-10-kg-2\/","name":"Royal Canin Savour 10 kg - Zooland.az","isPartOf":{"@id":"https:\/\/zoo-land.az\/#website"},"primaryImageOfPage":{"@id":"https:\/\/zoo-land.az\/az\/shop\/cat\/cat-foods\/royal-canin-savour-10-kg-2\/#primaryimage"},"image":{"@id":"https:\/\/zoo-land.az\/az\/shop\/cat\/cat-foods\/royal-canin-savour-10-kg-2\/#primaryimage"},"thumbnailUrl":"https:\/\/zoo-land.az\/wp-content\/uploads\/2024\/06\/i-2.webp","datePublished":"2024-06-02T19:20:56+00:00","breadcrumb":{"@id":"https:\/\/zoo-land.az\/az\/shop\/cat\/cat-foods\/royal-canin-savour-10-kg-2\/#breadcrumb"},"inLanguage":"ru-RU","potentialAction":[{"@type":"ReadAction","target":["https:\/\/zoo-land.az\/az\/shop\/cat\/cat-foods\/royal-canin-savour-10-kg-2\/"]}]},{"@type":"ImageObject","inLanguage":"ru-RU","@id":"https:\/\/zoo-land.az\/az\/shop\/cat\/cat-foods\/royal-canin-savour-10-kg-2\/#primaryimage","url":"https:\/\/zoo-land.az\/wp-content\/uploads\/2024\/06\/i-2.webp","contentUrl":"https:\/\/zoo-land.az\/wp-content\/uploads\/2024\/06\/i-2.webp","width":443,"height":700},{"@type":"BreadcrumbList","@id":"https:\/\/zoo-land.az\/az\/shop\/cat\/cat-foods\/royal-canin-savour-10-kg-2\/#breadcrumb","itemListElement":[{"@type":"ListItem","position":1,"name":"Home","item":"https:\/\/zoo-land.az\/ru\/"},{"@type":"ListItem","position":2,"name":"Shop","item":"https:\/\/zoo-land.az\/ru\/"},{"@type":"ListItem","position":3,"name":"Royal Canin Savour 10 kg"}]},{"@type":"WebSite","@id":"https:\/\/zoo-land.az\/#website","url":"https:\/\/zoo-land.az\/","name":"Zooland.az","description":"Xo\u015fb\u0259xt ev heyvanlar\u0131n\u0131n \u00fcnvan\u0131 Zooland.az","publisher":{"@id":"https:\/\/zoo-land.az\/#organization"},"potentialAction":[{"@type":"SearchAction","target":{"@type":"EntryPoint","urlTemplate":"https:\/\/zoo-land.az\/?s={search_term_string}"},"query-input":{"@type":"PropertyValueSpecification","valueRequired":true,"valueName":"search_term_string"}}],"inLanguage":"ru-RU"},{"@type":"Organization","@id":"https:\/\/zoo-land.az\/#organization","name":"Zooland.az","url":"https:\/\/zoo-land.az\/","logo":{"@type":"ImageObject","inLanguage":"ru-RU","@id":"https:\/\/zoo-land.az\/#\/schema\/logo\/image\/","url":"https:\/\/zoo-land.az\/wp-content\/uploads\/2022\/05\/logo.svg","contentUrl":"https:\/\/zoo-land.az\/wp-content\/uploads\/2022\/05\/logo.svg","width":113,"height":46,"caption":"Zooland.az"},"image":{"@id":"https:\/\/zoo-land.az\/#\/schema\/logo\/image\/"}}]}},"_links":{"self":[{"href":"https:\/\/zoo-land.az\/ru\/wp-json\/wp\/v2\/product\/22518","targetHints":{"allow":["GET"]}}],"collection":[{"href":"https:\/\/zoo-land.az\/ru\/wp-json\/wp\/v2\/product"}],"about":[{"href":"https:\/\/zoo-land.az\/ru\/wp-json\/wp\/v2\/types\/product"}],"wp:featuredmedia":[{"embeddable":true,"href":"https:\/\/zoo-land.az\/ru\/wp-json\/wp\/v2\/media\/22519"}],"wp:attachment":[{"href":"https:\/\/zoo-land.az\/ru\/wp-json\/wp\/v2\/media?parent=22518"}],"wp:term":[{"taxonomy":"product_cat","embeddable":true,"href":"https:\/\/zoo-land.az\/ru\/wp-json\/wp\/v2\/product_cat?post=22518"},{"taxonomy":"product_tag","embeddable":true,"href":"https:\/\/zoo-land.az\/ru\/wp-json\/wp\/v2\/product_tag?post=22518"}],"curies":[{"name":"wp","href":"https:\/\/api.w.org\/{rel}","templated":true}]}}