{"id":22524,"date":"2024-06-02T19:39:55","date_gmt":"2024-06-02T19:39:55","guid":{"rendered":"https:\/\/lightsteelblue-zebra-299715.hostingersite.com\/?post_type=product&#038;p=22524"},"modified":"2024-06-02T19:39:55","modified_gmt":"2024-06-02T19:39:55","slug":"royal-canin-maxi-adult-15-kg-2","status":"publish","type":"product","link":"https:\/\/zoo-land.az\/ru\/shop\/dog\/dog-food\/royal-canin-maxi-adult-15-kg-2\/","title":{"rendered":"Royal Canin Maxi Adult 15 \u043a\u0433."},"content":{"rendered":"<div id=\"featurebullets_feature_div\" class=\"celwidget\" data-feature-name=\"featurebullets\" data-csa-c-type=\"widget\" data-csa-c-content-id=\"featurebullets\" data-csa-c-slot-id=\"featurebullets_feature_div\" data-csa-c-asin=\"B002DPMQSO\" data-csa-c-is-in-initial-active-row=\"false\" data-csa-c-id=\"ctb0h-wgmx7o-gzu3kj-i7a7m8\" data-cel-widget=\"featurebullets_feature_div\">\n<div id=\"feature-bullets\" class=\"a-section a-spacing-medium a-spacing-top-small\">\n<ul class=\"a-unordered-list a-vertical a-spacing-mini\">\n<li class=\"a-spacing-mini\"><span class=\"a-list-item\">High digestibility Helps support optimal digestibility thanks to an exclusive formula including very high quality protein and a balanced supply of dietary fibre.<\/span><\/li>\n<li class=\"a-spacing-mini\"><span class=\"a-list-item\">Bone &amp; joint support Helps support large breed dogs\u2019 healthy bones and joints, which can be placed under stress by body weight.<\/span><\/li>\n<li class=\"a-spacing-mini\"><span class=\"a-list-item\">Omega 3: EPA-DHA Enriched with Omega 3 fatty acids (EPA-DHA) to help maintain healthy skin.<\/span><\/li>\n<li class=\"a-spacing-mini\"><span class=\"a-list-item\">Complete feed for dogs &#8211; For adult large breed dogs (from 26 to 44 kg) &#8211; From 15 months to 5 years old.<\/span><\/li>\n<\/ul>\n<\/div>\n<\/div>\n<div id=\"provenanceCertifications_feature_div\" class=\"celwidget\" data-feature-name=\"provenanceCertifications\" data-csa-c-type=\"widget\" data-csa-c-content-id=\"provenanceCertifications\" data-csa-c-slot-id=\"provenanceCertifications_feature_div\" data-csa-c-asin=\"B002DPMQSO\" data-csa-c-is-in-initial-active-row=\"false\" data-csa-c-id=\"ng4ib4-3fv4jw-f3xcmc-tmrvbz\" data-cel-widget=\"provenanceCertifications_feature_div\"><\/div>\n<div id=\"globalStoreInfoBullets_feature_div\" class=\"celwidget\" data-feature-name=\"globalStoreInfoBullets\" data-csa-c-type=\"widget\" data-csa-c-content-id=\"globalStoreInfoBullets\" data-csa-c-slot-id=\"globalStoreInfoBullets_feature_div\" data-csa-c-asin=\"B002DPMQSO\" data-csa-c-is-in-initial-active-row=\"false\" data-csa-c-id=\"bfscto-qf2pfd-g468a1-8d3i17\" data-cel-widget=\"globalStoreInfoBullets_feature_div\"><\/div>\n<div id=\"addOnItem_feature_div\" class=\"celwidget\" data-feature-name=\"addOnItem\" data-csa-c-type=\"widget\" data-csa-c-content-id=\"addOnItem\" data-csa-c-slot-id=\"addOnItem_feature_div\" data-csa-c-asin=\"B002DPMQSO\" data-csa-c-is-in-initial-active-row=\"false\" data-csa-c-id=\"llbrh1-nbdi4x-sqyq66-7380nq\" data-cel-widget=\"addOnItem_feature_div\"><\/div>\n<div id=\"andonCord_feature_div\" class=\"celwidget\" data-feature-name=\"andonCord\" data-csa-c-type=\"widget\" data-csa-c-content-id=\"andonCord\" data-csa-c-slot-id=\"andonCord_feature_div\" data-csa-c-asin=\"B002DPMQSO\" data-csa-c-is-in-initial-active-row=\"false\" data-csa-c-id=\"20tnn8-9a1m67-ap2nsw-il625x\" data-cel-widget=\"andonCord_feature_div\"><\/div>\n<div id=\"HLCXComparisonJumplink_feature_div\"><\/div>\n<div id=\"buyingOptionNostosBadge_feature_div\" class=\"celwidget\" data-feature-name=\"buyingOptionNostosBadge\" data-csa-c-type=\"widget\" data-csa-c-content-id=\"buyingOptionNostosBadge\" data-csa-c-slot-id=\"buyingOptionNostosBadge_feature_div\" data-csa-c-asin=\"B002DPMQSO\" data-csa-c-is-in-initial-active-row=\"false\" data-csa-c-id=\"icb3o-34mdn4-cxsh1k-icjemp\" data-cel-widget=\"buyingOptionNostosBadge_feature_div\"><\/div>\n<div id=\"tellAmazon_feature_div\" class=\"celwidget\" data-feature-name=\"tellAmazon\" data-csa-c-type=\"widget\" data-csa-c-content-id=\"tellAmazon\" data-csa-c-slot-id=\"tellAmazon_feature_div\" data-csa-c-asin=\"B002DPMQSO\" data-csa-c-is-in-initial-active-row=\"false\" data-csa-c-id=\"vprs1v-b15nov-aava5c-251bzr\" data-cel-widget=\"tellAmazon_feature_div\">\n<div class=\"celwidget c-f\" data-csa-op-log-render=\"\" data-csa-c-content-id=\"DsUnknown\" data-csa-c-slot-id=\"DsUnknown-1\" data-csa-c-type=\"widget\" data-csa-c-painter=\"tell-amazon-desktop-cards\" data-csa-c-id=\"7g9182-nafn32-mimq7j-gw0br9\" data-cel-widget=\"tell-amazon-desktop_DetailPage_0\">\n<div id=\"CardInstanceXRgUB8Snc9dTUKrau-HpiQ\" data-card-metrics-id=\"tell-amazon-desktop_DetailPage_0\" data-acp-tracking=\"{}\" data-mix-claimed=\"true\">\n<div class=\"_tell-amazon-desktop_style_tell_amazon_div__1YDZk\" data-asin=\"B002DPMQSO\" data-marketplace=\"A17E79C6D8DWNP\" data-logged-in=\"false\"><\/div>\n<\/div>\n<\/div>\n<\/div>","protected":false},"excerpt":{"rendered":"<div id=\"featurebullets_feature_div\" class=\"celwidget\" data-feature-name=\"featurebullets\" data-csa-c-type=\"widget\" data-csa-c-content-id=\"featurebullets\" data-csa-c-slot-id=\"featurebullets_feature_div\" data-csa-c-asin=\"B002DPMQSO\" data-csa-c-is-in-initial-active-row=\"false\" data-csa-c-id=\"ctb0h-wgmx7o-gzu3kj-i7a7m8\" data-cel-widget=\"featurebullets_feature_div\">\n<div id=\"feature-bullets\" class=\"a-section a-spacing-medium a-spacing-top-small\">\n<ul class=\"a-unordered-list a-vertical a-spacing-mini\">\n<li class=\"a-spacing-mini\"><span class=\"a-list-item\">High digestibility Helps support optimal digestibility thanks to an exclusive formula including very high quality protein and a balanced supply of dietary fibre.<\/span><\/li>\n<li class=\"a-spacing-mini\"><span class=\"a-list-item\">Bone &amp; joint support Helps support large breed dogs\u2019 healthy bones and joints, which can be placed under stress by body weight.<\/span><\/li>\n<li class=\"a-spacing-mini\"><span class=\"a-list-item\">Omega 3: EPA-DHA Enriched with Omega 3 fatty acids (EPA-DHA) to help maintain healthy skin.<\/span><\/li>\n<li class=\"a-spacing-mini\"><span class=\"a-list-item\">Complete feed for dogs &#8211; For adult large breed dogs (from 26 to 44 kg) &#8211; From 15 months to 5 years old.<\/span><\/li>\n<\/ul>\n<\/div>\n<\/div>\n<div id=\"provenanceCertifications_feature_div\" class=\"celwidget\" data-feature-name=\"provenanceCertifications\" data-csa-c-type=\"widget\" data-csa-c-content-id=\"provenanceCertifications\" data-csa-c-slot-id=\"provenanceCertifications_feature_div\" data-csa-c-asin=\"B002DPMQSO\" data-csa-c-is-in-initial-active-row=\"false\" data-csa-c-id=\"ng4ib4-3fv4jw-f3xcmc-tmrvbz\" data-cel-widget=\"provenanceCertifications_feature_div\"><\/div>\n<div id=\"globalStoreInfoBullets_feature_div\" class=\"celwidget\" data-feature-name=\"globalStoreInfoBullets\" data-csa-c-type=\"widget\" data-csa-c-content-id=\"globalStoreInfoBullets\" data-csa-c-slot-id=\"globalStoreInfoBullets_feature_div\" data-csa-c-asin=\"B002DPMQSO\" data-csa-c-is-in-initial-active-row=\"false\" data-csa-c-id=\"bfscto-qf2pfd-g468a1-8d3i17\" data-cel-widget=\"globalStoreInfoBullets_feature_div\"><\/div>\n<div id=\"addOnItem_feature_div\" class=\"celwidget\" data-feature-name=\"addOnItem\" data-csa-c-type=\"widget\" data-csa-c-content-id=\"addOnItem\" data-csa-c-slot-id=\"addOnItem_feature_div\" data-csa-c-asin=\"B002DPMQSO\" data-csa-c-is-in-initial-active-row=\"false\" data-csa-c-id=\"llbrh1-nbdi4x-sqyq66-7380nq\" data-cel-widget=\"addOnItem_feature_div\"><\/div>\n<div id=\"andonCord_feature_div\" class=\"celwidget\" data-feature-name=\"andonCord\" data-csa-c-type=\"widget\" data-csa-c-content-id=\"andonCord\" data-csa-c-slot-id=\"andonCord_feature_div\" data-csa-c-asin=\"B002DPMQSO\" data-csa-c-is-in-initial-active-row=\"false\" data-csa-c-id=\"20tnn8-9a1m67-ap2nsw-il625x\" data-cel-widget=\"andonCord_feature_div\"><\/div>\n<div id=\"HLCXComparisonJumplink_feature_div\"><\/div>\n<div id=\"buyingOptionNostosBadge_feature_div\" class=\"celwidget\" data-feature-name=\"buyingOptionNostosBadge\" data-csa-c-type=\"widget\" data-csa-c-content-id=\"buyingOptionNostosBadge\" data-csa-c-slot-id=\"buyingOptionNostosBadge_feature_div\" data-csa-c-asin=\"B002DPMQSO\" data-csa-c-is-in-initial-active-row=\"false\" data-csa-c-id=\"icb3o-34mdn4-cxsh1k-icjemp\" data-cel-widget=\"buyingOptionNostosBadge_feature_div\"><\/div>\n<div id=\"tellAmazon_feature_div\" class=\"celwidget\" data-feature-name=\"tellAmazon\" data-csa-c-type=\"widget\" data-csa-c-content-id=\"tellAmazon\" data-csa-c-slot-id=\"tellAmazon_feature_div\" data-csa-c-asin=\"B002DPMQSO\" data-csa-c-is-in-initial-active-row=\"false\" data-csa-c-id=\"vprs1v-b15nov-aava5c-251bzr\" data-cel-widget=\"tellAmazon_feature_div\">\n<div class=\"celwidget c-f\" data-csa-op-log-render=\"\" data-csa-c-content-id=\"DsUnknown\" data-csa-c-slot-id=\"DsUnknown-1\" data-csa-c-type=\"widget\" data-csa-c-painter=\"tell-amazon-desktop-cards\" data-csa-c-id=\"7g9182-nafn32-mimq7j-gw0br9\" data-cel-widget=\"tell-amazon-desktop_DetailPage_0\">\n<div id=\"CardInstanceXRgUB8Snc9dTUKrau-HpiQ\" data-card-metrics-id=\"tell-amazon-desktop_DetailPage_0\" data-acp-tracking=\"{}\" data-mix-claimed=\"true\">\n<div class=\"_tell-amazon-desktop_style_tell_amazon_div__1YDZk\" data-asin=\"B002DPMQSO\" data-marketplace=\"A17E79C6D8DWNP\" data-logged-in=\"false\"><\/div>\n<\/div>\n<\/div>\n<\/div>","protected":false},"featured_media":22525,"template":"","meta":{"inline_featured_image":false,"_joinchat":[]},"product_cat":[132,107],"product_tag":[],"class_list":{"0":"post-22524","1":"product","2":"type-product","3":"status-publish","4":"has-post-thumbnail","6":"product_brand-royal-canin","7":"product_cat-dog-food","8":"product_cat-dog","10":"first","11":"instock","12":"shipping-taxable","13":"purchasable","14":"product-type-simple"},"yoast_head":"<!-- This site is optimized with the Yoast SEO plugin v26.7 - https:\/\/yoast.com\/wordpress\/plugins\/seo\/ -->\n<title>Royal Canin Maxi Adult 15 kg - Zooland.az<\/title>\n<meta name=\"robots\" content=\"index, follow, max-snippet:-1, max-image-preview:large, max-video-preview:-1\" \/>\n<link rel=\"canonical\" href=\"https:\/\/zoo-land.az\/ru\/shop\/dog\/dog-food\/royal-canin-maxi-adult-15-kg-2\/\" \/>\n<meta property=\"og:locale\" content=\"ru_RU\" \/>\n<meta property=\"og:type\" content=\"article\" \/>\n<meta property=\"og:title\" content=\"Royal Canin Maxi Adult 15 kg - Zooland.az\" \/>\n<meta property=\"og:description\" content=\"High digestibility Helps support optimal digestibility thanks to an exclusive formula including very high quality protein and a balanced supply of dietary fibre.  Bone &amp; joint support Helps support large breed dogs\u2019 healthy bones and joints, which can be placed under stress by body weight.  Omega 3: EPA-DHA Enriched with Omega 3 fatty acids (EPA-DHA) to help maintain healthy skin.  Complete feed for dogs - For adult large breed dogs (from 26 to 44 kg) - From 15 months to 5 years old.\" \/>\n<meta property=\"og:url\" content=\"https:\/\/zoo-land.az\/ru\/shop\/dog\/dog-food\/royal-canin-maxi-adult-15-kg-2\/\" \/>\n<meta property=\"og:site_name\" content=\"Zooland.az\" \/>\n<meta property=\"og:image\" content=\"https:\/\/zoo-land.az\/wp-content\/uploads\/2024\/06\/51CEfh36FsS._AC_UF10001000_QL80_.jpg\" \/>\n\t<meta property=\"og:image:width\" content=\"605\" \/>\n\t<meta property=\"og:image:height\" content=\"1000\" \/>\n\t<meta property=\"og:image:type\" content=\"image\/jpeg\" \/>\n<meta name=\"twitter:card\" content=\"summary_large_image\" \/>\n<script type=\"application\/ld+json\" class=\"yoast-schema-graph\">{\"@context\":\"https:\/\/schema.org\",\"@graph\":[{\"@type\":\"WebPage\",\"@id\":\"https:\/\/zoo-land.az\/shop\/dog\/dog-food\/royal-canin-maxi-adult-15-kg-2\/\",\"url\":\"https:\/\/zoo-land.az\/shop\/dog\/dog-food\/royal-canin-maxi-adult-15-kg-2\/\",\"name\":\"Royal Canin Maxi Adult 15 kg - Zooland.az\",\"isPartOf\":{\"@id\":\"https:\/\/zoo-land.az\/#website\"},\"primaryImageOfPage\":{\"@id\":\"https:\/\/zoo-land.az\/shop\/dog\/dog-food\/royal-canin-maxi-adult-15-kg-2\/#primaryimage\"},\"image\":{\"@id\":\"https:\/\/zoo-land.az\/shop\/dog\/dog-food\/royal-canin-maxi-adult-15-kg-2\/#primaryimage\"},\"thumbnailUrl\":\"https:\/\/zoo-land.az\/wp-content\/uploads\/2024\/06\/51CEfh36FsS._AC_UF10001000_QL80_.jpg\",\"datePublished\":\"2024-06-02T19:39:55+00:00\",\"breadcrumb\":{\"@id\":\"https:\/\/zoo-land.az\/shop\/dog\/dog-food\/royal-canin-maxi-adult-15-kg-2\/#breadcrumb\"},\"inLanguage\":\"ru-RU\",\"potentialAction\":[{\"@type\":\"ReadAction\",\"target\":[\"https:\/\/zoo-land.az\/shop\/dog\/dog-food\/royal-canin-maxi-adult-15-kg-2\/\"]}]},{\"@type\":\"ImageObject\",\"inLanguage\":\"ru-RU\",\"@id\":\"https:\/\/zoo-land.az\/shop\/dog\/dog-food\/royal-canin-maxi-adult-15-kg-2\/#primaryimage\",\"url\":\"https:\/\/zoo-land.az\/wp-content\/uploads\/2024\/06\/51CEfh36FsS._AC_UF10001000_QL80_.jpg\",\"contentUrl\":\"https:\/\/zoo-land.az\/wp-content\/uploads\/2024\/06\/51CEfh36FsS._AC_UF10001000_QL80_.jpg\",\"width\":605,\"height\":1000},{\"@type\":\"BreadcrumbList\",\"@id\":\"https:\/\/zoo-land.az\/shop\/dog\/dog-food\/royal-canin-maxi-adult-15-kg-2\/#breadcrumb\",\"itemListElement\":[{\"@type\":\"ListItem\",\"position\":1,\"name\":\"Home\",\"item\":\"https:\/\/zoo-land.az\/ru\/\"},{\"@type\":\"ListItem\",\"position\":2,\"name\":\"Shop\",\"item\":\"https:\/\/zoo-land.az\/ru\/\"},{\"@type\":\"ListItem\",\"position\":3,\"name\":\"Royal Canin Maxi Adult 15 kg\"}]},{\"@type\":\"WebSite\",\"@id\":\"https:\/\/zoo-land.az\/#website\",\"url\":\"https:\/\/zoo-land.az\/\",\"name\":\"Zooland.az\",\"description\":\"Xo\u015fb\u0259xt ev heyvanlar\u0131n\u0131n \u00fcnvan\u0131 Zooland.az\",\"publisher\":{\"@id\":\"https:\/\/zoo-land.az\/#organization\"},\"potentialAction\":[{\"@type\":\"SearchAction\",\"target\":{\"@type\":\"EntryPoint\",\"urlTemplate\":\"https:\/\/zoo-land.az\/?s={search_term_string}\"},\"query-input\":{\"@type\":\"PropertyValueSpecification\",\"valueRequired\":true,\"valueName\":\"search_term_string\"}}],\"inLanguage\":\"ru-RU\"},{\"@type\":\"Organization\",\"@id\":\"https:\/\/zoo-land.az\/#organization\",\"name\":\"Zooland.az\",\"url\":\"https:\/\/zoo-land.az\/\",\"logo\":{\"@type\":\"ImageObject\",\"inLanguage\":\"ru-RU\",\"@id\":\"https:\/\/zoo-land.az\/#\/schema\/logo\/image\/\",\"url\":\"https:\/\/zoo-land.az\/wp-content\/uploads\/2022\/05\/logo.svg\",\"contentUrl\":\"https:\/\/zoo-land.az\/wp-content\/uploads\/2022\/05\/logo.svg\",\"width\":113,\"height\":46,\"caption\":\"Zooland.az\"},\"image\":{\"@id\":\"https:\/\/zoo-land.az\/#\/schema\/logo\/image\/\"}}]}<\/script>\n<!-- \/ Yoast SEO plugin. -->","yoast_head_json":{"title":"Royal Canin Maxi Adult 15 kg - Zooland.az","robots":{"index":"index","follow":"follow","max-snippet":"max-snippet:-1","max-image-preview":"max-image-preview:large","max-video-preview":"max-video-preview:-1"},"canonical":"https:\/\/zoo-land.az\/ru\/shop\/dog\/dog-food\/royal-canin-maxi-adult-15-kg-2\/","og_locale":"ru_RU","og_type":"article","og_title":"Royal Canin Maxi Adult 15 kg - Zooland.az","og_description":"High digestibility Helps support optimal digestibility thanks to an exclusive formula including very high quality protein and a balanced supply of dietary fibre.  Bone &amp; joint support Helps support large breed dogs\u2019 healthy bones and joints, which can be placed under stress by body weight.  Omega 3: EPA-DHA Enriched with Omega 3 fatty acids (EPA-DHA) to help maintain healthy skin.  Complete feed for dogs - For adult large breed dogs (from 26 to 44 kg) - From 15 months to 5 years old.","og_url":"https:\/\/zoo-land.az\/ru\/shop\/dog\/dog-food\/royal-canin-maxi-adult-15-kg-2\/","og_site_name":"Zooland.az","og_image":[{"width":605,"height":1000,"url":"https:\/\/zoo-land.az\/wp-content\/uploads\/2024\/06\/51CEfh36FsS._AC_UF10001000_QL80_.jpg","type":"image\/jpeg"}],"twitter_card":"summary_large_image","schema":{"@context":"https:\/\/schema.org","@graph":[{"@type":"WebPage","@id":"https:\/\/zoo-land.az\/shop\/dog\/dog-food\/royal-canin-maxi-adult-15-kg-2\/","url":"https:\/\/zoo-land.az\/shop\/dog\/dog-food\/royal-canin-maxi-adult-15-kg-2\/","name":"Royal Canin Maxi Adult 15 kg - Zooland.az","isPartOf":{"@id":"https:\/\/zoo-land.az\/#website"},"primaryImageOfPage":{"@id":"https:\/\/zoo-land.az\/shop\/dog\/dog-food\/royal-canin-maxi-adult-15-kg-2\/#primaryimage"},"image":{"@id":"https:\/\/zoo-land.az\/shop\/dog\/dog-food\/royal-canin-maxi-adult-15-kg-2\/#primaryimage"},"thumbnailUrl":"https:\/\/zoo-land.az\/wp-content\/uploads\/2024\/06\/51CEfh36FsS._AC_UF10001000_QL80_.jpg","datePublished":"2024-06-02T19:39:55+00:00","breadcrumb":{"@id":"https:\/\/zoo-land.az\/shop\/dog\/dog-food\/royal-canin-maxi-adult-15-kg-2\/#breadcrumb"},"inLanguage":"ru-RU","potentialAction":[{"@type":"ReadAction","target":["https:\/\/zoo-land.az\/shop\/dog\/dog-food\/royal-canin-maxi-adult-15-kg-2\/"]}]},{"@type":"ImageObject","inLanguage":"ru-RU","@id":"https:\/\/zoo-land.az\/shop\/dog\/dog-food\/royal-canin-maxi-adult-15-kg-2\/#primaryimage","url":"https:\/\/zoo-land.az\/wp-content\/uploads\/2024\/06\/51CEfh36FsS._AC_UF10001000_QL80_.jpg","contentUrl":"https:\/\/zoo-land.az\/wp-content\/uploads\/2024\/06\/51CEfh36FsS._AC_UF10001000_QL80_.jpg","width":605,"height":1000},{"@type":"BreadcrumbList","@id":"https:\/\/zoo-land.az\/shop\/dog\/dog-food\/royal-canin-maxi-adult-15-kg-2\/#breadcrumb","itemListElement":[{"@type":"ListItem","position":1,"name":"Home","item":"https:\/\/zoo-land.az\/ru\/"},{"@type":"ListItem","position":2,"name":"Shop","item":"https:\/\/zoo-land.az\/ru\/"},{"@type":"ListItem","position":3,"name":"Royal Canin Maxi Adult 15 kg"}]},{"@type":"WebSite","@id":"https:\/\/zoo-land.az\/#website","url":"https:\/\/zoo-land.az\/","name":"Zooland.az","description":"Xo\u015fb\u0259xt ev heyvanlar\u0131n\u0131n \u00fcnvan\u0131 Zooland.az","publisher":{"@id":"https:\/\/zoo-land.az\/#organization"},"potentialAction":[{"@type":"SearchAction","target":{"@type":"EntryPoint","urlTemplate":"https:\/\/zoo-land.az\/?s={search_term_string}"},"query-input":{"@type":"PropertyValueSpecification","valueRequired":true,"valueName":"search_term_string"}}],"inLanguage":"ru-RU"},{"@type":"Organization","@id":"https:\/\/zoo-land.az\/#organization","name":"Zooland.az","url":"https:\/\/zoo-land.az\/","logo":{"@type":"ImageObject","inLanguage":"ru-RU","@id":"https:\/\/zoo-land.az\/#\/schema\/logo\/image\/","url":"https:\/\/zoo-land.az\/wp-content\/uploads\/2022\/05\/logo.svg","contentUrl":"https:\/\/zoo-land.az\/wp-content\/uploads\/2022\/05\/logo.svg","width":113,"height":46,"caption":"Zooland.az"},"image":{"@id":"https:\/\/zoo-land.az\/#\/schema\/logo\/image\/"}}]}},"_links":{"self":[{"href":"https:\/\/zoo-land.az\/ru\/wp-json\/wp\/v2\/product\/22524","targetHints":{"allow":["GET"]}}],"collection":[{"href":"https:\/\/zoo-land.az\/ru\/wp-json\/wp\/v2\/product"}],"about":[{"href":"https:\/\/zoo-land.az\/ru\/wp-json\/wp\/v2\/types\/product"}],"wp:featuredmedia":[{"embeddable":true,"href":"https:\/\/zoo-land.az\/ru\/wp-json\/wp\/v2\/media\/22525"}],"wp:attachment":[{"href":"https:\/\/zoo-land.az\/ru\/wp-json\/wp\/v2\/media?parent=22524"}],"wp:term":[{"taxonomy":"product_cat","embeddable":true,"href":"https:\/\/zoo-land.az\/ru\/wp-json\/wp\/v2\/product_cat?post=22524"},{"taxonomy":"product_tag","embeddable":true,"href":"https:\/\/zoo-land.az\/ru\/wp-json\/wp\/v2\/product_tag?post=22524"}],"curies":[{"name":"wp","href":"https:\/\/api.w.org\/{rel}","templated":true}]}}