{"id":22526,"date":"2024-06-02T19:43:32","date_gmt":"2024-06-02T19:43:32","guid":{"rendered":"https:\/\/lightsteelblue-zebra-299715.hostingersite.com\/?post_type=product&#038;p=22526"},"modified":"2026-03-13T15:33:16","modified_gmt":"2026-03-13T11:33:16","slug":"royal-canin-sterilised-15-kg","status":"publish","type":"product","link":"https:\/\/zoo-land.az\/ru\/shop\/cat\/cat-foods\/royal-canin-sterilised-15-kg\/","title":{"rendered":"Royal Canin Sterilised 15 kg"},"content":{"rendered":"<p>After your cat has been neutered, a diet change may be necessary to support the changing energy needs. ROYAL CANIN\u00ae Sterilised helps your cat maintain its ideal body weight after neutering with an appropriate fat content. Additionally, ROYAL CANIN\u00ae Sterilised has a carefully balanced mineral content to support and protect your cat&#8217;s urinary system, while the high protein content in this food helps maintain healthy muscle mass. To cater to the different preferences of each cat, ROYAL CANIN\u00ae Sterilised is also available in gravy or jelly wet food options. When feeding a mixed diet, follow our feeding guide to ensure your cat receives the right amount of wet and dry food for maximum benefit.<\/p>","protected":false},"excerpt":{"rendered":"<p>After your cat has been neutered, a diet change may be necessary to support the changing energy needs. ROYAL CANIN\u00ae Sterilised helps your cat maintain its ideal body weight after neutering with an appropriate fat content. Additionally, ROYAL CANIN\u00ae Sterilised has a carefully balanced mineral content to support and protect your cat&#8217;s urinary system, while the high protein content in this food helps maintain healthy muscle mass. To cater to the different preferences of each cat, ROYAL CANIN\u00ae Sterilised is also available in gravy or jelly wet food options. When feeding a mixed diet, follow our feeding guide to ensure your cat receives the right amount of wet and dry food for maximum benefit.<\/p>","protected":false},"featured_media":22527,"template":"","meta":{"inline_featured_image":false,"_joinchat":[]},"product_cat":[189,188],"product_tag":[],"class_list":{"0":"post-22526","1":"product","2":"type-product","3":"status-publish","4":"has-post-thumbnail","6":"product_brand-royal-canin","7":"product_cat-cat-foods","8":"product_cat-cat","10":"first","11":"instock","12":"shipping-taxable","13":"purchasable","14":"product-type-simple"},"yoast_head":"<!-- This site is optimized with the Yoast SEO plugin v26.7 - https:\/\/yoast.com\/wordpress\/plugins\/seo\/ -->\n<title>Royal Canin Sterilised 15 kg - Zooland.az<\/title>\n<meta name=\"robots\" content=\"index, follow, max-snippet:-1, max-image-preview:large, max-video-preview:-1\" \/>\n<link rel=\"canonical\" href=\"https:\/\/zoo-land.az\/ru\/shop\/cat\/cat-foods\/royal-canin-sterilised-15-kg\/\" \/>\n<meta property=\"og:locale\" content=\"ru_RU\" \/>\n<meta property=\"og:type\" content=\"article\" \/>\n<meta property=\"og:title\" content=\"Royal Canin Sterilised 15 kg - Zooland.az\" \/>\n<meta property=\"og:description\" content=\"After your cat has been neutered, a diet change may be necessary to support the changing energy needs. ROYAL CANIN\u00ae Sterilised helps your cat maintain its ideal body weight after neutering with an appropriate fat content. Additionally, ROYAL CANIN\u00ae Sterilised has a carefully balanced mineral content to support and protect your cat&#039;s urinary system, while the high protein content in this food helps maintain healthy muscle mass. To cater to the different preferences of each cat, ROYAL CANIN\u00ae Sterilised is also available in gravy or jelly wet food options. When feeding a mixed diet, follow our feeding guide to ensure your cat receives the right amount of wet and dry food for maximum benefit.\" \/>\n<meta property=\"og:url\" content=\"https:\/\/zoo-land.az\/ru\/shop\/cat\/cat-foods\/royal-canin-sterilised-15-kg\/\" \/>\n<meta property=\"og:site_name\" content=\"Zooland.az\" \/>\n<meta property=\"article:modified_time\" content=\"2026-03-13T11:33:16+00:00\" \/>\n<meta property=\"og:image\" content=\"http:\/\/zoo-land.az\/wp-content\/uploads\/2024\/06\/96181-50fad89717e23bb965dac5f914d9eecf-scaled.jpg\" \/>\n\t<meta property=\"og:image:width\" content=\"1329\" \/>\n\t<meta property=\"og:image:height\" content=\"2560\" \/>\n\t<meta property=\"og:image:type\" content=\"image\/jpeg\" \/>\n<meta name=\"twitter:card\" content=\"summary_large_image\" \/>\n<meta name=\"twitter:label1\" content=\"\u041f\u0440\u0438\u043c\u0435\u0440\u043d\u043e\u0435 \u0432\u0440\u0435\u043c\u044f \u0434\u043b\u044f \u0447\u0442\u0435\u043d\u0438\u044f\" \/>\n\t<meta name=\"twitter:data1\" content=\"1 \u043c\u0438\u043d\u0443\u0442\u0430\" \/>\n<script type=\"application\/ld+json\" class=\"yoast-schema-graph\">{\"@context\":\"https:\/\/schema.org\",\"@graph\":[{\"@type\":\"WebPage\",\"@id\":\"https:\/\/zoo-land.az\/shop\/cat\/cat-foods\/royal-canin-sterilised-15-kg\/\",\"url\":\"https:\/\/zoo-land.az\/shop\/cat\/cat-foods\/royal-canin-sterilised-15-kg\/\",\"name\":\"Royal Canin Sterilised 15 kg - Zooland.az\",\"isPartOf\":{\"@id\":\"https:\/\/zoo-land.az\/#website\"},\"primaryImageOfPage\":{\"@id\":\"https:\/\/zoo-land.az\/shop\/cat\/cat-foods\/royal-canin-sterilised-15-kg\/#primaryimage\"},\"image\":{\"@id\":\"https:\/\/zoo-land.az\/shop\/cat\/cat-foods\/royal-canin-sterilised-15-kg\/#primaryimage\"},\"thumbnailUrl\":\"https:\/\/zoo-land.az\/wp-content\/uploads\/2024\/06\/96181-50fad89717e23bb965dac5f914d9eecf-scaled.jpg\",\"datePublished\":\"2024-06-02T19:43:32+00:00\",\"dateModified\":\"2026-03-13T11:33:16+00:00\",\"breadcrumb\":{\"@id\":\"https:\/\/zoo-land.az\/shop\/cat\/cat-foods\/royal-canin-sterilised-15-kg\/#breadcrumb\"},\"inLanguage\":\"ru-RU\",\"potentialAction\":[{\"@type\":\"ReadAction\",\"target\":[\"https:\/\/zoo-land.az\/shop\/cat\/cat-foods\/royal-canin-sterilised-15-kg\/\"]}]},{\"@type\":\"ImageObject\",\"inLanguage\":\"ru-RU\",\"@id\":\"https:\/\/zoo-land.az\/shop\/cat\/cat-foods\/royal-canin-sterilised-15-kg\/#primaryimage\",\"url\":\"https:\/\/zoo-land.az\/wp-content\/uploads\/2024\/06\/96181-50fad89717e23bb965dac5f914d9eecf-scaled.jpg\",\"contentUrl\":\"https:\/\/zoo-land.az\/wp-content\/uploads\/2024\/06\/96181-50fad89717e23bb965dac5f914d9eecf-scaled.jpg\",\"width\":1329,\"height\":2560},{\"@type\":\"BreadcrumbList\",\"@id\":\"https:\/\/zoo-land.az\/shop\/cat\/cat-foods\/royal-canin-sterilised-15-kg\/#breadcrumb\",\"itemListElement\":[{\"@type\":\"ListItem\",\"position\":1,\"name\":\"Home\",\"item\":\"https:\/\/zoo-land.az\/ru\/\"},{\"@type\":\"ListItem\",\"position\":2,\"name\":\"Shop\",\"item\":\"https:\/\/zoo-land.az\/ru\/\"},{\"@type\":\"ListItem\",\"position\":3,\"name\":\"Royal Canin Sterilised 15 kg\"}]},{\"@type\":\"WebSite\",\"@id\":\"https:\/\/zoo-land.az\/#website\",\"url\":\"https:\/\/zoo-land.az\/\",\"name\":\"Zooland.az\",\"description\":\"Xo\u015fb\u0259xt ev heyvanlar\u0131n\u0131n \u00fcnvan\u0131 Zooland.az\",\"publisher\":{\"@id\":\"https:\/\/zoo-land.az\/#organization\"},\"potentialAction\":[{\"@type\":\"SearchAction\",\"target\":{\"@type\":\"EntryPoint\",\"urlTemplate\":\"https:\/\/zoo-land.az\/?s={search_term_string}\"},\"query-input\":{\"@type\":\"PropertyValueSpecification\",\"valueRequired\":true,\"valueName\":\"search_term_string\"}}],\"inLanguage\":\"ru-RU\"},{\"@type\":\"Organization\",\"@id\":\"https:\/\/zoo-land.az\/#organization\",\"name\":\"Zooland.az\",\"url\":\"https:\/\/zoo-land.az\/\",\"logo\":{\"@type\":\"ImageObject\",\"inLanguage\":\"ru-RU\",\"@id\":\"https:\/\/zoo-land.az\/#\/schema\/logo\/image\/\",\"url\":\"https:\/\/zoo-land.az\/wp-content\/uploads\/2022\/05\/logo.svg\",\"contentUrl\":\"https:\/\/zoo-land.az\/wp-content\/uploads\/2022\/05\/logo.svg\",\"width\":113,\"height\":46,\"caption\":\"Zooland.az\"},\"image\":{\"@id\":\"https:\/\/zoo-land.az\/#\/schema\/logo\/image\/\"}}]}<\/script>\n<!-- \/ Yoast SEO plugin. -->","yoast_head_json":{"title":"Royal Canin Sterilised 15 kg - Zooland.az","robots":{"index":"index","follow":"follow","max-snippet":"max-snippet:-1","max-image-preview":"max-image-preview:large","max-video-preview":"max-video-preview:-1"},"canonical":"https:\/\/zoo-land.az\/ru\/shop\/cat\/cat-foods\/royal-canin-sterilised-15-kg\/","og_locale":"ru_RU","og_type":"article","og_title":"Royal Canin Sterilised 15 kg - Zooland.az","og_description":"After your cat has been neutered, a diet change may be necessary to support the changing energy needs. ROYAL CANIN\u00ae Sterilised helps your cat maintain its ideal body weight after neutering with an appropriate fat content. Additionally, ROYAL CANIN\u00ae Sterilised has a carefully balanced mineral content to support and protect your cat's urinary system, while the high protein content in this food helps maintain healthy muscle mass. To cater to the different preferences of each cat, ROYAL CANIN\u00ae Sterilised is also available in gravy or jelly wet food options. When feeding a mixed diet, follow our feeding guide to ensure your cat receives the right amount of wet and dry food for maximum benefit.","og_url":"https:\/\/zoo-land.az\/ru\/shop\/cat\/cat-foods\/royal-canin-sterilised-15-kg\/","og_site_name":"Zooland.az","article_modified_time":"2026-03-13T11:33:16+00:00","og_image":[{"width":1329,"height":2560,"url":"http:\/\/zoo-land.az\/wp-content\/uploads\/2024\/06\/96181-50fad89717e23bb965dac5f914d9eecf-scaled.jpg","type":"image\/jpeg"}],"twitter_card":"summary_large_image","twitter_misc":{"\u041f\u0440\u0438\u043c\u0435\u0440\u043d\u043e\u0435 \u0432\u0440\u0435\u043c\u044f \u0434\u043b\u044f \u0447\u0442\u0435\u043d\u0438\u044f":"1 \u043c\u0438\u043d\u0443\u0442\u0430"},"schema":{"@context":"https:\/\/schema.org","@graph":[{"@type":"WebPage","@id":"https:\/\/zoo-land.az\/shop\/cat\/cat-foods\/royal-canin-sterilised-15-kg\/","url":"https:\/\/zoo-land.az\/shop\/cat\/cat-foods\/royal-canin-sterilised-15-kg\/","name":"Royal Canin Sterilised 15 kg - Zooland.az","isPartOf":{"@id":"https:\/\/zoo-land.az\/#website"},"primaryImageOfPage":{"@id":"https:\/\/zoo-land.az\/shop\/cat\/cat-foods\/royal-canin-sterilised-15-kg\/#primaryimage"},"image":{"@id":"https:\/\/zoo-land.az\/shop\/cat\/cat-foods\/royal-canin-sterilised-15-kg\/#primaryimage"},"thumbnailUrl":"https:\/\/zoo-land.az\/wp-content\/uploads\/2024\/06\/96181-50fad89717e23bb965dac5f914d9eecf-scaled.jpg","datePublished":"2024-06-02T19:43:32+00:00","dateModified":"2026-03-13T11:33:16+00:00","breadcrumb":{"@id":"https:\/\/zoo-land.az\/shop\/cat\/cat-foods\/royal-canin-sterilised-15-kg\/#breadcrumb"},"inLanguage":"ru-RU","potentialAction":[{"@type":"ReadAction","target":["https:\/\/zoo-land.az\/shop\/cat\/cat-foods\/royal-canin-sterilised-15-kg\/"]}]},{"@type":"ImageObject","inLanguage":"ru-RU","@id":"https:\/\/zoo-land.az\/shop\/cat\/cat-foods\/royal-canin-sterilised-15-kg\/#primaryimage","url":"https:\/\/zoo-land.az\/wp-content\/uploads\/2024\/06\/96181-50fad89717e23bb965dac5f914d9eecf-scaled.jpg","contentUrl":"https:\/\/zoo-land.az\/wp-content\/uploads\/2024\/06\/96181-50fad89717e23bb965dac5f914d9eecf-scaled.jpg","width":1329,"height":2560},{"@type":"BreadcrumbList","@id":"https:\/\/zoo-land.az\/shop\/cat\/cat-foods\/royal-canin-sterilised-15-kg\/#breadcrumb","itemListElement":[{"@type":"ListItem","position":1,"name":"Home","item":"https:\/\/zoo-land.az\/ru\/"},{"@type":"ListItem","position":2,"name":"Shop","item":"https:\/\/zoo-land.az\/ru\/"},{"@type":"ListItem","position":3,"name":"Royal Canin Sterilised 15 kg"}]},{"@type":"WebSite","@id":"https:\/\/zoo-land.az\/#website","url":"https:\/\/zoo-land.az\/","name":"Zooland.az","description":"Xo\u015fb\u0259xt ev heyvanlar\u0131n\u0131n \u00fcnvan\u0131 Zooland.az","publisher":{"@id":"https:\/\/zoo-land.az\/#organization"},"potentialAction":[{"@type":"SearchAction","target":{"@type":"EntryPoint","urlTemplate":"https:\/\/zoo-land.az\/?s={search_term_string}"},"query-input":{"@type":"PropertyValueSpecification","valueRequired":true,"valueName":"search_term_string"}}],"inLanguage":"ru-RU"},{"@type":"Organization","@id":"https:\/\/zoo-land.az\/#organization","name":"Zooland.az","url":"https:\/\/zoo-land.az\/","logo":{"@type":"ImageObject","inLanguage":"ru-RU","@id":"https:\/\/zoo-land.az\/#\/schema\/logo\/image\/","url":"https:\/\/zoo-land.az\/wp-content\/uploads\/2022\/05\/logo.svg","contentUrl":"https:\/\/zoo-land.az\/wp-content\/uploads\/2022\/05\/logo.svg","width":113,"height":46,"caption":"Zooland.az"},"image":{"@id":"https:\/\/zoo-land.az\/#\/schema\/logo\/image\/"}}]}},"_links":{"self":[{"href":"https:\/\/zoo-land.az\/ru\/wp-json\/wp\/v2\/product\/22526","targetHints":{"allow":["GET"]}}],"collection":[{"href":"https:\/\/zoo-land.az\/ru\/wp-json\/wp\/v2\/product"}],"about":[{"href":"https:\/\/zoo-land.az\/ru\/wp-json\/wp\/v2\/types\/product"}],"wp:featuredmedia":[{"embeddable":true,"href":"https:\/\/zoo-land.az\/ru\/wp-json\/wp\/v2\/media\/22527"}],"wp:attachment":[{"href":"https:\/\/zoo-land.az\/ru\/wp-json\/wp\/v2\/media?parent=22526"}],"wp:term":[{"taxonomy":"product_cat","embeddable":true,"href":"https:\/\/zoo-land.az\/ru\/wp-json\/wp\/v2\/product_cat?post=22526"},{"taxonomy":"product_tag","embeddable":true,"href":"https:\/\/zoo-land.az\/ru\/wp-json\/wp\/v2\/product_tag?post=22526"}],"curies":[{"name":"wp","href":"https:\/\/api.w.org\/{rel}","templated":true}]}}