{"id":22574,"date":"2024-06-03T19:48:33","date_gmt":"2024-06-03T19:48:33","guid":{"rendered":"https:\/\/lightsteelblue-zebra-299715.hostingersite.com\/?post_type=product&#038;p=22574"},"modified":"2024-06-03T19:48:33","modified_gmt":"2024-06-03T19:48:33","slug":"beaphar-kittys-junior-tab-1000","status":"publish","type":"product","link":"https:\/\/zoo-land.az\/ru\/shop\/cat\/vitamins\/beaphar-kittys-junior-tab-1000\/","title":{"rendered":"Beaphar Kittys \u042e\u043d\u0438\u043e\u0440 \u0422\u0430\u0431 1000"},"content":{"rendered":"<p>Kitty&#8217;s Junior dietary supplement with biotin for kittens is the perfect addition to the daily diet of kittens aged 6 weeks and older. It contains all the vitamins and minerals for the healthy development of kittens, while biotin ensures healthy skin and coat for the kitten. Vitamin B1 is important for carbohydrate metabolism. Vitamin B2 aids in the normal functioning of the central nervous system and maintains skin health. Vitamin B5 is needed for the transport of fatty acids into mitochondria, while B6 is essential for the metabolism of amino acids, sugars, and fatty acids. Vitamin B12 participates in fat and carbohydrate metabolism, prevents anemia, and maintains neurological functions. Vitamin H (biotin) promotes healthy skin, shiny fur, and strong nails. Micro- and macro-elements are necessary for the normal functioning of the body (included in the composition of tissues, blood cells, hormones, enzymes, and involved in metabolism).<\/p>\n<p><strong>\u0421\u043e\u0441\u0442\u0430\u0432:<\/strong> Milk and dairy products, sugars, minerals, fish and fish products (codfish at least 4%), meat and animal products, yeast, oils, and fats. Analysis: protein 8.7%, fat 2.7%, fiber 6.8%, ash 13.8%, moisture 4.4%, calcium 1.7%, potassium 0.01%, sodium 0.5%, phosphorus 1.2%. Additives per 1 kg: vitamins B1 53 mg, B2 42 mg, B5 53 mg, B6 43 mg, B12 2300 IU, H 1400 IU, PP 650 mg.<\/p>\n<p><strong>Application:<\/strong> Up to 8 tablets per 1 kg of kitten&#8217;s weight daily.<\/p>\n<p>As a reward for pets.<\/p>","protected":false},"excerpt":{"rendered":"<p>Kitty&#8217;s Junior dietary supplement with biotin for kittens is the perfect addition to the daily diet of kittens aged 6 weeks and older. It contains all the vitamins and minerals for the healthy development of kittens, while biotin ensures healthy skin and coat for the kitten. Vitamin B1 is important for carbohydrate metabolism. Vitamin B2 aids in the normal functioning of the central nervous system and maintains skin health. Vitamin B5 is needed for the transport of fatty acids into mitochondria, while B6 is essential for the metabolism of amino acids, sugars, and fatty acids. Vitamin B12 participates in fat and carbohydrate metabolism, prevents anemia, and maintains neurological functions. Vitamin H (biotin) promotes healthy skin, shiny fur, and strong nails. Micro- and macro-elements are necessary for the normal functioning of the body (included in the composition of tissues, blood cells, hormones, enzymes, and involved in metabolism).<\/p>","protected":false},"featured_media":22575,"template":"","meta":{"inline_featured_image":false,"_joinchat":[]},"product_cat":[188,364],"product_tag":[],"class_list":{"0":"post-22574","1":"product","2":"type-product","3":"status-publish","4":"has-post-thumbnail","6":"product_brand-beaphar","7":"product_cat-cat","8":"product_cat-vitamins","10":"first","11":"instock","12":"shipping-taxable","13":"purchasable","14":"product-type-simple"},"yoast_head":"<!-- This site is optimized with the Yoast SEO plugin v26.7 - https:\/\/yoast.com\/wordpress\/plugins\/seo\/ -->\n<title>Beaphar Kittys Junior Tab 1000 - Zooland.az<\/title>\n<meta name=\"robots\" content=\"index, follow, max-snippet:-1, max-image-preview:large, max-video-preview:-1\" \/>\n<link rel=\"canonical\" href=\"https:\/\/zoo-land.az\/ru\/shop\/cat\/vitamins\/beaphar-kittys-junior-tab-1000\/\" \/>\n<meta property=\"og:locale\" content=\"ru_RU\" \/>\n<meta property=\"og:type\" content=\"article\" \/>\n<meta property=\"og:title\" content=\"Beaphar Kittys Junior Tab 1000 - Zooland.az\" \/>\n<meta property=\"og:description\" content=\"Kitty&#039;s Junior dietary supplement with biotin for kittens is the perfect addition to the daily diet of kittens aged 6 weeks and older. It contains all the vitamins and minerals for the healthy development of kittens, while biotin ensures healthy skin and coat for the kitten. Vitamin B1 is important for carbohydrate metabolism. Vitamin B2 aids in the normal functioning of the central nervous system and maintains skin health. Vitamin B5 is needed for the transport of fatty acids into mitochondria, while B6 is essential for the metabolism of amino acids, sugars, and fatty acids. Vitamin B12 participates in fat and carbohydrate metabolism, prevents anemia, and maintains neurological functions. Vitamin H (biotin) promotes healthy skin, shiny fur, and strong nails. Micro- and macro-elements are necessary for the normal functioning of the body (included in the composition of tissues, blood cells, hormones, enzymes, and involved in metabolism).\" \/>\n<meta property=\"og:url\" content=\"https:\/\/zoo-land.az\/ru\/shop\/cat\/vitamins\/beaphar-kittys-junior-tab-1000\/\" \/>\n<meta property=\"og:site_name\" content=\"Zooland.az\" \/>\n<meta property=\"og:image\" content=\"https:\/\/zoo-land.az\/wp-content\/uploads\/2024\/06\/009ca5e0e14046906a6176e6eb1aa887.png\" \/>\n\t<meta property=\"og:image:width\" content=\"630\" \/>\n\t<meta property=\"og:image:height\" content=\"840\" \/>\n\t<meta property=\"og:image:type\" content=\"image\/png\" \/>\n<meta name=\"twitter:card\" content=\"summary_large_image\" \/>\n<meta name=\"twitter:label1\" content=\"\u041f\u0440\u0438\u043c\u0435\u0440\u043d\u043e\u0435 \u0432\u0440\u0435\u043c\u044f \u0434\u043b\u044f \u0447\u0442\u0435\u043d\u0438\u044f\" \/>\n\t<meta name=\"twitter:data1\" content=\"1 \u043c\u0438\u043d\u0443\u0442\u0430\" \/>\n<script type=\"application\/ld+json\" class=\"yoast-schema-graph\">{\"@context\":\"https:\/\/schema.org\",\"@graph\":[{\"@type\":\"WebPage\",\"@id\":\"https:\/\/zoo-land.az\/shop\/cat\/vitamins\/beaphar-kittys-junior-tab-1000\/\",\"url\":\"https:\/\/zoo-land.az\/shop\/cat\/vitamins\/beaphar-kittys-junior-tab-1000\/\",\"name\":\"Beaphar Kittys Junior Tab 1000 - Zooland.az\",\"isPartOf\":{\"@id\":\"https:\/\/zoo-land.az\/#website\"},\"primaryImageOfPage\":{\"@id\":\"https:\/\/zoo-land.az\/shop\/cat\/vitamins\/beaphar-kittys-junior-tab-1000\/#primaryimage\"},\"image\":{\"@id\":\"https:\/\/zoo-land.az\/shop\/cat\/vitamins\/beaphar-kittys-junior-tab-1000\/#primaryimage\"},\"thumbnailUrl\":\"https:\/\/zoo-land.az\/wp-content\/uploads\/2024\/06\/009ca5e0e14046906a6176e6eb1aa887.png\",\"datePublished\":\"2024-06-03T19:48:33+00:00\",\"breadcrumb\":{\"@id\":\"https:\/\/zoo-land.az\/shop\/cat\/vitamins\/beaphar-kittys-junior-tab-1000\/#breadcrumb\"},\"inLanguage\":\"ru-RU\",\"potentialAction\":[{\"@type\":\"ReadAction\",\"target\":[\"https:\/\/zoo-land.az\/shop\/cat\/vitamins\/beaphar-kittys-junior-tab-1000\/\"]}]},{\"@type\":\"ImageObject\",\"inLanguage\":\"ru-RU\",\"@id\":\"https:\/\/zoo-land.az\/shop\/cat\/vitamins\/beaphar-kittys-junior-tab-1000\/#primaryimage\",\"url\":\"https:\/\/zoo-land.az\/wp-content\/uploads\/2024\/06\/009ca5e0e14046906a6176e6eb1aa887.png\",\"contentUrl\":\"https:\/\/zoo-land.az\/wp-content\/uploads\/2024\/06\/009ca5e0e14046906a6176e6eb1aa887.png\",\"width\":630,\"height\":840},{\"@type\":\"BreadcrumbList\",\"@id\":\"https:\/\/zoo-land.az\/shop\/cat\/vitamins\/beaphar-kittys-junior-tab-1000\/#breadcrumb\",\"itemListElement\":[{\"@type\":\"ListItem\",\"position\":1,\"name\":\"Home\",\"item\":\"https:\/\/zoo-land.az\/ru\/\"},{\"@type\":\"ListItem\",\"position\":2,\"name\":\"Shop\",\"item\":\"https:\/\/zoo-land.az\/ru\/\"},{\"@type\":\"ListItem\",\"position\":3,\"name\":\"Beaphar Kittys Junior Tab 1000\"}]},{\"@type\":\"WebSite\",\"@id\":\"https:\/\/zoo-land.az\/#website\",\"url\":\"https:\/\/zoo-land.az\/\",\"name\":\"Zooland.az\",\"description\":\"Xo\u015fb\u0259xt ev heyvanlar\u0131n\u0131n \u00fcnvan\u0131 Zooland.az\",\"publisher\":{\"@id\":\"https:\/\/zoo-land.az\/#organization\"},\"potentialAction\":[{\"@type\":\"SearchAction\",\"target\":{\"@type\":\"EntryPoint\",\"urlTemplate\":\"https:\/\/zoo-land.az\/?s={search_term_string}\"},\"query-input\":{\"@type\":\"PropertyValueSpecification\",\"valueRequired\":true,\"valueName\":\"search_term_string\"}}],\"inLanguage\":\"ru-RU\"},{\"@type\":\"Organization\",\"@id\":\"https:\/\/zoo-land.az\/#organization\",\"name\":\"Zooland.az\",\"url\":\"https:\/\/zoo-land.az\/\",\"logo\":{\"@type\":\"ImageObject\",\"inLanguage\":\"ru-RU\",\"@id\":\"https:\/\/zoo-land.az\/#\/schema\/logo\/image\/\",\"url\":\"https:\/\/zoo-land.az\/wp-content\/uploads\/2022\/05\/logo.svg\",\"contentUrl\":\"https:\/\/zoo-land.az\/wp-content\/uploads\/2022\/05\/logo.svg\",\"width\":113,\"height\":46,\"caption\":\"Zooland.az\"},\"image\":{\"@id\":\"https:\/\/zoo-land.az\/#\/schema\/logo\/image\/\"}}]}<\/script>\n<!-- \/ Yoast SEO plugin. -->","yoast_head_json":{"title":"Beaphar Kittys Junior Tab 1000 - Zooland.az","robots":{"index":"index","follow":"follow","max-snippet":"max-snippet:-1","max-image-preview":"max-image-preview:large","max-video-preview":"max-video-preview:-1"},"canonical":"https:\/\/zoo-land.az\/ru\/shop\/cat\/vitamins\/beaphar-kittys-junior-tab-1000\/","og_locale":"ru_RU","og_type":"article","og_title":"Beaphar Kittys Junior Tab 1000 - Zooland.az","og_description":"Kitty's Junior dietary supplement with biotin for kittens is the perfect addition to the daily diet of kittens aged 6 weeks and older. It contains all the vitamins and minerals for the healthy development of kittens, while biotin ensures healthy skin and coat for the kitten. Vitamin B1 is important for carbohydrate metabolism. Vitamin B2 aids in the normal functioning of the central nervous system and maintains skin health. Vitamin B5 is needed for the transport of fatty acids into mitochondria, while B6 is essential for the metabolism of amino acids, sugars, and fatty acids. Vitamin B12 participates in fat and carbohydrate metabolism, prevents anemia, and maintains neurological functions. Vitamin H (biotin) promotes healthy skin, shiny fur, and strong nails. Micro- and macro-elements are necessary for the normal functioning of the body (included in the composition of tissues, blood cells, hormones, enzymes, and involved in metabolism).","og_url":"https:\/\/zoo-land.az\/ru\/shop\/cat\/vitamins\/beaphar-kittys-junior-tab-1000\/","og_site_name":"Zooland.az","og_image":[{"width":630,"height":840,"url":"https:\/\/zoo-land.az\/wp-content\/uploads\/2024\/06\/009ca5e0e14046906a6176e6eb1aa887.png","type":"image\/png"}],"twitter_card":"summary_large_image","twitter_misc":{"\u041f\u0440\u0438\u043c\u0435\u0440\u043d\u043e\u0435 \u0432\u0440\u0435\u043c\u044f \u0434\u043b\u044f \u0447\u0442\u0435\u043d\u0438\u044f":"1 \u043c\u0438\u043d\u0443\u0442\u0430"},"schema":{"@context":"https:\/\/schema.org","@graph":[{"@type":"WebPage","@id":"https:\/\/zoo-land.az\/shop\/cat\/vitamins\/beaphar-kittys-junior-tab-1000\/","url":"https:\/\/zoo-land.az\/shop\/cat\/vitamins\/beaphar-kittys-junior-tab-1000\/","name":"Beaphar Kittys Junior Tab 1000 - Zooland.az","isPartOf":{"@id":"https:\/\/zoo-land.az\/#website"},"primaryImageOfPage":{"@id":"https:\/\/zoo-land.az\/shop\/cat\/vitamins\/beaphar-kittys-junior-tab-1000\/#primaryimage"},"image":{"@id":"https:\/\/zoo-land.az\/shop\/cat\/vitamins\/beaphar-kittys-junior-tab-1000\/#primaryimage"},"thumbnailUrl":"https:\/\/zoo-land.az\/wp-content\/uploads\/2024\/06\/009ca5e0e14046906a6176e6eb1aa887.png","datePublished":"2024-06-03T19:48:33+00:00","breadcrumb":{"@id":"https:\/\/zoo-land.az\/shop\/cat\/vitamins\/beaphar-kittys-junior-tab-1000\/#breadcrumb"},"inLanguage":"ru-RU","potentialAction":[{"@type":"ReadAction","target":["https:\/\/zoo-land.az\/shop\/cat\/vitamins\/beaphar-kittys-junior-tab-1000\/"]}]},{"@type":"ImageObject","inLanguage":"ru-RU","@id":"https:\/\/zoo-land.az\/shop\/cat\/vitamins\/beaphar-kittys-junior-tab-1000\/#primaryimage","url":"https:\/\/zoo-land.az\/wp-content\/uploads\/2024\/06\/009ca5e0e14046906a6176e6eb1aa887.png","contentUrl":"https:\/\/zoo-land.az\/wp-content\/uploads\/2024\/06\/009ca5e0e14046906a6176e6eb1aa887.png","width":630,"height":840},{"@type":"BreadcrumbList","@id":"https:\/\/zoo-land.az\/shop\/cat\/vitamins\/beaphar-kittys-junior-tab-1000\/#breadcrumb","itemListElement":[{"@type":"ListItem","position":1,"name":"Home","item":"https:\/\/zoo-land.az\/ru\/"},{"@type":"ListItem","position":2,"name":"Shop","item":"https:\/\/zoo-land.az\/ru\/"},{"@type":"ListItem","position":3,"name":"Beaphar Kittys Junior Tab 1000"}]},{"@type":"WebSite","@id":"https:\/\/zoo-land.az\/#website","url":"https:\/\/zoo-land.az\/","name":"Zooland.az","description":"Xo\u015fb\u0259xt ev heyvanlar\u0131n\u0131n \u00fcnvan\u0131 Zooland.az","publisher":{"@id":"https:\/\/zoo-land.az\/#organization"},"potentialAction":[{"@type":"SearchAction","target":{"@type":"EntryPoint","urlTemplate":"https:\/\/zoo-land.az\/?s={search_term_string}"},"query-input":{"@type":"PropertyValueSpecification","valueRequired":true,"valueName":"search_term_string"}}],"inLanguage":"ru-RU"},{"@type":"Organization","@id":"https:\/\/zoo-land.az\/#organization","name":"Zooland.az","url":"https:\/\/zoo-land.az\/","logo":{"@type":"ImageObject","inLanguage":"ru-RU","@id":"https:\/\/zoo-land.az\/#\/schema\/logo\/image\/","url":"https:\/\/zoo-land.az\/wp-content\/uploads\/2022\/05\/logo.svg","contentUrl":"https:\/\/zoo-land.az\/wp-content\/uploads\/2022\/05\/logo.svg","width":113,"height":46,"caption":"Zooland.az"},"image":{"@id":"https:\/\/zoo-land.az\/#\/schema\/logo\/image\/"}}]}},"_links":{"self":[{"href":"https:\/\/zoo-land.az\/ru\/wp-json\/wp\/v2\/product\/22574","targetHints":{"allow":["GET"]}}],"collection":[{"href":"https:\/\/zoo-land.az\/ru\/wp-json\/wp\/v2\/product"}],"about":[{"href":"https:\/\/zoo-land.az\/ru\/wp-json\/wp\/v2\/types\/product"}],"wp:featuredmedia":[{"embeddable":true,"href":"https:\/\/zoo-land.az\/ru\/wp-json\/wp\/v2\/media\/22575"}],"wp:attachment":[{"href":"https:\/\/zoo-land.az\/ru\/wp-json\/wp\/v2\/media?parent=22574"}],"wp:term":[{"taxonomy":"product_cat","embeddable":true,"href":"https:\/\/zoo-land.az\/ru\/wp-json\/wp\/v2\/product_cat?post=22574"},{"taxonomy":"product_tag","embeddable":true,"href":"https:\/\/zoo-land.az\/ru\/wp-json\/wp\/v2\/product_tag?post=22574"}],"curies":[{"name":"wp","href":"https:\/\/api.w.org\/{rel}","templated":true}]}}