{"id":22610,"date":"2024-06-04T17:53:37","date_gmt":"2024-06-04T17:53:37","guid":{"rendered":"https:\/\/lightsteelblue-zebra-299715.hostingersite.com\/?post_type=product&#038;p=22610"},"modified":"2026-03-13T15:00:19","modified_gmt":"2026-03-13T11:00:19","slug":"gemon-kitten-cat-chicken-rice-20-kg","status":"publish","type":"product","link":"https:\/\/zoo-land.az\/ru\/shop\/cat\/cat-foods\/gemon-kitten-cat-chicken-rice-20-kg\/","title":{"rendered":"\u0420\u0438\u0441 Gemon Kitten Cat \u0441 \u043a\u0443\u0440\u0438\u0446\u0435\u0439 20 \u043a\u0433"},"content":{"rendered":"<p>GEMON KITTEN (1-12 MONTHS) WITH CHICKEN AND RICE is a complete food for growing kittens.\u00a0The formulation is characterized by quality ingredients such as chicken, a source of essential nutrients, and rice, a source of carbohydrates, made highly digestible through the extrusion process.\u00a0A balanced diet with prebiotics, fructooligosaccharides (FOS) and mannanoligosaccharides (MOS), to support intestinal health and yucca schidigera to control stool odor.\u00a0Contains fresh meat for optimal palatability and salmon oil source of omega-3 to support the normal development of the neurological system in the growth phase.\u00a0Without added artificial colors and preservatives.<\/p>","protected":false},"excerpt":{"rendered":"<p>GEMON KITTEN (1-12 MONTHS) WITH CHICKEN AND RICE is a complete food for growing kittens.\u00a0The formulation is characterized by quality ingredients such as chicken, a source of essential nutrients, and rice, a source of carbohydrates, made highly digestible through the extrusion process.\u00a0A balanced diet with prebiotics, fructooligosaccharides (FOS) and mannanoligosaccharides (MOS), to support intestinal health and yucca schidigera to control stool odor.\u00a0Contains fresh meat for optimal palatability and salmon oil source of omega-3 to support the normal development of the neurological system in the growth phase.\u00a0Without added artificial colors and preservatives.<\/p>","protected":false},"featured_media":22611,"template":"","meta":{"inline_featured_image":false,"_joinchat":[]},"product_cat":[189,188],"product_tag":[],"class_list":{"0":"post-22610","1":"product","2":"type-product","3":"status-publish","4":"has-post-thumbnail","6":"product_brand-gemon","7":"product_cat-cat-foods","8":"product_cat-cat","10":"first","11":"instock","12":"shipping-taxable","13":"purchasable","14":"product-type-simple"},"yoast_head":"<!-- This site is optimized with the Yoast SEO plugin v27.4 - https:\/\/yoast.com\/product\/yoast-seo-wordpress\/ -->\n<title>Gemon Kitten Cat Chicken Rice 20 kg - Zooland.az<\/title>\n<meta name=\"robots\" content=\"index, follow, max-snippet:-1, max-image-preview:large, max-video-preview:-1\" \/>\n<link rel=\"canonical\" href=\"https:\/\/zoo-land.az\/ru\/shop\/cat\/cat-foods\/gemon-kitten-cat-chicken-rice-20-kg\/\" \/>\n<meta property=\"og:locale\" content=\"ru_RU\" \/>\n<meta property=\"og:type\" content=\"article\" \/>\n<meta property=\"og:title\" content=\"Gemon Kitten Cat Chicken Rice 20 kg - Zooland.az\" \/>\n<meta property=\"og:description\" content=\"GEMON KITTEN (1-12 MONTHS) WITH CHICKEN AND RICE is a complete food for growing kittens.\u00a0The formulation is characterized by quality ingredients such as chicken, a source of essential nutrients, and rice, a source of carbohydrates, made highly digestible through the extrusion process.\u00a0A balanced diet with prebiotics, fructooligosaccharides (FOS) and mannanoligosaccharides (MOS), to support intestinal health and yucca schidigera to control stool odor.\u00a0Contains fresh meat for optimal palatability and salmon oil source of omega-3 to support the normal development of the neurological system in the growth phase.\u00a0Without added artificial colors and preservatives.\" \/>\n<meta property=\"og:url\" content=\"https:\/\/zoo-land.az\/ru\/shop\/cat\/cat-foods\/gemon-kitten-cat-chicken-rice-20-kg\/\" \/>\n<meta property=\"og:site_name\" content=\"Zooland.az\" \/>\n<meta property=\"article:modified_time\" content=\"2026-03-13T11:00:19+00:00\" \/>\n<meta property=\"og:image\" content=\"http:\/\/zoo-land.az\/wp-content\/uploads\/2024\/06\/GEMON-Kitten-With-Chicken-Rice.png\" \/>\n\t<meta property=\"og:image:width\" content=\"1000\" \/>\n\t<meta property=\"og:image:height\" content=\"1000\" \/>\n\t<meta property=\"og:image:type\" content=\"image\/png\" \/>\n<meta name=\"twitter:card\" content=\"summary_large_image\" \/>\n<script type=\"application\/ld+json\" class=\"yoast-schema-graph\">{\"@context\":\"https:\\\/\\\/schema.org\",\"@graph\":[{\"@type\":\"WebPage\",\"@id\":\"https:\\\/\\\/zoo-land.az\\\/shop\\\/cat\\\/cat-foods\\\/gemon-kitten-cat-chicken-rice-20-kg\\\/\",\"url\":\"https:\\\/\\\/zoo-land.az\\\/shop\\\/cat\\\/cat-foods\\\/gemon-kitten-cat-chicken-rice-20-kg\\\/\",\"name\":\"Gemon Kitten Cat Chicken Rice 20 kg - Zooland.az\",\"isPartOf\":{\"@id\":\"https:\\\/\\\/zoo-land.az\\\/#website\"},\"primaryImageOfPage\":{\"@id\":\"https:\\\/\\\/zoo-land.az\\\/shop\\\/cat\\\/cat-foods\\\/gemon-kitten-cat-chicken-rice-20-kg\\\/#primaryimage\"},\"image\":{\"@id\":\"https:\\\/\\\/zoo-land.az\\\/shop\\\/cat\\\/cat-foods\\\/gemon-kitten-cat-chicken-rice-20-kg\\\/#primaryimage\"},\"thumbnailUrl\":\"https:\\\/\\\/zoo-land.az\\\/wp-content\\\/uploads\\\/2024\\\/06\\\/GEMON-Kitten-With-Chicken-Rice.png\",\"datePublished\":\"2024-06-04T17:53:37+00:00\",\"dateModified\":\"2026-03-13T11:00:19+00:00\",\"breadcrumb\":{\"@id\":\"https:\\\/\\\/zoo-land.az\\\/shop\\\/cat\\\/cat-foods\\\/gemon-kitten-cat-chicken-rice-20-kg\\\/#breadcrumb\"},\"inLanguage\":\"ru-RU\",\"potentialAction\":[{\"@type\":\"ReadAction\",\"target\":[\"https:\\\/\\\/zoo-land.az\\\/shop\\\/cat\\\/cat-foods\\\/gemon-kitten-cat-chicken-rice-20-kg\\\/\"]}]},{\"@type\":\"ImageObject\",\"inLanguage\":\"ru-RU\",\"@id\":\"https:\\\/\\\/zoo-land.az\\\/shop\\\/cat\\\/cat-foods\\\/gemon-kitten-cat-chicken-rice-20-kg\\\/#primaryimage\",\"url\":\"https:\\\/\\\/zoo-land.az\\\/wp-content\\\/uploads\\\/2024\\\/06\\\/GEMON-Kitten-With-Chicken-Rice.png\",\"contentUrl\":\"https:\\\/\\\/zoo-land.az\\\/wp-content\\\/uploads\\\/2024\\\/06\\\/GEMON-Kitten-With-Chicken-Rice.png\",\"width\":1000,\"height\":1000},{\"@type\":\"BreadcrumbList\",\"@id\":\"https:\\\/\\\/zoo-land.az\\\/shop\\\/cat\\\/cat-foods\\\/gemon-kitten-cat-chicken-rice-20-kg\\\/#breadcrumb\",\"itemListElement\":[{\"@type\":\"ListItem\",\"position\":1,\"name\":\"Home\",\"item\":\"https:\\\/\\\/zoo-land.az\\\/ru\\\/\"},{\"@type\":\"ListItem\",\"position\":2,\"name\":\"Shop\",\"item\":\"https:\\\/\\\/zoo-land.az\\\/ru\\\/\"},{\"@type\":\"ListItem\",\"position\":3,\"name\":\"Gemon Kitten Cat Chicken Rice 20 kg\"}]},{\"@type\":\"WebSite\",\"@id\":\"https:\\\/\\\/zoo-land.az\\\/#website\",\"url\":\"https:\\\/\\\/zoo-land.az\\\/\",\"name\":\"Zooland.az\",\"description\":\"Xo\u015fb\u0259xt ev heyvanlar\u0131n\u0131n \u00fcnvan\u0131 Zooland.az\",\"publisher\":{\"@id\":\"https:\\\/\\\/zoo-land.az\\\/#organization\"},\"potentialAction\":[{\"@type\":\"SearchAction\",\"target\":{\"@type\":\"EntryPoint\",\"urlTemplate\":\"https:\\\/\\\/zoo-land.az\\\/?s={search_term_string}\"},\"query-input\":{\"@type\":\"PropertyValueSpecification\",\"valueRequired\":true,\"valueName\":\"search_term_string\"}}],\"inLanguage\":\"ru-RU\"},{\"@type\":\"Organization\",\"@id\":\"https:\\\/\\\/zoo-land.az\\\/#organization\",\"name\":\"Zooland.az\",\"url\":\"https:\\\/\\\/zoo-land.az\\\/\",\"logo\":{\"@type\":\"ImageObject\",\"inLanguage\":\"ru-RU\",\"@id\":\"https:\\\/\\\/zoo-land.az\\\/#\\\/schema\\\/logo\\\/image\\\/\",\"url\":\"https:\\\/\\\/zoo-land.az\\\/wp-content\\\/uploads\\\/2022\\\/05\\\/logo.svg\",\"contentUrl\":\"https:\\\/\\\/zoo-land.az\\\/wp-content\\\/uploads\\\/2022\\\/05\\\/logo.svg\",\"width\":113,\"height\":46,\"caption\":\"Zooland.az\"},\"image\":{\"@id\":\"https:\\\/\\\/zoo-land.az\\\/#\\\/schema\\\/logo\\\/image\\\/\"}}]}<\/script>\n<!-- \/ Yoast SEO plugin. -->","yoast_head_json":{"title":"Gemon Kitten Cat Chicken Rice 20 kg - Zooland.az","robots":{"index":"index","follow":"follow","max-snippet":"max-snippet:-1","max-image-preview":"max-image-preview:large","max-video-preview":"max-video-preview:-1"},"canonical":"https:\/\/zoo-land.az\/ru\/shop\/cat\/cat-foods\/gemon-kitten-cat-chicken-rice-20-kg\/","og_locale":"ru_RU","og_type":"article","og_title":"Gemon Kitten Cat Chicken Rice 20 kg - Zooland.az","og_description":"GEMON KITTEN (1-12 MONTHS) WITH CHICKEN AND RICE is a complete food for growing kittens.\u00a0The formulation is characterized by quality ingredients such as chicken, a source of essential nutrients, and rice, a source of carbohydrates, made highly digestible through the extrusion process.\u00a0A balanced diet with prebiotics, fructooligosaccharides (FOS) and mannanoligosaccharides (MOS), to support intestinal health and yucca schidigera to control stool odor.\u00a0Contains fresh meat for optimal palatability and salmon oil source of omega-3 to support the normal development of the neurological system in the growth phase.\u00a0Without added artificial colors and preservatives.","og_url":"https:\/\/zoo-land.az\/ru\/shop\/cat\/cat-foods\/gemon-kitten-cat-chicken-rice-20-kg\/","og_site_name":"Zooland.az","article_modified_time":"2026-03-13T11:00:19+00:00","og_image":[{"width":1000,"height":1000,"url":"http:\/\/zoo-land.az\/wp-content\/uploads\/2024\/06\/GEMON-Kitten-With-Chicken-Rice.png","type":"image\/png"}],"twitter_card":"summary_large_image","schema":{"@context":"https:\/\/schema.org","@graph":[{"@type":"WebPage","@id":"https:\/\/zoo-land.az\/shop\/cat\/cat-foods\/gemon-kitten-cat-chicken-rice-20-kg\/","url":"https:\/\/zoo-land.az\/shop\/cat\/cat-foods\/gemon-kitten-cat-chicken-rice-20-kg\/","name":"Gemon Kitten Cat Chicken Rice 20 kg - Zooland.az","isPartOf":{"@id":"https:\/\/zoo-land.az\/#website"},"primaryImageOfPage":{"@id":"https:\/\/zoo-land.az\/shop\/cat\/cat-foods\/gemon-kitten-cat-chicken-rice-20-kg\/#primaryimage"},"image":{"@id":"https:\/\/zoo-land.az\/shop\/cat\/cat-foods\/gemon-kitten-cat-chicken-rice-20-kg\/#primaryimage"},"thumbnailUrl":"https:\/\/zoo-land.az\/wp-content\/uploads\/2024\/06\/GEMON-Kitten-With-Chicken-Rice.png","datePublished":"2024-06-04T17:53:37+00:00","dateModified":"2026-03-13T11:00:19+00:00","breadcrumb":{"@id":"https:\/\/zoo-land.az\/shop\/cat\/cat-foods\/gemon-kitten-cat-chicken-rice-20-kg\/#breadcrumb"},"inLanguage":"ru-RU","potentialAction":[{"@type":"ReadAction","target":["https:\/\/zoo-land.az\/shop\/cat\/cat-foods\/gemon-kitten-cat-chicken-rice-20-kg\/"]}]},{"@type":"ImageObject","inLanguage":"ru-RU","@id":"https:\/\/zoo-land.az\/shop\/cat\/cat-foods\/gemon-kitten-cat-chicken-rice-20-kg\/#primaryimage","url":"https:\/\/zoo-land.az\/wp-content\/uploads\/2024\/06\/GEMON-Kitten-With-Chicken-Rice.png","contentUrl":"https:\/\/zoo-land.az\/wp-content\/uploads\/2024\/06\/GEMON-Kitten-With-Chicken-Rice.png","width":1000,"height":1000},{"@type":"BreadcrumbList","@id":"https:\/\/zoo-land.az\/shop\/cat\/cat-foods\/gemon-kitten-cat-chicken-rice-20-kg\/#breadcrumb","itemListElement":[{"@type":"ListItem","position":1,"name":"Home","item":"https:\/\/zoo-land.az\/ru\/"},{"@type":"ListItem","position":2,"name":"Shop","item":"https:\/\/zoo-land.az\/ru\/"},{"@type":"ListItem","position":3,"name":"Gemon Kitten Cat Chicken Rice 20 kg"}]},{"@type":"WebSite","@id":"https:\/\/zoo-land.az\/#website","url":"https:\/\/zoo-land.az\/","name":"Zooland.az","description":"Xo\u015fb\u0259xt ev heyvanlar\u0131n\u0131n \u00fcnvan\u0131 Zooland.az","publisher":{"@id":"https:\/\/zoo-land.az\/#organization"},"potentialAction":[{"@type":"SearchAction","target":{"@type":"EntryPoint","urlTemplate":"https:\/\/zoo-land.az\/?s={search_term_string}"},"query-input":{"@type":"PropertyValueSpecification","valueRequired":true,"valueName":"search_term_string"}}],"inLanguage":"ru-RU"},{"@type":"Organization","@id":"https:\/\/zoo-land.az\/#organization","name":"Zooland.az","url":"https:\/\/zoo-land.az\/","logo":{"@type":"ImageObject","inLanguage":"ru-RU","@id":"https:\/\/zoo-land.az\/#\/schema\/logo\/image\/","url":"https:\/\/zoo-land.az\/wp-content\/uploads\/2022\/05\/logo.svg","contentUrl":"https:\/\/zoo-land.az\/wp-content\/uploads\/2022\/05\/logo.svg","width":113,"height":46,"caption":"Zooland.az"},"image":{"@id":"https:\/\/zoo-land.az\/#\/schema\/logo\/image\/"}}]}},"_links":{"self":[{"href":"https:\/\/zoo-land.az\/ru\/wp-json\/wp\/v2\/product\/22610","targetHints":{"allow":["GET"]}}],"collection":[{"href":"https:\/\/zoo-land.az\/ru\/wp-json\/wp\/v2\/product"}],"about":[{"href":"https:\/\/zoo-land.az\/ru\/wp-json\/wp\/v2\/types\/product"}],"wp:featuredmedia":[{"embeddable":true,"href":"https:\/\/zoo-land.az\/ru\/wp-json\/wp\/v2\/media\/22611"}],"wp:attachment":[{"href":"https:\/\/zoo-land.az\/ru\/wp-json\/wp\/v2\/media?parent=22610"}],"wp:term":[{"taxonomy":"product_cat","embeddable":true,"href":"https:\/\/zoo-land.az\/ru\/wp-json\/wp\/v2\/product_cat?post=22610"},{"taxonomy":"product_tag","embeddable":true,"href":"https:\/\/zoo-land.az\/ru\/wp-json\/wp\/v2\/product_tag?post=22610"}],"curies":[{"name":"wp","href":"https:\/\/api.w.org\/{rel}","templated":true}]}}