{"id":22638,"date":"2024-06-05T10:14:35","date_gmt":"2024-06-05T10:14:35","guid":{"rendered":"https:\/\/lightsteelblue-zebra-299715.hostingersite.com\/?post_type=product&#038;p=22638"},"modified":"2024-06-05T10:14:36","modified_gmt":"2024-06-05T10:14:36","slug":"lavital-adult-dog-maxi-lamb-1-kg","status":"publish","type":"product","link":"https:\/\/zoo-land.az\/ru\/shop\/dog\/dog-food\/lavital-adult-dog-maxi-lamb-1-kg\/","title":{"rendered":"Lavital Adult Dog \u043c\u0430\u043a\u0441\u0438 \u042f\u0433\u043d\u0435\u043d\u043e\u043a 1 \u043a\u0433"},"content":{"rendered":"<p>Complete and balanced pet food with lamb for large breed adult dogs (over 15 months).<\/p>\n<p><strong>\u0421\u041e\u0421\u0422\u0410\u0412<\/strong><br \/>\nDehydrated Animal Protein (Lamb 12%) Rice, Corn, Wheat, Animal Fat, Corn Gluten, Fish Protein, Dried Beet Pulp, Fish Oil 1%, Fructo-Oligosaccharides (FOS) 1%, Dried Yeast, Dicalcium Phosphate, Potassium Chloride, Sodium Chloride, Mojave Yucca 0,1%, Prebiotic Mannan Oligosaccharides, Beta Glucan<\/p>\n<p><strong>\u0410\u041d\u0410\u041b\u0418\u0422\u0418\u0427\u0415\u0421\u041a\u0418\u0415 \u0421\u041e\u0421\u0422\u0410\u0412\u041b\u042f\u042e\u0429\u0418\u0415<\/strong><br \/>\nProtein 30,2%, Fat Content 19,7%, Crude Fibres 2,5%, Crude Ash 7,4%, Calcium 1,5%, Phosphorus 1%.<\/p>\n<p><strong>NUTRITIONAL ADDITIVES<\/strong><br \/>\nVitamin A (3a672a) 25,000 IU\/Kg, Vitamin D3 (3a671) 1,500 IU\/Kg, Vitamin E (3a700) 240 mg\/kg, Iron (II) Sulphate Monohydrate 274 mg\/kg (Iron (3b103) 90 mg\/kg), Cupric Sulphate Pentahydrate 35.4 mg\/kg (Copper (3b405) 9 mg\/kg), Manganous Sulphate Monohydrate 30.8 mg\/kg (Manganese (3b503) 10 mg\/kg), Zinc Sulphate Monohydrate 274 mg\/kg (Zinc (3b605) 100 mg\/kg), Calcium Iodate Anhydrous 2.8 mg\/kg (Iodine (3b203) 1.8 mg\/kg), Sodium Selenite 0.55 mg\/kg (Selenium (3b802) 0.25 mg\/kg).<br \/>\n\u0422\u0435\u0445\u043d\u043e\u043b\u043e\u0433\u0438\u0447\u0435\u0441\u043a\u0438\u0435 \u0434\u043e\u0431\u0430\u0432\u043a\u0438: \u0410\u043d\u0442\u0438\u043e\u043a\u0441\u0438\u0434\u0430\u043d\u0442\u044b.<\/p>\n<p><strong>ADDITIVI<br \/>\n<\/strong>Vitamina A 25,000 U.I.\/kg, Vitamina D3 1.500 U.I.\/kg, Vitamina E 240 mg\/kg, solfato ferroso monoidrato 274 mg\/kg (ferro 90 mg\/kg), solfato rameico pentaidrato 35,4 mg\/kg (rame 9 mg\/kg), solfato manganoso monoidrato 30,8 mg\/kg (manganese 10 mg\/kg), solfato di zinco monoidrato 274 mg\/kg (zinco 100 mg\/kg), iodato di calcio anidro 2,8 mg\/kg (iodio 1,8 mg\/kg), selenito di sodio 0,55 mg\/kg (selenio 0,25 mg\/kg).<br \/>\nAdditivi tecnologici: Antiossidanti.<\/p>","protected":false},"excerpt":{"rendered":"<p>Complete and balanced pet food with lamb for large breed adult dogs (over 15 months).<\/p>","protected":false},"featured_media":22639,"template":"","meta":{"inline_featured_image":false,"_joinchat":[]},"product_cat":[132,107],"product_tag":[],"class_list":{"0":"post-22638","1":"product","2":"type-product","3":"status-publish","4":"has-post-thumbnail","6":"product_brand-lavital","7":"product_cat-dog-food","8":"product_cat-dog","10":"first","11":"instock","12":"shipping-taxable","13":"purchasable","14":"product-type-simple"},"yoast_head":"<!-- This site is optimized with the Yoast SEO plugin v27.4 - https:\/\/yoast.com\/product\/yoast-seo-wordpress\/ -->\n<title>Lavital Adult Dog maxi Lamb 1 kg - Zooland.az<\/title>\n<meta name=\"robots\" content=\"index, follow, max-snippet:-1, max-image-preview:large, max-video-preview:-1\" \/>\n<link rel=\"canonical\" href=\"https:\/\/zoo-land.az\/ru\/shop\/dog\/dog-food\/lavital-adult-dog-maxi-lamb-1-kg\/\" \/>\n<meta property=\"og:locale\" content=\"ru_RU\" \/>\n<meta property=\"og:type\" content=\"article\" \/>\n<meta property=\"og:title\" content=\"Lavital Adult Dog maxi Lamb 1 kg - Zooland.az\" \/>\n<meta property=\"og:description\" content=\"Complete and balanced pet food with lamb for large breed adult dogs (over 15 months).\" \/>\n<meta property=\"og:url\" content=\"https:\/\/zoo-land.az\/ru\/shop\/dog\/dog-food\/lavital-adult-dog-maxi-lamb-1-kg\/\" \/>\n<meta property=\"og:site_name\" content=\"Zooland.az\" \/>\n<meta property=\"article:modified_time\" content=\"2024-06-05T10:14:36+00:00\" \/>\n<meta property=\"og:image\" content=\"https:\/\/zoo-land.az\/wp-content\/uploads\/2024\/06\/lavitalmaxidog.jpg\" \/>\n\t<meta property=\"og:image:width\" content=\"400\" \/>\n\t<meta property=\"og:image:height\" content=\"600\" \/>\n\t<meta property=\"og:image:type\" content=\"image\/jpeg\" \/>\n<meta name=\"twitter:card\" content=\"summary_large_image\" \/>\n<meta name=\"twitter:label1\" content=\"\u041f\u0440\u0438\u043c\u0435\u0440\u043d\u043e\u0435 \u0432\u0440\u0435\u043c\u044f \u0434\u043b\u044f \u0447\u0442\u0435\u043d\u0438\u044f\" \/>\n\t<meta name=\"twitter:data1\" content=\"1 \u043c\u0438\u043d\u0443\u0442\u0430\" \/>\n<script type=\"application\/ld+json\" class=\"yoast-schema-graph\">{\"@context\":\"https:\\\/\\\/schema.org\",\"@graph\":[{\"@type\":\"WebPage\",\"@id\":\"https:\\\/\\\/zoo-land.az\\\/shop\\\/dog\\\/dog-food\\\/lavital-adult-dog-maxi-lamb-1-kg\\\/\",\"url\":\"https:\\\/\\\/zoo-land.az\\\/shop\\\/dog\\\/dog-food\\\/lavital-adult-dog-maxi-lamb-1-kg\\\/\",\"name\":\"Lavital Adult Dog maxi Lamb 1 kg - Zooland.az\",\"isPartOf\":{\"@id\":\"https:\\\/\\\/zoo-land.az\\\/#website\"},\"primaryImageOfPage\":{\"@id\":\"https:\\\/\\\/zoo-land.az\\\/shop\\\/dog\\\/dog-food\\\/lavital-adult-dog-maxi-lamb-1-kg\\\/#primaryimage\"},\"image\":{\"@id\":\"https:\\\/\\\/zoo-land.az\\\/shop\\\/dog\\\/dog-food\\\/lavital-adult-dog-maxi-lamb-1-kg\\\/#primaryimage\"},\"thumbnailUrl\":\"https:\\\/\\\/zoo-land.az\\\/wp-content\\\/uploads\\\/2024\\\/06\\\/lavitalmaxidog.jpg\",\"datePublished\":\"2024-06-05T10:14:35+00:00\",\"dateModified\":\"2024-06-05T10:14:36+00:00\",\"breadcrumb\":{\"@id\":\"https:\\\/\\\/zoo-land.az\\\/shop\\\/dog\\\/dog-food\\\/lavital-adult-dog-maxi-lamb-1-kg\\\/#breadcrumb\"},\"inLanguage\":\"ru-RU\",\"potentialAction\":[{\"@type\":\"ReadAction\",\"target\":[\"https:\\\/\\\/zoo-land.az\\\/shop\\\/dog\\\/dog-food\\\/lavital-adult-dog-maxi-lamb-1-kg\\\/\"]}]},{\"@type\":\"ImageObject\",\"inLanguage\":\"ru-RU\",\"@id\":\"https:\\\/\\\/zoo-land.az\\\/shop\\\/dog\\\/dog-food\\\/lavital-adult-dog-maxi-lamb-1-kg\\\/#primaryimage\",\"url\":\"https:\\\/\\\/zoo-land.az\\\/wp-content\\\/uploads\\\/2024\\\/06\\\/lavitalmaxidog.jpg\",\"contentUrl\":\"https:\\\/\\\/zoo-land.az\\\/wp-content\\\/uploads\\\/2024\\\/06\\\/lavitalmaxidog.jpg\",\"width\":400,\"height\":600},{\"@type\":\"BreadcrumbList\",\"@id\":\"https:\\\/\\\/zoo-land.az\\\/shop\\\/dog\\\/dog-food\\\/lavital-adult-dog-maxi-lamb-1-kg\\\/#breadcrumb\",\"itemListElement\":[{\"@type\":\"ListItem\",\"position\":1,\"name\":\"Home\",\"item\":\"https:\\\/\\\/zoo-land.az\\\/ru\\\/\"},{\"@type\":\"ListItem\",\"position\":2,\"name\":\"Shop\",\"item\":\"https:\\\/\\\/zoo-land.az\\\/ru\\\/\"},{\"@type\":\"ListItem\",\"position\":3,\"name\":\"Lavital Adult Dog maxi Lamb 1 kg\"}]},{\"@type\":\"WebSite\",\"@id\":\"https:\\\/\\\/zoo-land.az\\\/#website\",\"url\":\"https:\\\/\\\/zoo-land.az\\\/\",\"name\":\"Zooland.az\",\"description\":\"Xo\u015fb\u0259xt ev heyvanlar\u0131n\u0131n \u00fcnvan\u0131 Zooland.az\",\"publisher\":{\"@id\":\"https:\\\/\\\/zoo-land.az\\\/#organization\"},\"potentialAction\":[{\"@type\":\"SearchAction\",\"target\":{\"@type\":\"EntryPoint\",\"urlTemplate\":\"https:\\\/\\\/zoo-land.az\\\/?s={search_term_string}\"},\"query-input\":{\"@type\":\"PropertyValueSpecification\",\"valueRequired\":true,\"valueName\":\"search_term_string\"}}],\"inLanguage\":\"ru-RU\"},{\"@type\":\"Organization\",\"@id\":\"https:\\\/\\\/zoo-land.az\\\/#organization\",\"name\":\"Zooland.az\",\"url\":\"https:\\\/\\\/zoo-land.az\\\/\",\"logo\":{\"@type\":\"ImageObject\",\"inLanguage\":\"ru-RU\",\"@id\":\"https:\\\/\\\/zoo-land.az\\\/#\\\/schema\\\/logo\\\/image\\\/\",\"url\":\"https:\\\/\\\/zoo-land.az\\\/wp-content\\\/uploads\\\/2022\\\/05\\\/logo.svg\",\"contentUrl\":\"https:\\\/\\\/zoo-land.az\\\/wp-content\\\/uploads\\\/2022\\\/05\\\/logo.svg\",\"width\":113,\"height\":46,\"caption\":\"Zooland.az\"},\"image\":{\"@id\":\"https:\\\/\\\/zoo-land.az\\\/#\\\/schema\\\/logo\\\/image\\\/\"}}]}<\/script>\n<!-- \/ Yoast SEO plugin. -->","yoast_head_json":{"title":"Lavital Adult Dog maxi Lamb 1 kg - Zooland.az","robots":{"index":"index","follow":"follow","max-snippet":"max-snippet:-1","max-image-preview":"max-image-preview:large","max-video-preview":"max-video-preview:-1"},"canonical":"https:\/\/zoo-land.az\/ru\/shop\/dog\/dog-food\/lavital-adult-dog-maxi-lamb-1-kg\/","og_locale":"ru_RU","og_type":"article","og_title":"Lavital Adult Dog maxi Lamb 1 kg - Zooland.az","og_description":"Complete and balanced pet food with lamb for large breed adult dogs (over 15 months).","og_url":"https:\/\/zoo-land.az\/ru\/shop\/dog\/dog-food\/lavital-adult-dog-maxi-lamb-1-kg\/","og_site_name":"Zooland.az","article_modified_time":"2024-06-05T10:14:36+00:00","og_image":[{"width":400,"height":600,"url":"https:\/\/zoo-land.az\/wp-content\/uploads\/2024\/06\/lavitalmaxidog.jpg","type":"image\/jpeg"}],"twitter_card":"summary_large_image","twitter_misc":{"\u041f\u0440\u0438\u043c\u0435\u0440\u043d\u043e\u0435 \u0432\u0440\u0435\u043c\u044f \u0434\u043b\u044f \u0447\u0442\u0435\u043d\u0438\u044f":"1 \u043c\u0438\u043d\u0443\u0442\u0430"},"schema":{"@context":"https:\/\/schema.org","@graph":[{"@type":"WebPage","@id":"https:\/\/zoo-land.az\/shop\/dog\/dog-food\/lavital-adult-dog-maxi-lamb-1-kg\/","url":"https:\/\/zoo-land.az\/shop\/dog\/dog-food\/lavital-adult-dog-maxi-lamb-1-kg\/","name":"Lavital Adult Dog maxi Lamb 1 kg - Zooland.az","isPartOf":{"@id":"https:\/\/zoo-land.az\/#website"},"primaryImageOfPage":{"@id":"https:\/\/zoo-land.az\/shop\/dog\/dog-food\/lavital-adult-dog-maxi-lamb-1-kg\/#primaryimage"},"image":{"@id":"https:\/\/zoo-land.az\/shop\/dog\/dog-food\/lavital-adult-dog-maxi-lamb-1-kg\/#primaryimage"},"thumbnailUrl":"https:\/\/zoo-land.az\/wp-content\/uploads\/2024\/06\/lavitalmaxidog.jpg","datePublished":"2024-06-05T10:14:35+00:00","dateModified":"2024-06-05T10:14:36+00:00","breadcrumb":{"@id":"https:\/\/zoo-land.az\/shop\/dog\/dog-food\/lavital-adult-dog-maxi-lamb-1-kg\/#breadcrumb"},"inLanguage":"ru-RU","potentialAction":[{"@type":"ReadAction","target":["https:\/\/zoo-land.az\/shop\/dog\/dog-food\/lavital-adult-dog-maxi-lamb-1-kg\/"]}]},{"@type":"ImageObject","inLanguage":"ru-RU","@id":"https:\/\/zoo-land.az\/shop\/dog\/dog-food\/lavital-adult-dog-maxi-lamb-1-kg\/#primaryimage","url":"https:\/\/zoo-land.az\/wp-content\/uploads\/2024\/06\/lavitalmaxidog.jpg","contentUrl":"https:\/\/zoo-land.az\/wp-content\/uploads\/2024\/06\/lavitalmaxidog.jpg","width":400,"height":600},{"@type":"BreadcrumbList","@id":"https:\/\/zoo-land.az\/shop\/dog\/dog-food\/lavital-adult-dog-maxi-lamb-1-kg\/#breadcrumb","itemListElement":[{"@type":"ListItem","position":1,"name":"Home","item":"https:\/\/zoo-land.az\/ru\/"},{"@type":"ListItem","position":2,"name":"Shop","item":"https:\/\/zoo-land.az\/ru\/"},{"@type":"ListItem","position":3,"name":"Lavital Adult Dog maxi Lamb 1 kg"}]},{"@type":"WebSite","@id":"https:\/\/zoo-land.az\/#website","url":"https:\/\/zoo-land.az\/","name":"Zooland.az","description":"Xo\u015fb\u0259xt ev heyvanlar\u0131n\u0131n \u00fcnvan\u0131 Zooland.az","publisher":{"@id":"https:\/\/zoo-land.az\/#organization"},"potentialAction":[{"@type":"SearchAction","target":{"@type":"EntryPoint","urlTemplate":"https:\/\/zoo-land.az\/?s={search_term_string}"},"query-input":{"@type":"PropertyValueSpecification","valueRequired":true,"valueName":"search_term_string"}}],"inLanguage":"ru-RU"},{"@type":"Organization","@id":"https:\/\/zoo-land.az\/#organization","name":"Zooland.az","url":"https:\/\/zoo-land.az\/","logo":{"@type":"ImageObject","inLanguage":"ru-RU","@id":"https:\/\/zoo-land.az\/#\/schema\/logo\/image\/","url":"https:\/\/zoo-land.az\/wp-content\/uploads\/2022\/05\/logo.svg","contentUrl":"https:\/\/zoo-land.az\/wp-content\/uploads\/2022\/05\/logo.svg","width":113,"height":46,"caption":"Zooland.az"},"image":{"@id":"https:\/\/zoo-land.az\/#\/schema\/logo\/image\/"}}]}},"_links":{"self":[{"href":"https:\/\/zoo-land.az\/ru\/wp-json\/wp\/v2\/product\/22638","targetHints":{"allow":["GET"]}}],"collection":[{"href":"https:\/\/zoo-land.az\/ru\/wp-json\/wp\/v2\/product"}],"about":[{"href":"https:\/\/zoo-land.az\/ru\/wp-json\/wp\/v2\/types\/product"}],"wp:featuredmedia":[{"embeddable":true,"href":"https:\/\/zoo-land.az\/ru\/wp-json\/wp\/v2\/media\/22639"}],"wp:attachment":[{"href":"https:\/\/zoo-land.az\/ru\/wp-json\/wp\/v2\/media?parent=22638"}],"wp:term":[{"taxonomy":"product_cat","embeddable":true,"href":"https:\/\/zoo-land.az\/ru\/wp-json\/wp\/v2\/product_cat?post=22638"},{"taxonomy":"product_tag","embeddable":true,"href":"https:\/\/zoo-land.az\/ru\/wp-json\/wp\/v2\/product_tag?post=22638"}],"curies":[{"name":"wp","href":"https:\/\/api.w.org\/{rel}","templated":true}]}}