{"id":22653,"date":"2024-06-05T12:14:18","date_gmt":"2024-06-05T12:14:18","guid":{"rendered":"https:\/\/lightsteelblue-zebra-299715.hostingersite.com\/?post_type=product&#038;p=22653"},"modified":"2024-06-05T12:14:18","modified_gmt":"2024-06-05T12:14:18","slug":"club-4-paws-for-cats-salmon-14-kg","status":"publish","type":"product","link":"https:\/\/zoo-land.az\/ru\/shop\/cat\/cat-foods\/club-4-paws-for-cats-salmon-14-kg\/","title":{"rendered":"Club 4 Paws \u0434\u043b\u044f \u043a\u043e\u0448\u0435\u043a \u041b\u043e\u0441\u043e\u0441\u044c 14 \u043a\u0433"},"content":{"rendered":"<p>The dry premium nutrition contains 27% of meat and fish ingredients as the first component in composition. Crunchy pellets with salmon taste great for adult cats. The complex of unsaturated fatty acids Omega 3 + Omega 6 keeps the skin healthy and the coat shiny. Ration is enriched with the INTEGRAMIX formula for the overall support of the pet&#8217;s health and immunity.<\/p>\n<p><b><strong>\u041f\u0420\u0415\u0418\u041c\u0423\u0429\u0415\u0421\u0422\u0412\u0410:<\/strong><\/b><\/p>\n<ul>\n<li>\u00a0\u00a0 \u00a032\/15 \u2013 a well-balanced formula for everyday feeding<\/li>\n<li>\u00a0\u00a0 \u00a0Meat and fish ingredients \u21161 in composition<\/li>\n<li>\u00a0\u00a0 \u00a0A mixture of tocopherols as a natural antioxidant<\/li>\n<li>\u00a0\u00a0 \u00a0\u0412\u0438\u0442\u0430\u043c\u0438\u043d\u044b D3, E, B1, B5, \u043c\u0438\u043a\u0440\u043e\u044d\u043b\u0435\u043c\u0435\u043d\u0442\u044b \u0438 \u0430\u043c\u0438\u043d\u043e\u043a\u0438\u0441\u043b\u043e\u0442\u044b.<\/li>\n<li>\u00a0\u00a0 \u00a0\u041e\u043c\u0435\u0433\u0430 3 + \u041e\u043c\u0435\u0433\u0430 6 \u0434\u043b\u044f \u0437\u0434\u043e\u0440\u043e\u0432\u043e\u0439 \u043a\u043e\u0436\u0438 \u0438 \u0431\u043b\u0435\u0441\u0442\u044f\u0449\u0435\u0439 \u0448\u0435\u0440\u0441\u0442\u0438<\/li>\n<li>\u00a0\u00a0 \u00a0\u0424\u043e\u0440\u043c\u0443\u043b\u0430 \u0418\u041d\u0422\u0415\u0413\u0420\u0410\u041c\u0418\u041a\u0421: \u0441\u0443\u0448\u0435\u043d\u044b\u0435 \u043f\u043e\u043c\u0438\u0434\u043e\u0440\u044b, \u0438\u043c\u0431\u0438\u0440\u044c, \u0431\u043e\u044f\u0440\u044b\u0448\u043d\u0438\u043a \u0438 \u0431\u0430\u043d\u0430\u043d\u044b \u2013 \u0434\u043b\u044f \u043e\u0431\u0449\u0435\u0433\u043e \u0437\u0434\u043e\u0440\u043e\u0432\u044c\u044f \u0438 \u043a\u0440\u0435\u043f\u043a\u043e\u0433\u043e \u0438\u043c\u043c\u0443\u043d\u0438\u0442\u0435\u0442\u0430 \u043f\u0438\u0442\u043e\u043c\u0446\u0430.<\/li>\n<li>\u00a0\u00a0 \u00a0\u0411\u0435\u0437 \u0438\u0441\u043a\u0443\u0441\u0441\u0442\u0432\u0435\u043d\u043d\u044b\u0445 \u0430\u0440\u043e\u043c\u0430\u0442\u0438\u0437\u0430\u0442\u043e\u0440\u043e\u0432 \u0438 \u043a\u0440\u0430\u0441\u0438\u0442\u0435\u043b\u0435\u0439<\/li>\n<\/ul>\n<p><b><strong>COMPOSITION:<\/strong><\/b>\u00a0chicken meal 23 %, maize, maize gluten, barley, rice, salmon meal 4 %, poultry fat (preserved with tocopherols), hydrolyzed animal protein, salmon oil 1 %, minerals, linseed 0,53 %, sugar beet pulp, brewery yeast, banana* 0,23 %, tomatoes* 0,2 %, hawthorn* 0,065 %, ginger* 0,01 %.<\/p>","protected":false},"excerpt":{"rendered":"<p>The dry premium nutrition contains 27% of meat and fish ingredients as the first component in composition. Crunchy pellets with salmon taste great for adult cats. The complex of unsaturated fatty acids Omega 3 + Omega 6 keeps the skin healthy and the coat shiny. Ration is enriched with the INTEGRAMIX formula for the overall support of the pet&#8217;s health and immunity.<\/p>","protected":false},"featured_media":22648,"template":"","meta":{"inline_featured_image":false,"_joinchat":[]},"product_cat":[189,188],"product_tag":[],"class_list":{"0":"post-22653","1":"product","2":"type-product","3":"status-publish","4":"has-post-thumbnail","6":"product_brand-club-4-paws","7":"product_cat-cat-foods","8":"product_cat-cat","10":"first","11":"instock","12":"shipping-taxable","13":"purchasable","14":"product-type-simple"},"yoast_head":"<!-- This site is optimized with the Yoast SEO plugin v26.7 - https:\/\/yoast.com\/wordpress\/plugins\/seo\/ -->\n<title>Club 4 Paws for Cats Salmon 14 kg - Zooland.az<\/title>\n<meta name=\"robots\" content=\"index, follow, max-snippet:-1, max-image-preview:large, max-video-preview:-1\" \/>\n<link rel=\"canonical\" href=\"https:\/\/zoo-land.az\/ru\/shop\/cat\/cat-foods\/club-4-paws-for-cats-salmon-14-kg\/\" \/>\n<meta property=\"og:locale\" content=\"ru_RU\" \/>\n<meta property=\"og:type\" content=\"article\" \/>\n<meta property=\"og:title\" content=\"Club 4 Paws for Cats Salmon 14 kg - Zooland.az\" \/>\n<meta property=\"og:description\" content=\"The dry premium nutrition contains 27% of meat and fish ingredients as the first component in composition. Crunchy pellets with salmon taste great for adult cats. The complex of unsaturated fatty acids Omega 3 + Omega 6 keeps the skin healthy and the coat shiny. Ration is enriched with the INTEGRAMIX formula for the overall support of the pet&#039;s health and immunity.\" \/>\n<meta property=\"og:url\" content=\"https:\/\/zoo-land.az\/ru\/shop\/cat\/cat-foods\/club-4-paws-for-cats-salmon-14-kg\/\" \/>\n<meta property=\"og:site_name\" content=\"Zooland.az\" \/>\n<meta property=\"og:image\" content=\"https:\/\/zoo-land.az\/wp-content\/uploads\/2024\/06\/Screenshot-2024-06-05-at-15.16.12.png\" \/>\n\t<meta property=\"og:image:width\" content=\"598\" \/>\n\t<meta property=\"og:image:height\" content=\"918\" \/>\n\t<meta property=\"og:image:type\" content=\"image\/png\" \/>\n<meta name=\"twitter:card\" content=\"summary_large_image\" \/>\n<meta name=\"twitter:label1\" content=\"\u041f\u0440\u0438\u043c\u0435\u0440\u043d\u043e\u0435 \u0432\u0440\u0435\u043c\u044f \u0434\u043b\u044f \u0447\u0442\u0435\u043d\u0438\u044f\" \/>\n\t<meta name=\"twitter:data1\" content=\"1 \u043c\u0438\u043d\u0443\u0442\u0430\" \/>\n<script type=\"application\/ld+json\" class=\"yoast-schema-graph\">{\"@context\":\"https:\/\/schema.org\",\"@graph\":[{\"@type\":\"WebPage\",\"@id\":\"https:\/\/zoo-land.az\/az\/shop\/cat\/cat-foods\/club-4-paws-for-cats-salmon-14-kg\/\",\"url\":\"https:\/\/zoo-land.az\/az\/shop\/cat\/cat-foods\/club-4-paws-for-cats-salmon-14-kg\/\",\"name\":\"Club 4 Paws for Cats Salmon 14 kg - Zooland.az\",\"isPartOf\":{\"@id\":\"https:\/\/zoo-land.az\/#website\"},\"primaryImageOfPage\":{\"@id\":\"https:\/\/zoo-land.az\/az\/shop\/cat\/cat-foods\/club-4-paws-for-cats-salmon-14-kg\/#primaryimage\"},\"image\":{\"@id\":\"https:\/\/zoo-land.az\/az\/shop\/cat\/cat-foods\/club-4-paws-for-cats-salmon-14-kg\/#primaryimage\"},\"thumbnailUrl\":\"https:\/\/zoo-land.az\/wp-content\/uploads\/2024\/06\/Screenshot-2024-06-05-at-15.16.12.png\",\"datePublished\":\"2024-06-05T12:14:18+00:00\",\"breadcrumb\":{\"@id\":\"https:\/\/zoo-land.az\/az\/shop\/cat\/cat-foods\/club-4-paws-for-cats-salmon-14-kg\/#breadcrumb\"},\"inLanguage\":\"ru-RU\",\"potentialAction\":[{\"@type\":\"ReadAction\",\"target\":[\"https:\/\/zoo-land.az\/az\/shop\/cat\/cat-foods\/club-4-paws-for-cats-salmon-14-kg\/\"]}]},{\"@type\":\"ImageObject\",\"inLanguage\":\"ru-RU\",\"@id\":\"https:\/\/zoo-land.az\/az\/shop\/cat\/cat-foods\/club-4-paws-for-cats-salmon-14-kg\/#primaryimage\",\"url\":\"https:\/\/zoo-land.az\/wp-content\/uploads\/2024\/06\/Screenshot-2024-06-05-at-15.16.12.png\",\"contentUrl\":\"https:\/\/zoo-land.az\/wp-content\/uploads\/2024\/06\/Screenshot-2024-06-05-at-15.16.12.png\",\"width\":598,\"height\":918},{\"@type\":\"BreadcrumbList\",\"@id\":\"https:\/\/zoo-land.az\/az\/shop\/cat\/cat-foods\/club-4-paws-for-cats-salmon-14-kg\/#breadcrumb\",\"itemListElement\":[{\"@type\":\"ListItem\",\"position\":1,\"name\":\"Home\",\"item\":\"https:\/\/zoo-land.az\/ru\/\"},{\"@type\":\"ListItem\",\"position\":2,\"name\":\"Shop\",\"item\":\"https:\/\/zoo-land.az\/ru\/\"},{\"@type\":\"ListItem\",\"position\":3,\"name\":\"Club 4 Paws for Cats Salmon 14 kg\"}]},{\"@type\":\"WebSite\",\"@id\":\"https:\/\/zoo-land.az\/#website\",\"url\":\"https:\/\/zoo-land.az\/\",\"name\":\"Zooland.az\",\"description\":\"Xo\u015fb\u0259xt ev heyvanlar\u0131n\u0131n \u00fcnvan\u0131 Zooland.az\",\"publisher\":{\"@id\":\"https:\/\/zoo-land.az\/#organization\"},\"potentialAction\":[{\"@type\":\"SearchAction\",\"target\":{\"@type\":\"EntryPoint\",\"urlTemplate\":\"https:\/\/zoo-land.az\/?s={search_term_string}\"},\"query-input\":{\"@type\":\"PropertyValueSpecification\",\"valueRequired\":true,\"valueName\":\"search_term_string\"}}],\"inLanguage\":\"ru-RU\"},{\"@type\":\"Organization\",\"@id\":\"https:\/\/zoo-land.az\/#organization\",\"name\":\"Zooland.az\",\"url\":\"https:\/\/zoo-land.az\/\",\"logo\":{\"@type\":\"ImageObject\",\"inLanguage\":\"ru-RU\",\"@id\":\"https:\/\/zoo-land.az\/#\/schema\/logo\/image\/\",\"url\":\"https:\/\/zoo-land.az\/wp-content\/uploads\/2022\/05\/logo.svg\",\"contentUrl\":\"https:\/\/zoo-land.az\/wp-content\/uploads\/2022\/05\/logo.svg\",\"width\":113,\"height\":46,\"caption\":\"Zooland.az\"},\"image\":{\"@id\":\"https:\/\/zoo-land.az\/#\/schema\/logo\/image\/\"}}]}<\/script>\n<!-- \/ Yoast SEO plugin. -->","yoast_head_json":{"title":"Club 4 Paws for Cats Salmon 14 kg - Zooland.az","robots":{"index":"index","follow":"follow","max-snippet":"max-snippet:-1","max-image-preview":"max-image-preview:large","max-video-preview":"max-video-preview:-1"},"canonical":"https:\/\/zoo-land.az\/ru\/shop\/cat\/cat-foods\/club-4-paws-for-cats-salmon-14-kg\/","og_locale":"ru_RU","og_type":"article","og_title":"Club 4 Paws for Cats Salmon 14 kg - Zooland.az","og_description":"The dry premium nutrition contains 27% of meat and fish ingredients as the first component in composition. Crunchy pellets with salmon taste great for adult cats. The complex of unsaturated fatty acids Omega 3 + Omega 6 keeps the skin healthy and the coat shiny. Ration is enriched with the INTEGRAMIX formula for the overall support of the pet's health and immunity.","og_url":"https:\/\/zoo-land.az\/ru\/shop\/cat\/cat-foods\/club-4-paws-for-cats-salmon-14-kg\/","og_site_name":"Zooland.az","og_image":[{"width":598,"height":918,"url":"https:\/\/zoo-land.az\/wp-content\/uploads\/2024\/06\/Screenshot-2024-06-05-at-15.16.12.png","type":"image\/png"}],"twitter_card":"summary_large_image","twitter_misc":{"\u041f\u0440\u0438\u043c\u0435\u0440\u043d\u043e\u0435 \u0432\u0440\u0435\u043c\u044f \u0434\u043b\u044f \u0447\u0442\u0435\u043d\u0438\u044f":"1 \u043c\u0438\u043d\u0443\u0442\u0430"},"schema":{"@context":"https:\/\/schema.org","@graph":[{"@type":"WebPage","@id":"https:\/\/zoo-land.az\/az\/shop\/cat\/cat-foods\/club-4-paws-for-cats-salmon-14-kg\/","url":"https:\/\/zoo-land.az\/az\/shop\/cat\/cat-foods\/club-4-paws-for-cats-salmon-14-kg\/","name":"Club 4 Paws for Cats Salmon 14 kg - Zooland.az","isPartOf":{"@id":"https:\/\/zoo-land.az\/#website"},"primaryImageOfPage":{"@id":"https:\/\/zoo-land.az\/az\/shop\/cat\/cat-foods\/club-4-paws-for-cats-salmon-14-kg\/#primaryimage"},"image":{"@id":"https:\/\/zoo-land.az\/az\/shop\/cat\/cat-foods\/club-4-paws-for-cats-salmon-14-kg\/#primaryimage"},"thumbnailUrl":"https:\/\/zoo-land.az\/wp-content\/uploads\/2024\/06\/Screenshot-2024-06-05-at-15.16.12.png","datePublished":"2024-06-05T12:14:18+00:00","breadcrumb":{"@id":"https:\/\/zoo-land.az\/az\/shop\/cat\/cat-foods\/club-4-paws-for-cats-salmon-14-kg\/#breadcrumb"},"inLanguage":"ru-RU","potentialAction":[{"@type":"ReadAction","target":["https:\/\/zoo-land.az\/az\/shop\/cat\/cat-foods\/club-4-paws-for-cats-salmon-14-kg\/"]}]},{"@type":"ImageObject","inLanguage":"ru-RU","@id":"https:\/\/zoo-land.az\/az\/shop\/cat\/cat-foods\/club-4-paws-for-cats-salmon-14-kg\/#primaryimage","url":"https:\/\/zoo-land.az\/wp-content\/uploads\/2024\/06\/Screenshot-2024-06-05-at-15.16.12.png","contentUrl":"https:\/\/zoo-land.az\/wp-content\/uploads\/2024\/06\/Screenshot-2024-06-05-at-15.16.12.png","width":598,"height":918},{"@type":"BreadcrumbList","@id":"https:\/\/zoo-land.az\/az\/shop\/cat\/cat-foods\/club-4-paws-for-cats-salmon-14-kg\/#breadcrumb","itemListElement":[{"@type":"ListItem","position":1,"name":"Home","item":"https:\/\/zoo-land.az\/ru\/"},{"@type":"ListItem","position":2,"name":"Shop","item":"https:\/\/zoo-land.az\/ru\/"},{"@type":"ListItem","position":3,"name":"Club 4 Paws for Cats Salmon 14 kg"}]},{"@type":"WebSite","@id":"https:\/\/zoo-land.az\/#website","url":"https:\/\/zoo-land.az\/","name":"Zooland.az","description":"Xo\u015fb\u0259xt ev heyvanlar\u0131n\u0131n \u00fcnvan\u0131 Zooland.az","publisher":{"@id":"https:\/\/zoo-land.az\/#organization"},"potentialAction":[{"@type":"SearchAction","target":{"@type":"EntryPoint","urlTemplate":"https:\/\/zoo-land.az\/?s={search_term_string}"},"query-input":{"@type":"PropertyValueSpecification","valueRequired":true,"valueName":"search_term_string"}}],"inLanguage":"ru-RU"},{"@type":"Organization","@id":"https:\/\/zoo-land.az\/#organization","name":"Zooland.az","url":"https:\/\/zoo-land.az\/","logo":{"@type":"ImageObject","inLanguage":"ru-RU","@id":"https:\/\/zoo-land.az\/#\/schema\/logo\/image\/","url":"https:\/\/zoo-land.az\/wp-content\/uploads\/2022\/05\/logo.svg","contentUrl":"https:\/\/zoo-land.az\/wp-content\/uploads\/2022\/05\/logo.svg","width":113,"height":46,"caption":"Zooland.az"},"image":{"@id":"https:\/\/zoo-land.az\/#\/schema\/logo\/image\/"}}]}},"_links":{"self":[{"href":"https:\/\/zoo-land.az\/ru\/wp-json\/wp\/v2\/product\/22653","targetHints":{"allow":["GET"]}}],"collection":[{"href":"https:\/\/zoo-land.az\/ru\/wp-json\/wp\/v2\/product"}],"about":[{"href":"https:\/\/zoo-land.az\/ru\/wp-json\/wp\/v2\/types\/product"}],"wp:featuredmedia":[{"embeddable":true,"href":"https:\/\/zoo-land.az\/ru\/wp-json\/wp\/v2\/media\/22648"}],"wp:attachment":[{"href":"https:\/\/zoo-land.az\/ru\/wp-json\/wp\/v2\/media?parent=22653"}],"wp:term":[{"taxonomy":"product_cat","embeddable":true,"href":"https:\/\/zoo-land.az\/ru\/wp-json\/wp\/v2\/product_cat?post=22653"},{"taxonomy":"product_tag","embeddable":true,"href":"https:\/\/zoo-land.az\/ru\/wp-json\/wp\/v2\/product_tag?post=22653"}],"curies":[{"name":"wp","href":"https:\/\/api.w.org\/{rel}","templated":true}]}}