{"id":22693,"date":"2024-06-05T13:46:46","date_gmt":"2024-06-05T13:46:46","guid":{"rendered":"https:\/\/lightsteelblue-zebra-299715.hostingersite.com\/?post_type=product&#038;p=22693"},"modified":"2024-06-05T13:47:58","modified_gmt":"2024-06-05T13:47:58","slug":"club-4-paws-chicken-100-g","status":"publish","type":"product","link":"https:\/\/zoo-land.az\/ru\/shop\/cat\/cat-wetfoods\/club-4-paws-chicken-100-g\/","title":{"rendered":"\u041a\u0443\u0440\u0438\u0446\u0430 \u041a\u043b\u0443\u0431 4 \u043b\u0430\u043f\u044b 100 \u0433"},"content":{"rendered":"<p style=\"font-weight: 400;\">Wet premium nutrition contains 77% of fresh meat and meat ingredients in slices and appetizing sauce, that taste great for adult cats. The complex of unsaturated fatty acids Omega 3 + Omega 6 keeps the skin healthy and the coat shiny. Ration is enriched with the INTEGRAMIX formula for the overall support of the pet&#8217;s health and immunity.<\/p>\n<p style=\"font-weight: 400;\"><b>Advantages:<\/b><\/p>\n<ul style=\"font-weight: 400;\">\n<li>\u00a0\u00a0 \u00a08,5\/5 \u2013 a well-balanced formula for everyday feeding<\/li>\n<li>\u00a0\u00a0 \u00a0\u041c\u044f\u0441\u043e \u0438 \u043c\u044f\u0441\u043d\u044b\u0435 \u0438\u043d\u0433\u0440\u0435\u0434\u0438\u0435\u043d\u0442\u044b \u21161 \u043f\u043e \u0441\u043e\u0441\u0442\u0430\u0432\u0443<\/li>\n<li>\u00a0\u00a0 \u00a0\u0412\u0438\u0442\u0430\u043c\u0438\u043d\u044b D3, E, B1, B5, \u043c\u0438\u043a\u0440\u043e\u044d\u043b\u0435\u043c\u0435\u043d\u0442\u044b \u0438 \u0430\u043c\u0438\u043d\u043e\u043a\u0438\u0441\u043b\u043e\u0442\u044b.<\/li>\n<li>\u00a0\u00a0 \u00a0\u041e\u043c\u0435\u0433\u0430 3 + \u041e\u043c\u0435\u0433\u0430 6 \u0434\u043b\u044f \u0437\u0434\u043e\u0440\u043e\u0432\u043e\u0439 \u043a\u043e\u0436\u0438 \u0438 \u0431\u043b\u0435\u0441\u0442\u044f\u0449\u0435\u0439 \u0448\u0435\u0440\u0441\u0442\u0438<\/li>\n<li>\u00a0\u00a0 \u00a0\u0424\u043e\u0440\u043c\u0443\u043b\u0430 \u0418\u041d\u0422\u0415\u0413\u0420\u0410\u041c\u0418\u041a\u0421: \u0441\u0443\u0448\u0435\u043d\u044b\u0435 \u043f\u043e\u043c\u0438\u0434\u043e\u0440\u044b, \u0438\u043c\u0431\u0438\u0440\u044c, \u0431\u043e\u044f\u0440\u044b\u0448\u043d\u0438\u043a \u0438 \u0431\u0430\u043d\u0430\u043d\u044b \u2013 \u0434\u043b\u044f \u043e\u0431\u0449\u0435\u0433\u043e \u0437\u0434\u043e\u0440\u043e\u0432\u044c\u044f \u0438 \u043a\u0440\u0435\u043f\u043a\u043e\u0433\u043e \u0438\u043c\u043c\u0443\u043d\u0438\u0442\u0435\u0442\u0430 \u043f\u0438\u0442\u043e\u043c\u0446\u0430.<\/li>\n<li>\u00a0\u00a0 \u00a0\u0411\u0435\u0437 \u0438\u0441\u043a\u0443\u0441\u0441\u0442\u0432\u0435\u043d\u043d\u044b\u0445 \u0430\u0440\u043e\u043c\u0430\u0442\u0438\u0437\u0430\u0442\u043e\u0440\u043e\u0432 \u0438 \u043a\u0440\u0430\u0441\u0438\u0442\u0435\u043b\u0435\u0439<\/li>\n<\/ul>","protected":false},"excerpt":{"rendered":"<p>Wet premium nutrition contains 77% of fresh meat and meat ingredients in slices and appetizing sauce, that taste great for adult cats. The complex of unsaturated fatty acids Omega 3 + Omega 6 keeps the skin healthy and the coat shiny. Ration is enriched with the INTEGRAMIX formula for the overall support of the pet&#8217;s health and immunity.<\/p>","protected":false},"featured_media":22697,"template":"","meta":{"inline_featured_image":false,"_joinchat":[]},"product_cat":[188,190],"product_tag":[],"class_list":{"0":"post-22693","1":"product","2":"type-product","3":"status-publish","4":"has-post-thumbnail","6":"product_brand-club-4-paws","7":"product_cat-cat","8":"product_cat-cat-wetfoods","10":"first","11":"instock","12":"shipping-taxable","13":"purchasable","14":"product-type-simple"},"yoast_head":"<!-- This site is optimized with the Yoast SEO plugin v27.4 - https:\/\/yoast.com\/product\/yoast-seo-wordpress\/ -->\n<title>Club 4 paws Chicken 100 g - Zooland.az<\/title>\n<meta name=\"robots\" content=\"index, follow, max-snippet:-1, max-image-preview:large, max-video-preview:-1\" \/>\n<link rel=\"canonical\" href=\"https:\/\/zoo-land.az\/ru\/shop\/cat\/cat-wetfoods\/club-4-paws-chicken-100-g\/\" \/>\n<meta property=\"og:locale\" content=\"ru_RU\" \/>\n<meta property=\"og:type\" content=\"article\" \/>\n<meta property=\"og:title\" content=\"Club 4 paws Chicken 100 g - Zooland.az\" \/>\n<meta property=\"og:description\" content=\"Wet premium nutrition contains 77% of fresh meat and meat ingredients in slices and appetizing sauce, that taste great for adult cats. The complex of unsaturated fatty acids Omega 3 + Omega 6 keeps the skin healthy and the coat shiny. Ration is enriched with the INTEGRAMIX formula for the overall support of the pet&#039;s health and immunity.\" \/>\n<meta property=\"og:url\" content=\"https:\/\/zoo-land.az\/ru\/shop\/cat\/cat-wetfoods\/club-4-paws-chicken-100-g\/\" \/>\n<meta property=\"og:site_name\" content=\"Zooland.az\" \/>\n<meta property=\"article:modified_time\" content=\"2024-06-05T13:47:58+00:00\" \/>\n<meta property=\"og:image\" content=\"https:\/\/zoo-land.az\/wp-content\/uploads\/2024\/06\/Screenshot-2024-06-05-at-17.47.28.png\" \/>\n\t<meta property=\"og:image:width\" content=\"732\" \/>\n\t<meta property=\"og:image:height\" content=\"766\" \/>\n\t<meta property=\"og:image:type\" content=\"image\/png\" \/>\n<meta name=\"twitter:card\" content=\"summary_large_image\" \/>\n<meta name=\"twitter:label1\" content=\"\u041f\u0440\u0438\u043c\u0435\u0440\u043d\u043e\u0435 \u0432\u0440\u0435\u043c\u044f \u0434\u043b\u044f \u0447\u0442\u0435\u043d\u0438\u044f\" \/>\n\t<meta name=\"twitter:data1\" content=\"1 \u043c\u0438\u043d\u0443\u0442\u0430\" \/>\n<script type=\"application\/ld+json\" class=\"yoast-schema-graph\">{\"@context\":\"https:\\\/\\\/schema.org\",\"@graph\":[{\"@type\":\"WebPage\",\"@id\":\"https:\\\/\\\/zoo-land.az\\\/ru\\\/shop\\\/cat\\\/cat-wetfoods\\\/club-4-paws-chicken-100-g\\\/\",\"url\":\"https:\\\/\\\/zoo-land.az\\\/ru\\\/shop\\\/cat\\\/cat-wetfoods\\\/club-4-paws-chicken-100-g\\\/\",\"name\":\"Club 4 paws Chicken 100 g - Zooland.az\",\"isPartOf\":{\"@id\":\"https:\\\/\\\/zoo-land.az\\\/#website\"},\"primaryImageOfPage\":{\"@id\":\"https:\\\/\\\/zoo-land.az\\\/ru\\\/shop\\\/cat\\\/cat-wetfoods\\\/club-4-paws-chicken-100-g\\\/#primaryimage\"},\"image\":{\"@id\":\"https:\\\/\\\/zoo-land.az\\\/ru\\\/shop\\\/cat\\\/cat-wetfoods\\\/club-4-paws-chicken-100-g\\\/#primaryimage\"},\"thumbnailUrl\":\"https:\\\/\\\/zoo-land.az\\\/wp-content\\\/uploads\\\/2024\\\/06\\\/Screenshot-2024-06-05-at-17.47.28.png\",\"datePublished\":\"2024-06-05T13:46:46+00:00\",\"dateModified\":\"2024-06-05T13:47:58+00:00\",\"breadcrumb\":{\"@id\":\"https:\\\/\\\/zoo-land.az\\\/ru\\\/shop\\\/cat\\\/cat-wetfoods\\\/club-4-paws-chicken-100-g\\\/#breadcrumb\"},\"inLanguage\":\"ru-RU\",\"potentialAction\":[{\"@type\":\"ReadAction\",\"target\":[\"https:\\\/\\\/zoo-land.az\\\/ru\\\/shop\\\/cat\\\/cat-wetfoods\\\/club-4-paws-chicken-100-g\\\/\"]}]},{\"@type\":\"ImageObject\",\"inLanguage\":\"ru-RU\",\"@id\":\"https:\\\/\\\/zoo-land.az\\\/ru\\\/shop\\\/cat\\\/cat-wetfoods\\\/club-4-paws-chicken-100-g\\\/#primaryimage\",\"url\":\"https:\\\/\\\/zoo-land.az\\\/wp-content\\\/uploads\\\/2024\\\/06\\\/Screenshot-2024-06-05-at-17.47.28.png\",\"contentUrl\":\"https:\\\/\\\/zoo-land.az\\\/wp-content\\\/uploads\\\/2024\\\/06\\\/Screenshot-2024-06-05-at-17.47.28.png\",\"width\":732,\"height\":766},{\"@type\":\"BreadcrumbList\",\"@id\":\"https:\\\/\\\/zoo-land.az\\\/ru\\\/shop\\\/cat\\\/cat-wetfoods\\\/club-4-paws-chicken-100-g\\\/#breadcrumb\",\"itemListElement\":[{\"@type\":\"ListItem\",\"position\":1,\"name\":\"Home\",\"item\":\"https:\\\/\\\/zoo-land.az\\\/ru\\\/\"},{\"@type\":\"ListItem\",\"position\":2,\"name\":\"Shop\",\"item\":\"https:\\\/\\\/zoo-land.az\\\/ru\\\/\"},{\"@type\":\"ListItem\",\"position\":3,\"name\":\"Club 4 paws Chicken 100 g\"}]},{\"@type\":\"WebSite\",\"@id\":\"https:\\\/\\\/zoo-land.az\\\/#website\",\"url\":\"https:\\\/\\\/zoo-land.az\\\/\",\"name\":\"Zooland.az\",\"description\":\"Xo\u015fb\u0259xt ev heyvanlar\u0131n\u0131n \u00fcnvan\u0131 Zooland.az\",\"publisher\":{\"@id\":\"https:\\\/\\\/zoo-land.az\\\/#organization\"},\"potentialAction\":[{\"@type\":\"SearchAction\",\"target\":{\"@type\":\"EntryPoint\",\"urlTemplate\":\"https:\\\/\\\/zoo-land.az\\\/?s={search_term_string}\"},\"query-input\":{\"@type\":\"PropertyValueSpecification\",\"valueRequired\":true,\"valueName\":\"search_term_string\"}}],\"inLanguage\":\"ru-RU\"},{\"@type\":\"Organization\",\"@id\":\"https:\\\/\\\/zoo-land.az\\\/#organization\",\"name\":\"Zooland.az\",\"url\":\"https:\\\/\\\/zoo-land.az\\\/\",\"logo\":{\"@type\":\"ImageObject\",\"inLanguage\":\"ru-RU\",\"@id\":\"https:\\\/\\\/zoo-land.az\\\/#\\\/schema\\\/logo\\\/image\\\/\",\"url\":\"https:\\\/\\\/zoo-land.az\\\/wp-content\\\/uploads\\\/2022\\\/05\\\/logo.svg\",\"contentUrl\":\"https:\\\/\\\/zoo-land.az\\\/wp-content\\\/uploads\\\/2022\\\/05\\\/logo.svg\",\"width\":113,\"height\":46,\"caption\":\"Zooland.az\"},\"image\":{\"@id\":\"https:\\\/\\\/zoo-land.az\\\/#\\\/schema\\\/logo\\\/image\\\/\"}}]}<\/script>\n<!-- \/ Yoast SEO plugin. -->","yoast_head_json":{"title":"Club 4 paws Chicken 100 g - Zooland.az","robots":{"index":"index","follow":"follow","max-snippet":"max-snippet:-1","max-image-preview":"max-image-preview:large","max-video-preview":"max-video-preview:-1"},"canonical":"https:\/\/zoo-land.az\/ru\/shop\/cat\/cat-wetfoods\/club-4-paws-chicken-100-g\/","og_locale":"ru_RU","og_type":"article","og_title":"Club 4 paws Chicken 100 g - Zooland.az","og_description":"Wet premium nutrition contains 77% of fresh meat and meat ingredients in slices and appetizing sauce, that taste great for adult cats. The complex of unsaturated fatty acids Omega 3 + Omega 6 keeps the skin healthy and the coat shiny. Ration is enriched with the INTEGRAMIX formula for the overall support of the pet's health and immunity.","og_url":"https:\/\/zoo-land.az\/ru\/shop\/cat\/cat-wetfoods\/club-4-paws-chicken-100-g\/","og_site_name":"Zooland.az","article_modified_time":"2024-06-05T13:47:58+00:00","og_image":[{"width":732,"height":766,"url":"https:\/\/zoo-land.az\/wp-content\/uploads\/2024\/06\/Screenshot-2024-06-05-at-17.47.28.png","type":"image\/png"}],"twitter_card":"summary_large_image","twitter_misc":{"\u041f\u0440\u0438\u043c\u0435\u0440\u043d\u043e\u0435 \u0432\u0440\u0435\u043c\u044f \u0434\u043b\u044f \u0447\u0442\u0435\u043d\u0438\u044f":"1 \u043c\u0438\u043d\u0443\u0442\u0430"},"schema":{"@context":"https:\/\/schema.org","@graph":[{"@type":"WebPage","@id":"https:\/\/zoo-land.az\/ru\/shop\/cat\/cat-wetfoods\/club-4-paws-chicken-100-g\/","url":"https:\/\/zoo-land.az\/ru\/shop\/cat\/cat-wetfoods\/club-4-paws-chicken-100-g\/","name":"Club 4 paws Chicken 100 g - Zooland.az","isPartOf":{"@id":"https:\/\/zoo-land.az\/#website"},"primaryImageOfPage":{"@id":"https:\/\/zoo-land.az\/ru\/shop\/cat\/cat-wetfoods\/club-4-paws-chicken-100-g\/#primaryimage"},"image":{"@id":"https:\/\/zoo-land.az\/ru\/shop\/cat\/cat-wetfoods\/club-4-paws-chicken-100-g\/#primaryimage"},"thumbnailUrl":"https:\/\/zoo-land.az\/wp-content\/uploads\/2024\/06\/Screenshot-2024-06-05-at-17.47.28.png","datePublished":"2024-06-05T13:46:46+00:00","dateModified":"2024-06-05T13:47:58+00:00","breadcrumb":{"@id":"https:\/\/zoo-land.az\/ru\/shop\/cat\/cat-wetfoods\/club-4-paws-chicken-100-g\/#breadcrumb"},"inLanguage":"ru-RU","potentialAction":[{"@type":"ReadAction","target":["https:\/\/zoo-land.az\/ru\/shop\/cat\/cat-wetfoods\/club-4-paws-chicken-100-g\/"]}]},{"@type":"ImageObject","inLanguage":"ru-RU","@id":"https:\/\/zoo-land.az\/ru\/shop\/cat\/cat-wetfoods\/club-4-paws-chicken-100-g\/#primaryimage","url":"https:\/\/zoo-land.az\/wp-content\/uploads\/2024\/06\/Screenshot-2024-06-05-at-17.47.28.png","contentUrl":"https:\/\/zoo-land.az\/wp-content\/uploads\/2024\/06\/Screenshot-2024-06-05-at-17.47.28.png","width":732,"height":766},{"@type":"BreadcrumbList","@id":"https:\/\/zoo-land.az\/ru\/shop\/cat\/cat-wetfoods\/club-4-paws-chicken-100-g\/#breadcrumb","itemListElement":[{"@type":"ListItem","position":1,"name":"Home","item":"https:\/\/zoo-land.az\/ru\/"},{"@type":"ListItem","position":2,"name":"Shop","item":"https:\/\/zoo-land.az\/ru\/"},{"@type":"ListItem","position":3,"name":"Club 4 paws Chicken 100 g"}]},{"@type":"WebSite","@id":"https:\/\/zoo-land.az\/#website","url":"https:\/\/zoo-land.az\/","name":"Zooland.az","description":"Xo\u015fb\u0259xt ev heyvanlar\u0131n\u0131n \u00fcnvan\u0131 Zooland.az","publisher":{"@id":"https:\/\/zoo-land.az\/#organization"},"potentialAction":[{"@type":"SearchAction","target":{"@type":"EntryPoint","urlTemplate":"https:\/\/zoo-land.az\/?s={search_term_string}"},"query-input":{"@type":"PropertyValueSpecification","valueRequired":true,"valueName":"search_term_string"}}],"inLanguage":"ru-RU"},{"@type":"Organization","@id":"https:\/\/zoo-land.az\/#organization","name":"Zooland.az","url":"https:\/\/zoo-land.az\/","logo":{"@type":"ImageObject","inLanguage":"ru-RU","@id":"https:\/\/zoo-land.az\/#\/schema\/logo\/image\/","url":"https:\/\/zoo-land.az\/wp-content\/uploads\/2022\/05\/logo.svg","contentUrl":"https:\/\/zoo-land.az\/wp-content\/uploads\/2022\/05\/logo.svg","width":113,"height":46,"caption":"Zooland.az"},"image":{"@id":"https:\/\/zoo-land.az\/#\/schema\/logo\/image\/"}}]}},"_links":{"self":[{"href":"https:\/\/zoo-land.az\/ru\/wp-json\/wp\/v2\/product\/22693","targetHints":{"allow":["GET"]}}],"collection":[{"href":"https:\/\/zoo-land.az\/ru\/wp-json\/wp\/v2\/product"}],"about":[{"href":"https:\/\/zoo-land.az\/ru\/wp-json\/wp\/v2\/types\/product"}],"wp:featuredmedia":[{"embeddable":true,"href":"https:\/\/zoo-land.az\/ru\/wp-json\/wp\/v2\/media\/22697"}],"wp:attachment":[{"href":"https:\/\/zoo-land.az\/ru\/wp-json\/wp\/v2\/media?parent=22693"}],"wp:term":[{"taxonomy":"product_cat","embeddable":true,"href":"https:\/\/zoo-land.az\/ru\/wp-json\/wp\/v2\/product_cat?post=22693"},{"taxonomy":"product_tag","embeddable":true,"href":"https:\/\/zoo-land.az\/ru\/wp-json\/wp\/v2\/product_tag?post=22693"}],"curies":[{"name":"wp","href":"https:\/\/api.w.org\/{rel}","templated":true}]}}