{"id":22711,"date":"2024-06-05T18:33:55","date_gmt":"2024-06-05T18:33:55","guid":{"rendered":"https:\/\/lightsteelblue-zebra-299715.hostingersite.com\/?post_type=product&#038;p=22711"},"modified":"2024-06-05T18:33:55","modified_gmt":"2024-06-05T18:33:55","slug":"%d0%bc%d1%8f%d1%83-fish-with-vegetables-80-g","status":"publish","type":"product","link":"https:\/\/zoo-land.az\/ru\/shop\/cat\/cat-wetfoods\/%d0%bc%d1%8f%d1%83-fish-with-vegetables-80-g\/","title":{"rendered":"\u041c\u044f\u0443 Fish with vegetables 80 g"},"content":{"rendered":"<p>Meat and animal by-products (pieces not less than 63%), fish and fish by-products not less than 4% (pieces not less than 17%), cereals, vegetables 2.5%, minerals, extracts of vegetable proteins.<\/p>\n<p>Additives (per 1 kg of food):<\/p>\n<ul>\n<li>Vitamin D3 (3a671): 135 IU<\/li>\n<li>Vitamin E (3a700): 8.99 mg<\/li>\n<li>Vitamin B1 (3a821): 0.6 mg<\/li>\n<li>Folic acid (3a316): 0.17 mg<\/li>\n<li>Taurine (3a370): 356 mg<\/li>\n<li>Choline chloride (3a890): 1.26 g<\/li>\n<li>Microelements: Zinc (zinc sulfate pentahydrate 3b604): 5.21 mg<\/li>\n<\/ul>\n<p>Technological additives:<\/p>\n<ul>\n<li>Carrageenan kappa (E407): 5.2 g<\/li>\n<li>Guar gum (E412): 2.6 g<\/li>\n<li>Xanthan gum (E415): 0.5 g<\/li>\n<\/ul>\n<p>Sensory additives:<\/p>\n<ul>\n<li>Colorants, glycine (2b17034): 5.2 g<\/li>\n<\/ul>\n<p>Nutritional value (analytical constituents) of the food:<\/p>\n<ul>\n<li>Crude protein \u2013 7%<\/li>\n<li>Crude fat \u2013 4.5%<\/li>\n<li>Crude ash \u2013 2.5%<\/li>\n<li>Crude fiber \u2013 0.3%<\/li>\n<li>Moisture \u2013 82%<\/li>\n<li>Calcium \u2013 0.35%<\/li>\n<li>Phosphorus \u2013 0.25%<\/li>\n<\/ul>\n<p>Energy value (caloric content) per 100 g of food: 321.17 kJ (76.75 kcal)<\/p>","protected":false},"excerpt":{"rendered":"<p>Meat and animal by-products (pieces not less than 63%), fish and fish by-products not less than 4% (pieces not less than 17%), cereals, vegetables 2.5%, minerals, extracts of vegetable proteins.<\/p>","protected":false},"featured_media":22712,"template":"","meta":{"inline_featured_image":false,"_joinchat":[]},"product_cat":[188,190],"product_tag":[],"class_list":{"0":"post-22711","1":"product","2":"type-product","3":"status-publish","4":"has-post-thumbnail","6":"product_brand-371","7":"product_cat-cat","8":"product_cat-cat-wetfoods","10":"first","11":"instock","12":"shipping-taxable","13":"purchasable","14":"product-type-simple"},"yoast_head":"<!-- This site is optimized with the Yoast SEO plugin v26.7 - https:\/\/yoast.com\/wordpress\/plugins\/seo\/ -->\n<title>\u041c\u044f\u0443 Fish with vegetables 80 g - Zooland.az<\/title>\n<meta name=\"robots\" content=\"index, follow, max-snippet:-1, max-image-preview:large, max-video-preview:-1\" \/>\n<link rel=\"canonical\" href=\"https:\/\/zoo-land.az\/ru\/shop\/cat\/cat-wetfoods\/\u043c\u044f\u0443-fish-with-vegetables-80-g\/\" \/>\n<meta property=\"og:locale\" content=\"ru_RU\" \/>\n<meta property=\"og:type\" content=\"article\" \/>\n<meta property=\"og:title\" content=\"\u041c\u044f\u0443 Fish with vegetables 80 g - Zooland.az\" \/>\n<meta property=\"og:description\" content=\"Meat and animal by-products (pieces not less than 63%), fish and fish by-products not less than 4% (pieces not less than 17%), cereals, vegetables 2.5%, minerals, extracts of vegetable proteins.\" \/>\n<meta property=\"og:url\" content=\"https:\/\/zoo-land.az\/ru\/shop\/cat\/cat-wetfoods\/\u043c\u044f\u0443-fish-with-vegetables-80-g\/\" \/>\n<meta property=\"og:site_name\" content=\"Zooland.az\" \/>\n<meta property=\"og:image\" content=\"https:\/\/zoo-land.az\/wp-content\/uploads\/2024\/06\/651775001711114469.webp\" \/>\n\t<meta property=\"og:image:width\" content=\"415\" \/>\n\t<meta property=\"og:image:height\" content=\"630\" \/>\n\t<meta property=\"og:image:type\" content=\"image\/webp\" \/>\n<meta name=\"twitter:card\" content=\"summary_large_image\" \/>\n<meta name=\"twitter:label1\" content=\"\u041f\u0440\u0438\u043c\u0435\u0440\u043d\u043e\u0435 \u0432\u0440\u0435\u043c\u044f \u0434\u043b\u044f \u0447\u0442\u0435\u043d\u0438\u044f\" \/>\n\t<meta name=\"twitter:data1\" content=\"1 \u043c\u0438\u043d\u0443\u0442\u0430\" \/>\n<script type=\"application\/ld+json\" class=\"yoast-schema-graph\">{\"@context\":\"https:\/\/schema.org\",\"@graph\":[{\"@type\":\"WebPage\",\"@id\":\"https:\/\/zoo-land.az\/shop\/cat\/cat-wetfoods\/%d0%bc%d1%8f%d1%83-fish-with-vegetables-80-g\/\",\"url\":\"https:\/\/zoo-land.az\/shop\/cat\/cat-wetfoods\/%d0%bc%d1%8f%d1%83-fish-with-vegetables-80-g\/\",\"name\":\"\u041c\u044f\u0443 Fish with vegetables 80 g - Zooland.az\",\"isPartOf\":{\"@id\":\"https:\/\/zoo-land.az\/#website\"},\"primaryImageOfPage\":{\"@id\":\"https:\/\/zoo-land.az\/shop\/cat\/cat-wetfoods\/%d0%bc%d1%8f%d1%83-fish-with-vegetables-80-g\/#primaryimage\"},\"image\":{\"@id\":\"https:\/\/zoo-land.az\/shop\/cat\/cat-wetfoods\/%d0%bc%d1%8f%d1%83-fish-with-vegetables-80-g\/#primaryimage\"},\"thumbnailUrl\":\"https:\/\/zoo-land.az\/wp-content\/uploads\/2024\/06\/651775001711114469.webp\",\"datePublished\":\"2024-06-05T18:33:55+00:00\",\"breadcrumb\":{\"@id\":\"https:\/\/zoo-land.az\/shop\/cat\/cat-wetfoods\/%d0%bc%d1%8f%d1%83-fish-with-vegetables-80-g\/#breadcrumb\"},\"inLanguage\":\"ru-RU\",\"potentialAction\":[{\"@type\":\"ReadAction\",\"target\":[\"https:\/\/zoo-land.az\/shop\/cat\/cat-wetfoods\/%d0%bc%d1%8f%d1%83-fish-with-vegetables-80-g\/\"]}]},{\"@type\":\"ImageObject\",\"inLanguage\":\"ru-RU\",\"@id\":\"https:\/\/zoo-land.az\/shop\/cat\/cat-wetfoods\/%d0%bc%d1%8f%d1%83-fish-with-vegetables-80-g\/#primaryimage\",\"url\":\"https:\/\/zoo-land.az\/wp-content\/uploads\/2024\/06\/651775001711114469.webp\",\"contentUrl\":\"https:\/\/zoo-land.az\/wp-content\/uploads\/2024\/06\/651775001711114469.webp\",\"width\":415,\"height\":630},{\"@type\":\"BreadcrumbList\",\"@id\":\"https:\/\/zoo-land.az\/shop\/cat\/cat-wetfoods\/%d0%bc%d1%8f%d1%83-fish-with-vegetables-80-g\/#breadcrumb\",\"itemListElement\":[{\"@type\":\"ListItem\",\"position\":1,\"name\":\"Home\",\"item\":\"https:\/\/zoo-land.az\/ru\/\"},{\"@type\":\"ListItem\",\"position\":2,\"name\":\"Shop\",\"item\":\"https:\/\/zoo-land.az\/ru\/\"},{\"@type\":\"ListItem\",\"position\":3,\"name\":\"\u041c\u044f\u0443 Fish with vegetables 80 g\"}]},{\"@type\":\"WebSite\",\"@id\":\"https:\/\/zoo-land.az\/#website\",\"url\":\"https:\/\/zoo-land.az\/\",\"name\":\"Zooland.az\",\"description\":\"Xo\u015fb\u0259xt ev heyvanlar\u0131n\u0131n \u00fcnvan\u0131 Zooland.az\",\"publisher\":{\"@id\":\"https:\/\/zoo-land.az\/#organization\"},\"potentialAction\":[{\"@type\":\"SearchAction\",\"target\":{\"@type\":\"EntryPoint\",\"urlTemplate\":\"https:\/\/zoo-land.az\/?s={search_term_string}\"},\"query-input\":{\"@type\":\"PropertyValueSpecification\",\"valueRequired\":true,\"valueName\":\"search_term_string\"}}],\"inLanguage\":\"ru-RU\"},{\"@type\":\"Organization\",\"@id\":\"https:\/\/zoo-land.az\/#organization\",\"name\":\"Zooland.az\",\"url\":\"https:\/\/zoo-land.az\/\",\"logo\":{\"@type\":\"ImageObject\",\"inLanguage\":\"ru-RU\",\"@id\":\"https:\/\/zoo-land.az\/#\/schema\/logo\/image\/\",\"url\":\"https:\/\/zoo-land.az\/wp-content\/uploads\/2022\/05\/logo.svg\",\"contentUrl\":\"https:\/\/zoo-land.az\/wp-content\/uploads\/2022\/05\/logo.svg\",\"width\":113,\"height\":46,\"caption\":\"Zooland.az\"},\"image\":{\"@id\":\"https:\/\/zoo-land.az\/#\/schema\/logo\/image\/\"}}]}<\/script>\n<!-- \/ Yoast SEO plugin. -->","yoast_head_json":{"title":"\u041c\u044f\u0443 Fish with vegetables 80 g - Zooland.az","robots":{"index":"index","follow":"follow","max-snippet":"max-snippet:-1","max-image-preview":"max-image-preview:large","max-video-preview":"max-video-preview:-1"},"canonical":"https:\/\/zoo-land.az\/ru\/shop\/cat\/cat-wetfoods\/\u043c\u044f\u0443-fish-with-vegetables-80-g\/","og_locale":"ru_RU","og_type":"article","og_title":"\u041c\u044f\u0443 Fish with vegetables 80 g - Zooland.az","og_description":"Meat and animal by-products (pieces not less than 63%), fish and fish by-products not less than 4% (pieces not less than 17%), cereals, vegetables 2.5%, minerals, extracts of vegetable proteins.","og_url":"https:\/\/zoo-land.az\/ru\/shop\/cat\/cat-wetfoods\/\u043c\u044f\u0443-fish-with-vegetables-80-g\/","og_site_name":"Zooland.az","og_image":[{"width":415,"height":630,"url":"https:\/\/zoo-land.az\/wp-content\/uploads\/2024\/06\/651775001711114469.webp","type":"image\/webp"}],"twitter_card":"summary_large_image","twitter_misc":{"\u041f\u0440\u0438\u043c\u0435\u0440\u043d\u043e\u0435 \u0432\u0440\u0435\u043c\u044f \u0434\u043b\u044f \u0447\u0442\u0435\u043d\u0438\u044f":"1 \u043c\u0438\u043d\u0443\u0442\u0430"},"schema":{"@context":"https:\/\/schema.org","@graph":[{"@type":"WebPage","@id":"https:\/\/zoo-land.az\/shop\/cat\/cat-wetfoods\/%d0%bc%d1%8f%d1%83-fish-with-vegetables-80-g\/","url":"https:\/\/zoo-land.az\/shop\/cat\/cat-wetfoods\/%d0%bc%d1%8f%d1%83-fish-with-vegetables-80-g\/","name":"\u041c\u044f\u0443 Fish with vegetables 80 g - Zooland.az","isPartOf":{"@id":"https:\/\/zoo-land.az\/#website"},"primaryImageOfPage":{"@id":"https:\/\/zoo-land.az\/shop\/cat\/cat-wetfoods\/%d0%bc%d1%8f%d1%83-fish-with-vegetables-80-g\/#primaryimage"},"image":{"@id":"https:\/\/zoo-land.az\/shop\/cat\/cat-wetfoods\/%d0%bc%d1%8f%d1%83-fish-with-vegetables-80-g\/#primaryimage"},"thumbnailUrl":"https:\/\/zoo-land.az\/wp-content\/uploads\/2024\/06\/651775001711114469.webp","datePublished":"2024-06-05T18:33:55+00:00","breadcrumb":{"@id":"https:\/\/zoo-land.az\/shop\/cat\/cat-wetfoods\/%d0%bc%d1%8f%d1%83-fish-with-vegetables-80-g\/#breadcrumb"},"inLanguage":"ru-RU","potentialAction":[{"@type":"ReadAction","target":["https:\/\/zoo-land.az\/shop\/cat\/cat-wetfoods\/%d0%bc%d1%8f%d1%83-fish-with-vegetables-80-g\/"]}]},{"@type":"ImageObject","inLanguage":"ru-RU","@id":"https:\/\/zoo-land.az\/shop\/cat\/cat-wetfoods\/%d0%bc%d1%8f%d1%83-fish-with-vegetables-80-g\/#primaryimage","url":"https:\/\/zoo-land.az\/wp-content\/uploads\/2024\/06\/651775001711114469.webp","contentUrl":"https:\/\/zoo-land.az\/wp-content\/uploads\/2024\/06\/651775001711114469.webp","width":415,"height":630},{"@type":"BreadcrumbList","@id":"https:\/\/zoo-land.az\/shop\/cat\/cat-wetfoods\/%d0%bc%d1%8f%d1%83-fish-with-vegetables-80-g\/#breadcrumb","itemListElement":[{"@type":"ListItem","position":1,"name":"Home","item":"https:\/\/zoo-land.az\/ru\/"},{"@type":"ListItem","position":2,"name":"Shop","item":"https:\/\/zoo-land.az\/ru\/"},{"@type":"ListItem","position":3,"name":"\u041c\u044f\u0443 Fish with vegetables 80 g"}]},{"@type":"WebSite","@id":"https:\/\/zoo-land.az\/#website","url":"https:\/\/zoo-land.az\/","name":"Zooland.az","description":"Xo\u015fb\u0259xt ev heyvanlar\u0131n\u0131n \u00fcnvan\u0131 Zooland.az","publisher":{"@id":"https:\/\/zoo-land.az\/#organization"},"potentialAction":[{"@type":"SearchAction","target":{"@type":"EntryPoint","urlTemplate":"https:\/\/zoo-land.az\/?s={search_term_string}"},"query-input":{"@type":"PropertyValueSpecification","valueRequired":true,"valueName":"search_term_string"}}],"inLanguage":"ru-RU"},{"@type":"Organization","@id":"https:\/\/zoo-land.az\/#organization","name":"Zooland.az","url":"https:\/\/zoo-land.az\/","logo":{"@type":"ImageObject","inLanguage":"ru-RU","@id":"https:\/\/zoo-land.az\/#\/schema\/logo\/image\/","url":"https:\/\/zoo-land.az\/wp-content\/uploads\/2022\/05\/logo.svg","contentUrl":"https:\/\/zoo-land.az\/wp-content\/uploads\/2022\/05\/logo.svg","width":113,"height":46,"caption":"Zooland.az"},"image":{"@id":"https:\/\/zoo-land.az\/#\/schema\/logo\/image\/"}}]}},"_links":{"self":[{"href":"https:\/\/zoo-land.az\/ru\/wp-json\/wp\/v2\/product\/22711","targetHints":{"allow":["GET"]}}],"collection":[{"href":"https:\/\/zoo-land.az\/ru\/wp-json\/wp\/v2\/product"}],"about":[{"href":"https:\/\/zoo-land.az\/ru\/wp-json\/wp\/v2\/types\/product"}],"wp:featuredmedia":[{"embeddable":true,"href":"https:\/\/zoo-land.az\/ru\/wp-json\/wp\/v2\/media\/22712"}],"wp:attachment":[{"href":"https:\/\/zoo-land.az\/ru\/wp-json\/wp\/v2\/media?parent=22711"}],"wp:term":[{"taxonomy":"product_cat","embeddable":true,"href":"https:\/\/zoo-land.az\/ru\/wp-json\/wp\/v2\/product_cat?post=22711"},{"taxonomy":"product_tag","embeddable":true,"href":"https:\/\/zoo-land.az\/ru\/wp-json\/wp\/v2\/product_tag?post=22711"}],"curies":[{"name":"wp","href":"https:\/\/api.w.org\/{rel}","templated":true}]}}