{"id":22801,"date":"2024-06-06T12:13:59","date_gmt":"2024-06-06T12:13:59","guid":{"rendered":"https:\/\/lightsteelblue-zebra-299715.hostingersite.com\/?post_type=product&#038;p=22801"},"modified":"2026-03-13T14:28:03","modified_gmt":"2026-03-13T10:28:03","slug":"brit-care-cat-grain-free-kitten-7-kg","status":"publish","type":"product","link":"https:\/\/zoo-land.az\/ru\/shop\/cat\/cat-foods\/brit-care-cat-grain-free-kitten-7-kg\/","title":{"rendered":"Brit Care Cat Grain Free Kitten 7 \u043a\u0433"},"content":{"rendered":"<div class=\"hidden-xs\"><strong>\u041f\u043e\u043b\u043d\u043e\u0440\u0430\u0446\u0438\u043e\u043d\u043d\u044b\u0439 \u043a\u043e\u0440\u043c \u0434\u043b\u044f \u043a\u043e\u0442\u044f\u0442, \u0431\u0435\u0440\u0435\u043c\u0435\u043d\u043d\u044b\u0445 \u0438 \u043a\u043e\u0440\u043c\u044f\u0449\u0438\u0445 \u043a\u043e\u0448\u0435\u043a.<\/strong><\/div>\n<p>\u0413\u0438\u043f\u043e\u0430\u043b\u043b\u0435\u0440\u0433\u0435\u043d\u043d\u0430\u044f, \u0431\u0435\u0437\u0437\u0435\u0440\u043d\u043e\u0432\u0430\u044f \u0438 \u043b\u0435\u0433\u043a\u043e\u0443\u0441\u0432\u043e\u044f\u0435\u043c\u0430\u044f \u0444\u043e\u0440\u043c\u0443\u043b\u0430, \u0431\u043e\u0433\u0430\u0442\u0430\u044f \u043d\u0435\u043e\u0431\u0445\u043e\u0434\u0438\u043c\u044b\u043c\u0438 \u043f\u0438\u0442\u0430\u0442\u0435\u043b\u044c\u043d\u044b\u043c\u0438 \u0432\u0435\u0449\u0435\u0441\u0442\u0432\u0430\u043c\u0438, \u0443\u0434\u043e\u0432\u043b\u0435\u0442\u0432\u043e\u0440\u044f\u044e\u0449\u0430\u044f \u044d\u043d\u0435\u0440\u0433\u0435\u0442\u0438\u0447\u0435\u0441\u043a\u0438\u0435 \u043f\u043e\u0442\u0440\u0435\u0431\u043d\u043e\u0441\u0442\u0438 \u0431\u0435\u0440\u0435\u043c\u0435\u043d\u043d\u044b\u0445 \u0438 \u043a\u043e\u0440\u043c\u044f\u0449\u0438\u0445 \u043a\u043e\u0448\u0435\u043a \u0438 \u043f\u043e\u0434\u0434\u0435\u0440\u0436\u0438\u0432\u0430\u044e\u0449\u0430\u044f \u043f\u0440\u0430\u0432\u0438\u043b\u044c\u043d\u043e\u0435 \u0440\u0430\u0437\u0432\u0438\u0442\u0438\u0435 \u043f\u043b\u043e\u0434\u0430. \u0421\u0431\u0430\u043b\u0430\u043d\u0441\u0438\u0440\u043e\u0432\u0430\u043d\u043d\u043e\u0435 \u0441\u043e\u0434\u0435\u0440\u0436\u0430\u043d\u0438\u0435 \u043a\u0430\u043b\u044c\u0446\u0438\u044f, \u0444\u043e\u0441\u0444\u043e\u0440\u0430, \u043c\u0430\u0433\u043d\u0438\u044f, \u0432\u0438\u0442\u0430\u043c\u0438\u043d\u0430 D, \u0430 \u0442\u0430\u043a\u0436\u0435 \u043a\u043e\u043c\u043f\u043b\u0435\u043a\u0441\u0430 \u0432\u0438\u0442\u0430\u043c\u0438\u043d\u043e\u0432, \u043c\u0438\u043d\u0435\u0440\u0430\u043b\u043e\u0432 \u0438 \u043d\u0435\u0437\u0430\u043c\u0435\u043d\u0438\u043c\u044b\u0445 \u0436\u0438\u0440\u043d\u044b\u0445 \u043a\u0438\u0441\u043b\u043e\u0442 \u043e\u0431\u0435\u0441\u043f\u0435\u0447\u0438\u0432\u0430\u0435\u0442 \u0440\u043e\u0436\u0434\u0435\u043d\u0438\u0435 \u0437\u0434\u043e\u0440\u043e\u0432\u044b\u0445 \u043a\u043e\u0442\u044f\u0442 \u0438 \u0441\u043f\u043e\u0441\u043e\u0431\u0441\u0442\u0432\u0443\u0435\u0442 \u043f\u0440\u043e\u0444\u0438\u043b\u0430\u043a\u0442\u0438\u043a\u0435 \u0440\u0430\u0445\u0438\u0442\u0430.<\/p>\n<ul>\n<li type=\"disc\">\u041f\u0420\u041e\u0411\u0418\u041e\u0422\u0418\u041a\u0418 \u0438 \u041f\u0420\u0415\u0411\u0418\u041e\u0422\u0418\u041a\u0418 \u043f\u043e\u043c\u043e\u0433\u0430\u044e\u0442 \u043f\u043e\u0434\u0434\u0435\u0440\u0436\u0438\u0432\u0430\u0442\u044c \u0437\u0434\u043e\u0440\u043e\u0432\u044c\u0435 \u0436\u0435\u043b\u0443\u0434\u043e\u0447\u043d\u043e-\u043a\u0438\u0448\u0435\u0447\u043d\u043e\u0433\u043e \u0442\u0440\u0430\u043a\u0442\u0430 \u0438 \u0438\u043c\u043c\u0443\u043d\u043d\u043e\u0439 \u0441\u0438\u0441\u0442\u0435\u043c\u044b.<\/li>\n<li type=\"disc\">\u041c\u041e\u041b\u041e\u0417\u0418\u0412\u041e \u0441\u043e\u0434\u0435\u0440\u0436\u0438\u0442 \u0438\u043c\u043c\u0443\u043d\u043e\u0433\u043b\u043e\u0431\u0443\u043b\u0438\u043d\u044b, \u0430\u043d\u0442\u0438\u0442\u0435\u043b\u0430, \u043a\u043e\u0442\u043e\u0440\u044b\u0435 \u043f\u043e\u043c\u043e\u0433\u0430\u044e\u0442 \u043a\u043e\u0442\u044f\u0442\u0430\u043c \u0432\u044b\u0440\u0430\u0431\u043e\u0442\u0430\u0442\u044c \u043a\u0440\u0435\u043f\u043a\u0438\u0439 \u0438\u043c\u043c\u0443\u043d\u0438\u0442\u0435\u0442.<\/li>\n<li type=\"disc\">\u0422\u0410\u0423\u0420\u0418\u041d \u043f\u043e\u0434\u0434\u0435\u0440\u0436\u0438\u0432\u0430\u0435\u0442 \u0437\u0434\u043e\u0440\u043e\u0432\u044c\u0435 \u0433\u043b\u0430\u0437 \u0438 \u0441\u0435\u0440\u0434\u0446\u0430.<\/li>\n<li type=\"disc\">\u0412\u042b\u0421\u041e\u041a\u041e\u0415 \u0421\u041e\u0414\u0415\u0420\u0416\u0410\u041d\u0418\u0415 \u0411\u0415\u041b\u041a\u0410 \u043f\u043e\u043c\u043e\u0433\u0430\u0435\u0442 \u043f\u043e\u0434\u0434\u0435\u0440\u0436\u0438\u0432\u0430\u0442\u044c \u0440\u043e\u0441\u0442 \u0438 \u0440\u0430\u0437\u0432\u0438\u0442\u0438\u0435 \u043c\u044b\u0448\u0435\u0447\u043d\u043e\u0439 \u043c\u0430\u0441\u0441\u044b.<\/li>\n<li type=\"disc\">\u0411\u0435\u0437 \u0437\u0435\u0440\u043d\u0430 \u2013 \u0411\u0415\u0417 \u043a\u0440\u0430\u0441\u0438\u0442\u0435\u043b\u0435\u0439 \u2013 \u0411\u0415\u0417 \u043a\u043e\u043d\u0441\u0435\u0440\u0432\u0430\u043d\u0442\u043e\u0432 \u2013 \u0411\u0415\u0417 \u0413\u041c\u041e \u2013 \u0411\u0415\u0417 \u0441\u043e\u0438.<\/li>\n<\/ul>\n<p class=\"composition\"><strong>\u0421\u043e\u0441\u0442\u0430\u0432:<\/strong>\u00a0dehydrated turkey (30%), fresh chicken meat (26%), poultry fat (preserved with tocopherols, 12%), yellow peas (12%), chickpeas (8%), salmon oil (3%), hydrolyzed chicken liver (2%), linseed (2%), dried apples (2%), brewer\u00b4s yeast (1%), colostrum (0.5%), dried chamomile (0.5%), minerals, dried sea buckthorn (0.3%), dried cranberries (0.2%), fructo-oligosaccharides (0.025%), mannan-oligosaccharides (0.02%), Mojave yucca (0.01%), Lactobacillus acidophilus HA \u2013 122 inactivated (15&#215;109 cells\/kg).<\/p>\n<p><strong>\u0410\u043d\u0430\u043b\u0438\u0442\u0438\u0447\u0435\u0441\u043a\u0438\u0435 \u0438\u043d\u0433\u0440\u0435\u0434\u0438\u0435\u043d\u0442\u044b:<\/strong>\u00a0crude protein 38.0%, crude fat 18.0%, crude fibre 1.5%, crude ash 7.2%, moisture 10.0%, Omega-3 0.5%, Omega-6 2.2%, calcium 1.2%, phosphorus 0.9%, sodium 0.5%, magnesium 0.1%.<\/p>\n<p><strong>\u041f\u0438\u0449\u0435\u0432\u043e\u0439 \u0441\u043e\u0441\u0442\u0430\u0432:<\/strong>\u00a0vitamin A (3a672a) 23 000 I.U., vitamin D3 (E671) 1 000 I.U., vitamin E (3a700) 800 mg, vitamin C (3a312) 400 mg, taurine (3a370) 2 800 mg, L-carnitine (3a910) 100 mg, choline chloride (3a890) 2 800 mg, biotin (3a880) 2.5 mg, vitamin B1 (3a821) 12 mg, vitamin B2 15 mg, niacinamide (3a315) 60 mg, calcium-D-pantothenate (3a841) 50 mg, vitamin B6 (3a831) 12 mg, folic acid (3a316) 3 mg, vitamin B12 0.05 mg, zinc (3b606) 140 mg, iron (3b106) 55 mg, manganese (3b504) 65 mg, potassium iodide (3b201) 4.5 mg, copper (3b406) 12 mg, selenium (3b8.10) 0.2 mg, L-methionine (3c305) 2 500 mg. Contains EU approved natural antioxidants: tocopherol extracts from vegetable oil (1b306), ascorbyl palmitate (1b304) &amp; rosemary extract.<\/p>\n<p><strong>\u041c\u0435\u0442\u0430\u0431\u043e\u043b\u0438\u0437\u0438\u0440\u0443\u0435\u043c\u0430\u044f \u044d\u043d\u0435\u0440\u0433\u0438\u044f:<\/strong>\u00a04,000 kcal\/kg<\/p>","protected":false},"excerpt":{"rendered":"<div class=\"hidden-xs\"><strong>\u041f\u043e\u043b\u043d\u043e\u0440\u0430\u0446\u0438\u043e\u043d\u043d\u044b\u0439 \u043a\u043e\u0440\u043c \u0434\u043b\u044f \u043a\u043e\u0442\u044f\u0442, \u0431\u0435\u0440\u0435\u043c\u0435\u043d\u043d\u044b\u0445 \u0438 \u043a\u043e\u0440\u043c\u044f\u0449\u0438\u0445 \u043a\u043e\u0448\u0435\u043a.<\/strong><\/div>\n<p>\u0413\u0438\u043f\u043e\u0430\u043b\u043b\u0435\u0440\u0433\u0435\u043d\u043d\u0430\u044f, \u0431\u0435\u0437\u0437\u0435\u0440\u043d\u043e\u0432\u0430\u044f \u0438 \u043b\u0435\u0433\u043a\u043e\u0443\u0441\u0432\u043e\u044f\u0435\u043c\u0430\u044f \u0444\u043e\u0440\u043c\u0443\u043b\u0430, \u0431\u043e\u0433\u0430\u0442\u0430\u044f \u043d\u0435\u043e\u0431\u0445\u043e\u0434\u0438\u043c\u044b\u043c\u0438 \u043f\u0438\u0442\u0430\u0442\u0435\u043b\u044c\u043d\u044b\u043c\u0438 \u0432\u0435\u0449\u0435\u0441\u0442\u0432\u0430\u043c\u0438, \u0443\u0434\u043e\u0432\u043b\u0435\u0442\u0432\u043e\u0440\u044f\u044e\u0449\u0430\u044f \u044d\u043d\u0435\u0440\u0433\u0435\u0442\u0438\u0447\u0435\u0441\u043a\u0438\u0435 \u043f\u043e\u0442\u0440\u0435\u0431\u043d\u043e\u0441\u0442\u0438 \u0431\u0435\u0440\u0435\u043c\u0435\u043d\u043d\u044b\u0445 \u0438 \u043a\u043e\u0440\u043c\u044f\u0449\u0438\u0445 \u043a\u043e\u0448\u0435\u043a \u0438 \u043f\u043e\u0434\u0434\u0435\u0440\u0436\u0438\u0432\u0430\u044e\u0449\u0430\u044f \u043f\u0440\u0430\u0432\u0438\u043b\u044c\u043d\u043e\u0435 \u0440\u0430\u0437\u0432\u0438\u0442\u0438\u0435 \u043f\u043b\u043e\u0434\u0430. \u0421\u0431\u0430\u043b\u0430\u043d\u0441\u0438\u0440\u043e\u0432\u0430\u043d\u043d\u043e\u0435 \u0441\u043e\u0434\u0435\u0440\u0436\u0430\u043d\u0438\u0435 \u043a\u0430\u043b\u044c\u0446\u0438\u044f, \u0444\u043e\u0441\u0444\u043e\u0440\u0430, \u043c\u0430\u0433\u043d\u0438\u044f, \u0432\u0438\u0442\u0430\u043c\u0438\u043d\u0430 D, \u0430 \u0442\u0430\u043a\u0436\u0435 \u043a\u043e\u043c\u043f\u043b\u0435\u043a\u0441\u0430 \u0432\u0438\u0442\u0430\u043c\u0438\u043d\u043e\u0432, \u043c\u0438\u043d\u0435\u0440\u0430\u043b\u043e\u0432 \u0438 \u043d\u0435\u0437\u0430\u043c\u0435\u043d\u0438\u043c\u044b\u0445 \u0436\u0438\u0440\u043d\u044b\u0445 \u043a\u0438\u0441\u043b\u043e\u0442 \u043e\u0431\u0435\u0441\u043f\u0435\u0447\u0438\u0432\u0430\u0435\u0442 \u0440\u043e\u0436\u0434\u0435\u043d\u0438\u0435 \u0437\u0434\u043e\u0440\u043e\u0432\u044b\u0445 \u043a\u043e\u0442\u044f\u0442 \u0438 \u0441\u043f\u043e\u0441\u043e\u0431\u0441\u0442\u0432\u0443\u0435\u0442 \u043f\u0440\u043e\u0444\u0438\u043b\u0430\u043a\u0442\u0438\u043a\u0435 \u0440\u0430\u0445\u0438\u0442\u0430.<\/p>\n<ul>\n<li type=\"disc\">\u041f\u0420\u041e\u0411\u0418\u041e\u0422\u0418\u041a\u0418 \u0438 \u041f\u0420\u0415\u0411\u0418\u041e\u0422\u0418\u041a\u0418 \u043f\u043e\u043c\u043e\u0433\u0430\u044e\u0442 \u043f\u043e\u0434\u0434\u0435\u0440\u0436\u0438\u0432\u0430\u0442\u044c \u0437\u0434\u043e\u0440\u043e\u0432\u044c\u0435 \u0436\u0435\u043b\u0443\u0434\u043e\u0447\u043d\u043e-\u043a\u0438\u0448\u0435\u0447\u043d\u043e\u0433\u043e \u0442\u0440\u0430\u043a\u0442\u0430 \u0438 \u0438\u043c\u043c\u0443\u043d\u043d\u043e\u0439 \u0441\u0438\u0441\u0442\u0435\u043c\u044b.<\/li>\n<li type=\"disc\">\u041c\u041e\u041b\u041e\u0417\u0418\u0412\u041e \u0441\u043e\u0434\u0435\u0440\u0436\u0438\u0442 \u0438\u043c\u043c\u0443\u043d\u043e\u0433\u043b\u043e\u0431\u0443\u043b\u0438\u043d\u044b, \u0430\u043d\u0442\u0438\u0442\u0435\u043b\u0430, \u043a\u043e\u0442\u043e\u0440\u044b\u0435 \u043f\u043e\u043c\u043e\u0433\u0430\u044e\u0442 \u043a\u043e\u0442\u044f\u0442\u0430\u043c \u0432\u044b\u0440\u0430\u0431\u043e\u0442\u0430\u0442\u044c \u043a\u0440\u0435\u043f\u043a\u0438\u0439 \u0438\u043c\u043c\u0443\u043d\u0438\u0442\u0435\u0442.<\/li>\n<li type=\"disc\">\u0422\u0410\u0423\u0420\u0418\u041d \u043f\u043e\u0434\u0434\u0435\u0440\u0436\u0438\u0432\u0430\u0435\u0442 \u0437\u0434\u043e\u0440\u043e\u0432\u044c\u0435 \u0433\u043b\u0430\u0437 \u0438 \u0441\u0435\u0440\u0434\u0446\u0430.<\/li>\n<li type=\"disc\">\u0412\u042b\u0421\u041e\u041a\u041e\u0415 \u0421\u041e\u0414\u0415\u0420\u0416\u0410\u041d\u0418\u0415 \u0411\u0415\u041b\u041a\u0410 \u043f\u043e\u043c\u043e\u0433\u0430\u0435\u0442 \u043f\u043e\u0434\u0434\u0435\u0440\u0436\u0438\u0432\u0430\u0442\u044c \u0440\u043e\u0441\u0442 \u0438 \u0440\u0430\u0437\u0432\u0438\u0442\u0438\u0435 \u043c\u044b\u0448\u0435\u0447\u043d\u043e\u0439 \u043c\u0430\u0441\u0441\u044b.<\/li>\n<li type=\"disc\">\u0411\u0435\u0437 \u0437\u0435\u0440\u043d\u0430 \u2013 \u0411\u0415\u0417 \u043a\u0440\u0430\u0441\u0438\u0442\u0435\u043b\u0435\u0439 \u2013 \u0411\u0415\u0417 \u043a\u043e\u043d\u0441\u0435\u0440\u0432\u0430\u043d\u0442\u043e\u0432 \u2013 \u0411\u0415\u0417 \u0413\u041c\u041e \u2013 \u0411\u0415\u0417 \u0441\u043e\u0438.<\/li>\n<\/ul>","protected":false},"featured_media":22781,"template":"","meta":{"inline_featured_image":false,"_joinchat":[]},"product_cat":[189,188],"product_tag":[],"class_list":{"0":"post-22801","1":"product","2":"type-product","3":"status-publish","4":"has-post-thumbnail","6":"product_brand-brit","7":"product_cat-cat-foods","8":"product_cat-cat","10":"first","11":"outofstock","12":"shipping-taxable","13":"purchasable","14":"product-type-simple"},"yoast_head":"<!-- This site is optimized with the Yoast SEO plugin v26.7 - https:\/\/yoast.com\/wordpress\/plugins\/seo\/ -->\n<title>Brit Care Cat Grain Free Kitten 7 kg - Zooland.az<\/title>\n<meta name=\"robots\" content=\"index, follow, max-snippet:-1, max-image-preview:large, max-video-preview:-1\" \/>\n<link rel=\"canonical\" href=\"https:\/\/zoo-land.az\/ru\/shop\/cat\/cat-foods\/brit-care-cat-grain-free-kitten-7-kg\/\" \/>\n<meta property=\"og:locale\" content=\"ru_RU\" \/>\n<meta property=\"og:type\" content=\"article\" \/>\n<meta property=\"og:title\" content=\"Brit Care Cat Grain Free Kitten 7 kg - Zooland.az\" \/>\n<meta property=\"og:description\" content=\"Complete food for kittens and pregnant or lactating cats. A hypoallergenic, grain-free, and highly digestible formula rich in essential nutrients to satisfy the energy demands of pregnant or lactating cats and support proper foetal development. The balanced content of calcium, phosphorus, magnesium, vitamin D, and a complex of vitamins, minerals, and essential fatty acids ensures delivery of healthy kittens and helps prevent rickets.   PROBIOTICS and PREBIOTICS help maintain gastrointestinal tract and immune system health.  COLOSTRUM contains immunoglobulins, antibodies that help kittens build strong immunity.  TAURINE supports eye and heart health.  HIGH PROTEIN CONTENT helps maintain growth and development of muscle mass.  Grain free \u2013 NO colorants \u2013 NO preservatives \u2013 NO GMO \u2013 NO soy.\" \/>\n<meta property=\"og:url\" content=\"https:\/\/zoo-land.az\/ru\/shop\/cat\/cat-foods\/brit-care-cat-grain-free-kitten-7-kg\/\" \/>\n<meta property=\"og:site_name\" content=\"Zooland.az\" \/>\n<meta property=\"article:modified_time\" content=\"2026-03-13T10:28:03+00:00\" \/>\n<meta property=\"og:image\" content=\"http:\/\/zoo-land.az\/wp-content\/uploads\/2024\/06\/00435b7c087ccad139b067c6f59e0af4.jpg\" \/>\n\t<meta property=\"og:image:width\" content=\"495\" \/>\n\t<meta property=\"og:image:height\" content=\"981\" \/>\n\t<meta property=\"og:image:type\" content=\"image\/jpeg\" \/>\n<meta name=\"twitter:card\" content=\"summary_large_image\" \/>\n<meta name=\"twitter:label1\" content=\"\u041f\u0440\u0438\u043c\u0435\u0440\u043d\u043e\u0435 \u0432\u0440\u0435\u043c\u044f \u0434\u043b\u044f \u0447\u0442\u0435\u043d\u0438\u044f\" \/>\n\t<meta name=\"twitter:data1\" content=\"1 \u043c\u0438\u043d\u0443\u0442\u0430\" \/>\n<script type=\"application\/ld+json\" class=\"yoast-schema-graph\">{\"@context\":\"https:\/\/schema.org\",\"@graph\":[{\"@type\":\"WebPage\",\"@id\":\"https:\/\/zoo-land.az\/shop\/cat\/cat-foods\/brit-care-cat-grain-free-kitten-7-kg\/\",\"url\":\"https:\/\/zoo-land.az\/shop\/cat\/cat-foods\/brit-care-cat-grain-free-kitten-7-kg\/\",\"name\":\"Brit Care Cat Grain Free Kitten 7 kg - Zooland.az\",\"isPartOf\":{\"@id\":\"https:\/\/zoo-land.az\/#website\"},\"primaryImageOfPage\":{\"@id\":\"https:\/\/zoo-land.az\/shop\/cat\/cat-foods\/brit-care-cat-grain-free-kitten-7-kg\/#primaryimage\"},\"image\":{\"@id\":\"https:\/\/zoo-land.az\/shop\/cat\/cat-foods\/brit-care-cat-grain-free-kitten-7-kg\/#primaryimage\"},\"thumbnailUrl\":\"https:\/\/zoo-land.az\/wp-content\/uploads\/2024\/06\/00435b7c087ccad139b067c6f59e0af4.jpg\",\"datePublished\":\"2024-06-06T12:13:59+00:00\",\"dateModified\":\"2026-03-13T10:28:03+00:00\",\"breadcrumb\":{\"@id\":\"https:\/\/zoo-land.az\/shop\/cat\/cat-foods\/brit-care-cat-grain-free-kitten-7-kg\/#breadcrumb\"},\"inLanguage\":\"ru-RU\",\"potentialAction\":[{\"@type\":\"ReadAction\",\"target\":[\"https:\/\/zoo-land.az\/shop\/cat\/cat-foods\/brit-care-cat-grain-free-kitten-7-kg\/\"]}]},{\"@type\":\"ImageObject\",\"inLanguage\":\"ru-RU\",\"@id\":\"https:\/\/zoo-land.az\/shop\/cat\/cat-foods\/brit-care-cat-grain-free-kitten-7-kg\/#primaryimage\",\"url\":\"https:\/\/zoo-land.az\/wp-content\/uploads\/2024\/06\/00435b7c087ccad139b067c6f59e0af4.jpg\",\"contentUrl\":\"https:\/\/zoo-land.az\/wp-content\/uploads\/2024\/06\/00435b7c087ccad139b067c6f59e0af4.jpg\",\"width\":495,\"height\":981},{\"@type\":\"BreadcrumbList\",\"@id\":\"https:\/\/zoo-land.az\/shop\/cat\/cat-foods\/brit-care-cat-grain-free-kitten-7-kg\/#breadcrumb\",\"itemListElement\":[{\"@type\":\"ListItem\",\"position\":1,\"name\":\"Home\",\"item\":\"https:\/\/zoo-land.az\/ru\/\"},{\"@type\":\"ListItem\",\"position\":2,\"name\":\"Shop\",\"item\":\"https:\/\/zoo-land.az\/ru\/\"},{\"@type\":\"ListItem\",\"position\":3,\"name\":\"Brit Care Cat Grain Free Kitten 7 kg\"}]},{\"@type\":\"WebSite\",\"@id\":\"https:\/\/zoo-land.az\/#website\",\"url\":\"https:\/\/zoo-land.az\/\",\"name\":\"Zooland.az\",\"description\":\"Xo\u015fb\u0259xt ev heyvanlar\u0131n\u0131n \u00fcnvan\u0131 Zooland.az\",\"publisher\":{\"@id\":\"https:\/\/zoo-land.az\/#organization\"},\"potentialAction\":[{\"@type\":\"SearchAction\",\"target\":{\"@type\":\"EntryPoint\",\"urlTemplate\":\"https:\/\/zoo-land.az\/?s={search_term_string}\"},\"query-input\":{\"@type\":\"PropertyValueSpecification\",\"valueRequired\":true,\"valueName\":\"search_term_string\"}}],\"inLanguage\":\"ru-RU\"},{\"@type\":\"Organization\",\"@id\":\"https:\/\/zoo-land.az\/#organization\",\"name\":\"Zooland.az\",\"url\":\"https:\/\/zoo-land.az\/\",\"logo\":{\"@type\":\"ImageObject\",\"inLanguage\":\"ru-RU\",\"@id\":\"https:\/\/zoo-land.az\/#\/schema\/logo\/image\/\",\"url\":\"https:\/\/zoo-land.az\/wp-content\/uploads\/2022\/05\/logo.svg\",\"contentUrl\":\"https:\/\/zoo-land.az\/wp-content\/uploads\/2022\/05\/logo.svg\",\"width\":113,\"height\":46,\"caption\":\"Zooland.az\"},\"image\":{\"@id\":\"https:\/\/zoo-land.az\/#\/schema\/logo\/image\/\"}}]}<\/script>\n<!-- \/ Yoast SEO plugin. -->","yoast_head_json":{"title":"Brit Care Cat Grain Free Kitten 7 kg - Zooland.az","robots":{"index":"index","follow":"follow","max-snippet":"max-snippet:-1","max-image-preview":"max-image-preview:large","max-video-preview":"max-video-preview:-1"},"canonical":"https:\/\/zoo-land.az\/ru\/shop\/cat\/cat-foods\/brit-care-cat-grain-free-kitten-7-kg\/","og_locale":"ru_RU","og_type":"article","og_title":"Brit Care Cat Grain Free Kitten 7 kg - Zooland.az","og_description":"Complete food for kittens and pregnant or lactating cats. A hypoallergenic, grain-free, and highly digestible formula rich in essential nutrients to satisfy the energy demands of pregnant or lactating cats and support proper foetal development. The balanced content of calcium, phosphorus, magnesium, vitamin D, and a complex of vitamins, minerals, and essential fatty acids ensures delivery of healthy kittens and helps prevent rickets.   PROBIOTICS and PREBIOTICS help maintain gastrointestinal tract and immune system health.  COLOSTRUM contains immunoglobulins, antibodies that help kittens build strong immunity.  TAURINE supports eye and heart health.  HIGH PROTEIN CONTENT helps maintain growth and development of muscle mass.  Grain free \u2013 NO colorants \u2013 NO preservatives \u2013 NO GMO \u2013 NO soy.","og_url":"https:\/\/zoo-land.az\/ru\/shop\/cat\/cat-foods\/brit-care-cat-grain-free-kitten-7-kg\/","og_site_name":"Zooland.az","article_modified_time":"2026-03-13T10:28:03+00:00","og_image":[{"width":495,"height":981,"url":"http:\/\/zoo-land.az\/wp-content\/uploads\/2024\/06\/00435b7c087ccad139b067c6f59e0af4.jpg","type":"image\/jpeg"}],"twitter_card":"summary_large_image","twitter_misc":{"\u041f\u0440\u0438\u043c\u0435\u0440\u043d\u043e\u0435 \u0432\u0440\u0435\u043c\u044f \u0434\u043b\u044f \u0447\u0442\u0435\u043d\u0438\u044f":"1 \u043c\u0438\u043d\u0443\u0442\u0430"},"schema":{"@context":"https:\/\/schema.org","@graph":[{"@type":"WebPage","@id":"https:\/\/zoo-land.az\/shop\/cat\/cat-foods\/brit-care-cat-grain-free-kitten-7-kg\/","url":"https:\/\/zoo-land.az\/shop\/cat\/cat-foods\/brit-care-cat-grain-free-kitten-7-kg\/","name":"Brit Care Cat Grain Free Kitten 7 kg - Zooland.az","isPartOf":{"@id":"https:\/\/zoo-land.az\/#website"},"primaryImageOfPage":{"@id":"https:\/\/zoo-land.az\/shop\/cat\/cat-foods\/brit-care-cat-grain-free-kitten-7-kg\/#primaryimage"},"image":{"@id":"https:\/\/zoo-land.az\/shop\/cat\/cat-foods\/brit-care-cat-grain-free-kitten-7-kg\/#primaryimage"},"thumbnailUrl":"https:\/\/zoo-land.az\/wp-content\/uploads\/2024\/06\/00435b7c087ccad139b067c6f59e0af4.jpg","datePublished":"2024-06-06T12:13:59+00:00","dateModified":"2026-03-13T10:28:03+00:00","breadcrumb":{"@id":"https:\/\/zoo-land.az\/shop\/cat\/cat-foods\/brit-care-cat-grain-free-kitten-7-kg\/#breadcrumb"},"inLanguage":"ru-RU","potentialAction":[{"@type":"ReadAction","target":["https:\/\/zoo-land.az\/shop\/cat\/cat-foods\/brit-care-cat-grain-free-kitten-7-kg\/"]}]},{"@type":"ImageObject","inLanguage":"ru-RU","@id":"https:\/\/zoo-land.az\/shop\/cat\/cat-foods\/brit-care-cat-grain-free-kitten-7-kg\/#primaryimage","url":"https:\/\/zoo-land.az\/wp-content\/uploads\/2024\/06\/00435b7c087ccad139b067c6f59e0af4.jpg","contentUrl":"https:\/\/zoo-land.az\/wp-content\/uploads\/2024\/06\/00435b7c087ccad139b067c6f59e0af4.jpg","width":495,"height":981},{"@type":"BreadcrumbList","@id":"https:\/\/zoo-land.az\/shop\/cat\/cat-foods\/brit-care-cat-grain-free-kitten-7-kg\/#breadcrumb","itemListElement":[{"@type":"ListItem","position":1,"name":"Home","item":"https:\/\/zoo-land.az\/ru\/"},{"@type":"ListItem","position":2,"name":"Shop","item":"https:\/\/zoo-land.az\/ru\/"},{"@type":"ListItem","position":3,"name":"Brit Care Cat Grain Free Kitten 7 kg"}]},{"@type":"WebSite","@id":"https:\/\/zoo-land.az\/#website","url":"https:\/\/zoo-land.az\/","name":"Zooland.az","description":"Xo\u015fb\u0259xt ev heyvanlar\u0131n\u0131n \u00fcnvan\u0131 Zooland.az","publisher":{"@id":"https:\/\/zoo-land.az\/#organization"},"potentialAction":[{"@type":"SearchAction","target":{"@type":"EntryPoint","urlTemplate":"https:\/\/zoo-land.az\/?s={search_term_string}"},"query-input":{"@type":"PropertyValueSpecification","valueRequired":true,"valueName":"search_term_string"}}],"inLanguage":"ru-RU"},{"@type":"Organization","@id":"https:\/\/zoo-land.az\/#organization","name":"Zooland.az","url":"https:\/\/zoo-land.az\/","logo":{"@type":"ImageObject","inLanguage":"ru-RU","@id":"https:\/\/zoo-land.az\/#\/schema\/logo\/image\/","url":"https:\/\/zoo-land.az\/wp-content\/uploads\/2022\/05\/logo.svg","contentUrl":"https:\/\/zoo-land.az\/wp-content\/uploads\/2022\/05\/logo.svg","width":113,"height":46,"caption":"Zooland.az"},"image":{"@id":"https:\/\/zoo-land.az\/#\/schema\/logo\/image\/"}}]}},"_links":{"self":[{"href":"https:\/\/zoo-land.az\/ru\/wp-json\/wp\/v2\/product\/22801","targetHints":{"allow":["GET"]}}],"collection":[{"href":"https:\/\/zoo-land.az\/ru\/wp-json\/wp\/v2\/product"}],"about":[{"href":"https:\/\/zoo-land.az\/ru\/wp-json\/wp\/v2\/types\/product"}],"wp:featuredmedia":[{"embeddable":true,"href":"https:\/\/zoo-land.az\/ru\/wp-json\/wp\/v2\/media\/22781"}],"wp:attachment":[{"href":"https:\/\/zoo-land.az\/ru\/wp-json\/wp\/v2\/media?parent=22801"}],"wp:term":[{"taxonomy":"product_cat","embeddable":true,"href":"https:\/\/zoo-land.az\/ru\/wp-json\/wp\/v2\/product_cat?post=22801"},{"taxonomy":"product_tag","embeddable":true,"href":"https:\/\/zoo-land.az\/ru\/wp-json\/wp\/v2\/product_tag?post=22801"}],"curies":[{"name":"wp","href":"https:\/\/api.w.org\/{rel}","templated":true}]}}