{"id":22807,"date":"2024-06-06T12:24:14","date_gmt":"2024-06-06T12:24:14","guid":{"rendered":"https:\/\/lightsteelblue-zebra-299715.hostingersite.com\/?post_type=product&#038;p=22807"},"modified":"2024-06-06T12:24:15","modified_gmt":"2024-06-06T12:24:15","slug":"brit-care-mini-grain-free-hair-skin-7-kg-2","status":"publish","type":"product","link":"https:\/\/zoo-land.az\/ru\/shop\/dog\/dog-food\/brit-care-mini-grain-free-hair-skin-7-kg-2\/","title":{"rendered":"Brit Care Mini \u0431\u0435\u0437\u0437\u0435\u0440\u043d\u043e\u0432\u0430\u044f \u043a\u043e\u0436\u0430 \u0434\u043b\u044f \u0432\u043e\u043b\u043e\u0441 7 \u043a\u0433"},"content":{"rendered":"<div class=\"flex flex-grow flex-col max-w-full\">\n<div class=\"min-h-[20px] text-message flex flex-col items-start whitespace-pre-wrap break-words [.text-message+&amp;]:mt-5 juice:w-full juice:items-end overflow-x-auto gap-2\" dir=\"auto\" data-message-author-role=\"assistant\" data-message-id=\"b229d023-c626-41f1-a5f0-a3b1b76a3fd4\">\n<div class=\"flex w-full flex-col gap-1 juice:empty:hidden juice:first:pt-[3px]\">\n<div class=\"markdown prose w-full break-words dark:prose-invert dark\">\n<p><strong>Brit Care Mini Grain Free Hair &amp; Skin Salmon<\/strong><\/p>\n<p>Ideal for small breed dogs for spectacular hair and skin care<\/p>\n<p>Small breeds have special nutritional requirements. Due to their small size, they are exposed to higher concentrations of dust and other harmful substances. This leads to increased stress levels and puts extreme pressure on the body&#8217;s external and internal protective barriers: hair, skin, mucous membranes, and cellular immunity.<\/p>\n<p>Formulated to meet the needs of small breeds. It is grain-free and has a high meat content, with functional substances. These substances benefit the immune system, physical condition, heart, hair, skin, teeth, and skeleton of mini dogs.<\/p>\n<p>It also contains vegetables, fruits, and natural herbs to balance the overall nutritional profile.<\/p>\n<\/div>\n<\/div>\n<\/div>\n<\/div>","protected":false},"excerpt":{"rendered":"<div class=\"flex flex-grow flex-col max-w-full\">\n<div class=\"min-h-[20px] text-message flex flex-col items-start whitespace-pre-wrap break-words [.text-message+&amp;]:mt-5 juice:w-full juice:items-end overflow-x-auto gap-2\" dir=\"auto\" data-message-author-role=\"assistant\" data-message-id=\"b229d023-c626-41f1-a5f0-a3b1b76a3fd4\">\n<div class=\"flex w-full flex-col gap-1 juice:empty:hidden juice:first:pt-[3px]\">\n<div class=\"markdown prose w-full break-words dark:prose-invert dark\">\n<p><strong>Brit Care Mini Grain Free Hair &amp; Skin Salmon<\/strong><\/p>\n<p>Ideal for small breed dogs for spectacular hair and skin care<\/p>\n<p>Small breeds have special nutritional requirements. Due to their small size, they are exposed to higher concentrations of dust and other harmful substances. This leads to increased stress levels and puts extreme pressure on the body&#8217;s external and internal protective barriers: hair, skin, mucous membranes, and cellular immunity.<\/p>\n<p>Formulated to meet the needs of small breeds. It is grain-free and has a high meat content, with functional substances. These substances benefit the immune system, physical condition, heart, hair, skin, teeth, and skeleton of mini dogs.<\/p>\n<p>It also contains vegetables, fruits, and natural herbs to balance the overall nutritional profile.<\/p>\n<\/div>\n<\/div>\n<\/div>\n<\/div>","protected":false},"featured_media":22754,"template":"","meta":{"inline_featured_image":false,"_joinchat":[]},"product_cat":[132,107],"product_tag":[],"class_list":{"0":"post-22807","1":"product","2":"type-product","3":"status-publish","4":"has-post-thumbnail","6":"product_brand-brit","7":"product_cat-dog-food","8":"product_cat-dog","10":"first","11":"instock","12":"shipping-taxable","13":"purchasable","14":"product-type-simple"},"yoast_head":"<!-- This site is optimized with the Yoast SEO plugin v26.7 - https:\/\/yoast.com\/wordpress\/plugins\/seo\/ -->\n<title>Brit Care Mini grain Free Hair Skin 7 kg - Zooland.az<\/title>\n<meta name=\"robots\" content=\"index, follow, max-snippet:-1, max-image-preview:large, max-video-preview:-1\" \/>\n<link rel=\"canonical\" href=\"https:\/\/zoo-land.az\/ru\/shop\/dog\/dog-food\/brit-care-mini-grain-free-hair-skin-7-kg-2\/\" \/>\n<meta property=\"og:locale\" content=\"ru_RU\" \/>\n<meta property=\"og:type\" content=\"article\" \/>\n<meta property=\"og:title\" content=\"Brit Care Mini grain Free Hair Skin 7 kg - Zooland.az\" \/>\n<meta property=\"og:description\" content=\"Brit Care Mini Grain Free Hair &amp; Skin Salmon  Ideal for small breed dogs for spectacular hair and skin care  Small breeds have special nutritional requirements. Due to their small size, they are exposed to higher concentrations of dust and other harmful substances. This leads to increased stress levels and puts extreme pressure on the body&#039;s external and internal protective barriers: hair, skin, mucous membranes, and cellular immunity.  Formulated to meet the needs of small breeds. It is grain-free and has a high meat content, with functional substances. These substances benefit the immune system, physical condition, heart, hair, skin, teeth, and skeleton of mini dogs.  It also contains vegetables, fruits, and natural herbs to balance the overall nutritional profile.\" \/>\n<meta property=\"og:url\" content=\"https:\/\/zoo-land.az\/ru\/shop\/dog\/dog-food\/brit-care-mini-grain-free-hair-skin-7-kg-2\/\" \/>\n<meta property=\"og:site_name\" content=\"Zooland.az\" \/>\n<meta property=\"article:modified_time\" content=\"2024-06-06T12:24:15+00:00\" \/>\n<meta property=\"og:image\" content=\"https:\/\/zoo-land.az\/wp-content\/uploads\/2024\/06\/14523_3193-thickbox-default.webp\" \/>\n\t<meta property=\"og:image:width\" content=\"1024\" \/>\n\t<meta property=\"og:image:height\" content=\"768\" \/>\n\t<meta property=\"og:image:type\" content=\"image\/webp\" \/>\n<meta name=\"twitter:card\" content=\"summary_large_image\" \/>\n<meta name=\"twitter:label1\" content=\"\u041f\u0440\u0438\u043c\u0435\u0440\u043d\u043e\u0435 \u0432\u0440\u0435\u043c\u044f \u0434\u043b\u044f \u0447\u0442\u0435\u043d\u0438\u044f\" \/>\n\t<meta name=\"twitter:data1\" content=\"1 \u043c\u0438\u043d\u0443\u0442\u0430\" \/>\n<script type=\"application\/ld+json\" class=\"yoast-schema-graph\">{\"@context\":\"https:\/\/schema.org\",\"@graph\":[{\"@type\":\"WebPage\",\"@id\":\"https:\/\/zoo-land.az\/shop\/dog\/dog-food\/brit-care-mini-grain-free-hair-skin-7-kg-2\/\",\"url\":\"https:\/\/zoo-land.az\/shop\/dog\/dog-food\/brit-care-mini-grain-free-hair-skin-7-kg-2\/\",\"name\":\"Brit Care Mini grain Free Hair Skin 7 kg - Zooland.az\",\"isPartOf\":{\"@id\":\"https:\/\/zoo-land.az\/#website\"},\"primaryImageOfPage\":{\"@id\":\"https:\/\/zoo-land.az\/shop\/dog\/dog-food\/brit-care-mini-grain-free-hair-skin-7-kg-2\/#primaryimage\"},\"image\":{\"@id\":\"https:\/\/zoo-land.az\/shop\/dog\/dog-food\/brit-care-mini-grain-free-hair-skin-7-kg-2\/#primaryimage\"},\"thumbnailUrl\":\"https:\/\/zoo-land.az\/wp-content\/uploads\/2024\/06\/14523_3193-thickbox-default.webp\",\"datePublished\":\"2024-06-06T12:24:14+00:00\",\"dateModified\":\"2024-06-06T12:24:15+00:00\",\"breadcrumb\":{\"@id\":\"https:\/\/zoo-land.az\/shop\/dog\/dog-food\/brit-care-mini-grain-free-hair-skin-7-kg-2\/#breadcrumb\"},\"inLanguage\":\"ru-RU\",\"potentialAction\":[{\"@type\":\"ReadAction\",\"target\":[\"https:\/\/zoo-land.az\/shop\/dog\/dog-food\/brit-care-mini-grain-free-hair-skin-7-kg-2\/\"]}]},{\"@type\":\"ImageObject\",\"inLanguage\":\"ru-RU\",\"@id\":\"https:\/\/zoo-land.az\/shop\/dog\/dog-food\/brit-care-mini-grain-free-hair-skin-7-kg-2\/#primaryimage\",\"url\":\"https:\/\/zoo-land.az\/wp-content\/uploads\/2024\/06\/14523_3193-thickbox-default.webp\",\"contentUrl\":\"https:\/\/zoo-land.az\/wp-content\/uploads\/2024\/06\/14523_3193-thickbox-default.webp\",\"width\":1024,\"height\":768},{\"@type\":\"BreadcrumbList\",\"@id\":\"https:\/\/zoo-land.az\/shop\/dog\/dog-food\/brit-care-mini-grain-free-hair-skin-7-kg-2\/#breadcrumb\",\"itemListElement\":[{\"@type\":\"ListItem\",\"position\":1,\"name\":\"Home\",\"item\":\"https:\/\/zoo-land.az\/ru\/\"},{\"@type\":\"ListItem\",\"position\":2,\"name\":\"Shop\",\"item\":\"https:\/\/zoo-land.az\/ru\/\"},{\"@type\":\"ListItem\",\"position\":3,\"name\":\"Brit Care Mini grain Free Hair Skin 7 kg\"}]},{\"@type\":\"WebSite\",\"@id\":\"https:\/\/zoo-land.az\/#website\",\"url\":\"https:\/\/zoo-land.az\/\",\"name\":\"Zooland.az\",\"description\":\"Xo\u015fb\u0259xt ev heyvanlar\u0131n\u0131n \u00fcnvan\u0131 Zooland.az\",\"publisher\":{\"@id\":\"https:\/\/zoo-land.az\/#organization\"},\"potentialAction\":[{\"@type\":\"SearchAction\",\"target\":{\"@type\":\"EntryPoint\",\"urlTemplate\":\"https:\/\/zoo-land.az\/?s={search_term_string}\"},\"query-input\":{\"@type\":\"PropertyValueSpecification\",\"valueRequired\":true,\"valueName\":\"search_term_string\"}}],\"inLanguage\":\"ru-RU\"},{\"@type\":\"Organization\",\"@id\":\"https:\/\/zoo-land.az\/#organization\",\"name\":\"Zooland.az\",\"url\":\"https:\/\/zoo-land.az\/\",\"logo\":{\"@type\":\"ImageObject\",\"inLanguage\":\"ru-RU\",\"@id\":\"https:\/\/zoo-land.az\/#\/schema\/logo\/image\/\",\"url\":\"https:\/\/zoo-land.az\/wp-content\/uploads\/2022\/05\/logo.svg\",\"contentUrl\":\"https:\/\/zoo-land.az\/wp-content\/uploads\/2022\/05\/logo.svg\",\"width\":113,\"height\":46,\"caption\":\"Zooland.az\"},\"image\":{\"@id\":\"https:\/\/zoo-land.az\/#\/schema\/logo\/image\/\"}}]}<\/script>\n<!-- \/ Yoast SEO plugin. -->","yoast_head_json":{"title":"Brit Care Mini grain Free Hair Skin 7 kg - Zooland.az","robots":{"index":"index","follow":"follow","max-snippet":"max-snippet:-1","max-image-preview":"max-image-preview:large","max-video-preview":"max-video-preview:-1"},"canonical":"https:\/\/zoo-land.az\/ru\/shop\/dog\/dog-food\/brit-care-mini-grain-free-hair-skin-7-kg-2\/","og_locale":"ru_RU","og_type":"article","og_title":"Brit Care Mini grain Free Hair Skin 7 kg - Zooland.az","og_description":"Brit Care Mini Grain Free Hair &amp; Skin Salmon  Ideal for small breed dogs for spectacular hair and skin care  Small breeds have special nutritional requirements. Due to their small size, they are exposed to higher concentrations of dust and other harmful substances. This leads to increased stress levels and puts extreme pressure on the body's external and internal protective barriers: hair, skin, mucous membranes, and cellular immunity.  Formulated to meet the needs of small breeds. It is grain-free and has a high meat content, with functional substances. These substances benefit the immune system, physical condition, heart, hair, skin, teeth, and skeleton of mini dogs.  It also contains vegetables, fruits, and natural herbs to balance the overall nutritional profile.","og_url":"https:\/\/zoo-land.az\/ru\/shop\/dog\/dog-food\/brit-care-mini-grain-free-hair-skin-7-kg-2\/","og_site_name":"Zooland.az","article_modified_time":"2024-06-06T12:24:15+00:00","og_image":[{"width":1024,"height":768,"url":"https:\/\/zoo-land.az\/wp-content\/uploads\/2024\/06\/14523_3193-thickbox-default.webp","type":"image\/webp"}],"twitter_card":"summary_large_image","twitter_misc":{"\u041f\u0440\u0438\u043c\u0435\u0440\u043d\u043e\u0435 \u0432\u0440\u0435\u043c\u044f \u0434\u043b\u044f \u0447\u0442\u0435\u043d\u0438\u044f":"1 \u043c\u0438\u043d\u0443\u0442\u0430"},"schema":{"@context":"https:\/\/schema.org","@graph":[{"@type":"WebPage","@id":"https:\/\/zoo-land.az\/shop\/dog\/dog-food\/brit-care-mini-grain-free-hair-skin-7-kg-2\/","url":"https:\/\/zoo-land.az\/shop\/dog\/dog-food\/brit-care-mini-grain-free-hair-skin-7-kg-2\/","name":"Brit Care Mini grain Free Hair Skin 7 kg - Zooland.az","isPartOf":{"@id":"https:\/\/zoo-land.az\/#website"},"primaryImageOfPage":{"@id":"https:\/\/zoo-land.az\/shop\/dog\/dog-food\/brit-care-mini-grain-free-hair-skin-7-kg-2\/#primaryimage"},"image":{"@id":"https:\/\/zoo-land.az\/shop\/dog\/dog-food\/brit-care-mini-grain-free-hair-skin-7-kg-2\/#primaryimage"},"thumbnailUrl":"https:\/\/zoo-land.az\/wp-content\/uploads\/2024\/06\/14523_3193-thickbox-default.webp","datePublished":"2024-06-06T12:24:14+00:00","dateModified":"2024-06-06T12:24:15+00:00","breadcrumb":{"@id":"https:\/\/zoo-land.az\/shop\/dog\/dog-food\/brit-care-mini-grain-free-hair-skin-7-kg-2\/#breadcrumb"},"inLanguage":"ru-RU","potentialAction":[{"@type":"ReadAction","target":["https:\/\/zoo-land.az\/shop\/dog\/dog-food\/brit-care-mini-grain-free-hair-skin-7-kg-2\/"]}]},{"@type":"ImageObject","inLanguage":"ru-RU","@id":"https:\/\/zoo-land.az\/shop\/dog\/dog-food\/brit-care-mini-grain-free-hair-skin-7-kg-2\/#primaryimage","url":"https:\/\/zoo-land.az\/wp-content\/uploads\/2024\/06\/14523_3193-thickbox-default.webp","contentUrl":"https:\/\/zoo-land.az\/wp-content\/uploads\/2024\/06\/14523_3193-thickbox-default.webp","width":1024,"height":768},{"@type":"BreadcrumbList","@id":"https:\/\/zoo-land.az\/shop\/dog\/dog-food\/brit-care-mini-grain-free-hair-skin-7-kg-2\/#breadcrumb","itemListElement":[{"@type":"ListItem","position":1,"name":"Home","item":"https:\/\/zoo-land.az\/ru\/"},{"@type":"ListItem","position":2,"name":"Shop","item":"https:\/\/zoo-land.az\/ru\/"},{"@type":"ListItem","position":3,"name":"Brit Care Mini grain Free Hair Skin 7 kg"}]},{"@type":"WebSite","@id":"https:\/\/zoo-land.az\/#website","url":"https:\/\/zoo-land.az\/","name":"Zooland.az","description":"Xo\u015fb\u0259xt ev heyvanlar\u0131n\u0131n \u00fcnvan\u0131 Zooland.az","publisher":{"@id":"https:\/\/zoo-land.az\/#organization"},"potentialAction":[{"@type":"SearchAction","target":{"@type":"EntryPoint","urlTemplate":"https:\/\/zoo-land.az\/?s={search_term_string}"},"query-input":{"@type":"PropertyValueSpecification","valueRequired":true,"valueName":"search_term_string"}}],"inLanguage":"ru-RU"},{"@type":"Organization","@id":"https:\/\/zoo-land.az\/#organization","name":"Zooland.az","url":"https:\/\/zoo-land.az\/","logo":{"@type":"ImageObject","inLanguage":"ru-RU","@id":"https:\/\/zoo-land.az\/#\/schema\/logo\/image\/","url":"https:\/\/zoo-land.az\/wp-content\/uploads\/2022\/05\/logo.svg","contentUrl":"https:\/\/zoo-land.az\/wp-content\/uploads\/2022\/05\/logo.svg","width":113,"height":46,"caption":"Zooland.az"},"image":{"@id":"https:\/\/zoo-land.az\/#\/schema\/logo\/image\/"}}]}},"_links":{"self":[{"href":"https:\/\/zoo-land.az\/ru\/wp-json\/wp\/v2\/product\/22807","targetHints":{"allow":["GET"]}}],"collection":[{"href":"https:\/\/zoo-land.az\/ru\/wp-json\/wp\/v2\/product"}],"about":[{"href":"https:\/\/zoo-land.az\/ru\/wp-json\/wp\/v2\/types\/product"}],"wp:featuredmedia":[{"embeddable":true,"href":"https:\/\/zoo-land.az\/ru\/wp-json\/wp\/v2\/media\/22754"}],"wp:attachment":[{"href":"https:\/\/zoo-land.az\/ru\/wp-json\/wp\/v2\/media?parent=22807"}],"wp:term":[{"taxonomy":"product_cat","embeddable":true,"href":"https:\/\/zoo-land.az\/ru\/wp-json\/wp\/v2\/product_cat?post=22807"},{"taxonomy":"product_tag","embeddable":true,"href":"https:\/\/zoo-land.az\/ru\/wp-json\/wp\/v2\/product_tag?post=22807"}],"curies":[{"name":"wp","href":"https:\/\/api.w.org\/{rel}","templated":true}]}}