{"id":22810,"date":"2024-06-06T12:34:50","date_gmt":"2024-06-06T12:34:50","guid":{"rendered":"https:\/\/lightsteelblue-zebra-299715.hostingersite.com\/?post_type=product&#038;p=22810"},"modified":"2024-06-06T12:34:50","modified_gmt":"2024-06-06T12:34:50","slug":"brit-care-mini-grain-free-adult-lamb-7-kg","status":"publish","type":"product","link":"https:\/\/zoo-land.az\/ru\/shop\/dog\/dog-food\/brit-care-mini-grain-free-adult-lamb-7-kg\/","title":{"rendered":"Brit Care Mini Grain Free Adult Lamb 7 \u043a\u0433"},"content":{"rendered":"<p style=\"font-weight: 400;\"><b><strong>\u0421\u043e\u0441\u0442\u0430\u0432:<\/strong><\/b><\/p>\n<p style=\"font-weight: 400;\">lamb meat meal (30%), fresh lamb protein (15%), yellow pea, chicken fat (preserved with tocopherols), chickpeas, buckwheat, dried apples, linseed (3%), salmon oil (2%), brewer\u2019s yeast, algae (0.5%, Ascophyllum nodosum), hydrolyzed crustacean shells (a source of glucosamine, 260 mg\/kg), blueberries (230 mg\/kg, source of polyphenols 70 mg\/kg &amp; flavonoids 30 mg\/kg), cartilage extract (a source of chondroitin, 160 mg\/kg), mannan-oligosaccharides (150 mg\/kg), herbs &amp; fruits (rosemary, cloves, citrus, curcuma, 150 mg\/kg), fructo-oligosaccharides (100 mg\/kg), yucca schidigera (100 mg\/kg), inulin (90 mg\/kg), milk thistle (75 mg\/kg), sea buckthorn (75 mg\/kg), chamomile (30 mg\/kg), cloves (30 mg\/kg), sage (25 mg\/kg)<\/p>\n<p style=\"font-weight: 400;\"><b><strong>\u0410\u043d\u0430\u043b\u0438\u0442\u0438\u0447\u0435\u0441\u043a\u0438\u0435 \u0438\u043d\u0433\u0440\u0435\u0434\u0438\u0435\u043d\u0442\u044b:<\/strong><\/b><\/p>\n<p style=\"font-weight: 400;\">\u00a0crude protein 29.0 % fat content 18.0 %\u00a0 moisture 10.0 % crude ash 8.4 % crude fibre 2.5 % calcium 1.6 % phosphorus 1.3 % omega-3 fatty acids 1.1 % omega-6 fatty acids 2.3 %<\/p>\n<p style=\"font-weight: 400;\"><b><strong>\u041f\u0438\u0449\u0435\u0432\u043e\u0439 \u0441\u043e\u0441\u0442\u0430\u0432:<\/strong><\/b><\/p>\n<p style=\"font-weight: 400;\">\u00a0vitamin A (3a672a) 20,000 IU vitamin D3 (E671) 1,500 IU vitamin E (\u03b1-tocopherol) (3a700) 500 mg vitamin C (3a312) 300 mg choline chloride (3a890) 700\u00a0 mg taurine (3a370) 200 mg biotin (3a880) 3 mg vitamin B1 (3a821) 1 mg vitamin B2 4 mg niacinamide (3a315) 12 mg calcium-D-panthothenate (3a841) 10 mg vitamin B6 (3a831) 1 mg folic acid (3a316) 0.5 mg vitamin B12 0.04 mg zinc (3b606) 100 mg iron (E1) 80 mg manganese (E5) 40 mg iodine (3b201) 0.75 mg copper (E4) 15 mg selenium (3b8.10) 0.2 mg<\/p>\n<p style=\"font-weight: 400;\"><b><strong>\u041c\u0435\u0442\u0430\u0431\u043e\u043b\u0438\u0437\u0438\u0440\u0443\u0435\u043c\u0430\u044f \u044d\u043d\u0435\u0440\u0433\u0438\u044f:<\/strong><\/b><\/p>\n<p style=\"font-weight: 400;\">3,880 kcal\/kg<\/p>","protected":false},"excerpt":{"rendered":"<p style=\"font-weight: 400;\"><b><strong>\u0421\u043e\u0441\u0442\u0430\u0432:<\/strong><\/b><\/p>\n<p style=\"font-weight: 400;\">lamb meat meal (30%), fresh lamb protein (15%), yellow pea, chicken fat (preserved with tocopherols), chickpeas, buckwheat, dried apples, linseed (3%), salmon oil (2%), brewer\u2019s yeast, algae (0.5%, Ascophyllum nodosum), hydrolyzed crustacean shells (a source of glucosamine, 260 mg\/kg), blueberries (230 mg\/kg, source of polyphenols 70 mg\/kg &amp; flavonoids 30 mg\/kg), cartilage extract (a source of chondroitin, 160 mg\/kg), mannan-oligosaccharides (150 mg\/kg), herbs &amp; fruits (rosemary, cloves, citrus, curcuma, 150 mg\/kg), fructo-oligosaccharides (100 mg\/kg), yucca schidigera (100 mg\/kg), inulin (90 mg\/kg), milk thistle (75 mg\/kg), sea buckthorn (75 mg\/kg), chamomile (30 mg\/kg), cloves (30 mg\/kg), sage (25 mg\/kg)<\/p>","protected":false},"featured_media":22762,"template":"","meta":{"inline_featured_image":false,"_joinchat":[]},"product_cat":[132,107],"product_tag":[],"class_list":{"0":"post-22810","1":"product","2":"type-product","3":"status-publish","4":"has-post-thumbnail","6":"product_brand-brit","7":"product_cat-dog-food","8":"product_cat-dog","10":"first","11":"instock","12":"shipping-taxable","13":"purchasable","14":"product-type-simple"},"yoast_head":"<!-- This site is optimized with the Yoast SEO plugin v26.7 - https:\/\/yoast.com\/wordpress\/plugins\/seo\/ -->\n<title>Brit Care Mini grain Free adult Lamb 7 kg - Zooland.az<\/title>\n<meta name=\"robots\" content=\"index, follow, max-snippet:-1, max-image-preview:large, max-video-preview:-1\" \/>\n<link rel=\"canonical\" href=\"https:\/\/zoo-land.az\/ru\/shop\/dog\/dog-food\/brit-care-mini-grain-free-adult-lamb-7-kg\/\" \/>\n<meta property=\"og:locale\" content=\"ru_RU\" \/>\n<meta property=\"og:type\" content=\"article\" \/>\n<meta property=\"og:title\" content=\"Brit Care Mini grain Free adult Lamb 7 kg - Zooland.az\" \/>\n<meta property=\"og:description\" content=\"Composition: lamb meat meal (30%), fresh lamb protein (15%), yellow pea, chicken fat (preserved with tocopherols), chickpeas, buckwheat, dried apples, linseed (3%), salmon oil (2%), brewer\u2019s yeast, algae (0.5%, Ascophyllum nodosum), hydrolyzed crustacean shells (a source of glucosamine, 260 mg\/kg), blueberries (230 mg\/kg, source of polyphenols 70 mg\/kg &amp; flavonoids 30 mg\/kg), cartilage extract (a source of chondroitin, 160 mg\/kg), mannan-oligosaccharides (150 mg\/kg), herbs &amp; fruits (rosemary, cloves, citrus, curcuma, 150 mg\/kg), fructo-oligosaccharides (100 mg\/kg), yucca schidigera (100 mg\/kg), inulin (90 mg\/kg), milk thistle (75 mg\/kg), sea buckthorn (75 mg\/kg), chamomile (30 mg\/kg), cloves (30 mg\/kg), sage (25 mg\/kg)\" \/>\n<meta property=\"og:url\" content=\"https:\/\/zoo-land.az\/ru\/shop\/dog\/dog-food\/brit-care-mini-grain-free-adult-lamb-7-kg\/\" \/>\n<meta property=\"og:site_name\" content=\"Zooland.az\" \/>\n<meta property=\"og:image\" content=\"https:\/\/zoo-land.az\/wp-content\/uploads\/2024\/06\/15a42e05096b3c52b8ff5511b39e7df8.webp\" \/>\n\t<meta property=\"og:image:width\" content=\"1000\" \/>\n\t<meta property=\"og:image:height\" content=\"1000\" \/>\n\t<meta property=\"og:image:type\" content=\"image\/webp\" \/>\n<meta name=\"twitter:card\" content=\"summary_large_image\" \/>\n<meta name=\"twitter:label1\" content=\"\u041f\u0440\u0438\u043c\u0435\u0440\u043d\u043e\u0435 \u0432\u0440\u0435\u043c\u044f \u0434\u043b\u044f \u0447\u0442\u0435\u043d\u0438\u044f\" \/>\n\t<meta name=\"twitter:data1\" content=\"1 \u043c\u0438\u043d\u0443\u0442\u0430\" \/>\n<script type=\"application\/ld+json\" class=\"yoast-schema-graph\">{\"@context\":\"https:\/\/schema.org\",\"@graph\":[{\"@type\":\"WebPage\",\"@id\":\"https:\/\/zoo-land.az\/ru\/shop\/dog\/dog-food\/brit-care-mini-grain-free-adult-lamb-7-kg\/\",\"url\":\"https:\/\/zoo-land.az\/ru\/shop\/dog\/dog-food\/brit-care-mini-grain-free-adult-lamb-7-kg\/\",\"name\":\"Brit Care Mini grain Free adult Lamb 7 kg - Zooland.az\",\"isPartOf\":{\"@id\":\"https:\/\/zoo-land.az\/#website\"},\"primaryImageOfPage\":{\"@id\":\"https:\/\/zoo-land.az\/ru\/shop\/dog\/dog-food\/brit-care-mini-grain-free-adult-lamb-7-kg\/#primaryimage\"},\"image\":{\"@id\":\"https:\/\/zoo-land.az\/ru\/shop\/dog\/dog-food\/brit-care-mini-grain-free-adult-lamb-7-kg\/#primaryimage\"},\"thumbnailUrl\":\"https:\/\/zoo-land.az\/wp-content\/uploads\/2024\/06\/15a42e05096b3c52b8ff5511b39e7df8.webp\",\"datePublished\":\"2024-06-06T12:34:50+00:00\",\"breadcrumb\":{\"@id\":\"https:\/\/zoo-land.az\/ru\/shop\/dog\/dog-food\/brit-care-mini-grain-free-adult-lamb-7-kg\/#breadcrumb\"},\"inLanguage\":\"ru-RU\",\"potentialAction\":[{\"@type\":\"ReadAction\",\"target\":[\"https:\/\/zoo-land.az\/ru\/shop\/dog\/dog-food\/brit-care-mini-grain-free-adult-lamb-7-kg\/\"]}]},{\"@type\":\"ImageObject\",\"inLanguage\":\"ru-RU\",\"@id\":\"https:\/\/zoo-land.az\/ru\/shop\/dog\/dog-food\/brit-care-mini-grain-free-adult-lamb-7-kg\/#primaryimage\",\"url\":\"https:\/\/zoo-land.az\/wp-content\/uploads\/2024\/06\/15a42e05096b3c52b8ff5511b39e7df8.webp\",\"contentUrl\":\"https:\/\/zoo-land.az\/wp-content\/uploads\/2024\/06\/15a42e05096b3c52b8ff5511b39e7df8.webp\",\"width\":1000,\"height\":1000},{\"@type\":\"BreadcrumbList\",\"@id\":\"https:\/\/zoo-land.az\/ru\/shop\/dog\/dog-food\/brit-care-mini-grain-free-adult-lamb-7-kg\/#breadcrumb\",\"itemListElement\":[{\"@type\":\"ListItem\",\"position\":1,\"name\":\"Home\",\"item\":\"https:\/\/zoo-land.az\/ru\/\"},{\"@type\":\"ListItem\",\"position\":2,\"name\":\"Shop\",\"item\":\"https:\/\/zoo-land.az\/ru\/\"},{\"@type\":\"ListItem\",\"position\":3,\"name\":\"Brit Care Mini grain Free adult Lamb 7 kg\"}]},{\"@type\":\"WebSite\",\"@id\":\"https:\/\/zoo-land.az\/#website\",\"url\":\"https:\/\/zoo-land.az\/\",\"name\":\"Zooland.az\",\"description\":\"Xo\u015fb\u0259xt ev heyvanlar\u0131n\u0131n \u00fcnvan\u0131 Zooland.az\",\"publisher\":{\"@id\":\"https:\/\/zoo-land.az\/#organization\"},\"potentialAction\":[{\"@type\":\"SearchAction\",\"target\":{\"@type\":\"EntryPoint\",\"urlTemplate\":\"https:\/\/zoo-land.az\/?s={search_term_string}\"},\"query-input\":{\"@type\":\"PropertyValueSpecification\",\"valueRequired\":true,\"valueName\":\"search_term_string\"}}],\"inLanguage\":\"ru-RU\"},{\"@type\":\"Organization\",\"@id\":\"https:\/\/zoo-land.az\/#organization\",\"name\":\"Zooland.az\",\"url\":\"https:\/\/zoo-land.az\/\",\"logo\":{\"@type\":\"ImageObject\",\"inLanguage\":\"ru-RU\",\"@id\":\"https:\/\/zoo-land.az\/#\/schema\/logo\/image\/\",\"url\":\"https:\/\/zoo-land.az\/wp-content\/uploads\/2022\/05\/logo.svg\",\"contentUrl\":\"https:\/\/zoo-land.az\/wp-content\/uploads\/2022\/05\/logo.svg\",\"width\":113,\"height\":46,\"caption\":\"Zooland.az\"},\"image\":{\"@id\":\"https:\/\/zoo-land.az\/#\/schema\/logo\/image\/\"}}]}<\/script>\n<!-- \/ Yoast SEO plugin. -->","yoast_head_json":{"title":"Brit Care Mini grain Free adult Lamb 7 kg - Zooland.az","robots":{"index":"index","follow":"follow","max-snippet":"max-snippet:-1","max-image-preview":"max-image-preview:large","max-video-preview":"max-video-preview:-1"},"canonical":"https:\/\/zoo-land.az\/ru\/shop\/dog\/dog-food\/brit-care-mini-grain-free-adult-lamb-7-kg\/","og_locale":"ru_RU","og_type":"article","og_title":"Brit Care Mini grain Free adult Lamb 7 kg - Zooland.az","og_description":"Composition: lamb meat meal (30%), fresh lamb protein (15%), yellow pea, chicken fat (preserved with tocopherols), chickpeas, buckwheat, dried apples, linseed (3%), salmon oil (2%), brewer\u2019s yeast, algae (0.5%, Ascophyllum nodosum), hydrolyzed crustacean shells (a source of glucosamine, 260 mg\/kg), blueberries (230 mg\/kg, source of polyphenols 70 mg\/kg &amp; flavonoids 30 mg\/kg), cartilage extract (a source of chondroitin, 160 mg\/kg), mannan-oligosaccharides (150 mg\/kg), herbs &amp; fruits (rosemary, cloves, citrus, curcuma, 150 mg\/kg), fructo-oligosaccharides (100 mg\/kg), yucca schidigera (100 mg\/kg), inulin (90 mg\/kg), milk thistle (75 mg\/kg), sea buckthorn (75 mg\/kg), chamomile (30 mg\/kg), cloves (30 mg\/kg), sage (25 mg\/kg)","og_url":"https:\/\/zoo-land.az\/ru\/shop\/dog\/dog-food\/brit-care-mini-grain-free-adult-lamb-7-kg\/","og_site_name":"Zooland.az","og_image":[{"width":1000,"height":1000,"url":"https:\/\/zoo-land.az\/wp-content\/uploads\/2024\/06\/15a42e05096b3c52b8ff5511b39e7df8.webp","type":"image\/webp"}],"twitter_card":"summary_large_image","twitter_misc":{"\u041f\u0440\u0438\u043c\u0435\u0440\u043d\u043e\u0435 \u0432\u0440\u0435\u043c\u044f \u0434\u043b\u044f \u0447\u0442\u0435\u043d\u0438\u044f":"1 \u043c\u0438\u043d\u0443\u0442\u0430"},"schema":{"@context":"https:\/\/schema.org","@graph":[{"@type":"WebPage","@id":"https:\/\/zoo-land.az\/ru\/shop\/dog\/dog-food\/brit-care-mini-grain-free-adult-lamb-7-kg\/","url":"https:\/\/zoo-land.az\/ru\/shop\/dog\/dog-food\/brit-care-mini-grain-free-adult-lamb-7-kg\/","name":"Brit Care Mini grain Free adult Lamb 7 kg - Zooland.az","isPartOf":{"@id":"https:\/\/zoo-land.az\/#website"},"primaryImageOfPage":{"@id":"https:\/\/zoo-land.az\/ru\/shop\/dog\/dog-food\/brit-care-mini-grain-free-adult-lamb-7-kg\/#primaryimage"},"image":{"@id":"https:\/\/zoo-land.az\/ru\/shop\/dog\/dog-food\/brit-care-mini-grain-free-adult-lamb-7-kg\/#primaryimage"},"thumbnailUrl":"https:\/\/zoo-land.az\/wp-content\/uploads\/2024\/06\/15a42e05096b3c52b8ff5511b39e7df8.webp","datePublished":"2024-06-06T12:34:50+00:00","breadcrumb":{"@id":"https:\/\/zoo-land.az\/ru\/shop\/dog\/dog-food\/brit-care-mini-grain-free-adult-lamb-7-kg\/#breadcrumb"},"inLanguage":"ru-RU","potentialAction":[{"@type":"ReadAction","target":["https:\/\/zoo-land.az\/ru\/shop\/dog\/dog-food\/brit-care-mini-grain-free-adult-lamb-7-kg\/"]}]},{"@type":"ImageObject","inLanguage":"ru-RU","@id":"https:\/\/zoo-land.az\/ru\/shop\/dog\/dog-food\/brit-care-mini-grain-free-adult-lamb-7-kg\/#primaryimage","url":"https:\/\/zoo-land.az\/wp-content\/uploads\/2024\/06\/15a42e05096b3c52b8ff5511b39e7df8.webp","contentUrl":"https:\/\/zoo-land.az\/wp-content\/uploads\/2024\/06\/15a42e05096b3c52b8ff5511b39e7df8.webp","width":1000,"height":1000},{"@type":"BreadcrumbList","@id":"https:\/\/zoo-land.az\/ru\/shop\/dog\/dog-food\/brit-care-mini-grain-free-adult-lamb-7-kg\/#breadcrumb","itemListElement":[{"@type":"ListItem","position":1,"name":"Home","item":"https:\/\/zoo-land.az\/ru\/"},{"@type":"ListItem","position":2,"name":"Shop","item":"https:\/\/zoo-land.az\/ru\/"},{"@type":"ListItem","position":3,"name":"Brit Care Mini grain Free adult Lamb 7 kg"}]},{"@type":"WebSite","@id":"https:\/\/zoo-land.az\/#website","url":"https:\/\/zoo-land.az\/","name":"Zooland.az","description":"Xo\u015fb\u0259xt ev heyvanlar\u0131n\u0131n \u00fcnvan\u0131 Zooland.az","publisher":{"@id":"https:\/\/zoo-land.az\/#organization"},"potentialAction":[{"@type":"SearchAction","target":{"@type":"EntryPoint","urlTemplate":"https:\/\/zoo-land.az\/?s={search_term_string}"},"query-input":{"@type":"PropertyValueSpecification","valueRequired":true,"valueName":"search_term_string"}}],"inLanguage":"ru-RU"},{"@type":"Organization","@id":"https:\/\/zoo-land.az\/#organization","name":"Zooland.az","url":"https:\/\/zoo-land.az\/","logo":{"@type":"ImageObject","inLanguage":"ru-RU","@id":"https:\/\/zoo-land.az\/#\/schema\/logo\/image\/","url":"https:\/\/zoo-land.az\/wp-content\/uploads\/2022\/05\/logo.svg","contentUrl":"https:\/\/zoo-land.az\/wp-content\/uploads\/2022\/05\/logo.svg","width":113,"height":46,"caption":"Zooland.az"},"image":{"@id":"https:\/\/zoo-land.az\/#\/schema\/logo\/image\/"}}]}},"_links":{"self":[{"href":"https:\/\/zoo-land.az\/ru\/wp-json\/wp\/v2\/product\/22810","targetHints":{"allow":["GET"]}}],"collection":[{"href":"https:\/\/zoo-land.az\/ru\/wp-json\/wp\/v2\/product"}],"about":[{"href":"https:\/\/zoo-land.az\/ru\/wp-json\/wp\/v2\/types\/product"}],"wp:featuredmedia":[{"embeddable":true,"href":"https:\/\/zoo-land.az\/ru\/wp-json\/wp\/v2\/media\/22762"}],"wp:attachment":[{"href":"https:\/\/zoo-land.az\/ru\/wp-json\/wp\/v2\/media?parent=22810"}],"wp:term":[{"taxonomy":"product_cat","embeddable":true,"href":"https:\/\/zoo-land.az\/ru\/wp-json\/wp\/v2\/product_cat?post=22810"},{"taxonomy":"product_tag","embeddable":true,"href":"https:\/\/zoo-land.az\/ru\/wp-json\/wp\/v2\/product_tag?post=22810"}],"curies":[{"name":"wp","href":"https:\/\/api.w.org\/{rel}","templated":true}]}}