{"id":22812,"date":"2024-06-06T12:37:27","date_gmt":"2024-06-06T12:37:27","guid":{"rendered":"https:\/\/lightsteelblue-zebra-299715.hostingersite.com\/?post_type=product&#038;p=22812"},"modified":"2024-06-06T12:37:27","modified_gmt":"2024-06-06T12:37:27","slug":"brit-care-dog-hypoallergenic-adult-large-breed-12-kg","status":"publish","type":"product","link":"https:\/\/zoo-land.az\/ru\/shop\/dog\/dog-food\/brit-care-dog-hypoallergenic-adult-large-breed-12-kg\/","title":{"rendered":"Brit Care \u0434\u043b\u044f \u0441\u043e\u0431\u0430\u043a \u0413\u0438\u043f\u043e\u0430\u043b\u043b\u0435\u0440\u0433\u0435\u043d\u043d\u044b\u0439 \u0432\u0437\u0440\u043e\u0441\u043b\u044b\u0439 \u043a\u0440\u0443\u043f\u043d\u043e\u0439 \u043f\u043e\u0440\u043e\u0434\u044b 12 \u043a\u0433"},"content":{"rendered":"<p><strong>\u0421\u043e\u0441\u0442\u0430\u0432<\/strong><\/p>\n<ul>\n<li>\u041e\u0431\u0435\u0437\u0432\u043e\u0436\u0435\u043d\u043d\u0430\u044f \u0431\u0430\u0440\u0430\u043d\u0438\u043d\u0430 (40%)<\/li>\n<li>\u0420\u0438\u0441 (38%)<\/li>\n<li>\u0421\u0443\u0448\u0435\u043d\u0430\u044f \u043c\u044f\u043a\u043e\u0442\u044c \u044f\u0431\u043b\u043e\u043a\u0430<\/li>\n<li>\u041a\u0443\u0440\u0438\u043d\u044b\u0439 \u0436\u0438\u0440<\/li>\n<li>\u041d\u0430\u0442\u0443\u0440\u0430\u043b\u044c\u043d\u044b\u0439 \u0430\u0440\u043e\u043c\u0430\u0442\u0438\u0437\u0430\u0442\u043e\u0440<\/li>\n<li>\u043f\u0438\u0432\u043d\u044b\u0435 \u0434\u0440\u043e\u0436\u0436\u0438<\/li>\n<li>\u041b\u043e\u0441\u043e\u0441\u0435\u0432\u043e\u0435 \u043c\u0430\u0441\u043b\u043e (21\u0422\u041f3\u0422)<\/li>\n<li>\u0413\u043e\u0440\u043e\u0445\u043e\u0432\u0430\u044f \u043c\u0443\u043a\u0430<\/li>\n<li>\u0413\u043b\u044e\u043a\u043e\u0437\u0430\u043c\u0438\u043d (260 \u043c\u0433\/\u043a\u0433)<\/li>\n<li>\u0424\u0440\u0443\u043a\u0442\u043e\u043e\u043b\u0438\u0433\u043e\u0441\u0430\u0445\u0430\u0440\u0438\u0434\u044b (200 \u043c\u0433\/\u043a\u0433)<\/li>\n<li>\u0425\u043e\u043d\u0434\u0440\u043e\u0438\u0442\u0438\u043d\u0430 \u0441\u0443\u043b\u044c\u0444\u0430\u0442 (200 \u043c\u0433\/\u043a\u0433)<\/li>\n<li>\u041c\u0430\u043d\u043d\u0430\u043d\u043e\u043b\u0438\u0433\u043e\u0441\u0430\u0445\u0430\u0440\u0438\u0434\u044b (150 \u043c\u0433\/\u043a\u0433)<\/li>\n<li>\u042e\u043a\u043a\u0430 \u0428\u0438\u0434\u0438\u0433\u0435\u0440\u0430 (150 \u043c\u0433\/\u043a\u0433)<\/li>\n<li>\u0421\u0435\u043c\u0435\u043d\u0430 \u0440\u0430\u0441\u0442\u043e\u0440\u043e\u043f\u0448\u0438 (90 \u043c\u0433\/\u043a\u0433)<\/li>\n<li>\u03b2-\u0433\u043b\u044e\u043a\u0430\u043d\u044b (50 \u043c\u0433\/\u043a\u0433)<\/li>\n<li>\u041f\u0443\u0441\u0442\u044b\u0440\u043d\u0438\u043a \u0441\u0443\u0448\u0435\u043d\u044b\u0439 (50 \u043c\u0433\/\u043a\u0433)<\/li>\n<li>\u041e\u0431\u043b\u0435\u043f\u0438\u0445\u0430 \u0441\u0443\u0448\u0435\u043d\u0430\u044f (50 \u043c\u0433\/\u043a\u0433)<\/li>\n<li>\u041f\u0440\u043e\u0431\u0438\u043e\u0442\u0438\u043a\u0438 Lactobacillus helveticus HA \u2013 122 \u0438\u043d\u0430\u043a\u0442\u0438\u0432\u0438\u0440\u043e\u0432\u0430\u043d\u043d\u044b\u0435 (15\u00d710^9 \u043a\u043b\u0435\u0442\u043e\u043a\/\u043a\u0433)<\/li>\n<\/ul>\n<p><strong>\u0410\u043d\u0430\u043b\u0438\u0442\u0438\u0447\u0435\u0441\u043a\u0438\u0435 \u043a\u043e\u043c\u043f\u043e\u043d\u0435\u043d\u0442\u044b<\/strong><\/p>\n<ul>\n<li>\u0421\u044b\u0440\u043e\u0439 \u0431\u0435\u043b\u043e\u043a: 26.0%<\/li>\n<li>\u0421\u044b\u0440\u043e\u0439 \u0436\u0438\u0440: 14.0%<\/li>\n<li>\u0412\u043b\u0430\u0436\u043d\u043e\u0441\u0442\u044c: 10.0%<\/li>\n<li>\u0421\u044b\u0440\u0430\u044f \u0437\u043e\u043b\u0430: 7.0%<\/li>\n<li>\u0421\u044b\u0440\u0430\u044f \u043a\u043b\u0435\u0442\u0447\u0430\u0442\u043a\u0430: 3.0%<\/li>\n<li>\u041a\u0430\u043b\u044c\u0446\u0438\u0439: 1.3%<\/li>\n<li>\u0424\u043e\u0441\u0444\u043e\u0440: 0,9%<\/li>\n<li>\u041d\u0430\u0442\u0440\u0438\u0439: 0,4%<\/li>\n<li>\u0416\u0438\u0440\u043d\u044b\u0435 \u043a\u0438\u0441\u043b\u043e\u0442\u044b \u041e\u043c\u0435\u0433\u0430-3: 0,5%.<\/li>\n<li>\u0416\u0438\u0440\u043d\u044b\u0435 \u043a\u0438\u0441\u043b\u043e\u0442\u044b \u041e\u043c\u0435\u0433\u0430-6: 1,7%.<\/li>\n<li>\u042d\u041f\u041a (20:5 n-3): 0,05%<\/li>\n<li>\u0414\u0413\u041a (22:6 n-3): 0,1%<\/li>\n<\/ul>\n<p><strong>\u041f\u0438\u0449\u0435\u0432\u044b\u0435 \u0434\u043e\u0431\u0430\u0432\u043a\u0438<\/strong><\/p>\n<ul>\n<li>\u0412\u0438\u0442\u0430\u043c\u0438\u043d \u0410 (3a672a): 20 000 \u041c\u0415.<\/li>\n<li>\u0412\u0438\u0442\u0430\u043c\u0438\u043d D3 (3a671): 1500 \u041c\u0415.<\/li>\n<li>\u0412\u0438\u0442\u0430\u043c\u0438\u043d \u0415 (3a700): 500 \u043c\u0433<\/li>\n<li>\u0412\u0438\u0442\u0430\u043c\u0438\u043d \u0421 (3a312): 300 \u043c\u0433<\/li>\n<li>\u0422\u0430\u0443\u0440\u0438\u043d (3a370): 1500 \u043c\u0433<\/li>\n<li>\u0425\u043e\u043b\u0438\u043d\u0430 \u0445\u043b\u043e\u0440\u0438\u0434 (3a890): 1800 \u043c\u0433<\/li>\n<li>L-\u043a\u0430\u0440\u043d\u0438\u0442\u0438\u043d (3a910): 250 \u043c\u0433<\/li>\n<li>\u0412\u0438\u0442\u0430\u043c\u0438\u043d B1 (3a821): 2,5 \u043c\u0433<\/li>\n<li>\u0412\u0438\u0442\u0430\u043c\u0438\u043d B2 (3a825i): 9,6 \u043c\u0433<\/li>\n<li>\u0411\u0438\u043e\u0442\u0438\u043d (3a880): 3,5 \u043c\u0433<\/li>\n<li>\u0424\u043e\u043b\u0438\u0435\u0432\u0430\u044f \u043a\u0438\u0441\u043b\u043e\u0442\u0430 (3a316): 1,2 \u043c\u0433<\/li>\n<li>\u0412\u0438\u0442\u0430\u043c\u0438\u043d B6 (3a831): 2,5 \u043c\u0433<\/li>\n<li>D-\u043f\u0430\u043d\u0442\u043e\u0442\u0435\u043d\u0430\u0442 \u043a\u0430\u043b\u044c\u0446\u0438\u044f (3a841): 25 \u043c\u0433<\/li>\n<li>\u041d\u0438\u0430\u0446\u0438\u043d\u0430\u043c\u0438\u0434 (3a315): 32,5 \u043c\u0433<\/li>\n<li>\u0412\u0438\u0442\u0430\u043c\u0438\u043d B12: 0,1 \u043c\u0433<\/li>\n<li>\u0419\u043e\u0434 (3b201): 0,8 \u043c\u0433<\/li>\n<li>\u041e\u0440\u0433\u0430\u043d\u0438\u0447\u0435\u0441\u043a\u0438\u0439 \u0446\u0438\u043d\u043a (3b606): 85 \u043c\u0433<\/li>\n<li>\u041e\u0440\u0433\u0430\u043d\u0438\u0447\u0435\u0441\u043a\u0438\u0439 \u043c\u0430\u0440\u0433\u0430\u043d\u0435\u0446 (3b504): 40 \u043c\u0433<\/li>\n<li>\u041e\u0440\u0433\u0430\u043d\u0438\u0447\u0435\u0441\u043a\u0430\u044f \u043c\u0435\u0434\u044c (3b406): 18 \u043c\u0433<\/li>\n<li>\u041e\u0440\u0433\u0430\u043d\u0438\u0447\u0435\u0441\u043a\u043e\u0435 \u0436\u0435\u043b\u0435\u0437\u043e (3b106): 75 \u043c\u0433<\/li>\n<li>\u041e\u0440\u0433\u0430\u043d\u0438\u0447\u0435\u0441\u043a\u0438\u0439 \u0441\u0435\u043b\u0435\u043d (3b810): 0,16 \u043c\u0433<\/li>\n<li>\u0421\u043e\u0434\u0435\u0440\u0436\u0438\u0442 \u043e\u0434\u043e\u0431\u0440\u0435\u043d\u043d\u044b\u0435 \u0415\u0421 \u0430\u043d\u0442\u0438\u043e\u043a\u0441\u0438\u0434\u0430\u043d\u0442\u044b: \u044d\u043a\u0441\u0442\u0440\u0430\u043a\u0442\u044b \u0442\u043e\u043a\u043e\u0444\u0435\u0440\u043e\u043b\u0430 \u0438\u0437 \u0440\u0430\u0441\u0442\u0438\u0442\u0435\u043b\u044c\u043d\u044b\u0445 \u043c\u0430\u0441\u0435\u043b (1b306(i)), \u0430\u0441\u043a\u043e\u0440\u0431\u0438\u043b\u043f\u0430\u043b\u044c\u043c\u0438\u0442\u0430\u0442 (1b304) \u0438 \u044d\u043a\u0441\u0442\u0440\u0430\u043a\u0442 \u0440\u043e\u0437\u043c\u0430\u0440\u0438\u043d\u0430.<\/li>\n<\/ul>\n<p><strong>\u041c\u0435\u0442\u0430\u0431\u043e\u043b\u0438\u0437\u0438\u0440\u0443\u0435\u043c\u0430\u044f \u044d\u043d\u0435\u0440\u0433\u0438\u044f:<\/strong> 3690 \u043a\u043a\u0430\u043b\/\u043a\u0433<\/p>","protected":false},"excerpt":{"rendered":"<p><strong>\u0421\u043e\u0441\u0442\u0430\u0432<\/strong><\/p>\n<ul>\n<li>\u041e\u0431\u0435\u0437\u0432\u043e\u0436\u0435\u043d\u043d\u0430\u044f \u0431\u0430\u0440\u0430\u043d\u0438\u043d\u0430 (40%)<\/li>\n<li>\u0420\u0438\u0441 (38%)<\/li>\n<li>\u0421\u0443\u0448\u0435\u043d\u0430\u044f \u043c\u044f\u043a\u043e\u0442\u044c \u044f\u0431\u043b\u043e\u043a\u0430<\/li>\n<li>\u041a\u0443\u0440\u0438\u043d\u044b\u0439 \u0436\u0438\u0440<\/li>\n<li>\u041d\u0430\u0442\u0443\u0440\u0430\u043b\u044c\u043d\u044b\u0439 \u0430\u0440\u043e\u043c\u0430\u0442\u0438\u0437\u0430\u0442\u043e\u0440<\/li>\n<li>\u043f\u0438\u0432\u043d\u044b\u0435 \u0434\u0440\u043e\u0436\u0436\u0438<\/li>\n<li>\u041b\u043e\u0441\u043e\u0441\u0435\u0432\u043e\u0435 \u043c\u0430\u0441\u043b\u043e (21\u0422\u041f3\u0422)<\/li>\n<li>\u0413\u043e\u0440\u043e\u0445\u043e\u0432\u0430\u044f \u043c\u0443\u043a\u0430<\/li>\n<li>\u0413\u043b\u044e\u043a\u043e\u0437\u0430\u043c\u0438\u043d (260 \u043c\u0433\/\u043a\u0433)<\/li>\n<li>\u0424\u0440\u0443\u043a\u0442\u043e\u043e\u043b\u0438\u0433\u043e\u0441\u0430\u0445\u0430\u0440\u0438\u0434\u044b (200 \u043c\u0433\/\u043a\u0433)<\/li>\n<li>\u0425\u043e\u043d\u0434\u0440\u043e\u0438\u0442\u0438\u043d\u0430 \u0441\u0443\u043b\u044c\u0444\u0430\u0442 (200 \u043c\u0433\/\u043a\u0433)<\/li>\n<li>\u041c\u0430\u043d\u043d\u0430\u043d\u043e\u043b\u0438\u0433\u043e\u0441\u0430\u0445\u0430\u0440\u0438\u0434\u044b (150 \u043c\u0433\/\u043a\u0433)<\/li>\n<li>\u042e\u043a\u043a\u0430 \u0428\u0438\u0434\u0438\u0433\u0435\u0440\u0430 (150 \u043c\u0433\/\u043a\u0433)<\/li>\n<li>\u0421\u0435\u043c\u0435\u043d\u0430 \u0440\u0430\u0441\u0442\u043e\u0440\u043e\u043f\u0448\u0438 (90 \u043c\u0433\/\u043a\u0433)<\/li>\n<li>\u03b2-\u0433\u043b\u044e\u043a\u0430\u043d\u044b (50 \u043c\u0433\/\u043a\u0433)<\/li>\n<li>\u041f\u0443\u0441\u0442\u044b\u0440\u043d\u0438\u043a \u0441\u0443\u0448\u0435\u043d\u044b\u0439 (50 \u043c\u0433\/\u043a\u0433)<\/li>\n<li>\u041e\u0431\u043b\u0435\u043f\u0438\u0445\u0430 \u0441\u0443\u0448\u0435\u043d\u0430\u044f (50 \u043c\u0433\/\u043a\u0433)<\/li>\n<li>\u041f\u0440\u043e\u0431\u0438\u043e\u0442\u0438\u043a\u0438 Lactobacillus helveticus HA \u2013 122 \u0438\u043d\u0430\u043a\u0442\u0438\u0432\u0438\u0440\u043e\u0432\u0430\u043d\u043d\u044b\u0435 (15\u00d710^9 \u043a\u043b\u0435\u0442\u043e\u043a\/\u043a\u0433)<\/li>\n<\/ul>","protected":false},"featured_media":22751,"template":"","meta":{"inline_featured_image":false,"_joinchat":[]},"product_cat":[132,107],"product_tag":[],"class_list":{"0":"post-22812","1":"product","2":"type-product","3":"status-publish","4":"has-post-thumbnail","6":"product_brand-brit","7":"product_cat-dog-food","8":"product_cat-dog","10":"first","11":"instock","12":"shipping-taxable","13":"purchasable","14":"product-type-simple"},"yoast_head":"<!-- This site is optimized with the Yoast SEO plugin v26.7 - https:\/\/yoast.com\/wordpress\/plugins\/seo\/ -->\n<title>Brit Care dog Hypoallergenic Adult Large breed 12 kg - Zooland.az<\/title>\n<meta name=\"robots\" content=\"index, follow, max-snippet:-1, max-image-preview:large, max-video-preview:-1\" \/>\n<link rel=\"canonical\" href=\"https:\/\/zoo-land.az\/ru\/shop\/dog\/dog-food\/brit-care-dog-hypoallergenic-adult-large-breed-12-kg\/\" \/>\n<meta property=\"og:locale\" content=\"ru_RU\" \/>\n<meta property=\"og:type\" content=\"article\" \/>\n<meta property=\"og:title\" content=\"Brit Care dog Hypoallergenic Adult Large breed 12 kg - Zooland.az\" \/>\n<meta property=\"og:description\" content=\"Composition   Dehydrated lamb (40%)  Rice (38%)  Dried apple pulp  Chicken fat  Natural flavoring  Brewer&#039;s yeast  Salmon oil (2%)  Pea flour  Glucosamine (260 mg\/kg)  Fructo-oligosaccharides (200 mg\/kg)  Chondroitin sulfate (200 mg\/kg)  Mannan-oligosaccharides (150 mg\/kg)  Yucca schidigera (150 mg\/kg)  Milk thistle seeds (90 mg\/kg)  \u03b2-glucans (50 mg\/kg)  Dried motherwort (50 mg\/kg)  Dried sea buckthorn (50 mg\/kg)  Probiotics Lactobacillus helveticus HA \u2013 122 inactivated (15x10^9 cells\/kg)\" \/>\n<meta property=\"og:url\" content=\"https:\/\/zoo-land.az\/ru\/shop\/dog\/dog-food\/brit-care-dog-hypoallergenic-adult-large-breed-12-kg\/\" \/>\n<meta property=\"og:site_name\" content=\"Zooland.az\" \/>\n<meta property=\"og:image\" content=\"https:\/\/zoo-land.az\/wp-content\/uploads\/2024\/06\/100172222_z1.png\" \/>\n\t<meta property=\"og:image:width\" content=\"594\" \/>\n\t<meta property=\"og:image:height\" content=\"800\" \/>\n\t<meta property=\"og:image:type\" content=\"image\/png\" \/>\n<meta name=\"twitter:card\" content=\"summary_large_image\" \/>\n<meta name=\"twitter:label1\" content=\"\u041f\u0440\u0438\u043c\u0435\u0440\u043d\u043e\u0435 \u0432\u0440\u0435\u043c\u044f \u0434\u043b\u044f \u0447\u0442\u0435\u043d\u0438\u044f\" \/>\n\t<meta name=\"twitter:data1\" content=\"1 \u043c\u0438\u043d\u0443\u0442\u0430\" \/>\n<script type=\"application\/ld+json\" class=\"yoast-schema-graph\">{\"@context\":\"https:\/\/schema.org\",\"@graph\":[{\"@type\":\"WebPage\",\"@id\":\"https:\/\/zoo-land.az\/shop\/dog\/dog-food\/brit-care-dog-hypoallergenic-adult-large-breed-12-kg\/\",\"url\":\"https:\/\/zoo-land.az\/shop\/dog\/dog-food\/brit-care-dog-hypoallergenic-adult-large-breed-12-kg\/\",\"name\":\"Brit Care dog Hypoallergenic Adult Large breed 12 kg - Zooland.az\",\"isPartOf\":{\"@id\":\"https:\/\/zoo-land.az\/#website\"},\"primaryImageOfPage\":{\"@id\":\"https:\/\/zoo-land.az\/shop\/dog\/dog-food\/brit-care-dog-hypoallergenic-adult-large-breed-12-kg\/#primaryimage\"},\"image\":{\"@id\":\"https:\/\/zoo-land.az\/shop\/dog\/dog-food\/brit-care-dog-hypoallergenic-adult-large-breed-12-kg\/#primaryimage\"},\"thumbnailUrl\":\"https:\/\/zoo-land.az\/wp-content\/uploads\/2024\/06\/100172222_z1.png\",\"datePublished\":\"2024-06-06T12:37:27+00:00\",\"breadcrumb\":{\"@id\":\"https:\/\/zoo-land.az\/shop\/dog\/dog-food\/brit-care-dog-hypoallergenic-adult-large-breed-12-kg\/#breadcrumb\"},\"inLanguage\":\"ru-RU\",\"potentialAction\":[{\"@type\":\"ReadAction\",\"target\":[\"https:\/\/zoo-land.az\/shop\/dog\/dog-food\/brit-care-dog-hypoallergenic-adult-large-breed-12-kg\/\"]}]},{\"@type\":\"ImageObject\",\"inLanguage\":\"ru-RU\",\"@id\":\"https:\/\/zoo-land.az\/shop\/dog\/dog-food\/brit-care-dog-hypoallergenic-adult-large-breed-12-kg\/#primaryimage\",\"url\":\"https:\/\/zoo-land.az\/wp-content\/uploads\/2024\/06\/100172222_z1.png\",\"contentUrl\":\"https:\/\/zoo-land.az\/wp-content\/uploads\/2024\/06\/100172222_z1.png\",\"width\":594,\"height\":800},{\"@type\":\"BreadcrumbList\",\"@id\":\"https:\/\/zoo-land.az\/shop\/dog\/dog-food\/brit-care-dog-hypoallergenic-adult-large-breed-12-kg\/#breadcrumb\",\"itemListElement\":[{\"@type\":\"ListItem\",\"position\":1,\"name\":\"Home\",\"item\":\"https:\/\/zoo-land.az\/ru\/\"},{\"@type\":\"ListItem\",\"position\":2,\"name\":\"Shop\",\"item\":\"https:\/\/zoo-land.az\/ru\/\"},{\"@type\":\"ListItem\",\"position\":3,\"name\":\"Brit Care dog Hypoallergenic Adult Large breed 12 kg\"}]},{\"@type\":\"WebSite\",\"@id\":\"https:\/\/zoo-land.az\/#website\",\"url\":\"https:\/\/zoo-land.az\/\",\"name\":\"Zooland.az\",\"description\":\"Xo\u015fb\u0259xt ev heyvanlar\u0131n\u0131n \u00fcnvan\u0131 Zooland.az\",\"publisher\":{\"@id\":\"https:\/\/zoo-land.az\/#organization\"},\"potentialAction\":[{\"@type\":\"SearchAction\",\"target\":{\"@type\":\"EntryPoint\",\"urlTemplate\":\"https:\/\/zoo-land.az\/?s={search_term_string}\"},\"query-input\":{\"@type\":\"PropertyValueSpecification\",\"valueRequired\":true,\"valueName\":\"search_term_string\"}}],\"inLanguage\":\"ru-RU\"},{\"@type\":\"Organization\",\"@id\":\"https:\/\/zoo-land.az\/#organization\",\"name\":\"Zooland.az\",\"url\":\"https:\/\/zoo-land.az\/\",\"logo\":{\"@type\":\"ImageObject\",\"inLanguage\":\"ru-RU\",\"@id\":\"https:\/\/zoo-land.az\/#\/schema\/logo\/image\/\",\"url\":\"https:\/\/zoo-land.az\/wp-content\/uploads\/2022\/05\/logo.svg\",\"contentUrl\":\"https:\/\/zoo-land.az\/wp-content\/uploads\/2022\/05\/logo.svg\",\"width\":113,\"height\":46,\"caption\":\"Zooland.az\"},\"image\":{\"@id\":\"https:\/\/zoo-land.az\/#\/schema\/logo\/image\/\"}}]}<\/script>\n<!-- \/ Yoast SEO plugin. -->","yoast_head_json":{"title":"Brit Care dog Hypoallergenic Adult Large breed 12 kg - Zooland.az","robots":{"index":"index","follow":"follow","max-snippet":"max-snippet:-1","max-image-preview":"max-image-preview:large","max-video-preview":"max-video-preview:-1"},"canonical":"https:\/\/zoo-land.az\/ru\/shop\/dog\/dog-food\/brit-care-dog-hypoallergenic-adult-large-breed-12-kg\/","og_locale":"ru_RU","og_type":"article","og_title":"Brit Care dog Hypoallergenic Adult Large breed 12 kg - Zooland.az","og_description":"Composition   Dehydrated lamb (40%)  Rice (38%)  Dried apple pulp  Chicken fat  Natural flavoring  Brewer's yeast  Salmon oil (2%)  Pea flour  Glucosamine (260 mg\/kg)  Fructo-oligosaccharides (200 mg\/kg)  Chondroitin sulfate (200 mg\/kg)  Mannan-oligosaccharides (150 mg\/kg)  Yucca schidigera (150 mg\/kg)  Milk thistle seeds (90 mg\/kg)  \u03b2-glucans (50 mg\/kg)  Dried motherwort (50 mg\/kg)  Dried sea buckthorn (50 mg\/kg)  Probiotics Lactobacillus helveticus HA \u2013 122 inactivated (15x10^9 cells\/kg)","og_url":"https:\/\/zoo-land.az\/ru\/shop\/dog\/dog-food\/brit-care-dog-hypoallergenic-adult-large-breed-12-kg\/","og_site_name":"Zooland.az","og_image":[{"width":594,"height":800,"url":"https:\/\/zoo-land.az\/wp-content\/uploads\/2024\/06\/100172222_z1.png","type":"image\/png"}],"twitter_card":"summary_large_image","twitter_misc":{"\u041f\u0440\u0438\u043c\u0435\u0440\u043d\u043e\u0435 \u0432\u0440\u0435\u043c\u044f \u0434\u043b\u044f \u0447\u0442\u0435\u043d\u0438\u044f":"1 \u043c\u0438\u043d\u0443\u0442\u0430"},"schema":{"@context":"https:\/\/schema.org","@graph":[{"@type":"WebPage","@id":"https:\/\/zoo-land.az\/shop\/dog\/dog-food\/brit-care-dog-hypoallergenic-adult-large-breed-12-kg\/","url":"https:\/\/zoo-land.az\/shop\/dog\/dog-food\/brit-care-dog-hypoallergenic-adult-large-breed-12-kg\/","name":"Brit Care dog Hypoallergenic Adult Large breed 12 kg - Zooland.az","isPartOf":{"@id":"https:\/\/zoo-land.az\/#website"},"primaryImageOfPage":{"@id":"https:\/\/zoo-land.az\/shop\/dog\/dog-food\/brit-care-dog-hypoallergenic-adult-large-breed-12-kg\/#primaryimage"},"image":{"@id":"https:\/\/zoo-land.az\/shop\/dog\/dog-food\/brit-care-dog-hypoallergenic-adult-large-breed-12-kg\/#primaryimage"},"thumbnailUrl":"https:\/\/zoo-land.az\/wp-content\/uploads\/2024\/06\/100172222_z1.png","datePublished":"2024-06-06T12:37:27+00:00","breadcrumb":{"@id":"https:\/\/zoo-land.az\/shop\/dog\/dog-food\/brit-care-dog-hypoallergenic-adult-large-breed-12-kg\/#breadcrumb"},"inLanguage":"ru-RU","potentialAction":[{"@type":"ReadAction","target":["https:\/\/zoo-land.az\/shop\/dog\/dog-food\/brit-care-dog-hypoallergenic-adult-large-breed-12-kg\/"]}]},{"@type":"ImageObject","inLanguage":"ru-RU","@id":"https:\/\/zoo-land.az\/shop\/dog\/dog-food\/brit-care-dog-hypoallergenic-adult-large-breed-12-kg\/#primaryimage","url":"https:\/\/zoo-land.az\/wp-content\/uploads\/2024\/06\/100172222_z1.png","contentUrl":"https:\/\/zoo-land.az\/wp-content\/uploads\/2024\/06\/100172222_z1.png","width":594,"height":800},{"@type":"BreadcrumbList","@id":"https:\/\/zoo-land.az\/shop\/dog\/dog-food\/brit-care-dog-hypoallergenic-adult-large-breed-12-kg\/#breadcrumb","itemListElement":[{"@type":"ListItem","position":1,"name":"Home","item":"https:\/\/zoo-land.az\/ru\/"},{"@type":"ListItem","position":2,"name":"Shop","item":"https:\/\/zoo-land.az\/ru\/"},{"@type":"ListItem","position":3,"name":"Brit Care dog Hypoallergenic Adult Large breed 12 kg"}]},{"@type":"WebSite","@id":"https:\/\/zoo-land.az\/#website","url":"https:\/\/zoo-land.az\/","name":"Zooland.az","description":"Xo\u015fb\u0259xt ev heyvanlar\u0131n\u0131n \u00fcnvan\u0131 Zooland.az","publisher":{"@id":"https:\/\/zoo-land.az\/#organization"},"potentialAction":[{"@type":"SearchAction","target":{"@type":"EntryPoint","urlTemplate":"https:\/\/zoo-land.az\/?s={search_term_string}"},"query-input":{"@type":"PropertyValueSpecification","valueRequired":true,"valueName":"search_term_string"}}],"inLanguage":"ru-RU"},{"@type":"Organization","@id":"https:\/\/zoo-land.az\/#organization","name":"Zooland.az","url":"https:\/\/zoo-land.az\/","logo":{"@type":"ImageObject","inLanguage":"ru-RU","@id":"https:\/\/zoo-land.az\/#\/schema\/logo\/image\/","url":"https:\/\/zoo-land.az\/wp-content\/uploads\/2022\/05\/logo.svg","contentUrl":"https:\/\/zoo-land.az\/wp-content\/uploads\/2022\/05\/logo.svg","width":113,"height":46,"caption":"Zooland.az"},"image":{"@id":"https:\/\/zoo-land.az\/#\/schema\/logo\/image\/"}}]}},"_links":{"self":[{"href":"https:\/\/zoo-land.az\/ru\/wp-json\/wp\/v2\/product\/22812","targetHints":{"allow":["GET"]}}],"collection":[{"href":"https:\/\/zoo-land.az\/ru\/wp-json\/wp\/v2\/product"}],"about":[{"href":"https:\/\/zoo-land.az\/ru\/wp-json\/wp\/v2\/types\/product"}],"wp:featuredmedia":[{"embeddable":true,"href":"https:\/\/zoo-land.az\/ru\/wp-json\/wp\/v2\/media\/22751"}],"wp:attachment":[{"href":"https:\/\/zoo-land.az\/ru\/wp-json\/wp\/v2\/media?parent=22812"}],"wp:term":[{"taxonomy":"product_cat","embeddable":true,"href":"https:\/\/zoo-land.az\/ru\/wp-json\/wp\/v2\/product_cat?post=22812"},{"taxonomy":"product_tag","embeddable":true,"href":"https:\/\/zoo-land.az\/ru\/wp-json\/wp\/v2\/product_tag?post=22812"}],"curies":[{"name":"wp","href":"https:\/\/api.w.org\/{rel}","templated":true}]}}