{"id":22813,"date":"2024-06-06T12:46:02","date_gmt":"2024-06-06T12:46:02","guid":{"rendered":"https:\/\/lightsteelblue-zebra-299715.hostingersite.com\/?post_type=product&#038;p=22813"},"modified":"2024-06-06T12:46:02","modified_gmt":"2024-06-06T12:46:02","slug":"brit-care-dog-hypoallergenic-adult-medium-breed-12-kg","status":"publish","type":"product","link":"https:\/\/zoo-land.az\/ru\/shop\/dog\/dog-food\/brit-care-dog-hypoallergenic-adult-medium-breed-12-kg\/","title":{"rendered":"Brit Care \u0434\u043b\u044f \u0441\u043e\u0431\u0430\u043a \u0413\u0438\u043f\u043e\u0430\u043b\u043b\u0435\u0440\u0433\u0435\u043d\u043d\u044b\u0439 \u0432\u0437\u0440\u043e\u0441\u043b\u044b\u0439 \u0441\u0440\u0435\u0434\u043d\u0435\u0439 \u043f\u043e\u0440\u043e\u0434\u044b 12 \u043a\u0433"},"content":{"rendered":"<p><strong>Probiotics<\/strong> (inactivated lactobacilli with para-probiotic effects) support the growth of positive bacteria in the intestine, thereby stimulating and enhancing the body&#8217;s natural immunity.<\/p>\n<p><strong>Salmon oil and sea buckthorn<\/strong> are excellent sources of fatty acids and natural antioxidants essential for harmonizing, protecting, and maintaining the perfect appearance of the skin and coat.<\/p>\n<p><strong>Lamb<\/strong> contains a balanced ratio of essential amino acids that help maintain the perfect condition of muscles and tissues.<\/p>\n<p><strong>Selected protein sources<\/strong> are among non-allergenic proteins, which minimize the risk of allergic reactions.<\/p>\n<p><strong>Low fat content<\/strong> supports excellent condition without the risk of weight gain.<\/p>\n<p><strong>Milk thistle<\/strong> supports liver health and detoxifies the body.<\/p>","protected":false},"excerpt":{"rendered":"<p><strong>Probiotics<\/strong> (inactivated lactobacilli with para-probiotic effects) support the growth of positive bacteria in the intestine, thereby stimulating and enhancing the body&#8217;s natural immunity.<\/p>\n<p><strong>Salmon oil and sea buckthorn<\/strong> are excellent sources of fatty acids and natural antioxidants essential for harmonizing, protecting, and maintaining the perfect appearance of the skin and coat.<\/p>\n<p><strong>Lamb<\/strong> contains a balanced ratio of essential amino acids that help maintain the perfect condition of muscles and tissues.<\/p>\n<p><strong>Selected protein sources<\/strong> are among non-allergenic proteins, which minimize the risk of allergic reactions.<\/p>\n<p><strong>Low fat content<\/strong> supports excellent condition without the risk of weight gain.<\/p>\n<p><strong>Milk thistle<\/strong> supports liver health and detoxifies the body.<\/p>","protected":false},"featured_media":22745,"template":"","meta":{"inline_featured_image":false,"_joinchat":[]},"product_cat":[132,107],"product_tag":[],"class_list":{"0":"post-22813","1":"product","2":"type-product","3":"status-publish","4":"has-post-thumbnail","6":"product_brand-brit","7":"product_cat-dog-food","8":"product_cat-dog","10":"first","11":"instock","12":"shipping-taxable","13":"purchasable","14":"product-type-simple"},"yoast_head":"<!-- This site is optimized with the Yoast SEO plugin v26.7 - https:\/\/yoast.com\/wordpress\/plugins\/seo\/ -->\n<title>Brit Care dog Hypoallergenic Adult Medium breed 12 kg - Zooland.az<\/title>\n<meta name=\"robots\" content=\"index, follow, max-snippet:-1, max-image-preview:large, max-video-preview:-1\" \/>\n<link rel=\"canonical\" href=\"https:\/\/zoo-land.az\/ru\/shop\/dog\/dog-food\/brit-care-dog-hypoallergenic-adult-medium-breed-12-kg\/\" \/>\n<meta property=\"og:locale\" content=\"ru_RU\" \/>\n<meta property=\"og:type\" content=\"article\" \/>\n<meta property=\"og:title\" content=\"Brit Care dog Hypoallergenic Adult Medium breed 12 kg - Zooland.az\" \/>\n<meta property=\"og:description\" content=\"Probiotics (inactivated lactobacilli with para-probiotic effects) support the growth of positive bacteria in the intestine, thereby stimulating and enhancing the body&#039;s natural immunity.  Salmon oil and sea buckthorn are excellent sources of fatty acids and natural antioxidants essential for harmonizing, protecting, and maintaining the perfect appearance of the skin and coat.  Lamb contains a balanced ratio of essential amino acids that help maintain the perfect condition of muscles and tissues.  Selected protein sources are among non-allergenic proteins, which minimize the risk of allergic reactions.  Low fat content supports excellent condition without the risk of weight gain.  Milk thistle supports liver health and detoxifies the body.\" \/>\n<meta property=\"og:url\" content=\"https:\/\/zoo-land.az\/ru\/shop\/dog\/dog-food\/brit-care-dog-hypoallergenic-adult-medium-breed-12-kg\/\" \/>\n<meta property=\"og:site_name\" content=\"Zooland.az\" \/>\n<meta property=\"og:image\" content=\"https:\/\/zoo-land.az\/wp-content\/uploads\/2024\/06\/12kg_AMB__43072.jpg\" \/>\n\t<meta property=\"og:image:width\" content=\"949\" \/>\n\t<meta property=\"og:image:height\" content=\"1280\" \/>\n\t<meta property=\"og:image:type\" content=\"image\/jpeg\" \/>\n<meta name=\"twitter:card\" content=\"summary_large_image\" \/>\n<meta name=\"twitter:label1\" content=\"\u041f\u0440\u0438\u043c\u0435\u0440\u043d\u043e\u0435 \u0432\u0440\u0435\u043c\u044f \u0434\u043b\u044f \u0447\u0442\u0435\u043d\u0438\u044f\" \/>\n\t<meta name=\"twitter:data1\" content=\"1 \u043c\u0438\u043d\u0443\u0442\u0430\" \/>\n<script type=\"application\/ld+json\" class=\"yoast-schema-graph\">{\"@context\":\"https:\/\/schema.org\",\"@graph\":[{\"@type\":\"WebPage\",\"@id\":\"https:\/\/zoo-land.az\/ru\/shop\/dog\/dog-food\/brit-care-dog-hypoallergenic-adult-medium-breed-12-kg\/\",\"url\":\"https:\/\/zoo-land.az\/ru\/shop\/dog\/dog-food\/brit-care-dog-hypoallergenic-adult-medium-breed-12-kg\/\",\"name\":\"Brit Care dog Hypoallergenic Adult Medium breed 12 kg - Zooland.az\",\"isPartOf\":{\"@id\":\"https:\/\/zoo-land.az\/#website\"},\"primaryImageOfPage\":{\"@id\":\"https:\/\/zoo-land.az\/ru\/shop\/dog\/dog-food\/brit-care-dog-hypoallergenic-adult-medium-breed-12-kg\/#primaryimage\"},\"image\":{\"@id\":\"https:\/\/zoo-land.az\/ru\/shop\/dog\/dog-food\/brit-care-dog-hypoallergenic-adult-medium-breed-12-kg\/#primaryimage\"},\"thumbnailUrl\":\"https:\/\/zoo-land.az\/wp-content\/uploads\/2024\/06\/12kg_AMB__43072.jpg\",\"datePublished\":\"2024-06-06T12:46:02+00:00\",\"breadcrumb\":{\"@id\":\"https:\/\/zoo-land.az\/ru\/shop\/dog\/dog-food\/brit-care-dog-hypoallergenic-adult-medium-breed-12-kg\/#breadcrumb\"},\"inLanguage\":\"ru-RU\",\"potentialAction\":[{\"@type\":\"ReadAction\",\"target\":[\"https:\/\/zoo-land.az\/ru\/shop\/dog\/dog-food\/brit-care-dog-hypoallergenic-adult-medium-breed-12-kg\/\"]}]},{\"@type\":\"ImageObject\",\"inLanguage\":\"ru-RU\",\"@id\":\"https:\/\/zoo-land.az\/ru\/shop\/dog\/dog-food\/brit-care-dog-hypoallergenic-adult-medium-breed-12-kg\/#primaryimage\",\"url\":\"https:\/\/zoo-land.az\/wp-content\/uploads\/2024\/06\/12kg_AMB__43072.jpg\",\"contentUrl\":\"https:\/\/zoo-land.az\/wp-content\/uploads\/2024\/06\/12kg_AMB__43072.jpg\",\"width\":949,\"height\":1280},{\"@type\":\"BreadcrumbList\",\"@id\":\"https:\/\/zoo-land.az\/ru\/shop\/dog\/dog-food\/brit-care-dog-hypoallergenic-adult-medium-breed-12-kg\/#breadcrumb\",\"itemListElement\":[{\"@type\":\"ListItem\",\"position\":1,\"name\":\"Home\",\"item\":\"https:\/\/zoo-land.az\/ru\/\"},{\"@type\":\"ListItem\",\"position\":2,\"name\":\"Shop\",\"item\":\"https:\/\/zoo-land.az\/ru\/\"},{\"@type\":\"ListItem\",\"position\":3,\"name\":\"Brit Care dog Hypoallergenic Adult Medium breed 12 kg\"}]},{\"@type\":\"WebSite\",\"@id\":\"https:\/\/zoo-land.az\/#website\",\"url\":\"https:\/\/zoo-land.az\/\",\"name\":\"Zooland.az\",\"description\":\"Xo\u015fb\u0259xt ev heyvanlar\u0131n\u0131n \u00fcnvan\u0131 Zooland.az\",\"publisher\":{\"@id\":\"https:\/\/zoo-land.az\/#organization\"},\"potentialAction\":[{\"@type\":\"SearchAction\",\"target\":{\"@type\":\"EntryPoint\",\"urlTemplate\":\"https:\/\/zoo-land.az\/?s={search_term_string}\"},\"query-input\":{\"@type\":\"PropertyValueSpecification\",\"valueRequired\":true,\"valueName\":\"search_term_string\"}}],\"inLanguage\":\"ru-RU\"},{\"@type\":\"Organization\",\"@id\":\"https:\/\/zoo-land.az\/#organization\",\"name\":\"Zooland.az\",\"url\":\"https:\/\/zoo-land.az\/\",\"logo\":{\"@type\":\"ImageObject\",\"inLanguage\":\"ru-RU\",\"@id\":\"https:\/\/zoo-land.az\/#\/schema\/logo\/image\/\",\"url\":\"https:\/\/zoo-land.az\/wp-content\/uploads\/2022\/05\/logo.svg\",\"contentUrl\":\"https:\/\/zoo-land.az\/wp-content\/uploads\/2022\/05\/logo.svg\",\"width\":113,\"height\":46,\"caption\":\"Zooland.az\"},\"image\":{\"@id\":\"https:\/\/zoo-land.az\/#\/schema\/logo\/image\/\"}}]}<\/script>\n<!-- \/ Yoast SEO plugin. -->","yoast_head_json":{"title":"Brit Care dog Hypoallergenic Adult Medium breed 12 kg - Zooland.az","robots":{"index":"index","follow":"follow","max-snippet":"max-snippet:-1","max-image-preview":"max-image-preview:large","max-video-preview":"max-video-preview:-1"},"canonical":"https:\/\/zoo-land.az\/ru\/shop\/dog\/dog-food\/brit-care-dog-hypoallergenic-adult-medium-breed-12-kg\/","og_locale":"ru_RU","og_type":"article","og_title":"Brit Care dog Hypoallergenic Adult Medium breed 12 kg - Zooland.az","og_description":"Probiotics (inactivated lactobacilli with para-probiotic effects) support the growth of positive bacteria in the intestine, thereby stimulating and enhancing the body's natural immunity.  Salmon oil and sea buckthorn are excellent sources of fatty acids and natural antioxidants essential for harmonizing, protecting, and maintaining the perfect appearance of the skin and coat.  Lamb contains a balanced ratio of essential amino acids that help maintain the perfect condition of muscles and tissues.  Selected protein sources are among non-allergenic proteins, which minimize the risk of allergic reactions.  Low fat content supports excellent condition without the risk of weight gain.  Milk thistle supports liver health and detoxifies the body.","og_url":"https:\/\/zoo-land.az\/ru\/shop\/dog\/dog-food\/brit-care-dog-hypoallergenic-adult-medium-breed-12-kg\/","og_site_name":"Zooland.az","og_image":[{"width":949,"height":1280,"url":"https:\/\/zoo-land.az\/wp-content\/uploads\/2024\/06\/12kg_AMB__43072.jpg","type":"image\/jpeg"}],"twitter_card":"summary_large_image","twitter_misc":{"\u041f\u0440\u0438\u043c\u0435\u0440\u043d\u043e\u0435 \u0432\u0440\u0435\u043c\u044f \u0434\u043b\u044f \u0447\u0442\u0435\u043d\u0438\u044f":"1 \u043c\u0438\u043d\u0443\u0442\u0430"},"schema":{"@context":"https:\/\/schema.org","@graph":[{"@type":"WebPage","@id":"https:\/\/zoo-land.az\/ru\/shop\/dog\/dog-food\/brit-care-dog-hypoallergenic-adult-medium-breed-12-kg\/","url":"https:\/\/zoo-land.az\/ru\/shop\/dog\/dog-food\/brit-care-dog-hypoallergenic-adult-medium-breed-12-kg\/","name":"Brit Care dog Hypoallergenic Adult Medium breed 12 kg - Zooland.az","isPartOf":{"@id":"https:\/\/zoo-land.az\/#website"},"primaryImageOfPage":{"@id":"https:\/\/zoo-land.az\/ru\/shop\/dog\/dog-food\/brit-care-dog-hypoallergenic-adult-medium-breed-12-kg\/#primaryimage"},"image":{"@id":"https:\/\/zoo-land.az\/ru\/shop\/dog\/dog-food\/brit-care-dog-hypoallergenic-adult-medium-breed-12-kg\/#primaryimage"},"thumbnailUrl":"https:\/\/zoo-land.az\/wp-content\/uploads\/2024\/06\/12kg_AMB__43072.jpg","datePublished":"2024-06-06T12:46:02+00:00","breadcrumb":{"@id":"https:\/\/zoo-land.az\/ru\/shop\/dog\/dog-food\/brit-care-dog-hypoallergenic-adult-medium-breed-12-kg\/#breadcrumb"},"inLanguage":"ru-RU","potentialAction":[{"@type":"ReadAction","target":["https:\/\/zoo-land.az\/ru\/shop\/dog\/dog-food\/brit-care-dog-hypoallergenic-adult-medium-breed-12-kg\/"]}]},{"@type":"ImageObject","inLanguage":"ru-RU","@id":"https:\/\/zoo-land.az\/ru\/shop\/dog\/dog-food\/brit-care-dog-hypoallergenic-adult-medium-breed-12-kg\/#primaryimage","url":"https:\/\/zoo-land.az\/wp-content\/uploads\/2024\/06\/12kg_AMB__43072.jpg","contentUrl":"https:\/\/zoo-land.az\/wp-content\/uploads\/2024\/06\/12kg_AMB__43072.jpg","width":949,"height":1280},{"@type":"BreadcrumbList","@id":"https:\/\/zoo-land.az\/ru\/shop\/dog\/dog-food\/brit-care-dog-hypoallergenic-adult-medium-breed-12-kg\/#breadcrumb","itemListElement":[{"@type":"ListItem","position":1,"name":"Home","item":"https:\/\/zoo-land.az\/ru\/"},{"@type":"ListItem","position":2,"name":"Shop","item":"https:\/\/zoo-land.az\/ru\/"},{"@type":"ListItem","position":3,"name":"Brit Care dog Hypoallergenic Adult Medium breed 12 kg"}]},{"@type":"WebSite","@id":"https:\/\/zoo-land.az\/#website","url":"https:\/\/zoo-land.az\/","name":"Zooland.az","description":"Xo\u015fb\u0259xt ev heyvanlar\u0131n\u0131n \u00fcnvan\u0131 Zooland.az","publisher":{"@id":"https:\/\/zoo-land.az\/#organization"},"potentialAction":[{"@type":"SearchAction","target":{"@type":"EntryPoint","urlTemplate":"https:\/\/zoo-land.az\/?s={search_term_string}"},"query-input":{"@type":"PropertyValueSpecification","valueRequired":true,"valueName":"search_term_string"}}],"inLanguage":"ru-RU"},{"@type":"Organization","@id":"https:\/\/zoo-land.az\/#organization","name":"Zooland.az","url":"https:\/\/zoo-land.az\/","logo":{"@type":"ImageObject","inLanguage":"ru-RU","@id":"https:\/\/zoo-land.az\/#\/schema\/logo\/image\/","url":"https:\/\/zoo-land.az\/wp-content\/uploads\/2022\/05\/logo.svg","contentUrl":"https:\/\/zoo-land.az\/wp-content\/uploads\/2022\/05\/logo.svg","width":113,"height":46,"caption":"Zooland.az"},"image":{"@id":"https:\/\/zoo-land.az\/#\/schema\/logo\/image\/"}}]}},"_links":{"self":[{"href":"https:\/\/zoo-land.az\/ru\/wp-json\/wp\/v2\/product\/22813","targetHints":{"allow":["GET"]}}],"collection":[{"href":"https:\/\/zoo-land.az\/ru\/wp-json\/wp\/v2\/product"}],"about":[{"href":"https:\/\/zoo-land.az\/ru\/wp-json\/wp\/v2\/types\/product"}],"wp:featuredmedia":[{"embeddable":true,"href":"https:\/\/zoo-land.az\/ru\/wp-json\/wp\/v2\/media\/22745"}],"wp:attachment":[{"href":"https:\/\/zoo-land.az\/ru\/wp-json\/wp\/v2\/media?parent=22813"}],"wp:term":[{"taxonomy":"product_cat","embeddable":true,"href":"https:\/\/zoo-land.az\/ru\/wp-json\/wp\/v2\/product_cat?post=22813"},{"taxonomy":"product_tag","embeddable":true,"href":"https:\/\/zoo-land.az\/ru\/wp-json\/wp\/v2\/product_tag?post=22813"}],"curies":[{"name":"wp","href":"https:\/\/api.w.org\/{rel}","templated":true}]}}